{"id":54772,"date":"2023-10-11T20:37:36","date_gmt":"2023-10-11T18:37:36","guid":{"rendered":"https:\/\/alice.ch\/?page_id=54772"},"modified":"2025-09-22T14:48:25","modified_gmt":"2025-09-22T12:48:25","slug":"inserat-in-der-ep","status":"publish","type":"page","link":"https:\/\/alice.ch\/de\/dienstleistungen\/werbung-platzieren\/inserat-in-der-ep\/","title":{"rendered":"Inserat in der EP"},"content":{"rendered":"\n<div class=\"wp-block-group is-style-reduced-width is-layout-flow wp-block-group-is-layout-flow\">\n<div class=\"wp-block-group is-style-default is-layout-constrained wp-block-group-is-layout-constrained\">\n<h1 class=\"wp-block-heading\">EP-Inserate und Beilagen reservieren<\/h1>\n\n\n\n<p>Die \u00ab<a href=\"https:\/\/alice.ch\/de\/aktuell\/zeitschrift-education-permante\/\">Education Permanent<\/a><a href=\"https:\/\/alice.ch\/de\/aktuell\/zeitschrift-education-permanente\/\">e<\/a>\u00bb (EP) ist die einzige Fachzeitschrift f\u00fcr Weiterbildung in der Schweiz. Sie wird seit 1967 vom SVEB herausgegeben. Jede Aufgabe enth\u00e4lt ein wissenschaftsbasiertes Themendossier sowie praxisorientierte Beitr\u00e4ge und einen Serviceteil mit Kurzinformationen sowie Lesetipps.&nbsp;<\/p>\n\n\n\n<p>Die EP erscheint zweimal j\u00e4hrlich als Print- und Onlinezeitschrift in Deutsch und Franz\u00f6sisch. Ausgew\u00e4hlte Beitr\u00e4ge werden zudem online in Italienisch publiziert. Die Online-Ausgabe ist kostenlos frei zug\u00e4nglich.<\/p>\n\n\n\n<p>Die Fachzeitschrift richtet sich an Fachleute, die in der Planung, Entwicklung und Umsetzung von Weiterbildungsangeboten t\u00e4tig sind sowie an Entscheidungstr\u00e4ger, die sich mit Bildungsthemen befassen. Angesprochen sind dar\u00fcber hinaus alle, die sich f\u00fcr die Zukunft der Bildung interessieren.&nbsp;<a href=\"https:\/\/alice.ch\/de\/sveb\/mitgliedschaft\/\">Mitglieder des SVEB<\/a> erhalten die Fachzeitschrift kostenlos.<\/p>\n\n\n\n<h2 class=\"wp-block-heading\">Termine<\/h2>\n\n\n\n<figure class=\"wp-block-table is-style-stripes\"><table><tbody><tr><td><strong>Ausgabe<\/strong><\/td><td><strong>Annahme-Schluss<\/strong><\/td><td><strong>Publikation<\/strong><\/td><\/tr><tr><td>EP 2025-2<\/td><td>26.09.2025<\/td><td>Ende November 2025<\/td><\/tr><tr><td>EP 2026-1<\/td><td>27.03.2026<\/td><td>Mai 2026<\/td><\/tr><tr><td>EP 2026-2<\/td><td>25.09.2026<\/td><td>November 2026<\/td><\/tr><\/tbody><\/table><\/figure>\n<\/div>\n\n\n\n<p><\/p>\n\n\n\n<h2 class=\"wp-block-heading\">Preise<\/h2>\n\n\n\n<p>(in CHF)<\/p>\n\n\n\n<div class=\"wp-block-group is-style-default is-layout-constrained wp-block-group-is-layout-constrained\">\n<figure class=\"wp-block-table is-style-stripes\"><table><tbody><tr><td><strong>Deutsche Ausgabe<\/strong><\/td><td>Inserat 1\/1 Seite 3. US (159 x 219 mm)<\/td><td>1800.\u2013<\/td><\/tr><tr><td><\/td><td>Inserat 1\/1 Seite (139 x 209 mm)<\/td><td>1200.\u2013<\/td><\/tr><tr><td><\/td><td>Inserat 1\/2 Seite (139 x 102 mm)<\/td><td>750.\u2013<\/td><\/tr><tr><td><\/td><td>Publireportage 1\/1 Seite<\/td><td>1400.\u2013<\/td><\/tr><tr><td><\/td><td>Publireportage Doppelseite<\/td><td>2400.\u2013<\/td><\/tr><tr><td><\/td><td>Beilage (1200 Ex.)<\/td><td>900.\u2013<\/td><\/tr><tr><td><strong>Franz\u00f6sische Ausgabe<\/strong><\/td><td>Inserat 1\/1 Seite 3. US (159 x 219 mm)<\/td><td>600.\u2013<\/td><\/tr><tr><td><\/td><td>Inserat 1\/1 Seite (139 x 209 mm)<\/td><td>400.\u2013<\/td><\/tr><tr><td><\/td><td>Inserat 1\/2 Seite (139 x 102 mm)<\/td><td>250.\u2013<\/td><\/tr><tr><td><\/td><td>Publireportage 1\/1 Seite<\/td><td>400.\u2013<\/td><\/tr><tr><td><\/td><td>Publireportage Doppelseite<\/td><td>800.\u2013<\/td><\/tr><tr><td><\/td><td>Beilage (500 Ex.)<\/td><td>300.\u2013<\/td><\/tr><tr><td><strong>Kombiniert: <br>Deutsch und franz\u00f6sische Ausgabe<\/strong><\/td><td>Beilage (1700 Ex.)<\/td><td>1200.\u2013<\/td><\/tr><\/tbody><\/table><\/figure>\n\n\n\n<p><\/p>\n\n\n\n<p>Geben Sie uns Ihre W\u00fcnsche genau an. Wir werden mit Ihnen Zeitraum und Platzierung umgehend abstimmen.<\/p>\n\n\n\n<div class=\"wp-block-contact-form-7-contact-form-selector\">\n<div class=\"wpcf7 no-js\" id=\"wpcf7-f17481-o1\" lang=\"de-DE\" dir=\"ltr\" data-wpcf7-id=\"17481\">\n<div class=\"screen-reader-response\"><p role=\"status\" aria-live=\"polite\" aria-atomic=\"true\"><\/p> <ul><\/ul><\/div>\n<form action=\"\/de\/wp-json\/wp\/v2\/pages\/54772#wpcf7-f17481-o1\" method=\"post\" class=\"wpcf7-form init\" aria-label=\"Kontaktformular\" novalidate=\"novalidate\" data-status=\"init\">\n<fieldset class=\"hidden-fields-container\"><input type=\"hidden\" name=\"_wpcf7\" value=\"17481\" \/><input type=\"hidden\" name=\"_wpcf7_version\" value=\"6.1.5\" \/><input type=\"hidden\" name=\"_wpcf7_locale\" value=\"de_DE\" \/><input type=\"hidden\" name=\"_wpcf7_unit_tag\" value=\"wpcf7-f17481-o1\" \/><input type=\"hidden\" name=\"_wpcf7_container_post\" value=\"0\" \/><input type=\"hidden\" name=\"_wpcf7_posted_data_hash\" value=\"\" \/>\n<\/fieldset>\n<p><label>Welche Ausgabe w\u00fcnschen Sie?*<\/label><br \/>\n<span class=\"wpcf7-form-control-wrap\" data-name=\"EP-Ausgabe-checkbox-382\"><span class=\"wpcf7-form-control wpcf7-checkbox wpcf7-validates-as-required\"><span class=\"wpcf7-list-item first\"><label><input type=\"checkbox\" name=\"EP-Ausgabe-checkbox-382[]\" value=\"EP 2025-1 (Fr\u00fchling)\" \/><span class=\"wpcf7-list-item-label\">EP 2025-1 (Fr\u00fchling)<\/span><\/label><\/span><span class=\"wpcf7-list-item last\"><label><input type=\"checkbox\" name=\"EP-Ausgabe-checkbox-382[]\" value=\"EP 2025-2 (Herbst)\" \/><span class=\"wpcf7-list-item-label\">EP 2025-2 (Herbst)<\/span><\/label><\/span><\/span><\/span>\n<\/p>\n<p><label>Welche Sprachversion w\u00fcnschen Sie?*<\/label><br \/>\n<span class=\"wpcf7-form-control-wrap\" data-name=\"SprachversionEPcheckbox-705\"><span class=\"wpcf7-form-control wpcf7-checkbox wpcf7-validates-as-required\"><span class=\"wpcf7-list-item first\"><label><input type=\"checkbox\" name=\"SprachversionEPcheckbox-705[]\" value=\"Deutsch\" \/><span class=\"wpcf7-list-item-label\">Deutsch<\/span><\/label><\/span><span class=\"wpcf7-list-item last\"><label><input type=\"checkbox\" name=\"SprachversionEPcheckbox-705[]\" value=\"Franz\u00f6sisch\" \/><span class=\"wpcf7-list-item-label\">Franz\u00f6sisch<\/span><\/label><\/span><\/span><\/span>\n<\/p>\n<p><label>Welches Format w\u00fcnschen Sie?*<\/label><br \/>\n<span class=\"wpcf7-form-control-wrap\" data-name=\"EP-Formatversionen\"><span class=\"wpcf7-form-control wpcf7-checkbox wpcf7-validates-as-required\"><span class=\"wpcf7-list-item first\"><label><input type=\"checkbox\" name=\"EP-Formatversionen[]\" value=\"Inserat 1\/1 Seite 3. US (159 x 219 mm)\" \/><span class=\"wpcf7-list-item-label\">Inserat 1\/1 Seite 3. US (159 x 219 mm)<\/span><\/label><\/span><span class=\"wpcf7-list-item\"><label><input type=\"checkbox\" name=\"EP-Formatversionen[]\" value=\"Inserat 1\/1 Seite (139 x 209 mm)\" \/><span class=\"wpcf7-list-item-label\">Inserat 1\/1 Seite (139 x 209 mm)<\/span><\/label><\/span><span class=\"wpcf7-list-item\"><label><input type=\"checkbox\" name=\"EP-Formatversionen[]\" value=\"Inserat 1\/2 Seite (139 x 102 mm)\" \/><span class=\"wpcf7-list-item-label\">Inserat 1\/2 Seite (139 x 102 mm)<\/span><\/label><\/span><span class=\"wpcf7-list-item\"><label><input type=\"checkbox\" name=\"EP-Formatversionen[]\" value=\"Publireportage 1\/1 Seite\" \/><span class=\"wpcf7-list-item-label\">Publireportage 1\/1 Seite<\/span><\/label><\/span><span class=\"wpcf7-list-item\"><label><input type=\"checkbox\" name=\"EP-Formatversionen[]\" value=\"Publireportage Doppelseite\" \/><span class=\"wpcf7-list-item-label\">Publireportage Doppelseite<\/span><\/label><\/span><span class=\"wpcf7-list-item\"><label><input type=\"checkbox\" name=\"EP-Formatversionen[]\" value=\"Beilage D-CH (1&#039;200 Ex.)\" \/><span class=\"wpcf7-list-item-label\">Beilage D-CH (1&#039;200 Ex.)<\/span><\/label><\/span><span class=\"wpcf7-list-item last\"><label><input type=\"checkbox\" name=\"EP-Formatversionen[]\" value=\"Beilage F-CH (500 Ex.)\" \/><span class=\"wpcf7-list-item-label\">Beilage F-CH (500 Ex.)<\/span><\/label><\/span><\/span><\/span>\n<\/p>\n<p><label>Organisation*<br \/>\n<span class=\"wpcf7-form-control-wrap\" data-name=\"your-organisation\"><input size=\"40\" maxlength=\"400\" class=\"wpcf7-form-control wpcf7-text wpcf7-validates-as-required\" aria-required=\"true\" aria-invalid=\"false\" placeholder=\"Musterfirma\" value=\"\" type=\"text\" name=\"your-organisation\" \/><\/span><\/label><br \/>\n<label>Anrede*<br \/>\n<span class=\"wpcf7-form-control-wrap\" data-name=\"salutation\"><input size=\"40\" maxlength=\"400\" class=\"wpcf7-form-control wpcf7-text wpcf7-validates-as-required\" aria-required=\"true\" aria-invalid=\"false\" placeholder=\"Frau\" value=\"\" type=\"text\" name=\"salutation\" \/><\/span><\/label><br \/>\n<label>Vorname*<br \/>\n<span class=\"wpcf7-form-control-wrap\" data-name=\"your-forename\"><input size=\"40\" maxlength=\"400\" class=\"wpcf7-form-control wpcf7-text wpcf7-validates-as-required\" aria-required=\"true\" aria-invalid=\"false\" placeholder=\"Petra\" value=\"\" type=\"text\" name=\"your-forename\" \/><\/span><\/label><br \/>\n<label>Nachname*<br \/>\n<span class=\"wpcf7-form-control-wrap\" data-name=\"your-name\"><input size=\"40\" maxlength=\"400\" class=\"wpcf7-form-control wpcf7-text wpcf7-validates-as-required\" aria-required=\"true\" aria-invalid=\"false\" placeholder=\"Muster\" value=\"\" type=\"text\" name=\"your-name\" \/><\/span><\/label><br \/>\n<label>Strasse und Nr.*<br \/>\n<span class=\"wpcf7-form-control-wrap\" data-name=\"Strasse\"><input size=\"40\" maxlength=\"400\" class=\"wpcf7-form-control wpcf7-text\" aria-invalid=\"false\" placeholder=\"Musterstrasse 5\" value=\"\" type=\"text\" name=\"Strasse\" \/><\/span><\/label><br \/>\n<label>PLZ und Ort*<br \/>\n<span class=\"wpcf7-form-control-wrap\" data-name=\"PLZ\"><input size=\"40\" maxlength=\"400\" class=\"wpcf7-form-control wpcf7-text\" aria-invalid=\"false\" placeholder=\"8005 Z\u00fcrich\" value=\"\" type=\"text\" name=\"PLZ\" \/><\/span><\/label><br \/>\n<label>Telefonnummer*<br \/>\n<span class=\"wpcf7-form-control-wrap\" data-name=\"tel-203\"><input size=\"40\" maxlength=\"400\" class=\"wpcf7-form-control wpcf7-tel wpcf7-validates-as-required wpcf7-text wpcf7-validates-as-tel\" aria-required=\"true\" aria-invalid=\"false\" placeholder=\"+41 (0)44 319 71 71\" value=\"\" type=\"tel\" name=\"tel-203\" \/><\/span><\/label><br \/>\n<label>E-Mail-Adresse*<br \/>\n<span class=\"wpcf7-form-control-wrap\" data-name=\"your-email\"><input size=\"40\" maxlength=\"400\" class=\"wpcf7-form-control wpcf7-email wpcf7-validates-as-required wpcf7-text wpcf7-validates-as-email\" aria-required=\"true\" aria-invalid=\"false\" placeholder=\"petra.muster@alice.ch\" value=\"\" type=\"email\" name=\"your-email\" \/><\/span> <\/label><br \/>\n<label>Ihre Bemerkungen (optional)<br \/>\n<span class=\"wpcf7-form-control-wrap\" data-name=\"your-message\"><textarea cols=\"40\" rows=\"10\" maxlength=\"2000\" class=\"wpcf7-form-control wpcf7-textarea\" aria-invalid=\"false\" placeholder=\"Ihr Kommentar\" name=\"your-message\"><\/textarea><\/span> <\/label><br \/>\n<span class=\"wpcf7-form-control-wrap\" data-name=\"checkbox-911\"><span class=\"wpcf7-form-control wpcf7-checkbox\"><span class=\"wpcf7-list-item first last\"><label><input type=\"checkbox\" name=\"checkbox-911[]\" value=\"Ja, ich bin SVEB-Mitglied.\" \/><span class=\"wpcf7-list-item-label\">Ja, ich bin SVEB-Mitglied.<\/span><\/label><\/span><\/span><\/span>\n<\/p>\n<p><span id=\"wpcf7-69ef684d57f90-wrapper\" class=\"wpcf7-form-control-wrap honeypot-7-wrap\" style=\"display:none !important; visibility:hidden !important;\"><label for=\"wpcf7-69ef684d57f90-field\" class=\"hp-message\">Bitte lasse dieses Feld leer.<\/label><input id=\"wpcf7-69ef684d57f90-field\"  class=\"wpcf7-form-control wpcf7-text\" type=\"text\" name=\"honeypot-7\" value=\"\" size=\"40\" tabindex=\"-1\" autocomplete=\"new-password\" \/><\/span>\n<\/p>\n<p><input class=\"wpcf7-form-control wpcf7-submit has-spinner\" type=\"submit\" value=\"Senden\" \/><br \/>\n*Pflichtfelder\n<\/p><div class=\"cf7-cookie-message\" style=\"margin-top:1em;color:#000;\">Bitte akzeptieren Sie die Cookies, um das Formular absenden zu k\u00f6nnen.<\/div><div class=\"wpcf7-response-output\" aria-hidden=\"true\"><\/div>\n<\/form>\n<\/div>\n<\/div>\n\n\n\n<p><\/p>\n<\/div>\n\n\n\n<div class=\"wp-block-columns is-layout-flex wp-container-core-columns-is-layout-28f84493 wp-block-columns-is-layout-flex\">\n<div class=\"wp-block-column is-layout-flow wp-block-column-is-layout-flow\" style=\"flex-basis:50%\">\n<div class=\"wp-block-file\"><a id=\"wp-block-file--media-ea865ae8-8e46-41ca-95ad-0e57c0254522\" href=\"https:\/\/alice.ch\/app\/uploads\/2024\/11\/mediadaten-2025-sveb.pdf\">Mediadaten 2025<br \/>PDF &#8211; 2 MB<\/a><a href=\"https:\/\/alice.ch\/app\/uploads\/2024\/11\/mediadaten-2025-sveb.pdf\" class=\"wp-block-file__button wp-element-button\" download aria-describedby=\"wp-block-file--media-ea865ae8-8e46-41ca-95ad-0e57c0254522\">Herunterladen<br \/>PDF &#8211; 2 MB<\/a><\/div>\n<\/div>\n\n\n\n<div class=\"wp-block-column is-layout-flow wp-block-column-is-layout-flow\" style=\"flex-basis:50%\">\n<div class=\"wp-block-file\"><a id=\"wp-block-file--media-5578c26a-0155-44fd-b56a-0c08519cd818\" href=\"https:\/\/alice.ch\/app\/uploads\/2025\/09\/sveb-mediadaten-2026.pdf\">Mediadaten 2026<br \/>PDF &#8211; 344 KB<\/a><a href=\"https:\/\/alice.ch\/app\/uploads\/2025\/09\/sveb-mediadaten-2026.pdf\" class=\"wp-block-file__button wp-element-button\" download aria-describedby=\"wp-block-file--media-5578c26a-0155-44fd-b56a-0c08519cd818\">Herunterladen<br \/>PDF &#8211; 344 KB<\/a><\/div>\n<\/div>\n<\/div>\n\n\n\n<h2 class=\"wp-block-heading\">Kontakt<\/h2>\n\n\n\n<div class=\"wp-block-columns is-layout-flex wp-container-core-columns-is-layout-28f84493 wp-block-columns-is-layout-flex\">\n<div class=\"wp-block-column is-layout-flow wp-block-column-is-layout-flow\" style=\"flex-basis:50%\"><div class=\"contact-persons\">\n\n\t\t\t\t\t<div class=\"contact-person\">\n\t\t\t\t\tMichelle Mathys<br \/>\t\t\t\t\tVerantwortliche Marketing<br \/>\t\t\t\t\t<br \/>\n\t\t\t\t\t\t\t\t\t\t<a href=\"tel:+41 (0)44 319 71 55\">+41 (0)44 319 71 55<\/a><br \/>\t\t\t\t\t<a href=\"mailto:michelle.mathys@alice.ch\">michelle.mathys@alice.ch<\/a><br \/>\t\t\t\t\t<\/div>\n\t\t\t\t\t<\/div>\n<\/div>\n\n\n\n<div class=\"wp-block-column is-layout-flow wp-block-column-is-layout-flow\" style=\"flex-basis:50%\"><\/div>\n<\/div>\n<\/div>\n","protected":false},"excerpt":{"rendered":"<p>EP-Inserate und Beilagen reservieren Die \u00abEducation Permanente\u00bb (EP) ist die einzige Fachzeitschrift f\u00fcr Weiterbildung in der Schweiz. Sie wird seit [&hellip;]<\/p>\n","protected":false},"author":5,"featured_media":20799,"parent":498,"menu_order":165,"comment_status":"closed","ping_status":"closed","template":"","meta":{"_acf_changed":false,"inline_featured_image":false,"footnotes":""},"class_list":["post-54772","page","type-page","status-publish","has-post-thumbnail","hentry"],"acf":[],"yoast_head":"<!-- This site is optimized with the Yoast SEO plugin v27.3 - https:\/\/yoast.com\/product\/yoast-seo-wordpress\/ -->\n<title>Inserat in der EP - SVEB<\/title>\n<meta name=\"description\" content=\"Mit der Platzierung Ihrer Werbung beim SVEB erreichen Sie Ihre Zielgruppen im Bereich der Weiterbildung ohne Streuverlust.\" \/>\n<meta name=\"robots\" content=\"index, follow, max-snippet:-1, max-image-preview:large, max-video-preview:-1\" \/>\n<link rel=\"canonical\" href=\"https:\/\/alice.ch\/de\/dienstleistungen\/werbung-platzieren\/inserat-in-der-ep\/\" \/>\n<meta property=\"og:locale\" content=\"de_DE\" \/>\n<meta property=\"og:type\" content=\"article\" \/>\n<meta property=\"og:title\" content=\"Inserat in der EP - SVEB\" \/>\n<meta property=\"og:description\" content=\"Mit der Platzierung Ihrer Werbung beim SVEB erreichen Sie Ihre Zielgruppen im Bereich der Weiterbildung ohne Streuverlust.\" \/>\n<meta property=\"og:url\" content=\"https:\/\/alice.ch\/de\/dienstleistungen\/werbung-platzieren\/inserat-in-der-ep\/\" \/>\n<meta property=\"og:site_name\" content=\"SVEB\" \/>\n<meta property=\"article:modified_time\" content=\"2025-09-22T12:48:25+00:00\" \/>\n<meta name=\"twitter:card\" content=\"summary_large_image\" \/>\n<meta name=\"twitter:label1\" content=\"Gesch\u00e4tzte Lesezeit\" \/>\n\t<meta name=\"twitter:data1\" content=\"4\u00a0Minuten\" \/>\n<script type=\"application\/ld+json\" class=\"yoast-schema-graph\">{\"@context\":\"https:\\\/\\\/schema.org\",\"@graph\":[{\"@type\":\"WebPage\",\"@id\":\"https:\\\/\\\/alice.ch\\\/de\\\/dienstleistungen\\\/werbung-platzieren\\\/inserat-in-der-ep\\\/\",\"url\":\"https:\\\/\\\/alice.ch\\\/de\\\/dienstleistungen\\\/werbung-platzieren\\\/inserat-in-der-ep\\\/\",\"name\":\"Inserat in der EP - SVEB\",\"isPartOf\":{\"@id\":\"https:\\\/\\\/alice.ch\\\/de\\\/#website\"},\"primaryImageOfPage\":{\"@id\":\"https:\\\/\\\/alice.ch\\\/de\\\/dienstleistungen\\\/werbung-platzieren\\\/inserat-in-der-ep\\\/#primaryimage\"},\"image\":{\"@id\":\"https:\\\/\\\/alice.ch\\\/de\\\/dienstleistungen\\\/werbung-platzieren\\\/inserat-in-der-ep\\\/#primaryimage\"},\"thumbnailUrl\":\"https:\\\/\\\/alice.ch\\\/app\\\/uploads\\\/2022\\\/11\\\/default.jpg\",\"datePublished\":\"2023-10-11T18:37:36+00:00\",\"dateModified\":\"2025-09-22T12:48:25+00:00\",\"description\":\"Mit der Platzierung Ihrer Werbung beim SVEB erreichen Sie Ihre Zielgruppen im Bereich der Weiterbildung ohne Streuverlust.\",\"breadcrumb\":{\"@id\":\"https:\\\/\\\/alice.ch\\\/de\\\/dienstleistungen\\\/werbung-platzieren\\\/inserat-in-der-ep\\\/#breadcrumb\"},\"inLanguage\":\"de\",\"potentialAction\":[{\"@type\":\"ReadAction\",\"target\":[\"https:\\\/\\\/alice.ch\\\/de\\\/dienstleistungen\\\/werbung-platzieren\\\/inserat-in-der-ep\\\/\"]}]},{\"@type\":\"ImageObject\",\"inLanguage\":\"de\",\"@id\":\"https:\\\/\\\/alice.ch\\\/de\\\/dienstleistungen\\\/werbung-platzieren\\\/inserat-in-der-ep\\\/#primaryimage\",\"url\":\"https:\\\/\\\/alice.ch\\\/app\\\/uploads\\\/2022\\\/11\\\/default.jpg\",\"contentUrl\":\"https:\\\/\\\/alice.ch\\\/app\\\/uploads\\\/2022\\\/11\\\/default.jpg\",\"width\":1600,\"height\":900},{\"@type\":\"BreadcrumbList\",\"@id\":\"https:\\\/\\\/alice.ch\\\/de\\\/dienstleistungen\\\/werbung-platzieren\\\/inserat-in-der-ep\\\/#breadcrumb\",\"itemListElement\":[{\"@type\":\"ListItem\",\"position\":1,\"name\":\"Startseite\",\"item\":\"https:\\\/\\\/alice.ch\\\/de\\\/\"},{\"@type\":\"ListItem\",\"position\":2,\"name\":\"Dienstleistungen\",\"item\":\"https:\\\/\\\/alice.ch\\\/de\\\/dienstleistungen\\\/\"},{\"@type\":\"ListItem\",\"position\":3,\"name\":\"Werbung platzieren\",\"item\":\"https:\\\/\\\/alice.ch\\\/de\\\/dienstleistungen\\\/werbung-platzieren\\\/\"},{\"@type\":\"ListItem\",\"position\":4,\"name\":\"Inserat in der EP\"}]},{\"@type\":\"WebSite\",\"@id\":\"https:\\\/\\\/alice.ch\\\/de\\\/#website\",\"url\":\"https:\\\/\\\/alice.ch\\\/de\\\/\",\"name\":\"alice.ch (Adult Learning Information Center) ist das Portal der Weiterbildung in der Schweiz.\",\"description\":\"Schweizerischer Verband f\u00fcr Weiterbildung\",\"publisher\":{\"@id\":\"https:\\\/\\\/alice.ch\\\/de\\\/#organization\"},\"potentialAction\":[{\"@type\":\"SearchAction\",\"target\":{\"@type\":\"EntryPoint\",\"urlTemplate\":\"https:\\\/\\\/alice.ch\\\/de\\\/?s={search_term_string}\"},\"query-input\":{\"@type\":\"PropertyValueSpecification\",\"valueRequired\":true,\"valueName\":\"search_term_string\"}}],\"inLanguage\":\"de\"},{\"@type\":\"Organization\",\"@id\":\"https:\\\/\\\/alice.ch\\\/de\\\/#organization\",\"name\":\"SVEB Schweizerischer Verband f\u00fcr Weiterbildung\",\"url\":\"https:\\\/\\\/alice.ch\\\/de\\\/\",\"logo\":{\"@type\":\"ImageObject\",\"inLanguage\":\"de\",\"@id\":\"https:\\\/\\\/alice.ch\\\/de\\\/#\\\/schema\\\/logo\\\/image\\\/\",\"url\":\"https:\\\/\\\/alice.ch\\\/app\\\/uploads\\\/2022\\\/07\\\/logo-sveb.png\",\"contentUrl\":\"https:\\\/\\\/alice.ch\\\/app\\\/uploads\\\/2022\\\/07\\\/logo-sveb.png\",\"width\":145,\"height\":64,\"caption\":\"SVEB Schweizerischer Verband f\u00fcr Weiterbildung\"},\"image\":{\"@id\":\"https:\\\/\\\/alice.ch\\\/de\\\/#\\\/schema\\\/logo\\\/image\\\/\"},\"sameAs\":[\"https:\\\/\\\/www.linkedin.com\\\/company\\\/schweizerischer-verband-fr-weiterbildung-sveb\\\/\"]}]}<\/script>\n<!-- \/ Yoast SEO plugin. -->","yoast_head_json":{"title":"Inserat in der EP - SVEB","description":"Mit der Platzierung Ihrer Werbung beim SVEB erreichen Sie Ihre Zielgruppen im Bereich der Weiterbildung ohne Streuverlust.","robots":{"index":"index","follow":"follow","max-snippet":"max-snippet:-1","max-image-preview":"max-image-preview:large","max-video-preview":"max-video-preview:-1"},"canonical":"https:\/\/alice.ch\/de\/dienstleistungen\/werbung-platzieren\/inserat-in-der-ep\/","og_locale":"de_DE","og_type":"article","og_title":"Inserat in der EP - SVEB","og_description":"Mit der Platzierung Ihrer Werbung beim SVEB erreichen Sie Ihre Zielgruppen im Bereich der Weiterbildung ohne Streuverlust.","og_url":"https:\/\/alice.ch\/de\/dienstleistungen\/werbung-platzieren\/inserat-in-der-ep\/","og_site_name":"SVEB","article_modified_time":"2025-09-22T12:48:25+00:00","twitter_card":"summary_large_image","twitter_misc":{"Gesch\u00e4tzte Lesezeit":"4\u00a0Minuten"},"schema":{"@context":"https:\/\/schema.org","@graph":[{"@type":"WebPage","@id":"https:\/\/alice.ch\/de\/dienstleistungen\/werbung-platzieren\/inserat-in-der-ep\/","url":"https:\/\/alice.ch\/de\/dienstleistungen\/werbung-platzieren\/inserat-in-der-ep\/","name":"Inserat in der EP - SVEB","isPartOf":{"@id":"https:\/\/alice.ch\/de\/#website"},"primaryImageOfPage":{"@id":"https:\/\/alice.ch\/de\/dienstleistungen\/werbung-platzieren\/inserat-in-der-ep\/#primaryimage"},"image":{"@id":"https:\/\/alice.ch\/de\/dienstleistungen\/werbung-platzieren\/inserat-in-der-ep\/#primaryimage"},"thumbnailUrl":"https:\/\/alice.ch\/app\/uploads\/2022\/11\/default.jpg","datePublished":"2023-10-11T18:37:36+00:00","dateModified":"2025-09-22T12:48:25+00:00","description":"Mit der Platzierung Ihrer Werbung beim SVEB erreichen Sie Ihre Zielgruppen im Bereich der Weiterbildung ohne Streuverlust.","breadcrumb":{"@id":"https:\/\/alice.ch\/de\/dienstleistungen\/werbung-platzieren\/inserat-in-der-ep\/#breadcrumb"},"inLanguage":"de","potentialAction":[{"@type":"ReadAction","target":["https:\/\/alice.ch\/de\/dienstleistungen\/werbung-platzieren\/inserat-in-der-ep\/"]}]},{"@type":"ImageObject","inLanguage":"de","@id":"https:\/\/alice.ch\/de\/dienstleistungen\/werbung-platzieren\/inserat-in-der-ep\/#primaryimage","url":"https:\/\/alice.ch\/app\/uploads\/2022\/11\/default.jpg","contentUrl":"https:\/\/alice.ch\/app\/uploads\/2022\/11\/default.jpg","width":1600,"height":900},{"@type":"BreadcrumbList","@id":"https:\/\/alice.ch\/de\/dienstleistungen\/werbung-platzieren\/inserat-in-der-ep\/#breadcrumb","itemListElement":[{"@type":"ListItem","position":1,"name":"Startseite","item":"https:\/\/alice.ch\/de\/"},{"@type":"ListItem","position":2,"name":"Dienstleistungen","item":"https:\/\/alice.ch\/de\/dienstleistungen\/"},{"@type":"ListItem","position":3,"name":"Werbung platzieren","item":"https:\/\/alice.ch\/de\/dienstleistungen\/werbung-platzieren\/"},{"@type":"ListItem","position":4,"name":"Inserat in der EP"}]},{"@type":"WebSite","@id":"https:\/\/alice.ch\/de\/#website","url":"https:\/\/alice.ch\/de\/","name":"alice.ch (Adult Learning Information Center) ist das Portal der Weiterbildung in der Schweiz.","description":"Schweizerischer Verband f\u00fcr Weiterbildung","publisher":{"@id":"https:\/\/alice.ch\/de\/#organization"},"potentialAction":[{"@type":"SearchAction","target":{"@type":"EntryPoint","urlTemplate":"https:\/\/alice.ch\/de\/?s={search_term_string}"},"query-input":{"@type":"PropertyValueSpecification","valueRequired":true,"valueName":"search_term_string"}}],"inLanguage":"de"},{"@type":"Organization","@id":"https:\/\/alice.ch\/de\/#organization","name":"SVEB Schweizerischer Verband f\u00fcr Weiterbildung","url":"https:\/\/alice.ch\/de\/","logo":{"@type":"ImageObject","inLanguage":"de","@id":"https:\/\/alice.ch\/de\/#\/schema\/logo\/image\/","url":"https:\/\/alice.ch\/app\/uploads\/2022\/07\/logo-sveb.png","contentUrl":"https:\/\/alice.ch\/app\/uploads\/2022\/07\/logo-sveb.png","width":145,"height":64,"caption":"SVEB Schweizerischer Verband f\u00fcr Weiterbildung"},"image":{"@id":"https:\/\/alice.ch\/de\/#\/schema\/logo\/image\/"},"sameAs":["https:\/\/www.linkedin.com\/company\/schweizerischer-verband-fr-weiterbildung-sveb\/"]}]}},"_links":{"self":[{"href":"https:\/\/alice.ch\/de\/wp-json\/wp\/v2\/pages\/54772","targetHints":{"allow":["GET"]}}],"collection":[{"href":"https:\/\/alice.ch\/de\/wp-json\/wp\/v2\/pages"}],"about":[{"href":"https:\/\/alice.ch\/de\/wp-json\/wp\/v2\/types\/page"}],"author":[{"embeddable":true,"href":"https:\/\/alice.ch\/de\/wp-json\/wp\/v2\/users\/5"}],"replies":[{"embeddable":true,"href":"https:\/\/alice.ch\/de\/wp-json\/wp\/v2\/comments?post=54772"}],"version-history":[{"count":9,"href":"https:\/\/alice.ch\/de\/wp-json\/wp\/v2\/pages\/54772\/revisions"}],"predecessor-version":[{"id":70553,"href":"https:\/\/alice.ch\/de\/wp-json\/wp\/v2\/pages\/54772\/revisions\/70553"}],"up":[{"embeddable":true,"href":"https:\/\/alice.ch\/de\/wp-json\/wp\/v2\/pages\/498"}],"wp:featuredmedia":[{"embeddable":true,"href":"https:\/\/alice.ch\/de\/wp-json\/wp\/v2\/media\/20799"}],"wp:attachment":[{"href":"https:\/\/alice.ch\/de\/wp-json\/wp\/v2\/media?parent=54772"}],"curies":[{"name":"wp","href":"https:\/\/api.w.org\/{rel}","templated":true}]}}