{"id":551,"date":"2022-08-16T17:31:01","date_gmt":"2022-08-16T15:31:01","guid":{"rendered":"https:\/\/projects.atxeit.ch\/sveb\/?page_id=551"},"modified":"2026-03-31T12:54:10","modified_gmt":"2026-03-31T10:54:10","slug":"ada-baukastensystem","status":"publish","type":"page","link":"https:\/\/alice.ch\/de\/professionalisierung\/ada-baukastensystem\/","title":{"rendered":"AdA-Baukastensystem"},"content":{"rendered":"\n<div class=\"wp-block-group is-style-reduced-width is-layout-constrained wp-block-group-is-layout-constrained\">\n<div class=\"wp-block-group is-layout-flow wp-block-group-is-layout-flow\">\n<div class=\"wp-block-group is-style-reduced-width is-layout-constrained wp-block-group-is-layout-constrained\">\n<div class=\"wp-block-group is-style-default is-layout-flow wp-block-group-is-layout-flow\">\n<h1 class=\"wp-block-heading\">Ausbildung der Ausbildenden (AdA) \u2013 so funktioniert das Baukastensystem<\/h1>\n\n\n\n<p class=\"is-style-lead\">Mit dem System Ausbildung der Ausbildenden finden Sie den Einstieg in die Erwachsenenbildung und k\u00f6nnen sich vielf\u00e4ltig vertiefen.&nbsp;Es&nbsp;ist&nbsp;dreistufig sowie modular&nbsp;und&nbsp;reicht vom professionellen Basiswissen bis zur F\u00fchrungskompetenz und Bildungsexpertise im Weiterbildungsbereich.&nbsp;<\/p>\n\n\n\n<p>Der modulare Aufbau erm\u00f6glicht verschiedene Wege zur T\u00e4tigkeit in der Erwachsenenbildung. Weiterbildungsinstitutionen und Ausbildende setzen auf die Qualit\u00e4t der&nbsp;AdA-Abschl\u00fcsse. Bereits 70\u2019000 Kursleitende haben&nbsp;in der Schweiz&nbsp;ein SVEB-Zertifikat&nbsp;erworben und damit Stufe I abgeschlossen. Mehr als 15\u2019000 Fachleute&nbsp;haben&nbsp;einen eidgen\u00f6ssischen&nbsp;Fachausweis&nbsp;(Stufe II)&nbsp;und rund 190 F\u00fchrungspersonen ein eidgen\u00f6ssisches&nbsp;Diplom&nbsp;(Stufe III).<\/p>\n\n\n\n<figure class=\"wp-block-image size-full is-resized is-style-no-border\"><img decoding=\"async\" src=\"https:\/\/alice.ch\/app\/uploads\/2025\/05\/ada-baukasten-grafik-25.svg\" alt=\"\" class=\"wp-image-68355\" style=\"aspect-ratio:1;width:623px;height:auto\" \/><\/figure>\n<\/div>\n<\/div>\n<\/div>\n\n\n\n<div class=\"wp-block-group is-style-reduced-width is-layout-flow wp-block-group-is-layout-flow\">\n<div class=\"wp-block-columns is-style-accordion is-layout-flex wp-container-core-columns-is-layout-28f84493 wp-block-columns-is-layout-flex\" id=\"faq-element-1\">\n<div class=\"wp-block-column is-layout-flow wp-block-column-is-layout-flow\">\n<h3 class=\"wp-block-heading\" id=\"stufe1\">Stufe I: Ich m\u00f6chte Erwachsene begleiten\/unterrichten \u2013 SVEB-Zertifikate Ausbilderin\/Ausbilder<\/h3>\n<\/div>\n\n\n\n<div class=\"wp-block-column is-layout-flow wp-block-column-is-layout-flow\">\n<p>Die erste Stufe des AdA-Baukastens bilden die zwei Abschl\u00fcsse&nbsp;<a href=\"\/de\/?page_id=3556\">SVEB-Zertifikat Ausbilderin\/Ausbilder \u2013 Durchf\u00fchrung von Lernveranstaltungen<\/a>&nbsp;und&nbsp;<a href=\"https:\/\/alice.ch\/de\/professionalisierung\/sveb-zertifikate-ausbilderin-ausbilder\/\">SVEB-Zertifikat Ausbilderin\/Ausbilder \u2013 Einzelbegleitungen<\/a>.<\/p>\n\n\n\n<p>Sie vermitteln die Grundlagen der Erwachsenenbildung und damit das n\u00f6tige R\u00fcstzeug, um Erwachsene zu begleiten und zu unterrichten.<\/p>\n\n\n\n<p>Ein SVEB-Zertifikat Ausbilderin\/Ausbilder entspricht gleichzeitig dem Abschluss des ersten Moduls zum eidgen\u00f6ssischen Fachausweis Ausbilderin\/Ausbilder.<\/p>\n\n\n\n<div class=\"wp-block-buttons is-layout-flex wp-block-buttons-is-layout-flex\">\n<div class=\"wp-block-button has-custom-width wp-block-button__width-50 is-style-outline is-style-outline--1\"><a class=\"wp-block-button__link wp-element-button\" href=\"https:\/\/alice.ch\/de\/professionalisierung\/sveb-zertifikate-ausbilderin-ausbilder\/\">SVEB-Zertifikate Ausbilderin\/Ausbilder<\/a><\/div>\n<\/div>\n<\/div>\n<\/div>\n\n\n\n<div class=\"wp-block-columns is-style-accordion is-layout-flex wp-container-core-columns-is-layout-28f84493 wp-block-columns-is-layout-flex\" id=\"faq-element-1\">\n<div class=\"wp-block-column is-layout-flow wp-block-column-is-layout-flow\">\n<h3 class=\"wp-block-heading\">Stufe II: Ich m\u00f6chte unterrichten, Kurse konzipieren und gestalten \u2013 Eidgen\u00f6ssischer Fachausweis Ausbilderin\/Ausbilder<\/h3>\n<\/div>\n\n\n\n<div class=\"wp-block-column is-layout-flow wp-block-column-is-layout-flow\">\n<p>\u00dcber weitere f\u00fcnf Module gelangt man zum eidgen\u00f6ssischen Fachausweis Ausbilderin\/Ausbilder. Als formaler Abschluss erfordert der&nbsp;<a href=\"https:\/\/alice.ch\/de\/professionalisierung\/eidg-fachausweis-ausbilderin-ausbilder\/\">eidgen\u00f6ssische Fachausweis<\/a>&nbsp;eine Pr\u00fcfung, die man nach Erlangen des SVEB-Zertifikats Ausbilderin\/Ausbilder und der f\u00fcnf Modulzertifikate der Stufe II absolviert.<\/p>\n\n\n\n<p>Die Module der Stufen I und II k\u00f6nnen dabei in beliebiger Reihenfolge besucht werden. Vom Inhalt her ergibt es allerdings Sinn, zun\u00e4chst ein Modul der Stufe I zu besuchen, d.h. eines der SVEB-Zertifikate Ausbilderin\/Ausbilder zu erlangen.<\/p>\n\n\n\n<div class=\"wp-block-buttons is-layout-flex wp-block-buttons-is-layout-flex\">\n<div class=\"wp-block-button has-custom-width wp-block-button__width-50 is-style-outline is-style-outline--2\"><a class=\"wp-block-button__link wp-element-button\" href=\"https:\/\/alice.ch\/de\/professionalisierung\/eidg-fachausweis-ausbilderin-ausbilder\/\">Eidgen\u00f6ssischer Fachausweis<\/a><\/div>\n<\/div>\n<\/div>\n<\/div>\n\n\n\n<div class=\"wp-block-columns is-style-accordion is-layout-flex wp-container-core-columns-is-layout-28f84493 wp-block-columns-is-layout-flex\" id=\"faq-element-1\">\n<div class=\"wp-block-column is-layout-flow wp-block-column-is-layout-flow\">\n<h3 class=\"wp-block-heading\">Stufe III: Ich m\u00f6chte in der Bildung f\u00fchren, leiten und \u00fcberwachen \u2013 Bildungsmanagement und Bildungsexpertise<\/h3>\n<\/div>\n\n\n\n<div class=\"wp-block-column is-layout-flow wp-block-column-is-layout-flow\">\n<p>Auf der Stufe III gibt es zwei Abschl\u00fcsse:<\/p>\n\n\n\n<ul class=\"wp-block-list\">\n<li>Als formaler Abschluss erfordert <strong>das eidgen\u00f6ssische Diplom Ausbildungsleiterin\/Ausbildungsleiter<\/strong> das Absolvieren von sechs Diplommodulen. Danach kann man sich f\u00fcr die H\u00f6here Fachpr\u00fcfung (HFP) anmelden. Die Ausbildungsleiterin, der Ausbildungsleiter arbeitet im Bildungsmanagement und \u00fcbernimmt F\u00fchrungsverantwortung.<\/li>\n\n\n\n<li>Die Ausbildung <strong>Erwachsenenbildnerin\/Erwachsenenbildner HF<\/strong> ist generalistischer und breiter angelegt und eignet sich f\u00fcr Personen, die sich in Richtung Qualit\u00e4ts- und Curriculumsentwicklung weiterentwickeln m\u00f6chten. Der Bildungsgang H\u00f6here Fachschule kann vollzeitlich oder berufsbegleitend besucht werden.<\/li>\n<\/ul>\n\n\n\n<div class=\"wp-block-buttons is-layout-flex wp-block-buttons-is-layout-flex\">\n<div class=\"wp-block-button has-custom-width wp-block-button__width-50 is-style-outline is-style-outline--3\"><a class=\"wp-block-button__link wp-element-button\" href=\"https:\/\/alice.ch\/de\/professionalisierung\/bildungsmanagement-und-bildungsexpertise\/\">Bildungsmanagement und Bildungsexpertise<\/a><\/div>\n<\/div>\n<\/div>\n<\/div>\n\n\n\n<div class=\"wp-block-columns is-style-accordion is-layout-flex wp-container-core-columns-is-layout-28f84493 wp-block-columns-is-layout-flex\" id=\"faq-element-1\">\n<div class=\"wp-block-column is-layout-flow wp-block-column-is-layout-flow\">\n<h3 class=\"wp-block-heading\">Gleichwertigkeitsbeurteilung: Ich habe bereits Erfahrung mit Ausbilden, wie kann ich bestehende Leistungen anerkennen lassen?<\/h3>\n<\/div>\n\n\n\n<div class=\"wp-block-column is-layout-flow wp-block-column-is-layout-flow\">\n<p>Sie haben bereits Praxis-Erfahrung in der Erwachsenenbildung oder verf\u00fcgen durch eine Aus- oder Weiterbildung \u00fcber Wissen und Kompetenzen dar\u00fcber? Via Gleichwertigkeitsbeurteilung k\u00f6nnen Sie diese anrechnen lassen, um auf dem Weg zu einem Zertifikat, Fachausweis oder Diplom nicht bei null anzufangen.<\/p>\n\n\n\n<div class=\"wp-block-buttons is-layout-flex wp-block-buttons-is-layout-flex\">\n<div class=\"wp-block-button has-custom-width wp-block-button__width-50 is-style-outline is-style-outline--4\"><a class=\"wp-block-button__link wp-element-button\" href=\"https:\/\/alice.ch\/de\/professionalisierung\/gleichwertigkeitsbeurteilung-gwb\/\">Gleichwertigkeitsbeurteilung<\/a><\/div>\n<\/div>\n<\/div>\n<\/div>\n\n\n\n<div class=\"wp-block-columns is-style-accordion is-layout-flex wp-container-core-columns-is-layout-28f84493 wp-block-columns-is-layout-flex\" id=\"faq-element-1\">\n<div class=\"wp-block-column is-layout-flow wp-block-column-is-layout-flow\">\n<h3 class=\"wp-block-heading\">SVEB-Weiterbildungszertifikate<\/h3>\n<\/div>\n\n\n\n<div class=\"wp-block-column is-layout-flow wp-block-column-is-layout-flow\">\n<p>Das AdA-Baukastensystem wird mit einem Weiterbildungsbereich erg\u00e4nzt. Absolventinnen und Absolventen eines SVEB-Zertifikates steht nicht nur die vertikale Weiterentwicklung zum Fachausweis Ausbilderin\/Ausbilder offen, sondern auch der horizontale Weg:<\/p>\n\n\n\n<p>Auf Stufe I gibt es das Weiterbildungsmodul \u00abLernprozesse mit digitalen Lerntechnologien und k\u00fcnstlicher Intelligenz unterst\u00fctzen\u00bb.<\/p>\n\n\n\n<p>Auf Stufe II k\u00f6nnen die Vertiefungsmodule \u00abGruppenprozesse in Lernveranstaltungen begleiten\u00bb, \u00abOnline-Lernangebote didaktisch konzipieren und gestalten\u00bb und \u00abQualifikationsverfahren kompetenzorientiert planen und gestalten\u00bb auch als&nbsp;Weiterbildungszertifikate&nbsp;erworben werden.<\/p>\n\n\n\n<div class=\"wp-block-buttons is-layout-flex wp-block-buttons-is-layout-flex\">\n<div class=\"wp-block-button has-custom-width wp-block-button__width-50 is-style-outline is-style-outline--5\"><a class=\"wp-block-button__link wp-element-button\" href=\"https:\/\/alice.ch\/de\/professionalisierung\/sveb-weiterbildungszertifikate\/\">Weiterbildungszertifikate<\/a><\/div>\n<\/div>\n<\/div>\n<\/div>\n\n\n\n<div class=\"wp-block-columns is-style-accordion is-layout-flex wp-container-core-columns-is-layout-28f84493 wp-block-columns-is-layout-flex\" id=\"faq-element-1\">\n<div class=\"wp-block-column is-layout-flow wp-block-column-is-layout-flow\">\n<h3 class=\"wp-block-heading\" id=\"traegerschaft\">Tr\u00e4gerschaft und Kommissionen<\/h3>\n<\/div>\n\n\n\n<div class=\"wp-block-column is-layout-flow wp-block-column-is-layout-flow\">\n<h4 class=\"wp-block-heading\">Tr\u00e4gerschaft: <\/h4>\n\n\n\n<ul class=\"wp-block-list\">\n<li>SVEB<\/li>\n<\/ul>\n\n\n\n<h4 class=\"wp-block-heading\">Aufsichtsorgane:<\/h4>\n\n\n\n<ul class=\"wp-block-list\">\n<li><strong><a href=\"https:\/\/alice.ch\/app\/uploads\/2023\/07\/Mitglieder_QSK.pdf\">Kommission f\u00fcr Qualit\u00e4tssicherung QSK<\/a><\/strong><br>Aufgaben der QSK<br>&#8211; Verantwortung f\u00fcr normativ-operative Ebene aller drei Stufen des Baukastensystems<br>&#8211; Erstellen von Reglementen und Wegleitungen<br>&#8211; Entscheidung \u00fcber Fachausweis- und Diplomantr\u00e4ge<br>&#8211; Rekursinstanz f\u00fcr Entscheide im Zusammenhang mit der Gleichwertigkeitsbeurteilung und dem Anerkennungsverfahren<br>&#8211; Qualit\u00e4tssicherung und -entwicklung in den ihr \u00fcbertragenen Bereichen<br><\/li>\n\n\n\n<li><strong><a href=\"https:\/\/alice.ch\/app\/uploads\/2024\/02\/Mitglieder_SK-AdA_2024.pdf\">Schweizerische Kommission Ausbildung der Ausbildenden SK AdA<\/a><\/strong><br>Aufgaben der SK AdA<br>&#8211; Sie tr\u00e4gt die Gesamtverantwortung f\u00fcr das Baukastensystem und dessen Weiterentwicklung.<br>&#8211; Sie ist verantwortlich f\u00fcr Entscheidungen auf strategischer Ebene.<br>&#8211; Sie vertritt den AdA-Baukasten nach aussen.<\/li>\n<\/ul>\n<\/div>\n<\/div>\n<\/div>\n\n\n\n<div class=\"wp-block-group is-layout-flow wp-block-group-is-layout-flow\">\n<div class=\"wp-block-group is-style-reduced-width is-layout-constrained wp-block-group-is-layout-constrained\">\n<div class=\"wp-block-group is-style-default is-layout-flow wp-block-group-is-layout-flow\">\n<h2 class=\"wp-block-heading\">AdA-Module finden<\/h2>\n\n\n\n<p>In der Kurs-Datenbank finden Sie Anbieter, die die SVEB-Zertifikate Durchf\u00fchren von Lernveranstaltungen und Einzelbegleitungen anbieten:<\/p>\n\n\n\n<div class=\"wp-block-buttons is-layout-flex wp-block-buttons-is-layout-flex\">\n<div class=\"wp-block-button has-custom-width wp-block-button__width-50 is-style-outline is-style-outline--6\"><a class=\"wp-block-button__link wp-element-button\" href=\"https:\/\/alice.ch\/de\/professionalisierung\/ada-baukastensystem\/ada-kurse-finden\/\">AdA-Module finden<\/a><\/div>\n<\/div>\n\n\n\n<h2 class=\"wp-block-heading\">Kontakt<\/h2>\n\n\n\n<div class=\"wp-block-columns is-layout-flex wp-container-core-columns-is-layout-28f84493 wp-block-columns-is-layout-flex\">\n<div class=\"wp-block-column is-layout-flow wp-block-column-is-layout-flow\" style=\"flex-basis:50%\"><div class=\"contact-persons\">\n\n\t\t\t\t\t<div class=\"contact-person\">\n\t\t\t\t\tGesch\u00e4ftsstelle AdA<br \/>\t\t\t\t\tGerry Weibel<br \/>\t\t\t\t\t<br \/>\n\t\t\t\t\tSachbearbeiter AdA Baukasten<br \/>\r\nNationaler Koordinator eidg. Berufspr\u00fcfung Ausbilder\/-in mit Fachausweis<br \/>\t\t\t\t\t<a href=\"tel:+41 (0)44 319 71 62\">+41 (0)44 319 71 62<\/a><br \/>\t\t\t\t\t<a href=\"mailto:gerry.weibel@alice.ch\">gerry.weibel@alice.ch<\/a><br \/>\t\t\t\t\t<\/div>\n\t\t\t\t\t<\/div>\n<\/div>\n\n\n\n<div class=\"wp-block-column is-layout-flow wp-block-column-is-layout-flow\" style=\"flex-basis:50%\"><\/div>\n<\/div>\n<\/div>\n<\/div>\n<\/div>\n\n\n\n<p><\/p>\n<\/div>\n","protected":false},"excerpt":{"rendered":"<p>Ausbildung der Ausbildenden (AdA) \u2013 so funktioniert das Baukastensystem Mit dem System Ausbildung der Ausbildenden finden Sie den Einstieg in [&hellip;]<\/p>\n","protected":false},"author":2,"featured_media":20799,"parent":25,"menu_order":405,"comment_status":"closed","ping_status":"closed","template":"","meta":{"_acf_changed":false,"inline_featured_image":false,"footnotes":""},"class_list":["post-551","page","type-page","status-publish","has-post-thumbnail","hentry"],"acf":[],"yoast_head":"<!-- This site is optimized with the Yoast SEO plugin v27.3 - https:\/\/yoast.com\/product\/yoast-seo-wordpress\/ -->\n<title>AdA-Baukastensystem - SVEB<\/title>\n<meta name=\"description\" content=\"AdA steht f\u00fcr Professionalisierung der Erwachsenenbildung. Die AdA-Abschl\u00fcsse des Baukastens bieten umfassende Ausbildungen f\u00fcr Ausbildende.\" \/>\n<meta name=\"robots\" content=\"index, follow, max-snippet:-1, max-image-preview:large, max-video-preview:-1\" \/>\n<link rel=\"canonical\" href=\"https:\/\/alice.ch\/de\/professionalisierung\/ada-baukastensystem\/\" \/>\n<meta property=\"og:locale\" content=\"de_DE\" \/>\n<meta property=\"og:type\" content=\"article\" \/>\n<meta property=\"og:title\" content=\"AdA-Baukastensystem - SVEB\" \/>\n<meta property=\"og:description\" content=\"AdA steht f\u00fcr Professionalisierung der Erwachsenenbildung. Die AdA-Abschl\u00fcsse des Baukastens bieten umfassende Ausbildungen f\u00fcr Ausbildende.\" \/>\n<meta property=\"og:url\" content=\"https:\/\/alice.ch\/de\/professionalisierung\/ada-baukastensystem\/\" \/>\n<meta property=\"og:site_name\" content=\"SVEB\" \/>\n<meta property=\"article:modified_time\" content=\"2026-03-31T10:54:10+00:00\" \/>\n<meta name=\"twitter:card\" content=\"summary_large_image\" \/>\n<meta name=\"twitter:label1\" content=\"Gesch\u00e4tzte Lesezeit\" \/>\n\t<meta name=\"twitter:data1\" content=\"3\u00a0Minuten\" \/>\n<script type=\"application\/ld+json\" class=\"yoast-schema-graph\">{\"@context\":\"https:\\\/\\\/schema.org\",\"@graph\":[{\"@type\":\"WebPage\",\"@id\":\"https:\\\/\\\/alice.ch\\\/de\\\/professionalisierung\\\/ada-baukastensystem\\\/\",\"url\":\"https:\\\/\\\/alice.ch\\\/de\\\/professionalisierung\\\/ada-baukastensystem\\\/\",\"name\":\"AdA-Baukastensystem - SVEB\",\"isPartOf\":{\"@id\":\"https:\\\/\\\/alice.ch\\\/de\\\/#website\"},\"primaryImageOfPage\":{\"@id\":\"https:\\\/\\\/alice.ch\\\/de\\\/professionalisierung\\\/ada-baukastensystem\\\/#primaryimage\"},\"image\":{\"@id\":\"https:\\\/\\\/alice.ch\\\/de\\\/professionalisierung\\\/ada-baukastensystem\\\/#primaryimage\"},\"thumbnailUrl\":\"https:\\\/\\\/alice.ch\\\/app\\\/uploads\\\/2022\\\/11\\\/default.jpg\",\"datePublished\":\"2022-08-16T15:31:01+00:00\",\"dateModified\":\"2026-03-31T10:54:10+00:00\",\"description\":\"AdA steht f\u00fcr Professionalisierung der Erwachsenenbildung. Die AdA-Abschl\u00fcsse des Baukastens bieten umfassende Ausbildungen f\u00fcr Ausbildende.\",\"breadcrumb\":{\"@id\":\"https:\\\/\\\/alice.ch\\\/de\\\/professionalisierung\\\/ada-baukastensystem\\\/#breadcrumb\"},\"inLanguage\":\"de\",\"potentialAction\":[{\"@type\":\"ReadAction\",\"target\":[\"https:\\\/\\\/alice.ch\\\/de\\\/professionalisierung\\\/ada-baukastensystem\\\/\"]}]},{\"@type\":\"ImageObject\",\"inLanguage\":\"de\",\"@id\":\"https:\\\/\\\/alice.ch\\\/de\\\/professionalisierung\\\/ada-baukastensystem\\\/#primaryimage\",\"url\":\"https:\\\/\\\/alice.ch\\\/app\\\/uploads\\\/2022\\\/11\\\/default.jpg\",\"contentUrl\":\"https:\\\/\\\/alice.ch\\\/app\\\/uploads\\\/2022\\\/11\\\/default.jpg\",\"width\":1600,\"height\":900},{\"@type\":\"BreadcrumbList\",\"@id\":\"https:\\\/\\\/alice.ch\\\/de\\\/professionalisierung\\\/ada-baukastensystem\\\/#breadcrumb\",\"itemListElement\":[{\"@type\":\"ListItem\",\"position\":1,\"name\":\"Startseite\",\"item\":\"https:\\\/\\\/alice.ch\\\/de\\\/\"},{\"@type\":\"ListItem\",\"position\":2,\"name\":\"Professionalisierung\",\"item\":\"https:\\\/\\\/alice.ch\\\/de\\\/professionalisierung\\\/\"},{\"@type\":\"ListItem\",\"position\":3,\"name\":\"AdA-Baukastensystem\"}]},{\"@type\":\"WebSite\",\"@id\":\"https:\\\/\\\/alice.ch\\\/de\\\/#website\",\"url\":\"https:\\\/\\\/alice.ch\\\/de\\\/\",\"name\":\"alice.ch (Adult Learning Information Center) ist das Portal der Weiterbildung in der Schweiz.\",\"description\":\"Schweizerischer Verband f\u00fcr Weiterbildung\",\"publisher\":{\"@id\":\"https:\\\/\\\/alice.ch\\\/de\\\/#organization\"},\"potentialAction\":[{\"@type\":\"SearchAction\",\"target\":{\"@type\":\"EntryPoint\",\"urlTemplate\":\"https:\\\/\\\/alice.ch\\\/de\\\/?s={search_term_string}\"},\"query-input\":{\"@type\":\"PropertyValueSpecification\",\"valueRequired\":true,\"valueName\":\"search_term_string\"}}],\"inLanguage\":\"de\"},{\"@type\":\"Organization\",\"@id\":\"https:\\\/\\\/alice.ch\\\/de\\\/#organization\",\"name\":\"SVEB Schweizerischer Verband f\u00fcr Weiterbildung\",\"url\":\"https:\\\/\\\/alice.ch\\\/de\\\/\",\"logo\":{\"@type\":\"ImageObject\",\"inLanguage\":\"de\",\"@id\":\"https:\\\/\\\/alice.ch\\\/de\\\/#\\\/schema\\\/logo\\\/image\\\/\",\"url\":\"https:\\\/\\\/alice.ch\\\/app\\\/uploads\\\/2022\\\/07\\\/logo-sveb.png\",\"contentUrl\":\"https:\\\/\\\/alice.ch\\\/app\\\/uploads\\\/2022\\\/07\\\/logo-sveb.png\",\"width\":145,\"height\":64,\"caption\":\"SVEB Schweizerischer Verband f\u00fcr Weiterbildung\"},\"image\":{\"@id\":\"https:\\\/\\\/alice.ch\\\/de\\\/#\\\/schema\\\/logo\\\/image\\\/\"},\"sameAs\":[\"https:\\\/\\\/www.linkedin.com\\\/company\\\/schweizerischer-verband-fr-weiterbildung-sveb\\\/\"]}]}<\/script>\n<!-- \/ Yoast SEO plugin. -->","yoast_head_json":{"title":"AdA-Baukastensystem - SVEB","description":"AdA steht f\u00fcr Professionalisierung der Erwachsenenbildung. Die AdA-Abschl\u00fcsse des Baukastens bieten umfassende Ausbildungen f\u00fcr Ausbildende.","robots":{"index":"index","follow":"follow","max-snippet":"max-snippet:-1","max-image-preview":"max-image-preview:large","max-video-preview":"max-video-preview:-1"},"canonical":"https:\/\/alice.ch\/de\/professionalisierung\/ada-baukastensystem\/","og_locale":"de_DE","og_type":"article","og_title":"AdA-Baukastensystem - SVEB","og_description":"AdA steht f\u00fcr Professionalisierung der Erwachsenenbildung. Die AdA-Abschl\u00fcsse des Baukastens bieten umfassende Ausbildungen f\u00fcr Ausbildende.","og_url":"https:\/\/alice.ch\/de\/professionalisierung\/ada-baukastensystem\/","og_site_name":"SVEB","article_modified_time":"2026-03-31T10:54:10+00:00","twitter_card":"summary_large_image","twitter_misc":{"Gesch\u00e4tzte Lesezeit":"3\u00a0Minuten"},"schema":{"@context":"https:\/\/schema.org","@graph":[{"@type":"WebPage","@id":"https:\/\/alice.ch\/de\/professionalisierung\/ada-baukastensystem\/","url":"https:\/\/alice.ch\/de\/professionalisierung\/ada-baukastensystem\/","name":"AdA-Baukastensystem - SVEB","isPartOf":{"@id":"https:\/\/alice.ch\/de\/#website"},"primaryImageOfPage":{"@id":"https:\/\/alice.ch\/de\/professionalisierung\/ada-baukastensystem\/#primaryimage"},"image":{"@id":"https:\/\/alice.ch\/de\/professionalisierung\/ada-baukastensystem\/#primaryimage"},"thumbnailUrl":"https:\/\/alice.ch\/app\/uploads\/2022\/11\/default.jpg","datePublished":"2022-08-16T15:31:01+00:00","dateModified":"2026-03-31T10:54:10+00:00","description":"AdA steht f\u00fcr Professionalisierung der Erwachsenenbildung. Die AdA-Abschl\u00fcsse des Baukastens bieten umfassende Ausbildungen f\u00fcr Ausbildende.","breadcrumb":{"@id":"https:\/\/alice.ch\/de\/professionalisierung\/ada-baukastensystem\/#breadcrumb"},"inLanguage":"de","potentialAction":[{"@type":"ReadAction","target":["https:\/\/alice.ch\/de\/professionalisierung\/ada-baukastensystem\/"]}]},{"@type":"ImageObject","inLanguage":"de","@id":"https:\/\/alice.ch\/de\/professionalisierung\/ada-baukastensystem\/#primaryimage","url":"https:\/\/alice.ch\/app\/uploads\/2022\/11\/default.jpg","contentUrl":"https:\/\/alice.ch\/app\/uploads\/2022\/11\/default.jpg","width":1600,"height":900},{"@type":"BreadcrumbList","@id":"https:\/\/alice.ch\/de\/professionalisierung\/ada-baukastensystem\/#breadcrumb","itemListElement":[{"@type":"ListItem","position":1,"name":"Startseite","item":"https:\/\/alice.ch\/de\/"},{"@type":"ListItem","position":2,"name":"Professionalisierung","item":"https:\/\/alice.ch\/de\/professionalisierung\/"},{"@type":"ListItem","position":3,"name":"AdA-Baukastensystem"}]},{"@type":"WebSite","@id":"https:\/\/alice.ch\/de\/#website","url":"https:\/\/alice.ch\/de\/","name":"alice.ch (Adult Learning Information Center) ist das Portal der Weiterbildung in der Schweiz.","description":"Schweizerischer Verband f\u00fcr Weiterbildung","publisher":{"@id":"https:\/\/alice.ch\/de\/#organization"},"potentialAction":[{"@type":"SearchAction","target":{"@type":"EntryPoint","urlTemplate":"https:\/\/alice.ch\/de\/?s={search_term_string}"},"query-input":{"@type":"PropertyValueSpecification","valueRequired":true,"valueName":"search_term_string"}}],"inLanguage":"de"},{"@type":"Organization","@id":"https:\/\/alice.ch\/de\/#organization","name":"SVEB Schweizerischer Verband f\u00fcr Weiterbildung","url":"https:\/\/alice.ch\/de\/","logo":{"@type":"ImageObject","inLanguage":"de","@id":"https:\/\/alice.ch\/de\/#\/schema\/logo\/image\/","url":"https:\/\/alice.ch\/app\/uploads\/2022\/07\/logo-sveb.png","contentUrl":"https:\/\/alice.ch\/app\/uploads\/2022\/07\/logo-sveb.png","width":145,"height":64,"caption":"SVEB Schweizerischer Verband f\u00fcr Weiterbildung"},"image":{"@id":"https:\/\/alice.ch\/de\/#\/schema\/logo\/image\/"},"sameAs":["https:\/\/www.linkedin.com\/company\/schweizerischer-verband-fr-weiterbildung-sveb\/"]}]}},"_links":{"self":[{"href":"https:\/\/alice.ch\/de\/wp-json\/wp\/v2\/pages\/551","targetHints":{"allow":["GET"]}}],"collection":[{"href":"https:\/\/alice.ch\/de\/wp-json\/wp\/v2\/pages"}],"about":[{"href":"https:\/\/alice.ch\/de\/wp-json\/wp\/v2\/types\/page"}],"author":[{"embeddable":true,"href":"https:\/\/alice.ch\/de\/wp-json\/wp\/v2\/users\/2"}],"replies":[{"embeddable":true,"href":"https:\/\/alice.ch\/de\/wp-json\/wp\/v2\/comments?post=551"}],"version-history":[{"count":66,"href":"https:\/\/alice.ch\/de\/wp-json\/wp\/v2\/pages\/551\/revisions"}],"predecessor-version":[{"id":74717,"href":"https:\/\/alice.ch\/de\/wp-json\/wp\/v2\/pages\/551\/revisions\/74717"}],"up":[{"embeddable":true,"href":"https:\/\/alice.ch\/de\/wp-json\/wp\/v2\/pages\/25"}],"wp:featuredmedia":[{"embeddable":true,"href":"https:\/\/alice.ch\/de\/wp-json\/wp\/v2\/media\/20799"}],"wp:attachment":[{"href":"https:\/\/alice.ch\/de\/wp-json\/wp\/v2\/media?parent=551"}],"curies":[{"name":"wp","href":"https:\/\/api.w.org\/{rel}","templated":true}]}}