{"id":557,"date":"2022-08-16T17:33:44","date_gmt":"2022-08-16T15:33:44","guid":{"rendered":"https:\/\/projects.atxeit.ch\/sveb\/?page_id=557"},"modified":"2023-12-01T13:59:00","modified_gmt":"2023-12-01T12:59:00","slug":"erwachsenenbildung-als-beruf","status":"publish","type":"page","link":"https:\/\/alice.ch\/de\/professionalisierung\/erwachsenenbildung-als-beruf\/","title":{"rendered":"Erwachsenenbildung als Beruf"},"content":{"rendered":"\n<div class=\"wp-block-group is-style-reduced-width is-layout-flow wp-block-group-is-layout-flow\">\n<h1 class=\"wp-block-heading\">Erwachsenenbildung als Beruf<\/h1>\n\n\n\n<p class=\"is-style-lead\">Wenn Fachleute ihr Fachwissen und Know-how weitergeben m\u00f6chten, brauchen sie die Kompetenz, ihr Wissen und Know-how professionell zu vermitteln.<\/p>\n\n\n\n<p>Die Wege in die Aus- und Weiterbildung von Erwachsenen sind vielf\u00e4ltig. So gibt es z. B. Zertifikate, Fachausweise, Diplome und verschiedene Weiterbildungsabschl\u00fcsse an Hochschulen (CAS, DAS, MAS). Jedes Angebot hat seine spezifischen Schwerpunkte. Sie unterscheiden sich beispielsweise im Verh\u00e4ltnis zwischen Theorie und Praxis. W\u00e4hrend AdA-Abschl\u00fcsse immer einen starken Bezug zur Praxis haben, kann ein universit\u00e4res CAS in Erwachsenenbildung einen geringen Praxisbezug aufweisen, daf\u00fcr mehr theoretisches Wissen sowie das R\u00fcstzeug f\u00fcr wissenschaftliches Arbeiten vermitteln.<\/p>\n\n\n\n<p><strong>Beispiel: Von der Praxis in den Kursraum<\/strong><\/p>\n\n\n\n<p>A. ist Pflegefachfrau mit langj\u00e4hriger Erfahrung und einer Spezialisierung in der Betreuung von Demenzkranken. Sie liebt ihren Beruf und gibt ihr Wissen gern an j\u00fcngere Berufskolleginnen sowie an die Angeh\u00f6rigen ihrer Patienten weiter. Mit 40 m\u00f6chte sie sich beruflich weiterentwickeln. Sie kann sich vorstellen, Kurse f\u00fcr Angeh\u00f6rige von Demenzkranken zu leiten. Um ihr Wissen professionell vermitteln zu k\u00f6nnen, erwirbt sie einen didaktischen Abschluss, zum Beispiel ein <a href=\"https:\/\/alice.ch\/de\/professionalisierung\/sveb-zertifikate-ausbilderin-ausbilder\">SVEB-Zertifikat<\/a>. Sie wird Ausbilderin, bleibt aber weiterhin als Pflegefachfrau in der Praxis t\u00e4tig.<\/p>\n\n\n\n<p>Das Aus- und Weiterbilden von Erwachsenen ist kein Erstberuf, sondern eine Zusatzqualifikation.<\/p>\n\n\n\n<h2 class=\"wp-block-heading\">AdA: Ausbildung der Ausbildenden<\/h2>\n\n\n\n<p class=\"is-style-default\">Der SVEB setzt sich seit Jahren f\u00fcr professionelle Ausbildende und qualitativ hochstehende Lernveranstaltungen und Bildungsangebote in der Aus- und Weiterbildung von Erwachsenen ein. Unser AdA-Baukastensystem umfasst Ausbildungen von der Stufe der Kursleitung und Einzelbegleitung bis zum Niveau der Ausbildungsleitung. Diese Ausbildungen stehen allen Personen offen, unabh\u00e4ngig davon, in welchem Berufsfeld sie unterrichten.<\/p>\n\n\n\n<h2 class=\"wp-block-heading\">Weitere Informationen<\/h2>\n\n\n\n<div class=\"wp-block-buttons is-layout-flex wp-block-buttons-is-layout-flex\">\n<div class=\"wp-block-button has-custom-width wp-block-button__width-50 is-style-outline is-style-outline--1\"><a class=\"wp-block-button__link wp-element-button\" href=\"https:\/\/alice.ch\/de\/professionalisierung\/ada-baukastensystem\/\">AdA-Baukastensystem<\/a><\/div>\n<\/div>\n\n\n\n<div class=\"wp-block-buttons is-layout-flex wp-block-buttons-is-layout-flex\">\n<div class=\"wp-block-button has-custom-width wp-block-button__width-50 is-style-outline is-style-outline--2\"><a class=\"wp-block-button__link wp-element-button\" href=\"https:\/\/alice.ch\/de\/professionalisierung\/ada-anbieter\/ada-plattformtagung\/\">AdA-Plattformtagung<\/a><\/div>\n<\/div>\n\n\n\n<div class=\"wp-block-buttons is-layout-flex wp-block-buttons-is-layout-flex\">\n<div class=\"wp-block-button has-custom-width wp-block-button__width-50 is-style-outline is-style-outline--3\"><a class=\"wp-block-button__link wp-element-button\" href=\"https:\/\/alice.ch\/de\/themen\/weiterbildung-schweiz\/\">Fachwissen zur Weiterbildung in der Schweiz<\/a><\/div>\n<\/div>\n\n\n\n<h2 class=\"wp-block-heading\">Kontakt<\/h2>\n\n\n\n<div class=\"wp-block-columns is-layout-flex wp-container-core-columns-is-layout-28f84493 wp-block-columns-is-layout-flex\">\n<div class=\"wp-block-column is-layout-flow wp-block-column-is-layout-flow\" style=\"flex-basis:50%\"><div class=\"contact-persons\">\n\n\t\t\t\t\t<div class=\"contact-person\">\n\t\t\t\t\tGesch\u00e4ftsstelle AdA<br \/>\t\t\t\t\tAnna Pi\u00f1ol<br \/>\t\t\t\t\t<br \/>\n\t\t\t\t\tHardstrasse 235<br \/>\r\n8005 Z\u00fcrich<br \/>\t\t\t\t\t<a href=\"tel:+41 (0)44 319 71 63\">+41 (0)44 319 71 63<\/a><br \/>\t\t\t\t\t<a href=\"mailto:ada@alice.ch\">ada@alice.ch<\/a><br \/>\t\t\t\t\t<\/div>\n\t\t\t\t\t<\/div>\n<\/div>\n\n\n\n<div class=\"wp-block-column is-layout-flow wp-block-column-is-layout-flow\" style=\"flex-basis:50%\"><\/div>\n<\/div>\n<\/div>\n\n\n\n<p><a id=\"_msocom_1\"><\/a><\/p>\n","protected":false},"excerpt":{"rendered":"<p>Erwachsenenbildung als Beruf Wenn Fachleute ihr Fachwissen und Know-how weitergeben m\u00f6chten, brauchen sie die Kompetenz, ihr Wissen und Know-how professionell [&hellip;]<\/p>\n","protected":false},"author":2,"featured_media":20799,"parent":25,"menu_order":431,"comment_status":"closed","ping_status":"closed","template":"","meta":{"_acf_changed":false,"inline_featured_image":false,"footnotes":""},"class_list":["post-557","page","type-page","status-publish","has-post-thumbnail","hentry"],"acf":[],"yoast_head":"<!-- This site is optimized with the Yoast SEO plugin v27.3 - https:\/\/yoast.com\/product\/yoast-seo-wordpress\/ -->\n<title>Erwachsenenbildung als Beruf - SVEB<\/title>\n<meta name=\"description\" content=\"Das AdA-Baukastensystem bietet Ausbildungen von der Stufe Kursleitung und Einzelbegleitung bis zur Ausbildungsleitung.\" \/>\n<meta name=\"robots\" content=\"index, follow, max-snippet:-1, max-image-preview:large, max-video-preview:-1\" \/>\n<link rel=\"canonical\" href=\"https:\/\/alice.ch\/de\/professionalisierung\/erwachsenenbildung-als-beruf\/\" \/>\n<meta property=\"og:locale\" content=\"de_DE\" \/>\n<meta property=\"og:type\" content=\"article\" \/>\n<meta property=\"og:title\" content=\"Erwachsenenbildung als Beruf - SVEB\" \/>\n<meta property=\"og:description\" content=\"Das AdA-Baukastensystem bietet Ausbildungen von der Stufe Kursleitung und Einzelbegleitung bis zur Ausbildungsleitung.\" \/>\n<meta property=\"og:url\" content=\"https:\/\/alice.ch\/de\/professionalisierung\/erwachsenenbildung-als-beruf\/\" \/>\n<meta property=\"og:site_name\" content=\"SVEB\" \/>\n<meta property=\"article:modified_time\" content=\"2023-12-01T12:59:00+00:00\" \/>\n<meta name=\"twitter:card\" content=\"summary_large_image\" \/>\n<meta name=\"twitter:label1\" content=\"Gesch\u00e4tzte Lesezeit\" \/>\n\t<meta name=\"twitter:data1\" content=\"2\u00a0Minuten\" \/>\n<script type=\"application\/ld+json\" class=\"yoast-schema-graph\">{\"@context\":\"https:\\\/\\\/schema.org\",\"@graph\":[{\"@type\":\"WebPage\",\"@id\":\"https:\\\/\\\/alice.ch\\\/de\\\/professionalisierung\\\/erwachsenenbildung-als-beruf\\\/\",\"url\":\"https:\\\/\\\/alice.ch\\\/de\\\/professionalisierung\\\/erwachsenenbildung-als-beruf\\\/\",\"name\":\"Erwachsenenbildung als Beruf - SVEB\",\"isPartOf\":{\"@id\":\"https:\\\/\\\/alice.ch\\\/de\\\/#website\"},\"primaryImageOfPage\":{\"@id\":\"https:\\\/\\\/alice.ch\\\/de\\\/professionalisierung\\\/erwachsenenbildung-als-beruf\\\/#primaryimage\"},\"image\":{\"@id\":\"https:\\\/\\\/alice.ch\\\/de\\\/professionalisierung\\\/erwachsenenbildung-als-beruf\\\/#primaryimage\"},\"thumbnailUrl\":\"https:\\\/\\\/alice.ch\\\/app\\\/uploads\\\/2022\\\/11\\\/default.jpg\",\"datePublished\":\"2022-08-16T15:33:44+00:00\",\"dateModified\":\"2023-12-01T12:59:00+00:00\",\"description\":\"Das AdA-Baukastensystem bietet Ausbildungen von der Stufe Kursleitung und Einzelbegleitung bis zur Ausbildungsleitung.\",\"breadcrumb\":{\"@id\":\"https:\\\/\\\/alice.ch\\\/de\\\/professionalisierung\\\/erwachsenenbildung-als-beruf\\\/#breadcrumb\"},\"inLanguage\":\"de\",\"potentialAction\":[{\"@type\":\"ReadAction\",\"target\":[\"https:\\\/\\\/alice.ch\\\/de\\\/professionalisierung\\\/erwachsenenbildung-als-beruf\\\/\"]}]},{\"@type\":\"ImageObject\",\"inLanguage\":\"de\",\"@id\":\"https:\\\/\\\/alice.ch\\\/de\\\/professionalisierung\\\/erwachsenenbildung-als-beruf\\\/#primaryimage\",\"url\":\"https:\\\/\\\/alice.ch\\\/app\\\/uploads\\\/2022\\\/11\\\/default.jpg\",\"contentUrl\":\"https:\\\/\\\/alice.ch\\\/app\\\/uploads\\\/2022\\\/11\\\/default.jpg\",\"width\":1600,\"height\":900},{\"@type\":\"BreadcrumbList\",\"@id\":\"https:\\\/\\\/alice.ch\\\/de\\\/professionalisierung\\\/erwachsenenbildung-als-beruf\\\/#breadcrumb\",\"itemListElement\":[{\"@type\":\"ListItem\",\"position\":1,\"name\":\"Startseite\",\"item\":\"https:\\\/\\\/alice.ch\\\/de\\\/\"},{\"@type\":\"ListItem\",\"position\":2,\"name\":\"Professionalisierung\",\"item\":\"https:\\\/\\\/alice.ch\\\/de\\\/professionalisierung\\\/\"},{\"@type\":\"ListItem\",\"position\":3,\"name\":\"Erwachsenenbildung als Beruf\"}]},{\"@type\":\"WebSite\",\"@id\":\"https:\\\/\\\/alice.ch\\\/de\\\/#website\",\"url\":\"https:\\\/\\\/alice.ch\\\/de\\\/\",\"name\":\"alice.ch (Adult Learning Information Center) ist das Portal der Weiterbildung in der Schweiz.\",\"description\":\"Schweizerischer Verband f\u00fcr Weiterbildung\",\"publisher\":{\"@id\":\"https:\\\/\\\/alice.ch\\\/de\\\/#organization\"},\"potentialAction\":[{\"@type\":\"SearchAction\",\"target\":{\"@type\":\"EntryPoint\",\"urlTemplate\":\"https:\\\/\\\/alice.ch\\\/de\\\/?s={search_term_string}\"},\"query-input\":{\"@type\":\"PropertyValueSpecification\",\"valueRequired\":true,\"valueName\":\"search_term_string\"}}],\"inLanguage\":\"de\"},{\"@type\":\"Organization\",\"@id\":\"https:\\\/\\\/alice.ch\\\/de\\\/#organization\",\"name\":\"SVEB Schweizerischer Verband f\u00fcr Weiterbildung\",\"url\":\"https:\\\/\\\/alice.ch\\\/de\\\/\",\"logo\":{\"@type\":\"ImageObject\",\"inLanguage\":\"de\",\"@id\":\"https:\\\/\\\/alice.ch\\\/de\\\/#\\\/schema\\\/logo\\\/image\\\/\",\"url\":\"https:\\\/\\\/alice.ch\\\/app\\\/uploads\\\/2022\\\/07\\\/logo-sveb.png\",\"contentUrl\":\"https:\\\/\\\/alice.ch\\\/app\\\/uploads\\\/2022\\\/07\\\/logo-sveb.png\",\"width\":145,\"height\":64,\"caption\":\"SVEB Schweizerischer Verband f\u00fcr Weiterbildung\"},\"image\":{\"@id\":\"https:\\\/\\\/alice.ch\\\/de\\\/#\\\/schema\\\/logo\\\/image\\\/\"},\"sameAs\":[\"https:\\\/\\\/www.linkedin.com\\\/company\\\/schweizerischer-verband-fr-weiterbildung-sveb\\\/\"]}]}<\/script>\n<!-- \/ Yoast SEO plugin. -->","yoast_head_json":{"title":"Erwachsenenbildung als Beruf - SVEB","description":"Das AdA-Baukastensystem bietet Ausbildungen von der Stufe Kursleitung und Einzelbegleitung bis zur Ausbildungsleitung.","robots":{"index":"index","follow":"follow","max-snippet":"max-snippet:-1","max-image-preview":"max-image-preview:large","max-video-preview":"max-video-preview:-1"},"canonical":"https:\/\/alice.ch\/de\/professionalisierung\/erwachsenenbildung-als-beruf\/","og_locale":"de_DE","og_type":"article","og_title":"Erwachsenenbildung als Beruf - SVEB","og_description":"Das AdA-Baukastensystem bietet Ausbildungen von der Stufe Kursleitung und Einzelbegleitung bis zur Ausbildungsleitung.","og_url":"https:\/\/alice.ch\/de\/professionalisierung\/erwachsenenbildung-als-beruf\/","og_site_name":"SVEB","article_modified_time":"2023-12-01T12:59:00+00:00","twitter_card":"summary_large_image","twitter_misc":{"Gesch\u00e4tzte Lesezeit":"2\u00a0Minuten"},"schema":{"@context":"https:\/\/schema.org","@graph":[{"@type":"WebPage","@id":"https:\/\/alice.ch\/de\/professionalisierung\/erwachsenenbildung-als-beruf\/","url":"https:\/\/alice.ch\/de\/professionalisierung\/erwachsenenbildung-als-beruf\/","name":"Erwachsenenbildung als Beruf - SVEB","isPartOf":{"@id":"https:\/\/alice.ch\/de\/#website"},"primaryImageOfPage":{"@id":"https:\/\/alice.ch\/de\/professionalisierung\/erwachsenenbildung-als-beruf\/#primaryimage"},"image":{"@id":"https:\/\/alice.ch\/de\/professionalisierung\/erwachsenenbildung-als-beruf\/#primaryimage"},"thumbnailUrl":"https:\/\/alice.ch\/app\/uploads\/2022\/11\/default.jpg","datePublished":"2022-08-16T15:33:44+00:00","dateModified":"2023-12-01T12:59:00+00:00","description":"Das AdA-Baukastensystem bietet Ausbildungen von der Stufe Kursleitung und Einzelbegleitung bis zur Ausbildungsleitung.","breadcrumb":{"@id":"https:\/\/alice.ch\/de\/professionalisierung\/erwachsenenbildung-als-beruf\/#breadcrumb"},"inLanguage":"de","potentialAction":[{"@type":"ReadAction","target":["https:\/\/alice.ch\/de\/professionalisierung\/erwachsenenbildung-als-beruf\/"]}]},{"@type":"ImageObject","inLanguage":"de","@id":"https:\/\/alice.ch\/de\/professionalisierung\/erwachsenenbildung-als-beruf\/#primaryimage","url":"https:\/\/alice.ch\/app\/uploads\/2022\/11\/default.jpg","contentUrl":"https:\/\/alice.ch\/app\/uploads\/2022\/11\/default.jpg","width":1600,"height":900},{"@type":"BreadcrumbList","@id":"https:\/\/alice.ch\/de\/professionalisierung\/erwachsenenbildung-als-beruf\/#breadcrumb","itemListElement":[{"@type":"ListItem","position":1,"name":"Startseite","item":"https:\/\/alice.ch\/de\/"},{"@type":"ListItem","position":2,"name":"Professionalisierung","item":"https:\/\/alice.ch\/de\/professionalisierung\/"},{"@type":"ListItem","position":3,"name":"Erwachsenenbildung als Beruf"}]},{"@type":"WebSite","@id":"https:\/\/alice.ch\/de\/#website","url":"https:\/\/alice.ch\/de\/","name":"alice.ch (Adult Learning Information Center) ist das Portal der Weiterbildung in der Schweiz.","description":"Schweizerischer Verband f\u00fcr Weiterbildung","publisher":{"@id":"https:\/\/alice.ch\/de\/#organization"},"potentialAction":[{"@type":"SearchAction","target":{"@type":"EntryPoint","urlTemplate":"https:\/\/alice.ch\/de\/?s={search_term_string}"},"query-input":{"@type":"PropertyValueSpecification","valueRequired":true,"valueName":"search_term_string"}}],"inLanguage":"de"},{"@type":"Organization","@id":"https:\/\/alice.ch\/de\/#organization","name":"SVEB Schweizerischer Verband f\u00fcr Weiterbildung","url":"https:\/\/alice.ch\/de\/","logo":{"@type":"ImageObject","inLanguage":"de","@id":"https:\/\/alice.ch\/de\/#\/schema\/logo\/image\/","url":"https:\/\/alice.ch\/app\/uploads\/2022\/07\/logo-sveb.png","contentUrl":"https:\/\/alice.ch\/app\/uploads\/2022\/07\/logo-sveb.png","width":145,"height":64,"caption":"SVEB Schweizerischer Verband f\u00fcr Weiterbildung"},"image":{"@id":"https:\/\/alice.ch\/de\/#\/schema\/logo\/image\/"},"sameAs":["https:\/\/www.linkedin.com\/company\/schweizerischer-verband-fr-weiterbildung-sveb\/"]}]}},"_links":{"self":[{"href":"https:\/\/alice.ch\/de\/wp-json\/wp\/v2\/pages\/557","targetHints":{"allow":["GET"]}}],"collection":[{"href":"https:\/\/alice.ch\/de\/wp-json\/wp\/v2\/pages"}],"about":[{"href":"https:\/\/alice.ch\/de\/wp-json\/wp\/v2\/types\/page"}],"author":[{"embeddable":true,"href":"https:\/\/alice.ch\/de\/wp-json\/wp\/v2\/users\/2"}],"replies":[{"embeddable":true,"href":"https:\/\/alice.ch\/de\/wp-json\/wp\/v2\/comments?post=557"}],"version-history":[{"count":30,"href":"https:\/\/alice.ch\/de\/wp-json\/wp\/v2\/pages\/557\/revisions"}],"predecessor-version":[{"id":50744,"href":"https:\/\/alice.ch\/de\/wp-json\/wp\/v2\/pages\/557\/revisions\/50744"}],"up":[{"embeddable":true,"href":"https:\/\/alice.ch\/de\/wp-json\/wp\/v2\/pages\/25"}],"wp:featuredmedia":[{"embeddable":true,"href":"https:\/\/alice.ch\/de\/wp-json\/wp\/v2\/media\/20799"}],"wp:attachment":[{"href":"https:\/\/alice.ch\/de\/wp-json\/wp\/v2\/media?parent=557"}],"curies":[{"name":"wp","href":"https:\/\/api.w.org\/{rel}","templated":true}]}}