{"id":576,"date":"2022-08-16T17:41:48","date_gmt":"2022-08-16T15:41:48","guid":{"rendered":"https:\/\/projects.atxeit.ch\/sveb\/?page_id=576"},"modified":"2024-02-22T15:59:19","modified_gmt":"2024-02-22T14:59:19","slug":"ada-anbieter-werden","status":"publish","type":"page","link":"https:\/\/alice.ch\/de\/professionalisierung\/ada-anbieter\/ada-anbieter-werden\/","title":{"rendered":"AdA-Anbieter werden"},"content":{"rendered":"\n<div class=\"wp-block-group is-style-reduced-width is-layout-flow wp-block-group-is-layout-flow\">\n<h1 class=\"wp-block-heading\">AdA-Module durchf\u00fchren<\/h1>\n\n\n\n<p class=\"is-style-lead\">Das AdA-Baukastensystem erm\u00f6glicht es Ausbildungsinstitutionen, Module aus dem AdA-Baukastensystem anzubieten. In einem Anerkennungsverfahren werden die Angebote nach klar definierten Kriterien beurteilt.<\/p>\n\n\n\n<p class=\"is-style-default\">Voraussetzung f\u00fcr eine Anerkennung als Modulanbieterin ist, dass die Lehrg\u00e4nge entsprechend den\u00a0 Modulbeschreibungen durchgef\u00fchrt werden.<\/p>\n\n\n\n<p class=\"is-style-default\"><strong>Eine im&nbsp;AdA-Baukastensystem&nbsp;anerkannte Ausbildungsinstitution hat die M\u00f6glichkeit,&nbsp;<\/strong><\/p>\n\n\n\n<ul class=\"wp-block-list\">\n<li>gesamtschweizerisch anerkannte Module als Abschluss zu einem Verbandszertifikat anzubieten (Stufe I = SVEB-Zertifikat)\u00a0<\/li>\n\n\n\n<li>Vorbereitungskurse f\u00fcr eidgen\u00f6ssisch anerkannte Abschl\u00fcsse anzubieten (Stufe II eidg. Fachausweis Ausbilder\/in Stufe III eidg. dipl. Ausbildungsleiter\/in)\u00a0\u00a0<\/li>\n\n\n\n<li>Modulzertifikate in delegierter Kompetenz auszustellen&nbsp;<\/li>\n<\/ul>\n\n\n\n<h2 class=\"wp-block-heading\">Das Anerkennungsverfahren \u2013  Ablauf<\/h2>\n\n\n\n<p>Anbietende Institutionen k\u00f6nnen die Qualit\u00e4t ihrer Modulinhalte im Anerkennungsverfahren \u00fcberpr\u00fcfen lassen. Bei positiver Beurteilung d\u00fcrfen diese Institutionen AdA-Module anbieten und die entsprechenden Modulzertifikate bzw. SVEB-Zertifikate erteilen.&nbsp;<\/p>\n\n\n\n<figure class=\"wp-block-table is-style-stripes\"><table><thead><tr><th class=\"has-text-align-left\" data-align=\"left\"><strong>Anbietende Institution<\/strong><\/th><th class=\"has-text-align-left\" data-align=\"left\"><strong>AdA-Baukasten-Syste<\/strong>m<\/th><\/tr><\/thead><tbody><tr><td class=\"has-text-align-left\" data-align=\"left\">Neues Angebot gestalten oder bereits bestehendes Angebot auf Vollst\u00e4ndigkeit in Bezug auf die Anforderungen im AdA-Baukasten \u00fcberpr\u00fcfen<br><br>Vollst\u00e4ndiges Dossier einreichen an:&nbsp;<br>Schweizerischer Verband f\u00fcr Weiterbildung SVEB<br>Gesch\u00e4ftsstelle AdA<br>Hardstrasse 235<br>8005 Z\u00fcrich<\/td><td class=\"has-text-align-left\" data-align=\"left\">\u2013 Informationen per Telefon oder Mail<br>\u2013 Dossier administrativ erfassen<br>\u2013 zuteilen von Expertinnen und Experten<br>\u2013 Rechnung stellen f\u00fcr die Dokumentenanalyse<\/td><\/tr><tr><td class=\"has-text-align-left\" data-align=\"left\"><\/td><td class=\"has-text-align-left\" data-align=\"left\">\u2013 Expertin\/Experte: Eingereichte Unterlagen \u00fcberpr\u00fcfen, Bericht verfassen und Antrag stellen.<br>Gesch\u00e4ftsleitung AdA: Bericht und Antrag \u00fcberpr\u00fcfen und entscheiden \u00fcber \u00abprovisorisch anerkannt oder nicht anerkannt\u00bb.<br>\u2013 Expertin\/Experte: Bericht mit Kommentaren, m\u00f6glichen Auflagen und\/oder Nachforderung von Unterlagen der Institution zustellen<\/td><\/tr><tr><td class=\"has-text-align-left\" data-align=\"left\">Bericht zur Kenntnis nehmen und, sofern notwendig, weitere Unterlagen aufgrund des Berichtes einreichen<\/td><td class=\"has-text-align-left\" data-align=\"left\"><br><br><br><\/td><\/tr><tr><td class=\"has-text-align-left\" data-align=\"left\">Datum f\u00fcr Institutionsbesuch mit dem\/der verantwortlichen Expertin\/Experte vereinbaren<\/td><td class=\"has-text-align-left\" data-align=\"left\"><\/td><\/tr><tr><td class=\"has-text-align-left\" data-align=\"left\">Die provisorische Anerkennung berechtigt die Institution das Angebot mit dem Vermerk \u00abim Anerkennungsverfahren\u00bb zu bewerben.<\/td><td class=\"has-text-align-left\" data-align=\"left\">Expertin\/Experte: Nachgelieferte Unterlagen vor dem Institutionsbesuch begutachten<\/td><\/tr><tr><td class=\"has-text-align-left\" data-align=\"left\">Institutionsbesuch durch Expertin\/Experte und evt. AdA-Gesch\u00e4ftsleitung zur Kontaktaufnahme, Einblick in anbietende Institution und Ausbildungsaktivit\u00e4t (nicht qualifizierend) und zur Besprechung des Anerkennungsberichtes<\/td><\/tr><tr><td class=\"has-text-align-left\" data-align=\"left\">Beim 2. Anerkennungsverfahren zus\u00e4tzlich Einblick ins Archiv<\/td><td class=\"has-text-align-left\" data-align=\"left\"><\/td><\/tr><tr><td class=\"has-text-align-left\" data-align=\"left\"><\/td><td class=\"has-text-align-left\" data-align=\"left\">Expertin\/Experte: Schlussbericht mit dem definitiven Antrag und allf\u00e4lligen Auflagen verfassen<\/td><\/tr><tr><td class=\"has-text-align-left\" data-align=\"left\">Schlussbericht zur Kenntnis nehmen und Stellungnahme zum Bericht und zum Verfahren abgeben<\/td><td class=\"has-text-align-left\" data-align=\"left\"><\/td><\/tr><tr><td class=\"has-text-align-left\" data-align=\"left\">Auflagen zu vereinbartem Datum erf\u00fcllen<\/td><td class=\"has-text-align-left\" data-align=\"left\"><\/td><\/tr><tr><td class=\"has-text-align-left\" data-align=\"left\"><\/td><td class=\"has-text-align-left\" data-align=\"left\">Gesch\u00e4ftsleitung: aufgrund des Schlussberichts \u00fcber den Antrag: \u00abdefinitiv anerkannt\/nicht anerkannt\u00bb entscheiden; Anerkennungsvertrag im Doppel ausstellen und zusammen mit dem Bericht der anbietenden Institution zustellen<\/td><\/tr><tr><td class=\"has-text-align-left\" data-align=\"left\">Ein Exemplar des unterschriebenen Vertrags an die Gesch\u00e4ftsstelle retournieren<\/td><td class=\"has-text-align-left\" data-align=\"left\">Unterlagen archivieren<br>Bei allf\u00e4lligen Auflagen: \u00fcberpr\u00fcfen<\/td><\/tr><\/tbody><\/table><\/figure>\n\n\n\n<h2 class=\"wp-block-heading\">Kontakt<\/h2>\n\n\n\n<div class=\"wp-block-columns is-layout-flex wp-container-core-columns-is-layout-28f84493 wp-block-columns-is-layout-flex\">\n<div class=\"wp-block-column is-layout-flow wp-block-column-is-layout-flow\" style=\"flex-basis:50%\"><div class=\"contact-persons\">\n\n\t\t\t\t\t<div class=\"contact-person\">\n\t\t\t\t\tAnna Pi\u00f1ol<br \/>\t\t\t\t\tSachbearbeiterin AdA-Baukasten, HFP, Anerkennungsverfahren<br \/>\t\t\t\t\t<br \/>\n\t\t\t\t\t\t\t\t\t\t<a href=\"tel:+41 (0)44 319 71 63\">+41 (0)44 319 71 63<\/a><br \/>\t\t\t\t\t<a href=\"mailto:anna.pinol@alice.ch\">anna.pinol@alice.ch<\/a><br \/>\t\t\t\t\t<\/div>\n\t\t\t\t\t<\/div>\n<\/div>\n\n\n\n<div class=\"wp-block-column is-layout-flow wp-block-column-is-layout-flow\" style=\"flex-basis:50%\"><\/div>\n<\/div>\n<\/div>\n","protected":false},"excerpt":{"rendered":"<p>AdA-Module durchf\u00fchren Das AdA-Baukastensystem erm\u00f6glicht es Ausbildungsinstitutionen, Module aus dem AdA-Baukastensystem anzubieten. In einem Anerkennungsverfahren werden die Angebote nach klar [&hellip;]<\/p>\n","protected":false},"author":2,"featured_media":20799,"parent":574,"menu_order":510,"comment_status":"closed","ping_status":"closed","template":"","meta":{"_acf_changed":false,"inline_featured_image":false,"footnotes":""},"class_list":["post-576","page","type-page","status-publish","has-post-thumbnail","hentry"],"acf":[],"yoast_head":"<!-- This site is optimized with the Yoast SEO plugin v27.3 - https:\/\/yoast.com\/product\/yoast-seo-wordpress\/ -->\n<title>AdA-Anbieter werden - SVEB<\/title>\n<meta name=\"description\" content=\"Informationen f\u00fcr Ausbildungsinstitutionen zum Ablauf des Anerkennungsverfahrens ihrer Angebote als AdA-Module\" \/>\n<meta name=\"robots\" content=\"index, follow, max-snippet:-1, max-image-preview:large, max-video-preview:-1\" \/>\n<link rel=\"canonical\" href=\"https:\/\/alice.ch\/de\/professionalisierung\/ada-anbieter\/ada-anbieter-werden\/\" \/>\n<meta property=\"og:locale\" content=\"de_DE\" \/>\n<meta property=\"og:type\" content=\"article\" \/>\n<meta property=\"og:title\" content=\"AdA-Anbieter werden - SVEB\" \/>\n<meta property=\"og:description\" content=\"Informationen f\u00fcr Ausbildungsinstitutionen zum Ablauf des Anerkennungsverfahrens ihrer Angebote als AdA-Module\" \/>\n<meta property=\"og:url\" content=\"https:\/\/alice.ch\/de\/professionalisierung\/ada-anbieter\/ada-anbieter-werden\/\" \/>\n<meta property=\"og:site_name\" content=\"SVEB\" \/>\n<meta property=\"article:modified_time\" content=\"2024-02-22T14:59:19+00:00\" \/>\n<meta name=\"twitter:card\" content=\"summary_large_image\" \/>\n<meta name=\"twitter:label1\" content=\"Gesch\u00e4tzte Lesezeit\" \/>\n\t<meta name=\"twitter:data1\" content=\"2\u00a0Minuten\" \/>\n<script type=\"application\/ld+json\" class=\"yoast-schema-graph\">{\"@context\":\"https:\\\/\\\/schema.org\",\"@graph\":[{\"@type\":\"WebPage\",\"@id\":\"https:\\\/\\\/alice.ch\\\/de\\\/professionalisierung\\\/ada-anbieter\\\/ada-anbieter-werden\\\/\",\"url\":\"https:\\\/\\\/alice.ch\\\/de\\\/professionalisierung\\\/ada-anbieter\\\/ada-anbieter-werden\\\/\",\"name\":\"AdA-Anbieter werden - SVEB\",\"isPartOf\":{\"@id\":\"https:\\\/\\\/alice.ch\\\/de\\\/#website\"},\"primaryImageOfPage\":{\"@id\":\"https:\\\/\\\/alice.ch\\\/de\\\/professionalisierung\\\/ada-anbieter\\\/ada-anbieter-werden\\\/#primaryimage\"},\"image\":{\"@id\":\"https:\\\/\\\/alice.ch\\\/de\\\/professionalisierung\\\/ada-anbieter\\\/ada-anbieter-werden\\\/#primaryimage\"},\"thumbnailUrl\":\"https:\\\/\\\/alice.ch\\\/app\\\/uploads\\\/2022\\\/11\\\/default.jpg\",\"datePublished\":\"2022-08-16T15:41:48+00:00\",\"dateModified\":\"2024-02-22T14:59:19+00:00\",\"description\":\"Informationen f\u00fcr Ausbildungsinstitutionen zum Ablauf des Anerkennungsverfahrens ihrer Angebote als AdA-Module\",\"breadcrumb\":{\"@id\":\"https:\\\/\\\/alice.ch\\\/de\\\/professionalisierung\\\/ada-anbieter\\\/ada-anbieter-werden\\\/#breadcrumb\"},\"inLanguage\":\"de\",\"potentialAction\":[{\"@type\":\"ReadAction\",\"target\":[\"https:\\\/\\\/alice.ch\\\/de\\\/professionalisierung\\\/ada-anbieter\\\/ada-anbieter-werden\\\/\"]}]},{\"@type\":\"ImageObject\",\"inLanguage\":\"de\",\"@id\":\"https:\\\/\\\/alice.ch\\\/de\\\/professionalisierung\\\/ada-anbieter\\\/ada-anbieter-werden\\\/#primaryimage\",\"url\":\"https:\\\/\\\/alice.ch\\\/app\\\/uploads\\\/2022\\\/11\\\/default.jpg\",\"contentUrl\":\"https:\\\/\\\/alice.ch\\\/app\\\/uploads\\\/2022\\\/11\\\/default.jpg\",\"width\":1600,\"height\":900},{\"@type\":\"BreadcrumbList\",\"@id\":\"https:\\\/\\\/alice.ch\\\/de\\\/professionalisierung\\\/ada-anbieter\\\/ada-anbieter-werden\\\/#breadcrumb\",\"itemListElement\":[{\"@type\":\"ListItem\",\"position\":1,\"name\":\"Startseite\",\"item\":\"https:\\\/\\\/alice.ch\\\/de\\\/\"},{\"@type\":\"ListItem\",\"position\":2,\"name\":\"Professionalisierung\",\"item\":\"https:\\\/\\\/alice.ch\\\/de\\\/professionalisierung\\\/\"},{\"@type\":\"ListItem\",\"position\":3,\"name\":\"AdA-Anbieter\",\"item\":\"https:\\\/\\\/alice.ch\\\/de\\\/professionalisierung\\\/ada-anbieter\\\/\"},{\"@type\":\"ListItem\",\"position\":4,\"name\":\"AdA-Anbieter werden\"}]},{\"@type\":\"WebSite\",\"@id\":\"https:\\\/\\\/alice.ch\\\/de\\\/#website\",\"url\":\"https:\\\/\\\/alice.ch\\\/de\\\/\",\"name\":\"alice.ch (Adult Learning Information Center) ist das Portal der Weiterbildung in der Schweiz.\",\"description\":\"Schweizerischer Verband f\u00fcr Weiterbildung\",\"publisher\":{\"@id\":\"https:\\\/\\\/alice.ch\\\/de\\\/#organization\"},\"potentialAction\":[{\"@type\":\"SearchAction\",\"target\":{\"@type\":\"EntryPoint\",\"urlTemplate\":\"https:\\\/\\\/alice.ch\\\/de\\\/?s={search_term_string}\"},\"query-input\":{\"@type\":\"PropertyValueSpecification\",\"valueRequired\":true,\"valueName\":\"search_term_string\"}}],\"inLanguage\":\"de\"},{\"@type\":\"Organization\",\"@id\":\"https:\\\/\\\/alice.ch\\\/de\\\/#organization\",\"name\":\"SVEB Schweizerischer Verband f\u00fcr Weiterbildung\",\"url\":\"https:\\\/\\\/alice.ch\\\/de\\\/\",\"logo\":{\"@type\":\"ImageObject\",\"inLanguage\":\"de\",\"@id\":\"https:\\\/\\\/alice.ch\\\/de\\\/#\\\/schema\\\/logo\\\/image\\\/\",\"url\":\"https:\\\/\\\/alice.ch\\\/app\\\/uploads\\\/2022\\\/07\\\/logo-sveb.png\",\"contentUrl\":\"https:\\\/\\\/alice.ch\\\/app\\\/uploads\\\/2022\\\/07\\\/logo-sveb.png\",\"width\":145,\"height\":64,\"caption\":\"SVEB Schweizerischer Verband f\u00fcr Weiterbildung\"},\"image\":{\"@id\":\"https:\\\/\\\/alice.ch\\\/de\\\/#\\\/schema\\\/logo\\\/image\\\/\"},\"sameAs\":[\"https:\\\/\\\/www.linkedin.com\\\/company\\\/schweizerischer-verband-fr-weiterbildung-sveb\\\/\"]}]}<\/script>\n<!-- \/ Yoast SEO plugin. -->","yoast_head_json":{"title":"AdA-Anbieter werden - SVEB","description":"Informationen f\u00fcr Ausbildungsinstitutionen zum Ablauf des Anerkennungsverfahrens ihrer Angebote als AdA-Module","robots":{"index":"index","follow":"follow","max-snippet":"max-snippet:-1","max-image-preview":"max-image-preview:large","max-video-preview":"max-video-preview:-1"},"canonical":"https:\/\/alice.ch\/de\/professionalisierung\/ada-anbieter\/ada-anbieter-werden\/","og_locale":"de_DE","og_type":"article","og_title":"AdA-Anbieter werden - SVEB","og_description":"Informationen f\u00fcr Ausbildungsinstitutionen zum Ablauf des Anerkennungsverfahrens ihrer Angebote als AdA-Module","og_url":"https:\/\/alice.ch\/de\/professionalisierung\/ada-anbieter\/ada-anbieter-werden\/","og_site_name":"SVEB","article_modified_time":"2024-02-22T14:59:19+00:00","twitter_card":"summary_large_image","twitter_misc":{"Gesch\u00e4tzte Lesezeit":"2\u00a0Minuten"},"schema":{"@context":"https:\/\/schema.org","@graph":[{"@type":"WebPage","@id":"https:\/\/alice.ch\/de\/professionalisierung\/ada-anbieter\/ada-anbieter-werden\/","url":"https:\/\/alice.ch\/de\/professionalisierung\/ada-anbieter\/ada-anbieter-werden\/","name":"AdA-Anbieter werden - SVEB","isPartOf":{"@id":"https:\/\/alice.ch\/de\/#website"},"primaryImageOfPage":{"@id":"https:\/\/alice.ch\/de\/professionalisierung\/ada-anbieter\/ada-anbieter-werden\/#primaryimage"},"image":{"@id":"https:\/\/alice.ch\/de\/professionalisierung\/ada-anbieter\/ada-anbieter-werden\/#primaryimage"},"thumbnailUrl":"https:\/\/alice.ch\/app\/uploads\/2022\/11\/default.jpg","datePublished":"2022-08-16T15:41:48+00:00","dateModified":"2024-02-22T14:59:19+00:00","description":"Informationen f\u00fcr Ausbildungsinstitutionen zum Ablauf des Anerkennungsverfahrens ihrer Angebote als AdA-Module","breadcrumb":{"@id":"https:\/\/alice.ch\/de\/professionalisierung\/ada-anbieter\/ada-anbieter-werden\/#breadcrumb"},"inLanguage":"de","potentialAction":[{"@type":"ReadAction","target":["https:\/\/alice.ch\/de\/professionalisierung\/ada-anbieter\/ada-anbieter-werden\/"]}]},{"@type":"ImageObject","inLanguage":"de","@id":"https:\/\/alice.ch\/de\/professionalisierung\/ada-anbieter\/ada-anbieter-werden\/#primaryimage","url":"https:\/\/alice.ch\/app\/uploads\/2022\/11\/default.jpg","contentUrl":"https:\/\/alice.ch\/app\/uploads\/2022\/11\/default.jpg","width":1600,"height":900},{"@type":"BreadcrumbList","@id":"https:\/\/alice.ch\/de\/professionalisierung\/ada-anbieter\/ada-anbieter-werden\/#breadcrumb","itemListElement":[{"@type":"ListItem","position":1,"name":"Startseite","item":"https:\/\/alice.ch\/de\/"},{"@type":"ListItem","position":2,"name":"Professionalisierung","item":"https:\/\/alice.ch\/de\/professionalisierung\/"},{"@type":"ListItem","position":3,"name":"AdA-Anbieter","item":"https:\/\/alice.ch\/de\/professionalisierung\/ada-anbieter\/"},{"@type":"ListItem","position":4,"name":"AdA-Anbieter werden"}]},{"@type":"WebSite","@id":"https:\/\/alice.ch\/de\/#website","url":"https:\/\/alice.ch\/de\/","name":"alice.ch (Adult Learning Information Center) ist das Portal der Weiterbildung in der Schweiz.","description":"Schweizerischer Verband f\u00fcr Weiterbildung","publisher":{"@id":"https:\/\/alice.ch\/de\/#organization"},"potentialAction":[{"@type":"SearchAction","target":{"@type":"EntryPoint","urlTemplate":"https:\/\/alice.ch\/de\/?s={search_term_string}"},"query-input":{"@type":"PropertyValueSpecification","valueRequired":true,"valueName":"search_term_string"}}],"inLanguage":"de"},{"@type":"Organization","@id":"https:\/\/alice.ch\/de\/#organization","name":"SVEB Schweizerischer Verband f\u00fcr Weiterbildung","url":"https:\/\/alice.ch\/de\/","logo":{"@type":"ImageObject","inLanguage":"de","@id":"https:\/\/alice.ch\/de\/#\/schema\/logo\/image\/","url":"https:\/\/alice.ch\/app\/uploads\/2022\/07\/logo-sveb.png","contentUrl":"https:\/\/alice.ch\/app\/uploads\/2022\/07\/logo-sveb.png","width":145,"height":64,"caption":"SVEB Schweizerischer Verband f\u00fcr Weiterbildung"},"image":{"@id":"https:\/\/alice.ch\/de\/#\/schema\/logo\/image\/"},"sameAs":["https:\/\/www.linkedin.com\/company\/schweizerischer-verband-fr-weiterbildung-sveb\/"]}]}},"_links":{"self":[{"href":"https:\/\/alice.ch\/de\/wp-json\/wp\/v2\/pages\/576","targetHints":{"allow":["GET"]}}],"collection":[{"href":"https:\/\/alice.ch\/de\/wp-json\/wp\/v2\/pages"}],"about":[{"href":"https:\/\/alice.ch\/de\/wp-json\/wp\/v2\/types\/page"}],"author":[{"embeddable":true,"href":"https:\/\/alice.ch\/de\/wp-json\/wp\/v2\/users\/2"}],"replies":[{"embeddable":true,"href":"https:\/\/alice.ch\/de\/wp-json\/wp\/v2\/comments?post=576"}],"version-history":[{"count":22,"href":"https:\/\/alice.ch\/de\/wp-json\/wp\/v2\/pages\/576\/revisions"}],"predecessor-version":[{"id":57885,"href":"https:\/\/alice.ch\/de\/wp-json\/wp\/v2\/pages\/576\/revisions\/57885"}],"up":[{"embeddable":true,"href":"https:\/\/alice.ch\/de\/wp-json\/wp\/v2\/pages\/574"}],"wp:featuredmedia":[{"embeddable":true,"href":"https:\/\/alice.ch\/de\/wp-json\/wp\/v2\/media\/20799"}],"wp:attachment":[{"href":"https:\/\/alice.ch\/de\/wp-json\/wp\/v2\/media?parent=576"}],"curies":[{"name":"wp","href":"https:\/\/api.w.org\/{rel}","templated":true}]}}