{"id":578,"date":"2022-08-16T17:42:22","date_gmt":"2022-08-16T15:42:22","guid":{"rendered":"https:\/\/projects.atxeit.ch\/sveb\/?page_id=578"},"modified":"2025-12-16T15:14:22","modified_gmt":"2025-12-16T14:14:22","slug":"informationen-fuer-anbieter","status":"publish","type":"page","link":"https:\/\/alice.ch\/de\/professionalisierung\/ada-anbieter\/informationen-fuer-anbieter\/","title":{"rendered":"Informationen f\u00fcr Anbieter"},"content":{"rendered":"\n<div class=\"wp-block-group is-style-reduced-width is-layout-constrained wp-block-group-is-layout-constrained\">\n<div class=\"wp-block-group is-style-default is-layout-constrained wp-block-group-is-layout-constrained\">\n<h1 class=\"wp-block-heading\">Informiert bleiben \u2013 Informationen f\u00fcr AdA-Anbieter<\/h1>\n\n\n\n<p class=\"is-style-lead\">Die Gesch\u00e4ftsstelle AdA informiert ein bis zwei Mal pro Jahr mit einem AdA-Mailing \u00fcber Neuerungen und Entwicklungen im AdA-System. Auch vertragsrelevante Informationen und allgemeine R\u00fcckmeldungen zu den eidgen\u00f6ssischen Pr\u00fcfungen werden \u00fcber diesen Kanal kommuniziert.<\/p>\n\n\n\n<p>Hier finden Sie die aktuellen Informationen und Weisungen der Gesch\u00e4ftsstelle AdA:<\/p>\n\n\n\n<div class=\"wp-block-columns is-layout-flex wp-container-core-columns-is-layout-28f84493 wp-block-columns-is-layout-flex\">\n<div class=\"wp-block-column is-layout-flow wp-block-column-is-layout-flow\" style=\"flex-basis:50%\">\n<div class=\"wp-block-file\"><a id=\"wp-block-file--media-eec9df04-5b29-4ed0-89c9-db8c1ad39e07\" href=\"https:\/\/alice.ch\/app\/uploads\/2023\/12\/uebergangsregelungen.pdf\">\u00dcbergangsregelungen<br \/>PDF &#8211; 72 KB<\/a><\/div>\n\n\n\n<div class=\"wp-block-file\"><a id=\"wp-block-file--media-eec9df04-5b29-4ed0-89c9-db8c1ad39e07\" href=\"https:\/\/alice.ch\/app\/uploads\/2022\/11\/Event_INFO_FA_2023_final.pdf\" target=\"_blank\" rel=\"noreferrer noopener\">Pr\u00e4sentation Info-Veranstaltung \u00abFachausweis<br>Ausbilderin\/Ausbilder 2023\u00bb<br \/>PDF &#8211; 1 MB<\/a><\/div>\n<\/div>\n\n\n\n<div class=\"wp-block-column is-layout-flow wp-block-column-is-layout-flow\" style=\"flex-basis:50%\"><\/div>\n<\/div>\n\n\n\n<div class=\"wp-block-group is-style-run-to-edge has-primary-background-color has-background is-layout-flow wp-block-group-is-layout-flow\">\n<p class=\"is-style-default has-background-color has-text-color has-large-font-size\"><strong>Online-Anteile f\u00fcr AKV nach System 2015<\/strong><\/p>\n\n\n\n<p class=\"is-style-default has-background-color has-text-color has-medium-font-size\">Es gelten bis zur Anerkennung nach System 2023 die in folgendem Dokument festgehaltenen Zeiten:<br><br><a href=\"https:\/\/alice.ch\/app\/uploads\/2022\/11\/20220113_AdA-Sonderregelungen_Corona.pdf\" target=\"_blank\" rel=\"noreferrer noopener\">Sonderregelungen Covid-19-Pandemie<\/a><\/p>\n<\/div>\n\n\n\n<h2 class=\"wp-block-heading\">AdA-Mailing abonnieren<\/h2>\n\n\n\n<div class=\"wp-block-contact-form-7-contact-form-selector\">\n<div class=\"wpcf7 no-js\" id=\"wpcf7-f2894-o1\" lang=\"de-DE\" dir=\"ltr\" data-wpcf7-id=\"2894\">\n<div class=\"screen-reader-response\"><p role=\"status\" aria-live=\"polite\" aria-atomic=\"true\"><\/p> <ul><\/ul><\/div>\n<form action=\"\/de\/wp-json\/wp\/v2\/pages\/578#wpcf7-f2894-o1\" method=\"post\" class=\"wpcf7-form init\" aria-label=\"Kontaktformular\" novalidate=\"novalidate\" data-status=\"init\">\n<fieldset class=\"hidden-fields-container\"><input type=\"hidden\" name=\"_wpcf7\" value=\"2894\" \/><input type=\"hidden\" name=\"_wpcf7_version\" value=\"6.1.5\" \/><input type=\"hidden\" name=\"_wpcf7_locale\" value=\"de_DE\" \/><input type=\"hidden\" name=\"_wpcf7_unit_tag\" value=\"wpcf7-f2894-o1\" \/><input type=\"hidden\" name=\"_wpcf7_container_post\" value=\"0\" \/><input type=\"hidden\" name=\"_wpcf7_posted_data_hash\" value=\"\" \/>\n<\/fieldset>\n<p><label>Organisation<br \/>\n<span class=\"wpcf7-form-control-wrap\" data-name=\"your-organisation\"><input size=\"40\" maxlength=\"400\" class=\"wpcf7-form-control wpcf7-text\" aria-invalid=\"false\" placeholder=\"Musterfirma\" value=\"\" type=\"text\" name=\"your-organisation\" \/><\/span><\/label><br \/>\n<label>Vorname*<br \/>\n<span class=\"wpcf7-form-control-wrap\" data-name=\"your-forename\"><input size=\"40\" maxlength=\"400\" class=\"wpcf7-form-control wpcf7-text wpcf7-validates-as-required\" aria-required=\"true\" aria-invalid=\"false\" placeholder=\"Petra\" value=\"\" type=\"text\" name=\"your-forename\" \/><\/span><\/label><br \/>\n<label>Nachname*<br \/>\n<span class=\"wpcf7-form-control-wrap\" data-name=\"your-name\"><input size=\"40\" maxlength=\"400\" class=\"wpcf7-form-control wpcf7-text wpcf7-validates-as-required\" aria-required=\"true\" aria-invalid=\"false\" placeholder=\"Muster\" value=\"\" type=\"text\" name=\"your-name\" \/><\/span><\/label><br \/>\n<label>E-Mail-Adresse*<br \/>\n<span class=\"wpcf7-form-control-wrap\" data-name=\"your-email\"><input size=\"40\" maxlength=\"400\" class=\"wpcf7-form-control wpcf7-email wpcf7-validates-as-required wpcf7-text wpcf7-validates-as-email\" aria-required=\"true\" aria-invalid=\"false\" placeholder=\"petra.muster@alice.ch\" value=\"\" type=\"email\" name=\"your-email\" \/><\/span> <\/label><br \/>\n<label>Ihre Nachricht<br \/>\n<span class=\"wpcf7-form-control-wrap\" data-name=\"Nachricht\"><input size=\"40\" maxlength=\"400\" class=\"wpcf7-form-control wpcf7-text\" aria-invalid=\"false\" placeholder=\"\" value=\"\" type=\"text\" name=\"Nachricht\" \/><\/span><\/label>\n<\/p>\n<p><span id=\"wpcf7-69eb46675828a-wrapper\" class=\"wpcf7-form-control-wrap honeypot-113-wrap\" style=\"display:none !important; visibility:hidden !important;\"><label for=\"wpcf7-69eb46675828a-field\" class=\"hp-message\">Bitte lasse dieses Feld leer.<\/label><input id=\"wpcf7-69eb46675828a-field\"  class=\"wpcf7-form-control wpcf7-text\" type=\"text\" name=\"honeypot-113\" value=\"\" size=\"40\" tabindex=\"-1\" autocomplete=\"new-password\" \/><\/span>\n<\/p>\n<p><input class=\"wpcf7-form-control wpcf7-submit has-spinner\" type=\"submit\" value=\"Senden\" \/><br \/>\n*Pflichtfelder\n<\/p><div class=\"cf7-cookie-message\" style=\"margin-top:1em;color:#000;\">Bitte akzeptieren Sie die Cookies, um das Formular absenden zu k\u00f6nnen.<\/div><div class=\"wpcf7-response-output\" aria-hidden=\"true\"><\/div>\n<\/form>\n<\/div>\n<\/div>\n\n\n\n<h2 class=\"wp-block-heading\">Informationen und Weisungen der Gesch\u00e4ftsstelle AdA<\/h2>\n\n\n\n<div class=\"wp-block-columns is-layout-flex wp-container-core-columns-is-layout-28f84493 wp-block-columns-is-layout-flex\">\n<div class=\"wp-block-column is-layout-flow wp-block-column-is-layout-flow\" style=\"flex-basis:100%\">\n<div class=\"wp-block-columns is-layout-flex wp-container-core-columns-is-layout-28f84493 wp-block-columns-is-layout-flex\">\n<div class=\"wp-block-column is-layout-flow wp-block-column-is-layout-flow\" style=\"flex-basis:50%\">\n<div class=\"wp-block-file\"><a id=\"wp-block-file--media-7aebd69c-c117-4751-932e-7d5e797820fc\" href=\"https:\/\/alice.ch\/app\/uploads\/2025\/12\/infomailing-pruefungsgebuehren.pdf\">Information \u00fcber Anpassung Pr\u00fcfungsgeb\u00fchr, Dezember 2025<br \/>PDF &#8211; 36 KB<\/a><a href=\"https:\/\/alice.ch\/app\/uploads\/2025\/12\/infomailing-pruefungsgebuehren.pdf\" class=\"wp-block-file__button wp-element-button\" download aria-describedby=\"wp-block-file--media-7aebd69c-c117-4751-932e-7d5e797820fc\">Herunterladen<br \/>PDF &#8211; 36 KB<\/a><\/div>\n\n\n\n<div class=\"wp-block-file\"><a id=\"wp-block-file--media-2335d9df-576e-4feb-ae53-906090e4ea87\" href=\"https:\/\/alice.ch\/app\/uploads\/2025\/07\/d-ada-infomailing-2025-1.pdf\">Informationen und Weisungen der Gesch\u00e4ftsstelle AdA vom Juli 2025<br \/>PDF &#8211; 249 KB<\/a><a href=\"https:\/\/alice.ch\/app\/uploads\/2025\/07\/d-ada-infomailing-2025-1.pdf\" class=\"wp-block-file__button wp-element-button\" download aria-describedby=\"wp-block-file--media-2335d9df-576e-4feb-ae53-906090e4ea87\">Herunterladen<br \/>PDF &#8211; 249 KB<\/a><\/div>\n\n\n\n<div class=\"wp-block-file\"><a id=\"wp-block-file--media-f950bfd7-f6bc-4da4-bd08-d6dac931003a\" href=\"https:\/\/alice.ch\/app\/uploads\/2024\/03\/d-infomailing-2024-2.pdf\">Informationen und Weisungen der Gesch\u00e4ftsstelle AdA vom M\u00e4rz 2024<br \/>PDF &#8211; 172 KB<\/a><a href=\"https:\/\/alice.ch\/app\/uploads\/2024\/03\/d-infomailing-2024-2.pdf\" class=\"wp-block-file__button wp-element-button\" download aria-describedby=\"wp-block-file--media-f950bfd7-f6bc-4da4-bd08-d6dac931003a\">Herunterladen<br \/>PDF &#8211; 172 KB<\/a><\/div>\n\n\n\n<div class=\"wp-block-file\"><a id=\"wp-block-file--media-1fbb67de-9e2e-4fe0-b833-32e728a514a9\" href=\"https:\/\/alice.ch\/app\/uploads\/2023\/12\/infomail-2023.02-d.pdf\">Informationen und Weisungen der Gesch\u00e4ftsstelle AdA vom November 2023<br \/>PDF &#8211; 137 KB<\/a><a href=\"https:\/\/alice.ch\/app\/uploads\/2023\/12\/infomail-2023.02-d.pdf\" class=\"wp-block-file__button wp-element-button\" download aria-describedby=\"wp-block-file--media-1fbb67de-9e2e-4fe0-b833-32e728a514a9\">Herunterladen<br \/>PDF &#8211; 137 KB<\/a><\/div>\n<\/div>\n\n\n\n<div class=\"wp-block-column is-layout-flow wp-block-column-is-layout-flow\" style=\"flex-basis:50%\">\n<div class=\"wp-block-file\"><a id=\"wp-block-file--media-2556af07-5946-4c56-ba03-2a95a9da9d97\" href=\"https:\/\/alice.ch\/app\/uploads\/2025\/12\/infomailing-logo.pdf\">Information \u00fcber Anpassung Logo, November 2025<br \/>PDF &#8211; 204 KB<\/a><a href=\"https:\/\/alice.ch\/app\/uploads\/2025\/12\/infomailing-logo.pdf\" class=\"wp-block-file__button wp-element-button\" download aria-describedby=\"wp-block-file--media-2556af07-5946-4c56-ba03-2a95a9da9d97\">Herunterladen<br \/>PDF &#8211; 204 KB<\/a><\/div>\n\n\n\n<div class=\"wp-block-file\"><a id=\"wp-block-file--media-b535d101-0951-4add-8e53-3e56a894a2be\" href=\"https:\/\/alice.ch\/app\/uploads\/2024\/10\/d-ada-infomailing-2024-3.pdf\">Informationen und Weisungen der Gesch\u00e4ftstelle AdA vom Oktober 2024<br \/>PDF &#8211; 223 KB<\/a><a href=\"https:\/\/alice.ch\/app\/uploads\/2024\/10\/d-ada-infomailing-2024-3.pdf\" class=\"wp-block-file__button wp-element-button\" download aria-describedby=\"wp-block-file--media-b535d101-0951-4add-8e53-3e56a894a2be\">Herunterladen<br \/>PDF &#8211; 223 KB<\/a><\/div>\n\n\n\n<div class=\"wp-block-file\"><a id=\"wp-block-file--media-1006c977-2134-4e84-b43d-1055eb9c5eb9\" href=\"https:\/\/alice.ch\/app\/uploads\/2024\/02\/Infomailing_2024_Februar.pdf\">Informationen und Weisungen der Gesch\u00e4ftsstelle AdA vom Februar 2024<br \/>PDF &#8211; 138 KB<\/a><a href=\"https:\/\/alice.ch\/app\/uploads\/2024\/02\/Infomailing_2024_Februar.pdf\" class=\"wp-block-file__button wp-element-button\" download aria-describedby=\"wp-block-file--media-1006c977-2134-4e84-b43d-1055eb9c5eb9\">Herunterladen<br \/>PDF &#8211; 138 KB<\/a><\/div>\n\n\n\n<div class=\"wp-block-file\"><a id=\"wp-block-file--media-1fbb67de-9e2e-4fe0-b833-32e728a514a9\" href=\"https:\/\/alice.ch\/app\/uploads\/2023\/10\/AdA-Infomail-Juni-2023-.pdf\">Informationen und Weisungen der Gesch\u00e4ftsstelle AdA vom Juni 2023<br \/>PDF &#8211; 191 KB<\/a><a href=\"https:\/\/alice.ch\/app\/uploads\/2023\/10\/AdA-Infomail-Juni-2023-.pdf\" class=\"wp-block-file__button wp-element-button\" download aria-describedby=\"wp-block-file--media-1fbb67de-9e2e-4fe0-b833-32e728a514a9\">Herunterladen<br \/>PDF &#8211; 191 KB<\/a><\/div>\n<\/div>\n<\/div>\n<\/div>\n<\/div>\n\n\n\n<h2 class=\"wp-block-heading\">Archiv<\/h2>\n\n\n\n<div class=\"wp-block-columns is-layout-flex wp-container-core-columns-is-layout-28f84493 wp-block-columns-is-layout-flex\">\n<div class=\"wp-block-column is-layout-flow wp-block-column-is-layout-flow\">\n<div class=\"wp-block-columns is-layout-flex wp-container-core-columns-is-layout-28f84493 wp-block-columns-is-layout-flex\">\n<div class=\"wp-block-column is-layout-flow wp-block-column-is-layout-flow\" style=\"flex-basis:100%\">\n<div class=\"wp-block-group is-layout-constrained wp-block-group-is-layout-constrained\">\n<div class=\"wp-block-file\"><a id=\"wp-block-file--media-eec9df04-5b29-4ed0-89c9-db8c1ad39e07\" href=\"https:\/\/alice.ch\/app\/uploads\/2023\/01\/Infomailing-20.12.2022_def._d.pdf\" target=\"_blank\" rel=\"noreferrer noopener\">Informationen und Weisungen der Gesch\u00e4ftsstelle AdA vom Dezember 2022<br \/>PDF &#8211; 19 KB<\/a><\/div>\n\n\n\n<div class=\"wp-block-file\"><a id=\"wp-block-file--media-eec9df04-5b29-4ed0-89c9-db8c1ad39e07\" href=\"https:\/\/alice.ch\/app\/uploads\/2023\/01\/Info-AdA-2022.05.20_links-angepasst.pdf\" target=\"_blank\" rel=\"noreferrer noopener\">Informationen und Weisungen der Gesch\u00e4ftsstelle AdA vom Mai 2022<br \/>PDF &#8211; 151 KB<\/a><\/div>\n\n\n\n<div class=\"wp-block-file\"><a id=\"wp-block-file--media-eec9df04-5b29-4ed0-89c9-db8c1ad39e07\" href=\"https:\/\/alice.ch\/app\/uploads\/2023\/01\/Info-AdA-2022.02.01_Links-aktualisiert_230124.pdf\" target=\"_blank\" rel=\"noreferrer noopener\">Informationen und Weisungen der Gesch\u00e4ftsstelle AdA vom Februar 2022<br \/>PDF &#8211; 179 KB<\/a><\/div>\n<\/div>\n<\/div>\n<\/div>\n<\/div>\n\n\n\n<div class=\"wp-block-column is-layout-flow wp-block-column-is-layout-flow\"><\/div>\n<\/div>\n\n\n\n<h2 class=\"wp-block-heading\">Weitere Informationen<\/h2>\n\n\n\n<div class=\"wp-block-buttons is-layout-flex wp-block-buttons-is-layout-flex\">\n<div class=\"wp-block-button has-custom-width wp-block-button__width-50 is-style-outline is-style-outline--1\"><a class=\"wp-block-button__link wp-element-button\" href=\"https:\/\/alice.ch\/de\/professionalisierung\/ada-anbieter\/informationen-fuer-anbieter\/dokumente-ada\/\">Dokumente f\u00fcr AdA-Anbieter<\/a><\/div>\n<\/div>\n<\/div>\n\n\n\n<div class=\"wp-block-group is-style-default is-layout-constrained wp-block-group-is-layout-constrained\">\n<div class=\"wp-block-buttons is-layout-flex wp-block-buttons-is-layout-flex\">\n<div class=\"wp-block-button has-custom-width wp-block-button__width-50 is-style-outline is-style-outline--2\"><a class=\"wp-block-button__link wp-element-button\" href=\"https:\/\/alice.ch\/de\/professionalisierung\/ada-baukastensystem\/ada-kurse-finden\/\">AdA-Kurse finden \u2013 Anerkannte Modul-Angebote<\/a><\/div>\n<\/div>\n\n\n\n<h2 class=\"wp-block-heading\">Kontakt<\/h2>\n\n\n\n<div class=\"wp-block-columns is-layout-flex wp-container-core-columns-is-layout-28f84493 wp-block-columns-is-layout-flex\">\n<div class=\"wp-block-column is-layout-flow wp-block-column-is-layout-flow\" style=\"flex-basis:50%\"><div class=\"contact-persons\">\n\n\t\t\t\t\t<div class=\"contact-person\">\n\t\t\t\t\tGesch\u00e4ftsstelle AdA<br \/>\t\t\t\t\tAnna Pi\u00f1ol<br \/>\t\t\t\t\t<br \/>\n\t\t\t\t\tHardstrasse 235<br \/>\r\n8005 Z\u00fcrich<br \/>\t\t\t\t\t<a href=\"tel:+41 (0)44 319 71 63\">+41 (0)44 319 71 63<\/a><br \/>\t\t\t\t\t<a href=\"mailto:ada@alice.ch\">ada@alice.ch<\/a><br \/>\t\t\t\t\t<\/div>\n\t\t\t\t\t<\/div>\n<\/div>\n\n\n\n<div class=\"wp-block-column is-layout-flow wp-block-column-is-layout-flow\" style=\"flex-basis:50%\"><\/div>\n<\/div>\n<\/div>\n<\/div>\n","protected":false},"excerpt":{"rendered":"<p>Informiert bleiben \u2013 Informationen f\u00fcr AdA-Anbieter Die Gesch\u00e4ftsstelle AdA informiert ein bis zwei Mal pro Jahr mit einem AdA-Mailing \u00fcber [&hellip;]<\/p>\n","protected":false},"author":2,"featured_media":20799,"parent":574,"menu_order":239,"comment_status":"closed","ping_status":"closed","template":"","meta":{"_acf_changed":false,"inline_featured_image":false,"footnotes":""},"class_list":["post-578","page","type-page","status-publish","has-post-thumbnail","hentry"],"acf":[],"yoast_head":"<!-- This site is optimized with the Yoast SEO plugin v27.3 - https:\/\/yoast.com\/product\/yoast-seo-wordpress\/ -->\n<title>Informationen f\u00fcr Anbieter - SVEB<\/title>\n<meta name=\"description\" content=\"Die Gesch\u00e4ftsstelle AdA informiert ein bis zwei Mal pro Jahr mit einem AdA-Mailing \u00fcber Neuerungen und Entwicklungen im AdA-System.\" \/>\n<meta name=\"robots\" content=\"index, follow, max-snippet:-1, max-image-preview:large, max-video-preview:-1\" \/>\n<link rel=\"canonical\" href=\"https:\/\/alice.ch\/de\/professionalisierung\/ada-anbieter\/informationen-fuer-anbieter\/\" \/>\n<meta property=\"og:locale\" content=\"de_DE\" \/>\n<meta property=\"og:type\" content=\"article\" \/>\n<meta property=\"og:title\" content=\"Informationen f\u00fcr Anbieter - SVEB\" \/>\n<meta property=\"og:description\" content=\"Die Gesch\u00e4ftsstelle AdA informiert ein bis zwei Mal pro Jahr mit einem AdA-Mailing \u00fcber Neuerungen und Entwicklungen im AdA-System.\" \/>\n<meta property=\"og:url\" content=\"https:\/\/alice.ch\/de\/professionalisierung\/ada-anbieter\/informationen-fuer-anbieter\/\" \/>\n<meta property=\"og:site_name\" content=\"SVEB\" \/>\n<meta property=\"article:modified_time\" content=\"2025-12-16T14:14:22+00:00\" \/>\n<meta name=\"twitter:card\" content=\"summary_large_image\" \/>\n<meta name=\"twitter:label1\" content=\"Gesch\u00e4tzte Lesezeit\" \/>\n\t<meta name=\"twitter:data1\" content=\"1\u00a0Minute\" \/>\n<script type=\"application\/ld+json\" class=\"yoast-schema-graph\">{\"@context\":\"https:\\\/\\\/schema.org\",\"@graph\":[{\"@type\":\"WebPage\",\"@id\":\"https:\\\/\\\/alice.ch\\\/de\\\/professionalisierung\\\/ada-anbieter\\\/informationen-fuer-anbieter\\\/\",\"url\":\"https:\\\/\\\/alice.ch\\\/de\\\/professionalisierung\\\/ada-anbieter\\\/informationen-fuer-anbieter\\\/\",\"name\":\"Informationen f\u00fcr Anbieter - SVEB\",\"isPartOf\":{\"@id\":\"https:\\\/\\\/alice.ch\\\/de\\\/#website\"},\"primaryImageOfPage\":{\"@id\":\"https:\\\/\\\/alice.ch\\\/de\\\/professionalisierung\\\/ada-anbieter\\\/informationen-fuer-anbieter\\\/#primaryimage\"},\"image\":{\"@id\":\"https:\\\/\\\/alice.ch\\\/de\\\/professionalisierung\\\/ada-anbieter\\\/informationen-fuer-anbieter\\\/#primaryimage\"},\"thumbnailUrl\":\"https:\\\/\\\/alice.ch\\\/app\\\/uploads\\\/2022\\\/11\\\/default.jpg\",\"datePublished\":\"2022-08-16T15:42:22+00:00\",\"dateModified\":\"2025-12-16T14:14:22+00:00\",\"description\":\"Die Gesch\u00e4ftsstelle AdA informiert ein bis zwei Mal pro Jahr mit einem AdA-Mailing \u00fcber Neuerungen und Entwicklungen im AdA-System.\",\"breadcrumb\":{\"@id\":\"https:\\\/\\\/alice.ch\\\/de\\\/professionalisierung\\\/ada-anbieter\\\/informationen-fuer-anbieter\\\/#breadcrumb\"},\"inLanguage\":\"de\",\"potentialAction\":[{\"@type\":\"ReadAction\",\"target\":[\"https:\\\/\\\/alice.ch\\\/de\\\/professionalisierung\\\/ada-anbieter\\\/informationen-fuer-anbieter\\\/\"]}]},{\"@type\":\"ImageObject\",\"inLanguage\":\"de\",\"@id\":\"https:\\\/\\\/alice.ch\\\/de\\\/professionalisierung\\\/ada-anbieter\\\/informationen-fuer-anbieter\\\/#primaryimage\",\"url\":\"https:\\\/\\\/alice.ch\\\/app\\\/uploads\\\/2022\\\/11\\\/default.jpg\",\"contentUrl\":\"https:\\\/\\\/alice.ch\\\/app\\\/uploads\\\/2022\\\/11\\\/default.jpg\",\"width\":1600,\"height\":900},{\"@type\":\"BreadcrumbList\",\"@id\":\"https:\\\/\\\/alice.ch\\\/de\\\/professionalisierung\\\/ada-anbieter\\\/informationen-fuer-anbieter\\\/#breadcrumb\",\"itemListElement\":[{\"@type\":\"ListItem\",\"position\":1,\"name\":\"Startseite\",\"item\":\"https:\\\/\\\/alice.ch\\\/de\\\/\"},{\"@type\":\"ListItem\",\"position\":2,\"name\":\"Professionalisierung\",\"item\":\"https:\\\/\\\/alice.ch\\\/de\\\/professionalisierung\\\/\"},{\"@type\":\"ListItem\",\"position\":3,\"name\":\"AdA-Anbieter\",\"item\":\"https:\\\/\\\/alice.ch\\\/de\\\/professionalisierung\\\/ada-anbieter\\\/\"},{\"@type\":\"ListItem\",\"position\":4,\"name\":\"Informationen f\u00fcr Anbieter\"}]},{\"@type\":\"WebSite\",\"@id\":\"https:\\\/\\\/alice.ch\\\/de\\\/#website\",\"url\":\"https:\\\/\\\/alice.ch\\\/de\\\/\",\"name\":\"alice.ch (Adult Learning Information Center) ist das Portal der Weiterbildung in der Schweiz.\",\"description\":\"Schweizerischer Verband f\u00fcr Weiterbildung\",\"publisher\":{\"@id\":\"https:\\\/\\\/alice.ch\\\/de\\\/#organization\"},\"potentialAction\":[{\"@type\":\"SearchAction\",\"target\":{\"@type\":\"EntryPoint\",\"urlTemplate\":\"https:\\\/\\\/alice.ch\\\/de\\\/?s={search_term_string}\"},\"query-input\":{\"@type\":\"PropertyValueSpecification\",\"valueRequired\":true,\"valueName\":\"search_term_string\"}}],\"inLanguage\":\"de\"},{\"@type\":\"Organization\",\"@id\":\"https:\\\/\\\/alice.ch\\\/de\\\/#organization\",\"name\":\"SVEB Schweizerischer Verband f\u00fcr Weiterbildung\",\"url\":\"https:\\\/\\\/alice.ch\\\/de\\\/\",\"logo\":{\"@type\":\"ImageObject\",\"inLanguage\":\"de\",\"@id\":\"https:\\\/\\\/alice.ch\\\/de\\\/#\\\/schema\\\/logo\\\/image\\\/\",\"url\":\"https:\\\/\\\/alice.ch\\\/app\\\/uploads\\\/2022\\\/07\\\/logo-sveb.png\",\"contentUrl\":\"https:\\\/\\\/alice.ch\\\/app\\\/uploads\\\/2022\\\/07\\\/logo-sveb.png\",\"width\":145,\"height\":64,\"caption\":\"SVEB Schweizerischer Verband f\u00fcr Weiterbildung\"},\"image\":{\"@id\":\"https:\\\/\\\/alice.ch\\\/de\\\/#\\\/schema\\\/logo\\\/image\\\/\"},\"sameAs\":[\"https:\\\/\\\/www.linkedin.com\\\/company\\\/schweizerischer-verband-fr-weiterbildung-sveb\\\/\"]}]}<\/script>\n<!-- \/ Yoast SEO plugin. -->","yoast_head_json":{"title":"Informationen f\u00fcr Anbieter - SVEB","description":"Die Gesch\u00e4ftsstelle AdA informiert ein bis zwei Mal pro Jahr mit einem AdA-Mailing \u00fcber Neuerungen und Entwicklungen im AdA-System.","robots":{"index":"index","follow":"follow","max-snippet":"max-snippet:-1","max-image-preview":"max-image-preview:large","max-video-preview":"max-video-preview:-1"},"canonical":"https:\/\/alice.ch\/de\/professionalisierung\/ada-anbieter\/informationen-fuer-anbieter\/","og_locale":"de_DE","og_type":"article","og_title":"Informationen f\u00fcr Anbieter - SVEB","og_description":"Die Gesch\u00e4ftsstelle AdA informiert ein bis zwei Mal pro Jahr mit einem AdA-Mailing \u00fcber Neuerungen und Entwicklungen im AdA-System.","og_url":"https:\/\/alice.ch\/de\/professionalisierung\/ada-anbieter\/informationen-fuer-anbieter\/","og_site_name":"SVEB","article_modified_time":"2025-12-16T14:14:22+00:00","twitter_card":"summary_large_image","twitter_misc":{"Gesch\u00e4tzte Lesezeit":"1\u00a0Minute"},"schema":{"@context":"https:\/\/schema.org","@graph":[{"@type":"WebPage","@id":"https:\/\/alice.ch\/de\/professionalisierung\/ada-anbieter\/informationen-fuer-anbieter\/","url":"https:\/\/alice.ch\/de\/professionalisierung\/ada-anbieter\/informationen-fuer-anbieter\/","name":"Informationen f\u00fcr Anbieter - SVEB","isPartOf":{"@id":"https:\/\/alice.ch\/de\/#website"},"primaryImageOfPage":{"@id":"https:\/\/alice.ch\/de\/professionalisierung\/ada-anbieter\/informationen-fuer-anbieter\/#primaryimage"},"image":{"@id":"https:\/\/alice.ch\/de\/professionalisierung\/ada-anbieter\/informationen-fuer-anbieter\/#primaryimage"},"thumbnailUrl":"https:\/\/alice.ch\/app\/uploads\/2022\/11\/default.jpg","datePublished":"2022-08-16T15:42:22+00:00","dateModified":"2025-12-16T14:14:22+00:00","description":"Die Gesch\u00e4ftsstelle AdA informiert ein bis zwei Mal pro Jahr mit einem AdA-Mailing \u00fcber Neuerungen und Entwicklungen im AdA-System.","breadcrumb":{"@id":"https:\/\/alice.ch\/de\/professionalisierung\/ada-anbieter\/informationen-fuer-anbieter\/#breadcrumb"},"inLanguage":"de","potentialAction":[{"@type":"ReadAction","target":["https:\/\/alice.ch\/de\/professionalisierung\/ada-anbieter\/informationen-fuer-anbieter\/"]}]},{"@type":"ImageObject","inLanguage":"de","@id":"https:\/\/alice.ch\/de\/professionalisierung\/ada-anbieter\/informationen-fuer-anbieter\/#primaryimage","url":"https:\/\/alice.ch\/app\/uploads\/2022\/11\/default.jpg","contentUrl":"https:\/\/alice.ch\/app\/uploads\/2022\/11\/default.jpg","width":1600,"height":900},{"@type":"BreadcrumbList","@id":"https:\/\/alice.ch\/de\/professionalisierung\/ada-anbieter\/informationen-fuer-anbieter\/#breadcrumb","itemListElement":[{"@type":"ListItem","position":1,"name":"Startseite","item":"https:\/\/alice.ch\/de\/"},{"@type":"ListItem","position":2,"name":"Professionalisierung","item":"https:\/\/alice.ch\/de\/professionalisierung\/"},{"@type":"ListItem","position":3,"name":"AdA-Anbieter","item":"https:\/\/alice.ch\/de\/professionalisierung\/ada-anbieter\/"},{"@type":"ListItem","position":4,"name":"Informationen f\u00fcr Anbieter"}]},{"@type":"WebSite","@id":"https:\/\/alice.ch\/de\/#website","url":"https:\/\/alice.ch\/de\/","name":"alice.ch (Adult Learning Information Center) ist das Portal der Weiterbildung in der Schweiz.","description":"Schweizerischer Verband f\u00fcr Weiterbildung","publisher":{"@id":"https:\/\/alice.ch\/de\/#organization"},"potentialAction":[{"@type":"SearchAction","target":{"@type":"EntryPoint","urlTemplate":"https:\/\/alice.ch\/de\/?s={search_term_string}"},"query-input":{"@type":"PropertyValueSpecification","valueRequired":true,"valueName":"search_term_string"}}],"inLanguage":"de"},{"@type":"Organization","@id":"https:\/\/alice.ch\/de\/#organization","name":"SVEB Schweizerischer Verband f\u00fcr Weiterbildung","url":"https:\/\/alice.ch\/de\/","logo":{"@type":"ImageObject","inLanguage":"de","@id":"https:\/\/alice.ch\/de\/#\/schema\/logo\/image\/","url":"https:\/\/alice.ch\/app\/uploads\/2022\/07\/logo-sveb.png","contentUrl":"https:\/\/alice.ch\/app\/uploads\/2022\/07\/logo-sveb.png","width":145,"height":64,"caption":"SVEB Schweizerischer Verband f\u00fcr Weiterbildung"},"image":{"@id":"https:\/\/alice.ch\/de\/#\/schema\/logo\/image\/"},"sameAs":["https:\/\/www.linkedin.com\/company\/schweizerischer-verband-fr-weiterbildung-sveb\/"]}]}},"_links":{"self":[{"href":"https:\/\/alice.ch\/de\/wp-json\/wp\/v2\/pages\/578","targetHints":{"allow":["GET"]}}],"collection":[{"href":"https:\/\/alice.ch\/de\/wp-json\/wp\/v2\/pages"}],"about":[{"href":"https:\/\/alice.ch\/de\/wp-json\/wp\/v2\/types\/page"}],"author":[{"embeddable":true,"href":"https:\/\/alice.ch\/de\/wp-json\/wp\/v2\/users\/2"}],"replies":[{"embeddable":true,"href":"https:\/\/alice.ch\/de\/wp-json\/wp\/v2\/comments?post=578"}],"version-history":[{"count":96,"href":"https:\/\/alice.ch\/de\/wp-json\/wp\/v2\/pages\/578\/revisions"}],"predecessor-version":[{"id":72615,"href":"https:\/\/alice.ch\/de\/wp-json\/wp\/v2\/pages\/578\/revisions\/72615"}],"up":[{"embeddable":true,"href":"https:\/\/alice.ch\/de\/wp-json\/wp\/v2\/pages\/574"}],"wp:featuredmedia":[{"embeddable":true,"href":"https:\/\/alice.ch\/de\/wp-json\/wp\/v2\/media\/20799"}],"wp:attachment":[{"href":"https:\/\/alice.ch\/de\/wp-json\/wp\/v2\/media?parent=578"}],"curies":[{"name":"wp","href":"https:\/\/api.w.org\/{rel}","templated":true}]}}