{"id":582,"date":"2022-08-16T17:43:54","date_gmt":"2022-08-16T15:43:54","guid":{"rendered":"https:\/\/projects.atxeit.ch\/sveb\/?page_id=582"},"modified":"2026-03-31T12:43:34","modified_gmt":"2026-03-31T10:43:34","slug":"ada-plattformtagung","status":"publish","type":"page","link":"https:\/\/alice.ch\/de\/professionalisierung\/ada-anbieter\/ada-plattformtagung\/","title":{"rendered":"AdA-Plattformtagung"},"content":{"rendered":"\n<div class=\"wp-block-group is-style-reduced-width is-layout-flow wp-block-group-is-layout-flow\">\n<h1 class=\"wp-block-heading\">AdA-Plattformtagungen<\/h1>\n\n\n\n<p class=\"is-style-lead\">Die&nbsp;AdA-Gesch\u00e4ftsstelle&nbsp;organisiert j\u00e4hrlich&nbsp;die&nbsp;AdA-Plattformtagung.&nbsp;Diese&nbsp;Veranstaltung bietet eine Plattform f\u00fcr alle, die mit&nbsp;Ausbildung&nbsp;der&nbsp;Ausbildenden zu tun haben,&nbsp;insbesondere f\u00fcr Kursanbietende&nbsp;und&nbsp;-dozierende, aber auch f\u00fcr alle Interessierten.<\/p>\n\n\n\n<p>Einerseits k\u00f6nnen sich die Teilnehmenden jeweils aus erster Hand \u00fcber&nbsp;die neusten&nbsp;Entwicklungen im&nbsp;AdA-System informieren, Fragen&nbsp;kl\u00e4ren&nbsp;und ihre Meinung einbringen. Andererseits&nbsp;werden&nbsp;sie in verschiedenen Workshops dazu angeregt, mitzudenken und das System&nbsp;mitzugestalten. Dazu werden stets Key-Note-Referate&nbsp;angeboten,&nbsp;die den&nbsp;Blick auf politische und gesellschaftliche Aspekte der Weiterbildung&nbsp;\u00f6ffnen.<\/p>\n\n\n\n<h2 class=\"wp-block-heading\">N\u00e4chste AdA-Plattformtagung<\/h2>\n\n\n\n<p>Jedes Jahr&nbsp;findet im Herbst&nbsp;eine&nbsp;Plattformtagung&nbsp;mit einem&nbsp;Schwerpunkt&nbsp;statt. Die Tagung bietet Input-Referaten&nbsp;sowie einem&nbsp;Austausch zu aktuellen Themen&nbsp;rund um den&nbsp;AdA-Baukasten&nbsp;Raum.<\/p>\n\n\n\n<p><strong>Die n\u00e4chste AdA-Plattformtagung findet am 10.9.2025 statt.<\/strong><\/p>\n\n\n\n<h2 class=\"wp-block-heading\">Fr\u00fchere Treffen<\/h2>\n\n\n\n<figure class=\"wp-block-table is-style-stripes\"><table><thead><tr><th class=\"has-text-align-left\" data-align=\"left\" scope=\"col\">Jahr<\/th><th class=\"has-text-align-left\" data-align=\"left\" scope=\"col\">Thema<\/th><th class=\"has-text-align-left\" data-align=\"left\" scope=\"col\">Referierende<\/th><\/tr><\/thead><tbody><tr><td class=\"has-text-align-left\" data-align=\"left\"><a href=\"https:\/\/alice.ch\/de\/event\/ada-plattformtagung-2025-der-neue-ada-baukasten-bilanz-und-ausblick\/\">2025<\/a><\/td><td class=\"has-text-align-left\" data-align=\"left\">Der neue AdA-Baukasten \u2013 Bilanz und Ausblick<\/td><td class=\"has-text-align-left\" data-align=\"left\">Brigitte Bosche, Ricarda T.D. Reimer, Dr. Christiane Caneva<\/td><\/tr><tr><td class=\"has-text-align-left\" data-align=\"left\"><a href=\"https:\/\/alice.ch\/de\/event\/ada-plattformtagung-2024\/\">2024<\/a><\/td><td class=\"has-text-align-left\" data-align=\"left\">KI in der Weiterbilung<\/td><td class=\"has-text-align-left\" data-align=\"left\">Christina Jacober, Dr. Patric Raemy, Roy Franke, Harald Graschi, Simon Morard, Sofie Gollob, Hans-Peter Karrer, Bernhard Gr\u00e4miger<\/td><\/tr><tr><td class=\"has-text-align-left\" data-align=\"left\"><a href=\"https:\/\/alice.ch\/de\/event\/ada-plattformtagung-2023\/\">2023<\/a><\/td><td class=\"has-text-align-left\" data-align=\"left\">Abschlusspr\u00fcfung neu mit Reflexionsgespr\u00e4ch<\/td><td class=\"has-text-align-left\" data-align=\"left\">Christina Jacober, Hans-Peter Karrer, Gregor Thurnherr<\/td><\/tr><tr><td class=\"has-text-align-left\" data-align=\"left\"><a href=\"https:\/\/alice.ch\/de\/event\/ada-plattformtagung-2022\/\">2022<\/a><\/td><td class=\"has-text-align-left\" data-align=\"left\">Revision des Ausbildungssystems AdA<\/td><td class=\"has-text-align-left\" data-align=\"left\">Christina Jacober, Gregor Thurnherr, Andreas Schubiger<\/td><\/tr><tr><td class=\"has-text-align-left\" data-align=\"left\"><a href=\"https:\/\/alice.ch\/de\/event\/ada-plattformtagung-2021\/\">2021<\/a><\/td><td class=\"has-text-align-left\" data-align=\"left\">Portfolio<\/td><td class=\"has-text-align-left\" data-align=\"left\">Christina Jacober, Andreas S\u00e4gesser, Marion Leutenegger, Ueli B\u00fcrgi, Gregor Thurnherr, Bernhard Gr\u00e4miger<\/td><\/tr><tr><td class=\"has-text-align-left\" data-align=\"left\"><a href=\"https:\/\/alice.ch\/de\/event\/ada-plattformtagung-2020\/\">2020<\/a><\/td><td class=\"has-text-align-left\" data-align=\"left\">AdA-System 2023 und<br>Ethik als ein Akzent der&nbsp;<br>Revision<\/td><td class=\"has-text-align-left\" data-align=\"left\">Barbara Bleisch<\/td><\/tr><tr><td class=\"has-text-align-left\" data-align=\"left\"><a href=\"https:\/\/alice.ch\/de\/event\/ada-plattformtagung-2019\/\">2019<\/a><\/td><td class=\"has-text-align-left\" data-align=\"left\">Revision des AdA-Systems<\/td><td class=\"has-text-align-left\" data-align=\"left\">Andreas Schubiger, Patrick Rywalski<\/td><\/tr><tr><td class=\"has-text-align-left\" data-align=\"left\"><a href=\"https:\/\/alice.ch\/de\/event\/ada-plattformtagung-2018\/\">2018<\/a><\/td><td class=\"has-text-align-left\" data-align=\"left\">Das AdA-System auf dem&nbsp;<br>Weg in die Zukunft<\/td><td class=\"has-text-align-left\" data-align=\"left\">Hans-Peter Karrer, Daniel Carron, Andreas Schubiger<\/td><\/tr><tr><td class=\"has-text-align-left\" data-align=\"left\"><a href=\"https:\/\/alice.ch\/de\/event\/ada-plattformtagung-2017\/\">2017<\/a><\/td><td class=\"has-text-align-left\" data-align=\"left\">Kursleitungskompetenzen&nbsp;<br>von morgen<\/td><td class=\"has-text-align-left\" data-align=\"left\">Bruno Bieri, Marc B\u00f6hler, Anton Bolfing, Domenico Finocchiaro, Christoph Negri, Ramona Nobs, Ricarda T. D. Reimer<\/td><\/tr><\/tbody><\/table><\/figure>\n\n\n\n<h2 class=\"wp-block-heading\">Kontakt<\/h2>\n\n\n\n<div class=\"wp-block-columns is-layout-flex wp-container-core-columns-is-layout-28f84493 wp-block-columns-is-layout-flex\">\n<div class=\"wp-block-column is-layout-flow wp-block-column-is-layout-flow\" style=\"flex-basis:50%\"><div class=\"contact-persons\">\n\n\t\t\t\t\t<div class=\"contact-person\">\n\t\t\t\t\tGesch\u00e4ftsstelle AdA<br \/>\t\t\t\t\tAnna Pi\u00f1ol<br \/>\t\t\t\t\t<br \/>\n\t\t\t\t\tHardstrasse 235<br \/>\r\n8005 Z\u00fcrich<br \/>\t\t\t\t\t<a href=\"tel:+41 (0)44 319 71 63\">+41 (0)44 319 71 63<\/a><br \/>\t\t\t\t\t<a href=\"mailto:ada@alice.ch\">ada@alice.ch<\/a><br \/>\t\t\t\t\t<\/div>\n\t\t\t\t\t<\/div>\n<\/div>\n\n\n\n<div class=\"wp-block-column is-layout-flow wp-block-column-is-layout-flow\" style=\"flex-basis:50%\"><\/div>\n<\/div>\n<\/div>\n","protected":false},"excerpt":{"rendered":"<p>AdA-Plattformtagungen Die&nbsp;AdA-Gesch\u00e4ftsstelle&nbsp;organisiert j\u00e4hrlich&nbsp;die&nbsp;AdA-Plattformtagung.&nbsp;Diese&nbsp;Veranstaltung bietet eine Plattform f\u00fcr alle, die mit&nbsp;Ausbildung&nbsp;der&nbsp;Ausbildenden zu tun haben,&nbsp;insbesondere f\u00fcr Kursanbietende&nbsp;und&nbsp;-dozierende, aber auch f\u00fcr alle Interessierten. [&hellip;]<\/p>\n","protected":false},"author":4,"featured_media":20799,"parent":574,"menu_order":211,"comment_status":"closed","ping_status":"closed","template":"","meta":{"_acf_changed":false,"inline_featured_image":false,"footnotes":""},"class_list":["post-582","page","type-page","status-publish","has-post-thumbnail","hentry"],"acf":[],"yoast_head":"<!-- This site is optimized with the Yoast SEO plugin v27.3 - https:\/\/yoast.com\/product\/yoast-seo-wordpress\/ -->\n<title>AdA-Plattformtagung - SVEB<\/title>\n<meta name=\"description\" content=\"Die j\u00e4hrlich\u00a0stattfindende\u00a0AdA-Plattformtagung bietet eine Plattform f\u00fcr alle, die mit\u00a0Ausbildung\u00a0der\u00a0Ausbildenden zu tun haben.\" \/>\n<meta name=\"robots\" content=\"index, follow, max-snippet:-1, max-image-preview:large, max-video-preview:-1\" \/>\n<link rel=\"canonical\" href=\"https:\/\/alice.ch\/de\/professionalisierung\/ada-anbieter\/ada-plattformtagung\/\" \/>\n<meta property=\"og:locale\" content=\"de_DE\" \/>\n<meta property=\"og:type\" content=\"article\" \/>\n<meta property=\"og:title\" content=\"AdA-Plattformtagung - SVEB\" \/>\n<meta property=\"og:description\" content=\"Die j\u00e4hrlich\u00a0stattfindende\u00a0AdA-Plattformtagung bietet eine Plattform f\u00fcr alle, die mit\u00a0Ausbildung\u00a0der\u00a0Ausbildenden zu tun haben.\" \/>\n<meta property=\"og:url\" content=\"https:\/\/alice.ch\/de\/professionalisierung\/ada-anbieter\/ada-plattformtagung\/\" \/>\n<meta property=\"og:site_name\" content=\"SVEB\" \/>\n<meta property=\"article:modified_time\" content=\"2026-03-31T10:43:34+00:00\" \/>\n<meta name=\"twitter:card\" content=\"summary_large_image\" \/>\n<meta name=\"twitter:label1\" content=\"Gesch\u00e4tzte Lesezeit\" \/>\n\t<meta name=\"twitter:data1\" content=\"2\u00a0Minuten\" \/>\n<script type=\"application\/ld+json\" class=\"yoast-schema-graph\">{\"@context\":\"https:\\\/\\\/schema.org\",\"@graph\":[{\"@type\":\"WebPage\",\"@id\":\"https:\\\/\\\/alice.ch\\\/de\\\/professionalisierung\\\/ada-anbieter\\\/ada-plattformtagung\\\/\",\"url\":\"https:\\\/\\\/alice.ch\\\/de\\\/professionalisierung\\\/ada-anbieter\\\/ada-plattformtagung\\\/\",\"name\":\"AdA-Plattformtagung - SVEB\",\"isPartOf\":{\"@id\":\"https:\\\/\\\/alice.ch\\\/de\\\/#website\"},\"primaryImageOfPage\":{\"@id\":\"https:\\\/\\\/alice.ch\\\/de\\\/professionalisierung\\\/ada-anbieter\\\/ada-plattformtagung\\\/#primaryimage\"},\"image\":{\"@id\":\"https:\\\/\\\/alice.ch\\\/de\\\/professionalisierung\\\/ada-anbieter\\\/ada-plattformtagung\\\/#primaryimage\"},\"thumbnailUrl\":\"https:\\\/\\\/alice.ch\\\/app\\\/uploads\\\/2022\\\/11\\\/default.jpg\",\"datePublished\":\"2022-08-16T15:43:54+00:00\",\"dateModified\":\"2026-03-31T10:43:34+00:00\",\"description\":\"Die j\u00e4hrlich\u00a0stattfindende\u00a0AdA-Plattformtagung bietet eine Plattform f\u00fcr alle, die mit\u00a0Ausbildung\u00a0der\u00a0Ausbildenden zu tun haben.\",\"breadcrumb\":{\"@id\":\"https:\\\/\\\/alice.ch\\\/de\\\/professionalisierung\\\/ada-anbieter\\\/ada-plattformtagung\\\/#breadcrumb\"},\"inLanguage\":\"de\",\"potentialAction\":[{\"@type\":\"ReadAction\",\"target\":[\"https:\\\/\\\/alice.ch\\\/de\\\/professionalisierung\\\/ada-anbieter\\\/ada-plattformtagung\\\/\"]}]},{\"@type\":\"ImageObject\",\"inLanguage\":\"de\",\"@id\":\"https:\\\/\\\/alice.ch\\\/de\\\/professionalisierung\\\/ada-anbieter\\\/ada-plattformtagung\\\/#primaryimage\",\"url\":\"https:\\\/\\\/alice.ch\\\/app\\\/uploads\\\/2022\\\/11\\\/default.jpg\",\"contentUrl\":\"https:\\\/\\\/alice.ch\\\/app\\\/uploads\\\/2022\\\/11\\\/default.jpg\",\"width\":1600,\"height\":900},{\"@type\":\"BreadcrumbList\",\"@id\":\"https:\\\/\\\/alice.ch\\\/de\\\/professionalisierung\\\/ada-anbieter\\\/ada-plattformtagung\\\/#breadcrumb\",\"itemListElement\":[{\"@type\":\"ListItem\",\"position\":1,\"name\":\"Startseite\",\"item\":\"https:\\\/\\\/alice.ch\\\/de\\\/\"},{\"@type\":\"ListItem\",\"position\":2,\"name\":\"Professionalisierung\",\"item\":\"https:\\\/\\\/alice.ch\\\/de\\\/professionalisierung\\\/\"},{\"@type\":\"ListItem\",\"position\":3,\"name\":\"AdA-Anbieter\",\"item\":\"https:\\\/\\\/alice.ch\\\/de\\\/professionalisierung\\\/ada-anbieter\\\/\"},{\"@type\":\"ListItem\",\"position\":4,\"name\":\"AdA-Plattformtagung\"}]},{\"@type\":\"WebSite\",\"@id\":\"https:\\\/\\\/alice.ch\\\/de\\\/#website\",\"url\":\"https:\\\/\\\/alice.ch\\\/de\\\/\",\"name\":\"alice.ch (Adult Learning Information Center) ist das Portal der Weiterbildung in der Schweiz.\",\"description\":\"Schweizerischer Verband f\u00fcr Weiterbildung\",\"publisher\":{\"@id\":\"https:\\\/\\\/alice.ch\\\/de\\\/#organization\"},\"potentialAction\":[{\"@type\":\"SearchAction\",\"target\":{\"@type\":\"EntryPoint\",\"urlTemplate\":\"https:\\\/\\\/alice.ch\\\/de\\\/?s={search_term_string}\"},\"query-input\":{\"@type\":\"PropertyValueSpecification\",\"valueRequired\":true,\"valueName\":\"search_term_string\"}}],\"inLanguage\":\"de\"},{\"@type\":\"Organization\",\"@id\":\"https:\\\/\\\/alice.ch\\\/de\\\/#organization\",\"name\":\"SVEB Schweizerischer Verband f\u00fcr Weiterbildung\",\"url\":\"https:\\\/\\\/alice.ch\\\/de\\\/\",\"logo\":{\"@type\":\"ImageObject\",\"inLanguage\":\"de\",\"@id\":\"https:\\\/\\\/alice.ch\\\/de\\\/#\\\/schema\\\/logo\\\/image\\\/\",\"url\":\"https:\\\/\\\/alice.ch\\\/app\\\/uploads\\\/2022\\\/07\\\/logo-sveb.png\",\"contentUrl\":\"https:\\\/\\\/alice.ch\\\/app\\\/uploads\\\/2022\\\/07\\\/logo-sveb.png\",\"width\":145,\"height\":64,\"caption\":\"SVEB Schweizerischer Verband f\u00fcr Weiterbildung\"},\"image\":{\"@id\":\"https:\\\/\\\/alice.ch\\\/de\\\/#\\\/schema\\\/logo\\\/image\\\/\"},\"sameAs\":[\"https:\\\/\\\/www.linkedin.com\\\/company\\\/schweizerischer-verband-fr-weiterbildung-sveb\\\/\"]}]}<\/script>\n<!-- \/ Yoast SEO plugin. -->","yoast_head_json":{"title":"AdA-Plattformtagung - SVEB","description":"Die j\u00e4hrlich\u00a0stattfindende\u00a0AdA-Plattformtagung bietet eine Plattform f\u00fcr alle, die mit\u00a0Ausbildung\u00a0der\u00a0Ausbildenden zu tun haben.","robots":{"index":"index","follow":"follow","max-snippet":"max-snippet:-1","max-image-preview":"max-image-preview:large","max-video-preview":"max-video-preview:-1"},"canonical":"https:\/\/alice.ch\/de\/professionalisierung\/ada-anbieter\/ada-plattformtagung\/","og_locale":"de_DE","og_type":"article","og_title":"AdA-Plattformtagung - SVEB","og_description":"Die j\u00e4hrlich\u00a0stattfindende\u00a0AdA-Plattformtagung bietet eine Plattform f\u00fcr alle, die mit\u00a0Ausbildung\u00a0der\u00a0Ausbildenden zu tun haben.","og_url":"https:\/\/alice.ch\/de\/professionalisierung\/ada-anbieter\/ada-plattformtagung\/","og_site_name":"SVEB","article_modified_time":"2026-03-31T10:43:34+00:00","twitter_card":"summary_large_image","twitter_misc":{"Gesch\u00e4tzte Lesezeit":"2\u00a0Minuten"},"schema":{"@context":"https:\/\/schema.org","@graph":[{"@type":"WebPage","@id":"https:\/\/alice.ch\/de\/professionalisierung\/ada-anbieter\/ada-plattformtagung\/","url":"https:\/\/alice.ch\/de\/professionalisierung\/ada-anbieter\/ada-plattformtagung\/","name":"AdA-Plattformtagung - SVEB","isPartOf":{"@id":"https:\/\/alice.ch\/de\/#website"},"primaryImageOfPage":{"@id":"https:\/\/alice.ch\/de\/professionalisierung\/ada-anbieter\/ada-plattformtagung\/#primaryimage"},"image":{"@id":"https:\/\/alice.ch\/de\/professionalisierung\/ada-anbieter\/ada-plattformtagung\/#primaryimage"},"thumbnailUrl":"https:\/\/alice.ch\/app\/uploads\/2022\/11\/default.jpg","datePublished":"2022-08-16T15:43:54+00:00","dateModified":"2026-03-31T10:43:34+00:00","description":"Die j\u00e4hrlich\u00a0stattfindende\u00a0AdA-Plattformtagung bietet eine Plattform f\u00fcr alle, die mit\u00a0Ausbildung\u00a0der\u00a0Ausbildenden zu tun haben.","breadcrumb":{"@id":"https:\/\/alice.ch\/de\/professionalisierung\/ada-anbieter\/ada-plattformtagung\/#breadcrumb"},"inLanguage":"de","potentialAction":[{"@type":"ReadAction","target":["https:\/\/alice.ch\/de\/professionalisierung\/ada-anbieter\/ada-plattformtagung\/"]}]},{"@type":"ImageObject","inLanguage":"de","@id":"https:\/\/alice.ch\/de\/professionalisierung\/ada-anbieter\/ada-plattformtagung\/#primaryimage","url":"https:\/\/alice.ch\/app\/uploads\/2022\/11\/default.jpg","contentUrl":"https:\/\/alice.ch\/app\/uploads\/2022\/11\/default.jpg","width":1600,"height":900},{"@type":"BreadcrumbList","@id":"https:\/\/alice.ch\/de\/professionalisierung\/ada-anbieter\/ada-plattformtagung\/#breadcrumb","itemListElement":[{"@type":"ListItem","position":1,"name":"Startseite","item":"https:\/\/alice.ch\/de\/"},{"@type":"ListItem","position":2,"name":"Professionalisierung","item":"https:\/\/alice.ch\/de\/professionalisierung\/"},{"@type":"ListItem","position":3,"name":"AdA-Anbieter","item":"https:\/\/alice.ch\/de\/professionalisierung\/ada-anbieter\/"},{"@type":"ListItem","position":4,"name":"AdA-Plattformtagung"}]},{"@type":"WebSite","@id":"https:\/\/alice.ch\/de\/#website","url":"https:\/\/alice.ch\/de\/","name":"alice.ch (Adult Learning Information Center) ist das Portal der Weiterbildung in der Schweiz.","description":"Schweizerischer Verband f\u00fcr Weiterbildung","publisher":{"@id":"https:\/\/alice.ch\/de\/#organization"},"potentialAction":[{"@type":"SearchAction","target":{"@type":"EntryPoint","urlTemplate":"https:\/\/alice.ch\/de\/?s={search_term_string}"},"query-input":{"@type":"PropertyValueSpecification","valueRequired":true,"valueName":"search_term_string"}}],"inLanguage":"de"},{"@type":"Organization","@id":"https:\/\/alice.ch\/de\/#organization","name":"SVEB Schweizerischer Verband f\u00fcr Weiterbildung","url":"https:\/\/alice.ch\/de\/","logo":{"@type":"ImageObject","inLanguage":"de","@id":"https:\/\/alice.ch\/de\/#\/schema\/logo\/image\/","url":"https:\/\/alice.ch\/app\/uploads\/2022\/07\/logo-sveb.png","contentUrl":"https:\/\/alice.ch\/app\/uploads\/2022\/07\/logo-sveb.png","width":145,"height":64,"caption":"SVEB Schweizerischer Verband f\u00fcr Weiterbildung"},"image":{"@id":"https:\/\/alice.ch\/de\/#\/schema\/logo\/image\/"},"sameAs":["https:\/\/www.linkedin.com\/company\/schweizerischer-verband-fr-weiterbildung-sveb\/"]}]}},"_links":{"self":[{"href":"https:\/\/alice.ch\/de\/wp-json\/wp\/v2\/pages\/582","targetHints":{"allow":["GET"]}}],"collection":[{"href":"https:\/\/alice.ch\/de\/wp-json\/wp\/v2\/pages"}],"about":[{"href":"https:\/\/alice.ch\/de\/wp-json\/wp\/v2\/types\/page"}],"author":[{"embeddable":true,"href":"https:\/\/alice.ch\/de\/wp-json\/wp\/v2\/users\/4"}],"replies":[{"embeddable":true,"href":"https:\/\/alice.ch\/de\/wp-json\/wp\/v2\/comments?post=582"}],"version-history":[{"count":25,"href":"https:\/\/alice.ch\/de\/wp-json\/wp\/v2\/pages\/582\/revisions"}],"predecessor-version":[{"id":74711,"href":"https:\/\/alice.ch\/de\/wp-json\/wp\/v2\/pages\/582\/revisions\/74711"}],"up":[{"embeddable":true,"href":"https:\/\/alice.ch\/de\/wp-json\/wp\/v2\/pages\/574"}],"wp:featuredmedia":[{"embeddable":true,"href":"https:\/\/alice.ch\/de\/wp-json\/wp\/v2\/media\/20799"}],"wp:attachment":[{"href":"https:\/\/alice.ch\/de\/wp-json\/wp\/v2\/media?parent=582"}],"curies":[{"name":"wp","href":"https:\/\/api.w.org\/{rel}","templated":true}]}}