{"id":586,"date":"2022-08-16T17:45:51","date_gmt":"2022-08-16T15:45:51","guid":{"rendered":"https:\/\/projects.atxeit.ch\/sveb\/?page_id=586"},"modified":"2024-12-09T15:19:09","modified_gmt":"2024-12-09T14:19:09","slug":"der-weg-zum-eduqua-label","status":"publish","type":"page","link":"https:\/\/alice.ch\/de\/qualitaet\/qualitaetslabel-eduqua\/der-weg-zum-eduqua-label\/","title":{"rendered":"Der Weg zum eduQua-Label"},"content":{"rendered":"\n<div class=\"wp-block-group is-style-reduced-width is-layout-constrained wp-block-group-is-layout-constrained\">\n<div class=\"wp-block-group is-style-default is-layout-flow wp-block-group-is-layout-flow\">\n<div class=\"wp-block-group is-layout-flow wp-block-group-is-layout-flow\">\n<h1 class=\"wp-block-heading\">Der Weg zum eduQua-Label<\/h1>\n\n\n\n<p class=\"is-style-lead\">Die Zertifizierung nach dem eduQua-Label steht allen Anbietern der Weiter- und Erwachsenenbildung offen, die ihre Qualit\u00e4t entwickeln und ausweisen wollen. <\/p>\n\n\n\n<p>Neben staatlich gef\u00f6rderten Weiterbildungsinstitutionen (\u00f6ffentlich-rechtliche und private Anbieter) k\u00f6nnen sich auch Anbieter in der berufsorientierten Weiterbildung und in allen anderen Bereichen zertifizieren lassen.<\/p>\n\n\n\n<div class=\"wp-block-group is-style-run-to-edge has-primary-background-color has-background is-layout-flow wp-block-group-is-layout-flow\">\n<p class=\"is-style-lead has-background-color has-text-color has-medium-font-size\"><strong>Grundsatz:&nbsp;<\/strong>eduQua ist ein Zertifikat f\u00fcr Weiterbildungsinstitutionen, nicht f\u00fcr einzelne Bildungsangebote, Abschl\u00fcsse oder Personen. Die Weiterbildungsinstitution oder eine Weiterbildungsabteilung in einem Unternehmen gelten als Zertifizierungseinheit.<\/p>\n<\/div>\n\n\n\n<p><\/p>\n\n\n\n<p>Im Zertifizierungsverfahren zeigen die Anbieter, dass sie die vorgegebenen Qualit\u00e4tsanforderungen erf\u00fcllen und ein wirksames Qualit\u00e4tssystem aufgebaut haben.<\/p>\n\n\n\n<p>Das Verfahren wird durch&nbsp;<a href=\"https:\/\/alice.ch\/de\/qualitaet\/qualitaetslabel-eduqua\/zertifizierungsstellen-selbststaendig-und-akkreditiert\/\">Zertifizierungsstellen<\/a>&nbsp;mit eduQua-Akkreditierung durchgef\u00fchrt.<\/p>\n\n\n\n<h2 class=\"wp-block-heading\">Qualit\u00e4tsanforderungen und Zertifizierung<\/h2>\n\n\n\n<p>Die Kriterien und Anforderungen von eduQua geben klare Vorgaben und viele Anregungen, wie Weiterbildungsanbieter ihr eigenes Qualit\u00e4tssystem aufbauen k\u00f6nnen. Sie setzen sich in einer Selbstevaluation mit dem Stand des Managementsystems und der Qualit\u00e4t des Weiterbildungsangebotes auseinander. Dabei erkennen sie Chancen und M\u00f6glichkeiten f\u00fcr ihre interne Entwicklung. Damit eine Institution die eduQua-Zertifizierung erreichen kann, muss sie die Mindestanforderungen der Kriterien erf\u00fcllen. Diese werden im Dokument <a href=\"https:\/\/alice.ch\/app\/uploads\/2024\/04\/eduQua-2021-qualitaetsnorm.pdf\">Qualit\u00e4tsnorm eduQua:2021<\/a> detailliert dargestellt.<\/p>\n\n\n\n<p>Im Rahmen des Zertifizierungsverfahrens erhalten Institutionen R\u00fcckmeldungen zum Stand des eigenen Qualit\u00e4tsmanagements und Hinweise f\u00fcr die Weiterentwicklung. Bei der Zertifizierung erstellen sie ein Dossier zur Qualit\u00e4tssicherung und -entwicklung in der eigenen Institution, entlang der 19 eduQua-Kriterien. In einem Audit vor Ort werden die Umsetzung und Wirksamkeit des Qualit\u00e4tssystems gepr\u00fcft.<\/p>\n\n\n\n<p>Die Zertifizierung wird alle drei Jahre erneuert. In j\u00e4hrlichen Zwischenaudits werden die wichtigsten Ver\u00e4nderungen in der Organisation und im Angebot \u00fcberpr\u00fcft.<\/p>\n\n\n\n<figure class=\"wp-block-image size-large\"><img decoding=\"async\" width=\"1024\" height=\"252\" src=\"https:\/\/alice.ch\/app\/uploads\/2022\/10\/Phasen_Zertifizierung_D-1024x252.png\" alt=\"\" class=\"wp-image-2495\" srcset=\"https:\/\/alice.ch\/app\/uploads\/2022\/10\/Phasen_Zertifizierung_D-1024x252.png 1024w, https:\/\/alice.ch\/app\/uploads\/2022\/10\/Phasen_Zertifizierung_D-300x74.png 300w, https:\/\/alice.ch\/app\/uploads\/2022\/10\/Phasen_Zertifizierung_D-768x189.png 768w, https:\/\/alice.ch\/app\/uploads\/2022\/10\/Phasen_Zertifizierung_D.png 1459w\" sizes=\"(max-width: 1024px) 100vw, 1024px\" \/><\/figure>\n\n\n\n<h2 class=\"wp-block-heading\">Verfahren und Kosten<\/h2>\n\n\n\n<p>Das Zertifizierungsverfahren und die Kosten variieren je nach Gr\u00f6sse der Weiterbildungsinstitution. Anhand der Anzahl j\u00e4hrlich durchgef\u00fchrter Teilnehmendenlektionen bzw. der Lernstunden der Teilnehmenden wird das Verfahren in drei Kategorien eingeteilt:<\/p>\n\n\n\n<figure class=\"wp-block-table is-style-stripes\"><table><thead><tr><th class=\"has-text-align-left\" data-align=\"left\"><strong>Leistungsumfang der Institution<\/strong><\/th><th class=\"has-text-align-left\" data-align=\"left\"><strong>Verfahren<\/strong><\/th><th class=\"has-text-align-left\" data-align=\"left\"><strong>Kosten<\/strong><\/th><\/tr><\/thead><tbody><tr><td class=\"has-text-align-left\" data-align=\"left\">Unter 25&#8217;000 TN x Lektionen<\/td><td class=\"has-text-align-left\" data-align=\"left\">Verfahren A<\/td><td class=\"has-text-align-left\" data-align=\"left\">Kostendach CHF 4950.\u2013<br>exkl. MWST und Spesen<\/td><\/tr><tr><td class=\"has-text-align-left\" data-align=\"left\">Von 25&#8217;000 TN x Lektionen<br>bis 100&#8217;000 TN x Lektionen<\/td><td class=\"has-text-align-left\" data-align=\"left\">Verfahren B<\/td><td class=\"has-text-align-left\" data-align=\"left\">Kosten gem\u00e4ss Offerte&nbsp;<br>der Zertifizierungsstelle<\/td><\/tr><tr><td class=\"has-text-align-left\" data-align=\"left\">\u00dcber 100&#8217;000 TN x Lektionen<\/td><td class=\"has-text-align-left\" data-align=\"left\">Verfahren C<\/td><td class=\"has-text-align-left\" data-align=\"left\">Kosten gem\u00e4ss Offerte&nbsp;<br>der Zertifizierungsstelle<\/td><\/tr><\/tbody><\/table><figcaption class=\"wp-element-caption\"><br>Ein Berechnungsbeispiel f\u00fcr die durchschnittliche Zahl der Teilnehmendenlektionen bzw. -lernstunden in den letzten drei Jahren finden Sie im Dokument Wegleitung.&nbsp;<br>In den Preisen inbegriffen ist ein Betrag von CHF 500.\u2013 pro Zertifizierung zugunsten der Gesch\u00e4ftsstelle eduQua (CHF 400.\u2013 bei eduQua:2012). Dieser Betrag dient der Aufrechterhaltung und&nbsp;<a href=\"https:\/\/alice.ch\/de\/qualitaet\/qualitaetslabel-eduqua\/traegerschaft-des-eduqua-labels\/\">Weiterentwicklung<\/a>&nbsp;des Qualit\u00e4tslabels.<br>Ausserordentliche Aufwendungen, z. B. die zus\u00e4tzliche \u00dcberpr\u00fcfung vor Ort infolge wesentlicher Abweichungen, k\u00f6nnen von den&nbsp;<a href=\"https:\/\/alice.ch\/de\/qualitaet\/qualitaetslabel-eduqua\/zertifizierungsstellen-selbststaendig-und-akkreditiert\/\">Zertifizierungsstellen<\/a>&nbsp;verrechnet werden.<br>Alle weiteren Informationen zum Verfahren erhalten Sie direkt bei den&nbsp;<a href=\"https:\/\/alice.ch\/de\/qualitaet\/qualitaetslabel-eduqua\/zertifizierungsstellen-selbststaendig-und-akkreditiert\/\">Zertifizierungsstellen<\/a>.<\/figcaption><\/figure>\n<\/div>\n<\/div>\n\n\n\n<p><\/p>\n\n\n\n<p>Ein Template f\u00fcr die Selbstevaluation, den Zertifizierungsantrag sowie weitere Dokumente finden Sie auf der Seite <a href=\"https:\/\/alice.ch\/de\/qualitaet\/qualitaetslabel-eduqua\/eduqua2021\/\" target=\"_blank\" rel=\"noreferrer noopener\">eduQua:2021 &#8211; die Vorteile auf einen Blick<\/a> zum Herunterladen.<\/p>\n\n\n\n<div class=\"wp-block-group is-style-default is-layout-flow wp-block-group-is-layout-flow\">\n<h2 class=\"wp-block-heading\">Kontakt<\/h2>\n\n\n\n<div class=\"wp-block-columns is-layout-flex wp-container-core-columns-is-layout-28f84493 wp-block-columns-is-layout-flex\">\n<div class=\"wp-block-column is-layout-flow wp-block-column-is-layout-flow\" style=\"flex-basis:50%\"><div class=\"contact-persons\">\n\n\t\t\t\t\t<div class=\"contact-person\">\n\t\t\t\t\tGesch\u00e4ftsstelle eduQua<br \/>\t\t\t\t\t\t\t\t\t\t<br \/>\n\t\t\t\t\tHardstrasse 235<br \/>\r\n8005 Z\u00fcrich<br \/>\t\t\t\t\t<a href=\"tel:+41 (0)44 319 71 64\">+41 (0)44 319 71 64<\/a><br \/>\t\t\t\t\t<a href=\"mailto:eduqua@alice.ch\">eduqua@alice.ch<\/a><br \/>\t\t\t\t\t<\/div>\n\t\t\t\t\t<\/div>\n<\/div>\n\n\n\n<div class=\"wp-block-column is-layout-flow wp-block-column-is-layout-flow\" style=\"flex-basis:50%\"><\/div>\n<\/div>\n<\/div>\n<\/div>\n","protected":false},"excerpt":{"rendered":"<p>Der Weg zum eduQua-Label Die Zertifizierung nach dem eduQua-Label steht allen Anbietern der Weiter- und Erwachsenenbildung offen, die ihre Qualit\u00e4t [&hellip;]<\/p>\n","protected":false},"author":4,"featured_media":20799,"parent":65,"menu_order":562,"comment_status":"closed","ping_status":"closed","template":"","meta":{"_acf_changed":false,"inline_featured_image":false,"footnotes":""},"class_list":["post-586","page","type-page","status-publish","has-post-thumbnail","hentry"],"acf":[],"yoast_head":"<!-- This site is optimized with the Yoast SEO plugin v27.3 - https:\/\/yoast.com\/product\/yoast-seo-wordpress\/ -->\n<title>Der Weg zum eduQua-Label - SVEB<\/title>\n<meta name=\"description\" content=\"Informationen f\u00fcr Institutionen zu Qualit\u00e4tsanforderungen, Zertifizierung, Verfahren, Kosten, Dokumente eduQua:21, erg\u00e4nzende Dokumente\" \/>\n<meta name=\"robots\" content=\"index, follow, max-snippet:-1, max-image-preview:large, max-video-preview:-1\" \/>\n<link rel=\"canonical\" href=\"https:\/\/alice.ch\/de\/qualitaet\/qualitaetslabel-eduqua\/der-weg-zum-eduqua-label\/\" \/>\n<meta property=\"og:locale\" content=\"de_DE\" \/>\n<meta property=\"og:type\" content=\"article\" \/>\n<meta property=\"og:title\" content=\"Der Weg zum eduQua-Label - SVEB\" \/>\n<meta property=\"og:description\" content=\"Informationen f\u00fcr Institutionen zu Qualit\u00e4tsanforderungen, Zertifizierung, Verfahren, Kosten, Dokumente eduQua:21, erg\u00e4nzende Dokumente\" \/>\n<meta property=\"og:url\" content=\"https:\/\/alice.ch\/de\/qualitaet\/qualitaetslabel-eduqua\/der-weg-zum-eduqua-label\/\" \/>\n<meta property=\"og:site_name\" content=\"SVEB\" \/>\n<meta property=\"article:modified_time\" content=\"2024-12-09T14:19:09+00:00\" \/>\n<meta property=\"og:image\" content=\"https:\/\/alice.ch\/app\/uploads\/2022\/10\/Phasen_Zertifizierung_D.png\" \/>\n\t<meta property=\"og:image:width\" content=\"1459\" \/>\n\t<meta property=\"og:image:height\" content=\"359\" \/>\n\t<meta property=\"og:image:type\" content=\"image\/png\" \/>\n<meta name=\"twitter:card\" content=\"summary_large_image\" \/>\n<meta name=\"twitter:label1\" content=\"Gesch\u00e4tzte Lesezeit\" \/>\n\t<meta name=\"twitter:data1\" content=\"3\u00a0Minuten\" \/>\n<script type=\"application\/ld+json\" class=\"yoast-schema-graph\">{\"@context\":\"https:\\\/\\\/schema.org\",\"@graph\":[{\"@type\":\"WebPage\",\"@id\":\"https:\\\/\\\/alice.ch\\\/de\\\/qualitaet\\\/qualitaetslabel-eduqua\\\/der-weg-zum-eduqua-label\\\/\",\"url\":\"https:\\\/\\\/alice.ch\\\/de\\\/qualitaet\\\/qualitaetslabel-eduqua\\\/der-weg-zum-eduqua-label\\\/\",\"name\":\"Der Weg zum eduQua-Label - SVEB\",\"isPartOf\":{\"@id\":\"https:\\\/\\\/alice.ch\\\/de\\\/#website\"},\"primaryImageOfPage\":{\"@id\":\"https:\\\/\\\/alice.ch\\\/de\\\/qualitaet\\\/qualitaetslabel-eduqua\\\/der-weg-zum-eduqua-label\\\/#primaryimage\"},\"image\":{\"@id\":\"https:\\\/\\\/alice.ch\\\/de\\\/qualitaet\\\/qualitaetslabel-eduqua\\\/der-weg-zum-eduqua-label\\\/#primaryimage\"},\"thumbnailUrl\":\"https:\\\/\\\/alice.ch\\\/app\\\/uploads\\\/2022\\\/11\\\/default.jpg\",\"datePublished\":\"2022-08-16T15:45:51+00:00\",\"dateModified\":\"2024-12-09T14:19:09+00:00\",\"description\":\"Informationen f\u00fcr Institutionen zu Qualit\u00e4tsanforderungen, Zertifizierung, Verfahren, Kosten, Dokumente eduQua:21, erg\u00e4nzende Dokumente\",\"breadcrumb\":{\"@id\":\"https:\\\/\\\/alice.ch\\\/de\\\/qualitaet\\\/qualitaetslabel-eduqua\\\/der-weg-zum-eduqua-label\\\/#breadcrumb\"},\"inLanguage\":\"de\",\"potentialAction\":[{\"@type\":\"ReadAction\",\"target\":[\"https:\\\/\\\/alice.ch\\\/de\\\/qualitaet\\\/qualitaetslabel-eduqua\\\/der-weg-zum-eduqua-label\\\/\"]}]},{\"@type\":\"ImageObject\",\"inLanguage\":\"de\",\"@id\":\"https:\\\/\\\/alice.ch\\\/de\\\/qualitaet\\\/qualitaetslabel-eduqua\\\/der-weg-zum-eduqua-label\\\/#primaryimage\",\"url\":\"https:\\\/\\\/alice.ch\\\/app\\\/uploads\\\/2022\\\/11\\\/default.jpg\",\"contentUrl\":\"https:\\\/\\\/alice.ch\\\/app\\\/uploads\\\/2022\\\/11\\\/default.jpg\",\"width\":370,\"height\":185},{\"@type\":\"BreadcrumbList\",\"@id\":\"https:\\\/\\\/alice.ch\\\/de\\\/qualitaet\\\/qualitaetslabel-eduqua\\\/der-weg-zum-eduqua-label\\\/#breadcrumb\",\"itemListElement\":[{\"@type\":\"ListItem\",\"position\":1,\"name\":\"Startseite\",\"item\":\"https:\\\/\\\/alice.ch\\\/de\\\/\"},{\"@type\":\"ListItem\",\"position\":2,\"name\":\"Qualit\u00e4t\",\"item\":\"https:\\\/\\\/alice.ch\\\/de\\\/qualitaet\\\/\"},{\"@type\":\"ListItem\",\"position\":3,\"name\":\"Qualit\u00e4tslabel eduQua\",\"item\":\"https:\\\/\\\/alice.ch\\\/de\\\/qualitaet\\\/qualitaetslabel-eduqua\\\/\"},{\"@type\":\"ListItem\",\"position\":4,\"name\":\"Der Weg zum eduQua-Label\"}]},{\"@type\":\"WebSite\",\"@id\":\"https:\\\/\\\/alice.ch\\\/de\\\/#website\",\"url\":\"https:\\\/\\\/alice.ch\\\/de\\\/\",\"name\":\"alice.ch (Adult Learning Information Center) ist das Portal der Weiterbildung in der Schweiz.\",\"description\":\"Schweizerischer Verband f\u00fcr Weiterbildung\",\"publisher\":{\"@id\":\"https:\\\/\\\/alice.ch\\\/de\\\/#organization\"},\"potentialAction\":[{\"@type\":\"SearchAction\",\"target\":{\"@type\":\"EntryPoint\",\"urlTemplate\":\"https:\\\/\\\/alice.ch\\\/de\\\/?s={search_term_string}\"},\"query-input\":{\"@type\":\"PropertyValueSpecification\",\"valueRequired\":true,\"valueName\":\"search_term_string\"}}],\"inLanguage\":\"de\"},{\"@type\":\"Organization\",\"@id\":\"https:\\\/\\\/alice.ch\\\/de\\\/#organization\",\"name\":\"SVEB Schweizerischer Verband f\u00fcr Weiterbildung\",\"url\":\"https:\\\/\\\/alice.ch\\\/de\\\/\",\"logo\":{\"@type\":\"ImageObject\",\"inLanguage\":\"de\",\"@id\":\"https:\\\/\\\/alice.ch\\\/de\\\/#\\\/schema\\\/logo\\\/image\\\/\",\"url\":\"https:\\\/\\\/alice.ch\\\/app\\\/uploads\\\/2022\\\/07\\\/logo-sveb.png\",\"contentUrl\":\"https:\\\/\\\/alice.ch\\\/app\\\/uploads\\\/2022\\\/07\\\/logo-sveb.png\",\"width\":145,\"height\":64,\"caption\":\"SVEB Schweizerischer Verband f\u00fcr Weiterbildung\"},\"image\":{\"@id\":\"https:\\\/\\\/alice.ch\\\/de\\\/#\\\/schema\\\/logo\\\/image\\\/\"},\"sameAs\":[\"https:\\\/\\\/www.linkedin.com\\\/company\\\/schweizerischer-verband-fr-weiterbildung-sveb\\\/\"]}]}<\/script>\n<!-- \/ Yoast SEO plugin. -->","yoast_head_json":{"title":"Der Weg zum eduQua-Label - SVEB","description":"Informationen f\u00fcr Institutionen zu Qualit\u00e4tsanforderungen, Zertifizierung, Verfahren, Kosten, Dokumente eduQua:21, erg\u00e4nzende Dokumente","robots":{"index":"index","follow":"follow","max-snippet":"max-snippet:-1","max-image-preview":"max-image-preview:large","max-video-preview":"max-video-preview:-1"},"canonical":"https:\/\/alice.ch\/de\/qualitaet\/qualitaetslabel-eduqua\/der-weg-zum-eduqua-label\/","og_locale":"de_DE","og_type":"article","og_title":"Der Weg zum eduQua-Label - SVEB","og_description":"Informationen f\u00fcr Institutionen zu Qualit\u00e4tsanforderungen, Zertifizierung, Verfahren, Kosten, Dokumente eduQua:21, erg\u00e4nzende Dokumente","og_url":"https:\/\/alice.ch\/de\/qualitaet\/qualitaetslabel-eduqua\/der-weg-zum-eduqua-label\/","og_site_name":"SVEB","article_modified_time":"2024-12-09T14:19:09+00:00","og_image":[{"width":1459,"height":359,"url":"https:\/\/alice.ch\/app\/uploads\/2022\/10\/Phasen_Zertifizierung_D.png","type":"image\/png"}],"twitter_card":"summary_large_image","twitter_misc":{"Gesch\u00e4tzte Lesezeit":"3\u00a0Minuten"},"schema":{"@context":"https:\/\/schema.org","@graph":[{"@type":"WebPage","@id":"https:\/\/alice.ch\/de\/qualitaet\/qualitaetslabel-eduqua\/der-weg-zum-eduqua-label\/","url":"https:\/\/alice.ch\/de\/qualitaet\/qualitaetslabel-eduqua\/der-weg-zum-eduqua-label\/","name":"Der Weg zum eduQua-Label - SVEB","isPartOf":{"@id":"https:\/\/alice.ch\/de\/#website"},"primaryImageOfPage":{"@id":"https:\/\/alice.ch\/de\/qualitaet\/qualitaetslabel-eduqua\/der-weg-zum-eduqua-label\/#primaryimage"},"image":{"@id":"https:\/\/alice.ch\/de\/qualitaet\/qualitaetslabel-eduqua\/der-weg-zum-eduqua-label\/#primaryimage"},"thumbnailUrl":"https:\/\/alice.ch\/app\/uploads\/2022\/11\/default.jpg","datePublished":"2022-08-16T15:45:51+00:00","dateModified":"2024-12-09T14:19:09+00:00","description":"Informationen f\u00fcr Institutionen zu Qualit\u00e4tsanforderungen, Zertifizierung, Verfahren, Kosten, Dokumente eduQua:21, erg\u00e4nzende Dokumente","breadcrumb":{"@id":"https:\/\/alice.ch\/de\/qualitaet\/qualitaetslabel-eduqua\/der-weg-zum-eduqua-label\/#breadcrumb"},"inLanguage":"de","potentialAction":[{"@type":"ReadAction","target":["https:\/\/alice.ch\/de\/qualitaet\/qualitaetslabel-eduqua\/der-weg-zum-eduqua-label\/"]}]},{"@type":"ImageObject","inLanguage":"de","@id":"https:\/\/alice.ch\/de\/qualitaet\/qualitaetslabel-eduqua\/der-weg-zum-eduqua-label\/#primaryimage","url":"https:\/\/alice.ch\/app\/uploads\/2022\/11\/default.jpg","contentUrl":"https:\/\/alice.ch\/app\/uploads\/2022\/11\/default.jpg","width":370,"height":185},{"@type":"BreadcrumbList","@id":"https:\/\/alice.ch\/de\/qualitaet\/qualitaetslabel-eduqua\/der-weg-zum-eduqua-label\/#breadcrumb","itemListElement":[{"@type":"ListItem","position":1,"name":"Startseite","item":"https:\/\/alice.ch\/de\/"},{"@type":"ListItem","position":2,"name":"Qualit\u00e4t","item":"https:\/\/alice.ch\/de\/qualitaet\/"},{"@type":"ListItem","position":3,"name":"Qualit\u00e4tslabel eduQua","item":"https:\/\/alice.ch\/de\/qualitaet\/qualitaetslabel-eduqua\/"},{"@type":"ListItem","position":4,"name":"Der Weg zum eduQua-Label"}]},{"@type":"WebSite","@id":"https:\/\/alice.ch\/de\/#website","url":"https:\/\/alice.ch\/de\/","name":"alice.ch (Adult Learning Information Center) ist das Portal der Weiterbildung in der Schweiz.","description":"Schweizerischer Verband f\u00fcr Weiterbildung","publisher":{"@id":"https:\/\/alice.ch\/de\/#organization"},"potentialAction":[{"@type":"SearchAction","target":{"@type":"EntryPoint","urlTemplate":"https:\/\/alice.ch\/de\/?s={search_term_string}"},"query-input":{"@type":"PropertyValueSpecification","valueRequired":true,"valueName":"search_term_string"}}],"inLanguage":"de"},{"@type":"Organization","@id":"https:\/\/alice.ch\/de\/#organization","name":"SVEB Schweizerischer Verband f\u00fcr Weiterbildung","url":"https:\/\/alice.ch\/de\/","logo":{"@type":"ImageObject","inLanguage":"de","@id":"https:\/\/alice.ch\/de\/#\/schema\/logo\/image\/","url":"https:\/\/alice.ch\/app\/uploads\/2022\/07\/logo-sveb.png","contentUrl":"https:\/\/alice.ch\/app\/uploads\/2022\/07\/logo-sveb.png","width":145,"height":64,"caption":"SVEB Schweizerischer Verband f\u00fcr Weiterbildung"},"image":{"@id":"https:\/\/alice.ch\/de\/#\/schema\/logo\/image\/"},"sameAs":["https:\/\/www.linkedin.com\/company\/schweizerischer-verband-fr-weiterbildung-sveb\/"]}]}},"_links":{"self":[{"href":"https:\/\/alice.ch\/de\/wp-json\/wp\/v2\/pages\/586","targetHints":{"allow":["GET"]}}],"collection":[{"href":"https:\/\/alice.ch\/de\/wp-json\/wp\/v2\/pages"}],"about":[{"href":"https:\/\/alice.ch\/de\/wp-json\/wp\/v2\/types\/page"}],"author":[{"embeddable":true,"href":"https:\/\/alice.ch\/de\/wp-json\/wp\/v2\/users\/4"}],"replies":[{"embeddable":true,"href":"https:\/\/alice.ch\/de\/wp-json\/wp\/v2\/comments?post=586"}],"version-history":[{"count":52,"href":"https:\/\/alice.ch\/de\/wp-json\/wp\/v2\/pages\/586\/revisions"}],"predecessor-version":[{"id":64961,"href":"https:\/\/alice.ch\/de\/wp-json\/wp\/v2\/pages\/586\/revisions\/64961"}],"up":[{"embeddable":true,"href":"https:\/\/alice.ch\/de\/wp-json\/wp\/v2\/pages\/65"}],"wp:featuredmedia":[{"embeddable":true,"href":"https:\/\/alice.ch\/de\/wp-json\/wp\/v2\/media\/20799"}],"wp:attachment":[{"href":"https:\/\/alice.ch\/de\/wp-json\/wp\/v2\/media?parent=586"}],"curies":[{"name":"wp","href":"https:\/\/api.w.org\/{rel}","templated":true}]}}