{"id":65,"date":"2022-07-11T12:19:39","date_gmt":"2022-07-11T10:19:39","guid":{"rendered":"https:\/\/projects.atxeit.ch\/sveb\/?page_id=65"},"modified":"2025-07-22T09:19:35","modified_gmt":"2025-07-22T07:19:35","slug":"qualitaetslabel-eduqua","status":"publish","type":"page","link":"https:\/\/alice.ch\/de\/qualitaet\/qualitaetslabel-eduqua\/","title":{"rendered":"Qualit\u00e4tslabel eduQua"},"content":{"rendered":"\n<div class=\"wp-block-group is-style-reduced-width is-layout-flow wp-block-group-is-layout-flow\">\n<h1 class=\"wp-block-heading\">eduQua \u2013 das Qualit\u00e4tslabel der Weiterbildung<\/h1>\n\n\n\n<p class=\"is-style-lead\">eduQua ist das Schweizer Qualit\u00e4tslabel f\u00fcr Anbieter in der Weiterbildung. Es f\u00f6rdert Transparenz, Vergleichbarkeit und Qualit\u00e4t der Weiterbildungsangebote. Schweizweit sind \u00fcber 1000 Schulen, Institute und Akademien eduQua-zertifiziert.<\/p>\n\n\n\n<p class=\"is-style-default\">Die Zertifizierung verbessert nicht nur die Glaubw\u00fcrdigkeit gegen\u00fcber Kundinnen und Kunden, sondern ist auch gegen\u00fcber Beh\u00f6rden von Vorteil. In vielen Kantonen gilt das eduQua-Zertifikat als Voraussetzung f\u00fcr die Unterst\u00fctzung mit \u00f6ffentlichen Geldern.<\/p>\n\n\n\n<p>Ende 2021 hat der Schweizerische Verband f\u00fcr Weiterbildung SVEB als Tr\u00e4gerschaft die revidierte Norm eduQua:2021 in Kraft gesetzt. Das eduQua-Label nimmt die aktuellen Entwicklungen der Weiterbildung und Trends der nahen Zukunft auf. Weiter ist die Durchl\u00e4ssigkeit zwischen eduQua und wichtigen anderen Labels klar geregelt. Die Ausrichtung und Vorteile der Norm eduQua:2021 sowie das Zertifizierungsverfahren stellen wir Ihnen auf den n\u00e4chsten Seiten vor.<\/p>\n\n\n\n<div class=\"wp-block-group is-layout-flow wp-block-group-is-layout-flow\"><\/div>\n\n\n\n<p><\/p>\n\n\n\n<div class=\"wp-block-media-text alignwide is-stacked-on-mobile is-style-icon-text\"><figure class=\"wp-block-media-text__media\"><a href=\"https:\/\/alice.ch\/de\/qualitaet\/qualitaetslabel-eduqua\/eduqua2021\/\"><img decoding=\"async\" width=\"140\" height=\"155\" src=\"https:\/\/alice.ch\/app\/uploads\/2022\/10\/icon_eduqua-Q-mblau.png\" alt=\"\" class=\"wp-image-2426 size-full\"\/><\/a><\/figure><div class=\"wp-block-media-text__content\">\n<h2 class=\"wp-block-heading\"><a href=\"https:\/\/alice.ch\/de\/qualitaet\/qualitaetslabel-eduqua\/eduqua2021\/\">eduQua:2021 Qualit\u00e4tsnorm und Dokumente zum Download<\/a><\/h2>\n\n\n\n<p>Hier finden Sie alle wichtigen Informationen zur aktuellen Norm eduQua:2021 sowie Dokumente zum Herunterladen.<\/p>\n<\/div><\/div>\n\n\n\n<hr class=\"wp-block-separator has-alpha-channel-opacity is-style-wide\"\/>\n\n\n\n<div class=\"wp-block-media-text alignwide is-stacked-on-mobile is-style-icon-text\"><figure class=\"wp-block-media-text__media\"><a href=\"https:\/\/alice.ch\/de\/qualitaet\/qualitaetslabel-eduqua\/der-weg-zum-eduqua-label\/\"><img decoding=\"async\" width=\"304\" height=\"382\" src=\"https:\/\/alice.ch\/app\/uploads\/2022\/10\/icon_eduqua-revision-m-blau.png\" alt=\"\" class=\"wp-image-2434 size-full\" srcset=\"https:\/\/alice.ch\/app\/uploads\/2022\/10\/icon_eduqua-revision-m-blau.png 304w, https:\/\/alice.ch\/app\/uploads\/2022\/10\/icon_eduqua-revision-m-blau-239x300.png 239w\" sizes=\"(max-width: 304px) 100vw, 304px\" \/><\/a><\/figure><div class=\"wp-block-media-text__content\">\n<h2 class=\"wp-block-heading\"><a href=\"https:\/\/alice.ch\/de\/qualitaet\/qualitaetslabel-eduqua\/der-weg-zum-eduqua-label\/\">Der Weg zum eduQua-Label<\/a><\/h2>\n\n\n\n<p>Wer kann sich zertifizieren lassen und wie l\u00e4uft das Verfahren ab? Merkmale, Durchf\u00fchrung und Kosten des Zertifizierungsverfahrens.<\/p>\n<\/div><\/div>\n\n\n\n<hr class=\"wp-block-separator has-alpha-channel-opacity is-style-wide\"\/>\n\n\n\n<div class=\"wp-block-media-text alignwide is-stacked-on-mobile is-style-icon-text\"><figure class=\"wp-block-media-text__media\"><a href=\"https:\/\/alice.ch\/de\/qualitaet\/qualitaetslabel-eduqua\/zertifizierungsstellen-selbststaendig-und-akkreditiert\/\"><img decoding=\"async\" width=\"237\" height=\"275\" src=\"https:\/\/alice.ch\/app\/uploads\/2022\/10\/icon_eduqua-zertifizierungsstellen-m-blau.png\" alt=\"\" class=\"wp-image-2449 size-full\"\/><\/a><\/figure><div class=\"wp-block-media-text__content\">\n<h2 class=\"wp-block-heading\"><a href=\"https:\/\/alice.ch\/de\/qualitaet\/qualitaetslabel-eduqua\/zertifizierungsstellen-selbststaendig-und-akkreditiert\/\">Zertifizierungsstellen \u2013 selbstst\u00e4ndig und akkreditiert<\/a><\/h2>\n\n\n\n<p>Informationen und Kontakte zu den Zertifizierungsstellen, die f\u00fcr die eduQua-Zertifizierung akkreditiert und zust\u00e4ndig sind.<\/p>\n<\/div><\/div>\n\n\n\n<hr class=\"wp-block-separator has-alpha-channel-opacity is-style-wide\"\/>\n\n\n\n<div class=\"wp-block-media-text alignwide is-stacked-on-mobile is-style-icon-text\"><figure class=\"wp-block-media-text__media\"><a href=\"https:\/\/alice.ch\/de\/qualitaet\/qualitaetslabel-eduqua\/eduqua-zertifizierte-institutionen\/\"><img decoding=\"async\" width=\"235\" height=\"275\" src=\"https:\/\/alice.ch\/app\/uploads\/2022\/10\/icon_eduqua-zertifizierte-institutionen-mblau.png\" alt=\"\" class=\"wp-image-2438 size-full\"\/><\/a><\/figure><div class=\"wp-block-media-text__content\">\n<h2 class=\"wp-block-heading\"><a href=\"https:\/\/alice.ch\/de\/qualitaet\/qualitaetslabel-eduqua\/eduqua-zertifizierte-institutionen\/\">eduQua-zertifizierte Institutionen<\/a><\/h2>\n\n\n\n<p>Register der \u00fcber 1000 eduQua-zertifizierten Schulen, Institute und Akademien.<\/p>\n<\/div><\/div>\n\n\n\n<hr class=\"wp-block-separator has-alpha-channel-opacity is-style-wide\"\/>\n\n\n\n<div class=\"wp-block-media-text alignwide is-stacked-on-mobile is-style-icon-text\"><figure class=\"wp-block-media-text__media\"><a href=\"https:\/\/alice.ch\/de\/qualitaet\/qualitaetslabel-eduqua\/traegerschaft-des-eduqua-labels\/\"><img decoding=\"async\" width=\"156\" height=\"269\" src=\"https:\/\/alice.ch\/app\/uploads\/2022\/10\/icon_eduqua-ausrichtung-traegerschaft-m-blau-2.png\" alt=\"\" class=\"wp-image-3482 size-full\"\/><\/a><\/figure><div class=\"wp-block-media-text__content\">\n<h2 class=\"wp-block-heading\"><a href=\"https:\/\/alice.ch\/de\/qualitaet\/qualitaetslabel-eduqua\/traegerschaft-des-eduqua-labels\/\">Tr\u00e4gerschaft&nbsp;und&nbsp;Entwicklung&nbsp;des eduQua-Labels<\/a><\/h2>\n\n\n\n<p>Wie eduQua organisiert ist und wie sich das Label entwickelt hat.<\/p>\n<\/div><\/div>\n\n\n\n<hr class=\"wp-block-separator has-alpha-channel-opacity is-style-wide\"\/>\n\n\n\n<div class=\"wp-block-media-text alignwide is-stacked-on-mobile is-style-icon-text\"><figure class=\"wp-block-media-text__media\"><a href=\"https:\/\/alice.ch\/de\/qualitaet\/qualitaetslabel-eduqua\/faq\/\"><img decoding=\"async\" width=\"126\" height=\"150\" src=\"https:\/\/alice.ch\/app\/uploads\/2022\/11\/icon-informieren-edu.jpeg\" alt=\"\" class=\"wp-image-30865 size-full\"\/><\/a><\/figure><div class=\"wp-block-media-text__content\">\n<h2 class=\"wp-block-heading\"><a href=\"https:\/\/alice.ch\/de\/qualitaet\/qualitaetslabel-eduqua\/faq\/\">FAQ: Ihre Fragen \u2013 unsere Antworten<\/a><\/h2>\n\n\n\n<p>Oft gestellte Fragen und unsere Antworten zu verschiedenen Themen.<\/p>\n<\/div><\/div>\n\n\n\n<div class=\"wp-block-columns is-layout-flex wp-container-core-columns-is-layout-28f84493 wp-block-columns-is-layout-flex\">\n<div class=\"wp-block-column is-layout-flow wp-block-column-is-layout-flow\" style=\"flex-basis:50%\"><\/div>\n<\/div>\n\n\n\n<h2 class=\"wp-block-heading\">Kontakt<\/h2>\n\n\n\n<div class=\"wp-block-columns is-layout-flex wp-container-core-columns-is-layout-28f84493 wp-block-columns-is-layout-flex\">\n<div class=\"wp-block-column is-layout-flow wp-block-column-is-layout-flow\" style=\"flex-basis:50%\"><div class=\"contact-persons\">\n\n\t\t\t\t\t<div class=\"contact-person\">\n\t\t\t\t\tGesch\u00e4ftsstelle eduQua<br \/>\t\t\t\t\t\t\t\t\t\t<br \/>\n\t\t\t\t\tHardstrasse 235<br \/>\r\n8005 Z\u00fcrich<br \/>\t\t\t\t\t<a href=\"tel:+41 (0)44 319 71 64\">+41 (0)44 319 71 64<\/a><br \/>\t\t\t\t\t<a href=\"mailto:eduqua@alice.ch\">eduqua@alice.ch<\/a><br \/>\t\t\t\t\t<\/div>\n\t\t\t\t\t<\/div>\n<\/div>\n\n\n\n<div class=\"wp-block-column is-layout-flow wp-block-column-is-layout-flow\" style=\"flex-basis:50%\"><\/div>\n<\/div>\n<\/div>\n","protected":false},"excerpt":{"rendered":"<p>eduQua \u2013 das Qualit\u00e4tslabel der Weiterbildung eduQua ist das Schweizer Qualit\u00e4tslabel f\u00fcr Anbieter in der Weiterbildung. Es f\u00f6rdert Transparenz, Vergleichbarkeit [&hellip;]<\/p>\n","protected":false},"author":4,"featured_media":20799,"parent":27,"menu_order":525,"comment_status":"closed","ping_status":"closed","template":"","meta":{"_acf_changed":false,"inline_featured_image":false,"footnotes":""},"class_list":["post-65","page","type-page","status-publish","has-post-thumbnail","hentry"],"acf":[],"yoast_head":"<!-- This site is optimized with the Yoast SEO plugin v27.3 - https:\/\/yoast.com\/product\/yoast-seo-wordpress\/ -->\n<title>Qualit\u00e4tslabel eduQua - SVEB<\/title>\n<meta name=\"description\" content=\"eduQua, das Schweizer Qualit\u00e4tslabel im Weiterbildungsbereich. Alle Informationen rund um die Zertifizierung finden Sie hier.\" \/>\n<meta name=\"robots\" content=\"index, follow, max-snippet:-1, max-image-preview:large, max-video-preview:-1\" \/>\n<link rel=\"canonical\" href=\"https:\/\/alice.ch\/de\/qualitaet\/qualitaetslabel-eduqua\/\" \/>\n<meta property=\"og:locale\" content=\"de_DE\" \/>\n<meta property=\"og:type\" content=\"article\" \/>\n<meta property=\"og:title\" content=\"Qualit\u00e4tslabel eduQua - SVEB\" \/>\n<meta property=\"og:description\" content=\"eduQua, das Schweizer Qualit\u00e4tslabel im Weiterbildungsbereich. Alle Informationen rund um die Zertifizierung finden Sie hier.\" \/>\n<meta property=\"og:url\" content=\"https:\/\/alice.ch\/de\/qualitaet\/qualitaetslabel-eduqua\/\" \/>\n<meta property=\"og:site_name\" content=\"SVEB\" \/>\n<meta property=\"article:modified_time\" content=\"2025-07-22T07:19:35+00:00\" \/>\n<meta property=\"og:image\" content=\"https:\/\/alice.ch\/app\/uploads\/2022\/10\/icon_eduqua-Q-mblau.png\" \/>\n\t<meta property=\"og:image:width\" content=\"140\" \/>\n\t<meta property=\"og:image:height\" content=\"155\" \/>\n\t<meta property=\"og:image:type\" content=\"image\/png\" \/>\n<meta name=\"twitter:card\" content=\"summary_large_image\" \/>\n<meta name=\"twitter:label1\" content=\"Gesch\u00e4tzte Lesezeit\" \/>\n\t<meta name=\"twitter:data1\" content=\"4\u00a0Minuten\" \/>\n<script type=\"application\/ld+json\" class=\"yoast-schema-graph\">{\"@context\":\"https:\\\/\\\/schema.org\",\"@graph\":[{\"@type\":\"WebPage\",\"@id\":\"https:\\\/\\\/alice.ch\\\/de\\\/qualitaet\\\/qualitaetslabel-eduqua\\\/\",\"url\":\"https:\\\/\\\/alice.ch\\\/de\\\/qualitaet\\\/qualitaetslabel-eduqua\\\/\",\"name\":\"Qualit\u00e4tslabel eduQua - SVEB\",\"isPartOf\":{\"@id\":\"https:\\\/\\\/alice.ch\\\/de\\\/#website\"},\"primaryImageOfPage\":{\"@id\":\"https:\\\/\\\/alice.ch\\\/de\\\/qualitaet\\\/qualitaetslabel-eduqua\\\/#primaryimage\"},\"image\":{\"@id\":\"https:\\\/\\\/alice.ch\\\/de\\\/qualitaet\\\/qualitaetslabel-eduqua\\\/#primaryimage\"},\"thumbnailUrl\":\"https:\\\/\\\/alice.ch\\\/app\\\/uploads\\\/2022\\\/11\\\/default.jpg\",\"datePublished\":\"2022-07-11T10:19:39+00:00\",\"dateModified\":\"2025-07-22T07:19:35+00:00\",\"description\":\"eduQua, das Schweizer Qualit\u00e4tslabel im Weiterbildungsbereich. Alle Informationen rund um die Zertifizierung finden Sie hier.\",\"breadcrumb\":{\"@id\":\"https:\\\/\\\/alice.ch\\\/de\\\/qualitaet\\\/qualitaetslabel-eduqua\\\/#breadcrumb\"},\"inLanguage\":\"de\",\"potentialAction\":[{\"@type\":\"ReadAction\",\"target\":[\"https:\\\/\\\/alice.ch\\\/de\\\/qualitaet\\\/qualitaetslabel-eduqua\\\/\"]}]},{\"@type\":\"ImageObject\",\"inLanguage\":\"de\",\"@id\":\"https:\\\/\\\/alice.ch\\\/de\\\/qualitaet\\\/qualitaetslabel-eduqua\\\/#primaryimage\",\"url\":\"https:\\\/\\\/alice.ch\\\/app\\\/uploads\\\/2022\\\/11\\\/default.jpg\",\"contentUrl\":\"https:\\\/\\\/alice.ch\\\/app\\\/uploads\\\/2022\\\/11\\\/default.jpg\",\"width\":370,\"height\":185},{\"@type\":\"BreadcrumbList\",\"@id\":\"https:\\\/\\\/alice.ch\\\/de\\\/qualitaet\\\/qualitaetslabel-eduqua\\\/#breadcrumb\",\"itemListElement\":[{\"@type\":\"ListItem\",\"position\":1,\"name\":\"Startseite\",\"item\":\"https:\\\/\\\/alice.ch\\\/de\\\/\"},{\"@type\":\"ListItem\",\"position\":2,\"name\":\"Qualit\u00e4t\",\"item\":\"https:\\\/\\\/alice.ch\\\/de\\\/qualitaet\\\/\"},{\"@type\":\"ListItem\",\"position\":3,\"name\":\"Qualit\u00e4tslabel eduQua\"}]},{\"@type\":\"WebSite\",\"@id\":\"https:\\\/\\\/alice.ch\\\/de\\\/#website\",\"url\":\"https:\\\/\\\/alice.ch\\\/de\\\/\",\"name\":\"alice.ch (Adult Learning Information Center) ist das Portal der Weiterbildung in der Schweiz.\",\"description\":\"Schweizerischer Verband f\u00fcr Weiterbildung\",\"publisher\":{\"@id\":\"https:\\\/\\\/alice.ch\\\/de\\\/#organization\"},\"potentialAction\":[{\"@type\":\"SearchAction\",\"target\":{\"@type\":\"EntryPoint\",\"urlTemplate\":\"https:\\\/\\\/alice.ch\\\/de\\\/?s={search_term_string}\"},\"query-input\":{\"@type\":\"PropertyValueSpecification\",\"valueRequired\":true,\"valueName\":\"search_term_string\"}}],\"inLanguage\":\"de\"},{\"@type\":\"Organization\",\"@id\":\"https:\\\/\\\/alice.ch\\\/de\\\/#organization\",\"name\":\"SVEB Schweizerischer Verband f\u00fcr Weiterbildung\",\"url\":\"https:\\\/\\\/alice.ch\\\/de\\\/\",\"logo\":{\"@type\":\"ImageObject\",\"inLanguage\":\"de\",\"@id\":\"https:\\\/\\\/alice.ch\\\/de\\\/#\\\/schema\\\/logo\\\/image\\\/\",\"url\":\"https:\\\/\\\/alice.ch\\\/app\\\/uploads\\\/2022\\\/07\\\/logo-sveb.png\",\"contentUrl\":\"https:\\\/\\\/alice.ch\\\/app\\\/uploads\\\/2022\\\/07\\\/logo-sveb.png\",\"width\":145,\"height\":64,\"caption\":\"SVEB Schweizerischer Verband f\u00fcr Weiterbildung\"},\"image\":{\"@id\":\"https:\\\/\\\/alice.ch\\\/de\\\/#\\\/schema\\\/logo\\\/image\\\/\"},\"sameAs\":[\"https:\\\/\\\/www.linkedin.com\\\/company\\\/schweizerischer-verband-fr-weiterbildung-sveb\\\/\"]}]}<\/script>\n<!-- \/ Yoast SEO plugin. -->","yoast_head_json":{"title":"Qualit\u00e4tslabel eduQua - SVEB","description":"eduQua, das Schweizer Qualit\u00e4tslabel im Weiterbildungsbereich. Alle Informationen rund um die Zertifizierung finden Sie hier.","robots":{"index":"index","follow":"follow","max-snippet":"max-snippet:-1","max-image-preview":"max-image-preview:large","max-video-preview":"max-video-preview:-1"},"canonical":"https:\/\/alice.ch\/de\/qualitaet\/qualitaetslabel-eduqua\/","og_locale":"de_DE","og_type":"article","og_title":"Qualit\u00e4tslabel eduQua - SVEB","og_description":"eduQua, das Schweizer Qualit\u00e4tslabel im Weiterbildungsbereich. Alle Informationen rund um die Zertifizierung finden Sie hier.","og_url":"https:\/\/alice.ch\/de\/qualitaet\/qualitaetslabel-eduqua\/","og_site_name":"SVEB","article_modified_time":"2025-07-22T07:19:35+00:00","og_image":[{"width":140,"height":155,"url":"https:\/\/alice.ch\/app\/uploads\/2022\/10\/icon_eduqua-Q-mblau.png","type":"image\/png"}],"twitter_card":"summary_large_image","twitter_misc":{"Gesch\u00e4tzte Lesezeit":"4\u00a0Minuten"},"schema":{"@context":"https:\/\/schema.org","@graph":[{"@type":"WebPage","@id":"https:\/\/alice.ch\/de\/qualitaet\/qualitaetslabel-eduqua\/","url":"https:\/\/alice.ch\/de\/qualitaet\/qualitaetslabel-eduqua\/","name":"Qualit\u00e4tslabel eduQua - SVEB","isPartOf":{"@id":"https:\/\/alice.ch\/de\/#website"},"primaryImageOfPage":{"@id":"https:\/\/alice.ch\/de\/qualitaet\/qualitaetslabel-eduqua\/#primaryimage"},"image":{"@id":"https:\/\/alice.ch\/de\/qualitaet\/qualitaetslabel-eduqua\/#primaryimage"},"thumbnailUrl":"https:\/\/alice.ch\/app\/uploads\/2022\/11\/default.jpg","datePublished":"2022-07-11T10:19:39+00:00","dateModified":"2025-07-22T07:19:35+00:00","description":"eduQua, das Schweizer Qualit\u00e4tslabel im Weiterbildungsbereich. Alle Informationen rund um die Zertifizierung finden Sie hier.","breadcrumb":{"@id":"https:\/\/alice.ch\/de\/qualitaet\/qualitaetslabel-eduqua\/#breadcrumb"},"inLanguage":"de","potentialAction":[{"@type":"ReadAction","target":["https:\/\/alice.ch\/de\/qualitaet\/qualitaetslabel-eduqua\/"]}]},{"@type":"ImageObject","inLanguage":"de","@id":"https:\/\/alice.ch\/de\/qualitaet\/qualitaetslabel-eduqua\/#primaryimage","url":"https:\/\/alice.ch\/app\/uploads\/2022\/11\/default.jpg","contentUrl":"https:\/\/alice.ch\/app\/uploads\/2022\/11\/default.jpg","width":370,"height":185},{"@type":"BreadcrumbList","@id":"https:\/\/alice.ch\/de\/qualitaet\/qualitaetslabel-eduqua\/#breadcrumb","itemListElement":[{"@type":"ListItem","position":1,"name":"Startseite","item":"https:\/\/alice.ch\/de\/"},{"@type":"ListItem","position":2,"name":"Qualit\u00e4t","item":"https:\/\/alice.ch\/de\/qualitaet\/"},{"@type":"ListItem","position":3,"name":"Qualit\u00e4tslabel eduQua"}]},{"@type":"WebSite","@id":"https:\/\/alice.ch\/de\/#website","url":"https:\/\/alice.ch\/de\/","name":"alice.ch (Adult Learning Information Center) ist das Portal der Weiterbildung in der Schweiz.","description":"Schweizerischer Verband f\u00fcr Weiterbildung","publisher":{"@id":"https:\/\/alice.ch\/de\/#organization"},"potentialAction":[{"@type":"SearchAction","target":{"@type":"EntryPoint","urlTemplate":"https:\/\/alice.ch\/de\/?s={search_term_string}"},"query-input":{"@type":"PropertyValueSpecification","valueRequired":true,"valueName":"search_term_string"}}],"inLanguage":"de"},{"@type":"Organization","@id":"https:\/\/alice.ch\/de\/#organization","name":"SVEB Schweizerischer Verband f\u00fcr Weiterbildung","url":"https:\/\/alice.ch\/de\/","logo":{"@type":"ImageObject","inLanguage":"de","@id":"https:\/\/alice.ch\/de\/#\/schema\/logo\/image\/","url":"https:\/\/alice.ch\/app\/uploads\/2022\/07\/logo-sveb.png","contentUrl":"https:\/\/alice.ch\/app\/uploads\/2022\/07\/logo-sveb.png","width":145,"height":64,"caption":"SVEB Schweizerischer Verband f\u00fcr Weiterbildung"},"image":{"@id":"https:\/\/alice.ch\/de\/#\/schema\/logo\/image\/"},"sameAs":["https:\/\/www.linkedin.com\/company\/schweizerischer-verband-fr-weiterbildung-sveb\/"]}]}},"_links":{"self":[{"href":"https:\/\/alice.ch\/de\/wp-json\/wp\/v2\/pages\/65","targetHints":{"allow":["GET"]}}],"collection":[{"href":"https:\/\/alice.ch\/de\/wp-json\/wp\/v2\/pages"}],"about":[{"href":"https:\/\/alice.ch\/de\/wp-json\/wp\/v2\/types\/page"}],"author":[{"embeddable":true,"href":"https:\/\/alice.ch\/de\/wp-json\/wp\/v2\/users\/4"}],"replies":[{"embeddable":true,"href":"https:\/\/alice.ch\/de\/wp-json\/wp\/v2\/comments?post=65"}],"version-history":[{"count":79,"href":"https:\/\/alice.ch\/de\/wp-json\/wp\/v2\/pages\/65\/revisions"}],"predecessor-version":[{"id":69572,"href":"https:\/\/alice.ch\/de\/wp-json\/wp\/v2\/pages\/65\/revisions\/69572"}],"up":[{"embeddable":true,"href":"https:\/\/alice.ch\/de\/wp-json\/wp\/v2\/pages\/27"}],"wp:featuredmedia":[{"embeddable":true,"href":"https:\/\/alice.ch\/de\/wp-json\/wp\/v2\/media\/20799"}],"wp:attachment":[{"href":"https:\/\/alice.ch\/de\/wp-json\/wp\/v2\/media?parent=65"}],"curies":[{"name":"wp","href":"https:\/\/api.w.org\/{rel}","templated":true}]}}