{"id":67390,"date":"2025-04-22T10:42:35","date_gmt":"2025-04-22T08:42:35","guid":{"rendered":"https:\/\/alice.ch\/?page_id=67390"},"modified":"2025-04-22T10:42:38","modified_gmt":"2025-04-22T08:42:38","slug":"formular-allianz-unterstuetzen","status":"publish","type":"page","link":"https:\/\/alice.ch\/de\/sveb\/weiterbildungspolitik\/sparplaene-des-bundes\/formular-allianz-unterstuetzen\/","title":{"rendered":"Formular \u00abAllianz unterst\u00fctzen\u00bb"},"content":{"rendered":"\n<div class=\"wp-block-group is-style-reduced-width is-layout-flow wp-block-group-is-layout-flow\">\n<h1 class=\"wp-block-heading\">Unterst\u00fctzen Sie die Allianz gegen die Sparpl\u00e4ne des Bundes in der Weiterbildung!<\/h1>\n\n\n\n<p>Alle Institutionen k\u00f6nnen unterzeichnen, die sich gegen die Sparpl\u00e4ne des Bundes in der Weiterbildung aussprechen und gemeinsam mit der Allianz ein Zeichen f\u00fcr die Weiterbildung setzen wollen.<\/p>\n\n\n\n<div class=\"wp-block-contact-form-7-contact-form-selector\">\n<div class=\"wpcf7 no-js\" id=\"wpcf7-f67428-o1\" lang=\"de-DE\" dir=\"ltr\" data-wpcf7-id=\"67428\">\n<div class=\"screen-reader-response\"><p role=\"status\" aria-live=\"polite\" aria-atomic=\"true\"><\/p> <ul><\/ul><\/div>\n<form action=\"\/de\/wp-json\/wp\/v2\/pages\/67390#wpcf7-f67428-o1\" method=\"post\" class=\"wpcf7-form init\" aria-label=\"Kontaktformular\" enctype=\"multipart\/form-data\" novalidate=\"novalidate\" data-status=\"init\">\n<fieldset class=\"hidden-fields-container\"><input type=\"hidden\" name=\"_wpcf7\" value=\"67428\" \/><input type=\"hidden\" name=\"_wpcf7_version\" value=\"6.1.5\" \/><input type=\"hidden\" name=\"_wpcf7_locale\" value=\"de_DE\" \/><input type=\"hidden\" name=\"_wpcf7_unit_tag\" value=\"wpcf7-f67428-o1\" \/><input type=\"hidden\" name=\"_wpcf7_container_post\" value=\"0\" \/><input type=\"hidden\" name=\"_wpcf7_posted_data_hash\" value=\"\" \/>\n<\/fieldset>\n<p><span class=\"wpcf7-form-control-wrap\" data-name=\"checkbox-charta\"><span class=\"wpcf7-form-control wpcf7-checkbox\"><span class=\"wpcf7-list-item first last\"><label><input type=\"checkbox\" name=\"checkbox-charta[]\" value=\"Ja, ich will die Allianz gegen die Sparpl\u00e4ne unterst\u00fctzen.*\" \/><span class=\"wpcf7-list-item-label\">Ja, ich will die Allianz gegen die Sparpl\u00e4ne unterst\u00fctzen.*<\/span><\/label><\/span><\/span><\/span><br \/>\n<br \/>\n<label>Organisation*<br \/>\n<span class=\"wpcf7-form-control-wrap\" data-name=\"your-organisation\"><input size=\"40\" maxlength=\"400\" class=\"wpcf7-form-control wpcf7-text wpcf7-validates-as-required\" aria-required=\"true\" aria-invalid=\"false\" placeholder=\"Musterfirma\" value=\"\" type=\"text\" name=\"your-organisation\" \/><\/span> <\/label>\n<\/p>\n<p><label>E-Mail-Adresse*<br \/>\n<span class=\"wpcf7-form-control-wrap\" data-name=\"your-email\"><input size=\"40\" maxlength=\"400\" class=\"wpcf7-form-control wpcf7-email wpcf7-validates-as-required wpcf7-text wpcf7-validates-as-email\" aria-required=\"true\" aria-invalid=\"false\" placeholder=\"maria.muster@alice.ch\" value=\"\" type=\"email\" name=\"your-email\" \/><\/span> <\/label>\n<\/p>\n<p><label>Ihre Bemerkungen (optional)<br \/>\n<span class=\"wpcf7-form-control-wrap\" data-name=\"your-message\"><textarea cols=\"40\" rows=\"10\" maxlength=\"2000\" class=\"wpcf7-form-control wpcf7-textarea\" aria-invalid=\"false\" placeholder=\"Ihr Kommentar\" name=\"your-message\"><\/textarea><\/span> <\/label>\n<\/p>\n<p><label>Logo hochladen*<br \/>\n<span class=\"wpcf7-form-control-wrap\" data-name=\"logo\"><input size=\"40\" class=\"wpcf7-form-control wpcf7-file\" accept=\"audio\/*,video\/*,image\/*\" aria-invalid=\"false\" type=\"file\" name=\"logo\" \/><\/span><br \/>\n<span id=\"wpcf7-69eb8be0a39b4-wrapper\" class=\"wpcf7-form-control-wrap honeypot-961-wrap\" style=\"display:none !important; visibility:hidden !important;\"><label for=\"wpcf7-69eb8be0a39b4-field\" class=\"hp-message\">Bitte lasse dieses Feld leer.<\/label><input id=\"wpcf7-69eb8be0a39b4-field\"  class=\"wpcf7-form-control wpcf7-text\" type=\"text\" name=\"honeypot-961\" value=\"\" size=\"40\" tabindex=\"-1\" autocomplete=\"new-password\" \/><\/span><br \/>\n<input class=\"wpcf7-form-control wpcf7-submit has-spinner\" type=\"submit\" value=\"Senden\" \/><br \/>\n*Pflichtfelder<\/label>\n<\/p><div class=\"cf7-cookie-message\" style=\"margin-top:1em;color:#000;\">Bitte akzeptieren Sie die Cookies, um das Formular absenden zu k\u00f6nnen.<\/div><div class=\"wpcf7-response-output\" aria-hidden=\"true\"><\/div>\n<\/form>\n<\/div>\n<\/div>\n\n\n\n<div style=\"height:36px\" aria-hidden=\"true\" class=\"wp-block-spacer\"><\/div>\n\n\n\n<p><em>Mit dem Absenden dieses Formulars erkl\u00e4ren Sie sich damit einverstanden, dass wir den Namen Ihrer Organisation als Unterst\u00fctzerin der Allianz gegen die Sparpl\u00e4ne des Bundes in der Weiterbildung ver\u00f6ffentlichen. Ihre pers\u00f6nlichen Angaben werden weder ver\u00f6ffentlicht noch weitergegeben. Wir verwenden sie nur f\u00fcr das Zustellen von weiteren Informationen im Zusammenhang mit dem Thema \u00abSparpl\u00e4ne des Bundes in der Weiterbildung\u00bb.<\/em><\/p>\n\n\n\n<h2 class=\"wp-block-heading\">Kontakt<\/h2>\n\n\n\n<div class=\"wp-block-columns is-layout-flex wp-container-core-columns-is-layout-28f84493 wp-block-columns-is-layout-flex\">\n<div class=\"wp-block-column is-layout-flow wp-block-column-is-layout-flow\" style=\"flex-basis:50%\"><div class=\"contact-persons\">\n\n\t\t\t\t\t<div class=\"contact-person\">\n\t\t\t\t\tBernhard Gr\u00e4miger<br \/>\t\t\t\t\tDirektor<br \/>\t\t\t\t\t<br \/>\n\t\t\t\t\t\t\t\t\t\t<a href=\"tel:+41 (0)44 319 71 61\">+41 (0)44 319 71 61<\/a><br \/>\t\t\t\t\t<a href=\"mailto:bernhard.graemiger@alice.ch\">bernhard.graemiger@alice.ch<\/a><br \/>\t\t\t\t\t<\/div>\n\t\t\t\t\t<\/div>\n<\/div>\n\n\n\n<div class=\"wp-block-column is-layout-flow wp-block-column-is-layout-flow\" style=\"flex-basis:50%\"><\/div>\n<\/div>\n<\/div>\n","protected":false},"excerpt":{"rendered":"<p>Unterst\u00fctzen Sie die Allianz gegen die Sparpl\u00e4ne des Bundes in der Weiterbildung! Alle Institutionen k\u00f6nnen unterzeichnen, die sich gegen die [&hellip;]<\/p>\n","protected":false},"author":27,"featured_media":20799,"parent":67133,"menu_order":276,"comment_status":"closed","ping_status":"closed","template":"","meta":{"_acf_changed":false,"inline_featured_image":false,"footnotes":""},"class_list":["post-67390","page","type-page","status-publish","has-post-thumbnail","hentry"],"acf":[],"yoast_head":"<!-- This site is optimized with the Yoast SEO plugin v27.3 - https:\/\/yoast.com\/product\/yoast-seo-wordpress\/ -->\n<title>Formular \u00abAllianz unterst\u00fctzen\u00bb - SVEB<\/title>\n<meta name=\"description\" content=\"Die Charta f\u00fcr transparente Kursausschreibungen unterzeichnen Institutionen, die f\u00fcr transparente Kursausschreibungen einstehen.\" \/>\n<meta name=\"robots\" content=\"index, follow, max-snippet:-1, max-image-preview:large, max-video-preview:-1\" \/>\n<link rel=\"canonical\" href=\"https:\/\/alice.ch\/de\/sveb\/weiterbildungspolitik\/sparplaene-des-bundes\/formular-allianz-unterstuetzen\/\" \/>\n<meta property=\"og:locale\" content=\"de_DE\" \/>\n<meta property=\"og:type\" content=\"article\" \/>\n<meta property=\"og:title\" content=\"Formular \u00abAllianz unterst\u00fctzen\u00bb - SVEB\" \/>\n<meta property=\"og:description\" content=\"Die Charta f\u00fcr transparente Kursausschreibungen unterzeichnen Institutionen, die f\u00fcr transparente Kursausschreibungen einstehen.\" \/>\n<meta property=\"og:url\" content=\"https:\/\/alice.ch\/de\/sveb\/weiterbildungspolitik\/sparplaene-des-bundes\/formular-allianz-unterstuetzen\/\" \/>\n<meta property=\"og:site_name\" content=\"SVEB\" \/>\n<meta property=\"article:modified_time\" content=\"2025-04-22T08:42:38+00:00\" \/>\n<meta name=\"twitter:card\" content=\"summary_large_image\" \/>\n<meta name=\"twitter:label1\" content=\"Gesch\u00e4tzte Lesezeit\" \/>\n\t<meta name=\"twitter:data1\" content=\"1\u00a0Minute\" \/>\n<script type=\"application\/ld+json\" class=\"yoast-schema-graph\">{\"@context\":\"https:\\\/\\\/schema.org\",\"@graph\":[{\"@type\":\"WebPage\",\"@id\":\"https:\\\/\\\/alice.ch\\\/de\\\/sveb\\\/weiterbildungspolitik\\\/sparplaene-des-bundes\\\/formular-allianz-unterstuetzen\\\/\",\"url\":\"https:\\\/\\\/alice.ch\\\/de\\\/sveb\\\/weiterbildungspolitik\\\/sparplaene-des-bundes\\\/formular-allianz-unterstuetzen\\\/\",\"name\":\"Formular \u00abAllianz unterst\u00fctzen\u00bb - SVEB\",\"isPartOf\":{\"@id\":\"https:\\\/\\\/alice.ch\\\/de\\\/#website\"},\"primaryImageOfPage\":{\"@id\":\"https:\\\/\\\/alice.ch\\\/de\\\/sveb\\\/weiterbildungspolitik\\\/sparplaene-des-bundes\\\/formular-allianz-unterstuetzen\\\/#primaryimage\"},\"image\":{\"@id\":\"https:\\\/\\\/alice.ch\\\/de\\\/sveb\\\/weiterbildungspolitik\\\/sparplaene-des-bundes\\\/formular-allianz-unterstuetzen\\\/#primaryimage\"},\"thumbnailUrl\":\"https:\\\/\\\/alice.ch\\\/app\\\/uploads\\\/2022\\\/11\\\/default.jpg\",\"datePublished\":\"2025-04-22T08:42:35+00:00\",\"dateModified\":\"2025-04-22T08:42:38+00:00\",\"description\":\"Die Charta f\u00fcr transparente Kursausschreibungen unterzeichnen Institutionen, die f\u00fcr transparente Kursausschreibungen einstehen.\",\"breadcrumb\":{\"@id\":\"https:\\\/\\\/alice.ch\\\/de\\\/sveb\\\/weiterbildungspolitik\\\/sparplaene-des-bundes\\\/formular-allianz-unterstuetzen\\\/#breadcrumb\"},\"inLanguage\":\"de\",\"potentialAction\":[{\"@type\":\"ReadAction\",\"target\":[\"https:\\\/\\\/alice.ch\\\/de\\\/sveb\\\/weiterbildungspolitik\\\/sparplaene-des-bundes\\\/formular-allianz-unterstuetzen\\\/\"]}]},{\"@type\":\"ImageObject\",\"inLanguage\":\"de\",\"@id\":\"https:\\\/\\\/alice.ch\\\/de\\\/sveb\\\/weiterbildungspolitik\\\/sparplaene-des-bundes\\\/formular-allianz-unterstuetzen\\\/#primaryimage\",\"url\":\"https:\\\/\\\/alice.ch\\\/app\\\/uploads\\\/2022\\\/11\\\/default.jpg\",\"contentUrl\":\"https:\\\/\\\/alice.ch\\\/app\\\/uploads\\\/2022\\\/11\\\/default.jpg\",\"width\":1600,\"height\":900},{\"@type\":\"BreadcrumbList\",\"@id\":\"https:\\\/\\\/alice.ch\\\/de\\\/sveb\\\/weiterbildungspolitik\\\/sparplaene-des-bundes\\\/formular-allianz-unterstuetzen\\\/#breadcrumb\",\"itemListElement\":[{\"@type\":\"ListItem\",\"position\":1,\"name\":\"Startseite\",\"item\":\"https:\\\/\\\/alice.ch\\\/de\\\/\"},{\"@type\":\"ListItem\",\"position\":2,\"name\":\"SVEB\",\"item\":\"https:\\\/\\\/alice.ch\\\/de\\\/sveb\\\/\"},{\"@type\":\"ListItem\",\"position\":3,\"name\":\"Weiterbildungspolitik\",\"item\":\"https:\\\/\\\/alice.ch\\\/de\\\/sveb\\\/weiterbildungspolitik\\\/\"},{\"@type\":\"ListItem\",\"position\":4,\"name\":\"Sparpl\u00e4ne des Bundes\",\"item\":\"https:\\\/\\\/alice.ch\\\/de\\\/sveb\\\/weiterbildungspolitik\\\/sparplaene-des-bundes\\\/\"},{\"@type\":\"ListItem\",\"position\":5,\"name\":\"Formular \u00abAllianz unterst\u00fctzen\u00bb\"}]},{\"@type\":\"WebSite\",\"@id\":\"https:\\\/\\\/alice.ch\\\/de\\\/#website\",\"url\":\"https:\\\/\\\/alice.ch\\\/de\\\/\",\"name\":\"alice.ch (Adult Learning Information Center) ist das Portal der Weiterbildung in der Schweiz.\",\"description\":\"Schweizerischer Verband f\u00fcr Weiterbildung\",\"publisher\":{\"@id\":\"https:\\\/\\\/alice.ch\\\/de\\\/#organization\"},\"potentialAction\":[{\"@type\":\"SearchAction\",\"target\":{\"@type\":\"EntryPoint\",\"urlTemplate\":\"https:\\\/\\\/alice.ch\\\/de\\\/?s={search_term_string}\"},\"query-input\":{\"@type\":\"PropertyValueSpecification\",\"valueRequired\":true,\"valueName\":\"search_term_string\"}}],\"inLanguage\":\"de\"},{\"@type\":\"Organization\",\"@id\":\"https:\\\/\\\/alice.ch\\\/de\\\/#organization\",\"name\":\"SVEB Schweizerischer Verband f\u00fcr Weiterbildung\",\"url\":\"https:\\\/\\\/alice.ch\\\/de\\\/\",\"logo\":{\"@type\":\"ImageObject\",\"inLanguage\":\"de\",\"@id\":\"https:\\\/\\\/alice.ch\\\/de\\\/#\\\/schema\\\/logo\\\/image\\\/\",\"url\":\"https:\\\/\\\/alice.ch\\\/app\\\/uploads\\\/2022\\\/07\\\/logo-sveb.png\",\"contentUrl\":\"https:\\\/\\\/alice.ch\\\/app\\\/uploads\\\/2022\\\/07\\\/logo-sveb.png\",\"width\":145,\"height\":64,\"caption\":\"SVEB Schweizerischer Verband f\u00fcr Weiterbildung\"},\"image\":{\"@id\":\"https:\\\/\\\/alice.ch\\\/de\\\/#\\\/schema\\\/logo\\\/image\\\/\"},\"sameAs\":[\"https:\\\/\\\/www.linkedin.com\\\/company\\\/schweizerischer-verband-fr-weiterbildung-sveb\\\/\"]}]}<\/script>\n<!-- \/ Yoast SEO plugin. -->","yoast_head_json":{"title":"Formular \u00abAllianz unterst\u00fctzen\u00bb - SVEB","description":"Die Charta f\u00fcr transparente Kursausschreibungen unterzeichnen Institutionen, die f\u00fcr transparente Kursausschreibungen einstehen.","robots":{"index":"index","follow":"follow","max-snippet":"max-snippet:-1","max-image-preview":"max-image-preview:large","max-video-preview":"max-video-preview:-1"},"canonical":"https:\/\/alice.ch\/de\/sveb\/weiterbildungspolitik\/sparplaene-des-bundes\/formular-allianz-unterstuetzen\/","og_locale":"de_DE","og_type":"article","og_title":"Formular \u00abAllianz unterst\u00fctzen\u00bb - SVEB","og_description":"Die Charta f\u00fcr transparente Kursausschreibungen unterzeichnen Institutionen, die f\u00fcr transparente Kursausschreibungen einstehen.","og_url":"https:\/\/alice.ch\/de\/sveb\/weiterbildungspolitik\/sparplaene-des-bundes\/formular-allianz-unterstuetzen\/","og_site_name":"SVEB","article_modified_time":"2025-04-22T08:42:38+00:00","twitter_card":"summary_large_image","twitter_misc":{"Gesch\u00e4tzte Lesezeit":"1\u00a0Minute"},"schema":{"@context":"https:\/\/schema.org","@graph":[{"@type":"WebPage","@id":"https:\/\/alice.ch\/de\/sveb\/weiterbildungspolitik\/sparplaene-des-bundes\/formular-allianz-unterstuetzen\/","url":"https:\/\/alice.ch\/de\/sveb\/weiterbildungspolitik\/sparplaene-des-bundes\/formular-allianz-unterstuetzen\/","name":"Formular \u00abAllianz unterst\u00fctzen\u00bb - SVEB","isPartOf":{"@id":"https:\/\/alice.ch\/de\/#website"},"primaryImageOfPage":{"@id":"https:\/\/alice.ch\/de\/sveb\/weiterbildungspolitik\/sparplaene-des-bundes\/formular-allianz-unterstuetzen\/#primaryimage"},"image":{"@id":"https:\/\/alice.ch\/de\/sveb\/weiterbildungspolitik\/sparplaene-des-bundes\/formular-allianz-unterstuetzen\/#primaryimage"},"thumbnailUrl":"https:\/\/alice.ch\/app\/uploads\/2022\/11\/default.jpg","datePublished":"2025-04-22T08:42:35+00:00","dateModified":"2025-04-22T08:42:38+00:00","description":"Die Charta f\u00fcr transparente Kursausschreibungen unterzeichnen Institutionen, die f\u00fcr transparente Kursausschreibungen einstehen.","breadcrumb":{"@id":"https:\/\/alice.ch\/de\/sveb\/weiterbildungspolitik\/sparplaene-des-bundes\/formular-allianz-unterstuetzen\/#breadcrumb"},"inLanguage":"de","potentialAction":[{"@type":"ReadAction","target":["https:\/\/alice.ch\/de\/sveb\/weiterbildungspolitik\/sparplaene-des-bundes\/formular-allianz-unterstuetzen\/"]}]},{"@type":"ImageObject","inLanguage":"de","@id":"https:\/\/alice.ch\/de\/sveb\/weiterbildungspolitik\/sparplaene-des-bundes\/formular-allianz-unterstuetzen\/#primaryimage","url":"https:\/\/alice.ch\/app\/uploads\/2022\/11\/default.jpg","contentUrl":"https:\/\/alice.ch\/app\/uploads\/2022\/11\/default.jpg","width":1600,"height":900},{"@type":"BreadcrumbList","@id":"https:\/\/alice.ch\/de\/sveb\/weiterbildungspolitik\/sparplaene-des-bundes\/formular-allianz-unterstuetzen\/#breadcrumb","itemListElement":[{"@type":"ListItem","position":1,"name":"Startseite","item":"https:\/\/alice.ch\/de\/"},{"@type":"ListItem","position":2,"name":"SVEB","item":"https:\/\/alice.ch\/de\/sveb\/"},{"@type":"ListItem","position":3,"name":"Weiterbildungspolitik","item":"https:\/\/alice.ch\/de\/sveb\/weiterbildungspolitik\/"},{"@type":"ListItem","position":4,"name":"Sparpl\u00e4ne des Bundes","item":"https:\/\/alice.ch\/de\/sveb\/weiterbildungspolitik\/sparplaene-des-bundes\/"},{"@type":"ListItem","position":5,"name":"Formular \u00abAllianz unterst\u00fctzen\u00bb"}]},{"@type":"WebSite","@id":"https:\/\/alice.ch\/de\/#website","url":"https:\/\/alice.ch\/de\/","name":"alice.ch (Adult Learning Information Center) ist das Portal der Weiterbildung in der Schweiz.","description":"Schweizerischer Verband f\u00fcr Weiterbildung","publisher":{"@id":"https:\/\/alice.ch\/de\/#organization"},"potentialAction":[{"@type":"SearchAction","target":{"@type":"EntryPoint","urlTemplate":"https:\/\/alice.ch\/de\/?s={search_term_string}"},"query-input":{"@type":"PropertyValueSpecification","valueRequired":true,"valueName":"search_term_string"}}],"inLanguage":"de"},{"@type":"Organization","@id":"https:\/\/alice.ch\/de\/#organization","name":"SVEB Schweizerischer Verband f\u00fcr Weiterbildung","url":"https:\/\/alice.ch\/de\/","logo":{"@type":"ImageObject","inLanguage":"de","@id":"https:\/\/alice.ch\/de\/#\/schema\/logo\/image\/","url":"https:\/\/alice.ch\/app\/uploads\/2022\/07\/logo-sveb.png","contentUrl":"https:\/\/alice.ch\/app\/uploads\/2022\/07\/logo-sveb.png","width":145,"height":64,"caption":"SVEB Schweizerischer Verband f\u00fcr Weiterbildung"},"image":{"@id":"https:\/\/alice.ch\/de\/#\/schema\/logo\/image\/"},"sameAs":["https:\/\/www.linkedin.com\/company\/schweizerischer-verband-fr-weiterbildung-sveb\/"]}]}},"_links":{"self":[{"href":"https:\/\/alice.ch\/de\/wp-json\/wp\/v2\/pages\/67390","targetHints":{"allow":["GET"]}}],"collection":[{"href":"https:\/\/alice.ch\/de\/wp-json\/wp\/v2\/pages"}],"about":[{"href":"https:\/\/alice.ch\/de\/wp-json\/wp\/v2\/types\/page"}],"author":[{"embeddable":true,"href":"https:\/\/alice.ch\/de\/wp-json\/wp\/v2\/users\/27"}],"replies":[{"embeddable":true,"href":"https:\/\/alice.ch\/de\/wp-json\/wp\/v2\/comments?post=67390"}],"version-history":[{"count":7,"href":"https:\/\/alice.ch\/de\/wp-json\/wp\/v2\/pages\/67390\/revisions"}],"predecessor-version":[{"id":67663,"href":"https:\/\/alice.ch\/de\/wp-json\/wp\/v2\/pages\/67390\/revisions\/67663"}],"up":[{"embeddable":true,"href":"https:\/\/alice.ch\/de\/wp-json\/wp\/v2\/pages\/67133"}],"wp:featuredmedia":[{"embeddable":true,"href":"https:\/\/alice.ch\/de\/wp-json\/wp\/v2\/media\/20799"}],"wp:attachment":[{"href":"https:\/\/alice.ch\/de\/wp-json\/wp\/v2\/media?parent=67390"}],"curies":[{"name":"wp","href":"https:\/\/api.w.org\/{rel}","templated":true}]}}