{"id":73486,"date":"2026-04-21T20:23:30","date_gmt":"2026-04-21T18:23:30","guid":{"rendered":"https:\/\/alice.ch\/?page_id=73486"},"modified":"2026-04-22T17:44:24","modified_gmt":"2026-04-22T15:44:24","slug":"gwb-za-dl-variante-a","status":"publish","type":"page","link":"https:\/\/alice.ch\/de\/professionalisierung\/gleichwertigkeitsbeurteilung-gwb\/gwb-za-dl-variante-a\/","title":{"rendered":"GWB ZA-DL Variante A"},"content":{"rendered":"\n<div class=\"wp-block-group is-style-reduced-width is-layout-constrained wp-block-group-is-layout-constrained\">\n<h1 class=\"wp-block-heading\">Gleichwertigkeitsbeurteilung:<br>ZA-DL Variante A<\/h1>\n\n\n\n<p class=\"is-style-lead\">F\u00fcr die Gleichwertigkeitsbeurteilung (GWB) nach Variante A (dokumentengest\u00fctzt) beschreiben Sie in einer Selbstbeurteilung Ihre erwachsenenbildnerischen Kompetenzen schriftlich und f\u00fcr Dritte nachvollziehbar. <\/p>\n\n\n\n<p class=\"is-style-default\">Ausserdem weisen Sie Nachweisdokumente vor, die das Vorhandensein der Kompetenzen belegen. Dazu geh\u00f6ren u.a.: Zertifikate oder Diplome von Aus- und Weiterbildungen, Kursbest\u00e4tigungen, qualifizierende Arbeitszeugnisse, Evaluationen oder Feedbacks zur eigenen T\u00e4tigkeit als Ausbilderin\/Ausbilder, Ausbildungskonzepte, Publikationen, Diplomarbeiten etc. zu Bildungsthemen, Projektauswertungen.<\/p>\n\n\n\n<p>Bitte f\u00fcllen Sie folgende Dokumente aus und reichen Sie diese an <a href=\"mailto:gwb@alice.ch\">gwb@alice.ch<\/a> ein:<\/p>\n\n\n\n<ul class=\"wp-block-list\">\n<li><a href=\"https:\/\/alice.ch\/app\/uploads\/2026\/02\/antragsformular.docx\">Antrag zur GWB (Word-Dokument)<\/a><\/li>\n\n\n\n<li><a href=\"https:\/\/alice.ch\/app\/uploads\/2026\/02\/dokumentation-relevanten-aus-weiterbildungen.docx\">Dokumentation aller relevanten Aus- und Weiterbildungen (Word-Dokument)<\/a><\/li>\n\n\n\n<li><a href=\"https:\/\/alice.ch\/app\/uploads\/2026\/02\/raster-selbstbeurteilung-za-dl.docx\">Selbstbeurteilung und Nachweisdokumente (Word-Dokument)<\/a><br>Bitte lesen Sie das Vorgehen auf dem <a href=\"https:\/\/alice.ch\/app\/uploads\/2026\/02\/informationsblatt-selbstbeurteilung.pdf\">Informationsblatt Selbstbeurteilung (PDF)<\/a><\/li>\n\n\n\n<li><a href=\"https:\/\/alice.ch\/app\/uploads\/2026\/02\/nachweis_ausbildungstaetigkeit.docx\">Nachweis zur Ausbildungst\u00e4tigkeit (Word-Dokument)<\/a><\/li>\n<\/ul>\n\n\n\n<p>Folgende formalen Vorgaben sind zu beachten:<\/p>\n\n\n\n<ul class=\"wp-block-list\">\n<li>Die Selbstbeurteilung folgt dem Kompetenzprofil des <a href=\"https:\/\/alice.ch\/app\/uploads\/2022\/11\/SVEB_ZA-DL.pdf\">SVEB-Zertifikats ZA-DL \u00abAusbilderin\/Ausbilder \u2013 Durchf\u00fchrung von Lernveranstaltungen\u00bb (PDF)<\/a>. Das Raster mit der entsprechenden Gliederung ist zwingend zu verwenden.<\/li>\n\n\n\n<li>Beispiele von Situationen aus der eigenen Ausbildungst\u00e4tigkeit zeigen die konkrete Umsetzung von Kompetenzen.<\/li>\n\n\n\n<li>Zitate, Quellennachweise, Literaturverzeichnis und Eigenst\u00e4ndigkeitserkl\u00e4rung sind vollst\u00e4ndig und korrekt.<\/li>\n<\/ul>\n\n\n\n<p>Ihr Dossier wird nach folgenden Kriterien beurteilt:<\/p>\n\n\n\n<ul class=\"wp-block-list\">\n<li>Die formalen Vorgaben wurden eigehalten.<\/li>\n\n\n\n<li>Die Aussagen der Selbstbeurteilung werden mit den beilegenden Dokumenten nachvollziehbar belegt.<\/li>\n\n\n\n<li>Die Leitziele, die andragogische Ausrichtung und andere Vorgaben der Organisation werden auf die eigenen Lernveranstaltungen \u00fcbertragen.<\/li>\n\n\n\n<li>Die vorgegebenen Ziele und Inhalte ber\u00fccksichtigen die Rahmenbedingungen und die Bed\u00fcrfnisse der Teilnehmenden.<\/li>\n\n\n\n<li>Die Ziele f\u00fcr die Lerneinheiten sind formuliert.<\/li>\n\n\n\n<li>Die Zielerreichung ist mit geeigneten Methoden \u00fcberpr\u00fcft.<\/li>\n\n\n\n<li>Die Lerneinheiten sind nach den Grunds\u00e4tzen der Andragogik gestaltet und die Wahl der Methoden ist \u2013 auch in Bezug auf das Fach und das Berufsfeld \u2013 begr\u00fcndet.<\/li>\n\n\n\n<li>Das didaktisch-methodische Vorgehen ist so gestaltet, dass die aktive Teilnahme gef\u00f6rdert wird.<\/li>\n\n\n\n<li>Den Teilnehmenden werden R\u00fcckmeldungen zu ihren Lernfortschritten gegeben \u2013 formativ und anhand formalisierter Kriterien.<\/li>\n\n\n\n<li>Die Beziehungs- und Interaktionsebene zwischen Kursleitung udn Teilnehmenden sowie zwischen den Teilnehmenden ist lernf\u00f6rdernd gestaltet.<\/li>\n\n\n\n<li>Das eigene Verhalten in der Rolle der Kursleitung wird reflektiert, Konsequenzen daraus werden gezogen.<\/li>\n<\/ul>\n\n\n\n<p>Die Kompetenzen sind nachgewiesen, wenn alle Kriterien mit sehr gut \/ gut \/ oder ausreichend beurteilt sind.<\/p>\n\n\n\n<h2 class=\"wp-block-heading\">Kontakt<\/h2>\n\n\n\n<div class=\"wp-block-columns is-layout-flex wp-container-core-columns-is-layout-28f84493 wp-block-columns-is-layout-flex\">\n<div class=\"wp-block-column is-layout-flow wp-block-column-is-layout-flow\" style=\"flex-basis:50%\"><div class=\"contact-persons\">\n\n\t\t\t\t\t<div class=\"contact-person\">\n\t\t\t\t\tGesch\u00e4ftsstelle AdA<br \/>\t\t\t\t\tGerry Weibel<br \/>\t\t\t\t\t<br \/>\n\t\t\t\t\tSachbearbeiter AdA Baukasten<br \/>\r\nNationaler Koordinator eidg. Berufspr\u00fcfung Ausbilder\/-in mit Fachausweis<br \/>\t\t\t\t\t<a href=\"tel:+41 (0)44 319 71 62\">+41 (0)44 319 71 62<\/a><br \/>\t\t\t\t\t<a href=\"mailto:gerry.weibel@alice.ch\">gerry.weibel@alice.ch<\/a><br \/>\t\t\t\t\t<\/div>\n\t\t\t\t\t<\/div>\n<\/div>\n\n\n\n<div class=\"wp-block-column is-layout-flow wp-block-column-is-layout-flow\" style=\"flex-basis:50%\"><\/div>\n<\/div>\n\n\n\n<p><\/p>\n<\/div>\n","protected":false},"excerpt":{"rendered":"<p>Gleichwertigkeitsbeurteilung:ZA-DL Variante A F\u00fcr die Gleichwertigkeitsbeurteilung (GWB) nach Variante A (dokumentengest\u00fctzt) beschreiben Sie in einer Selbstbeurteilung Ihre erwachsenenbildnerischen Kompetenzen schriftlich [&hellip;]<\/p>\n","protected":false},"author":7,"featured_media":20799,"parent":572,"menu_order":363,"comment_status":"closed","ping_status":"closed","template":"","meta":{"_acf_changed":false,"inline_featured_image":false,"footnotes":""},"class_list":["post-73486","page","type-page","status-publish","has-post-thumbnail","hentry"],"acf":[],"yoast_head":"<!-- This site is optimized with the Yoast SEO plugin v27.3 - https:\/\/yoast.com\/product\/yoast-seo-wordpress\/ -->\n<title>GWB ZA-DL Variante A - SVEB<\/title>\n<meta name=\"description\" content=\"Hier finden Sie Informationen zur Gleichwertigkeitsbeurteilung (GWB) nach Variante A (dokumentengest\u00fctzt).\" \/>\n<meta name=\"robots\" content=\"index, follow, max-snippet:-1, max-image-preview:large, max-video-preview:-1\" \/>\n<link rel=\"canonical\" href=\"https:\/\/alice.ch\/de\/professionalisierung\/gleichwertigkeitsbeurteilung-gwb\/gwb-za-dl-variante-a\/\" \/>\n<meta property=\"og:locale\" content=\"de_DE\" \/>\n<meta property=\"og:type\" content=\"article\" \/>\n<meta property=\"og:title\" content=\"GWB ZA-DL Variante A - SVEB\" \/>\n<meta property=\"og:description\" content=\"Hier finden Sie Informationen zur Gleichwertigkeitsbeurteilung (GWB) nach Variante A (dokumentengest\u00fctzt).\" \/>\n<meta property=\"og:url\" content=\"https:\/\/alice.ch\/de\/professionalisierung\/gleichwertigkeitsbeurteilung-gwb\/gwb-za-dl-variante-a\/\" \/>\n<meta property=\"og:site_name\" content=\"SVEB\" \/>\n<meta property=\"article:modified_time\" content=\"2026-04-22T15:44:24+00:00\" \/>\n<meta name=\"twitter:card\" content=\"summary_large_image\" \/>\n<meta name=\"twitter:label1\" content=\"Gesch\u00e4tzte Lesezeit\" \/>\n\t<meta name=\"twitter:data1\" content=\"4\u00a0Minuten\" \/>\n<script type=\"application\/ld+json\" class=\"yoast-schema-graph\">{\"@context\":\"https:\\\/\\\/schema.org\",\"@graph\":[{\"@type\":\"WebPage\",\"@id\":\"https:\\\/\\\/alice.ch\\\/de\\\/professionalisierung\\\/gleichwertigkeitsbeurteilung-gwb\\\/gwb-za-dl-variante-a\\\/\",\"url\":\"https:\\\/\\\/alice.ch\\\/de\\\/professionalisierung\\\/gleichwertigkeitsbeurteilung-gwb\\\/gwb-za-dl-variante-a\\\/\",\"name\":\"GWB ZA-DL Variante A - SVEB\",\"isPartOf\":{\"@id\":\"https:\\\/\\\/alice.ch\\\/de\\\/#website\"},\"primaryImageOfPage\":{\"@id\":\"https:\\\/\\\/alice.ch\\\/de\\\/professionalisierung\\\/gleichwertigkeitsbeurteilung-gwb\\\/gwb-za-dl-variante-a\\\/#primaryimage\"},\"image\":{\"@id\":\"https:\\\/\\\/alice.ch\\\/de\\\/professionalisierung\\\/gleichwertigkeitsbeurteilung-gwb\\\/gwb-za-dl-variante-a\\\/#primaryimage\"},\"thumbnailUrl\":\"https:\\\/\\\/alice.ch\\\/app\\\/uploads\\\/2022\\\/11\\\/default.jpg\",\"datePublished\":\"2026-04-21T18:23:30+00:00\",\"dateModified\":\"2026-04-22T15:44:24+00:00\",\"description\":\"Hier finden Sie Informationen zur Gleichwertigkeitsbeurteilung (GWB) nach Variante A (dokumentengest\u00fctzt).\",\"breadcrumb\":{\"@id\":\"https:\\\/\\\/alice.ch\\\/de\\\/professionalisierung\\\/gleichwertigkeitsbeurteilung-gwb\\\/gwb-za-dl-variante-a\\\/#breadcrumb\"},\"inLanguage\":\"de\",\"potentialAction\":[{\"@type\":\"ReadAction\",\"target\":[\"https:\\\/\\\/alice.ch\\\/de\\\/professionalisierung\\\/gleichwertigkeitsbeurteilung-gwb\\\/gwb-za-dl-variante-a\\\/\"]}]},{\"@type\":\"ImageObject\",\"inLanguage\":\"de\",\"@id\":\"https:\\\/\\\/alice.ch\\\/de\\\/professionalisierung\\\/gleichwertigkeitsbeurteilung-gwb\\\/gwb-za-dl-variante-a\\\/#primaryimage\",\"url\":\"https:\\\/\\\/alice.ch\\\/app\\\/uploads\\\/2022\\\/11\\\/default.jpg\",\"contentUrl\":\"https:\\\/\\\/alice.ch\\\/app\\\/uploads\\\/2022\\\/11\\\/default.jpg\",\"width\":1600,\"height\":900},{\"@type\":\"BreadcrumbList\",\"@id\":\"https:\\\/\\\/alice.ch\\\/de\\\/professionalisierung\\\/gleichwertigkeitsbeurteilung-gwb\\\/gwb-za-dl-variante-a\\\/#breadcrumb\",\"itemListElement\":[{\"@type\":\"ListItem\",\"position\":1,\"name\":\"Startseite\",\"item\":\"https:\\\/\\\/alice.ch\\\/de\\\/\"},{\"@type\":\"ListItem\",\"position\":2,\"name\":\"Professionalisierung\",\"item\":\"https:\\\/\\\/alice.ch\\\/de\\\/professionalisierung\\\/\"},{\"@type\":\"ListItem\",\"position\":3,\"name\":\"Gleichwertigkeitsbeurteilung GWB\",\"item\":\"https:\\\/\\\/alice.ch\\\/de\\\/professionalisierung\\\/gleichwertigkeitsbeurteilung-gwb\\\/\"},{\"@type\":\"ListItem\",\"position\":4,\"name\":\"GWB ZA-DL Variante A\"}]},{\"@type\":\"WebSite\",\"@id\":\"https:\\\/\\\/alice.ch\\\/de\\\/#website\",\"url\":\"https:\\\/\\\/alice.ch\\\/de\\\/\",\"name\":\"alice.ch (Adult Learning Information Center) ist das Portal der Weiterbildung in der Schweiz.\",\"description\":\"Schweizerischer Verband f\u00fcr Weiterbildung\",\"publisher\":{\"@id\":\"https:\\\/\\\/alice.ch\\\/de\\\/#organization\"},\"potentialAction\":[{\"@type\":\"SearchAction\",\"target\":{\"@type\":\"EntryPoint\",\"urlTemplate\":\"https:\\\/\\\/alice.ch\\\/de\\\/?s={search_term_string}\"},\"query-input\":{\"@type\":\"PropertyValueSpecification\",\"valueRequired\":true,\"valueName\":\"search_term_string\"}}],\"inLanguage\":\"de\"},{\"@type\":\"Organization\",\"@id\":\"https:\\\/\\\/alice.ch\\\/de\\\/#organization\",\"name\":\"SVEB Schweizerischer Verband f\u00fcr Weiterbildung\",\"url\":\"https:\\\/\\\/alice.ch\\\/de\\\/\",\"logo\":{\"@type\":\"ImageObject\",\"inLanguage\":\"de\",\"@id\":\"https:\\\/\\\/alice.ch\\\/de\\\/#\\\/schema\\\/logo\\\/image\\\/\",\"url\":\"https:\\\/\\\/alice.ch\\\/app\\\/uploads\\\/2022\\\/07\\\/logo-sveb.png\",\"contentUrl\":\"https:\\\/\\\/alice.ch\\\/app\\\/uploads\\\/2022\\\/07\\\/logo-sveb.png\",\"width\":145,\"height\":64,\"caption\":\"SVEB Schweizerischer Verband f\u00fcr Weiterbildung\"},\"image\":{\"@id\":\"https:\\\/\\\/alice.ch\\\/de\\\/#\\\/schema\\\/logo\\\/image\\\/\"},\"sameAs\":[\"https:\\\/\\\/www.linkedin.com\\\/company\\\/schweizerischer-verband-fr-weiterbildung-sveb\\\/\"]}]}<\/script>\n<!-- \/ Yoast SEO plugin. -->","yoast_head_json":{"title":"GWB ZA-DL Variante A - SVEB","description":"Hier finden Sie Informationen zur Gleichwertigkeitsbeurteilung (GWB) nach Variante A (dokumentengest\u00fctzt).","robots":{"index":"index","follow":"follow","max-snippet":"max-snippet:-1","max-image-preview":"max-image-preview:large","max-video-preview":"max-video-preview:-1"},"canonical":"https:\/\/alice.ch\/de\/professionalisierung\/gleichwertigkeitsbeurteilung-gwb\/gwb-za-dl-variante-a\/","og_locale":"de_DE","og_type":"article","og_title":"GWB ZA-DL Variante A - SVEB","og_description":"Hier finden Sie Informationen zur Gleichwertigkeitsbeurteilung (GWB) nach Variante A (dokumentengest\u00fctzt).","og_url":"https:\/\/alice.ch\/de\/professionalisierung\/gleichwertigkeitsbeurteilung-gwb\/gwb-za-dl-variante-a\/","og_site_name":"SVEB","article_modified_time":"2026-04-22T15:44:24+00:00","twitter_card":"summary_large_image","twitter_misc":{"Gesch\u00e4tzte Lesezeit":"4\u00a0Minuten"},"schema":{"@context":"https:\/\/schema.org","@graph":[{"@type":"WebPage","@id":"https:\/\/alice.ch\/de\/professionalisierung\/gleichwertigkeitsbeurteilung-gwb\/gwb-za-dl-variante-a\/","url":"https:\/\/alice.ch\/de\/professionalisierung\/gleichwertigkeitsbeurteilung-gwb\/gwb-za-dl-variante-a\/","name":"GWB ZA-DL Variante A - SVEB","isPartOf":{"@id":"https:\/\/alice.ch\/de\/#website"},"primaryImageOfPage":{"@id":"https:\/\/alice.ch\/de\/professionalisierung\/gleichwertigkeitsbeurteilung-gwb\/gwb-za-dl-variante-a\/#primaryimage"},"image":{"@id":"https:\/\/alice.ch\/de\/professionalisierung\/gleichwertigkeitsbeurteilung-gwb\/gwb-za-dl-variante-a\/#primaryimage"},"thumbnailUrl":"https:\/\/alice.ch\/app\/uploads\/2022\/11\/default.jpg","datePublished":"2026-04-21T18:23:30+00:00","dateModified":"2026-04-22T15:44:24+00:00","description":"Hier finden Sie Informationen zur Gleichwertigkeitsbeurteilung (GWB) nach Variante A (dokumentengest\u00fctzt).","breadcrumb":{"@id":"https:\/\/alice.ch\/de\/professionalisierung\/gleichwertigkeitsbeurteilung-gwb\/gwb-za-dl-variante-a\/#breadcrumb"},"inLanguage":"de","potentialAction":[{"@type":"ReadAction","target":["https:\/\/alice.ch\/de\/professionalisierung\/gleichwertigkeitsbeurteilung-gwb\/gwb-za-dl-variante-a\/"]}]},{"@type":"ImageObject","inLanguage":"de","@id":"https:\/\/alice.ch\/de\/professionalisierung\/gleichwertigkeitsbeurteilung-gwb\/gwb-za-dl-variante-a\/#primaryimage","url":"https:\/\/alice.ch\/app\/uploads\/2022\/11\/default.jpg","contentUrl":"https:\/\/alice.ch\/app\/uploads\/2022\/11\/default.jpg","width":1600,"height":900},{"@type":"BreadcrumbList","@id":"https:\/\/alice.ch\/de\/professionalisierung\/gleichwertigkeitsbeurteilung-gwb\/gwb-za-dl-variante-a\/#breadcrumb","itemListElement":[{"@type":"ListItem","position":1,"name":"Startseite","item":"https:\/\/alice.ch\/de\/"},{"@type":"ListItem","position":2,"name":"Professionalisierung","item":"https:\/\/alice.ch\/de\/professionalisierung\/"},{"@type":"ListItem","position":3,"name":"Gleichwertigkeitsbeurteilung GWB","item":"https:\/\/alice.ch\/de\/professionalisierung\/gleichwertigkeitsbeurteilung-gwb\/"},{"@type":"ListItem","position":4,"name":"GWB ZA-DL Variante A"}]},{"@type":"WebSite","@id":"https:\/\/alice.ch\/de\/#website","url":"https:\/\/alice.ch\/de\/","name":"alice.ch (Adult Learning Information Center) ist das Portal der Weiterbildung in der Schweiz.","description":"Schweizerischer Verband f\u00fcr Weiterbildung","publisher":{"@id":"https:\/\/alice.ch\/de\/#organization"},"potentialAction":[{"@type":"SearchAction","target":{"@type":"EntryPoint","urlTemplate":"https:\/\/alice.ch\/de\/?s={search_term_string}"},"query-input":{"@type":"PropertyValueSpecification","valueRequired":true,"valueName":"search_term_string"}}],"inLanguage":"de"},{"@type":"Organization","@id":"https:\/\/alice.ch\/de\/#organization","name":"SVEB Schweizerischer Verband f\u00fcr Weiterbildung","url":"https:\/\/alice.ch\/de\/","logo":{"@type":"ImageObject","inLanguage":"de","@id":"https:\/\/alice.ch\/de\/#\/schema\/logo\/image\/","url":"https:\/\/alice.ch\/app\/uploads\/2022\/07\/logo-sveb.png","contentUrl":"https:\/\/alice.ch\/app\/uploads\/2022\/07\/logo-sveb.png","width":145,"height":64,"caption":"SVEB Schweizerischer Verband f\u00fcr Weiterbildung"},"image":{"@id":"https:\/\/alice.ch\/de\/#\/schema\/logo\/image\/"},"sameAs":["https:\/\/www.linkedin.com\/company\/schweizerischer-verband-fr-weiterbildung-sveb\/"]}]}},"_links":{"self":[{"href":"https:\/\/alice.ch\/de\/wp-json\/wp\/v2\/pages\/73486","targetHints":{"allow":["GET"]}}],"collection":[{"href":"https:\/\/alice.ch\/de\/wp-json\/wp\/v2\/pages"}],"about":[{"href":"https:\/\/alice.ch\/de\/wp-json\/wp\/v2\/types\/page"}],"author":[{"embeddable":true,"href":"https:\/\/alice.ch\/de\/wp-json\/wp\/v2\/users\/7"}],"replies":[{"embeddable":true,"href":"https:\/\/alice.ch\/de\/wp-json\/wp\/v2\/comments?post=73486"}],"version-history":[{"count":11,"href":"https:\/\/alice.ch\/de\/wp-json\/wp\/v2\/pages\/73486\/revisions"}],"predecessor-version":[{"id":75114,"href":"https:\/\/alice.ch\/de\/wp-json\/wp\/v2\/pages\/73486\/revisions\/75114"}],"up":[{"embeddable":true,"href":"https:\/\/alice.ch\/de\/wp-json\/wp\/v2\/pages\/572"}],"wp:featuredmedia":[{"embeddable":true,"href":"https:\/\/alice.ch\/de\/wp-json\/wp\/v2\/media\/20799"}],"wp:attachment":[{"href":"https:\/\/alice.ch\/de\/wp-json\/wp\/v2\/media?parent=73486"}],"curies":[{"name":"wp","href":"https:\/\/api.w.org\/{rel}","templated":true}]}}