{"id":73756,"date":"2026-04-21T15:27:13","date_gmt":"2026-04-21T13:27:13","guid":{"rendered":"https:\/\/alice.ch\/?page_id=73756"},"modified":"2026-04-22T17:41:51","modified_gmt":"2026-04-22T15:41:51","slug":"gwb-za-be-variante-b","status":"publish","type":"page","link":"https:\/\/alice.ch\/de\/professionalisierung\/gleichwertigkeitsbeurteilung-gwb\/gwb-za-be-variante-b\/","title":{"rendered":"GWB ZA-BE Variante B"},"content":{"rendered":"\n<div class=\"wp-block-group is-style-reduced-width is-layout-constrained wp-block-group-is-layout-constrained\">\n<h1 class=\"wp-block-heading\">Gleichwertigkeitsbeurteilung:<br>ZA-BE Variante B<\/h1>\n\n\n\n<p class=\"is-style-lead\">Die Gleichwertigkeitsbeurteilung (GWB) nach Variante B erfolgt nach einer <strong>Praxisdemonstration<\/strong> in Ihrem Arbeitsfeld und einem <strong>Pr\u00fcfungsgespr\u00e4ch<\/strong>. <\/p>\n\n\n\n<p class=\"is-style-default\">Die von der Expertin bzw. dem Experten beobachtete Lernbegleitung kann physisch am Ausbildungsort oder digital in einem synchronen Ausbildungssetting durchgef\u00fchrt werden und dauert 90 Minuten. Darauf folgt ein Pr\u00fcfungsgespr\u00e4ch von 60 Minuten, bei dem Sie mit der Expertin bzw. dem Experten die Ausbildungssequenz reflektieren und weitergehende Fragen diskutieren.<\/p>\n\n\n\n<p>Bitte f\u00fcllen Sie folgende Dokumente aus und reichen Sie diese <a href=\"mailto:gwb@alice.ch\">gwb@alice.ch<\/a> ein:<\/p>\n\n\n\n<ul class=\"wp-block-list\">\n<li><a href=\"https:\/\/alice.ch\/app\/uploads\/2026\/02\/antragsformular.docx\">Antrag zur GWB (Word-Dokument)<\/a><\/li>\n\n\n\n<li><a href=\"https:\/\/alice.ch\/app\/uploads\/2026\/02\/dokumentation-relevanten-aus-weiterbildungen.docx\">Dokumentation aller relevanten Aus- und Weiterbildungen (Word-Dokument)<\/a><\/li>\n\n\n\n<li><a href=\"https:\/\/alice.ch\/app\/uploads\/2026\/02\/nachweis_ausbildungstaetigkeit.docx\">Nachweis zur Ausbildungst\u00e4tigkeit (Word-Dokument)<\/a><\/li>\n<\/ul>\n\n\n\n<p>Sp\u00e4testens f\u00fcnf Tage vor dem Besuch m\u00fcssen Sie der Expertin\/dem Experten die relevanten Unterlagen zur Ausbildungssequenz (Beschreibung und Planung) zukommen lassen.<\/p>\n\n\n\n<p>Folgende formalen Vorgaben sind zu beachten:<\/p>\n\n\n\n<p><strong>Praxisdemonstration<\/strong><\/p>\n\n\n\n<ul class=\"wp-block-list\">\n<li>Die Lernbegleitung findet mit einer Einzelperson statt.<\/li>\n\n\n\n<li>Die schriftliche Beschreibung und Planung umfasst angestrebte Kompetenzen\/Lernziele, eine Zeitplanung, eingesetzte Methoden, Medien und Ausbildungsmaterial.<\/li>\n\n\n\n<li>Das Thema f\u00fcr die Lernbegleitung stammt aus dem Fachgebiet der Ausbilderin\/des Ausbilders.<\/li>\n\n\n\n<li>Die Lernsituation ist auf eine geforderte Kompetenz oder auf gesetzte Lernziele ausgerichtet und folgt einer lernprozessorientierten Planung.<\/li>\n<\/ul>\n\n\n\n<p><strong>Pr\u00fcfungsgespr\u00e4ch<\/strong><\/p>\n\n\n\n<ul class=\"wp-block-list\">\n<li>Die Selbsteinsch\u00e4tzung und die Reflexion der Ausbilderin\/des Ausbilders zur Planung und deren Umsetzung, dem Einsatz von Methoden und Medien sowie zum Verhalten der Gruppe und der Zielerreichung ist nachvollziehbar und aussagekr\u00e4ftig.<\/li>\n\n\n\n<li>Die aus der Planung, der Durchf\u00fchrung und dem Feedback gezogenen Schl\u00fcsse f\u00fcr das eigene Handeln sind folgerichtig und klar formuliert.<\/li>\n<\/ul>\n\n\n\n<p>Die <strong>Praxisdemonstration<\/strong> wird nach folgenden Kriterien beurteilt:<\/p>\n\n\n\n<ul class=\"wp-block-list\">\n<li>Die formalen Vorgaben wurden eigehalten.<\/li>\n\n\n\n<li>Lehr- und Lernformen sind lernprozessf\u00f6rdernd und zielorientiert eingesetzt.<\/li>\n\n\n\n<li>Der Umgang mit der begleiteten Person ist aufmerksam, unterst\u00fctzend und wertsch\u00e4tzend.<\/li>\n\n\n\n<li>Die begleitete Person wird in der Lernbegleitung einbezogen, ihre aktive Teilnahme wird gef\u00f6rdert.<\/li>\n\n\n\n<li>Die Ausbiderin\/der Ausbilder wirkt authentisch, engagiert und pr\u00e4sent.<\/li>\n\n\n\n<li>Die eigene Rolle beim Leiten uder Lernbegleitung wird sicher gestaltet.<\/li>\n\n\n\n<li>Anweisungen und Sachverhalte werden verst\u00e4ndlich und nachvollziehbar kommuniziert, Zusammenh\u00e4nge hersgestellt.<\/li>\n\n\n\n<li>Die Interaktion und das Verhalten in der Leitungsrolle sind der aktuellen Situation angepasst.<\/li>\n\n\n\n<li>Die Umsetzung der Planung ist nachvollziehbar und diese kann bei Bedarf flexibel der aktuellen Situation angepasst werden.<\/li>\n<\/ul>\n\n\n\n<p>Das <strong>Pr\u00fcfungsgespr\u00e4ch<\/strong> wird nach folgenden Kriterien beurteilt:<\/p>\n\n\n\n<ul class=\"wp-block-list\">\n<li>Die formalen Vorgaben wurden eigehalten.<\/li>\n\n\n\n<li>Die Durchf\u00fchrung der Lernbegleitung wird auf verschiedenen Ebenen kritisch reflektiert.<\/li>\n\n\n\n<li>Interaktionen, Verhaltensweisen oder Interventionen werden begr\u00fcndet (nach Bedarf auch mit Bezug zu theoretischen Modellen und Konzepten) und alternative Vorgehensweisen entworfen.<\/li>\n\n\n\n<li>Das eigene Rollenverhalten wird kritisch reflektiert und mit dem eigenen Lernverst\u00e4ndnis und eigenen Werten in Beziehung gesetzt.<\/li>\n\n\n\n<li>Aus den Erkenntnissen der Reflexion werden Schl\u00fcsse f\u00fcr die didaktisch-methodische Planung und das Handeln der Ausbiderin\/des Ausbilders abgeleitet.<\/li>\n<\/ul>\n\n\n\n<p class=\"is-style-default\">Die Kompetenzen sind nachgewiesen, wenn alle Kriterien mit sehr gut \/ gut \/ oder ausreichend beurteilt sind.<\/p>\n\n\n\n<h2 class=\"wp-block-heading\">Kontakt<\/h2>\n\n\n\n<div class=\"wp-block-columns is-layout-flex wp-container-core-columns-is-layout-28f84493 wp-block-columns-is-layout-flex\">\n<div class=\"wp-block-column is-layout-flow wp-block-column-is-layout-flow\" style=\"flex-basis:50%\"><div class=\"contact-persons\">\n\n\t\t\t\t\t<div class=\"contact-person\">\n\t\t\t\t\tGesch\u00e4ftsstelle AdA<br \/>\t\t\t\t\tGerry Weibel<br \/>\t\t\t\t\t<br \/>\n\t\t\t\t\tSachbearbeiter AdA Baukasten<br \/>\r\nNationaler Koordinator eidg. Berufspr\u00fcfung Ausbilder\/-in mit Fachausweis<br \/>\t\t\t\t\t<a href=\"tel:+41 (0)44 319 71 62\">+41 (0)44 319 71 62<\/a><br \/>\t\t\t\t\t<a href=\"mailto:gerry.weibel@alice.ch\">gerry.weibel@alice.ch<\/a><br \/>\t\t\t\t\t<\/div>\n\t\t\t\t\t<\/div>\n<\/div>\n\n\n\n<div class=\"wp-block-column is-layout-flow wp-block-column-is-layout-flow\" style=\"flex-basis:50%\"><\/div>\n<\/div>\n\n\n\n<p><\/p>\n<\/div>\n","protected":false},"excerpt":{"rendered":"<p>Gleichwertigkeitsbeurteilung:ZA-BE Variante B Die Gleichwertigkeitsbeurteilung (GWB) nach Variante B erfolgt nach einer Praxisdemonstration in Ihrem Arbeitsfeld und einem Pr\u00fcfungsgespr\u00e4ch. Die [&hellip;]<\/p>\n","protected":false},"author":7,"featured_media":20799,"parent":572,"menu_order":362,"comment_status":"closed","ping_status":"closed","template":"","meta":{"_acf_changed":false,"inline_featured_image":false,"footnotes":""},"class_list":["post-73756","page","type-page","status-publish","has-post-thumbnail","hentry"],"acf":[],"yoast_head":"<!-- This site is optimized with the Yoast SEO plugin v27.3 - https:\/\/yoast.com\/product\/yoast-seo-wordpress\/ -->\n<title>GWB ZA-BE Variante B - SVEB<\/title>\n<meta name=\"description\" content=\"Gleichwertigkeitsbeurteilung (GWB) nach Variante B f\u00fcr das SVEB-Zertifikat Ausbilderin\/Ausbilde \u2013 Einzelbegleitung\" \/>\n<meta name=\"robots\" content=\"index, follow, max-snippet:-1, max-image-preview:large, max-video-preview:-1\" \/>\n<link rel=\"canonical\" href=\"https:\/\/alice.ch\/de\/professionalisierung\/gleichwertigkeitsbeurteilung-gwb\/gwb-za-be-variante-b\/\" \/>\n<meta property=\"og:locale\" content=\"de_DE\" \/>\n<meta property=\"og:type\" content=\"article\" \/>\n<meta property=\"og:title\" content=\"GWB ZA-BE Variante B - SVEB\" \/>\n<meta property=\"og:description\" content=\"Gleichwertigkeitsbeurteilung (GWB) nach Variante B f\u00fcr das SVEB-Zertifikat Ausbilderin\/Ausbilde \u2013 Einzelbegleitung\" \/>\n<meta property=\"og:url\" content=\"https:\/\/alice.ch\/de\/professionalisierung\/gleichwertigkeitsbeurteilung-gwb\/gwb-za-be-variante-b\/\" \/>\n<meta property=\"og:site_name\" content=\"SVEB\" \/>\n<meta property=\"article:modified_time\" content=\"2026-04-22T15:41:51+00:00\" \/>\n<meta name=\"twitter:card\" content=\"summary_large_image\" \/>\n<meta name=\"twitter:label1\" content=\"Gesch\u00e4tzte Lesezeit\" \/>\n\t<meta name=\"twitter:data1\" content=\"4\u00a0Minuten\" \/>\n<script type=\"application\/ld+json\" class=\"yoast-schema-graph\">{\"@context\":\"https:\\\/\\\/schema.org\",\"@graph\":[{\"@type\":\"WebPage\",\"@id\":\"https:\\\/\\\/alice.ch\\\/de\\\/professionalisierung\\\/gleichwertigkeitsbeurteilung-gwb\\\/gwb-za-be-variante-b\\\/\",\"url\":\"https:\\\/\\\/alice.ch\\\/de\\\/professionalisierung\\\/gleichwertigkeitsbeurteilung-gwb\\\/gwb-za-be-variante-b\\\/\",\"name\":\"GWB ZA-BE Variante B - SVEB\",\"isPartOf\":{\"@id\":\"https:\\\/\\\/alice.ch\\\/de\\\/#website\"},\"primaryImageOfPage\":{\"@id\":\"https:\\\/\\\/alice.ch\\\/de\\\/professionalisierung\\\/gleichwertigkeitsbeurteilung-gwb\\\/gwb-za-be-variante-b\\\/#primaryimage\"},\"image\":{\"@id\":\"https:\\\/\\\/alice.ch\\\/de\\\/professionalisierung\\\/gleichwertigkeitsbeurteilung-gwb\\\/gwb-za-be-variante-b\\\/#primaryimage\"},\"thumbnailUrl\":\"https:\\\/\\\/alice.ch\\\/app\\\/uploads\\\/2022\\\/11\\\/default.jpg\",\"datePublished\":\"2026-04-21T13:27:13+00:00\",\"dateModified\":\"2026-04-22T15:41:51+00:00\",\"description\":\"Gleichwertigkeitsbeurteilung (GWB) nach Variante B f\u00fcr das SVEB-Zertifikat Ausbilderin\\\/Ausbilde \u2013 Einzelbegleitung\",\"breadcrumb\":{\"@id\":\"https:\\\/\\\/alice.ch\\\/de\\\/professionalisierung\\\/gleichwertigkeitsbeurteilung-gwb\\\/gwb-za-be-variante-b\\\/#breadcrumb\"},\"inLanguage\":\"de\",\"potentialAction\":[{\"@type\":\"ReadAction\",\"target\":[\"https:\\\/\\\/alice.ch\\\/de\\\/professionalisierung\\\/gleichwertigkeitsbeurteilung-gwb\\\/gwb-za-be-variante-b\\\/\"]}]},{\"@type\":\"ImageObject\",\"inLanguage\":\"de\",\"@id\":\"https:\\\/\\\/alice.ch\\\/de\\\/professionalisierung\\\/gleichwertigkeitsbeurteilung-gwb\\\/gwb-za-be-variante-b\\\/#primaryimage\",\"url\":\"https:\\\/\\\/alice.ch\\\/app\\\/uploads\\\/2022\\\/11\\\/default.jpg\",\"contentUrl\":\"https:\\\/\\\/alice.ch\\\/app\\\/uploads\\\/2022\\\/11\\\/default.jpg\",\"width\":1600,\"height\":900},{\"@type\":\"BreadcrumbList\",\"@id\":\"https:\\\/\\\/alice.ch\\\/de\\\/professionalisierung\\\/gleichwertigkeitsbeurteilung-gwb\\\/gwb-za-be-variante-b\\\/#breadcrumb\",\"itemListElement\":[{\"@type\":\"ListItem\",\"position\":1,\"name\":\"Startseite\",\"item\":\"https:\\\/\\\/alice.ch\\\/de\\\/\"},{\"@type\":\"ListItem\",\"position\":2,\"name\":\"Professionalisierung\",\"item\":\"https:\\\/\\\/alice.ch\\\/de\\\/professionalisierung\\\/\"},{\"@type\":\"ListItem\",\"position\":3,\"name\":\"Gleichwertigkeitsbeurteilung GWB\",\"item\":\"https:\\\/\\\/alice.ch\\\/de\\\/professionalisierung\\\/gleichwertigkeitsbeurteilung-gwb\\\/\"},{\"@type\":\"ListItem\",\"position\":4,\"name\":\"GWB ZA-BE Variante B\"}]},{\"@type\":\"WebSite\",\"@id\":\"https:\\\/\\\/alice.ch\\\/de\\\/#website\",\"url\":\"https:\\\/\\\/alice.ch\\\/de\\\/\",\"name\":\"alice.ch (Adult Learning Information Center) ist das Portal der Weiterbildung in der Schweiz.\",\"description\":\"Schweizerischer Verband f\u00fcr Weiterbildung\",\"publisher\":{\"@id\":\"https:\\\/\\\/alice.ch\\\/de\\\/#organization\"},\"potentialAction\":[{\"@type\":\"SearchAction\",\"target\":{\"@type\":\"EntryPoint\",\"urlTemplate\":\"https:\\\/\\\/alice.ch\\\/de\\\/?s={search_term_string}\"},\"query-input\":{\"@type\":\"PropertyValueSpecification\",\"valueRequired\":true,\"valueName\":\"search_term_string\"}}],\"inLanguage\":\"de\"},{\"@type\":\"Organization\",\"@id\":\"https:\\\/\\\/alice.ch\\\/de\\\/#organization\",\"name\":\"SVEB Schweizerischer Verband f\u00fcr Weiterbildung\",\"url\":\"https:\\\/\\\/alice.ch\\\/de\\\/\",\"logo\":{\"@type\":\"ImageObject\",\"inLanguage\":\"de\",\"@id\":\"https:\\\/\\\/alice.ch\\\/de\\\/#\\\/schema\\\/logo\\\/image\\\/\",\"url\":\"https:\\\/\\\/alice.ch\\\/app\\\/uploads\\\/2022\\\/07\\\/logo-sveb.png\",\"contentUrl\":\"https:\\\/\\\/alice.ch\\\/app\\\/uploads\\\/2022\\\/07\\\/logo-sveb.png\",\"width\":145,\"height\":64,\"caption\":\"SVEB Schweizerischer Verband f\u00fcr Weiterbildung\"},\"image\":{\"@id\":\"https:\\\/\\\/alice.ch\\\/de\\\/#\\\/schema\\\/logo\\\/image\\\/\"},\"sameAs\":[\"https:\\\/\\\/www.linkedin.com\\\/company\\\/schweizerischer-verband-fr-weiterbildung-sveb\\\/\"]}]}<\/script>\n<!-- \/ Yoast SEO plugin. -->","yoast_head_json":{"title":"GWB ZA-BE Variante B - SVEB","description":"Gleichwertigkeitsbeurteilung (GWB) nach Variante B f\u00fcr das SVEB-Zertifikat Ausbilderin\/Ausbilde \u2013 Einzelbegleitung","robots":{"index":"index","follow":"follow","max-snippet":"max-snippet:-1","max-image-preview":"max-image-preview:large","max-video-preview":"max-video-preview:-1"},"canonical":"https:\/\/alice.ch\/de\/professionalisierung\/gleichwertigkeitsbeurteilung-gwb\/gwb-za-be-variante-b\/","og_locale":"de_DE","og_type":"article","og_title":"GWB ZA-BE Variante B - SVEB","og_description":"Gleichwertigkeitsbeurteilung (GWB) nach Variante B f\u00fcr das SVEB-Zertifikat Ausbilderin\/Ausbilde \u2013 Einzelbegleitung","og_url":"https:\/\/alice.ch\/de\/professionalisierung\/gleichwertigkeitsbeurteilung-gwb\/gwb-za-be-variante-b\/","og_site_name":"SVEB","article_modified_time":"2026-04-22T15:41:51+00:00","twitter_card":"summary_large_image","twitter_misc":{"Gesch\u00e4tzte Lesezeit":"4\u00a0Minuten"},"schema":{"@context":"https:\/\/schema.org","@graph":[{"@type":"WebPage","@id":"https:\/\/alice.ch\/de\/professionalisierung\/gleichwertigkeitsbeurteilung-gwb\/gwb-za-be-variante-b\/","url":"https:\/\/alice.ch\/de\/professionalisierung\/gleichwertigkeitsbeurteilung-gwb\/gwb-za-be-variante-b\/","name":"GWB ZA-BE Variante B - SVEB","isPartOf":{"@id":"https:\/\/alice.ch\/de\/#website"},"primaryImageOfPage":{"@id":"https:\/\/alice.ch\/de\/professionalisierung\/gleichwertigkeitsbeurteilung-gwb\/gwb-za-be-variante-b\/#primaryimage"},"image":{"@id":"https:\/\/alice.ch\/de\/professionalisierung\/gleichwertigkeitsbeurteilung-gwb\/gwb-za-be-variante-b\/#primaryimage"},"thumbnailUrl":"https:\/\/alice.ch\/app\/uploads\/2022\/11\/default.jpg","datePublished":"2026-04-21T13:27:13+00:00","dateModified":"2026-04-22T15:41:51+00:00","description":"Gleichwertigkeitsbeurteilung (GWB) nach Variante B f\u00fcr das SVEB-Zertifikat Ausbilderin\/Ausbilde \u2013 Einzelbegleitung","breadcrumb":{"@id":"https:\/\/alice.ch\/de\/professionalisierung\/gleichwertigkeitsbeurteilung-gwb\/gwb-za-be-variante-b\/#breadcrumb"},"inLanguage":"de","potentialAction":[{"@type":"ReadAction","target":["https:\/\/alice.ch\/de\/professionalisierung\/gleichwertigkeitsbeurteilung-gwb\/gwb-za-be-variante-b\/"]}]},{"@type":"ImageObject","inLanguage":"de","@id":"https:\/\/alice.ch\/de\/professionalisierung\/gleichwertigkeitsbeurteilung-gwb\/gwb-za-be-variante-b\/#primaryimage","url":"https:\/\/alice.ch\/app\/uploads\/2022\/11\/default.jpg","contentUrl":"https:\/\/alice.ch\/app\/uploads\/2022\/11\/default.jpg","width":1600,"height":900},{"@type":"BreadcrumbList","@id":"https:\/\/alice.ch\/de\/professionalisierung\/gleichwertigkeitsbeurteilung-gwb\/gwb-za-be-variante-b\/#breadcrumb","itemListElement":[{"@type":"ListItem","position":1,"name":"Startseite","item":"https:\/\/alice.ch\/de\/"},{"@type":"ListItem","position":2,"name":"Professionalisierung","item":"https:\/\/alice.ch\/de\/professionalisierung\/"},{"@type":"ListItem","position":3,"name":"Gleichwertigkeitsbeurteilung GWB","item":"https:\/\/alice.ch\/de\/professionalisierung\/gleichwertigkeitsbeurteilung-gwb\/"},{"@type":"ListItem","position":4,"name":"GWB ZA-BE Variante B"}]},{"@type":"WebSite","@id":"https:\/\/alice.ch\/de\/#website","url":"https:\/\/alice.ch\/de\/","name":"alice.ch (Adult Learning Information Center) ist das Portal der Weiterbildung in der Schweiz.","description":"Schweizerischer Verband f\u00fcr Weiterbildung","publisher":{"@id":"https:\/\/alice.ch\/de\/#organization"},"potentialAction":[{"@type":"SearchAction","target":{"@type":"EntryPoint","urlTemplate":"https:\/\/alice.ch\/de\/?s={search_term_string}"},"query-input":{"@type":"PropertyValueSpecification","valueRequired":true,"valueName":"search_term_string"}}],"inLanguage":"de"},{"@type":"Organization","@id":"https:\/\/alice.ch\/de\/#organization","name":"SVEB Schweizerischer Verband f\u00fcr Weiterbildung","url":"https:\/\/alice.ch\/de\/","logo":{"@type":"ImageObject","inLanguage":"de","@id":"https:\/\/alice.ch\/de\/#\/schema\/logo\/image\/","url":"https:\/\/alice.ch\/app\/uploads\/2022\/07\/logo-sveb.png","contentUrl":"https:\/\/alice.ch\/app\/uploads\/2022\/07\/logo-sveb.png","width":145,"height":64,"caption":"SVEB Schweizerischer Verband f\u00fcr Weiterbildung"},"image":{"@id":"https:\/\/alice.ch\/de\/#\/schema\/logo\/image\/"},"sameAs":["https:\/\/www.linkedin.com\/company\/schweizerischer-verband-fr-weiterbildung-sveb\/"]}]}},"_links":{"self":[{"href":"https:\/\/alice.ch\/de\/wp-json\/wp\/v2\/pages\/73756","targetHints":{"allow":["GET"]}}],"collection":[{"href":"https:\/\/alice.ch\/de\/wp-json\/wp\/v2\/pages"}],"about":[{"href":"https:\/\/alice.ch\/de\/wp-json\/wp\/v2\/types\/page"}],"author":[{"embeddable":true,"href":"https:\/\/alice.ch\/de\/wp-json\/wp\/v2\/users\/7"}],"replies":[{"embeddable":true,"href":"https:\/\/alice.ch\/de\/wp-json\/wp\/v2\/comments?post=73756"}],"version-history":[{"count":10,"href":"https:\/\/alice.ch\/de\/wp-json\/wp\/v2\/pages\/73756\/revisions"}],"predecessor-version":[{"id":75111,"href":"https:\/\/alice.ch\/de\/wp-json\/wp\/v2\/pages\/73756\/revisions\/75111"}],"up":[{"embeddable":true,"href":"https:\/\/alice.ch\/de\/wp-json\/wp\/v2\/pages\/572"}],"wp:featuredmedia":[{"embeddable":true,"href":"https:\/\/alice.ch\/de\/wp-json\/wp\/v2\/media\/20799"}],"wp:attachment":[{"href":"https:\/\/alice.ch\/de\/wp-json\/wp\/v2\/media?parent=73756"}],"curies":[{"name":"wp","href":"https:\/\/api.w.org\/{rel}","templated":true}]}}