{"id":8206,"date":"2022-11-03T16:39:06","date_gmt":"2022-11-03T15:39:06","guid":{"rendered":"https:\/\/projects.atxeit.ch\/sveb\/?page_id=8206"},"modified":"2025-12-09T10:02:49","modified_gmt":"2025-12-09T09:02:49","slug":"kanton-aargau","status":"publish","type":"page","link":"https:\/\/alice.ch\/de\/dienstleistungen\/gutscheinprojekte-des-sveb\/kanton-aargau\/","title":{"rendered":"Kanton Aargau"},"content":{"rendered":"\n<div class=\"wp-block-group is-style-reduced-width is-layout-flow wp-block-group-is-layout-flow\">\n<h1 class=\"wp-block-heading\">Gutscheinprojekt mit dem Kanton Aargau<\/h1>\n\n\n\n<h2 class=\"wp-block-heading\">Gutscheine f\u00fcr Personen mit geringen Grundkompetenzen<\/h2>\n\n\n\n<p>Im Kanton Aargau k\u00f6nnen Personen mit unzureichenden Grundkompetenzen online selbst einen Weiterbildungsgutschein herunterladen und diesen bei einem Kursanbieter einl\u00f6sen. Der Prozess ist einfach und niederschwellig gehalten. F\u00fcr einen Gutschein ist jede Person berechtigt, die zu einer Selbstdeklaration online bereit ist und den Kriterien des Projekts entspricht.<\/p>\n\n\n\n<h3 class=\"wp-block-heading\">Projektbeschreibung<\/h3>\n\n\n\n<p>Das Pilotprojekt ist eine Kooperation zwischen dem&nbsp;Kanton Aargau, dem SVEB und dem <a href=\"https:\/\/www.lesen-schreiben-schweiz.ch\/\" target=\"_blank\" rel=\"noreferrer noopener\">Schweizer Dachverband Lesen und Schreiben<\/a>. Es folgt damit dem Kanton Luzern, der seit zwei Jahren ein gleiches Gutscheinprojekt erfolgreich umsetzt. Durch den Gutschein unterst\u00fctzt der Kanton Aargau Menschen dabei, ihre F\u00e4higkeiten im Lesen, Schreiben, Rechnen und Bedienen eines Computers zu verbessern. Deshalb vergibt er Gutscheine f\u00fcr Kurse im Bereich Grundkompetenzen. Ein Gutschein hat den Wert von 500 Franken. Personen, die mindestens 60% der Kurslektionen besucht haben, k\u00f6nnen im selben Jahr noch einen zweiten Gutschein im Wert von 500 Franken beziehen.<\/p>\n\n\n\n<h3 class=\"wp-block-heading\">Abwicklung des Gutscheins<\/h3>\n\n\n\n<p>Die Gutscheine k\u00f6nnen auf der Website&nbsp;<a href=\"https:\/\/www.besser-jetzt.ch\/kurssuche.cfm?kanton=1&amp;page=kanton_landing\" target=\"_blank\" rel=\"noreferrer noopener\">besser-jetzt.ch\/aargau<\/a> heruntergeladen und ausgedruckt werden. Auf der Website finden sich auch alle Kursangebote, f\u00fcr die der Gutschein g\u00fcltig ist. Die Gutschein-Administration liegt beim SVEB: Er r\u00fcckerstattet den Kursanbietern den Gutschein und stellt dem Kanton Aargau die validierten Gutscheinbetr\u00e4ge regelm\u00e4ssig in Rechnung.<\/p>\n\n\n\n<h3 class=\"wp-block-heading\">Zielgruppe<\/h3>\n\n\n\n<p>Angesprochen sind grunds\u00e4tzlich Personen mit geringen Grundkompetenzen. Dazu geh\u00f6ren beispielsweise Menschen ohne Berufsabschluss oder Personen aus dem Niedriglohnsegment mit mangelndem Anschluss an die modernen digitalen Technologien. Dies k\u00f6nnen Erwachsene mit oder ohne Migrationshintergrund sein.<\/p>\n\n\n\n<p>Teilnehmen k\u00f6nnen:<\/p>\n\n\n\n<ul class=\"wp-block-list\">\n<li>erwerbsf\u00e4hige Personen im Alter von 18 bis 65 Jahren,<\/li>\n\n\n\n<li>die sich in deutscher Sprache verst\u00e4ndigen k\u00f6nnen (Sprachniveau ab A2),<\/li>\n\n\n\n<li>im Kanton Aargau wohnhaft sind,<\/li>\n\n\n\n<li>sich nicht in einer Ausbildung auf Sekundarstufe II befinden (Berufslehre, Br\u00fcckenangebot) oder \u00fcber andere staatliche F\u00f6rdermassnahmen Grundkompetenzkurse besuchen (z. B. Arbeitsmarktliche Massnahmen der RAV).<\/li>\n<\/ul>\n\n\n\n<h3 class=\"wp-block-heading\">Partner<\/h3>\n\n\n\n<p>Das Projekt wurde vom Kanton Aargau in Kooperation mit dem&nbsp;<a href=\"https:\/\/alice.ch\/de\/sveb\/\">Schweizerischen Verband f\u00fcr Weiterbildung<\/a> (SVEB)&nbsp;und dem&nbsp;<a href=\"https:\/\/www.lesen-schreiben-schweiz.ch\/\" target=\"_blank\" rel=\"noreferrer noopener\">Schweizer Dachverband Lesen und Schreiben<\/a>&nbsp;(DVLS) entwickelt und Synergien mit der nationalen Kampagne&nbsp;<a href=\"https:\/\/www.besser-jetzt.ch\/\" target=\"_blank\" rel=\"noreferrer noopener\">\u00abEinfach besser! &#8230; Lesen, Schreiben, Rechnen, Computer\u00bb<\/a>&nbsp;genutzt.<\/p>\n\n\n\n<h3 class=\"wp-block-heading\">Hintergrund<\/h3>\n\n\n\n<p>Als Vorreiter f\u00fcr ein Bildungsgutschein-Projekt zur F\u00f6rderung der Grundkompetenzen gilt der <a href=\"https:\/\/alice.ch\/de\/dienstleistungen\/gutscheinprojekte-des-sveb\/kanton-luzern\/\">Kanton Luzern<\/a>, der seit September 2020 Gutscheine vergibt. In diesem Projekt konnten Erfahrungen gesammelt werden, die f\u00fcr den Aufbau von Gutscheinprojekten in anderen Kantonen hilfreich sind. Auch konnte der Luzerner Bildungsgutschein bereits umfassend evaluiert werden.<\/p>\n\n\n\n<h3 class=\"wp-block-heading\">Projektstart<\/h3>\n\n\n\n<p>Seit Januar 2023 bietet der Kanton Aargau Bildungsgutscheine f\u00fcr Kurse im&nbsp;Bereich Grundkompetenzen f\u00fcr Erwachsene an. Ziel ist es, die Arbeitsmarktf\u00e4higkeit und die soziale Integration der Zielgruppe verbessern.<\/p>\n\n\n\n<div class=\"wp-block-buttons is-layout-flex wp-block-buttons-is-layout-flex\">\n<div class=\"wp-block-button is-style-minimal\"><a class=\"wp-block-button__link wp-element-button\" href=\"https:\/\/www.ag.ch\/de\/themen\/bildung-forschung\/berufsbildung\/bildung-fuer-erwachsene\/foerderung-von-grundkompetenzen\" target=\"_blank\" rel=\"noreferrer noopener\">Projektseite des Kantons Aargau<\/a><\/div>\n<\/div>\n\n\n\n<h3 class=\"wp-block-heading\">Evaluation<\/h3>\n\n\n\n<p>Der aktuelle Evaluationsbericht fokussiert sich auf das Angebot und die Nachfrage nach Bildungsgutscheinen im Jahr 2024, mit einem Vergleich zum Jahr 2023.<\/p>\n\n\n\n<div class=\"wp-block-columns is-layout-flex wp-container-core-columns-is-layout-28f84493 wp-block-columns-is-layout-flex\">\n<div class=\"wp-block-column is-layout-flow wp-block-column-is-layout-flow\">\n<div class=\"wp-block-file\"><a id=\"wp-block-file--media-a01b6411-b078-49f1-95a5-90924af386d1\" href=\"https:\/\/alice.ch\/app\/uploads\/2025\/11\/evaluationsbericht-bildungsgutscheine-kanton-aargau-2024.pdf\">Evaluationsbericht Bildungsgutscheine Kanton Aargau 2024<br \/>PDF &#8211; 704 KB<\/a><a href=\"https:\/\/alice.ch\/app\/uploads\/2025\/11\/evaluationsbericht-bildungsgutscheine-kanton-aargau-2024.pdf\" class=\"wp-block-file__button wp-element-button\" download aria-describedby=\"wp-block-file--media-a01b6411-b078-49f1-95a5-90924af386d1\">Herunterladen<br \/>PDF &#8211; 704 KB<\/a><\/div>\n\n\n\n<div class=\"wp-block-file\"><a id=\"wp-block-file--media-7eb7b4bc-3b83-4320-9c7d-618b60d29128\" href=\"https:\/\/alice.ch\/app\/uploads\/2023\/11\/evaluationsbericht-bildungsgutscheine-kanton-aargau.pdf\">Evaluationsbericht Bildungsgutscheine Kanton Aargau 2023<br \/>PDF &#8211; 855 KB<\/a><a href=\"https:\/\/alice.ch\/app\/uploads\/2023\/11\/evaluationsbericht-bildungsgutscheine-kanton-aargau.pdf\" class=\"wp-block-file__button wp-element-button\" download aria-describedby=\"wp-block-file--media-7eb7b4bc-3b83-4320-9c7d-618b60d29128\">Herunterladen<br \/>PDF &#8211; 855 KB<\/a><\/div>\n<\/div>\n\n\n\n<div class=\"wp-block-column is-layout-flow wp-block-column-is-layout-flow\"><\/div>\n<\/div>\n\n\n\n<h2 class=\"wp-block-heading\">F\u00fcr Kursteilnehmende<\/h2>\n\n\n\n<div class=\"wp-block-columns is-layout-flex wp-container-core-columns-is-layout-28f84493 wp-block-columns-is-layout-flex\">\n<div class=\"wp-block-column is-layout-flow wp-block-column-is-layout-flow\">\n<div class=\"wp-block-buttons is-layout-flex wp-block-buttons-is-layout-flex\">\n<div class=\"wp-block-button has-custom-width wp-block-button__width-100 is-style-outline is-style-outline--1\"><a class=\"wp-block-button__link wp-element-button\" href=\"https:\/\/www.besser-jetzt.ch\/kurssuche.cfm?kanton=1&amp;page=kanton_landing\" target=\"_blank\" rel=\"noreferrer noopener\">Zu den Gutscheinen<\/a><\/div>\n<\/div>\n<\/div>\n\n\n\n<div class=\"wp-block-column is-layout-flow wp-block-column-is-layout-flow\"><\/div>\n<\/div>\n\n\n\n<h2 class=\"wp-block-heading\">Kontakt<\/h2>\n\n\n\n<div class=\"wp-block-columns is-layout-flex wp-container-core-columns-is-layout-28f84493 wp-block-columns-is-layout-flex\">\n<div class=\"wp-block-column is-layout-flow wp-block-column-is-layout-flow\" style=\"flex-basis:50%\"><div class=\"contact-persons\">\n\n\t\t\t\t\t<div class=\"contact-person\">\n\t\t\t\t\tBirte Theiler<br \/>\t\t\t\t\tVerantwortliche Bildungsgutscheine<br \/>\t\t\t\t\t<br \/>\n\t\t\t\t\t\t\t\t\t\t<a href=\"tel:+41 (0)44 319 71 57\">+41 (0)44 319 71 57<\/a><br \/>\t\t\t\t\t<a href=\"mailto:birte.theiler@alice.ch\">birte.theiler@alice.ch<\/a><br \/>\t\t\t\t\t<\/div>\n\t\t\t\t\t<\/div>\n<\/div>\n\n\n\n<div class=\"wp-block-column is-layout-flow wp-block-column-is-layout-flow\" style=\"flex-basis:50%\"><\/div>\n<\/div>\n<\/div>\n","protected":false},"excerpt":{"rendered":"<p>Gutscheinprojekt mit dem Kanton Aargau Gutscheine f\u00fcr Personen mit geringen Grundkompetenzen Im Kanton Aargau k\u00f6nnen Personen mit unzureichenden Grundkompetenzen online [&hellip;]<\/p>\n","protected":false},"author":4,"featured_media":20799,"parent":494,"menu_order":234,"comment_status":"closed","ping_status":"closed","template":"","meta":{"_acf_changed":false,"inline_featured_image":false,"footnotes":""},"class_list":["post-8206","page","type-page","status-publish","has-post-thumbnail","hentry"],"acf":[],"yoast_head":"<!-- This site is optimized with the Yoast SEO plugin v27.3 - https:\/\/yoast.com\/product\/yoast-seo-wordpress\/ -->\n<title>Kanton Aargau - SVEB<\/title>\n<meta name=\"description\" content=\"Alles rund um Weiterbildungsgutscheine im Kanton AG: Wer ist bezugsberechtigt, wo sind die Gutscheine erh\u00e4ltlich und was ist der Hintergrund.\" \/>\n<meta name=\"robots\" content=\"index, follow, max-snippet:-1, max-image-preview:large, max-video-preview:-1\" \/>\n<link rel=\"canonical\" href=\"https:\/\/alice.ch\/de\/dienstleistungen\/gutscheinprojekte-des-sveb\/kanton-aargau\/\" \/>\n<meta property=\"og:locale\" content=\"de_DE\" \/>\n<meta property=\"og:type\" content=\"article\" \/>\n<meta property=\"og:title\" content=\"Kanton Aargau - SVEB\" \/>\n<meta property=\"og:description\" content=\"Alles rund um Weiterbildungsgutscheine im Kanton AG: Wer ist bezugsberechtigt, wo sind die Gutscheine erh\u00e4ltlich und was ist der Hintergrund.\" \/>\n<meta property=\"og:url\" content=\"https:\/\/alice.ch\/de\/dienstleistungen\/gutscheinprojekte-des-sveb\/kanton-aargau\/\" \/>\n<meta property=\"og:site_name\" content=\"SVEB\" \/>\n<meta property=\"article:modified_time\" content=\"2025-12-09T09:02:49+00:00\" \/>\n<meta name=\"twitter:card\" content=\"summary_large_image\" \/>\n<meta name=\"twitter:label1\" content=\"Gesch\u00e4tzte Lesezeit\" \/>\n\t<meta name=\"twitter:data1\" content=\"3\u00a0Minuten\" \/>\n<script type=\"application\/ld+json\" class=\"yoast-schema-graph\">{\"@context\":\"https:\\\/\\\/schema.org\",\"@graph\":[{\"@type\":\"WebPage\",\"@id\":\"https:\\\/\\\/alice.ch\\\/de\\\/dienstleistungen\\\/gutscheinprojekte-des-sveb\\\/kanton-aargau\\\/\",\"url\":\"https:\\\/\\\/alice.ch\\\/de\\\/dienstleistungen\\\/gutscheinprojekte-des-sveb\\\/kanton-aargau\\\/\",\"name\":\"Kanton Aargau - SVEB\",\"isPartOf\":{\"@id\":\"https:\\\/\\\/alice.ch\\\/de\\\/#website\"},\"primaryImageOfPage\":{\"@id\":\"https:\\\/\\\/alice.ch\\\/de\\\/dienstleistungen\\\/gutscheinprojekte-des-sveb\\\/kanton-aargau\\\/#primaryimage\"},\"image\":{\"@id\":\"https:\\\/\\\/alice.ch\\\/de\\\/dienstleistungen\\\/gutscheinprojekte-des-sveb\\\/kanton-aargau\\\/#primaryimage\"},\"thumbnailUrl\":\"https:\\\/\\\/alice.ch\\\/app\\\/uploads\\\/2022\\\/11\\\/default.jpg\",\"datePublished\":\"2022-11-03T15:39:06+00:00\",\"dateModified\":\"2025-12-09T09:02:49+00:00\",\"description\":\"Alles rund um Weiterbildungsgutscheine im Kanton AG: Wer ist bezugsberechtigt, wo sind die Gutscheine erh\u00e4ltlich und was ist der Hintergrund.\",\"breadcrumb\":{\"@id\":\"https:\\\/\\\/alice.ch\\\/de\\\/dienstleistungen\\\/gutscheinprojekte-des-sveb\\\/kanton-aargau\\\/#breadcrumb\"},\"inLanguage\":\"de\",\"potentialAction\":[{\"@type\":\"ReadAction\",\"target\":[\"https:\\\/\\\/alice.ch\\\/de\\\/dienstleistungen\\\/gutscheinprojekte-des-sveb\\\/kanton-aargau\\\/\"]}]},{\"@type\":\"ImageObject\",\"inLanguage\":\"de\",\"@id\":\"https:\\\/\\\/alice.ch\\\/de\\\/dienstleistungen\\\/gutscheinprojekte-des-sveb\\\/kanton-aargau\\\/#primaryimage\",\"url\":\"https:\\\/\\\/alice.ch\\\/app\\\/uploads\\\/2022\\\/11\\\/default.jpg\",\"contentUrl\":\"https:\\\/\\\/alice.ch\\\/app\\\/uploads\\\/2022\\\/11\\\/default.jpg\",\"width\":1600,\"height\":900},{\"@type\":\"BreadcrumbList\",\"@id\":\"https:\\\/\\\/alice.ch\\\/de\\\/dienstleistungen\\\/gutscheinprojekte-des-sveb\\\/kanton-aargau\\\/#breadcrumb\",\"itemListElement\":[{\"@type\":\"ListItem\",\"position\":1,\"name\":\"Startseite\",\"item\":\"https:\\\/\\\/alice.ch\\\/de\\\/\"},{\"@type\":\"ListItem\",\"position\":2,\"name\":\"Dienstleistungen\",\"item\":\"https:\\\/\\\/alice.ch\\\/de\\\/dienstleistungen\\\/\"},{\"@type\":\"ListItem\",\"position\":3,\"name\":\"Gutscheinprojekte des SVEB\",\"item\":\"https:\\\/\\\/alice.ch\\\/de\\\/dienstleistungen\\\/gutscheinprojekte-des-sveb\\\/\"},{\"@type\":\"ListItem\",\"position\":4,\"name\":\"Kanton Aargau\"}]},{\"@type\":\"WebSite\",\"@id\":\"https:\\\/\\\/alice.ch\\\/de\\\/#website\",\"url\":\"https:\\\/\\\/alice.ch\\\/de\\\/\",\"name\":\"alice.ch (Adult Learning Information Center) ist das Portal der Weiterbildung in der Schweiz.\",\"description\":\"Schweizerischer Verband f\u00fcr Weiterbildung\",\"publisher\":{\"@id\":\"https:\\\/\\\/alice.ch\\\/de\\\/#organization\"},\"potentialAction\":[{\"@type\":\"SearchAction\",\"target\":{\"@type\":\"EntryPoint\",\"urlTemplate\":\"https:\\\/\\\/alice.ch\\\/de\\\/?s={search_term_string}\"},\"query-input\":{\"@type\":\"PropertyValueSpecification\",\"valueRequired\":true,\"valueName\":\"search_term_string\"}}],\"inLanguage\":\"de\"},{\"@type\":\"Organization\",\"@id\":\"https:\\\/\\\/alice.ch\\\/de\\\/#organization\",\"name\":\"SVEB Schweizerischer Verband f\u00fcr Weiterbildung\",\"url\":\"https:\\\/\\\/alice.ch\\\/de\\\/\",\"logo\":{\"@type\":\"ImageObject\",\"inLanguage\":\"de\",\"@id\":\"https:\\\/\\\/alice.ch\\\/de\\\/#\\\/schema\\\/logo\\\/image\\\/\",\"url\":\"https:\\\/\\\/alice.ch\\\/app\\\/uploads\\\/2022\\\/07\\\/logo-sveb.png\",\"contentUrl\":\"https:\\\/\\\/alice.ch\\\/app\\\/uploads\\\/2022\\\/07\\\/logo-sveb.png\",\"width\":145,\"height\":64,\"caption\":\"SVEB Schweizerischer Verband f\u00fcr Weiterbildung\"},\"image\":{\"@id\":\"https:\\\/\\\/alice.ch\\\/de\\\/#\\\/schema\\\/logo\\\/image\\\/\"},\"sameAs\":[\"https:\\\/\\\/www.linkedin.com\\\/company\\\/schweizerischer-verband-fr-weiterbildung-sveb\\\/\"]}]}<\/script>\n<!-- \/ Yoast SEO plugin. -->","yoast_head_json":{"title":"Kanton Aargau - SVEB","description":"Alles rund um Weiterbildungsgutscheine im Kanton AG: Wer ist bezugsberechtigt, wo sind die Gutscheine erh\u00e4ltlich und was ist der Hintergrund.","robots":{"index":"index","follow":"follow","max-snippet":"max-snippet:-1","max-image-preview":"max-image-preview:large","max-video-preview":"max-video-preview:-1"},"canonical":"https:\/\/alice.ch\/de\/dienstleistungen\/gutscheinprojekte-des-sveb\/kanton-aargau\/","og_locale":"de_DE","og_type":"article","og_title":"Kanton Aargau - SVEB","og_description":"Alles rund um Weiterbildungsgutscheine im Kanton AG: Wer ist bezugsberechtigt, wo sind die Gutscheine erh\u00e4ltlich und was ist der Hintergrund.","og_url":"https:\/\/alice.ch\/de\/dienstleistungen\/gutscheinprojekte-des-sveb\/kanton-aargau\/","og_site_name":"SVEB","article_modified_time":"2025-12-09T09:02:49+00:00","twitter_card":"summary_large_image","twitter_misc":{"Gesch\u00e4tzte Lesezeit":"3\u00a0Minuten"},"schema":{"@context":"https:\/\/schema.org","@graph":[{"@type":"WebPage","@id":"https:\/\/alice.ch\/de\/dienstleistungen\/gutscheinprojekte-des-sveb\/kanton-aargau\/","url":"https:\/\/alice.ch\/de\/dienstleistungen\/gutscheinprojekte-des-sveb\/kanton-aargau\/","name":"Kanton Aargau - SVEB","isPartOf":{"@id":"https:\/\/alice.ch\/de\/#website"},"primaryImageOfPage":{"@id":"https:\/\/alice.ch\/de\/dienstleistungen\/gutscheinprojekte-des-sveb\/kanton-aargau\/#primaryimage"},"image":{"@id":"https:\/\/alice.ch\/de\/dienstleistungen\/gutscheinprojekte-des-sveb\/kanton-aargau\/#primaryimage"},"thumbnailUrl":"https:\/\/alice.ch\/app\/uploads\/2022\/11\/default.jpg","datePublished":"2022-11-03T15:39:06+00:00","dateModified":"2025-12-09T09:02:49+00:00","description":"Alles rund um Weiterbildungsgutscheine im Kanton AG: Wer ist bezugsberechtigt, wo sind die Gutscheine erh\u00e4ltlich und was ist der Hintergrund.","breadcrumb":{"@id":"https:\/\/alice.ch\/de\/dienstleistungen\/gutscheinprojekte-des-sveb\/kanton-aargau\/#breadcrumb"},"inLanguage":"de","potentialAction":[{"@type":"ReadAction","target":["https:\/\/alice.ch\/de\/dienstleistungen\/gutscheinprojekte-des-sveb\/kanton-aargau\/"]}]},{"@type":"ImageObject","inLanguage":"de","@id":"https:\/\/alice.ch\/de\/dienstleistungen\/gutscheinprojekte-des-sveb\/kanton-aargau\/#primaryimage","url":"https:\/\/alice.ch\/app\/uploads\/2022\/11\/default.jpg","contentUrl":"https:\/\/alice.ch\/app\/uploads\/2022\/11\/default.jpg","width":1600,"height":900},{"@type":"BreadcrumbList","@id":"https:\/\/alice.ch\/de\/dienstleistungen\/gutscheinprojekte-des-sveb\/kanton-aargau\/#breadcrumb","itemListElement":[{"@type":"ListItem","position":1,"name":"Startseite","item":"https:\/\/alice.ch\/de\/"},{"@type":"ListItem","position":2,"name":"Dienstleistungen","item":"https:\/\/alice.ch\/de\/dienstleistungen\/"},{"@type":"ListItem","position":3,"name":"Gutscheinprojekte des SVEB","item":"https:\/\/alice.ch\/de\/dienstleistungen\/gutscheinprojekte-des-sveb\/"},{"@type":"ListItem","position":4,"name":"Kanton Aargau"}]},{"@type":"WebSite","@id":"https:\/\/alice.ch\/de\/#website","url":"https:\/\/alice.ch\/de\/","name":"alice.ch (Adult Learning Information Center) ist das Portal der Weiterbildung in der Schweiz.","description":"Schweizerischer Verband f\u00fcr Weiterbildung","publisher":{"@id":"https:\/\/alice.ch\/de\/#organization"},"potentialAction":[{"@type":"SearchAction","target":{"@type":"EntryPoint","urlTemplate":"https:\/\/alice.ch\/de\/?s={search_term_string}"},"query-input":{"@type":"PropertyValueSpecification","valueRequired":true,"valueName":"search_term_string"}}],"inLanguage":"de"},{"@type":"Organization","@id":"https:\/\/alice.ch\/de\/#organization","name":"SVEB Schweizerischer Verband f\u00fcr Weiterbildung","url":"https:\/\/alice.ch\/de\/","logo":{"@type":"ImageObject","inLanguage":"de","@id":"https:\/\/alice.ch\/de\/#\/schema\/logo\/image\/","url":"https:\/\/alice.ch\/app\/uploads\/2022\/07\/logo-sveb.png","contentUrl":"https:\/\/alice.ch\/app\/uploads\/2022\/07\/logo-sveb.png","width":145,"height":64,"caption":"SVEB Schweizerischer Verband f\u00fcr Weiterbildung"},"image":{"@id":"https:\/\/alice.ch\/de\/#\/schema\/logo\/image\/"},"sameAs":["https:\/\/www.linkedin.com\/company\/schweizerischer-verband-fr-weiterbildung-sveb\/"]}]}},"_links":{"self":[{"href":"https:\/\/alice.ch\/de\/wp-json\/wp\/v2\/pages\/8206","targetHints":{"allow":["GET"]}}],"collection":[{"href":"https:\/\/alice.ch\/de\/wp-json\/wp\/v2\/pages"}],"about":[{"href":"https:\/\/alice.ch\/de\/wp-json\/wp\/v2\/types\/page"}],"author":[{"embeddable":true,"href":"https:\/\/alice.ch\/de\/wp-json\/wp\/v2\/users\/4"}],"replies":[{"embeddable":true,"href":"https:\/\/alice.ch\/de\/wp-json\/wp\/v2\/comments?post=8206"}],"version-history":[{"count":34,"href":"https:\/\/alice.ch\/de\/wp-json\/wp\/v2\/pages\/8206\/revisions"}],"predecessor-version":[{"id":72503,"href":"https:\/\/alice.ch\/de\/wp-json\/wp\/v2\/pages\/8206\/revisions\/72503"}],"up":[{"embeddable":true,"href":"https:\/\/alice.ch\/de\/wp-json\/wp\/v2\/pages\/494"}],"wp:featuredmedia":[{"embeddable":true,"href":"https:\/\/alice.ch\/de\/wp-json\/wp\/v2\/media\/20799"}],"wp:attachment":[{"href":"https:\/\/alice.ch\/de\/wp-json\/wp\/v2\/media?parent=8206"}],"curies":[{"name":"wp","href":"https:\/\/api.w.org\/{rel}","templated":true}]}}