{"id":9951,"date":"2022-11-08T15:15:19","date_gmt":"2022-11-08T14:15:19","guid":{"rendered":"https:\/\/projects.atxeit.ch\/sveb\/?page_id=9951"},"modified":"2025-02-03T08:26:14","modified_gmt":"2025-02-03T07:26:14","slug":"dokumente-ada","status":"publish","type":"page","link":"https:\/\/alice.ch\/de\/professionalisierung\/ada-anbieter\/informationen-fuer-anbieter\/dokumente-ada\/","title":{"rendered":"Dokumente AdA-Anbieter"},"content":{"rendered":"\n<div class=\"wp-block-group is-style-reduced-width is-layout-constrained wp-block-group-is-layout-constrained\">\n<div class=\"wp-block-group is-style-default is-layout-constrained wp-block-group-is-layout-constrained\">\n<h1 class=\"wp-block-heading\">Dokumente f\u00fcr AdA-Anbieter<\/h1>\n\n\n\n<p>AdA-anerkannte Institutionen finden auf dieser Seite hilfreiche Dokumente.<\/p>\n\n\n\n<h2 class=\"wp-block-heading\">Zus\u00e4tzliche Informationsbl\u00e4tter<\/h2>\n\n\n\n<div class=\"wp-block-columns is-layout-flex wp-container-core-columns-is-layout-28f84493 wp-block-columns-is-layout-flex\">\n<div class=\"wp-block-column is-layout-flow wp-block-column-is-layout-flow\" style=\"flex-basis:50%\">\n<div class=\"wp-block-file\"><a id=\"wp-block-file--media-eec9df04-5b29-4ed0-89c9-db8c1ad39e07\" href=\"https:\/\/alice.ch\/app\/uploads\/2023\/04\/Wegleitung-AKV-fuer-bereits-anerkannte-Anbieter.pdf\" target=\"_blank\" rel=\"noreferrer noopener\">Wegleitung&nbsp;f\u00fcr das&nbsp;AKV&nbsp;der neuen Module bei bereits anerkannten AdA-Anbietern<br \/>PDF &#8211; <\/a><\/div>\n\n\n\n<div class=\"wp-block-file\"><a id=\"wp-block-file--media-eec9df04-5b29-4ed0-89c9-db8c1ad39e07\" href=\"https:\/\/alice.ch\/app\/uploads\/2023\/02\/bezeichnungen-abkuerzungen.pdf\" target=\"_blank\" rel=\"noreferrer noopener\">Bezeichnungen und Abk\u00fcrzungen der Module FA 2024<br><br \/>PDF &#8211; 27 KB<\/a><\/div>\n<\/div>\n\n\n\n<div class=\"wp-block-column is-layout-flow wp-block-column-is-layout-flow\" style=\"flex-basis:50%\"><\/div>\n<\/div>\n\n\n\n<div class=\"wp-block-columns is-layout-flex wp-container-core-columns-is-layout-28f84493 wp-block-columns-is-layout-flex\">\n<div class=\"wp-block-column is-layout-flow wp-block-column-is-layout-flow\" style=\"flex-basis:50%\">\n<div class=\"wp-block-file\"><a id=\"wp-block-file--media-eec9df04-5b29-4ed0-89c9-db8c1ad39e07\" href=\"https:\/\/alice.ch\/app\/uploads\/2022\/11\/2_Informationsblatt-Anerkennungsverfahren.pdf\" target=\"_blank\" rel=\"noreferrer noopener\">Informationsblatt Anerkennungsverfahren<br \/>PDF &#8211; 117 KB<\/a><\/div>\n\n\n\n<div class=\"wp-block-file\"><a id=\"wp-block-file--media-eec9df04-5b29-4ed0-89c9-db8c1ad39e07\" href=\"https:\/\/alice.ch\/app\/uploads\/2022\/11\/1_Gebuehren-Anerkennungsverfahren-ab-2020.pdf\" target=\"_blank\" rel=\"noreferrer noopener\">Gebu\u0308hren Anerkennungsverfahren ab 2020<br \/>PDF &#8211; 218 KB<\/a><\/div>\n\n\n\n<div class=\"wp-block-file\"><a id=\"wp-block-file--media-62ba64c2-8149-4f4e-83b4-327d2092fbf4\" href=\"https:\/\/alice.ch\/app\/uploads\/2024\/04\/archivierung-2024.pdf\" target=\"_blank\" rel=\"noreferrer noopener\">Informationsblatt Archivierung FA 2024<br \/>PDF &#8211; 45 KB<\/a><\/div>\n\n\n\n<div class=\"wp-block-file\"><a id=\"wp-block-file--media-eec9df04-5b29-4ed0-89c9-db8c1ad39e07\" href=\"https:\/\/alice.ch\/app\/uploads\/2022\/11\/4_Info-Archivierung.pdf\" target=\"_blank\" rel=\"noreferrer noopener\">Informationsblatt Archivierung FA 2015<br \/>PDF &#8211; 285 KB<\/a><\/div>\n<\/div>\n\n\n\n<div class=\"wp-block-column is-layout-flow wp-block-column-is-layout-flow\" style=\"flex-basis:50%\">\n<div class=\"wp-block-file\"><a id=\"wp-block-file--media-6fa9fa1e-584e-4f3c-98a5-05a7f6f5190b\" href=\"https:\/\/alice.ch\/app\/uploads\/2023\/04\/Praxisnachweis_de_neue-Bezeichnungen.pdf\">Informationsblatt Praxisnachweis<br \/>PDF &#8211; 97 KB<\/a><a href=\"https:\/\/alice.ch\/app\/uploads\/2023\/04\/Praxisnachweis_de_neue-Bezeichnungen.pdf\" class=\"wp-block-file__button wp-element-button\" download aria-describedby=\"wp-block-file--media-6fa9fa1e-584e-4f3c-98a5-05a7f6f5190b\">Herunterladen<br \/>PDF &#8211; 97 KB<\/a><\/div>\n\n\n\n<div class=\"wp-block-file\"><a id=\"wp-block-file--media-eec9df04-5b29-4ed0-89c9-db8c1ad39e07\" href=\"https:\/\/alice.ch\/app\/uploads\/2022\/12\/Dozierendenprofil.pdf\" target=\"_blank\" rel=\"noreferrer noopener\">Dozierendenprofil<br \/>PDF &#8211; 156 KB<\/a><\/div>\n\n\n\n<div class=\"wp-block-file\"><a id=\"wp-block-file--media-321b19ce-f9b4-4d97-a3cb-232c289ab655\" href=\"https:\/\/alice.ch\/app\/uploads\/2023\/10\/musterzertifikat-po15-ab-2024-1.pdf\">Musterzertifikat M2-M5 FA 2015 ab 1.1.2024<br \/>PDF &#8211; 29 KB<\/a><a href=\"https:\/\/alice.ch\/app\/uploads\/2023\/10\/musterzertifikat-po15-ab-2024-1.pdf\" class=\"wp-block-file__button wp-element-button\" download aria-describedby=\"wp-block-file--media-321b19ce-f9b4-4d97-a3cb-232c289ab655\">Herunterladen<br \/>PDF &#8211; 29 KB<\/a><\/div>\n\n\n\n<div class=\"wp-block-file\"><a id=\"wp-block-file--media-eec9df04-5b29-4ed0-89c9-db8c1ad39e07\" href=\"https:\/\/alice.ch\/app\/uploads\/2022\/11\/5_Glossar.pdf\" target=\"_blank\" rel=\"noreferrer noopener\">Glossar<br \/>PDF &#8211; 414 KB<\/a><\/div>\n<\/div>\n<\/div>\n\n\n\n<h2 class=\"wp-block-heading\">Musterzertifikate FA 2024<\/h2>\n\n\n\n<div class=\"wp-block-columns is-layout-flex wp-container-core-columns-is-layout-28f84493 wp-block-columns-is-layout-flex\">\n<div class=\"wp-block-column is-layout-flow wp-block-column-is-layout-flow\" style=\"flex-basis:50%\">\n<div class=\"wp-block-file\"><a id=\"wp-block-file--media-eec9df04-5b29-4ed0-89c9-db8c1ad39e07\" href=\"https:\/\/alice.ch\/app\/uploads\/2022\/11\/Zertifikat_Muster_ZA-DL.pdf\" target=\"_blank\" rel=\"noreferrer noopener\">Zertifikat Muster ZA-DL<br \/>PDF &#8211; 102 KB<\/a><\/div>\n\n\n\n<div class=\"wp-block-file\"><a id=\"wp-block-file--media-eec9df04-5b29-4ed0-89c9-db8c1ad39e07\" href=\"https:\/\/alice.ch\/app\/uploads\/2022\/11\/Zertifikat_Muster_ZA-BE.pdf\" target=\"_blank\" rel=\"noreferrer noopener\">Zertifikat Muster ZA-BE<br \/>PDF &#8211; 100 KB<\/a><\/div>\n\n\n\n<div class=\"wp-block-file\"><a id=\"wp-block-file--media-eec9df04-5b29-4ed0-89c9-db8c1ad39e07\" href=\"https:\/\/alice.ch\/app\/uploads\/2022\/11\/Zertifikat_Muster_FA-AMB.pdf\" target=\"_blank\" rel=\"noreferrer noopener\">Zertifikat Muster FA-AMB<br \/>PDF &#8211; 101 KB<\/a><\/div>\n\n\n\n<div class=\"wp-block-file\"><a id=\"wp-block-file--media-eec9df04-5b29-4ed0-89c9-db8c1ad39e07\" href=\"https:\/\/alice.ch\/app\/uploads\/2022\/11\/Zertifikat_Muster_FA-TVM.pdf\" target=\"_blank\" rel=\"noreferrer noopener\">Zertifikat Muster FA-TVM<br \/>PDF &#8211; 101 KB<\/a><\/div>\n\n\n\n<div class=\"wp-block-file\"><a id=\"wp-block-file--media-eec9df04-5b29-4ed0-89c9-db8c1ad39e07\" href=\"https:\/\/alice.ch\/app\/uploads\/2023\/12\/Zertifikat_Muster_FA-VM-GR.pdf\" target=\"_blank\" rel=\"noreferrer noopener\">Zertifikat Muster FA-VM-GR<br \/>PDF &#8211; 103 KB<\/a><\/div>\n\n\n\n<div class=\"wp-block-file\"><a id=\"wp-block-file--media-eec9df04-5b29-4ed0-89c9-db8c1ad39e07\" href=\"https:\/\/alice.ch\/app\/uploads\/2023\/12\/Zertifikat_Muster_FA-VM-OL.pdf\" target=\"_blank\" rel=\"noreferrer noopener\">Zertifikat Muster FA-VM-OL<br \/>PDF &#8211; 103 KB<\/a><\/div>\n<\/div>\n\n\n\n<div class=\"wp-block-column is-layout-flow wp-block-column-is-layout-flow\" style=\"flex-basis:50%\">\n<div class=\"wp-block-group is-layout-constrained wp-block-group-is-layout-constrained\">\n<div class=\"wp-block-file\"><a id=\"wp-block-file--media-206aa4cd-ab0e-4a5b-8c45-c8251dbcd2c0\" href=\"https:\/\/alice.ch\/app\/uploads\/2023\/09\/Musterzertifikat-ZA-DL-ab-AMB.pdf\">Zertifikat Muster ZA-DL ab FA-AMB<br \/>PDF &#8211; 102 KB<\/a><a href=\"https:\/\/alice.ch\/app\/uploads\/2023\/09\/Musterzertifikat-ZA-DL-ab-AMB.pdf\" class=\"wp-block-file__button wp-element-button\" download aria-describedby=\"wp-block-file--media-206aa4cd-ab0e-4a5b-8c45-c8251dbcd2c0\">Herunterladen<br \/>PDF &#8211; 102 KB<\/a><\/div>\n\n\n\n<div class=\"wp-block-file\"><a id=\"wp-block-file--media-09409529-6360-44ea-809a-9efcb8f2fb8a\" href=\"https:\/\/alice.ch\/app\/uploads\/2023\/09\/Musterzertifikat-ZA-BE-ab-AMB.pdf\">Zertifikat Muster ZA-BE ab FA-AMB<br \/>PDF &#8211; 100 KB<\/a><a href=\"https:\/\/alice.ch\/app\/uploads\/2023\/09\/Musterzertifikat-ZA-BE-ab-AMB.pdf\" class=\"wp-block-file__button wp-element-button\" download aria-describedby=\"wp-block-file--media-09409529-6360-44ea-809a-9efcb8f2fb8a\">Herunterladen<br \/>PDF &#8211; 100 KB<\/a><\/div>\n\n\n\n<div class=\"wp-block-file\"><a id=\"wp-block-file--media-eec9df04-5b29-4ed0-89c9-db8c1ad39e07\" href=\"https:\/\/alice.ch\/app\/uploads\/2022\/11\/Zertifikat_Muster_FA-AMD.pdf\" target=\"_blank\" rel=\"noreferrer noopener\">Zertifikat Muster FA-AMD<br \/>PDF &#8211; 101 KB<\/a><\/div>\n\n\n\n<div class=\"wp-block-file\"><a id=\"wp-block-file--media-eec9df04-5b29-4ed0-89c9-db8c1ad39e07\" href=\"https:\/\/alice.ch\/app\/uploads\/2022\/11\/Zertifikat_Muster_FA-VNM.pdf\" target=\"_blank\" rel=\"noreferrer noopener\">Zertifikat Muster FA-VNM<br \/>PDF &#8211; 95 KB<\/a><\/div>\n\n\n\n<div class=\"wp-block-file\"><a id=\"wp-block-file--media-eec9df04-5b29-4ed0-89c9-db8c1ad39e07\" href=\"https:\/\/alice.ch\/app\/uploads\/2023\/12\/Zertifikat_Muster_FA-VM-QV.pdf\" target=\"_blank\" rel=\"noreferrer noopener\">Zertifikat Muster FA-VM-QV<br \/>PDF &#8211; 104 KB<\/a><\/div>\n\n\n\n<div class=\"wp-block-file\"><a id=\"wp-block-file--media-8558974e-0fae-40ca-8c4f-651bfc7603d5\" href=\"https:\/\/alice.ch\/app\/uploads\/2024\/08\/infoblatt-zertifikat.pdf\">Informationsblatt Modulzertifikat<br \/>PDF &#8211; 39 KB<\/a><a href=\"https:\/\/alice.ch\/app\/uploads\/2024\/08\/infoblatt-zertifikat.pdf\" class=\"wp-block-file__button wp-element-button\" download aria-describedby=\"wp-block-file--media-8558974e-0fae-40ca-8c4f-651bfc7603d5\">Herunterladen<br \/>PDF &#8211; 39 KB<\/a><\/div>\n<\/div>\n<\/div>\n<\/div>\n<\/div>\n\n\n\n<div class=\"wp-block-group is-style-default is-layout-constrained wp-block-group-is-layout-constrained\">\n<h2 class=\"wp-block-heading\">Kontakt<\/h2>\n\n\n\n<div class=\"wp-block-columns is-layout-flex wp-container-core-columns-is-layout-28f84493 wp-block-columns-is-layout-flex\">\n<div class=\"wp-block-column is-layout-flow wp-block-column-is-layout-flow\" style=\"flex-basis:50%\"><div class=\"contact-persons\">\n\n\t\t\t\t\t<div class=\"contact-person\">\n\t\t\t\t\tGesch\u00e4ftsstelle AdA<br \/>\t\t\t\t\tAnna Pi\u00f1ol<br \/>\t\t\t\t\t<br \/>\n\t\t\t\t\tHardstrasse 235<br \/>\r\n8005 Z\u00fcrich<br \/>\t\t\t\t\t<a href=\"tel:+41 (0)44 319 71 63\">+41 (0)44 319 71 63<\/a><br \/>\t\t\t\t\t<a href=\"mailto:ada@alice.ch\">ada@alice.ch<\/a><br \/>\t\t\t\t\t<\/div>\n\t\t\t\t\t<\/div>\n<\/div>\n\n\n\n<div class=\"wp-block-column is-layout-flow wp-block-column-is-layout-flow\" style=\"flex-basis:50%\"><\/div>\n<\/div>\n<\/div>\n<\/div>\n","protected":false},"excerpt":{"rendered":"<p>Dokumente f\u00fcr AdA-Anbieter AdA-anerkannte Institutionen finden auf dieser Seite hilfreiche Dokumente. Zus\u00e4tzliche Informationsbl\u00e4tter Musterzertifikate FA 2024 Kontakt<\/p>\n","protected":false},"author":2,"featured_media":20799,"parent":578,"menu_order":556,"comment_status":"closed","ping_status":"closed","template":"","meta":{"_acf_changed":false,"inline_featured_image":false,"footnotes":""},"class_list":["post-9951","page","type-page","status-publish","has-post-thumbnail","hentry"],"acf":[],"yoast_head":"<!-- This site is optimized with the Yoast SEO plugin v27.3 - https:\/\/yoast.com\/product\/yoast-seo-wordpress\/ -->\n<title>Dokumente AdA-Anbieter - SVEB<\/title>\n<meta name=\"robots\" content=\"index, follow, max-snippet:-1, max-image-preview:large, max-video-preview:-1\" \/>\n<link rel=\"canonical\" href=\"https:\/\/alice.ch\/de\/professionalisierung\/ada-anbieter\/informationen-fuer-anbieter\/dokumente-ada\/\" \/>\n<meta property=\"og:locale\" content=\"de_DE\" \/>\n<meta property=\"og:type\" content=\"article\" \/>\n<meta property=\"og:title\" content=\"Dokumente AdA-Anbieter - SVEB\" \/>\n<meta property=\"og:description\" content=\"Dokumente f\u00fcr AdA-Anbieter AdA-anerkannte Institutionen finden auf dieser Seite hilfreiche Dokumente. Zus\u00e4tzliche Informationsbl\u00e4tter Musterzertifikate FA 2024 Kontakt\" \/>\n<meta property=\"og:url\" content=\"https:\/\/alice.ch\/de\/professionalisierung\/ada-anbieter\/informationen-fuer-anbieter\/dokumente-ada\/\" \/>\n<meta property=\"og:site_name\" content=\"SVEB\" \/>\n<meta property=\"article:modified_time\" content=\"2025-02-03T07:26:14+00:00\" \/>\n<meta name=\"twitter:card\" content=\"summary_large_image\" \/>\n<meta name=\"twitter:label1\" content=\"Gesch\u00e4tzte Lesezeit\" \/>\n\t<meta name=\"twitter:data1\" content=\"1\u00a0Minute\" \/>\n<script type=\"application\/ld+json\" class=\"yoast-schema-graph\">{\"@context\":\"https:\\\/\\\/schema.org\",\"@graph\":[{\"@type\":\"WebPage\",\"@id\":\"https:\\\/\\\/alice.ch\\\/de\\\/professionalisierung\\\/ada-anbieter\\\/informationen-fuer-anbieter\\\/dokumente-ada\\\/\",\"url\":\"https:\\\/\\\/alice.ch\\\/de\\\/professionalisierung\\\/ada-anbieter\\\/informationen-fuer-anbieter\\\/dokumente-ada\\\/\",\"name\":\"Dokumente AdA-Anbieter - SVEB\",\"isPartOf\":{\"@id\":\"https:\\\/\\\/alice.ch\\\/de\\\/#website\"},\"primaryImageOfPage\":{\"@id\":\"https:\\\/\\\/alice.ch\\\/de\\\/professionalisierung\\\/ada-anbieter\\\/informationen-fuer-anbieter\\\/dokumente-ada\\\/#primaryimage\"},\"image\":{\"@id\":\"https:\\\/\\\/alice.ch\\\/de\\\/professionalisierung\\\/ada-anbieter\\\/informationen-fuer-anbieter\\\/dokumente-ada\\\/#primaryimage\"},\"thumbnailUrl\":\"https:\\\/\\\/alice.ch\\\/app\\\/uploads\\\/2022\\\/11\\\/default.jpg\",\"datePublished\":\"2022-11-08T14:15:19+00:00\",\"dateModified\":\"2025-02-03T07:26:14+00:00\",\"breadcrumb\":{\"@id\":\"https:\\\/\\\/alice.ch\\\/de\\\/professionalisierung\\\/ada-anbieter\\\/informationen-fuer-anbieter\\\/dokumente-ada\\\/#breadcrumb\"},\"inLanguage\":\"de\",\"potentialAction\":[{\"@type\":\"ReadAction\",\"target\":[\"https:\\\/\\\/alice.ch\\\/de\\\/professionalisierung\\\/ada-anbieter\\\/informationen-fuer-anbieter\\\/dokumente-ada\\\/\"]}]},{\"@type\":\"ImageObject\",\"inLanguage\":\"de\",\"@id\":\"https:\\\/\\\/alice.ch\\\/de\\\/professionalisierung\\\/ada-anbieter\\\/informationen-fuer-anbieter\\\/dokumente-ada\\\/#primaryimage\",\"url\":\"https:\\\/\\\/alice.ch\\\/app\\\/uploads\\\/2022\\\/11\\\/default.jpg\",\"contentUrl\":\"https:\\\/\\\/alice.ch\\\/app\\\/uploads\\\/2022\\\/11\\\/default.jpg\",\"width\":1600,\"height\":900},{\"@type\":\"BreadcrumbList\",\"@id\":\"https:\\\/\\\/alice.ch\\\/de\\\/professionalisierung\\\/ada-anbieter\\\/informationen-fuer-anbieter\\\/dokumente-ada\\\/#breadcrumb\",\"itemListElement\":[{\"@type\":\"ListItem\",\"position\":1,\"name\":\"Startseite\",\"item\":\"https:\\\/\\\/alice.ch\\\/de\\\/\"},{\"@type\":\"ListItem\",\"position\":2,\"name\":\"Professionalisierung\",\"item\":\"https:\\\/\\\/alice.ch\\\/de\\\/professionalisierung\\\/\"},{\"@type\":\"ListItem\",\"position\":3,\"name\":\"AdA-Anbieter\",\"item\":\"https:\\\/\\\/alice.ch\\\/de\\\/professionalisierung\\\/ada-anbieter\\\/\"},{\"@type\":\"ListItem\",\"position\":4,\"name\":\"Informationen f\u00fcr Anbieter\",\"item\":\"https:\\\/\\\/alice.ch\\\/de\\\/professionalisierung\\\/ada-anbieter\\\/informationen-fuer-anbieter\\\/\"},{\"@type\":\"ListItem\",\"position\":5,\"name\":\"Dokumente AdA-Anbieter\"}]},{\"@type\":\"WebSite\",\"@id\":\"https:\\\/\\\/alice.ch\\\/de\\\/#website\",\"url\":\"https:\\\/\\\/alice.ch\\\/de\\\/\",\"name\":\"alice.ch (Adult Learning Information Center) ist das Portal der Weiterbildung in der Schweiz.\",\"description\":\"Schweizerischer Verband f\u00fcr Weiterbildung\",\"publisher\":{\"@id\":\"https:\\\/\\\/alice.ch\\\/de\\\/#organization\"},\"potentialAction\":[{\"@type\":\"SearchAction\",\"target\":{\"@type\":\"EntryPoint\",\"urlTemplate\":\"https:\\\/\\\/alice.ch\\\/de\\\/?s={search_term_string}\"},\"query-input\":{\"@type\":\"PropertyValueSpecification\",\"valueRequired\":true,\"valueName\":\"search_term_string\"}}],\"inLanguage\":\"de\"},{\"@type\":\"Organization\",\"@id\":\"https:\\\/\\\/alice.ch\\\/de\\\/#organization\",\"name\":\"SVEB Schweizerischer Verband f\u00fcr Weiterbildung\",\"url\":\"https:\\\/\\\/alice.ch\\\/de\\\/\",\"logo\":{\"@type\":\"ImageObject\",\"inLanguage\":\"de\",\"@id\":\"https:\\\/\\\/alice.ch\\\/de\\\/#\\\/schema\\\/logo\\\/image\\\/\",\"url\":\"https:\\\/\\\/alice.ch\\\/app\\\/uploads\\\/2022\\\/07\\\/logo-sveb.png\",\"contentUrl\":\"https:\\\/\\\/alice.ch\\\/app\\\/uploads\\\/2022\\\/07\\\/logo-sveb.png\",\"width\":145,\"height\":64,\"caption\":\"SVEB Schweizerischer Verband f\u00fcr Weiterbildung\"},\"image\":{\"@id\":\"https:\\\/\\\/alice.ch\\\/de\\\/#\\\/schema\\\/logo\\\/image\\\/\"},\"sameAs\":[\"https:\\\/\\\/www.linkedin.com\\\/company\\\/schweizerischer-verband-fr-weiterbildung-sveb\\\/\"]}]}<\/script>\n<!-- \/ Yoast SEO plugin. -->","yoast_head_json":{"title":"Dokumente AdA-Anbieter - SVEB","robots":{"index":"index","follow":"follow","max-snippet":"max-snippet:-1","max-image-preview":"max-image-preview:large","max-video-preview":"max-video-preview:-1"},"canonical":"https:\/\/alice.ch\/de\/professionalisierung\/ada-anbieter\/informationen-fuer-anbieter\/dokumente-ada\/","og_locale":"de_DE","og_type":"article","og_title":"Dokumente AdA-Anbieter - SVEB","og_description":"Dokumente f\u00fcr AdA-Anbieter AdA-anerkannte Institutionen finden auf dieser Seite hilfreiche Dokumente. Zus\u00e4tzliche Informationsbl\u00e4tter Musterzertifikate FA 2024 Kontakt","og_url":"https:\/\/alice.ch\/de\/professionalisierung\/ada-anbieter\/informationen-fuer-anbieter\/dokumente-ada\/","og_site_name":"SVEB","article_modified_time":"2025-02-03T07:26:14+00:00","twitter_card":"summary_large_image","twitter_misc":{"Gesch\u00e4tzte Lesezeit":"1\u00a0Minute"},"schema":{"@context":"https:\/\/schema.org","@graph":[{"@type":"WebPage","@id":"https:\/\/alice.ch\/de\/professionalisierung\/ada-anbieter\/informationen-fuer-anbieter\/dokumente-ada\/","url":"https:\/\/alice.ch\/de\/professionalisierung\/ada-anbieter\/informationen-fuer-anbieter\/dokumente-ada\/","name":"Dokumente AdA-Anbieter - SVEB","isPartOf":{"@id":"https:\/\/alice.ch\/de\/#website"},"primaryImageOfPage":{"@id":"https:\/\/alice.ch\/de\/professionalisierung\/ada-anbieter\/informationen-fuer-anbieter\/dokumente-ada\/#primaryimage"},"image":{"@id":"https:\/\/alice.ch\/de\/professionalisierung\/ada-anbieter\/informationen-fuer-anbieter\/dokumente-ada\/#primaryimage"},"thumbnailUrl":"https:\/\/alice.ch\/app\/uploads\/2022\/11\/default.jpg","datePublished":"2022-11-08T14:15:19+00:00","dateModified":"2025-02-03T07:26:14+00:00","breadcrumb":{"@id":"https:\/\/alice.ch\/de\/professionalisierung\/ada-anbieter\/informationen-fuer-anbieter\/dokumente-ada\/#breadcrumb"},"inLanguage":"de","potentialAction":[{"@type":"ReadAction","target":["https:\/\/alice.ch\/de\/professionalisierung\/ada-anbieter\/informationen-fuer-anbieter\/dokumente-ada\/"]}]},{"@type":"ImageObject","inLanguage":"de","@id":"https:\/\/alice.ch\/de\/professionalisierung\/ada-anbieter\/informationen-fuer-anbieter\/dokumente-ada\/#primaryimage","url":"https:\/\/alice.ch\/app\/uploads\/2022\/11\/default.jpg","contentUrl":"https:\/\/alice.ch\/app\/uploads\/2022\/11\/default.jpg","width":1600,"height":900},{"@type":"BreadcrumbList","@id":"https:\/\/alice.ch\/de\/professionalisierung\/ada-anbieter\/informationen-fuer-anbieter\/dokumente-ada\/#breadcrumb","itemListElement":[{"@type":"ListItem","position":1,"name":"Startseite","item":"https:\/\/alice.ch\/de\/"},{"@type":"ListItem","position":2,"name":"Professionalisierung","item":"https:\/\/alice.ch\/de\/professionalisierung\/"},{"@type":"ListItem","position":3,"name":"AdA-Anbieter","item":"https:\/\/alice.ch\/de\/professionalisierung\/ada-anbieter\/"},{"@type":"ListItem","position":4,"name":"Informationen f\u00fcr Anbieter","item":"https:\/\/alice.ch\/de\/professionalisierung\/ada-anbieter\/informationen-fuer-anbieter\/"},{"@type":"ListItem","position":5,"name":"Dokumente AdA-Anbieter"}]},{"@type":"WebSite","@id":"https:\/\/alice.ch\/de\/#website","url":"https:\/\/alice.ch\/de\/","name":"alice.ch (Adult Learning Information Center) ist das Portal der Weiterbildung in der Schweiz.","description":"Schweizerischer Verband f\u00fcr Weiterbildung","publisher":{"@id":"https:\/\/alice.ch\/de\/#organization"},"potentialAction":[{"@type":"SearchAction","target":{"@type":"EntryPoint","urlTemplate":"https:\/\/alice.ch\/de\/?s={search_term_string}"},"query-input":{"@type":"PropertyValueSpecification","valueRequired":true,"valueName":"search_term_string"}}],"inLanguage":"de"},{"@type":"Organization","@id":"https:\/\/alice.ch\/de\/#organization","name":"SVEB Schweizerischer Verband f\u00fcr Weiterbildung","url":"https:\/\/alice.ch\/de\/","logo":{"@type":"ImageObject","inLanguage":"de","@id":"https:\/\/alice.ch\/de\/#\/schema\/logo\/image\/","url":"https:\/\/alice.ch\/app\/uploads\/2022\/07\/logo-sveb.png","contentUrl":"https:\/\/alice.ch\/app\/uploads\/2022\/07\/logo-sveb.png","width":145,"height":64,"caption":"SVEB Schweizerischer Verband f\u00fcr Weiterbildung"},"image":{"@id":"https:\/\/alice.ch\/de\/#\/schema\/logo\/image\/"},"sameAs":["https:\/\/www.linkedin.com\/company\/schweizerischer-verband-fr-weiterbildung-sveb\/"]}]}},"_links":{"self":[{"href":"https:\/\/alice.ch\/de\/wp-json\/wp\/v2\/pages\/9951","targetHints":{"allow":["GET"]}}],"collection":[{"href":"https:\/\/alice.ch\/de\/wp-json\/wp\/v2\/pages"}],"about":[{"href":"https:\/\/alice.ch\/de\/wp-json\/wp\/v2\/types\/page"}],"author":[{"embeddable":true,"href":"https:\/\/alice.ch\/de\/wp-json\/wp\/v2\/users\/2"}],"replies":[{"embeddable":true,"href":"https:\/\/alice.ch\/de\/wp-json\/wp\/v2\/comments?post=9951"}],"version-history":[{"count":62,"href":"https:\/\/alice.ch\/de\/wp-json\/wp\/v2\/pages\/9951\/revisions"}],"predecessor-version":[{"id":70211,"href":"https:\/\/alice.ch\/de\/wp-json\/wp\/v2\/pages\/9951\/revisions\/70211"}],"up":[{"embeddable":true,"href":"https:\/\/alice.ch\/de\/wp-json\/wp\/v2\/pages\/578"}],"wp:featuredmedia":[{"embeddable":true,"href":"https:\/\/alice.ch\/de\/wp-json\/wp\/v2\/media\/20799"}],"wp:attachment":[{"href":"https:\/\/alice.ch\/de\/wp-json\/wp\/v2\/media?parent=9951"}],"curies":[{"name":"wp","href":"https:\/\/api.w.org\/{rel}","templated":true}]}}