{"id":10855,"date":"2022-08-16T15:39:06","date_gmt":"2022-08-16T13:39:06","guid":{"rendered":"https:\/\/projects.atxeit.ch\/sveb\/datenquellen\/"},"modified":"2026-01-12T15:52:02","modified_gmt":"2026-01-12T14:52:02","slug":"sources-des-donnees","status":"publish","type":"page","link":"https:\/\/alice.ch\/fr\/themes\/formation-continue-suisse\/sources-des-donnees\/","title":{"rendered":"Sources des donn\u00e9es"},"content":{"rendered":"\n<div class=\"wp-block-group is-style-reduced-width is-layout-flow wp-block-group-is-layout-flow\">\n<h1 class=\"wp-block-heading\">Sources de donn\u00e9es nationales et internationales sur l&rsquo;\u00e9ducation et la formation continue<\/h1>\n\n\n\n<h2 class=\"wp-block-heading\">Suisse<\/h2>\n\n\n\n<ul class=\"wp-block-list\">\n<li>L&rsquo;Office f\u00e9d\u00e9ral de la statistique (OFS) fournit des donn\u00e9es repr\u00e9sentatives sur le comportement de la population et des entreprises en mati\u00e8re de formation continue en Suisse. L\u2019OFS recense chaque trimestre le taux de participation \u00e0 la formation continue, dans le cadre de l\u2019enqu\u00eate suisse sur la population active (ESPA). Tous les cinq ans, une enqu\u00eate plus approfondie a lieu sous forme de sondage: c\u2019est le <a href=\"https:\/\/www.bfs.admin.ch\/bfs\/fr\/home\/statistiques\/education-science\/formation-continue\/population.html\" target=\"_blank\" rel=\"noreferrer noopener\">Microrecensement sur la formation professionnelle initiale et continue<\/a> dont le dernier a eu lieu en\u202f2021. Par ailleurs, l\u2019OFS r\u00e9alise une autre enqu\u00eate \u00e9galement p\u00e9riodique: il s\u2019agit des <a href=\"https:\/\/www.bfs.admin.ch\/bfs\/fr\/home\/statistiques\/education-science\/formation-continue\/entreprise.html\" target=\"_blank\" rel=\"noreferrer noopener\">statistiques sur la formation professionnelle continue<\/a> dont le dernier recensement date de\u202f2015. La Conf\u00e9d\u00e9ration n&rsquo;\u00e9tablit pas d\u2019autres statistiques sur la formation continue.&nbsp;<\/li>\n\n\n\n<li>Dans le cadre de l&rsquo;enqu\u00eate <a href=\"https:\/\/www.bfs.admin.ch\/bfs\/de\/home\/statistiken\/bildung-wissenschaft\/erhebungen\/piaac.html\"><u>PIAAC<\/u><\/a>, de nombreuses donn\u00e9es ont \u00e9t\u00e9 collect\u00e9es sur les comportements en mati\u00e8re de formation continue. Elles comprennent des informations sur la participation \u00e0 la formation continue non formelle, l&rsquo;apprentissage informel et l&rsquo;utilisation des comp\u00e9tences. Sur la base de ces donn\u00e9es, l&rsquo;OFS a publi\u00e9 trois <a href=\"https:\/\/www.bfs.admin.ch\/bfs\/it\/home\/statistiche\/formazione-scienza\/livello-formazione\/competenze.assetdetail.33346105.html\"><u>rapports<\/u><\/a>. Ceux-ci traitent des comp\u00e9tences des adultes en Suisse, des comp\u00e9tences sur le march\u00e9 du travail et de la vie avec de faibles comp\u00e9tences.<\/li>\n\n\n\n<li>Le <a href=\"https:\/\/www.skbf-csre.ch\/fr\/rapport-sur-leducation\/rapport-education\/\" target=\"_blank\" rel=\"noreferrer noopener\">Rapport sur l&rsquo;\u00e9ducation<\/a> du Centre suisse de coordination pour la recherche en \u00e9ducation (CSRE) donne un aper\u00e7u de l&rsquo;ensemble du syst\u00e8me \u00e9ducatif suisse. Le suivi est \u00e9tabli pour le compte de la Conf\u00e9d\u00e9ration et des cantons, et contient des informations issues de la statistique, de la recherche et de l&rsquo;administration. Ce rapport para\u00eet tous les quatre ans.\u00a0<\/li>\n\n\n\n<li>Afin de d\u00e9crire statistiquement la situation du march\u00e9 de l&rsquo;\u00e9ducation permanente et de la formation continue, la FSEA r\u00e9alise une enqu\u00eate annuelle sur la formation continue. Les donn\u00e9es sont collect\u00e9es aupr\u00e8s des prestataires de formation suisses. En s\u2019appuyant sur cette enqu\u00eate, deux analyses sont r\u00e9alis\u00e9es chaque ann\u00e9e: d\u2019une part, l\u2019<a href=\"https:\/\/alice.ch\/fr\/observatoire22\/\" target=\"_blank\" rel=\"noreferrer noopener\">observatoire de la formation continue FSEA<\/a> montre les d\u00e9veloppements actuels et les tendances du march\u00e9 de la formation continue. D\u2019autre part, \u00ab<a href=\"https:\/\/alice.ch\/fr\/themes\/recherche\/etude-sur-la-formation-continue\/\" target=\"_blank\" rel=\"noreferrer noopener\">FOCUS Formation continue<\/a>\u00bb est une \u00e9tude th\u00e9matique ax\u00e9e sur un sujet qui change chaque ann\u00e9e.&nbsp;&nbsp;<\/li>\n<\/ul>\n\n\n\n<h2 class=\"wp-block-heading\">International<\/h2>\n\n\n\n<ul class=\"wp-block-list\">\n<li>L&rsquo;\u00e9tude PIAAC est un programme international d\u2019\u00e9valuation des comp\u00e9tences des adultes (Programme for the International Assessment of Adult Competencies), dirig\u00e9 et coordonn\u00e9 par l&rsquo;OCDE. Le PIAAC permet d&rsquo;identifier les diff\u00e9rences dans les comp\u00e9tences de base entre pays et les facteurs qui jouent un r\u00f4le central dans le d\u00e9veloppement et le maintien de ces comp\u00e9tences. L\u2019\u00e9tude PIAAC a lieu tous les dix ans. Le premier cycle datait de 2011\/2012, Suisse exclue. En revanche, la Suisse a particip\u00e9 au deuxi\u00e8me cycle, dont l\u2019enqu\u00eate a eu lieu en\u202f2021\/2022 dans 32\u202fpays diff\u00e9rents. En Suisse, c\u2019est l\u2019OFS qui est responsable de la collecte des donn\u00e9es pour le PIAAC. Celles-ci concernent l\u2019aptitude \u00e0 la lecture, au calcul et \u00e0 la r\u00e9solution de probl\u00e8mes utiles \u00e0 la vie quotidienne.&nbsp;<\/li>\n\n\n\n<li>L&rsquo;<a href=\"https:\/\/nces.ed.gov\/surveys\/all\/\" target=\"_blank\" rel=\"noreferrer noopener\">\u00e9tude ALL<\/a> (Adult Literacy and Life Skills) d\u00e9termine les comp\u00e9tences de base (aptitudes \u00e0 la lecture et \u00e0 la r\u00e9solution de probl\u00e8mes, math\u00e9matiques et TIC) des adultes. La collecte des donn\u00e9es de l&rsquo;ALL a eu lieu dans cinq pays en 2003 et 2006-2008, la Suisse n&rsquo;\u00e9tant repr\u00e9sent\u00e9e que dans le premier tour, dans le but d&rsquo;identifier les aspects du capital humain. Jusqu\u2019\u00e0 l\u2019apparition du PIAAC, l\u2019\u00e9tude ALL \u00e9tait la seule \u00e9tude internationale \u00e0 grande \u00e9chelle se penchant sur les comp\u00e9tences de base de la population adulte.&nbsp;<\/li>\n\n\n\n<li><a href=\"https:\/\/ec.europa.eu\/eurostat\/fr\/home\" target=\"_blank\" rel=\"noreferrer noopener\">EUROSTAT<\/a> est l&rsquo;office de la statistique de l&rsquo;Union europ\u00e9enne, bas\u00e9 \u00e0 Luxembourg. La mission d&rsquo;EUROSTAT est de fournir des statistiques pour l&rsquo;Europe et de veiller \u00e0 ce que les donn\u00e9es soient comparables au niveau des pays et des r\u00e9gions. Les donn\u00e9es sont fournies par les autorit\u00e9s statistiques des \u00c9tats membres. Les statistiques de l&rsquo;OFS sont bas\u00e9es sur les r\u00e9sultats d&rsquo;EUROSTAT.&nbsp;<\/li>\n\n\n\n<li>L\u2019<a href=\"https:\/\/www.oecd.org\/fr\/\" target=\"_blank\" rel=\"noreferrer noopener\">OECD<\/a> produit des \u00e9tudes internationales qui comprennent des donn\u00e9es sur l&rsquo;\u00e9ducation en mati\u00e8re de population.&nbsp;<\/li>\n<\/ul>\n\n\n\n<h2 class=\"wp-block-heading\">Contact<\/h2>\n\n\n\n<div class=\"wp-block-columns is-layout-flex wp-container-core-columns-is-layout-28f84493 wp-block-columns-is-layout-flex\">\n<div class=\"wp-block-column is-layout-flow wp-block-column-is-layout-flow\" style=\"flex-basis:50%\"><div class=\"contact-persons\">\n\n\t\t\t\t\t<div class=\"contact-person\">\n\t\t\t\t\tIrena Sgier<br \/>\t\t\t\t\tDirectrice adjointe, Directrice de la recherche, du d\u00e9veloppement et de l\u2019innovation<br \/>\t\t\t\t\t<br \/>\n\t\t\t\t\t\t\t\t\t\t<a href=\"tel:+41 (0)44 319 71 59\">+41 (0)44 319 71 59<\/a><br \/>\t\t\t\t\t<a href=\"mailto:irena.sgier@alice.ch\">irena.sgier@alice.ch<\/a><br \/>\t\t\t\t\t<\/div>\n\t\t\t\t\t<\/div>\n<\/div>\n\n\n\n<div class=\"wp-block-column is-layout-flow wp-block-column-is-layout-flow\" style=\"flex-basis:50%\"><\/div>\n<\/div>\n<\/div>\n","protected":false},"excerpt":{"rendered":"<p>Sources de donn\u00e9es nationales et internationales sur l&rsquo;\u00e9ducation et la formation continue Suisse International Contact<\/p>\n","protected":false},"author":2,"featured_media":20799,"parent":14922,"menu_order":50,"comment_status":"closed","ping_status":"closed","template":"","meta":{"_acf_changed":false,"inline_featured_image":false,"footnotes":""},"class_list":["post-10855","page","type-page","status-publish","has-post-thumbnail","hentry"],"acf":[],"yoast_head":"<!-- This site is optimized with the Yoast SEO plugin v27.3 - https:\/\/yoast.com\/product\/yoast-seo-wordpress\/ -->\n<title>Sources des donn\u00e9es - FSEA<\/title>\n<meta name=\"description\" content=\"Contexte sur les \u00e9tudes et sondages qui fournissent des chiffres pour la formation continue suisse et le contexte international.\" \/>\n<meta name=\"robots\" content=\"index, follow, max-snippet:-1, max-image-preview:large, max-video-preview:-1\" \/>\n<link rel=\"canonical\" href=\"https:\/\/alice.ch\/fr\/themes\/formation-continue-suisse\/sources-des-donnees\/\" \/>\n<meta property=\"og:locale\" content=\"fr_FR\" \/>\n<meta property=\"og:type\" content=\"article\" \/>\n<meta property=\"og:title\" content=\"Sources des donn\u00e9es - FSEA\" \/>\n<meta property=\"og:description\" content=\"Contexte sur les \u00e9tudes et sondages qui fournissent des chiffres pour la formation continue suisse et le contexte international.\" \/>\n<meta property=\"og:url\" content=\"https:\/\/alice.ch\/fr\/themes\/formation-continue-suisse\/sources-des-donnees\/\" \/>\n<meta property=\"og:site_name\" content=\"SVEB\" \/>\n<meta property=\"article:modified_time\" content=\"2026-01-12T14:52:02+00:00\" \/>\n<meta name=\"twitter:card\" content=\"summary_large_image\" \/>\n<meta name=\"twitter:label1\" content=\"Dur\u00e9e de lecture estim\u00e9e\" \/>\n\t<meta name=\"twitter:data1\" content=\"3 minutes\" \/>\n<script type=\"application\/ld+json\" class=\"yoast-schema-graph\">{\"@context\":\"https:\\\/\\\/schema.org\",\"@graph\":[{\"@type\":\"WebPage\",\"@id\":\"https:\\\/\\\/alice.ch\\\/fr\\\/themes\\\/formation-continue-suisse\\\/sources-des-donnees\\\/\",\"url\":\"https:\\\/\\\/alice.ch\\\/fr\\\/themes\\\/formation-continue-suisse\\\/sources-des-donnees\\\/\",\"name\":\"Sources des donn\u00e9es - FSEA\",\"isPartOf\":{\"@id\":\"https:\\\/\\\/alice.ch\\\/fr\\\/#website\"},\"primaryImageOfPage\":{\"@id\":\"https:\\\/\\\/alice.ch\\\/fr\\\/themes\\\/formation-continue-suisse\\\/sources-des-donnees\\\/#primaryimage\"},\"image\":{\"@id\":\"https:\\\/\\\/alice.ch\\\/fr\\\/themes\\\/formation-continue-suisse\\\/sources-des-donnees\\\/#primaryimage\"},\"thumbnailUrl\":\"https:\\\/\\\/alice.ch\\\/app\\\/uploads\\\/2022\\\/11\\\/default.jpg\",\"datePublished\":\"2022-08-16T13:39:06+00:00\",\"dateModified\":\"2026-01-12T14:52:02+00:00\",\"description\":\"Contexte sur les \u00e9tudes et sondages qui fournissent des chiffres pour la formation continue suisse et le contexte international.\",\"breadcrumb\":{\"@id\":\"https:\\\/\\\/alice.ch\\\/fr\\\/themes\\\/formation-continue-suisse\\\/sources-des-donnees\\\/#breadcrumb\"},\"inLanguage\":\"fr-FR\",\"potentialAction\":[{\"@type\":\"ReadAction\",\"target\":[\"https:\\\/\\\/alice.ch\\\/fr\\\/themes\\\/formation-continue-suisse\\\/sources-des-donnees\\\/\"]}]},{\"@type\":\"ImageObject\",\"inLanguage\":\"fr-FR\",\"@id\":\"https:\\\/\\\/alice.ch\\\/fr\\\/themes\\\/formation-continue-suisse\\\/sources-des-donnees\\\/#primaryimage\",\"url\":\"https:\\\/\\\/alice.ch\\\/app\\\/uploads\\\/2022\\\/11\\\/default.jpg\",\"contentUrl\":\"https:\\\/\\\/alice.ch\\\/app\\\/uploads\\\/2022\\\/11\\\/default.jpg\",\"width\":1600,\"height\":900},{\"@type\":\"BreadcrumbList\",\"@id\":\"https:\\\/\\\/alice.ch\\\/fr\\\/themes\\\/formation-continue-suisse\\\/sources-des-donnees\\\/#breadcrumb\",\"itemListElement\":[{\"@type\":\"ListItem\",\"position\":1,\"name\":\"Page d'accueil\",\"item\":\"https:\\\/\\\/alice.ch\\\/fr\\\/\"},{\"@type\":\"ListItem\",\"position\":2,\"name\":\"Th\u00e8mes\",\"item\":\"https:\\\/\\\/alice.ch\\\/fr\\\/themes\\\/\"},{\"@type\":\"ListItem\",\"position\":3,\"name\":\"Formation continue en suisse\",\"item\":\"https:\\\/\\\/alice.ch\\\/fr\\\/themes\\\/formation-continue-suisse\\\/\"},{\"@type\":\"ListItem\",\"position\":4,\"name\":\"Sources des donn\u00e9es\"}]},{\"@type\":\"WebSite\",\"@id\":\"https:\\\/\\\/alice.ch\\\/fr\\\/#website\",\"url\":\"https:\\\/\\\/alice.ch\\\/fr\\\/\",\"name\":\"alice.ch (Adult Learning Information Center) ist das Portal der Weiterbildung in der Schweiz.\",\"description\":\"Schweizerischer Verband f\u00fcr Weiterbildung\",\"publisher\":{\"@id\":\"https:\\\/\\\/alice.ch\\\/fr\\\/#organization\"},\"potentialAction\":[{\"@type\":\"SearchAction\",\"target\":{\"@type\":\"EntryPoint\",\"urlTemplate\":\"https:\\\/\\\/alice.ch\\\/fr\\\/?s={search_term_string}\"},\"query-input\":{\"@type\":\"PropertyValueSpecification\",\"valueRequired\":true,\"valueName\":\"search_term_string\"}}],\"inLanguage\":\"fr-FR\"},{\"@type\":\"Organization\",\"@id\":\"https:\\\/\\\/alice.ch\\\/fr\\\/#organization\",\"name\":\"FSEA F\u00e9d\u00e9ration suisse pour la formation continue\",\"url\":\"https:\\\/\\\/alice.ch\\\/fr\\\/\",\"logo\":{\"@type\":\"ImageObject\",\"inLanguage\":\"fr-FR\",\"@id\":\"https:\\\/\\\/alice.ch\\\/fr\\\/#\\\/schema\\\/logo\\\/image\\\/\",\"url\":\"https:\\\/\\\/alice.ch\\\/app\\\/uploads\\\/2022\\\/07\\\/logo-sveb.png\",\"contentUrl\":\"https:\\\/\\\/alice.ch\\\/app\\\/uploads\\\/2022\\\/07\\\/logo-sveb.png\",\"width\":145,\"height\":64,\"caption\":\"FSEA F\u00e9d\u00e9ration suisse pour la formation continue\"},\"image\":{\"@id\":\"https:\\\/\\\/alice.ch\\\/fr\\\/#\\\/schema\\\/logo\\\/image\\\/\"},\"sameAs\":[\"https:\\\/\\\/www.linkedin.com\\\/company\\\/schweizerischer-verband-fr-weiterbildung-sveb\\\/\"]}]}<\/script>\n<!-- \/ Yoast SEO plugin. -->","yoast_head_json":{"title":"Sources des donn\u00e9es - FSEA","description":"Contexte sur les \u00e9tudes et sondages qui fournissent des chiffres pour la formation continue suisse et le contexte international.","robots":{"index":"index","follow":"follow","max-snippet":"max-snippet:-1","max-image-preview":"max-image-preview:large","max-video-preview":"max-video-preview:-1"},"canonical":"https:\/\/alice.ch\/fr\/themes\/formation-continue-suisse\/sources-des-donnees\/","og_locale":"fr_FR","og_type":"article","og_title":"Sources des donn\u00e9es - FSEA","og_description":"Contexte sur les \u00e9tudes et sondages qui fournissent des chiffres pour la formation continue suisse et le contexte international.","og_url":"https:\/\/alice.ch\/fr\/themes\/formation-continue-suisse\/sources-des-donnees\/","og_site_name":"SVEB","article_modified_time":"2026-01-12T14:52:02+00:00","twitter_card":"summary_large_image","twitter_misc":{"Dur\u00e9e de lecture estim\u00e9e":"3 minutes"},"schema":{"@context":"https:\/\/schema.org","@graph":[{"@type":"WebPage","@id":"https:\/\/alice.ch\/fr\/themes\/formation-continue-suisse\/sources-des-donnees\/","url":"https:\/\/alice.ch\/fr\/themes\/formation-continue-suisse\/sources-des-donnees\/","name":"Sources des donn\u00e9es - FSEA","isPartOf":{"@id":"https:\/\/alice.ch\/fr\/#website"},"primaryImageOfPage":{"@id":"https:\/\/alice.ch\/fr\/themes\/formation-continue-suisse\/sources-des-donnees\/#primaryimage"},"image":{"@id":"https:\/\/alice.ch\/fr\/themes\/formation-continue-suisse\/sources-des-donnees\/#primaryimage"},"thumbnailUrl":"https:\/\/alice.ch\/app\/uploads\/2022\/11\/default.jpg","datePublished":"2022-08-16T13:39:06+00:00","dateModified":"2026-01-12T14:52:02+00:00","description":"Contexte sur les \u00e9tudes et sondages qui fournissent des chiffres pour la formation continue suisse et le contexte international.","breadcrumb":{"@id":"https:\/\/alice.ch\/fr\/themes\/formation-continue-suisse\/sources-des-donnees\/#breadcrumb"},"inLanguage":"fr-FR","potentialAction":[{"@type":"ReadAction","target":["https:\/\/alice.ch\/fr\/themes\/formation-continue-suisse\/sources-des-donnees\/"]}]},{"@type":"ImageObject","inLanguage":"fr-FR","@id":"https:\/\/alice.ch\/fr\/themes\/formation-continue-suisse\/sources-des-donnees\/#primaryimage","url":"https:\/\/alice.ch\/app\/uploads\/2022\/11\/default.jpg","contentUrl":"https:\/\/alice.ch\/app\/uploads\/2022\/11\/default.jpg","width":1600,"height":900},{"@type":"BreadcrumbList","@id":"https:\/\/alice.ch\/fr\/themes\/formation-continue-suisse\/sources-des-donnees\/#breadcrumb","itemListElement":[{"@type":"ListItem","position":1,"name":"Page d'accueil","item":"https:\/\/alice.ch\/fr\/"},{"@type":"ListItem","position":2,"name":"Th\u00e8mes","item":"https:\/\/alice.ch\/fr\/themes\/"},{"@type":"ListItem","position":3,"name":"Formation continue en suisse","item":"https:\/\/alice.ch\/fr\/themes\/formation-continue-suisse\/"},{"@type":"ListItem","position":4,"name":"Sources des donn\u00e9es"}]},{"@type":"WebSite","@id":"https:\/\/alice.ch\/fr\/#website","url":"https:\/\/alice.ch\/fr\/","name":"alice.ch (Adult Learning Information Center) ist das Portal der Weiterbildung in der Schweiz.","description":"Schweizerischer Verband f\u00fcr Weiterbildung","publisher":{"@id":"https:\/\/alice.ch\/fr\/#organization"},"potentialAction":[{"@type":"SearchAction","target":{"@type":"EntryPoint","urlTemplate":"https:\/\/alice.ch\/fr\/?s={search_term_string}"},"query-input":{"@type":"PropertyValueSpecification","valueRequired":true,"valueName":"search_term_string"}}],"inLanguage":"fr-FR"},{"@type":"Organization","@id":"https:\/\/alice.ch\/fr\/#organization","name":"FSEA F\u00e9d\u00e9ration suisse pour la formation continue","url":"https:\/\/alice.ch\/fr\/","logo":{"@type":"ImageObject","inLanguage":"fr-FR","@id":"https:\/\/alice.ch\/fr\/#\/schema\/logo\/image\/","url":"https:\/\/alice.ch\/app\/uploads\/2022\/07\/logo-sveb.png","contentUrl":"https:\/\/alice.ch\/app\/uploads\/2022\/07\/logo-sveb.png","width":145,"height":64,"caption":"FSEA F\u00e9d\u00e9ration suisse pour la formation continue"},"image":{"@id":"https:\/\/alice.ch\/fr\/#\/schema\/logo\/image\/"},"sameAs":["https:\/\/www.linkedin.com\/company\/schweizerischer-verband-fr-weiterbildung-sveb\/"]}]}},"_links":{"self":[{"href":"https:\/\/alice.ch\/fr\/wp-json\/wp\/v2\/pages\/10855","targetHints":{"allow":["GET"]}}],"collection":[{"href":"https:\/\/alice.ch\/fr\/wp-json\/wp\/v2\/pages"}],"about":[{"href":"https:\/\/alice.ch\/fr\/wp-json\/wp\/v2\/types\/page"}],"author":[{"embeddable":true,"href":"https:\/\/alice.ch\/fr\/wp-json\/wp\/v2\/users\/2"}],"replies":[{"embeddable":true,"href":"https:\/\/alice.ch\/fr\/wp-json\/wp\/v2\/comments?post=10855"}],"version-history":[{"count":12,"href":"https:\/\/alice.ch\/fr\/wp-json\/wp\/v2\/pages\/10855\/revisions"}],"predecessor-version":[{"id":72893,"href":"https:\/\/alice.ch\/fr\/wp-json\/wp\/v2\/pages\/10855\/revisions\/72893"}],"up":[{"embeddable":true,"href":"https:\/\/alice.ch\/fr\/wp-json\/wp\/v2\/pages\/14922"}],"wp:featuredmedia":[{"embeddable":true,"href":"https:\/\/alice.ch\/fr\/wp-json\/wp\/v2\/media\/20799"}],"wp:attachment":[{"href":"https:\/\/alice.ch\/fr\/wp-json\/wp\/v2\/media?parent=10855"}],"curies":[{"name":"wp","href":"https:\/\/api.w.org\/{rel}","templated":true}]}}