{"id":11009,"date":"2022-08-16T15:35:36","date_gmt":"2022-08-16T13:35:36","guid":{"rendered":"https:\/\/projects.atxeit.ch\/sveb\/grundkompetenzen\/"},"modified":"2025-06-19T15:03:41","modified_gmt":"2025-06-19T13:03:41","slug":"competences-de-base","status":"publish","type":"page","link":"https:\/\/alice.ch\/fr\/themes\/competences-de-base\/","title":{"rendered":"Comp\u00e9tences de base"},"content":{"rendered":"\n<div class=\"wp-block-group is-style-reduced-width is-layout-flow wp-block-group-is-layout-flow\">\n<h1 class=\"wp-block-heading\">Promotion des comp\u00e9tences de base: un objectif essentiel<\/h1>\n\n\n\n<p class=\"is-style-lead\">Les comp\u00e9tences de base permettent la participation autonome \u00e0 la vie professionnelle et sociale. Les cons\u00e9quences d\u2019une insuffisance des comp\u00e9tences de base sont lourdes pour les personnes concern\u00e9es, mais aussi pour l\u2019\u00e9conomie et la soci\u00e9t\u00e9. Il y a en Suisse un grand besoin d\u2019offres de formation de qualit\u00e9.<\/p>\n\n\n\n<h2 class=\"wp-block-heading\">Qu\u2019est-ce que les comp\u00e9tences de base ?<\/h2>\n\n\n\n<p>La&nbsp;<a href=\"https:\/\/www.sbfi.admin.ch\/sbfi\/fr\/home\/formation\/f-c\/competences-de-base-des-adultes\/promotion-competences-de-base-des-adultes.html\" target=\"_blank\" rel=\"noreferrer noopener\">promotion des comp\u00e9tences de base<\/a>&nbsp;favorise les aptitudes dont les individus ont besoin pour participer de fa\u00e7on autonome \u00e0 la vie sociale et professionnelle. Conform\u00e9ment \u00e0 la&nbsp;<a href=\"https:\/\/alice.ch\/fr\/fsea-fr\/politique-de-la-formation\/loi-sur-la-formation-continue\/\">loi f\u00e9d\u00e9rale sur la formation continue<\/a>&nbsp;(LFCo) du 20 juin 2014, les comp\u00e9tences de base sont un pr\u00e9requis pour l\u2019apprentissage tout au long de la vie. La LFCo d\u00e9finit \u00e0 l\u2019art. 13 les comp\u00e9tences de base des adultes comme suit:<\/p>\n\n\n\n<ul class=\"wp-block-list\">\n<li>lecture, \u00e9criture et expression orale dans une langue nationale;<\/li>\n\n\n\n<li>math\u00e9matiques \u00e9l\u00e9mentaires;<\/li>\n\n\n\n<li>utilisation des technologies de l\u2019information et de la communication.<\/li>\n<\/ul>\n\n\n\n<p>Les sections suivantes montrent l&rsquo;\u00e9tendue et l&rsquo;impact des faibles comp\u00e9tences de base en Suisse, comment celles-ci peuvent \u00eatre encourag\u00e9es de mani\u00e8re innovante et comment le lieu de travail en particulier peut \u00eatre utilis\u00e9 \u00e0 cette fin:<\/p>\n\n\n\n<div class=\"wp-block-media-text alignwide is-stacked-on-mobile is-style-icon-text\"><figure class=\"wp-block-media-text__media\"><a href=\"https:\/\/alice.ch\/fr\/themes\/competences-de-base\/promotion-innovante\/importance-en-suisse\/\"><img decoding=\"async\" width=\"310\" height=\"376\" src=\"https:\/\/alice.ch\/app\/uploads\/2022\/09\/gk-bedeutung-schweiz.png\" alt=\"\" class=\"wp-image-2170 size-full\" srcset=\"https:\/\/alice.ch\/app\/uploads\/2022\/09\/gk-bedeutung-schweiz.png 310w, https:\/\/alice.ch\/app\/uploads\/2022\/09\/gk-bedeutung-schweiz-247x300.png 247w\" sizes=\"(max-width: 310px) 100vw, 310px\" \/><\/a><\/figure><div class=\"wp-block-media-text__content\">\n<h2 class=\"wp-block-heading\"><a href=\"https:\/\/alice.ch\/fr\/themes\/competences-de-base\/promotion-innovante\/importance-en-suisse\/\">Importance en Suisse<\/a><\/h2>\n\n\n\n<p>Combien de personnes sont touch\u00e9es par le manque de comp\u00e9tences de base et quelles sont les implications pour les individus, l&rsquo;\u00e9conomie et la soci\u00e9t\u00e9.<\/p>\n<\/div><\/div>\n\n\n\n<hr class=\"wp-block-separator has-alpha-channel-opacity is-style-wide\"\/>\n\n\n\n<div class=\"wp-block-media-text alignwide is-stacked-on-mobile is-style-icon-text\"><figure class=\"wp-block-media-text__media\"><a href=\"https:\/\/alice.ch\/fr\/themes\/competences-de-base\/promotion-innovante\/\"><img decoding=\"async\" width=\"529\" height=\"453\" src=\"https:\/\/alice.ch\/app\/uploads\/2022\/09\/gk-innovativ-foerdern.png\" alt=\"\" class=\"wp-image-2166 size-full\" srcset=\"https:\/\/alice.ch\/app\/uploads\/2022\/09\/gk-innovativ-foerdern.png 529w, https:\/\/alice.ch\/app\/uploads\/2022\/09\/gk-innovativ-foerdern-300x257.png 300w\" sizes=\"(max-width: 529px) 100vw, 529px\" \/><\/a><\/figure><div class=\"wp-block-media-text__content\">\n<h2 class=\"wp-block-heading\"><a href=\"https:\/\/alice.ch\/fr\/themes\/competences-de-base\/promotion-innovante\/\">Promouvoir de mani\u00e8re innovante<\/a><\/h2>\n\n\n\n<p>Afin de mieux atteindre le groupe cible et d&rsquo;accro\u00eetre les avantages des possibilit\u00e9s de formation pour toutes les parties prenantes, nous travaillons avec notre r\u00e9seau pour trouver des moyens innovants de promouvoir les comp\u00e9tences de base en Suisse.<\/p>\n<\/div><\/div>\n\n\n\n<hr class=\"wp-block-separator has-alpha-channel-opacity is-style-wide\"\/>\n\n\n\n<div class=\"wp-block-media-text alignwide is-stacked-on-mobile is-style-icon-text\"><figure class=\"wp-block-media-text__media\"><a href=\"https:\/\/alice.ch\/fr\/themes\/competences-de-base\/go-promotion-des-competences-en-situation-de-travail\/\"><img decoding=\"async\" width=\"562\" height=\"566\" src=\"https:\/\/alice.ch\/app\/uploads\/2022\/09\/gk-upskilling.png\" alt=\"\" class=\"wp-image-2158 size-full\" srcset=\"https:\/\/alice.ch\/app\/uploads\/2022\/09\/gk-upskilling.png 562w, https:\/\/alice.ch\/app\/uploads\/2022\/09\/gk-upskilling-298x300.png 298w, https:\/\/alice.ch\/app\/uploads\/2022\/09\/gk-upskilling-150x150.png 150w\" sizes=\"(max-width: 562px) 100vw, 562px\" \/><\/a><\/figure><div class=\"wp-block-media-text__content\">\n<h2 class=\"wp-block-heading\"><a href=\"https:\/\/alice.ch\/fr\/themes\/competences-de-base\/go-promotion-des-competences-en-situation-de-travail\/\">Renforcement sur le lieu de travail<\/a><\/h2>\n\n\n\n<p>Le lieu de travail en tant que lieu d&rsquo;apprentissage offre la possibilit\u00e9 d&rsquo;atteindre les personnes ayant de faibles comp\u00e9tences de base. Le mod\u00e8le GO fournit une m\u00e9thode \u00e9prouv\u00e9e et des outils de travail \u00e0 cet effet.<\/p>\n<\/div><\/div>\n\n\n\n<hr class=\"wp-block-separator has-alpha-channel-opacity is-style-wide\"\/>\n\n\n\n<div class=\"wp-block-media-text alignwide is-stacked-on-mobile is-style-icon-text\"><figure class=\"wp-block-media-text__media\"><a href=\"https:\/\/alice.ch\/fr\/themes\/competences-de-base\/promotion-des-competences-de-base-sur-le-lieu-de-travail\/\"><img decoding=\"async\" width=\"770\" height=\"493\" src=\"https:\/\/alice.ch\/app\/uploads\/2022\/12\/logo_besser_f.jpeg\" alt=\"\" class=\"wp-image-35431 size-full\" srcset=\"https:\/\/alice.ch\/app\/uploads\/2022\/12\/logo_besser_f.jpeg 770w, https:\/\/alice.ch\/app\/uploads\/2022\/12\/logo_besser_f-300x192.jpeg 300w, https:\/\/alice.ch\/app\/uploads\/2022\/12\/logo_besser_f-768x492.jpeg 768w\" sizes=\"(max-width: 770px) 100vw, 770px\" \/><\/a><\/figure><div class=\"wp-block-media-text__content\">\n<h2 class=\"wp-block-heading\"><a href=\"https:\/\/alice.ch\/fr\/themes\/competences-de-base\/promotion-des-competences-de-base-sur-le-lieu-de-travail\/\">Programme de promotion \u00abSimplement mieux!\u2026 au travail\u00bb<\/a><\/h2>\n\n\n\n<p>Depuis 2018, la Conf\u00e9d\u00e9ration et les cantons soutiennent les entreprises qui organisent des cours ax\u00e9s sur la pratique directement sur le lieu de travail afin d\u2019am\u00e9liorer les comp\u00e9tences de base de leurs collaboratrices et collaborateurs.<\/p>\n<\/div><\/div>\n\n\n\n<hr class=\"wp-block-separator has-alpha-channel-opacity is-style-wide\"\/>\n\n\n\n<div class=\"wp-block-media-text alignwide is-stacked-on-mobile is-style-icon-text\"><figure class=\"wp-block-media-text__media\"><a href=\"https:\/\/alice.ch\/fr\/politique-de-la-formation\/aide-sociale\/\"><img decoding=\"async\" width=\"276\" height=\"282\" src=\"https:\/\/alice.ch\/app\/uploads\/2022\/09\/gk-weiterbildungsoffensive.png\" alt=\"\" class=\"wp-image-2162 size-full\"\/><\/a><\/figure><div class=\"wp-block-media-text__content\">\n<h2><a href=\"https:\/\/alice.ch\/fr\/politique-de-la-formation\/aide-sociale\/\" data-wplink-edit=\"true\">Offensive pour la formation continue pour les personnes b\u00e9n\u00e9ficiaires de l&rsquo;aide sociale<\/a><\/h2>\n\n\n\n<p>La moiti\u00e9 des adultes qui ont besoin d&rsquo;une aide sociale n&rsquo;ont pas de qualification professionnelle, et beaucoup ont \u00e9galement des difficult\u00e9s \u00e0 acqu\u00e9rir les comp\u00e9tences de base. Avec l\u2019offensive pour la formation continue, la FSEA et la CSIAS veulent am\u00e9liorer le soutien aupr\u00e8s de ce groupe cible.<\/p>\n<\/div><\/div>\n\n\n\n<hr class=\"wp-block-separator has-alpha-channel-opacity is-style-wide\"\/>\n\n\n\n<div class=\"wp-block-media-text alignwide is-stacked-on-mobile is-style-icon-text\" style=\"grid-template-columns:51% auto\"><figure class=\"wp-block-media-text__media\"><a href=\"https:\/\/alice.ch\/fr\/themes\/competences-de-base\/resultats-de-lenquete-piaac-en-suisse\/\"><img decoding=\"async\" width=\"400\" height=\"399\" src=\"https:\/\/alice.ch\/app\/uploads\/2022\/10\/icon-zahlen.png\" alt=\"\" class=\"wp-image-4532 size-full\" srcset=\"https:\/\/alice.ch\/app\/uploads\/2022\/10\/icon-zahlen.png 400w, https:\/\/alice.ch\/app\/uploads\/2022\/10\/icon-zahlen-300x300.png 300w, https:\/\/alice.ch\/app\/uploads\/2022\/10\/icon-zahlen-150x150.png 150w\" sizes=\"(max-width: 400px) 100vw, 400px\" \/><\/a><\/figure><div class=\"wp-block-media-text__content\">\n<h2 class=\"wp-block-heading\"><a href=\"https:\/\/alice.ch\/fr\/themes\/competences-de-base\/resultats-de-lenquete-piaac-en-suisse\/\">R\u00e9sultats de l\u2019enqu\u00eate PIAAC en Suisse<\/a><\/h2>\n\n\n\n<p>Le\u00a0Programme pour l\u2019\u00e9valuation internationale des comp\u00e9tences des adultes (PIAAC) de l\u2019OCDE\u00a0recense depuis 2006 les principales donn\u00e9es relatives aux comp\u00e9tences de base des adultes r\u00e9sidant en Suisse. Il mesure les comp\u00e9tences des adultes en lecture, en calcul et en r\u00e9solution adaptative de probl\u00e8mes.<\/p>\n<\/div><\/div>\n\n\n\n<h2 class=\"wp-block-heading\">Publications et outils<\/h2>\n\n\n\n<p>Publications de la FSEA sur la pratique actuelle de la promotion des comp\u00e9tences de base :<\/p>\n\n\n\n<div class=\"wp-block-buttons is-layout-flex wp-block-buttons-is-layout-flex\">\n<div class=\"wp-block-button has-custom-width wp-block-button__width-50 is-style-outline is-style-outline--1\"><a class=\"wp-block-button__link wp-element-button\" href=\"https:\/\/alice.ch\/fr\/services\/publications-et-produits\/outils\/\">Outils<\/a><\/div>\n<\/div>\n\n\n\n<h2 class=\"wp-block-heading\">Contact<\/h2>\n\n\n\n<div class=\"wp-block-columns is-layout-flex wp-container-core-columns-is-layout-28f84493 wp-block-columns-is-layout-flex\">\n<div class=\"wp-block-column is-layout-flow wp-block-column-is-layout-flow\" style=\"flex-basis:50%\"><div class=\"contact-persons\">\n\n\t\t\t\t\t<div class=\"contact-person\">\n\t\t\t\t\tCaroline Meier Quevedo<br \/>\t\t\t\t\tDirectrice du secr\u00e9tariat romand<br \/>\t\t\t\t\t<br \/>\n\t\t\t\t\t\t\t\t\t\t<a href=\"tel:+41 (0)22 994 20 10\">+41 (0)22 994 20 10<\/a><br \/>\t\t\t\t\t<a href=\"mailto:caroline.meier@alice.ch\">caroline.meier@alice.ch<\/a><br \/>\t\t\t\t\t<\/div>\n\t\t\t\t\t<\/div>\n<\/div>\n\n\n\n<div class=\"wp-block-column is-layout-flow wp-block-column-is-layout-flow\" style=\"flex-basis:50%\"><\/div>\n<\/div>\n<\/div>\n","protected":false},"excerpt":{"rendered":"<p>Promotion des comp\u00e9tences de base: un objectif essentiel Les comp\u00e9tences de base permettent la participation autonome \u00e0 la vie professionnelle [&hellip;]<\/p>\n","protected":false},"author":2,"featured_media":20799,"parent":14802,"menu_order":58,"comment_status":"closed","ping_status":"closed","template":"","meta":{"_acf_changed":false,"inline_featured_image":false,"footnotes":""},"class_list":["post-11009","page","type-page","status-publish","has-post-thumbnail","hentry"],"acf":[],"yoast_head":"<!-- This site is optimized with the Yoast SEO plugin v27.3 - https:\/\/yoast.com\/product\/yoast-seo-wordpress\/ -->\n<title>Comp\u00e9tences de base - FSEA<\/title>\n<meta name=\"description\" content=\"Comment promouvoir les comp\u00e9tences de base des adultes de mani\u00e8re innovante et comment utiliser le lieu de travail \u00e0 cet effet ?\" \/>\n<meta name=\"robots\" content=\"index, follow, max-snippet:-1, max-image-preview:large, max-video-preview:-1\" \/>\n<link rel=\"canonical\" href=\"https:\/\/alice.ch\/fr\/themes\/competences-de-base\/\" \/>\n<meta property=\"og:locale\" content=\"fr_FR\" \/>\n<meta property=\"og:type\" content=\"article\" \/>\n<meta property=\"og:title\" content=\"Comp\u00e9tences de base - FSEA\" \/>\n<meta property=\"og:description\" content=\"Comment promouvoir les comp\u00e9tences de base des adultes de mani\u00e8re innovante et comment utiliser le lieu de travail \u00e0 cet effet ?\" \/>\n<meta property=\"og:url\" content=\"https:\/\/alice.ch\/fr\/themes\/competences-de-base\/\" \/>\n<meta property=\"og:site_name\" content=\"SVEB\" \/>\n<meta property=\"article:modified_time\" content=\"2025-06-19T13:03:41+00:00\" \/>\n<meta property=\"og:image\" content=\"https:\/\/alice.ch\/app\/uploads\/2022\/09\/gk-bedeutung-schweiz.png\" \/>\n\t<meta property=\"og:image:width\" content=\"310\" \/>\n\t<meta property=\"og:image:height\" content=\"376\" \/>\n\t<meta property=\"og:image:type\" content=\"image\/png\" \/>\n<meta name=\"twitter:card\" content=\"summary_large_image\" \/>\n<meta name=\"twitter:label1\" content=\"Dur\u00e9e de lecture estim\u00e9e\" \/>\n\t<meta name=\"twitter:data1\" content=\"3 minutes\" \/>\n<script type=\"application\/ld+json\" class=\"yoast-schema-graph\">{\"@context\":\"https:\\\/\\\/schema.org\",\"@graph\":[{\"@type\":\"WebPage\",\"@id\":\"https:\\\/\\\/alice.ch\\\/fr\\\/themes\\\/competences-de-base\\\/\",\"url\":\"https:\\\/\\\/alice.ch\\\/fr\\\/themes\\\/competences-de-base\\\/\",\"name\":\"Comp\u00e9tences de base - FSEA\",\"isPartOf\":{\"@id\":\"https:\\\/\\\/alice.ch\\\/fr\\\/#website\"},\"primaryImageOfPage\":{\"@id\":\"https:\\\/\\\/alice.ch\\\/fr\\\/themes\\\/competences-de-base\\\/#primaryimage\"},\"image\":{\"@id\":\"https:\\\/\\\/alice.ch\\\/fr\\\/themes\\\/competences-de-base\\\/#primaryimage\"},\"thumbnailUrl\":\"https:\\\/\\\/alice.ch\\\/app\\\/uploads\\\/2022\\\/11\\\/default.jpg\",\"datePublished\":\"2022-08-16T13:35:36+00:00\",\"dateModified\":\"2025-06-19T13:03:41+00:00\",\"description\":\"Comment promouvoir les comp\u00e9tences de base des adultes de mani\u00e8re innovante et comment utiliser le lieu de travail \u00e0 cet effet ?\",\"breadcrumb\":{\"@id\":\"https:\\\/\\\/alice.ch\\\/fr\\\/themes\\\/competences-de-base\\\/#breadcrumb\"},\"inLanguage\":\"fr-FR\",\"potentialAction\":[{\"@type\":\"ReadAction\",\"target\":[\"https:\\\/\\\/alice.ch\\\/fr\\\/themes\\\/competences-de-base\\\/\"]}]},{\"@type\":\"ImageObject\",\"inLanguage\":\"fr-FR\",\"@id\":\"https:\\\/\\\/alice.ch\\\/fr\\\/themes\\\/competences-de-base\\\/#primaryimage\",\"url\":\"https:\\\/\\\/alice.ch\\\/app\\\/uploads\\\/2022\\\/11\\\/default.jpg\",\"contentUrl\":\"https:\\\/\\\/alice.ch\\\/app\\\/uploads\\\/2022\\\/11\\\/default.jpg\",\"width\":1600,\"height\":900},{\"@type\":\"BreadcrumbList\",\"@id\":\"https:\\\/\\\/alice.ch\\\/fr\\\/themes\\\/competences-de-base\\\/#breadcrumb\",\"itemListElement\":[{\"@type\":\"ListItem\",\"position\":1,\"name\":\"Page d'accueil\",\"item\":\"https:\\\/\\\/alice.ch\\\/fr\\\/\"},{\"@type\":\"ListItem\",\"position\":2,\"name\":\"Th\u00e8mes\",\"item\":\"https:\\\/\\\/alice.ch\\\/fr\\\/themes\\\/\"},{\"@type\":\"ListItem\",\"position\":3,\"name\":\"Comp\u00e9tences de base\"}]},{\"@type\":\"WebSite\",\"@id\":\"https:\\\/\\\/alice.ch\\\/fr\\\/#website\",\"url\":\"https:\\\/\\\/alice.ch\\\/fr\\\/\",\"name\":\"alice.ch (Adult Learning Information Center) ist das Portal der Weiterbildung in der Schweiz.\",\"description\":\"Schweizerischer Verband f\u00fcr Weiterbildung\",\"publisher\":{\"@id\":\"https:\\\/\\\/alice.ch\\\/fr\\\/#organization\"},\"potentialAction\":[{\"@type\":\"SearchAction\",\"target\":{\"@type\":\"EntryPoint\",\"urlTemplate\":\"https:\\\/\\\/alice.ch\\\/fr\\\/?s={search_term_string}\"},\"query-input\":{\"@type\":\"PropertyValueSpecification\",\"valueRequired\":true,\"valueName\":\"search_term_string\"}}],\"inLanguage\":\"fr-FR\"},{\"@type\":\"Organization\",\"@id\":\"https:\\\/\\\/alice.ch\\\/fr\\\/#organization\",\"name\":\"FSEA F\u00e9d\u00e9ration suisse pour la formation continue\",\"url\":\"https:\\\/\\\/alice.ch\\\/fr\\\/\",\"logo\":{\"@type\":\"ImageObject\",\"inLanguage\":\"fr-FR\",\"@id\":\"https:\\\/\\\/alice.ch\\\/fr\\\/#\\\/schema\\\/logo\\\/image\\\/\",\"url\":\"https:\\\/\\\/alice.ch\\\/app\\\/uploads\\\/2022\\\/07\\\/logo-sveb.png\",\"contentUrl\":\"https:\\\/\\\/alice.ch\\\/app\\\/uploads\\\/2022\\\/07\\\/logo-sveb.png\",\"width\":145,\"height\":64,\"caption\":\"FSEA F\u00e9d\u00e9ration suisse pour la formation continue\"},\"image\":{\"@id\":\"https:\\\/\\\/alice.ch\\\/fr\\\/#\\\/schema\\\/logo\\\/image\\\/\"},\"sameAs\":[\"https:\\\/\\\/www.linkedin.com\\\/company\\\/schweizerischer-verband-fr-weiterbildung-sveb\\\/\"]}]}<\/script>\n<!-- \/ Yoast SEO plugin. -->","yoast_head_json":{"title":"Comp\u00e9tences de base - FSEA","description":"Comment promouvoir les comp\u00e9tences de base des adultes de mani\u00e8re innovante et comment utiliser le lieu de travail \u00e0 cet effet ?","robots":{"index":"index","follow":"follow","max-snippet":"max-snippet:-1","max-image-preview":"max-image-preview:large","max-video-preview":"max-video-preview:-1"},"canonical":"https:\/\/alice.ch\/fr\/themes\/competences-de-base\/","og_locale":"fr_FR","og_type":"article","og_title":"Comp\u00e9tences de base - FSEA","og_description":"Comment promouvoir les comp\u00e9tences de base des adultes de mani\u00e8re innovante et comment utiliser le lieu de travail \u00e0 cet effet ?","og_url":"https:\/\/alice.ch\/fr\/themes\/competences-de-base\/","og_site_name":"SVEB","article_modified_time":"2025-06-19T13:03:41+00:00","og_image":[{"width":310,"height":376,"url":"https:\/\/alice.ch\/app\/uploads\/2022\/09\/gk-bedeutung-schweiz.png","type":"image\/png"}],"twitter_card":"summary_large_image","twitter_misc":{"Dur\u00e9e de lecture estim\u00e9e":"3 minutes"},"schema":{"@context":"https:\/\/schema.org","@graph":[{"@type":"WebPage","@id":"https:\/\/alice.ch\/fr\/themes\/competences-de-base\/","url":"https:\/\/alice.ch\/fr\/themes\/competences-de-base\/","name":"Comp\u00e9tences de base - FSEA","isPartOf":{"@id":"https:\/\/alice.ch\/fr\/#website"},"primaryImageOfPage":{"@id":"https:\/\/alice.ch\/fr\/themes\/competences-de-base\/#primaryimage"},"image":{"@id":"https:\/\/alice.ch\/fr\/themes\/competences-de-base\/#primaryimage"},"thumbnailUrl":"https:\/\/alice.ch\/app\/uploads\/2022\/11\/default.jpg","datePublished":"2022-08-16T13:35:36+00:00","dateModified":"2025-06-19T13:03:41+00:00","description":"Comment promouvoir les comp\u00e9tences de base des adultes de mani\u00e8re innovante et comment utiliser le lieu de travail \u00e0 cet effet ?","breadcrumb":{"@id":"https:\/\/alice.ch\/fr\/themes\/competences-de-base\/#breadcrumb"},"inLanguage":"fr-FR","potentialAction":[{"@type":"ReadAction","target":["https:\/\/alice.ch\/fr\/themes\/competences-de-base\/"]}]},{"@type":"ImageObject","inLanguage":"fr-FR","@id":"https:\/\/alice.ch\/fr\/themes\/competences-de-base\/#primaryimage","url":"https:\/\/alice.ch\/app\/uploads\/2022\/11\/default.jpg","contentUrl":"https:\/\/alice.ch\/app\/uploads\/2022\/11\/default.jpg","width":1600,"height":900},{"@type":"BreadcrumbList","@id":"https:\/\/alice.ch\/fr\/themes\/competences-de-base\/#breadcrumb","itemListElement":[{"@type":"ListItem","position":1,"name":"Page d'accueil","item":"https:\/\/alice.ch\/fr\/"},{"@type":"ListItem","position":2,"name":"Th\u00e8mes","item":"https:\/\/alice.ch\/fr\/themes\/"},{"@type":"ListItem","position":3,"name":"Comp\u00e9tences de base"}]},{"@type":"WebSite","@id":"https:\/\/alice.ch\/fr\/#website","url":"https:\/\/alice.ch\/fr\/","name":"alice.ch (Adult Learning Information Center) ist das Portal der Weiterbildung in der Schweiz.","description":"Schweizerischer Verband f\u00fcr Weiterbildung","publisher":{"@id":"https:\/\/alice.ch\/fr\/#organization"},"potentialAction":[{"@type":"SearchAction","target":{"@type":"EntryPoint","urlTemplate":"https:\/\/alice.ch\/fr\/?s={search_term_string}"},"query-input":{"@type":"PropertyValueSpecification","valueRequired":true,"valueName":"search_term_string"}}],"inLanguage":"fr-FR"},{"@type":"Organization","@id":"https:\/\/alice.ch\/fr\/#organization","name":"FSEA F\u00e9d\u00e9ration suisse pour la formation continue","url":"https:\/\/alice.ch\/fr\/","logo":{"@type":"ImageObject","inLanguage":"fr-FR","@id":"https:\/\/alice.ch\/fr\/#\/schema\/logo\/image\/","url":"https:\/\/alice.ch\/app\/uploads\/2022\/07\/logo-sveb.png","contentUrl":"https:\/\/alice.ch\/app\/uploads\/2022\/07\/logo-sveb.png","width":145,"height":64,"caption":"FSEA F\u00e9d\u00e9ration suisse pour la formation continue"},"image":{"@id":"https:\/\/alice.ch\/fr\/#\/schema\/logo\/image\/"},"sameAs":["https:\/\/www.linkedin.com\/company\/schweizerischer-verband-fr-weiterbildung-sveb\/"]}]}},"_links":{"self":[{"href":"https:\/\/alice.ch\/fr\/wp-json\/wp\/v2\/pages\/11009","targetHints":{"allow":["GET"]}}],"collection":[{"href":"https:\/\/alice.ch\/fr\/wp-json\/wp\/v2\/pages"}],"about":[{"href":"https:\/\/alice.ch\/fr\/wp-json\/wp\/v2\/types\/page"}],"author":[{"embeddable":true,"href":"https:\/\/alice.ch\/fr\/wp-json\/wp\/v2\/users\/2"}],"replies":[{"embeddable":true,"href":"https:\/\/alice.ch\/fr\/wp-json\/wp\/v2\/comments?post=11009"}],"version-history":[{"count":23,"href":"https:\/\/alice.ch\/fr\/wp-json\/wp\/v2\/pages\/11009\/revisions"}],"predecessor-version":[{"id":69119,"href":"https:\/\/alice.ch\/fr\/wp-json\/wp\/v2\/pages\/11009\/revisions\/69119"}],"up":[{"embeddable":true,"href":"https:\/\/alice.ch\/fr\/wp-json\/wp\/v2\/pages\/14802"}],"wp:featuredmedia":[{"embeddable":true,"href":"https:\/\/alice.ch\/fr\/wp-json\/wp\/v2\/media\/20799"}],"wp:attachment":[{"href":"https:\/\/alice.ch\/fr\/wp-json\/wp\/v2\/media?parent=11009"}],"curies":[{"name":"wp","href":"https:\/\/api.w.org\/{rel}","templated":true}]}}