{"id":11027,"date":"2022-10-26T15:08:29","date_gmt":"2022-10-26T13:08:29","guid":{"rendered":"https:\/\/projects.atxeit.ch\/sveb\/grundkompetenzen\/innovativ-foerdern\/unser-netzwerk\/"},"modified":"2023-01-20T12:07:06","modified_gmt":"2023-01-20T11:07:06","slug":"notre-reseau","status":"publish","type":"page","link":"https:\/\/alice.ch\/fr\/themes\/competences-de-base\/promotion-innovante\/notre-reseau\/","title":{"rendered":"Notre r\u00e9seau"},"content":{"rendered":"\n<div class=\"wp-block-group is-style-reduced-width is-layout-flow wp-block-group-is-layout-flow\">\n<h1 class=\"wp-block-heading\">Notre r\u00e9seau<\/h1>\n\n\n\n<p>La promotion des comp\u00e9tences de base est une t\u00e2che transversale qui ne peut \u00eatre accomplie avec succ\u00e8s que si tous les acteurs y participent. Le r\u00e9seautage et l\u2019\u00e9change de connaissances, de m\u00eame que la coop\u00e9ration et la repr\u00e9sentation des int\u00e9r\u00eats sur le plan politique contribuent \u00e0 cr\u00e9er les offres de formation et les structures de promotion n\u00e9cessaires.<\/p>\n\n\n\n<h2 class=\"wp-block-heading\">R\u00e9seau FSEA<\/h2>\n\n\n\n<h3 class=\"wp-block-heading\">CI Comp\u00e9tences de base<\/h3>\n\n\n\n<p>La communaut\u00e9 d&rsquo;int\u00e9r\u00eats (CI) pour les Comp\u00e9tences de base a \u00e9t\u00e9 fond\u00e9e en ao\u00fbt 2011 dans le but de positionner la promotion des comp\u00e9tences de base des adultes en vue de la loi f\u00e9d\u00e9rale sur la formation continue LFCo.<\/p>\n\n\n\n<h3 class=\"wp-block-heading\">Math\u00e9matiques de tous les jours<\/h3>\n\n\n\n<p>Le r\u00e9seau \u00ab Math\u00e9matiques de tous les jours \u00bb est une plateforme en ligne qui permet aux acteurs de la formation continue d\u2019\u00e9changer des id\u00e9es et de discuter des questions autour du th\u00e8me des math\u00e9matiques pour le quotidien.<\/p>\n\n\n\n<p>\u00c0 c\u00f4t\u00e9 de l\u2019\u00e9change virtuel, il est important que les membres du r\u00e9seau puissent \u00e9galement entretenir des \u00e9changes personnels sur le sujet des \u00ab math\u00e9matiques de tous les jours \u00bb. C\u2019est pourquoi des ateliers sont organis\u00e9s r\u00e9guli\u00e8rement.<\/p>\n\n\n\n<h3 class=\"wp-block-heading\">Groupe d\u2019experts sur les comp\u00e9tences de base en TIC<\/h3>\n\n\n\n<p>Dans le cadre de la mise en \u0153uvre de la Loi f\u00e9d\u00e9rale sur la formation continue, le groupe d\u2019experts sur les comp\u00e9tences de base en TIC \u00e9labore des recommandations pour la promotion des comp\u00e9tences en TIC comme base d\u2019une soci\u00e9t\u00e9 int\u00e9grative de l\u2019information.<\/p>\n\n\n\n<h3 class=\"wp-block-heading\">Le forum des comp\u00e9tences de base au Tessin<\/h3>\n\n\n\n<p>Le forum \u00ab\u00a0Comp\u00e9tences de base\u00a0\u00bb se per\u00e7oit comme une plateforme d&rsquo;\u00e9changes pour l&rsquo;encouragement des comp\u00e9tences de base dans la Suisse italienne. Cette plateforme a notamment pour objectif de: de connecter les acteurs actifs dans la branche; coordonner les activit\u00e9s importantes; optimiser la collaboration et les synergies pour am\u00e9liorer l&rsquo;encouragement des comp\u00e9tences de base des adultes. Ce forum a \u00e9t\u00e9 cr\u00e9\u00e9 en 2014 par des prestataires de formation continue tessinois, les pouvoirs publics et les organisations du monde du travail (OrTra).<\/p>\n\n\n\n<div class=\"wp-block-buttons is-layout-flex wp-block-buttons-is-layout-flex\">\n<div class=\"wp-block-button has-custom-width wp-block-button__width-50 is-style-outline is-style-outline--1\"><a class=\"wp-block-button__link wp-element-button\" href=\"http:\/\/www.conferenzacfc.ch\/fcb\" target=\"_blank\" rel=\"noreferrer noopener\">Forum Competenze di base<\/a><\/div>\n<\/div>\n\n\n\n<h3 class=\"wp-block-heading\">La Coordination romande pour la formation de base des adultes (CR-FBA)<\/h3>\n\n\n\n<p>La Coordination romande pour la formation de base des adultes CR-FBA est un r\u00e9seau d&rsquo;institutions romandes actives dans le champ des comp\u00e9tences de base (p.ex. litt\u00e9ratie, num\u00e9ratie, langue officielle locale, informatiques) qui poursuit principalement les deux objectifs de coordonner et de promouvoir des actions communes d&rsquo;envergure r\u00e9gionale dans ce domaine et d&rsquo;en renforcer le soutien politique et public.<\/p>\n\n\n\n<div class=\"wp-block-buttons is-layout-flex wp-block-buttons-is-layout-flex\">\n<div class=\"wp-block-button has-custom-width wp-block-button__width-50 is-style-outline is-style-outline--2\"><a class=\"wp-block-button__link wp-element-button\" href=\"https:\/\/www.crfba.ch\/\" target=\"_blank\" rel=\"noreferrer noopener\">www.crfba.ch<\/a><\/div>\n<\/div>\n\n\n\n<h2 class=\"wp-block-heading\">R\u00e9seau international<\/h2>\n\n\n\n<p>La FSEA assume \u00e9galement un r\u00f4le important pour le r\u00e9seautage \u00e0 l\u2019\u00e9chelle internationale. Depuis 2005 ans, nous participons \u00e0 des projets relatifs aux comp\u00e9tences de base dans les programmes de formation de l\u2019Union europ\u00e9enne (Erasmus+) et avons ainsi acc\u00e8s \u00e0 des connaissances et exp\u00e9riences de pays qui ont dans ce domaine une grande longueur d\u2019avance sur la Suisse. Le r\u00e9seau EBSN (European Basic Skills Networks) est une plateforme importante pour les \u00e9changes entre partenaires internationaux. La FSEA est repr\u00e9sent\u00e9e au Comit\u00e9 ex\u00e9cutif de l\u2019EBSN.<\/p>\n\n\n\n<div class=\"wp-block-buttons is-layout-flex wp-block-buttons-is-layout-flex\">\n<div class=\"wp-block-button has-custom-width wp-block-button__width-50 is-style-outline is-style-outline--3\"><a class=\"wp-block-button__link wp-element-button\" href=\"http:\/\/icae.global\/\" target=\"_blank\" rel=\"noreferrer noopener\">International Council of Adult Education ICAE<\/a><\/div>\n<\/div>\n\n\n\n<div class=\"wp-block-buttons is-layout-flex wp-block-buttons-is-layout-flex\">\n<div class=\"wp-block-button has-custom-width wp-block-button__width-50 is-style-outline is-style-outline--4\"><a class=\"wp-block-button__link wp-element-button\" href=\"https:\/\/uil.unesco.org\/\" target=\"_blank\" rel=\"noreferrer noopener\">UNESCO Institute for Lifelong Learning UIL<\/a><\/div>\n<\/div>\n\n\n\n<p><\/p>\n\n\n\n<h2 class=\"wp-block-heading\">Contact<\/h2>\n\n\n\n<div class=\"wp-block-columns is-layout-flex wp-container-core-columns-is-layout-28f84493 wp-block-columns-is-layout-flex\">\n<div class=\"wp-block-column is-layout-flow wp-block-column-is-layout-flow\" style=\"flex-basis:50%\"><div class=\"contact-persons\">\n\n\t\t\t\t\t<div class=\"contact-person\">\n\t\t\t\t\tCaroline Meier Quevedo<br \/>\t\t\t\t\tDirectrice du secr\u00e9tariat romand<br \/>\t\t\t\t\t<br \/>\n\t\t\t\t\t\t\t\t\t\t<a href=\"tel:+41 (0)22 994 20 10\">+41 (0)22 994 20 10<\/a><br \/>\t\t\t\t\t<a href=\"mailto:caroline.meier@alice.ch\">caroline.meier@alice.ch<\/a><br \/>\t\t\t\t\t<\/div>\n\t\t\t\t\t<\/div>\n<\/div>\n\n\n\n<div class=\"wp-block-column is-layout-flow wp-block-column-is-layout-flow\" style=\"flex-basis:50%\"><\/div>\n<\/div>\n<\/div>\n","protected":false},"excerpt":{"rendered":"<p>Notre r\u00e9seau La promotion des comp\u00e9tences de base est une t\u00e2che transversale qui ne peut \u00eatre accomplie avec succ\u00e8s que [&hellip;]<\/p>\n","protected":false},"author":4,"featured_media":20799,"parent":11020,"menu_order":80,"comment_status":"closed","ping_status":"closed","template":"","meta":{"_acf_changed":false,"inline_featured_image":false,"footnotes":""},"class_list":["post-11027","page","type-page","status-publish","has-post-thumbnail","hentry"],"acf":[],"yoast_head":"<!-- This site is optimized with the Yoast SEO plugin v27.3 - https:\/\/yoast.com\/product\/yoast-seo-wordpress\/ -->\n<title>Notre r\u00e9seau - FSEA<\/title>\n<meta name=\"robots\" content=\"index, follow, max-snippet:-1, max-image-preview:large, max-video-preview:-1\" \/>\n<link rel=\"canonical\" href=\"https:\/\/alice.ch\/fr\/themes\/competences-de-base\/promotion-innovante\/notre-reseau\/\" \/>\n<meta property=\"og:locale\" content=\"fr_FR\" \/>\n<meta property=\"og:type\" content=\"article\" \/>\n<meta property=\"og:title\" content=\"Notre r\u00e9seau - FSEA\" \/>\n<meta property=\"og:description\" content=\"Notre r\u00e9seau La promotion des comp\u00e9tences de base est une t\u00e2che transversale qui ne peut \u00eatre accomplie avec succ\u00e8s que [&hellip;]\" \/>\n<meta property=\"og:url\" content=\"https:\/\/alice.ch\/fr\/themes\/competences-de-base\/promotion-innovante\/notre-reseau\/\" \/>\n<meta property=\"og:site_name\" content=\"SVEB\" \/>\n<meta property=\"article:modified_time\" content=\"2023-01-20T11:07:06+00:00\" \/>\n<meta name=\"twitter:card\" content=\"summary_large_image\" \/>\n<meta name=\"twitter:label1\" content=\"Dur\u00e9e de lecture estim\u00e9e\" \/>\n\t<meta name=\"twitter:data1\" content=\"3 minutes\" \/>\n<script type=\"application\/ld+json\" class=\"yoast-schema-graph\">{\"@context\":\"https:\\\/\\\/schema.org\",\"@graph\":[{\"@type\":\"WebPage\",\"@id\":\"https:\\\/\\\/alice.ch\\\/fr\\\/themes\\\/competences-de-base\\\/promotion-innovante\\\/notre-reseau\\\/\",\"url\":\"https:\\\/\\\/alice.ch\\\/fr\\\/themes\\\/competences-de-base\\\/promotion-innovante\\\/notre-reseau\\\/\",\"name\":\"Notre r\u00e9seau - FSEA\",\"isPartOf\":{\"@id\":\"https:\\\/\\\/alice.ch\\\/fr\\\/#website\"},\"primaryImageOfPage\":{\"@id\":\"https:\\\/\\\/alice.ch\\\/fr\\\/themes\\\/competences-de-base\\\/promotion-innovante\\\/notre-reseau\\\/#primaryimage\"},\"image\":{\"@id\":\"https:\\\/\\\/alice.ch\\\/fr\\\/themes\\\/competences-de-base\\\/promotion-innovante\\\/notre-reseau\\\/#primaryimage\"},\"thumbnailUrl\":\"https:\\\/\\\/alice.ch\\\/app\\\/uploads\\\/2022\\\/11\\\/default.jpg\",\"datePublished\":\"2022-10-26T13:08:29+00:00\",\"dateModified\":\"2023-01-20T11:07:06+00:00\",\"breadcrumb\":{\"@id\":\"https:\\\/\\\/alice.ch\\\/fr\\\/themes\\\/competences-de-base\\\/promotion-innovante\\\/notre-reseau\\\/#breadcrumb\"},\"inLanguage\":\"fr-FR\",\"potentialAction\":[{\"@type\":\"ReadAction\",\"target\":[\"https:\\\/\\\/alice.ch\\\/fr\\\/themes\\\/competences-de-base\\\/promotion-innovante\\\/notre-reseau\\\/\"]}]},{\"@type\":\"ImageObject\",\"inLanguage\":\"fr-FR\",\"@id\":\"https:\\\/\\\/alice.ch\\\/fr\\\/themes\\\/competences-de-base\\\/promotion-innovante\\\/notre-reseau\\\/#primaryimage\",\"url\":\"https:\\\/\\\/alice.ch\\\/app\\\/uploads\\\/2022\\\/11\\\/default.jpg\",\"contentUrl\":\"https:\\\/\\\/alice.ch\\\/app\\\/uploads\\\/2022\\\/11\\\/default.jpg\",\"width\":1600,\"height\":900},{\"@type\":\"BreadcrumbList\",\"@id\":\"https:\\\/\\\/alice.ch\\\/fr\\\/themes\\\/competences-de-base\\\/promotion-innovante\\\/notre-reseau\\\/#breadcrumb\",\"itemListElement\":[{\"@type\":\"ListItem\",\"position\":1,\"name\":\"Page d'accueil\",\"item\":\"https:\\\/\\\/alice.ch\\\/fr\\\/\"},{\"@type\":\"ListItem\",\"position\":2,\"name\":\"Th\u00e8mes\",\"item\":\"https:\\\/\\\/alice.ch\\\/fr\\\/themes\\\/\"},{\"@type\":\"ListItem\",\"position\":3,\"name\":\"Comp\u00e9tences de base\",\"item\":\"https:\\\/\\\/alice.ch\\\/fr\\\/themes\\\/competences-de-base\\\/\"},{\"@type\":\"ListItem\",\"position\":4,\"name\":\"Promotion innovante\",\"item\":\"https:\\\/\\\/alice.ch\\\/fr\\\/themes\\\/competences-de-base\\\/promotion-innovante\\\/\"},{\"@type\":\"ListItem\",\"position\":5,\"name\":\"Notre r\u00e9seau\"}]},{\"@type\":\"WebSite\",\"@id\":\"https:\\\/\\\/alice.ch\\\/fr\\\/#website\",\"url\":\"https:\\\/\\\/alice.ch\\\/fr\\\/\",\"name\":\"alice.ch (Adult Learning Information Center) ist das Portal der Weiterbildung in der Schweiz.\",\"description\":\"Schweizerischer Verband f\u00fcr Weiterbildung\",\"publisher\":{\"@id\":\"https:\\\/\\\/alice.ch\\\/fr\\\/#organization\"},\"potentialAction\":[{\"@type\":\"SearchAction\",\"target\":{\"@type\":\"EntryPoint\",\"urlTemplate\":\"https:\\\/\\\/alice.ch\\\/fr\\\/?s={search_term_string}\"},\"query-input\":{\"@type\":\"PropertyValueSpecification\",\"valueRequired\":true,\"valueName\":\"search_term_string\"}}],\"inLanguage\":\"fr-FR\"},{\"@type\":\"Organization\",\"@id\":\"https:\\\/\\\/alice.ch\\\/fr\\\/#organization\",\"name\":\"FSEA F\u00e9d\u00e9ration suisse pour la formation continue\",\"url\":\"https:\\\/\\\/alice.ch\\\/fr\\\/\",\"logo\":{\"@type\":\"ImageObject\",\"inLanguage\":\"fr-FR\",\"@id\":\"https:\\\/\\\/alice.ch\\\/fr\\\/#\\\/schema\\\/logo\\\/image\\\/\",\"url\":\"https:\\\/\\\/alice.ch\\\/app\\\/uploads\\\/2022\\\/07\\\/logo-sveb.png\",\"contentUrl\":\"https:\\\/\\\/alice.ch\\\/app\\\/uploads\\\/2022\\\/07\\\/logo-sveb.png\",\"width\":145,\"height\":64,\"caption\":\"FSEA F\u00e9d\u00e9ration suisse pour la formation continue\"},\"image\":{\"@id\":\"https:\\\/\\\/alice.ch\\\/fr\\\/#\\\/schema\\\/logo\\\/image\\\/\"},\"sameAs\":[\"https:\\\/\\\/www.linkedin.com\\\/company\\\/schweizerischer-verband-fr-weiterbildung-sveb\\\/\"]}]}<\/script>\n<!-- \/ Yoast SEO plugin. -->","yoast_head_json":{"title":"Notre r\u00e9seau - FSEA","robots":{"index":"index","follow":"follow","max-snippet":"max-snippet:-1","max-image-preview":"max-image-preview:large","max-video-preview":"max-video-preview:-1"},"canonical":"https:\/\/alice.ch\/fr\/themes\/competences-de-base\/promotion-innovante\/notre-reseau\/","og_locale":"fr_FR","og_type":"article","og_title":"Notre r\u00e9seau - FSEA","og_description":"Notre r\u00e9seau La promotion des comp\u00e9tences de base est une t\u00e2che transversale qui ne peut \u00eatre accomplie avec succ\u00e8s que [&hellip;]","og_url":"https:\/\/alice.ch\/fr\/themes\/competences-de-base\/promotion-innovante\/notre-reseau\/","og_site_name":"SVEB","article_modified_time":"2023-01-20T11:07:06+00:00","twitter_card":"summary_large_image","twitter_misc":{"Dur\u00e9e de lecture estim\u00e9e":"3 minutes"},"schema":{"@context":"https:\/\/schema.org","@graph":[{"@type":"WebPage","@id":"https:\/\/alice.ch\/fr\/themes\/competences-de-base\/promotion-innovante\/notre-reseau\/","url":"https:\/\/alice.ch\/fr\/themes\/competences-de-base\/promotion-innovante\/notre-reseau\/","name":"Notre r\u00e9seau - FSEA","isPartOf":{"@id":"https:\/\/alice.ch\/fr\/#website"},"primaryImageOfPage":{"@id":"https:\/\/alice.ch\/fr\/themes\/competences-de-base\/promotion-innovante\/notre-reseau\/#primaryimage"},"image":{"@id":"https:\/\/alice.ch\/fr\/themes\/competences-de-base\/promotion-innovante\/notre-reseau\/#primaryimage"},"thumbnailUrl":"https:\/\/alice.ch\/app\/uploads\/2022\/11\/default.jpg","datePublished":"2022-10-26T13:08:29+00:00","dateModified":"2023-01-20T11:07:06+00:00","breadcrumb":{"@id":"https:\/\/alice.ch\/fr\/themes\/competences-de-base\/promotion-innovante\/notre-reseau\/#breadcrumb"},"inLanguage":"fr-FR","potentialAction":[{"@type":"ReadAction","target":["https:\/\/alice.ch\/fr\/themes\/competences-de-base\/promotion-innovante\/notre-reseau\/"]}]},{"@type":"ImageObject","inLanguage":"fr-FR","@id":"https:\/\/alice.ch\/fr\/themes\/competences-de-base\/promotion-innovante\/notre-reseau\/#primaryimage","url":"https:\/\/alice.ch\/app\/uploads\/2022\/11\/default.jpg","contentUrl":"https:\/\/alice.ch\/app\/uploads\/2022\/11\/default.jpg","width":1600,"height":900},{"@type":"BreadcrumbList","@id":"https:\/\/alice.ch\/fr\/themes\/competences-de-base\/promotion-innovante\/notre-reseau\/#breadcrumb","itemListElement":[{"@type":"ListItem","position":1,"name":"Page d'accueil","item":"https:\/\/alice.ch\/fr\/"},{"@type":"ListItem","position":2,"name":"Th\u00e8mes","item":"https:\/\/alice.ch\/fr\/themes\/"},{"@type":"ListItem","position":3,"name":"Comp\u00e9tences de base","item":"https:\/\/alice.ch\/fr\/themes\/competences-de-base\/"},{"@type":"ListItem","position":4,"name":"Promotion innovante","item":"https:\/\/alice.ch\/fr\/themes\/competences-de-base\/promotion-innovante\/"},{"@type":"ListItem","position":5,"name":"Notre r\u00e9seau"}]},{"@type":"WebSite","@id":"https:\/\/alice.ch\/fr\/#website","url":"https:\/\/alice.ch\/fr\/","name":"alice.ch (Adult Learning Information Center) ist das Portal der Weiterbildung in der Schweiz.","description":"Schweizerischer Verband f\u00fcr Weiterbildung","publisher":{"@id":"https:\/\/alice.ch\/fr\/#organization"},"potentialAction":[{"@type":"SearchAction","target":{"@type":"EntryPoint","urlTemplate":"https:\/\/alice.ch\/fr\/?s={search_term_string}"},"query-input":{"@type":"PropertyValueSpecification","valueRequired":true,"valueName":"search_term_string"}}],"inLanguage":"fr-FR"},{"@type":"Organization","@id":"https:\/\/alice.ch\/fr\/#organization","name":"FSEA F\u00e9d\u00e9ration suisse pour la formation continue","url":"https:\/\/alice.ch\/fr\/","logo":{"@type":"ImageObject","inLanguage":"fr-FR","@id":"https:\/\/alice.ch\/fr\/#\/schema\/logo\/image\/","url":"https:\/\/alice.ch\/app\/uploads\/2022\/07\/logo-sveb.png","contentUrl":"https:\/\/alice.ch\/app\/uploads\/2022\/07\/logo-sveb.png","width":145,"height":64,"caption":"FSEA F\u00e9d\u00e9ration suisse pour la formation continue"},"image":{"@id":"https:\/\/alice.ch\/fr\/#\/schema\/logo\/image\/"},"sameAs":["https:\/\/www.linkedin.com\/company\/schweizerischer-verband-fr-weiterbildung-sveb\/"]}]}},"_links":{"self":[{"href":"https:\/\/alice.ch\/fr\/wp-json\/wp\/v2\/pages\/11027","targetHints":{"allow":["GET"]}}],"collection":[{"href":"https:\/\/alice.ch\/fr\/wp-json\/wp\/v2\/pages"}],"about":[{"href":"https:\/\/alice.ch\/fr\/wp-json\/wp\/v2\/types\/page"}],"author":[{"embeddable":true,"href":"https:\/\/alice.ch\/fr\/wp-json\/wp\/v2\/users\/4"}],"replies":[{"embeddable":true,"href":"https:\/\/alice.ch\/fr\/wp-json\/wp\/v2\/comments?post=11027"}],"version-history":[{"count":13,"href":"https:\/\/alice.ch\/fr\/wp-json\/wp\/v2\/pages\/11027\/revisions"}],"predecessor-version":[{"id":51425,"href":"https:\/\/alice.ch\/fr\/wp-json\/wp\/v2\/pages\/11027\/revisions\/51425"}],"up":[{"embeddable":true,"href":"https:\/\/alice.ch\/fr\/wp-json\/wp\/v2\/pages\/11020"}],"wp:featuredmedia":[{"embeddable":true,"href":"https:\/\/alice.ch\/fr\/wp-json\/wp\/v2\/media\/20799"}],"wp:attachment":[{"href":"https:\/\/alice.ch\/fr\/wp-json\/wp\/v2\/media?parent=11027"}],"curies":[{"name":"wp","href":"https:\/\/api.w.org\/{rel}","templated":true}]}}