{"id":11049,"date":"2022-10-26T16:55:03","date_gmt":"2022-10-26T14:55:03","guid":{"rendered":"https:\/\/projects.atxeit.ch\/sveb\/grundkompetenzen\/innovativ-foerdern\/ig-grundkompetenzen\/"},"modified":"2023-05-07T18:40:03","modified_gmt":"2023-05-07T16:40:03","slug":"ci-competences-de-base","status":"publish","type":"page","link":"https:\/\/alice.ch\/fr\/themes\/competences-de-base\/promotion-innovante\/ci-competences-de-base\/","title":{"rendered":"CI Comp\u00e9tences de base"},"content":{"rendered":"\n<div class=\"wp-block-group is-style-reduced-width is-layout-flow wp-block-group-is-layout-flow\">\n<h1 class=\"wp-block-heading\">CI Comp\u00e9tences de base<\/h1>\n\n\n\n<p class=\"is-style-lead\">La Communaut\u00e9 d\u2019int\u00e9r\u00eats pour les comp\u00e9tences de base repr\u00e9sente 21 associations et organisations qui s\u2019engagent pour la promotion des comp\u00e9tences de base en Suisse. Les membres sont : des f\u00e9d\u00e9rations de la formation continue, des r\u00e9seaux de prestataires, des repr\u00e9sentants du domaine social, ainsi que des instituts de recherche.<\/p>\n\n\n\n<p>La Communaut\u00e9 d\u2019int\u00e9r\u00eats pour les comp\u00e9tences de base a \u00e9t\u00e9 fond\u00e9e en ao\u00fbt 2011 en vue de l\u2019\u00e9laboration de la loi nationale sur la formation continue, et afin de mettre l\u2019accent sur l\u2019importance et la n\u00e9cessit\u00e9 de promouvoir les comp\u00e9tences de base des adultes.<\/p>\n\n\n\n<h2 class=\"wp-block-heading\">Les principes<\/h2>\n\n\n\n<ol class=\"wp-block-list\">\n<li>Par \u00ab comp\u00e9tences de base \u00bb, nous entendons toutes les comp\u00e9tences dont une personne adulte doit disposer pour <strong>participer pleinement et de mani\u00e8re autonome \u00e0 la soci\u00e9t\u00e9<\/strong>, \u00e0 la vie culturelle ainsi qu\u2019au march\u00e9 de l\u2019emploi. Sont comprises dans ces comp\u00e9tences de base tout particuli\u00e8rement: la ma\u00eetrise de la lecture et de l\u2019\u00e9criture, de la langue locale, des math\u00e9matiques au quotidien, des technologies de l\u2019information et de la communication (TIC), ainsi que des comp\u00e9tences m\u00e9thodologiques, sociales et culturelles.<\/li>\n\n\n\n<li>L\u2019<strong>am\u00e9lioration des conditions cadre<\/strong> pour la promotion des comp\u00e9tences de base des adultes en Suisse est une n\u00e9cessit\u00e9 absolue, non seulement du point de vue des personnes concern\u00e9es, mais \u00e9galement dans une perspective sociale et \u00e9conomique. Il est av\u00e9r\u00e9 que les lacunes en comp\u00e9tences de base entra\u00eenent aujourd\u2019hui des <strong>co\u00fbts massifs<\/strong> \u00e0 diff\u00e9rents niveaux. Ainsi, il existe un int\u00e9r\u00eat public pour l\u2019am\u00e9lioration de la situation suisse au niveau des comp\u00e9tences de base.<\/li>\n\n\n\n<li>L\u2019am\u00e9lioration des conditions cadre dans le domaine des comp\u00e9tences de base n\u00e9cessite une <strong>strat\u00e9gie nationale claire, une meilleure coordination sur tous les niveaux, ainsi que des ressources financi\u00e8res plus \u00e9lev\u00e9es<\/strong>. Un \u00e9l\u00e9ment central est en particulier l\u2019\u00e9limination des obstacles pour la participation aux mesures d\u2019encouragement \u00e0 la formation.<\/li>\n\n\n\n<li>La promotion des comp\u00e9tences de base des adultes est une <strong>t\u00e2che commune des pouvoirs publics, des prestataires de formation continue, ainsi que d\u2019autres parties prenantes concern\u00e9es<\/strong>.<\/li>\n\n\n\n<li>La promotion des comp\u00e9tences de base des adultes peut avoir lieu <strong>dans le cadre de la formation formelle de rattrapage, de la formation continue, ainsi que de l\u2019apprentissage informel<\/strong>. Selon l\u2019approche \u00ab Life Long Learning \u00bb, l\u2019acquisition des comp\u00e9tences de base doit \u00eatre possible pendant toute la vie.<\/li>\n<\/ol>\n\n\n\n<h2 class=\"wp-block-heading\">Membres de la Communaut\u00e9 d\u2019int\u00e9r\u00eats pour les comp\u00e9tences de base<\/h2>\n\n\n\n<p><strong>Les organisations suivantes sont membres de la Communaut\u00e9 d\u2019int\u00e9r\u00eats pour les comp\u00e9tences de base.<\/strong><\/p>\n\n\n\n<ul class=\"wp-block-list\">\n<li><a href=\"https:\/\/alice.ch\/fr\/\" target=\"_blank\" rel=\"noreferrer noopener\">F\u00e9d\u00e9ration suisse pour la formation continue (FSEA)<\/a><\/li>\n\n\n\n<li><a href=\"https:\/\/www.lire-ecrire-suisse.ch\/index.cfm\" target=\"_blank\" rel=\"noreferrer noopener\">F\u00e9d\u00e9ration suisse Lire et Ecrire<\/a><\/li>\n\n\n\n<li><a href=\"http:\/\/www.conferenzacfc.ch\/\" target=\"_blank\" rel=\"noreferrer noopener\">Conferenza della Svizzera italiana per la formazione continua degli adulti (CFC)<\/a><\/li>\n\n\n\n<li><a href=\"https:\/\/www.crfba.ch\/\" target=\"_blank\" rel=\"noreferrer noopener\">Coordination romande pour la formation de base des adultes (CR-FBA)<\/a><\/li>\n\n\n\n<li><a href=\"https:\/\/www.arbeitsintegrationschweiz.ch\/fr\/accueil\" target=\"_blank\" rel=\"noreferrer noopener\">Insertion Suisse<\/a><\/li>\n\n\n\n<li><a href=\"http:\/\/www.akdaf.ch\/\" target=\"_blank\" rel=\"noreferrer noopener\">Arbeitskreis Deutsch als Fremdsprache (AkDaF)<\/a><\/li>\n\n\n\n<li><a href=\"https:\/\/www.formation-des-parents.ch\/fr\/\" target=\"_blank\" rel=\"noreferrer noopener\">Formation des parents CH<\/a><\/li>\n\n\n\n<li><a href=\"https:\/\/www.flyingteachers.ch\/fr\/\" target=\"_blank\" rel=\"noreferrer noopener\">Flying Teachers<\/a><\/li>\n\n\n\n<li><a href=\"https:\/\/www.up-vhs.ch\/fr\/\" target=\"_blank\" rel=\"noreferrer noopener\">Association des Universit\u00e9s Populaires suisses (AUPS)<\/a><\/li>\n\n\n\n<li><a href=\"https:\/\/www.fhnw.ch\/de\/die-fhnw\/hochschulen\/ph\/institute\/institut-forschung-und-entwicklung\/forschungszentren\/zentrum-lesen-lesen-medien-sprache\" target=\"_blank\" rel=\"noreferrer noopener\">FHNW, P\u00e4dagogische Hochschule, Zentrum Lesen<\/a><\/li>\n\n\n\n<li><a href=\"https:\/\/www.ecap.ch\/fr\/\" target=\"_blank\" rel=\"noreferrer noopener\">Fondation ECAP<\/a><\/li>\n\n\n\n<li><a href=\"https:\/\/www.eb-zuerich.ch\/\" target=\"_blank\" rel=\"noreferrer noopener\">EB Zurich<\/a><\/li>\n\n\n\n<li><a href=\"https:\/\/www.travailsuisse.ch\/fr\" target=\"_blank\" rel=\"noreferrer noopener\">Travail.Suisse<\/a><\/li>\n\n\n\n<li><a href=\"https:\/\/www.skjv.ch\/fr\/nos-services\/formation-dans-lexecution-des-peines-fep\" target=\"_blank\" rel=\"noreferrer noopener\">Centre de comp\u00e9tence pour la formation dans l\u2019ex\u00e9cution des peines (FEP)<\/a><\/li>\n\n\n\n<li><a href=\"https:\/\/skos.ch\/fr\/\" target=\"_blank\" rel=\"noreferrer noopener\">Conf\u00e9rence suisse des institutions d\u2019action sociale (CSIAS)<\/a><\/li>\n\n\n\n<li>FECAS Formation des adultes<\/li>\n\n\n\n<li><a href=\"https:\/\/k5kurszentrum.ch\/home-en.html\" target=\"_blank\" rel=\"noreferrer noopener\">K5 Basler Kurszentrum f\u00fcr Menschen aus f\u00fcnf Kontinenten<\/a><\/li>\n\n\n\n<li><a href=\"https:\/\/www.mbb.ch\/\" target=\"_blank\" rel=\"noreferrer noopener\">MachBar Bildungs-GmbH<\/a><\/li>\n\n\n\n<li><a href=\"https:\/\/www.wbk.ch\/\" target=\"_blank\" rel=\"noreferrer noopener\">WBK D\u00fcbendorf<\/a><\/li>\n\n\n\n<li><a href=\"https:\/\/www.sah-zh.ch\/\" target=\"_blank\" rel=\"noreferrer noopener\">Schweizerisches Arbeiterhilfswerk SAH Z\u00fcrich<\/a><\/li>\n\n\n\n<li><a href=\"https:\/\/www.ecole-club.ch\/\" target=\"_blank\" rel=\"noreferrer noopener\">Ecole-club Migros<\/a><\/li>\n\n\n\n<li><a href=\"http:\/\/www.zkw-zh.ch\/\" target=\"_blank\" rel=\"noreferrer noopener\">Z\u00fcrcher Konferenz f\u00fcr Weiterbildung ZKW<\/a><\/li>\n\n\n\n<li><a href=\"https:\/\/www.akrotea.ch\/\" target=\"_blank\" rel=\"noreferrer noopener\">Akrotea.ch<\/a><\/li>\n\n\n\n<li><a href=\"https:\/\/www.unia.ch\/fr\" target=\"_blank\" rel=\"noreferrer noopener\">Unia Suisse<\/a><\/li>\n\n\n\n<li><a href=\"https:\/\/www.movendo.ch\/fr\/home\" target=\"_blank\" rel=\"noreferrer noopener\">Movendo<\/a><\/li>\n\n\n\n<li><a href=\"https:\/\/www.enaip-ib.ch\/\" target=\"_blank\" rel=\"noreferrer noopener\">ENAIP<\/a><\/li>\n\n\n\n<li><a href=\"https:\/\/lke.ch\/\" target=\"_blank\" rel=\"noreferrer noopener\">Luzerner Konferenz f\u00fcr Erwachsenenbildung (LKE)<\/a><\/li>\n\n\n\n<li><a href=\"https:\/\/academia-languages.ch\/fr\/\" target=\"_blank\" rel=\"noreferrer noopener\">Academia Language School<\/a><\/li>\n\n\n\n<li><a href=\"https:\/\/www.lch.ch\/\" target=\"_blank\" rel=\"noreferrer noopener\">Dachverband der Schweizer Lehrerinnen und Lehrer LCH<\/a><\/li>\n<\/ul>\n\n\n\n<h2 class=\"wp-block-heading\">Documents<\/h2>\n\n\n\n<div class=\"wp-block-columns is-layout-flex wp-container-core-columns-is-layout-28f84493 wp-block-columns-is-layout-flex\">\n<div class=\"wp-block-column is-layout-flow wp-block-column-is-layout-flow\" style=\"flex-basis:50%\">\n<div class=\"wp-block-file\"><a id=\"wp-block-file--media-eec9df04-5b29-4ed0-89c9-db8c1ad39e07\" href=\"https:\/\/alice.ch\/app\/uploads\/2022\/11\/f_Rapport_de_Monitorage_def.pdf\" target=\"_blank\" rel=\"noreferrer noopener\">Rapport de monitorage 2017\u20132018<br \/>PDF &#8211; 733 kb<\/a><\/div>\n<\/div>\n\n\n\n<div class=\"wp-block-column is-layout-flow wp-block-column-is-layout-flow\" style=\"flex-basis:50%\"><\/div>\n<\/div>\n\n\n\n<h2 class=\"wp-block-heading\">Contact<\/h2>\n\n\n\n<div class=\"wp-block-columns is-layout-flex wp-container-core-columns-is-layout-28f84493 wp-block-columns-is-layout-flex\">\n<div class=\"wp-block-column is-layout-flow wp-block-column-is-layout-flow\" style=\"flex-basis:50%\"><div class=\"contact-persons\">\n\n\t\t\t\t\t<div class=\"contact-person\">\n\t\t\t\t\tCaroline Meier Quevedo<br \/>\t\t\t\t\tDirectrice du secr\u00e9tariat romand<br \/>\t\t\t\t\t<br \/>\n\t\t\t\t\t\t\t\t\t\t<a href=\"tel:+41 (0)22 994 20 10\">+41 (0)22 994 20 10<\/a><br \/>\t\t\t\t\t<a href=\"mailto:caroline.meier@alice.ch\">caroline.meier@alice.ch<\/a><br \/>\t\t\t\t\t<\/div>\n\t\t\t\t\t<\/div>\n<\/div>\n\n\n\n<div class=\"wp-block-column is-layout-flow wp-block-column-is-layout-flow\" style=\"flex-basis:50%\"><\/div>\n<\/div>\n<\/div>\n","protected":false},"excerpt":{"rendered":"<p>CI Comp\u00e9tences de base La Communaut\u00e9 d\u2019int\u00e9r\u00eats pour les comp\u00e9tences de base repr\u00e9sente 21 associations et organisations qui s\u2019engagent pour [&hellip;]<\/p>\n","protected":false},"author":4,"featured_media":20799,"parent":11020,"menu_order":88,"comment_status":"closed","ping_status":"closed","template":"","meta":{"_acf_changed":false,"inline_featured_image":false,"footnotes":""},"class_list":["post-11049","page","type-page","status-publish","has-post-thumbnail","hentry"],"acf":[],"yoast_head":"<!-- This site is optimized with the Yoast SEO plugin v27.3 - https:\/\/yoast.com\/product\/yoast-seo-wordpress\/ -->\n<title>CI Comp\u00e9tences de base - FSEA<\/title>\n<meta name=\"robots\" content=\"index, follow, max-snippet:-1, max-image-preview:large, max-video-preview:-1\" \/>\n<link rel=\"canonical\" href=\"https:\/\/alice.ch\/fr\/themes\/competences-de-base\/promotion-innovante\/ci-competences-de-base\/\" \/>\n<meta property=\"og:locale\" content=\"fr_FR\" \/>\n<meta property=\"og:type\" content=\"article\" \/>\n<meta property=\"og:title\" content=\"CI Comp\u00e9tences de base - FSEA\" \/>\n<meta property=\"og:description\" content=\"CI Comp\u00e9tences de base La Communaut\u00e9 d\u2019int\u00e9r\u00eats pour les comp\u00e9tences de base repr\u00e9sente 21 associations et organisations qui s\u2019engagent pour [&hellip;]\" \/>\n<meta property=\"og:url\" content=\"https:\/\/alice.ch\/fr\/themes\/competences-de-base\/promotion-innovante\/ci-competences-de-base\/\" \/>\n<meta property=\"og:site_name\" content=\"SVEB\" \/>\n<meta property=\"article:modified_time\" content=\"2023-05-07T16:40:03+00:00\" \/>\n<meta name=\"twitter:card\" content=\"summary_large_image\" \/>\n<meta name=\"twitter:label1\" content=\"Dur\u00e9e de lecture estim\u00e9e\" \/>\n\t<meta name=\"twitter:data1\" content=\"3 minutes\" \/>\n<script type=\"application\/ld+json\" class=\"yoast-schema-graph\">{\"@context\":\"https:\\\/\\\/schema.org\",\"@graph\":[{\"@type\":\"WebPage\",\"@id\":\"https:\\\/\\\/alice.ch\\\/fr\\\/themes\\\/competences-de-base\\\/promotion-innovante\\\/ci-competences-de-base\\\/\",\"url\":\"https:\\\/\\\/alice.ch\\\/fr\\\/themes\\\/competences-de-base\\\/promotion-innovante\\\/ci-competences-de-base\\\/\",\"name\":\"CI Comp\u00e9tences de base - FSEA\",\"isPartOf\":{\"@id\":\"https:\\\/\\\/alice.ch\\\/fr\\\/#website\"},\"primaryImageOfPage\":{\"@id\":\"https:\\\/\\\/alice.ch\\\/fr\\\/themes\\\/competences-de-base\\\/promotion-innovante\\\/ci-competences-de-base\\\/#primaryimage\"},\"image\":{\"@id\":\"https:\\\/\\\/alice.ch\\\/fr\\\/themes\\\/competences-de-base\\\/promotion-innovante\\\/ci-competences-de-base\\\/#primaryimage\"},\"thumbnailUrl\":\"https:\\\/\\\/alice.ch\\\/app\\\/uploads\\\/2022\\\/11\\\/default.jpg\",\"datePublished\":\"2022-10-26T14:55:03+00:00\",\"dateModified\":\"2023-05-07T16:40:03+00:00\",\"breadcrumb\":{\"@id\":\"https:\\\/\\\/alice.ch\\\/fr\\\/themes\\\/competences-de-base\\\/promotion-innovante\\\/ci-competences-de-base\\\/#breadcrumb\"},\"inLanguage\":\"fr-FR\",\"potentialAction\":[{\"@type\":\"ReadAction\",\"target\":[\"https:\\\/\\\/alice.ch\\\/fr\\\/themes\\\/competences-de-base\\\/promotion-innovante\\\/ci-competences-de-base\\\/\"]}]},{\"@type\":\"ImageObject\",\"inLanguage\":\"fr-FR\",\"@id\":\"https:\\\/\\\/alice.ch\\\/fr\\\/themes\\\/competences-de-base\\\/promotion-innovante\\\/ci-competences-de-base\\\/#primaryimage\",\"url\":\"https:\\\/\\\/alice.ch\\\/app\\\/uploads\\\/2022\\\/11\\\/default.jpg\",\"contentUrl\":\"https:\\\/\\\/alice.ch\\\/app\\\/uploads\\\/2022\\\/11\\\/default.jpg\",\"width\":1600,\"height\":900},{\"@type\":\"BreadcrumbList\",\"@id\":\"https:\\\/\\\/alice.ch\\\/fr\\\/themes\\\/competences-de-base\\\/promotion-innovante\\\/ci-competences-de-base\\\/#breadcrumb\",\"itemListElement\":[{\"@type\":\"ListItem\",\"position\":1,\"name\":\"Page d'accueil\",\"item\":\"https:\\\/\\\/alice.ch\\\/fr\\\/\"},{\"@type\":\"ListItem\",\"position\":2,\"name\":\"Th\u00e8mes\",\"item\":\"https:\\\/\\\/alice.ch\\\/fr\\\/themes\\\/\"},{\"@type\":\"ListItem\",\"position\":3,\"name\":\"Comp\u00e9tences de base\",\"item\":\"https:\\\/\\\/alice.ch\\\/fr\\\/themes\\\/competences-de-base\\\/\"},{\"@type\":\"ListItem\",\"position\":4,\"name\":\"Promotion innovante\",\"item\":\"https:\\\/\\\/alice.ch\\\/fr\\\/themes\\\/competences-de-base\\\/promotion-innovante\\\/\"},{\"@type\":\"ListItem\",\"position\":5,\"name\":\"CI Comp\u00e9tences de base\"}]},{\"@type\":\"WebSite\",\"@id\":\"https:\\\/\\\/alice.ch\\\/fr\\\/#website\",\"url\":\"https:\\\/\\\/alice.ch\\\/fr\\\/\",\"name\":\"alice.ch (Adult Learning Information Center) ist das Portal der Weiterbildung in der Schweiz.\",\"description\":\"Schweizerischer Verband f\u00fcr Weiterbildung\",\"publisher\":{\"@id\":\"https:\\\/\\\/alice.ch\\\/fr\\\/#organization\"},\"potentialAction\":[{\"@type\":\"SearchAction\",\"target\":{\"@type\":\"EntryPoint\",\"urlTemplate\":\"https:\\\/\\\/alice.ch\\\/fr\\\/?s={search_term_string}\"},\"query-input\":{\"@type\":\"PropertyValueSpecification\",\"valueRequired\":true,\"valueName\":\"search_term_string\"}}],\"inLanguage\":\"fr-FR\"},{\"@type\":\"Organization\",\"@id\":\"https:\\\/\\\/alice.ch\\\/fr\\\/#organization\",\"name\":\"FSEA F\u00e9d\u00e9ration suisse pour la formation continue\",\"url\":\"https:\\\/\\\/alice.ch\\\/fr\\\/\",\"logo\":{\"@type\":\"ImageObject\",\"inLanguage\":\"fr-FR\",\"@id\":\"https:\\\/\\\/alice.ch\\\/fr\\\/#\\\/schema\\\/logo\\\/image\\\/\",\"url\":\"https:\\\/\\\/alice.ch\\\/app\\\/uploads\\\/2022\\\/07\\\/logo-sveb.png\",\"contentUrl\":\"https:\\\/\\\/alice.ch\\\/app\\\/uploads\\\/2022\\\/07\\\/logo-sveb.png\",\"width\":145,\"height\":64,\"caption\":\"FSEA F\u00e9d\u00e9ration suisse pour la formation continue\"},\"image\":{\"@id\":\"https:\\\/\\\/alice.ch\\\/fr\\\/#\\\/schema\\\/logo\\\/image\\\/\"},\"sameAs\":[\"https:\\\/\\\/www.linkedin.com\\\/company\\\/schweizerischer-verband-fr-weiterbildung-sveb\\\/\"]}]}<\/script>\n<!-- \/ Yoast SEO plugin. -->","yoast_head_json":{"title":"CI Comp\u00e9tences de base - FSEA","robots":{"index":"index","follow":"follow","max-snippet":"max-snippet:-1","max-image-preview":"max-image-preview:large","max-video-preview":"max-video-preview:-1"},"canonical":"https:\/\/alice.ch\/fr\/themes\/competences-de-base\/promotion-innovante\/ci-competences-de-base\/","og_locale":"fr_FR","og_type":"article","og_title":"CI Comp\u00e9tences de base - FSEA","og_description":"CI Comp\u00e9tences de base La Communaut\u00e9 d\u2019int\u00e9r\u00eats pour les comp\u00e9tences de base repr\u00e9sente 21 associations et organisations qui s\u2019engagent pour [&hellip;]","og_url":"https:\/\/alice.ch\/fr\/themes\/competences-de-base\/promotion-innovante\/ci-competences-de-base\/","og_site_name":"SVEB","article_modified_time":"2023-05-07T16:40:03+00:00","twitter_card":"summary_large_image","twitter_misc":{"Dur\u00e9e de lecture estim\u00e9e":"3 minutes"},"schema":{"@context":"https:\/\/schema.org","@graph":[{"@type":"WebPage","@id":"https:\/\/alice.ch\/fr\/themes\/competences-de-base\/promotion-innovante\/ci-competences-de-base\/","url":"https:\/\/alice.ch\/fr\/themes\/competences-de-base\/promotion-innovante\/ci-competences-de-base\/","name":"CI Comp\u00e9tences de base - FSEA","isPartOf":{"@id":"https:\/\/alice.ch\/fr\/#website"},"primaryImageOfPage":{"@id":"https:\/\/alice.ch\/fr\/themes\/competences-de-base\/promotion-innovante\/ci-competences-de-base\/#primaryimage"},"image":{"@id":"https:\/\/alice.ch\/fr\/themes\/competences-de-base\/promotion-innovante\/ci-competences-de-base\/#primaryimage"},"thumbnailUrl":"https:\/\/alice.ch\/app\/uploads\/2022\/11\/default.jpg","datePublished":"2022-10-26T14:55:03+00:00","dateModified":"2023-05-07T16:40:03+00:00","breadcrumb":{"@id":"https:\/\/alice.ch\/fr\/themes\/competences-de-base\/promotion-innovante\/ci-competences-de-base\/#breadcrumb"},"inLanguage":"fr-FR","potentialAction":[{"@type":"ReadAction","target":["https:\/\/alice.ch\/fr\/themes\/competences-de-base\/promotion-innovante\/ci-competences-de-base\/"]}]},{"@type":"ImageObject","inLanguage":"fr-FR","@id":"https:\/\/alice.ch\/fr\/themes\/competences-de-base\/promotion-innovante\/ci-competences-de-base\/#primaryimage","url":"https:\/\/alice.ch\/app\/uploads\/2022\/11\/default.jpg","contentUrl":"https:\/\/alice.ch\/app\/uploads\/2022\/11\/default.jpg","width":1600,"height":900},{"@type":"BreadcrumbList","@id":"https:\/\/alice.ch\/fr\/themes\/competences-de-base\/promotion-innovante\/ci-competences-de-base\/#breadcrumb","itemListElement":[{"@type":"ListItem","position":1,"name":"Page d'accueil","item":"https:\/\/alice.ch\/fr\/"},{"@type":"ListItem","position":2,"name":"Th\u00e8mes","item":"https:\/\/alice.ch\/fr\/themes\/"},{"@type":"ListItem","position":3,"name":"Comp\u00e9tences de base","item":"https:\/\/alice.ch\/fr\/themes\/competences-de-base\/"},{"@type":"ListItem","position":4,"name":"Promotion innovante","item":"https:\/\/alice.ch\/fr\/themes\/competences-de-base\/promotion-innovante\/"},{"@type":"ListItem","position":5,"name":"CI Comp\u00e9tences de base"}]},{"@type":"WebSite","@id":"https:\/\/alice.ch\/fr\/#website","url":"https:\/\/alice.ch\/fr\/","name":"alice.ch (Adult Learning Information Center) ist das Portal der Weiterbildung in der Schweiz.","description":"Schweizerischer Verband f\u00fcr Weiterbildung","publisher":{"@id":"https:\/\/alice.ch\/fr\/#organization"},"potentialAction":[{"@type":"SearchAction","target":{"@type":"EntryPoint","urlTemplate":"https:\/\/alice.ch\/fr\/?s={search_term_string}"},"query-input":{"@type":"PropertyValueSpecification","valueRequired":true,"valueName":"search_term_string"}}],"inLanguage":"fr-FR"},{"@type":"Organization","@id":"https:\/\/alice.ch\/fr\/#organization","name":"FSEA F\u00e9d\u00e9ration suisse pour la formation continue","url":"https:\/\/alice.ch\/fr\/","logo":{"@type":"ImageObject","inLanguage":"fr-FR","@id":"https:\/\/alice.ch\/fr\/#\/schema\/logo\/image\/","url":"https:\/\/alice.ch\/app\/uploads\/2022\/07\/logo-sveb.png","contentUrl":"https:\/\/alice.ch\/app\/uploads\/2022\/07\/logo-sveb.png","width":145,"height":64,"caption":"FSEA F\u00e9d\u00e9ration suisse pour la formation continue"},"image":{"@id":"https:\/\/alice.ch\/fr\/#\/schema\/logo\/image\/"},"sameAs":["https:\/\/www.linkedin.com\/company\/schweizerischer-verband-fr-weiterbildung-sveb\/"]}]}},"_links":{"self":[{"href":"https:\/\/alice.ch\/fr\/wp-json\/wp\/v2\/pages\/11049","targetHints":{"allow":["GET"]}}],"collection":[{"href":"https:\/\/alice.ch\/fr\/wp-json\/wp\/v2\/pages"}],"about":[{"href":"https:\/\/alice.ch\/fr\/wp-json\/wp\/v2\/types\/page"}],"author":[{"embeddable":true,"href":"https:\/\/alice.ch\/fr\/wp-json\/wp\/v2\/users\/4"}],"replies":[{"embeddable":true,"href":"https:\/\/alice.ch\/fr\/wp-json\/wp\/v2\/comments?post=11049"}],"version-history":[{"count":64,"href":"https:\/\/alice.ch\/fr\/wp-json\/wp\/v2\/pages\/11049\/revisions"}],"predecessor-version":[{"id":50047,"href":"https:\/\/alice.ch\/fr\/wp-json\/wp\/v2\/pages\/11049\/revisions\/50047"}],"up":[{"embeddable":true,"href":"https:\/\/alice.ch\/fr\/wp-json\/wp\/v2\/pages\/11020"}],"wp:featuredmedia":[{"embeddable":true,"href":"https:\/\/alice.ch\/fr\/wp-json\/wp\/v2\/media\/20799"}],"wp:attachment":[{"href":"https:\/\/alice.ch\/fr\/wp-json\/wp\/v2\/media?parent=11049"}],"curies":[{"name":"wp","href":"https:\/\/api.w.org\/{rel}","templated":true}]}}