{"id":11055,"date":"2022-08-16T15:41:12","date_gmt":"2022-08-16T13:41:12","guid":{"rendered":"https:\/\/projects.atxeit.ch\/sveb\/grundkompetenzen\/go-upskilling-am-arbeitsplatz\/"},"modified":"2023-12-01T15:40:11","modified_gmt":"2023-12-01T14:40:11","slug":"go-promotion-des-competences-en-situation-de-travail","status":"publish","type":"page","link":"https:\/\/alice.ch\/fr\/themes\/competences-de-base\/go-promotion-des-competences-en-situation-de-travail\/","title":{"rendered":"GO : promotion des comp\u00e9tences en situation de travail"},"content":{"rendered":"\n<div class=\"wp-block-group is-style-reduced-width is-layout-flow wp-block-group-is-layout-flow\">\n<h1 class=\"wp-block-heading\">GO : Valorisation des comp\u00e9tences sur le lieu de travail<\/h1>\n\n\n\n<p class=\"is-style-lead\">Dans de nombreuses entreprises, le lieu de travail est \u00e9galement un lieu d&rsquo;apprentissage. Il n&rsquo;est toutefois pas \u00e9vident pour les entreprises et leurs employ\u00e9s de rester comp\u00e9titif et \u00ab\u00a0\u00e0 la page\u00a0\u00bb avec les diff\u00e9rents changements environnants, tels que la digitalisation, les changements organisationnels, \u00e9conomiques, sociaux et climatiques.<\/p>\n\n\n\n<h2 class=\"wp-block-heading\">Le lieu de travail: point de d\u00e9part pour l&rsquo;apprentissage<\/h2>\n\n\n\n<p>Les comp\u00e9tences exig\u00e9es aujourd&rsquo;hui sur le lieu de travail sont multiples, vari\u00e9es, et souvent complexes. Renforcer les comp\u00e9tences des travailleurs sur le lieu de travail permet de r\u00e9soudre des probl\u00e8mes concrets \u00e0 partir de situations concr\u00e8tes. Ces derni\u00e8res sont le point de d\u00e9part de l&rsquo;apprentissage des adultes dans ce programme. Le contenu d&rsquo;apprentissage comprend, par exemple, la compr\u00e9hension des instructions de s\u00e9curit\u00e9 ou la cr\u00e9ation de plans de travail \u00e9lectroniques, et bien plus encore. Dans tous les cas, toutes ces comp\u00e9tences transversales sont prises en compte: de la communication orale et \u00e9crite aux comp\u00e9tences en math\u00e9matiques et en TIC au quotidien, mais pas seulement. Du fait que l&rsquo;apprentissage s&rsquo;apprend \u00e0 partir des situations, l&rsquo;effet sur le processus de travail quotidien est imm\u00e9diat, notamment avec le transfert du savoir qui est concr\u00e8tement anticip\u00e9 lors de ces mesures de formation.<\/p>\n\n\n\n<p>Pour la mise en \u0153uvre d&rsquo;une formation continue sur le lieu de travail, vous trouverez ici des informations sur les concepts, les services de conseil et la priorit\u00e9 de financement de la Conf\u00e9d\u00e9ration : <a href=\"https:\/\/www.sbfi.admin.ch\/sbfi\/fr\/home\/formation\/f-c\/competences-de-base-des-adultes.html\" target=\"_blank\" rel=\"noreferrer noopener\">Site Internet du SEFRI<\/a>.<\/p>\n\n\n\n<h2 class=\"wp-block-heading\">Le mod\u00e8le GO<\/h2>\n\n\n\n<p>5 \u00e9tapes pour une mont\u00e9e en comp\u00e9tence durable sur le lieu de travail : Le <a href=\"https:\/\/alice.ch\/fr\/themes\/competences-de-base\/go-promotion-des-competences-en-situation-de-travail\/le-modele-go\/\">mod\u00e8le GO<\/a> est \u00e0 la disposition des prestataires en tant que m\u00e9thode et instrument de travail et forme le cadre conceptuel andragogique de la priorit\u00e9 de financement.<\/p>\n\n\n\n<h2 class=\"wp-block-heading\">Services propos\u00e9s par la FSEA<\/h2>\n\n\n\n<p>La FSEA conseille les prestataires de formation continue, les organisations de travailleurs et d&#8217;employeurs ainsi que les cantons sur le <a href=\"https:\/\/alice.ch\/fr\/themes\/competences-de-base\/go-promotion-des-competences-en-situation-de-travail\/le-modele-go\/\">mod\u00e8le GO<\/a> et la priorit\u00e9 de financement.<\/p>\n\n\n\n<h2 class=\"wp-block-heading\">Priorit\u00e9 de financement<\/h2>\n\n\n\n<p>La Conf\u00e9d\u00e9ration investit jusqu&rsquo;\u00e0 13 mio de francs dans la formation continue sur le lieu de travail.<\/p>\n\n\n\n<h2 class=\"wp-block-heading\">Informations suppl\u00e9mentaires<\/h2>\n\n\n\n<div class=\"wp-block-buttons is-layout-flex wp-block-buttons-is-layout-flex\">\n<div class=\"wp-block-button has-custom-width wp-block-button__width-50 is-style-outline is-style-outline--1\"><a class=\"wp-block-button__link wp-element-button\" href=\"https:\/\/alice.ch\/fr\/themes\/competences-de-base\/go-promotion-des-competences-en-situation-de-travail\/le-modele-go\/\">Mod\u00e8le GO<\/a><\/div>\n<\/div>\n\n\n\n<div class=\"wp-block-buttons is-layout-flex wp-block-buttons-is-layout-flex\">\n<div class=\"wp-block-button has-custom-width wp-block-button__width-50 is-style-outline is-style-outline--2\"><a class=\"wp-block-button__link wp-element-button\" href=\"https:\/\/alice.ch\/fr\/themes\/competences-de-base\/go-promotion-des-competences-en-situation-de-travail\/formation-go\/\">Formation GO<\/a><\/div>\n<\/div>\n\n\n\n<div class=\"wp-block-buttons is-layout-flex wp-block-buttons-is-layout-flex\">\n<div class=\"wp-block-button has-custom-width wp-block-button__width-50 is-style-outline is-style-outline--3\"><a class=\"wp-block-button__link wp-element-button\" href=\"https:\/\/alice.ch\/fr\/themes\/competences-de-base\/\">Comp\u00e9tences de base<\/a><\/div>\n<\/div>\n\n\n\n<h2 class=\"wp-block-heading\">Contact<\/h2>\n\n\n\n<div class=\"wp-block-columns is-layout-flex wp-container-core-columns-is-layout-28f84493 wp-block-columns-is-layout-flex\">\n<div class=\"wp-block-column is-layout-flow wp-block-column-is-layout-flow\" style=\"flex-basis:50%\"><div class=\"contact-persons\">\n\n\t\t\t\t\t<div class=\"contact-person\">\n\t\t\t\t\tCaroline Meier Quevedo<br \/>\t\t\t\t\tDirectrice du secr\u00e9tariat romand<br \/>\t\t\t\t\t<br \/>\n\t\t\t\t\t\t\t\t\t\t<a href=\"tel:+41 (0)22 994 20 10\">+41 (0)22 994 20 10<\/a><br \/>\t\t\t\t\t<a href=\"mailto:caroline.meier@alice.ch\">caroline.meier@alice.ch<\/a><br \/>\t\t\t\t\t<\/div>\n\t\t\t\t\t<\/div>\n<\/div>\n\n\n\n<div class=\"wp-block-column is-layout-flow wp-block-column-is-layout-flow\" style=\"flex-basis:50%\"><\/div>\n<\/div>\n<\/div>\n","protected":false},"excerpt":{"rendered":"<p>GO : Valorisation des comp\u00e9tences sur le lieu de travail Dans de nombreuses entreprises, le lieu de travail est \u00e9galement [&hellip;]<\/p>\n","protected":false},"author":2,"featured_media":20799,"parent":11009,"menu_order":95,"comment_status":"closed","ping_status":"closed","template":"","meta":{"_acf_changed":false,"inline_featured_image":false,"footnotes":""},"class_list":["post-11055","page","type-page","status-publish","has-post-thumbnail","hentry"],"acf":[],"yoast_head":"<!-- This site is optimized with the Yoast SEO plugin v27.3 - https:\/\/yoast.com\/product\/yoast-seo-wordpress\/ -->\n<title>GO : promotion des comp\u00e9tences en situation de travail - FSEA<\/title>\n<meta name=\"description\" content=\"GO est un concept et des outils d\u00e9velopp\u00e9s par la FSEA pour promouvoir les comp\u00e9tences de base directement sur le lieu de travail.\" \/>\n<meta name=\"robots\" content=\"index, follow, max-snippet:-1, max-image-preview:large, max-video-preview:-1\" \/>\n<link rel=\"canonical\" href=\"https:\/\/alice.ch\/fr\/themes\/competences-de-base\/go-promotion-des-competences-en-situation-de-travail\/\" \/>\n<meta property=\"og:locale\" content=\"fr_FR\" \/>\n<meta property=\"og:type\" content=\"article\" \/>\n<meta property=\"og:title\" content=\"GO : promotion des comp\u00e9tences en situation de travail - FSEA\" \/>\n<meta property=\"og:description\" content=\"GO est un concept et des outils d\u00e9velopp\u00e9s par la FSEA pour promouvoir les comp\u00e9tences de base directement sur le lieu de travail.\" \/>\n<meta property=\"og:url\" content=\"https:\/\/alice.ch\/fr\/themes\/competences-de-base\/go-promotion-des-competences-en-situation-de-travail\/\" \/>\n<meta property=\"og:site_name\" content=\"SVEB\" \/>\n<meta property=\"article:modified_time\" content=\"2023-12-01T14:40:11+00:00\" \/>\n<meta name=\"twitter:card\" content=\"summary_large_image\" \/>\n<meta name=\"twitter:label1\" content=\"Dur\u00e9e de lecture estim\u00e9e\" \/>\n\t<meta name=\"twitter:data1\" content=\"2 minutes\" \/>\n<script type=\"application\/ld+json\" class=\"yoast-schema-graph\">{\"@context\":\"https:\\\/\\\/schema.org\",\"@graph\":[{\"@type\":\"WebPage\",\"@id\":\"https:\\\/\\\/alice.ch\\\/fr\\\/themes\\\/competences-de-base\\\/go-promotion-des-competences-en-situation-de-travail\\\/\",\"url\":\"https:\\\/\\\/alice.ch\\\/fr\\\/themes\\\/competences-de-base\\\/go-promotion-des-competences-en-situation-de-travail\\\/\",\"name\":\"GO : promotion des comp\u00e9tences en situation de travail - FSEA\",\"isPartOf\":{\"@id\":\"https:\\\/\\\/alice.ch\\\/fr\\\/#website\"},\"primaryImageOfPage\":{\"@id\":\"https:\\\/\\\/alice.ch\\\/fr\\\/themes\\\/competences-de-base\\\/go-promotion-des-competences-en-situation-de-travail\\\/#primaryimage\"},\"image\":{\"@id\":\"https:\\\/\\\/alice.ch\\\/fr\\\/themes\\\/competences-de-base\\\/go-promotion-des-competences-en-situation-de-travail\\\/#primaryimage\"},\"thumbnailUrl\":\"https:\\\/\\\/alice.ch\\\/app\\\/uploads\\\/2022\\\/11\\\/default.jpg\",\"datePublished\":\"2022-08-16T13:41:12+00:00\",\"dateModified\":\"2023-12-01T14:40:11+00:00\",\"description\":\"GO est un concept et des outils d\u00e9velopp\u00e9s par la FSEA pour promouvoir les comp\u00e9tences de base directement sur le lieu de travail.\",\"breadcrumb\":{\"@id\":\"https:\\\/\\\/alice.ch\\\/fr\\\/themes\\\/competences-de-base\\\/go-promotion-des-competences-en-situation-de-travail\\\/#breadcrumb\"},\"inLanguage\":\"fr-FR\",\"potentialAction\":[{\"@type\":\"ReadAction\",\"target\":[\"https:\\\/\\\/alice.ch\\\/fr\\\/themes\\\/competences-de-base\\\/go-promotion-des-competences-en-situation-de-travail\\\/\"]}]},{\"@type\":\"ImageObject\",\"inLanguage\":\"fr-FR\",\"@id\":\"https:\\\/\\\/alice.ch\\\/fr\\\/themes\\\/competences-de-base\\\/go-promotion-des-competences-en-situation-de-travail\\\/#primaryimage\",\"url\":\"https:\\\/\\\/alice.ch\\\/app\\\/uploads\\\/2022\\\/11\\\/default.jpg\",\"contentUrl\":\"https:\\\/\\\/alice.ch\\\/app\\\/uploads\\\/2022\\\/11\\\/default.jpg\",\"width\":1600,\"height\":900},{\"@type\":\"BreadcrumbList\",\"@id\":\"https:\\\/\\\/alice.ch\\\/fr\\\/themes\\\/competences-de-base\\\/go-promotion-des-competences-en-situation-de-travail\\\/#breadcrumb\",\"itemListElement\":[{\"@type\":\"ListItem\",\"position\":1,\"name\":\"Page d'accueil\",\"item\":\"https:\\\/\\\/alice.ch\\\/fr\\\/\"},{\"@type\":\"ListItem\",\"position\":2,\"name\":\"Th\u00e8mes\",\"item\":\"https:\\\/\\\/alice.ch\\\/fr\\\/themes\\\/\"},{\"@type\":\"ListItem\",\"position\":3,\"name\":\"Comp\u00e9tences de base\",\"item\":\"https:\\\/\\\/alice.ch\\\/fr\\\/themes\\\/competences-de-base\\\/\"},{\"@type\":\"ListItem\",\"position\":4,\"name\":\"GO : promotion des comp\u00e9tences en situation de travail\"}]},{\"@type\":\"WebSite\",\"@id\":\"https:\\\/\\\/alice.ch\\\/fr\\\/#website\",\"url\":\"https:\\\/\\\/alice.ch\\\/fr\\\/\",\"name\":\"alice.ch (Adult Learning Information Center) ist das Portal der Weiterbildung in der Schweiz.\",\"description\":\"Schweizerischer Verband f\u00fcr Weiterbildung\",\"publisher\":{\"@id\":\"https:\\\/\\\/alice.ch\\\/fr\\\/#organization\"},\"potentialAction\":[{\"@type\":\"SearchAction\",\"target\":{\"@type\":\"EntryPoint\",\"urlTemplate\":\"https:\\\/\\\/alice.ch\\\/fr\\\/?s={search_term_string}\"},\"query-input\":{\"@type\":\"PropertyValueSpecification\",\"valueRequired\":true,\"valueName\":\"search_term_string\"}}],\"inLanguage\":\"fr-FR\"},{\"@type\":\"Organization\",\"@id\":\"https:\\\/\\\/alice.ch\\\/fr\\\/#organization\",\"name\":\"FSEA F\u00e9d\u00e9ration suisse pour la formation continue\",\"url\":\"https:\\\/\\\/alice.ch\\\/fr\\\/\",\"logo\":{\"@type\":\"ImageObject\",\"inLanguage\":\"fr-FR\",\"@id\":\"https:\\\/\\\/alice.ch\\\/fr\\\/#\\\/schema\\\/logo\\\/image\\\/\",\"url\":\"https:\\\/\\\/alice.ch\\\/app\\\/uploads\\\/2022\\\/07\\\/logo-sveb.png\",\"contentUrl\":\"https:\\\/\\\/alice.ch\\\/app\\\/uploads\\\/2022\\\/07\\\/logo-sveb.png\",\"width\":145,\"height\":64,\"caption\":\"FSEA F\u00e9d\u00e9ration suisse pour la formation continue\"},\"image\":{\"@id\":\"https:\\\/\\\/alice.ch\\\/fr\\\/#\\\/schema\\\/logo\\\/image\\\/\"},\"sameAs\":[\"https:\\\/\\\/www.linkedin.com\\\/company\\\/schweizerischer-verband-fr-weiterbildung-sveb\\\/\"]}]}<\/script>\n<!-- \/ Yoast SEO plugin. -->","yoast_head_json":{"title":"GO : promotion des comp\u00e9tences en situation de travail - FSEA","description":"GO est un concept et des outils d\u00e9velopp\u00e9s par la FSEA pour promouvoir les comp\u00e9tences de base directement sur le lieu de travail.","robots":{"index":"index","follow":"follow","max-snippet":"max-snippet:-1","max-image-preview":"max-image-preview:large","max-video-preview":"max-video-preview:-1"},"canonical":"https:\/\/alice.ch\/fr\/themes\/competences-de-base\/go-promotion-des-competences-en-situation-de-travail\/","og_locale":"fr_FR","og_type":"article","og_title":"GO : promotion des comp\u00e9tences en situation de travail - FSEA","og_description":"GO est un concept et des outils d\u00e9velopp\u00e9s par la FSEA pour promouvoir les comp\u00e9tences de base directement sur le lieu de travail.","og_url":"https:\/\/alice.ch\/fr\/themes\/competences-de-base\/go-promotion-des-competences-en-situation-de-travail\/","og_site_name":"SVEB","article_modified_time":"2023-12-01T14:40:11+00:00","twitter_card":"summary_large_image","twitter_misc":{"Dur\u00e9e de lecture estim\u00e9e":"2 minutes"},"schema":{"@context":"https:\/\/schema.org","@graph":[{"@type":"WebPage","@id":"https:\/\/alice.ch\/fr\/themes\/competences-de-base\/go-promotion-des-competences-en-situation-de-travail\/","url":"https:\/\/alice.ch\/fr\/themes\/competences-de-base\/go-promotion-des-competences-en-situation-de-travail\/","name":"GO : promotion des comp\u00e9tences en situation de travail - FSEA","isPartOf":{"@id":"https:\/\/alice.ch\/fr\/#website"},"primaryImageOfPage":{"@id":"https:\/\/alice.ch\/fr\/themes\/competences-de-base\/go-promotion-des-competences-en-situation-de-travail\/#primaryimage"},"image":{"@id":"https:\/\/alice.ch\/fr\/themes\/competences-de-base\/go-promotion-des-competences-en-situation-de-travail\/#primaryimage"},"thumbnailUrl":"https:\/\/alice.ch\/app\/uploads\/2022\/11\/default.jpg","datePublished":"2022-08-16T13:41:12+00:00","dateModified":"2023-12-01T14:40:11+00:00","description":"GO est un concept et des outils d\u00e9velopp\u00e9s par la FSEA pour promouvoir les comp\u00e9tences de base directement sur le lieu de travail.","breadcrumb":{"@id":"https:\/\/alice.ch\/fr\/themes\/competences-de-base\/go-promotion-des-competences-en-situation-de-travail\/#breadcrumb"},"inLanguage":"fr-FR","potentialAction":[{"@type":"ReadAction","target":["https:\/\/alice.ch\/fr\/themes\/competences-de-base\/go-promotion-des-competences-en-situation-de-travail\/"]}]},{"@type":"ImageObject","inLanguage":"fr-FR","@id":"https:\/\/alice.ch\/fr\/themes\/competences-de-base\/go-promotion-des-competences-en-situation-de-travail\/#primaryimage","url":"https:\/\/alice.ch\/app\/uploads\/2022\/11\/default.jpg","contentUrl":"https:\/\/alice.ch\/app\/uploads\/2022\/11\/default.jpg","width":1600,"height":900},{"@type":"BreadcrumbList","@id":"https:\/\/alice.ch\/fr\/themes\/competences-de-base\/go-promotion-des-competences-en-situation-de-travail\/#breadcrumb","itemListElement":[{"@type":"ListItem","position":1,"name":"Page d'accueil","item":"https:\/\/alice.ch\/fr\/"},{"@type":"ListItem","position":2,"name":"Th\u00e8mes","item":"https:\/\/alice.ch\/fr\/themes\/"},{"@type":"ListItem","position":3,"name":"Comp\u00e9tences de base","item":"https:\/\/alice.ch\/fr\/themes\/competences-de-base\/"},{"@type":"ListItem","position":4,"name":"GO : promotion des comp\u00e9tences en situation de travail"}]},{"@type":"WebSite","@id":"https:\/\/alice.ch\/fr\/#website","url":"https:\/\/alice.ch\/fr\/","name":"alice.ch (Adult Learning Information Center) ist das Portal der Weiterbildung in der Schweiz.","description":"Schweizerischer Verband f\u00fcr Weiterbildung","publisher":{"@id":"https:\/\/alice.ch\/fr\/#organization"},"potentialAction":[{"@type":"SearchAction","target":{"@type":"EntryPoint","urlTemplate":"https:\/\/alice.ch\/fr\/?s={search_term_string}"},"query-input":{"@type":"PropertyValueSpecification","valueRequired":true,"valueName":"search_term_string"}}],"inLanguage":"fr-FR"},{"@type":"Organization","@id":"https:\/\/alice.ch\/fr\/#organization","name":"FSEA F\u00e9d\u00e9ration suisse pour la formation continue","url":"https:\/\/alice.ch\/fr\/","logo":{"@type":"ImageObject","inLanguage":"fr-FR","@id":"https:\/\/alice.ch\/fr\/#\/schema\/logo\/image\/","url":"https:\/\/alice.ch\/app\/uploads\/2022\/07\/logo-sveb.png","contentUrl":"https:\/\/alice.ch\/app\/uploads\/2022\/07\/logo-sveb.png","width":145,"height":64,"caption":"FSEA F\u00e9d\u00e9ration suisse pour la formation continue"},"image":{"@id":"https:\/\/alice.ch\/fr\/#\/schema\/logo\/image\/"},"sameAs":["https:\/\/www.linkedin.com\/company\/schweizerischer-verband-fr-weiterbildung-sveb\/"]}]}},"_links":{"self":[{"href":"https:\/\/alice.ch\/fr\/wp-json\/wp\/v2\/pages\/11055","targetHints":{"allow":["GET"]}}],"collection":[{"href":"https:\/\/alice.ch\/fr\/wp-json\/wp\/v2\/pages"}],"about":[{"href":"https:\/\/alice.ch\/fr\/wp-json\/wp\/v2\/types\/page"}],"author":[{"embeddable":true,"href":"https:\/\/alice.ch\/fr\/wp-json\/wp\/v2\/users\/2"}],"replies":[{"embeddable":true,"href":"https:\/\/alice.ch\/fr\/wp-json\/wp\/v2\/comments?post=11055"}],"version-history":[{"count":32,"href":"https:\/\/alice.ch\/fr\/wp-json\/wp\/v2\/pages\/11055\/revisions"}],"predecessor-version":[{"id":50198,"href":"https:\/\/alice.ch\/fr\/wp-json\/wp\/v2\/pages\/11055\/revisions\/50198"}],"up":[{"embeddable":true,"href":"https:\/\/alice.ch\/fr\/wp-json\/wp\/v2\/pages\/11009"}],"wp:featuredmedia":[{"embeddable":true,"href":"https:\/\/alice.ch\/fr\/wp-json\/wp\/v2\/media\/20799"}],"wp:attachment":[{"href":"https:\/\/alice.ch\/fr\/wp-json\/wp\/v2\/media?parent=11055"}],"curies":[{"name":"wp","href":"https:\/\/api.w.org\/{rel}","templated":true}]}}