{"id":11076,"date":"2022-08-16T15:47:16","date_gmt":"2022-08-16T13:47:16","guid":{"rendered":"https:\/\/projects.atxeit.ch\/sveb\/grundkompetenzen\/go-upskilling-am-arbeitsplatz\/go-modell\/"},"modified":"2023-05-11T16:51:26","modified_gmt":"2023-05-11T14:51:26","slug":"le-modele-go","status":"publish","type":"page","link":"https:\/\/alice.ch\/fr\/themes\/competences-de-base\/go-promotion-des-competences-en-situation-de-travail\/le-modele-go\/","title":{"rendered":"Le mod\u00e8le GO"},"content":{"rendered":"\n<div class=\"wp-block-group is-layout-flow wp-block-group-is-layout-flow\">\n<div class=\"wp-block-group is-style-reduced-width is-layout-flow wp-block-group-is-layout-flow\">\n<h1 class=\"wp-block-heading\">Le mod\u00e8le GO<\/h1>\n\n\n\n<p class=\"is-style-lead\">GO est un mod\u00e8le de bonne pratique pour la promotion des comp\u00e9tences sur le lieu de travail, qui b\u00e9n\u00e9ficie aux employ\u00e9s et aux entreprises.<\/p>\n\n\n\n<p>Dans le cadre de courtes s\u00e9quences d&rsquo;apprentissage, les employ\u00e9s acqui\u00e8rent les comp\u00e9tences dont ils ont besoin dans l&rsquo;environnement de l&rsquo;entreprise. Le mod\u00e8le peut \u00eatre utilis\u00e9 de mani\u00e8re flexible selon les diff\u00e9rentes tailles d&rsquo;entreprises et tient compte du fait que chaque exploitation est unique.<\/p>\n\n\n\n<h2 class=\"wp-block-heading\">La bonne promotion en cinq \u00e9tapes<\/h2>\n\n\n\n<div class=\"wp-block-columns is-layout-flex wp-container-core-columns-is-layout-28f84493 wp-block-columns-is-layout-flex\">\n<div class=\"wp-block-column is-layout-flow wp-block-column-is-layout-flow\" style=\"flex-basis:100%\">\n<p>GO se compose de cinq \u00e9tapes:<\/p>\n\n\n\n<ol class=\"wp-block-list\">\n<li><strong>Analyse des exigences:<\/strong> cette \u00e9tape permet de d\u00e9terminer ce que les employ\u00e9s doivent \u00eatre en mesure de faire dans leur milieu de travail.<\/li>\n\n\n\n<li><strong>Inventaire des besoins de formation:<\/strong> d\u00e9termine les besoins des employ\u00e9s \u00e0 partir de l&rsquo;analyse des exigences, en partant d&rsquo;un profil de comp\u00e9tences.<\/li>\n\n\n\n<li><strong>Mesure \u00e9ducative (formation):<\/strong> elle d\u00e9coule de l&rsquo;analyse des exigences et de l&rsquo;inventaire des besoins.<\/li>\n\n\n\n<li><strong>Transfert:<\/strong> il fait partie de la mesure \u00e9ducative et est mis en \u0153uvre sous forme de t\u00e2ches de transfert.<\/li>\n\n\n\n<li><strong>\u00c9valuation:<\/strong> cette \u00e9tape mesure le succ\u00e8s des mesures \u00e9ducatives et du transfert.<\/li>\n<\/ol>\n\n\n\n<p>Les mesures de formation sont courtes (20\u201340 heures).<\/p>\n\n\n\n<div class=\"wp-block-columns is-layout-flex wp-container-core-columns-is-layout-28f84493 wp-block-columns-is-layout-flex\">\n<div class=\"wp-block-column is-layout-flow wp-block-column-is-layout-flow\" style=\"flex-basis:50%\">\n<figure class=\"wp-block-image size-full is-style-no-border\"><img decoding=\"async\" src=\"https:\/\/alice.ch\/app\/uploads\/2022\/11\/model_go_fr_Profil_de_competences.png\" alt=\"\" class=\"wp-image-15248\"\/><figcaption class=\"wp-element-caption\">Les 5 \u00e9tapes du mod\u00e8le GO<\/figcaption><\/figure>\n<\/div>\n\n\n\n<div class=\"wp-block-column is-layout-flow wp-block-column-is-layout-flow\" style=\"flex-basis:50%\"><\/div>\n<\/div>\n<\/div>\n<\/div>\n\n\n\n<h2 class=\"wp-block-heading\">Les r\u00f4les et fonctions dans l&rsquo;entreprise<\/h2>\n\n\n\n<p>Les cinq \u00e9tapes du mod\u00e8le GO sont accompagn\u00e9es par diff\u00e9rents acteurs.<\/p>\n\n\n\n<figure class=\"wp-block-table is-style-stripes\"><table><thead><tr><th class=\"has-text-align-left\" data-align=\"left\"><strong><strong>R\u00f4les<\/strong><\/strong><\/th><th class=\"has-text-align-left\" data-align=\"left\"><strong>T\u00e2ches<\/strong><\/th><th class=\"has-text-align-left\" data-align=\"left\"><strong>Connexion<\/strong><\/th><th class=\"has-text-align-left\" data-align=\"left\"><strong><strong>Impact<\/strong><\/strong><\/th><\/tr><\/thead><tbody><tr><td class=\"has-text-align-left\" data-align=\"left\">L&rsquo;agent\/e de liaison<br>ou<br>le\/la facilitateur\/trice de contact<\/td><td class=\"has-text-align-left\" data-align=\"left\">Conna\u00eet le mod\u00e8le GO et l&rsquo;environnement de l&rsquo;entreprise, sait convaincre\/convainc la direction des avantages de l&rsquo;action de formation GO<br><\/td><td class=\"has-text-align-left\" data-align=\"left\">Avec le\/la repr\u00e9sentant\/e du prestataire de formation; un\/e collaborateur\/trice interne; des repr\u00e9sentants des organisations de salari\u00e9s et d&#8217;employeurs, etc.<\/td><td class=\"has-text-align-left\" data-align=\"left\">Rend la formation GO possible en entreprise<\/td><\/tr><tr><td class=\"has-text-align-left\" data-align=\"left\">L&rsquo;accompagnant\/e du processus<\/td><td class=\"has-text-align-left\" data-align=\"left\">Responsable de l&rsquo;ensemble du processus et s\u00e9curise toutes les interfaces entre acteurs internes et externes<\/td><td class=\"has-text-align-left\" data-align=\"left\">Avec le\/la repr\u00e9sentant\/e du prestataire de formation<\/td><td class=\"has-text-align-left\" data-align=\"left\">Assure la mise en oeuvre<\/td><\/tr><tr><td class=\"has-text-align-left\" data-align=\"left\">L&rsquo;analyste des besoins<\/td><td class=\"has-text-align-left\" data-align=\"left\">D\u00e9termine les exigences des milieux de travail pour les employ\u00e9s et \u00e9value les besoins d&rsquo;apprentissage des participants.<\/td><td class=\"has-text-align-left\" data-align=\"left\">Avec le\/la repr\u00e9sentant\/e du prestataire de formation<\/td><td class=\"has-text-align-left\" data-align=\"left\">Assure les bases de la conception du cours<\/td><\/tr><tr><td class=\"has-text-align-left\" data-align=\"left\">Le\/la formateur\/trice de la mesure de formation<\/td><td class=\"has-text-align-left\" data-align=\"left\">R\u00e9alise la-les mesure-s de formation et assure le transfert<\/td><td class=\"has-text-align-left\" data-align=\"left\">Avec le\/la repr\u00e9sentant\/e du prestataire de formation<\/td><td class=\"has-text-align-left\" data-align=\"left\">La r\u00e9alisation des mesures de formation r\u00e9elles avec les participants<\/td><\/tr><\/tbody><\/table><\/figure>\n\n\n\n<h2 class=\"wp-block-heading\">Instruments pour la pratique<\/h2>\n\n\n\n<p>Bo\u00eetes \u00e0 outils GO \u00e0 t\u00e9l\u00e9charger gratuitement (Volume 1 et Volume 2) :<\/p>\n\n\n\n\t\n\t<div class=\"publication-item\">\n\t\t<div class=\"image\">\n\t\t\t<img decoding=\"async\" width=\"1242\" height=\"1755\" src=\"https:\/\/alice.ch\/app\/uploads\/2022\/12\/GO-Toolkit-1-fr.jpg\" class=\"attachment-post-thumbnail size-post-thumbnail wp-post-image\" alt=\"\" srcset=\"https:\/\/alice.ch\/app\/uploads\/2022\/12\/GO-Toolkit-1-fr.jpg 1242w, https:\/\/alice.ch\/app\/uploads\/2022\/12\/GO-Toolkit-1-fr-212x300.jpg 212w, https:\/\/alice.ch\/app\/uploads\/2022\/12\/GO-Toolkit-1-fr-725x1024.jpg 725w, https:\/\/alice.ch\/app\/uploads\/2022\/12\/GO-Toolkit-1-fr-768x1085.jpg 768w, https:\/\/alice.ch\/app\/uploads\/2022\/12\/GO-Toolkit-1-fr-1087x1536.jpg 1087w\" sizes=\"(max-width: 1242px) 100vw, 1242px\" \/>\t\t<\/div>\n\n\t\t<div class=\"content\">\n\t\t\t<h3>La bo\u00eete \u00e0 outils GO \u2013 Volume 1 : Guides<\/h3>\n\t\t\t<div class=\"description\"><div class=\"short-description\">\n<p>Un coffre \u00e0 outils pour la promotion des comp\u00e9tences de base sur la place de travail<\/p>\n<p>Les adultes apprennent de fa\u00e7on cibl\u00e9e. Ils veulent savoir, \u00e0 quoi va servir ce qu\u2019ils apprennent, qu\u2019est-ce qui leur est utile et comment ils peuvent utiliser les savoirs appris. Ces principes sous-jacents au mod\u00e8le GO permettent de transformer la place de travail en un lieu d\u2019apprentissage. En effet, les mesures de formation sont transpos\u00e9es sur le lieu de travail et adapt\u00e9es selon les situations concr\u00e8tes de travail. Le mod\u00e8le GO pr\u00e9voit 5 \u00e9tapes dans cette d\u00e9marche de promotion des comp\u00e9tences de base sur le lieu de travail. La bo\u00eete \u00e0 outils GO offre les outils n\u00e9cessaires \u00e0 la mise en \u0153uvre des formations dans les entreprises. Les guides du volume 1 soutiennent les acteurs dans le d\u00e9veloppement et la mise en \u0153uvre d\u2019une mesure de formation selon le mod\u00e8le GO. Le deuxi\u00e8me volume existant contient environ 50 descripteurs qui viennent soutenir les sp\u00e9cialistes de la formation lors de la saisie et la description des comp\u00e9tences de base n\u00e9cessaires \u00e0 une activit\u00e9 donn\u00e9e, ainsi que dans le d\u00e9veloppement et la mise sur pied des mesures de formation.<\/p>\n<\/div>\n<\/div>\n\n\t\t\t<div class=\"meta\">\n\t\t\t\t<ul>\n\t\t\t\t\t\t\t\t\t\t\t<li><strong>Prix:<\/strong> 45.00 CHF (Prix pour membre: 36.00 CHF) \/ T\u00e9l\u00e9chargement PDF : gratuit<\/li>\n\t\t\t\t\t\n\t\t\t\t\t\t\t\t\t\t\t<li><strong>\u00c9diteur:<\/strong> FSEA : Bernhard Gr\u00e4miger und C\u00e4cilia M\u00e4rki<\/li>\n\t\t\t\t\t\n\t\t\t\t\t\t\t\t\t\t\t<li><strong>Auteur:<\/strong> Margrit Hagenow, Hansruedi Kaiser, Andi Czech, Ruth Meyer<\/li>\n\t\t\t\t\t\n\t\t\t\t\t\t\t\t\t\t\t<li><strong>Distributeur:<\/strong> Deuxi\u00e8me \u00e9dition, juillet 2016; 134 pages<\/li>\n\t\t\t\t\t\n\t\t\t\t\t\n\t\t\t\t\t\n\t\t\t\t\t\t\t\t\t<\/ul>\n\n\t\t\t\t<ul class=\"actions\">\n\t\t\t\t\t\t\t\t\t\t\t<li><a class=\"button\" href=\"https:\/\/alice.ch\/fr\/download-fr\/?pub-id=36469\">T\u00e9l\u00e9charger<\/a><\/li>\n\t\t\t\t\t\n\t\t\t\t\t\t\t\t\t\t\t<li><a class=\"button\" href=\"https:\/\/alice.ch\/fr\/order-fr\/?pub-id=36469\">Commander la publication<\/a><\/li>\n\t\t\t\t\t\t\t\t\t<\/ul>\n\t\t\t<\/div>\n\t\t<\/div>\n\n\n\t<\/div>\n\n\n\t\n\t\n\t<div class=\"publication-item\">\n\t\t<div class=\"image\">\n\t\t\t<img decoding=\"async\" width=\"1372\" height=\"963\" src=\"https:\/\/alice.ch\/app\/uploads\/2022\/12\/Go-Toolkit-2-fr_descripteurs.jpg\" class=\"attachment-post-thumbnail size-post-thumbnail wp-post-image\" alt=\"\" srcset=\"https:\/\/alice.ch\/app\/uploads\/2022\/12\/Go-Toolkit-2-fr_descripteurs.jpg 1372w, https:\/\/alice.ch\/app\/uploads\/2022\/12\/Go-Toolkit-2-fr_descripteurs-300x211.jpg 300w, https:\/\/alice.ch\/app\/uploads\/2022\/12\/Go-Toolkit-2-fr_descripteurs-1024x719.jpg 1024w, https:\/\/alice.ch\/app\/uploads\/2022\/12\/Go-Toolkit-2-fr_descripteurs-768x539.jpg 768w\" sizes=\"(max-width: 1372px) 100vw, 1372px\" \/>\t\t<\/div>\n\n\t\t<div class=\"content\">\n\t\t\t<h3>La bo\u00eete \u00e0 outils GO \u2013 Volume 2 : Descripteurs<\/h3>\n\t\t\t<div class=\"description\"><div class=\"short-description\">\n<div class=\"short-description\">\n<p>Un coffre \u00e0 outils pour la promotion des comp\u00e9tences de base sur la place de travail<\/p>\n<p>Les adultes apprennent de fa\u00e7on cibl\u00e9e. Ils veulent savoir, \u00e0 quoi va servir ce qu\u2019ils apprennent, qu\u2019est-ce qui leur est utile et comment ils peuvent utiliser les savoirs appris. Ces principes sous-jacents au mod\u00e8le GO permettent de transformer la place de travail en un lieu d\u2019apprentissage. En effet, les mesures de formation sont transpos\u00e9es sur le lieu de travail et adapt\u00e9es selon les situations concr\u00e8tes de travail. Le mod\u00e8le GO pr\u00e9voit 5 \u00e9tapes dans cette d\u00e9marche de promotion des comp\u00e9tences de base sur le lieu de travail. La bo\u00eete \u00e0 outils GO offre les outils n\u00e9cessaires \u00e0 la mise en \u0153uvre des formations dans les entreprises. Les guides du volume 1 soutiennent les acteurs dans le d\u00e9veloppement et la mise en \u0153uvre d\u2019une mesure de formation selon le mod\u00e8le GO. Le deuxi\u00e8me volume existant contient environ 50 descripteurs qui viennent soutenir les sp\u00e9cialistes de la formation lors de la saisie et la description des comp\u00e9tences de base n\u00e9cessaires \u00e0 une activit\u00e9 donn\u00e9e, ainsi que dans le d\u00e9veloppement et la mise sur pied des mesures de formation.<\/p>\n<\/div>\n<\/div>\n<\/div>\n\n\t\t\t<div class=\"meta\">\n\t\t\t\t<ul>\n\t\t\t\t\t\t\t\t\t\t\t<li><strong>Prix:<\/strong> 35.00 CHF (Prix pour membre: 28.00 CHF) \/ T\u00e9l\u00e9chargement PDF : gratuit<\/li>\n\t\t\t\t\t\n\t\t\t\t\t\t\t\t\t\t\t<li><strong>\u00c9diteur:<\/strong> FSEA : Bernhard Gr\u00e4miger und C\u00e4cilia M\u00e4rki<\/li>\n\t\t\t\t\t\n\t\t\t\t\t\t\t\t\t\t\t<li><strong>Auteur:<\/strong> Margrit Hagenow, Hansruedi Kaiser, Andi Czech, Ruth Meyer<\/li>\n\t\t\t\t\t\n\t\t\t\t\t\t\t\t\t\t\t<li><strong>Distributeur:<\/strong> Deuxi\u00e8me \u00e9dition, juillet 2016; 84 pages<\/li>\n\t\t\t\t\t\n\t\t\t\t\t\n\t\t\t\t\t\n\t\t\t\t\t\t\t\t\t<\/ul>\n\n\t\t\t\t<ul class=\"actions\">\n\t\t\t\t\t\t\t\t\t\t\t<li><a class=\"button\" href=\"https:\/\/alice.ch\/fr\/download-fr\/?pub-id=36490\">T\u00e9l\u00e9charger<\/a><\/li>\n\t\t\t\t\t\n\t\t\t\t\t\t\t\t\t\t\t<li><a class=\"button\" href=\"https:\/\/alice.ch\/fr\/order-fr\/?pub-id=36490\">Commander la publication<\/a><\/li>\n\t\t\t\t\t\t\t\t\t<\/ul>\n\t\t\t<\/div>\n\t\t<\/div>\n\n\n\t<\/div>\n\n\n\t\n\n\n<div class=\"wp-block-buttons is-layout-flex wp-block-buttons-is-layout-flex\"><\/div>\n\n\n\n<div class=\"wp-block-columns is-layout-flex wp-container-core-columns-is-layout-28f84493 wp-block-columns-is-layout-flex\">\n<div class=\"wp-block-column is-layout-flow wp-block-column-is-layout-flow\" style=\"flex-basis:50%\"><div class=\"contact-persons\">\n\n\t\t\t\t\t<div class=\"contact-person\">\n\t\t\t\t\tCaroline Meier Quevedo<br \/>\t\t\t\t\tDirectrice du secr\u00e9tariat romand<br \/>\t\t\t\t\t<br \/>\n\t\t\t\t\t\t\t\t\t\t<a href=\"tel:+41 (0)22 994 20 10\">+41 (0)22 994 20 10<\/a><br \/>\t\t\t\t\t<a href=\"mailto:caroline.meier@alice.ch\">caroline.meier@alice.ch<\/a><br \/>\t\t\t\t\t<\/div>\n\t\t\t\t\t<\/div>\n<\/div>\n\n\n\n<div class=\"wp-block-column is-layout-flow wp-block-column-is-layout-flow\" style=\"flex-basis:50%\"><\/div>\n<\/div>\n<\/div>\n<\/div>\n","protected":false},"excerpt":{"rendered":"<p>Le mod\u00e8le GO GO est un mod\u00e8le de bonne pratique pour la promotion des comp\u00e9tences sur le lieu de travail, [&hellip;]<\/p>\n","protected":false},"author":2,"featured_media":20799,"parent":11055,"menu_order":90,"comment_status":"closed","ping_status":"closed","template":"","meta":{"_acf_changed":false,"inline_featured_image":false,"footnotes":""},"class_list":["post-11076","page","type-page","status-publish","has-post-thumbnail","hentry"],"acf":[],"yoast_head":"<!-- This site is optimized with the Yoast SEO plugin v27.3 - https:\/\/yoast.com\/product\/yoast-seo-wordpress\/ -->\n<title>Le mod\u00e8le GO - FSEA<\/title>\n<meta name=\"robots\" content=\"index, follow, max-snippet:-1, max-image-preview:large, max-video-preview:-1\" \/>\n<link rel=\"canonical\" href=\"https:\/\/alice.ch\/fr\/themes\/competences-de-base\/go-promotion-des-competences-en-situation-de-travail\/le-modele-go\/\" \/>\n<meta property=\"og:locale\" content=\"fr_FR\" \/>\n<meta property=\"og:type\" content=\"article\" \/>\n<meta property=\"og:title\" content=\"Le mod\u00e8le GO - FSEA\" \/>\n<meta property=\"og:description\" content=\"Le mod\u00e8le GO GO est un mod\u00e8le de bonne pratique pour la promotion des comp\u00e9tences sur le lieu de travail, [&hellip;]\" \/>\n<meta property=\"og:url\" content=\"https:\/\/alice.ch\/fr\/themes\/competences-de-base\/go-promotion-des-competences-en-situation-de-travail\/le-modele-go\/\" \/>\n<meta property=\"og:site_name\" content=\"SVEB\" \/>\n<meta property=\"article:modified_time\" content=\"2023-05-11T14:51:26+00:00\" \/>\n<meta property=\"og:image\" content=\"https:\/\/alice.ch\/app\/uploads\/2022\/11\/model_go_fr_Profil_de_competences.png\" \/>\n<meta name=\"twitter:card\" content=\"summary_large_image\" \/>\n<meta name=\"twitter:label1\" content=\"Dur\u00e9e de lecture estim\u00e9e\" \/>\n\t<meta name=\"twitter:data1\" content=\"3 minutes\" \/>\n<script type=\"application\/ld+json\" class=\"yoast-schema-graph\">{\"@context\":\"https:\\\/\\\/schema.org\",\"@graph\":[{\"@type\":\"WebPage\",\"@id\":\"https:\\\/\\\/alice.ch\\\/fr\\\/themes\\\/competences-de-base\\\/go-promotion-des-competences-en-situation-de-travail\\\/le-modele-go\\\/\",\"url\":\"https:\\\/\\\/alice.ch\\\/fr\\\/themes\\\/competences-de-base\\\/go-promotion-des-competences-en-situation-de-travail\\\/le-modele-go\\\/\",\"name\":\"Le mod\u00e8le GO - FSEA\",\"isPartOf\":{\"@id\":\"https:\\\/\\\/alice.ch\\\/fr\\\/#website\"},\"primaryImageOfPage\":{\"@id\":\"https:\\\/\\\/alice.ch\\\/fr\\\/themes\\\/competences-de-base\\\/go-promotion-des-competences-en-situation-de-travail\\\/le-modele-go\\\/#primaryimage\"},\"image\":{\"@id\":\"https:\\\/\\\/alice.ch\\\/fr\\\/themes\\\/competences-de-base\\\/go-promotion-des-competences-en-situation-de-travail\\\/le-modele-go\\\/#primaryimage\"},\"thumbnailUrl\":\"https:\\\/\\\/alice.ch\\\/app\\\/uploads\\\/2022\\\/11\\\/default.jpg\",\"datePublished\":\"2022-08-16T13:47:16+00:00\",\"dateModified\":\"2023-05-11T14:51:26+00:00\",\"breadcrumb\":{\"@id\":\"https:\\\/\\\/alice.ch\\\/fr\\\/themes\\\/competences-de-base\\\/go-promotion-des-competences-en-situation-de-travail\\\/le-modele-go\\\/#breadcrumb\"},\"inLanguage\":\"fr-FR\",\"potentialAction\":[{\"@type\":\"ReadAction\",\"target\":[\"https:\\\/\\\/alice.ch\\\/fr\\\/themes\\\/competences-de-base\\\/go-promotion-des-competences-en-situation-de-travail\\\/le-modele-go\\\/\"]}]},{\"@type\":\"ImageObject\",\"inLanguage\":\"fr-FR\",\"@id\":\"https:\\\/\\\/alice.ch\\\/fr\\\/themes\\\/competences-de-base\\\/go-promotion-des-competences-en-situation-de-travail\\\/le-modele-go\\\/#primaryimage\",\"url\":\"https:\\\/\\\/alice.ch\\\/app\\\/uploads\\\/2022\\\/11\\\/default.jpg\",\"contentUrl\":\"https:\\\/\\\/alice.ch\\\/app\\\/uploads\\\/2022\\\/11\\\/default.jpg\",\"width\":1600,\"height\":900},{\"@type\":\"BreadcrumbList\",\"@id\":\"https:\\\/\\\/alice.ch\\\/fr\\\/themes\\\/competences-de-base\\\/go-promotion-des-competences-en-situation-de-travail\\\/le-modele-go\\\/#breadcrumb\",\"itemListElement\":[{\"@type\":\"ListItem\",\"position\":1,\"name\":\"Page d'accueil\",\"item\":\"https:\\\/\\\/alice.ch\\\/fr\\\/\"},{\"@type\":\"ListItem\",\"position\":2,\"name\":\"Th\u00e8mes\",\"item\":\"https:\\\/\\\/alice.ch\\\/fr\\\/themes\\\/\"},{\"@type\":\"ListItem\",\"position\":3,\"name\":\"Comp\u00e9tences de base\",\"item\":\"https:\\\/\\\/alice.ch\\\/fr\\\/themes\\\/competences-de-base\\\/\"},{\"@type\":\"ListItem\",\"position\":4,\"name\":\"GO : promotion des comp\u00e9tences en situation de travail\",\"item\":\"https:\\\/\\\/alice.ch\\\/fr\\\/themes\\\/competences-de-base\\\/go-promotion-des-competences-en-situation-de-travail\\\/\"},{\"@type\":\"ListItem\",\"position\":5,\"name\":\"Le mod\u00e8le GO\"}]},{\"@type\":\"WebSite\",\"@id\":\"https:\\\/\\\/alice.ch\\\/fr\\\/#website\",\"url\":\"https:\\\/\\\/alice.ch\\\/fr\\\/\",\"name\":\"alice.ch (Adult Learning Information Center) ist das Portal der Weiterbildung in der Schweiz.\",\"description\":\"Schweizerischer Verband f\u00fcr Weiterbildung\",\"publisher\":{\"@id\":\"https:\\\/\\\/alice.ch\\\/fr\\\/#organization\"},\"potentialAction\":[{\"@type\":\"SearchAction\",\"target\":{\"@type\":\"EntryPoint\",\"urlTemplate\":\"https:\\\/\\\/alice.ch\\\/fr\\\/?s={search_term_string}\"},\"query-input\":{\"@type\":\"PropertyValueSpecification\",\"valueRequired\":true,\"valueName\":\"search_term_string\"}}],\"inLanguage\":\"fr-FR\"},{\"@type\":\"Organization\",\"@id\":\"https:\\\/\\\/alice.ch\\\/fr\\\/#organization\",\"name\":\"FSEA F\u00e9d\u00e9ration suisse pour la formation continue\",\"url\":\"https:\\\/\\\/alice.ch\\\/fr\\\/\",\"logo\":{\"@type\":\"ImageObject\",\"inLanguage\":\"fr-FR\",\"@id\":\"https:\\\/\\\/alice.ch\\\/fr\\\/#\\\/schema\\\/logo\\\/image\\\/\",\"url\":\"https:\\\/\\\/alice.ch\\\/app\\\/uploads\\\/2022\\\/07\\\/logo-sveb.png\",\"contentUrl\":\"https:\\\/\\\/alice.ch\\\/app\\\/uploads\\\/2022\\\/07\\\/logo-sveb.png\",\"width\":145,\"height\":64,\"caption\":\"FSEA F\u00e9d\u00e9ration suisse pour la formation continue\"},\"image\":{\"@id\":\"https:\\\/\\\/alice.ch\\\/fr\\\/#\\\/schema\\\/logo\\\/image\\\/\"},\"sameAs\":[\"https:\\\/\\\/www.linkedin.com\\\/company\\\/schweizerischer-verband-fr-weiterbildung-sveb\\\/\"]}]}<\/script>\n<!-- \/ Yoast SEO plugin. -->","yoast_head_json":{"title":"Le mod\u00e8le GO - FSEA","robots":{"index":"index","follow":"follow","max-snippet":"max-snippet:-1","max-image-preview":"max-image-preview:large","max-video-preview":"max-video-preview:-1"},"canonical":"https:\/\/alice.ch\/fr\/themes\/competences-de-base\/go-promotion-des-competences-en-situation-de-travail\/le-modele-go\/","og_locale":"fr_FR","og_type":"article","og_title":"Le mod\u00e8le GO - FSEA","og_description":"Le mod\u00e8le GO GO est un mod\u00e8le de bonne pratique pour la promotion des comp\u00e9tences sur le lieu de travail, [&hellip;]","og_url":"https:\/\/alice.ch\/fr\/themes\/competences-de-base\/go-promotion-des-competences-en-situation-de-travail\/le-modele-go\/","og_site_name":"SVEB","article_modified_time":"2023-05-11T14:51:26+00:00","og_image":[{"url":"https:\/\/alice.ch\/app\/uploads\/2022\/11\/model_go_fr_Profil_de_competences.png","type":"","width":"","height":""}],"twitter_card":"summary_large_image","twitter_misc":{"Dur\u00e9e de lecture estim\u00e9e":"3 minutes"},"schema":{"@context":"https:\/\/schema.org","@graph":[{"@type":"WebPage","@id":"https:\/\/alice.ch\/fr\/themes\/competences-de-base\/go-promotion-des-competences-en-situation-de-travail\/le-modele-go\/","url":"https:\/\/alice.ch\/fr\/themes\/competences-de-base\/go-promotion-des-competences-en-situation-de-travail\/le-modele-go\/","name":"Le mod\u00e8le GO - FSEA","isPartOf":{"@id":"https:\/\/alice.ch\/fr\/#website"},"primaryImageOfPage":{"@id":"https:\/\/alice.ch\/fr\/themes\/competences-de-base\/go-promotion-des-competences-en-situation-de-travail\/le-modele-go\/#primaryimage"},"image":{"@id":"https:\/\/alice.ch\/fr\/themes\/competences-de-base\/go-promotion-des-competences-en-situation-de-travail\/le-modele-go\/#primaryimage"},"thumbnailUrl":"https:\/\/alice.ch\/app\/uploads\/2022\/11\/default.jpg","datePublished":"2022-08-16T13:47:16+00:00","dateModified":"2023-05-11T14:51:26+00:00","breadcrumb":{"@id":"https:\/\/alice.ch\/fr\/themes\/competences-de-base\/go-promotion-des-competences-en-situation-de-travail\/le-modele-go\/#breadcrumb"},"inLanguage":"fr-FR","potentialAction":[{"@type":"ReadAction","target":["https:\/\/alice.ch\/fr\/themes\/competences-de-base\/go-promotion-des-competences-en-situation-de-travail\/le-modele-go\/"]}]},{"@type":"ImageObject","inLanguage":"fr-FR","@id":"https:\/\/alice.ch\/fr\/themes\/competences-de-base\/go-promotion-des-competences-en-situation-de-travail\/le-modele-go\/#primaryimage","url":"https:\/\/alice.ch\/app\/uploads\/2022\/11\/default.jpg","contentUrl":"https:\/\/alice.ch\/app\/uploads\/2022\/11\/default.jpg","width":1600,"height":900},{"@type":"BreadcrumbList","@id":"https:\/\/alice.ch\/fr\/themes\/competences-de-base\/go-promotion-des-competences-en-situation-de-travail\/le-modele-go\/#breadcrumb","itemListElement":[{"@type":"ListItem","position":1,"name":"Page d'accueil","item":"https:\/\/alice.ch\/fr\/"},{"@type":"ListItem","position":2,"name":"Th\u00e8mes","item":"https:\/\/alice.ch\/fr\/themes\/"},{"@type":"ListItem","position":3,"name":"Comp\u00e9tences de base","item":"https:\/\/alice.ch\/fr\/themes\/competences-de-base\/"},{"@type":"ListItem","position":4,"name":"GO : promotion des comp\u00e9tences en situation de travail","item":"https:\/\/alice.ch\/fr\/themes\/competences-de-base\/go-promotion-des-competences-en-situation-de-travail\/"},{"@type":"ListItem","position":5,"name":"Le mod\u00e8le GO"}]},{"@type":"WebSite","@id":"https:\/\/alice.ch\/fr\/#website","url":"https:\/\/alice.ch\/fr\/","name":"alice.ch (Adult Learning Information Center) ist das Portal der Weiterbildung in der Schweiz.","description":"Schweizerischer Verband f\u00fcr Weiterbildung","publisher":{"@id":"https:\/\/alice.ch\/fr\/#organization"},"potentialAction":[{"@type":"SearchAction","target":{"@type":"EntryPoint","urlTemplate":"https:\/\/alice.ch\/fr\/?s={search_term_string}"},"query-input":{"@type":"PropertyValueSpecification","valueRequired":true,"valueName":"search_term_string"}}],"inLanguage":"fr-FR"},{"@type":"Organization","@id":"https:\/\/alice.ch\/fr\/#organization","name":"FSEA F\u00e9d\u00e9ration suisse pour la formation continue","url":"https:\/\/alice.ch\/fr\/","logo":{"@type":"ImageObject","inLanguage":"fr-FR","@id":"https:\/\/alice.ch\/fr\/#\/schema\/logo\/image\/","url":"https:\/\/alice.ch\/app\/uploads\/2022\/07\/logo-sveb.png","contentUrl":"https:\/\/alice.ch\/app\/uploads\/2022\/07\/logo-sveb.png","width":145,"height":64,"caption":"FSEA F\u00e9d\u00e9ration suisse pour la formation continue"},"image":{"@id":"https:\/\/alice.ch\/fr\/#\/schema\/logo\/image\/"},"sameAs":["https:\/\/www.linkedin.com\/company\/schweizerischer-verband-fr-weiterbildung-sveb\/"]}]}},"_links":{"self":[{"href":"https:\/\/alice.ch\/fr\/wp-json\/wp\/v2\/pages\/11076","targetHints":{"allow":["GET"]}}],"collection":[{"href":"https:\/\/alice.ch\/fr\/wp-json\/wp\/v2\/pages"}],"about":[{"href":"https:\/\/alice.ch\/fr\/wp-json\/wp\/v2\/types\/page"}],"author":[{"embeddable":true,"href":"https:\/\/alice.ch\/fr\/wp-json\/wp\/v2\/users\/2"}],"replies":[{"embeddable":true,"href":"https:\/\/alice.ch\/fr\/wp-json\/wp\/v2\/comments?post=11076"}],"version-history":[{"count":21,"href":"https:\/\/alice.ch\/fr\/wp-json\/wp\/v2\/pages\/11076\/revisions"}],"predecessor-version":[{"id":50658,"href":"https:\/\/alice.ch\/fr\/wp-json\/wp\/v2\/pages\/11076\/revisions\/50658"}],"up":[{"embeddable":true,"href":"https:\/\/alice.ch\/fr\/wp-json\/wp\/v2\/pages\/11055"}],"wp:featuredmedia":[{"embeddable":true,"href":"https:\/\/alice.ch\/fr\/wp-json\/wp\/v2\/media\/20799"}],"wp:attachment":[{"href":"https:\/\/alice.ch\/fr\/wp-json\/wp\/v2\/media?parent=11076"}],"curies":[{"name":"wp","href":"https:\/\/api.w.org\/{rel}","templated":true}]}}