{"id":11121,"date":"2022-08-16T16:40:45","date_gmt":"2022-08-16T14:40:45","guid":{"rendered":"https:\/\/projects.atxeit.ch\/sveb\/grundkompetenzen\/einfach-besser-am-arbeitsplatz\/"},"modified":"2024-07-29T15:48:15","modified_gmt":"2024-07-29T13:48:15","slug":"promotion-des-competences-de-base-sur-le-lieu-de-travail","status":"publish","type":"page","link":"https:\/\/alice.ch\/fr\/themes\/competences-de-base\/promotion-des-competences-de-base-sur-le-lieu-de-travail\/","title":{"rendered":"Priorit\u00e9 d&rsquo;encouragement pour la promotion des comp\u00e9tences de base sur le lieu de travail"},"content":{"rendered":"\n<div class=\"wp-block-group is-style-reduced-width is-layout-flow wp-block-group-is-layout-flow\">\n<h1 class=\"wp-block-heading\">Programme de promotion \u00abSimplement mieux!&#8230; au travail\u00bb\u00a0<\/h1>\n\n\n\n<p class=\"is-style-lead\">Depuis 2018, la Conf\u00e9d\u00e9ration et les cantons soutiennent les entreprises qui organisent des cours ax\u00e9s sur la pratique directement sur le lieu de travail afin d&rsquo;am\u00e9liorer les comp\u00e9tences de base de leurs collaboratrices et collaborateurs. Le message du Conseil f\u00e9d\u00e9ral relatif \u00e0 l&rsquo;encouragement de la formation, de la recherche et de l&rsquo;innovation (message FRI) pr\u00e9voit la poursuite du programme <a href=\"https:\/\/www.simplement-mieux.ch\/betriebe.cfm\" target=\"_blank\" rel=\"noreferrer noopener\">\u00abSimplement mieux ! &#8230; au travail\u00bb<\/a> pour les ann\u00e9es 2025-2028.\u00a0\u00a0<\/p>\n\n\n\n<p>Les comp\u00e9tences de base telles que lire, \u00e9crire, calculer, ordinateur et langue sont une condition n\u00e9cessaire pour garantir et am\u00e9liorer les processus de travail dans l&rsquo;entreprise. Avec son programme d&rsquo;encouragement des comp\u00e9tences de base, le Secr\u00e9tariat d&rsquo;Etat \u00e0 la formation, \u00e0 la recherche et \u00e0 l&rsquo;innovation (SEFRI) entend lutter contre la p\u00e9nurie de main-d&rsquo;\u0153uvre qualifi\u00e9e et contribuer \u00e0 ce que le personnel dans les entreprises puisse suivre le rythme des d\u00e9fis sans cesse croissants du monde du travail, comme ceux de la num\u00e9risation.\u00a0\u00a0\u00a0<\/p>\n\n\n\n<h2 class=\"wp-block-heading\">Le mod\u00e8le GO pour un cours sur mesure\u00a0<\/h2>\n\n\n\n<p>Les entreprises sont libres de choisir les contenus et les prestataires.\u00a0 Mais pour que l&rsquo;apprentissage sur le lieu de travail r\u00e9ussisse vraiment, le programme \u00abSimplement mieux!&#8230; au travail\u00bb met \u00e0 disposition le <a href=\"https:\/\/alice.ch\/fr\/themes\/competences-de-base\/go-promotion-des-competences-en-situation-de-travail\/le-modele-go\/\" target=\"_blank\" rel=\"noreferrer noopener\">mod\u00e8le GO<\/a>: cette m\u00e9thode permet, en cinq \u00e9tapes syst\u00e9matiques, d&rsquo;adapter les cours aux postes de travail et \u00e0 l&rsquo;entreprise de mani\u00e8re \u00e0 ce que les participantes et participants et les entreprises en profitent au maximum. Le contenu des cours s&rsquo;oriente vers des situations et des supports de travail concrets et est adapt\u00e9 individuellement aux besoins des participants. Ainsi, les t\u00e2ches font imm\u00e9diatement sens, m\u00eame pour les personnes peu habitu\u00e9es \u00e0 apprendre. En peu de temps, les collaboratrices et collaborateurs sont sensiblement plus motiv\u00e9s et plus autonomes. Des collaborateurs plus s\u00fbrs et plus comp\u00e9tents entra\u00eenent \u00e0 leur tour une augmentation de la qualit\u00e9 et de la productivit\u00e9 ou am\u00e9liorent la communication interne \u00e0 l&rsquo;entreprise.\u00a0\u00a0\u00a0<\/p>\n\n\n\n<h2 class=\"wp-block-heading\">Le r\u00f4le important des prestataires de formation\u00a0<\/h2>\n\n\n\n<p>Le programme de promotion des comp\u00e9tences de base en entreprise s\u2019adresse aux entreprises, aux fonds sectoriels et aux organisations du monde du travail (OrTra).&nbsp;<\/p>\n\n\n\n<p>Les prestataires de formation exp\u00e9riment\u00e9s jouent un r\u00f4le important en faisant conna\u00eetre aux entreprises l&rsquo;utilit\u00e9 et les concepts de ces mesures, en les accompagnant dans le d\u00e9veloppement des cours et en les soutenant dans le d\u00e9p\u00f4t des demandes. Afin qu&rsquo;ils puissent saisir cette opportunit\u00e9, la FSEA soutient les prestataires avec des m\u00e9thodes appropri\u00e9es, des conseils techniques, ainsi qu&rsquo;un soutien dans la communication pour l&rsquo;acquisition et le r\u00e9seautage.&nbsp;<\/p>\n\n\n\n<p>Ainsi, la formation continue GO mise au point par la FSEA fournit aux prestataires, sous forme de modules courts, les bases de la m\u00e9thode GO, pour l&rsquo;acquisition d&rsquo;entreprises, pour le d\u00e9p\u00f4t de demandes et pour la mise en \u0153uvre optimale dans les entreprises. Les Bo\u00eetes \u00e0 outils GO contiennent du mat\u00e9riel facile \u00e0 comprendre pour le d\u00e9veloppement des cours sur le lieu de travail. Elles sont \u00e0 la disposition de toutes les personnes int\u00e9ress\u00e9es comme instrument de travail et ont d\u00e9j\u00e0 \u00e9t\u00e9 test\u00e9es avec succ\u00e8s dans diff\u00e9rentes branches.&nbsp;&nbsp;<\/p>\n\n\n\n<h2 class=\"wp-block-heading\">Demandes possibles en tout temps\u00a0<\/h2>\n\n\n\n<p>Le site web en trois langues du programme de soutien (www.simplement-mieux.ch\/entreprises) contient toutes les informations n\u00e9cessaires \u00e0 la soumission des demandes, qui peuvent \u00eatre d\u00e9pos\u00e9es \u00e0 tout moment. Le portail contient \u00e9galement des explications sur le financement, les conditions de soutien, la proc\u00e9dure \u00e0 suivre. Les prestataires de formation peuvent \u00eatre trouv\u00e9s gr\u00e2ce \u00e0 une fonction de recherche par canton et par domaine de comp\u00e9tence souhait\u00e9.\u00a0\u00a0\u00a0<\/p>\n\n\n\n<p>Le c\u0153ur de la plate-forme est constitu\u00e9 par les \u00ab<a href=\"https:\/\/www.stories-travail.simplement-mieux.ch\/\" target=\"_blank\" rel=\"noreferrer noopener\">Stories<\/a>\u00bb, des t\u00e9moignages du point de vue des entreprises, que la FSEA r\u00e9alise sur mandat du SEFRI comme source d&rsquo;inspiration et pour une meilleure compr\u00e9hension du programme d&rsquo;encouragement. Dans des vid\u00e9os, les cadres et les participants de diff\u00e9rentes branches racontent comment ils vivent le cours et quels b\u00e9n\u00e9fices ils en retirent.\u00a0<\/p>\n\n\n\n<p>Ces exemples tir\u00e9s de la pratique ont pour but d\u2019inspirer d\u2019autres entreprises \u00e0 d\u00e9velopper leurs propres cours.\u00a0<\/p>\n\n\n\n<h2 class=\"wp-block-heading\">Faire conna\u00eetre plus largement le programme de soutien \u00abSimplement mieux! &#8230; au travail\u00bb\u00a0<\/h2>\n\n\n\n<p>De nombreux exemples de cours provenant des branches les plus vari\u00e9es d\u00e9montrent le potentiel qu\u2019un cours qui renforce les comp\u00e9tences de base peut repr\u00e9senter autant pour l\u2019entreprise que pour ses collaboratrices et collaborateurs. Cependant, pour convaincre encore plus d\u2019entreprises \u00e0 soutenir les comp\u00e9tences de base en interne, le programme d\u2019encouragement a besoin d\u2019\u00eatre beaucoup mieux connu.<\/p>\n\n\n\n<div class=\"wp-block-buttons is-layout-flex wp-block-buttons-is-layout-flex\">\n<div class=\"wp-block-button is-style-outline is-style-outline--1\"><a class=\"wp-block-button__link wp-element-button\" href=\"https:\/\/www.simplement-mieux.ch\/betriebe.cfm\" target=\"_blank\" rel=\"noreferrer noopener\">\u00abSimplement mieux ! &#8230; au travail\u00bb<\/a><\/div>\n<\/div>\n\n\n\n<h2 class=\"wp-block-heading\">Contact<\/h2>\n\n\n\n<div class=\"wp-block-columns is-layout-flex wp-container-core-columns-is-layout-28f84493 wp-block-columns-is-layout-flex\">\n<div class=\"wp-block-column is-layout-flow wp-block-column-is-layout-flow\" style=\"flex-basis:50%\"><div class=\"contact-persons\">\n\n\t\t\t\t\t<div class=\"contact-person\">\n\t\t\t\t\tCaroline Meier Quevedo<br \/>\t\t\t\t\tDirectrice du secr\u00e9tariat romand<br \/>\t\t\t\t\t<br \/>\n\t\t\t\t\t\t\t\t\t\t<a href=\"tel:+41 (0)22 994 20 10\">+41 (0)22 994 20 10<\/a><br \/>\t\t\t\t\t<a href=\"mailto:caroline.meier@alice.ch\">caroline.meier@alice.ch<\/a><br \/>\t\t\t\t\t<\/div>\n\t\t\t\t\t<\/div>\n<\/div>\n\n\n\n<div class=\"wp-block-column is-layout-flow wp-block-column-is-layout-flow\" style=\"flex-basis:50%\"><\/div>\n<\/div>\n<\/div>\n","protected":false},"excerpt":{"rendered":"<p>Programme de promotion \u00abSimplement mieux!&#8230; au travail\u00bb\u00a0 Depuis 2018, la Conf\u00e9d\u00e9ration et les cantons soutiennent les entreprises qui organisent des [&hellip;]<\/p>\n","protected":false},"author":2,"featured_media":20799,"parent":11009,"menu_order":83,"comment_status":"closed","ping_status":"closed","template":"","meta":{"_acf_changed":false,"inline_featured_image":false,"footnotes":""},"class_list":["post-11121","page","type-page","status-publish","has-post-thumbnail","hentry"],"acf":[],"yoast_head":"<!-- This site is optimized with the Yoast SEO plugin v27.3 - https:\/\/yoast.com\/product\/yoast-seo-wordpress\/ -->\n<title>Priorit\u00e9 d&#039;encouragement pour la promotion des comp\u00e9tences de base sur le lieu de travail - FSEA<\/title>\n<meta name=\"description\" content=\"Le point fort de l&#039;encouragement aide les entreprises \u00e0 maintenir leurs collaborateurs pour relever les d\u00e9fis sur le lieu de travail.\" \/>\n<meta name=\"robots\" content=\"index, follow, max-snippet:-1, max-image-preview:large, max-video-preview:-1\" \/>\n<link rel=\"canonical\" href=\"https:\/\/alice.ch\/fr\/themes\/competences-de-base\/promotion-des-competences-de-base-sur-le-lieu-de-travail\/\" \/>\n<meta property=\"og:locale\" content=\"fr_FR\" \/>\n<meta property=\"og:type\" content=\"article\" \/>\n<meta property=\"og:title\" content=\"Priorit\u00e9 d&#039;encouragement pour la promotion des comp\u00e9tences de base sur le lieu de travail - FSEA\" \/>\n<meta property=\"og:description\" content=\"Le point fort de l&#039;encouragement aide les entreprises \u00e0 maintenir leurs collaborateurs pour relever les d\u00e9fis sur le lieu de travail.\" \/>\n<meta property=\"og:url\" content=\"https:\/\/alice.ch\/fr\/themes\/competences-de-base\/promotion-des-competences-de-base-sur-le-lieu-de-travail\/\" \/>\n<meta property=\"og:site_name\" content=\"SVEB\" \/>\n<meta property=\"article:modified_time\" content=\"2024-07-29T13:48:15+00:00\" \/>\n<meta name=\"twitter:card\" content=\"summary_large_image\" \/>\n<meta name=\"twitter:label1\" content=\"Dur\u00e9e de lecture estim\u00e9e\" \/>\n\t<meta name=\"twitter:data1\" content=\"3 minutes\" \/>\n<script type=\"application\/ld+json\" class=\"yoast-schema-graph\">{\"@context\":\"https:\\\/\\\/schema.org\",\"@graph\":[{\"@type\":\"WebPage\",\"@id\":\"https:\\\/\\\/alice.ch\\\/fr\\\/themes\\\/competences-de-base\\\/promotion-des-competences-de-base-sur-le-lieu-de-travail\\\/\",\"url\":\"https:\\\/\\\/alice.ch\\\/fr\\\/themes\\\/competences-de-base\\\/promotion-des-competences-de-base-sur-le-lieu-de-travail\\\/\",\"name\":\"Priorit\u00e9 d'encouragement pour la promotion des comp\u00e9tences de base sur le lieu de travail - FSEA\",\"isPartOf\":{\"@id\":\"https:\\\/\\\/alice.ch\\\/fr\\\/#website\"},\"primaryImageOfPage\":{\"@id\":\"https:\\\/\\\/alice.ch\\\/fr\\\/themes\\\/competences-de-base\\\/promotion-des-competences-de-base-sur-le-lieu-de-travail\\\/#primaryimage\"},\"image\":{\"@id\":\"https:\\\/\\\/alice.ch\\\/fr\\\/themes\\\/competences-de-base\\\/promotion-des-competences-de-base-sur-le-lieu-de-travail\\\/#primaryimage\"},\"thumbnailUrl\":\"https:\\\/\\\/alice.ch\\\/app\\\/uploads\\\/2022\\\/11\\\/default.jpg\",\"datePublished\":\"2022-08-16T14:40:45+00:00\",\"dateModified\":\"2024-07-29T13:48:15+00:00\",\"description\":\"Le point fort de l'encouragement aide les entreprises \u00e0 maintenir leurs collaborateurs pour relever les d\u00e9fis sur le lieu de travail.\",\"breadcrumb\":{\"@id\":\"https:\\\/\\\/alice.ch\\\/fr\\\/themes\\\/competences-de-base\\\/promotion-des-competences-de-base-sur-le-lieu-de-travail\\\/#breadcrumb\"},\"inLanguage\":\"fr-FR\",\"potentialAction\":[{\"@type\":\"ReadAction\",\"target\":[\"https:\\\/\\\/alice.ch\\\/fr\\\/themes\\\/competences-de-base\\\/promotion-des-competences-de-base-sur-le-lieu-de-travail\\\/\"]}]},{\"@type\":\"ImageObject\",\"inLanguage\":\"fr-FR\",\"@id\":\"https:\\\/\\\/alice.ch\\\/fr\\\/themes\\\/competences-de-base\\\/promotion-des-competences-de-base-sur-le-lieu-de-travail\\\/#primaryimage\",\"url\":\"https:\\\/\\\/alice.ch\\\/app\\\/uploads\\\/2022\\\/11\\\/default.jpg\",\"contentUrl\":\"https:\\\/\\\/alice.ch\\\/app\\\/uploads\\\/2022\\\/11\\\/default.jpg\",\"width\":1600,\"height\":900},{\"@type\":\"BreadcrumbList\",\"@id\":\"https:\\\/\\\/alice.ch\\\/fr\\\/themes\\\/competences-de-base\\\/promotion-des-competences-de-base-sur-le-lieu-de-travail\\\/#breadcrumb\",\"itemListElement\":[{\"@type\":\"ListItem\",\"position\":1,\"name\":\"Page d'accueil\",\"item\":\"https:\\\/\\\/alice.ch\\\/fr\\\/\"},{\"@type\":\"ListItem\",\"position\":2,\"name\":\"Th\u00e8mes\",\"item\":\"https:\\\/\\\/alice.ch\\\/fr\\\/themes\\\/\"},{\"@type\":\"ListItem\",\"position\":3,\"name\":\"Comp\u00e9tences de base\",\"item\":\"https:\\\/\\\/alice.ch\\\/fr\\\/themes\\\/competences-de-base\\\/\"},{\"@type\":\"ListItem\",\"position\":4,\"name\":\"Priorit\u00e9 d&#8217;encouragement pour la promotion des comp\u00e9tences de base sur le lieu de travail\"}]},{\"@type\":\"WebSite\",\"@id\":\"https:\\\/\\\/alice.ch\\\/fr\\\/#website\",\"url\":\"https:\\\/\\\/alice.ch\\\/fr\\\/\",\"name\":\"alice.ch (Adult Learning Information Center) ist das Portal der Weiterbildung in der Schweiz.\",\"description\":\"Schweizerischer Verband f\u00fcr Weiterbildung\",\"publisher\":{\"@id\":\"https:\\\/\\\/alice.ch\\\/fr\\\/#organization\"},\"potentialAction\":[{\"@type\":\"SearchAction\",\"target\":{\"@type\":\"EntryPoint\",\"urlTemplate\":\"https:\\\/\\\/alice.ch\\\/fr\\\/?s={search_term_string}\"},\"query-input\":{\"@type\":\"PropertyValueSpecification\",\"valueRequired\":true,\"valueName\":\"search_term_string\"}}],\"inLanguage\":\"fr-FR\"},{\"@type\":\"Organization\",\"@id\":\"https:\\\/\\\/alice.ch\\\/fr\\\/#organization\",\"name\":\"FSEA F\u00e9d\u00e9ration suisse pour la formation continue\",\"url\":\"https:\\\/\\\/alice.ch\\\/fr\\\/\",\"logo\":{\"@type\":\"ImageObject\",\"inLanguage\":\"fr-FR\",\"@id\":\"https:\\\/\\\/alice.ch\\\/fr\\\/#\\\/schema\\\/logo\\\/image\\\/\",\"url\":\"https:\\\/\\\/alice.ch\\\/app\\\/uploads\\\/2022\\\/07\\\/logo-sveb.png\",\"contentUrl\":\"https:\\\/\\\/alice.ch\\\/app\\\/uploads\\\/2022\\\/07\\\/logo-sveb.png\",\"width\":145,\"height\":64,\"caption\":\"FSEA F\u00e9d\u00e9ration suisse pour la formation continue\"},\"image\":{\"@id\":\"https:\\\/\\\/alice.ch\\\/fr\\\/#\\\/schema\\\/logo\\\/image\\\/\"},\"sameAs\":[\"https:\\\/\\\/www.linkedin.com\\\/company\\\/schweizerischer-verband-fr-weiterbildung-sveb\\\/\"]}]}<\/script>\n<!-- \/ Yoast SEO plugin. -->","yoast_head_json":{"title":"Priorit\u00e9 d'encouragement pour la promotion des comp\u00e9tences de base sur le lieu de travail - FSEA","description":"Le point fort de l'encouragement aide les entreprises \u00e0 maintenir leurs collaborateurs pour relever les d\u00e9fis sur le lieu de travail.","robots":{"index":"index","follow":"follow","max-snippet":"max-snippet:-1","max-image-preview":"max-image-preview:large","max-video-preview":"max-video-preview:-1"},"canonical":"https:\/\/alice.ch\/fr\/themes\/competences-de-base\/promotion-des-competences-de-base-sur-le-lieu-de-travail\/","og_locale":"fr_FR","og_type":"article","og_title":"Priorit\u00e9 d'encouragement pour la promotion des comp\u00e9tences de base sur le lieu de travail - FSEA","og_description":"Le point fort de l'encouragement aide les entreprises \u00e0 maintenir leurs collaborateurs pour relever les d\u00e9fis sur le lieu de travail.","og_url":"https:\/\/alice.ch\/fr\/themes\/competences-de-base\/promotion-des-competences-de-base-sur-le-lieu-de-travail\/","og_site_name":"SVEB","article_modified_time":"2024-07-29T13:48:15+00:00","twitter_card":"summary_large_image","twitter_misc":{"Dur\u00e9e de lecture estim\u00e9e":"3 minutes"},"schema":{"@context":"https:\/\/schema.org","@graph":[{"@type":"WebPage","@id":"https:\/\/alice.ch\/fr\/themes\/competences-de-base\/promotion-des-competences-de-base-sur-le-lieu-de-travail\/","url":"https:\/\/alice.ch\/fr\/themes\/competences-de-base\/promotion-des-competences-de-base-sur-le-lieu-de-travail\/","name":"Priorit\u00e9 d'encouragement pour la promotion des comp\u00e9tences de base sur le lieu de travail - FSEA","isPartOf":{"@id":"https:\/\/alice.ch\/fr\/#website"},"primaryImageOfPage":{"@id":"https:\/\/alice.ch\/fr\/themes\/competences-de-base\/promotion-des-competences-de-base-sur-le-lieu-de-travail\/#primaryimage"},"image":{"@id":"https:\/\/alice.ch\/fr\/themes\/competences-de-base\/promotion-des-competences-de-base-sur-le-lieu-de-travail\/#primaryimage"},"thumbnailUrl":"https:\/\/alice.ch\/app\/uploads\/2022\/11\/default.jpg","datePublished":"2022-08-16T14:40:45+00:00","dateModified":"2024-07-29T13:48:15+00:00","description":"Le point fort de l'encouragement aide les entreprises \u00e0 maintenir leurs collaborateurs pour relever les d\u00e9fis sur le lieu de travail.","breadcrumb":{"@id":"https:\/\/alice.ch\/fr\/themes\/competences-de-base\/promotion-des-competences-de-base-sur-le-lieu-de-travail\/#breadcrumb"},"inLanguage":"fr-FR","potentialAction":[{"@type":"ReadAction","target":["https:\/\/alice.ch\/fr\/themes\/competences-de-base\/promotion-des-competences-de-base-sur-le-lieu-de-travail\/"]}]},{"@type":"ImageObject","inLanguage":"fr-FR","@id":"https:\/\/alice.ch\/fr\/themes\/competences-de-base\/promotion-des-competences-de-base-sur-le-lieu-de-travail\/#primaryimage","url":"https:\/\/alice.ch\/app\/uploads\/2022\/11\/default.jpg","contentUrl":"https:\/\/alice.ch\/app\/uploads\/2022\/11\/default.jpg","width":1600,"height":900},{"@type":"BreadcrumbList","@id":"https:\/\/alice.ch\/fr\/themes\/competences-de-base\/promotion-des-competences-de-base-sur-le-lieu-de-travail\/#breadcrumb","itemListElement":[{"@type":"ListItem","position":1,"name":"Page d'accueil","item":"https:\/\/alice.ch\/fr\/"},{"@type":"ListItem","position":2,"name":"Th\u00e8mes","item":"https:\/\/alice.ch\/fr\/themes\/"},{"@type":"ListItem","position":3,"name":"Comp\u00e9tences de base","item":"https:\/\/alice.ch\/fr\/themes\/competences-de-base\/"},{"@type":"ListItem","position":4,"name":"Priorit\u00e9 d&#8217;encouragement pour la promotion des comp\u00e9tences de base sur le lieu de travail"}]},{"@type":"WebSite","@id":"https:\/\/alice.ch\/fr\/#website","url":"https:\/\/alice.ch\/fr\/","name":"alice.ch (Adult Learning Information Center) ist das Portal der Weiterbildung in der Schweiz.","description":"Schweizerischer Verband f\u00fcr Weiterbildung","publisher":{"@id":"https:\/\/alice.ch\/fr\/#organization"},"potentialAction":[{"@type":"SearchAction","target":{"@type":"EntryPoint","urlTemplate":"https:\/\/alice.ch\/fr\/?s={search_term_string}"},"query-input":{"@type":"PropertyValueSpecification","valueRequired":true,"valueName":"search_term_string"}}],"inLanguage":"fr-FR"},{"@type":"Organization","@id":"https:\/\/alice.ch\/fr\/#organization","name":"FSEA F\u00e9d\u00e9ration suisse pour la formation continue","url":"https:\/\/alice.ch\/fr\/","logo":{"@type":"ImageObject","inLanguage":"fr-FR","@id":"https:\/\/alice.ch\/fr\/#\/schema\/logo\/image\/","url":"https:\/\/alice.ch\/app\/uploads\/2022\/07\/logo-sveb.png","contentUrl":"https:\/\/alice.ch\/app\/uploads\/2022\/07\/logo-sveb.png","width":145,"height":64,"caption":"FSEA F\u00e9d\u00e9ration suisse pour la formation continue"},"image":{"@id":"https:\/\/alice.ch\/fr\/#\/schema\/logo\/image\/"},"sameAs":["https:\/\/www.linkedin.com\/company\/schweizerischer-verband-fr-weiterbildung-sveb\/"]}]}},"_links":{"self":[{"href":"https:\/\/alice.ch\/fr\/wp-json\/wp\/v2\/pages\/11121","targetHints":{"allow":["GET"]}}],"collection":[{"href":"https:\/\/alice.ch\/fr\/wp-json\/wp\/v2\/pages"}],"about":[{"href":"https:\/\/alice.ch\/fr\/wp-json\/wp\/v2\/types\/page"}],"author":[{"embeddable":true,"href":"https:\/\/alice.ch\/fr\/wp-json\/wp\/v2\/users\/2"}],"replies":[{"embeddable":true,"href":"https:\/\/alice.ch\/fr\/wp-json\/wp\/v2\/comments?post=11121"}],"version-history":[{"count":12,"href":"https:\/\/alice.ch\/fr\/wp-json\/wp\/v2\/pages\/11121\/revisions"}],"predecessor-version":[{"id":61286,"href":"https:\/\/alice.ch\/fr\/wp-json\/wp\/v2\/pages\/11121\/revisions\/61286"}],"up":[{"embeddable":true,"href":"https:\/\/alice.ch\/fr\/wp-json\/wp\/v2\/pages\/11009"}],"wp:featuredmedia":[{"embeddable":true,"href":"https:\/\/alice.ch\/fr\/wp-json\/wp\/v2\/media\/20799"}],"wp:attachment":[{"href":"https:\/\/alice.ch\/fr\/wp-json\/wp\/v2\/media?parent=11121"}],"curies":[{"name":"wp","href":"https:\/\/api.w.org\/{rel}","templated":true}]}}