{"id":11174,"date":"2022-08-16T16:21:32","date_gmt":"2022-08-16T14:21:32","guid":{"rendered":"https:\/\/projects.atxeit.ch\/sveb\/digitalisierung\/digitale-transformation\/"},"modified":"2024-04-30T13:41:45","modified_gmt":"2024-04-30T11:41:45","slug":"transformation-numerique","status":"publish","type":"page","link":"https:\/\/alice.ch\/fr\/themes\/la-numerisation\/transformation-numerique\/","title":{"rendered":"Transformation num\u00e9rique"},"content":{"rendered":"\n<div class=\"wp-block-group is-style-reduced-width is-layout-flow wp-block-group-is-layout-flow\">\n<h1 class=\"wp-block-heading\">La transformation num\u00e9rique dans les institutions de formation continue<\/h1>\n\n\n\n<p class=\"is-style-lead\">L\u2019offre de formation continue a nettement chang\u00e9 depuis 2020. Bien des formats ont \u00e9t\u00e9 num\u00e9ris\u00e9s ou sont le fruit de nouveaux d\u00e9veloppements. Ces changements ne se situent pas uniquement au niveau de l\u2019offre. Les structures, les processus et les exigences de qualification envers le personnel \u00e9galement sont concern\u00e9s par la pouss\u00e9e de num\u00e9risation.<\/p>\n\n\n\n<p>Dans ce contexte, la FSEA souhaite avec ce projet soutenir les petits et moyens prestataires de formation continue pour leur transformation num\u00e9rique.<\/p>\n\n\n\n<h2 class=\"wp-block-heading\">Interviews avec des experts et expertes&nbsp;&nbsp;&nbsp;<\/h2>\n\n\n\n<p>Dans le cadre du projet de d\u00e9veloppement, des entretiens ont \u00e9t\u00e9 men\u00e9s avec divers prestataires de formation continue et sp\u00e9cialistes dans le domaine de la num\u00e9risation. Cette enqu\u00eate visait \u00e0 identifier le plus grand challenge ou le plus grand besoin d\u2019agir aux diff\u00e9rents niveaux de la transformation num\u00e9rique dans une institution de formation continue. Les entretiens ont montr\u00e9 que la transformation num\u00e9rique sur le plan organisationnel constitue un d\u00e9fi pour de nombreux prestataires et doit \u00eatre agenc\u00e9e encore plus activement.&nbsp;<\/p>\n\n\n\n<h2 class=\"wp-block-heading\">Outil d\u2019analyse pour la mise en \u0153uvre de la transformation num\u00e9rique sur le plan organisationnel<\/h2>\n\n\n\n<p>L\u2019<a href=\"https:\/\/alice.ch\/app\/uploads\/2022\/11\/FR_Analysetool_Digitale_Transformation.pdf\" target=\"_blank\" rel=\"noreferrer noopener\">outil d\u2019analyse<\/a>&nbsp;apporte une aide pour la transformation num\u00e9rique. Il s\u2019appuie sur le mod\u00e8le europ\u00e9en&nbsp;<a href=\"https:\/\/joint-research-centre.ec.europa.eu\/european-framework-digitally-competent-educational-organisations-digcomporg_en\" target=\"_blank\" rel=\"noreferrer noopener\">DigCompOrg<\/a>&nbsp;et entend inciter \u00e0 la r\u00e9flexion. Il ne donne pas de recommandations d\u2019action directes, mais peut mettre en \u00e9vidence des facteurs de soutien pour stimuler activement la transformation num\u00e9rique dans les organisations.<\/p>\n\n\n\n<div class=\"wp-block-columns is-layout-flex wp-container-core-columns-is-layout-28f84493 wp-block-columns-is-layout-flex\">\n<div class=\"wp-block-column is-layout-flow wp-block-column-is-layout-flow\" style=\"flex-basis:50%\">\n<div class=\"wp-block-file\"><a id=\"wp-block-file--media-eec9df04-5b29-4ed0-89c9-db8c1ad39e07\" href=\"https:\/\/alice.ch\/app\/uploads\/2022\/11\/FR_Analysetool_Digitale_Transformation.pdf\" target=\"_blank\" rel=\"noreferrer noopener\">Outil d\u2019analyse pour la mise en \u0153uvre de la transformation num\u00e9rique<br \/>PDF &#8211; 844 kb<\/a><\/div>\n<\/div>\n\n\n\n<div class=\"wp-block-column is-layout-flow wp-block-column-is-layout-flow\" style=\"flex-basis:50%\"><\/div>\n<\/div>\n\n\n\n<h2 class=\"wp-block-heading\">Cercle de bonnes pratiques<\/h2>\n\n\n\n<p>Afin de d\u00e9velopper l\u2019organisation et d\u2019optimiser les processus, la FSEA propose pour la transformation num\u00e9rique sur le plan organisationnel un cercle de bonnes pratiques. Il s\u2019adresse aux petits et moyens prestataires en Suisse qui souhaitent progresser et faire avancer la transformation num\u00e9rique sur le plan organisationnel gr\u00e2ce aux exp\u00e9riences d\u2019autres organisations et \u00e0 un \u00e9change mutuel.<\/p>\n\n\n\n<p>La <a href=\"https:\/\/www.crfba.ch\/communaute-de-pratiques-sur-lusage-des-tic-en-formation-de-base\/\">CRFBA<\/a> (Coordination romande pour la Formation de Base des Adultes) poursuit un projet similaire avec sa \u00ab&nbsp;Communaut\u00e9 de Pratiques&nbsp;\u00bb. Sur la base de leurs exp\u00e9riences apr\u00e8s deux ans, ils ont \u00e9labor\u00e9 diff\u00e9rentes recommandations d\u2019action.<\/p>\n\n\n\n<h2 class=\"wp-block-heading\">Cinq recettes pour d\u00e9marrer une transformation num\u00e9rique<\/h2>\n\n\n\n<p>Avec les connaissances acquises lors des cercles de bonnes pratiques, la FSEA a \u00e9labor\u00e9 un <a href=\"https:\/\/alice.ch\/app\/uploads\/2023\/02\/FSEA-encourager-la-transformation-numerique.pdf\" target=\"_blank\" rel=\"noreferrer noopener\">poster <\/a>contenant cinq recettes pour la transformation num\u00e9rique dans les institutions de formation continue. Il s&rsquo;agit d&rsquo;id\u00e9es d\u00e9j\u00e0 mises en \u0153uvre dans la pratique et qui ont \u00e9t\u00e9 trait\u00e9es dans ces cercles de bonnes pratiques.<\/p>\n\n\n\n<div class=\"wp-block-buttons is-layout-flex wp-block-buttons-is-layout-flex\">\n<div class=\"wp-block-button has-custom-width wp-block-button__width-50 is-style-outline is-style-outline--1\"><a class=\"wp-block-button__link wp-element-button\" href=\"https:\/\/alice.ch\/fr\/themes\/la-numerisation\/transformation-numerique\/lancer-la-transformation-numerique\/\">Encourager la transformation num\u00e9rique dans votre organisation&nbsp;<\/a><\/div>\n<\/div>\n\n\n\n<h2 class=\"wp-block-heading\">Projets actuels<\/h2>\n\n\n\n<div class=\"wp-block-query is-layout-flow wp-block-query-is-layout-flow\"><ul class=\"wp-block-post-template is-layout-flow wp-block-post-template-is-layout-flow\"><li class=\"wp-block-post post-73023 project type-project status-publish has-post-thumbnail hentry project-category-numerisation project-region-eu project-region-ue-fr global-category-digitalisierung global-category-digitalli-fr global-category-ia-et-formation-continue\">\n\n<a class=\"project-item\" href=\"https:\/\/alice.ch\/fr\/project\/voices-voices-of-immigrants-creating-empathy-social-cohesion\/\" >\n\n\t<div class=\"title\">\n\t\t<h3>VOICES \u2013 Voices of Immigrants creating Empathy &amp; Social Cohesion<\/h3>\n\t\t<p>Renforcement de la participation sociale et du sentiment d&rsquo;appartenance des personnes migrantes<\/p>\n\t<\/div>\n\t<div class=\"meta\">\n\t\t<div class=\"date\">2025\u20132028<\/div>\n\t\t<div class=\"place\">UE<\/div>\n\t<\/div>\n\t<div class=\"more\">\n\t\t<span class=\"button\">en savoir plus<\/span>\n\t<\/div>\n<\/a>\n\n<\/li><li class=\"wp-block-post post-68739 project type-project status-publish has-post-thumbnail hentry project-category-numerisation project-region-eu project-region-ue-fr global-category-digitalisierung-fr global-category-ethlae-fr global-category-ia-et-formation-continue global-category-movetia-fr global-category-professionalisierung-fr global-category-projet-ue\">\n\n<a class=\"project-item\" href=\"https:\/\/alice.ch\/fr\/project\/ethlae-emerging-technology-for-holistic-literacy-in-adult-education\/\" >\n\n\t<div class=\"title\">\n\t\t<h3>ETHLAE \u2013 Emerging Technology for Holistic Literacy in Adult Education<\/h3>\n\t\t<p>Saisir et \u00e9valuer les \u00abtechnologies \u00e9mergentes\u00bb pour la promotion des comp\u00e9tences de base<\/p>\n\t<\/div>\n\t<div class=\"meta\">\n\t\t<div class=\"date\">2024\u20132026<\/div>\n\t\t<div class=\"place\">UE<\/div>\n\t<\/div>\n\t<div class=\"more\">\n\t\t<span class=\"button\">en savoir plus<\/span>\n\t<\/div>\n<\/a>\n\n<\/li><li class=\"wp-block-post post-69437 project type-project status-publish has-post-thumbnail hentry project-category-numerisation project-region-eu project-region-ue-fr global-category-digitalisierung-fr global-category-digitalli-fr global-category-ia-et-formation-continue global-category-movetia-fr global-category-professionalisierung global-category-professionalisierung-fr global-category-projet-ue\">\n\n<a class=\"project-item\" href=\"https:\/\/alice.ch\/fr\/project\/digitalli-digital-strategies-for-lifelong-learning-institutions\/\" >\n\n\t<div class=\"title\">\n\t\t<h3>DIGITALLI &#8211; Digital Strategies for Lifelong Learning Institutions<\/h3>\n\t\t<p>Soutenir les organisations de formation continue dans leur transformation num\u00e9rique<\/p>\n\t<\/div>\n\t<div class=\"meta\">\n\t\t<div class=\"date\">2024\u20132026<\/div>\n\t\t<div class=\"place\">UE<\/div>\n\t<\/div>\n\t<div class=\"more\">\n\t\t<span class=\"button\">en savoir plus<\/span>\n\t<\/div>\n<\/a>\n\n<\/li><li class=\"wp-block-post post-66007 project type-project status-publish has-post-thumbnail hentry project-category-numerisation project-region-eu project-region-ue-fr global-category-blocked-fr global-category-projet-ue global-category-weiterbildungssystem\">\n\n<a class=\"project-item\" href=\"https:\/\/alice.ch\/fr\/project\/blocked-empowering-adult-learners-through-microcredential-blockchain-integration\/\" >\n\n\t<div class=\"title\">\n\t\t<h3>BlockED \u2013 Empowering Adult Learners through Microcredential Blockchain Integration<\/h3>\n\t\t<p>D\u00e9veloppement des comp\u00e9tences des formateurs et formatrices dans les domaines des microcertifications et du blockchain<\/p>\n\t<\/div>\n\t<div class=\"meta\">\n\t\t<div class=\"date\">2024\u20132026<\/div>\n\t\t<div class=\"place\">UE<\/div>\n\t<\/div>\n\t<div class=\"more\">\n\t\t<span class=\"button\">en savoir plus<\/span>\n\t<\/div>\n<\/a>\n\n<\/li><li class=\"wp-block-post post-55846 project type-project status-publish has-post-thumbnail hentry project-category-digitalisierung project-category-numerisation project-region-eu project-region-ue-fr global-category-digitalisierung-fr global-category-ia-et-formation-continue global-category-ki-in-der-weiterbildung global-category-professionalisierung-fr\">\n\n<a class=\"project-item\" href=\"https:\/\/alice.ch\/fr\/project\/ai4al-artificial-intelligence-4-adult-learning\/\" >\n\n\t<div class=\"title\">\n\t\t<h3>AI4AL (Artificial Intelligence 4 Adult Learning)<\/h3>\n\t\t<p>Intelligence artificielle (IA) pour l&rsquo;\u00e9ducation des adultes<\/p>\n\t<\/div>\n\t<div class=\"meta\">\n\t\t<div class=\"date\">2022\u20132024<\/div>\n\t\t<div class=\"place\">UE<\/div>\n\t<\/div>\n\t<div class=\"more\">\n\t\t<span class=\"button\">en savoir plus<\/span>\n\t<\/div>\n<\/a>\n\n<\/li><li class=\"wp-block-post post-10201 project type-project status-publish has-post-thumbnail hentry project-category-numerisation project-region-ch-fr project-region-ch\">\n\n<a class=\"project-item\" href=\"https:\/\/alice.ch\/fr\/project\/la-transformation-numerique-dans-les-institutions-de-formation-continue\/\" >\n\n\t<div class=\"title\">\n\t\t<h3>La transformation num\u00e9rique dans les institutions de formation continue<\/h3>\n\t\t<p>Outil d&rsquo;analyse pour la mise en \u0153uvre de la transformation num\u00e9rique au niveau de l&rsquo;organisation<\/p>\n\t<\/div>\n\t<div class=\"meta\">\n\t\t<div class=\"date\">2022\u20132022<\/div>\n\t\t<div class=\"place\">CH<\/div>\n\t<\/div>\n\t<div class=\"more\">\n\t\t<span class=\"button\">en savoir plus<\/span>\n\t<\/div>\n<\/a>\n\n<\/li><li class=\"wp-block-post post-10204 project type-project status-publish has-post-thumbnail hentry project-category-numerisation project-region-eu project-region-ue-fr\">\n\n<a class=\"project-item\" href=\"https:\/\/alice.ch\/fr\/project\/e-protect\/\" >\n\n\t<div class=\"title\">\n\t\t<h3>e-Protect<\/h3>\n\t\t<p>D\u00e9veloppement de ressources d&rsquo;enseignement\/apprentissage pour promouvoir les comp\u00e9tences en mati\u00e8re de TIC, de protection des consommateurs et des donn\u00e9es<\/p>\n\t<\/div>\n\t<div class=\"meta\">\n\t\t<div class=\"date\">2020\u20132022<\/div>\n\t\t<div class=\"place\">UE<\/div>\n\t<\/div>\n\t<div class=\"more\">\n\t\t<span class=\"button\">en savoir plus<\/span>\n\t<\/div>\n<\/a>\n\n<\/li><li class=\"wp-block-post post-10227 project type-project status-publish has-post-thumbnail hentry project-category-numerisation project-category-systeme-de-formation-continue project-region-eu project-region-ue-fr\">\n\n<a class=\"project-item\" href=\"https:\/\/alice.ch\/fr\/project\/futurelab-for-adult-education\/\" >\n\n\t<div class=\"title\">\n\t\t<h3>FutureLab for adult education<\/h3>\n\t\t<p>Transformation de l&rsquo;\u00e9ducation des adultes, num\u00e9risation et d\u00e9mocratie<\/p>\n\t<\/div>\n\t<div class=\"meta\">\n\t\t<div class=\"date\">2018\u20132021<\/div>\n\t\t<div class=\"place\">UE<\/div>\n\t<\/div>\n\t<div class=\"more\">\n\t\t<span class=\"button\">en savoir plus<\/span>\n\t<\/div>\n<\/a>\n\n<\/li><li class=\"wp-block-post post-10220 project type-project status-publish has-post-thumbnail hentry project-category-numerisation project-region-eu project-region-ue-fr\">\n\n<a class=\"project-item\" href=\"https:\/\/alice.ch\/fr\/project\/digitalad\/\" >\n\n\t<div class=\"title\">\n\t\t<h3>DigitALAD<\/h3>\n\t\t<p>Digital Adult Educators: Preparing Adult Educators for a Digital World<\/p>\n\t<\/div>\n\t<div class=\"meta\">\n\t\t<div class=\"date\">2019\u20132021<\/div>\n\t\t<div class=\"place\">UE<\/div>\n\t<\/div>\n\t<div class=\"more\">\n\t\t<span class=\"button\">en savoir plus<\/span>\n\t<\/div>\n<\/a>\n\n<\/li><li class=\"wp-block-post post-10270 project type-project status-publish has-post-thumbnail hentry project-category-egalite-des-chances project-category-numerisation project-region-eu project-region-ue-fr\">\n\n<a class=\"project-item\" href=\"https:\/\/alice.ch\/fr\/project\/digimaths\/\" >\n\n\t<div class=\"title\">\n\t\t<h3>DigiMaths<\/h3>\n\t\t<p>Maximiser les possibilit\u00e9s offertes par les technologies num\u00e9riques dans l&rsquo;enseignement de la num\u00e9ratie (Maximising the opportunities presented by digital technologies in numeracy teaching)<\/p>\n\t<\/div>\n\t<div class=\"meta\">\n\t\t<div class=\"date\">2015\u20132017<\/div>\n\t\t<div class=\"place\">UE<\/div>\n\t<\/div>\n\t<div class=\"more\">\n\t\t<span class=\"button\">en savoir plus<\/span>\n\t<\/div>\n<\/a>\n\n<\/li><\/ul>\n\n\n\n<\/div>\n\n\n\n<h2 class=\"wp-block-heading\">Contact<\/h2>\n\n\n\n<div class=\"wp-block-columns is-layout-flex wp-container-core-columns-is-layout-28f84493 wp-block-columns-is-layout-flex\">\n<div class=\"wp-block-column is-layout-flow wp-block-column-is-layout-flow\" style=\"flex-basis:50%\"><div class=\"contact-persons\">\n\n\t\t\t\t\t<div class=\"contact-person\">\n\t\t\t\t\tIrena Sgier<br \/>\t\t\t\t\tDirectrice adjointe, Directrice de la recherche, du d\u00e9veloppement et de l\u2019innovation<br \/>\t\t\t\t\t<br \/>\n\t\t\t\t\t\t\t\t\t\t<a href=\"tel:+41 (0)44 319 71 59\">+41 (0)44 319 71 59<\/a><br \/>\t\t\t\t\t<a href=\"mailto:irena.sgier@alice.ch\">irena.sgier@alice.ch<\/a><br \/>\t\t\t\t\t<\/div>\n\t\t\t\t\t<\/div>\n<\/div>\n\n\n\n<div class=\"wp-block-column is-layout-flow wp-block-column-is-layout-flow\" style=\"flex-basis:50%\"><\/div>\n<\/div>\n<\/div>\n","protected":false},"excerpt":{"rendered":"<p>La transformation num\u00e9rique dans les institutions de formation continue L\u2019offre de formation continue a nettement chang\u00e9 depuis 2020. Bien des [&hellip;]<\/p>\n","protected":false},"author":2,"featured_media":20799,"parent":11168,"menu_order":132,"comment_status":"closed","ping_status":"closed","template":"","meta":{"_acf_changed":false,"inline_featured_image":false,"footnotes":""},"class_list":["post-11174","page","type-page","status-publish","has-post-thumbnail","hentry"],"acf":[],"yoast_head":"<!-- This site is optimized with the Yoast SEO plugin v27.3 - https:\/\/yoast.com\/product\/yoast-seo-wordpress\/ -->\n<title>Transformation num\u00e9rique - FSEA<\/title>\n<meta name=\"description\" content=\"La FSEA soutient les petits et moyens prestataires de formation continue dans leur transformation num\u00e9rique gr\u00e2ce \u00e0 un outil d&#039;analyse.\" \/>\n<meta name=\"robots\" content=\"index, follow, max-snippet:-1, max-image-preview:large, max-video-preview:-1\" \/>\n<link rel=\"canonical\" href=\"https:\/\/alice.ch\/fr\/themes\/la-numerisation\/transformation-numerique\/\" \/>\n<meta property=\"og:locale\" content=\"fr_FR\" \/>\n<meta property=\"og:type\" content=\"article\" \/>\n<meta property=\"og:title\" content=\"Transformation num\u00e9rique - FSEA\" \/>\n<meta property=\"og:description\" content=\"La FSEA soutient les petits et moyens prestataires de formation continue dans leur transformation num\u00e9rique gr\u00e2ce \u00e0 un outil d&#039;analyse.\" \/>\n<meta property=\"og:url\" content=\"https:\/\/alice.ch\/fr\/themes\/la-numerisation\/transformation-numerique\/\" \/>\n<meta property=\"og:site_name\" content=\"SVEB\" \/>\n<meta property=\"article:modified_time\" content=\"2024-04-30T11:41:45+00:00\" \/>\n<meta name=\"twitter:card\" content=\"summary_large_image\" \/>\n<meta name=\"twitter:label1\" content=\"Dur\u00e9e de lecture estim\u00e9e\" \/>\n\t<meta name=\"twitter:data1\" content=\"3 minutes\" \/>\n<script type=\"application\/ld+json\" class=\"yoast-schema-graph\">{\"@context\":\"https:\\\/\\\/schema.org\",\"@graph\":[{\"@type\":\"WebPage\",\"@id\":\"https:\\\/\\\/alice.ch\\\/fr\\\/themes\\\/la-numerisation\\\/transformation-numerique\\\/\",\"url\":\"https:\\\/\\\/alice.ch\\\/fr\\\/themes\\\/la-numerisation\\\/transformation-numerique\\\/\",\"name\":\"Transformation num\u00e9rique - FSEA\",\"isPartOf\":{\"@id\":\"https:\\\/\\\/alice.ch\\\/fr\\\/#website\"},\"primaryImageOfPage\":{\"@id\":\"https:\\\/\\\/alice.ch\\\/fr\\\/themes\\\/la-numerisation\\\/transformation-numerique\\\/#primaryimage\"},\"image\":{\"@id\":\"https:\\\/\\\/alice.ch\\\/fr\\\/themes\\\/la-numerisation\\\/transformation-numerique\\\/#primaryimage\"},\"thumbnailUrl\":\"https:\\\/\\\/alice.ch\\\/app\\\/uploads\\\/2022\\\/11\\\/default.jpg\",\"datePublished\":\"2022-08-16T14:21:32+00:00\",\"dateModified\":\"2024-04-30T11:41:45+00:00\",\"description\":\"La FSEA soutient les petits et moyens prestataires de formation continue dans leur transformation num\u00e9rique gr\u00e2ce \u00e0 un outil d'analyse.\",\"breadcrumb\":{\"@id\":\"https:\\\/\\\/alice.ch\\\/fr\\\/themes\\\/la-numerisation\\\/transformation-numerique\\\/#breadcrumb\"},\"inLanguage\":\"fr-FR\",\"potentialAction\":[{\"@type\":\"ReadAction\",\"target\":[\"https:\\\/\\\/alice.ch\\\/fr\\\/themes\\\/la-numerisation\\\/transformation-numerique\\\/\"]}]},{\"@type\":\"ImageObject\",\"inLanguage\":\"fr-FR\",\"@id\":\"https:\\\/\\\/alice.ch\\\/fr\\\/themes\\\/la-numerisation\\\/transformation-numerique\\\/#primaryimage\",\"url\":\"https:\\\/\\\/alice.ch\\\/app\\\/uploads\\\/2022\\\/11\\\/default.jpg\",\"contentUrl\":\"https:\\\/\\\/alice.ch\\\/app\\\/uploads\\\/2022\\\/11\\\/default.jpg\",\"width\":1600,\"height\":900},{\"@type\":\"BreadcrumbList\",\"@id\":\"https:\\\/\\\/alice.ch\\\/fr\\\/themes\\\/la-numerisation\\\/transformation-numerique\\\/#breadcrumb\",\"itemListElement\":[{\"@type\":\"ListItem\",\"position\":1,\"name\":\"Page d'accueil\",\"item\":\"https:\\\/\\\/alice.ch\\\/fr\\\/\"},{\"@type\":\"ListItem\",\"position\":2,\"name\":\"Th\u00e8mes\",\"item\":\"https:\\\/\\\/alice.ch\\\/fr\\\/themes\\\/\"},{\"@type\":\"ListItem\",\"position\":3,\"name\":\"La num\u00e9risation et la formation continue\",\"item\":\"https:\\\/\\\/alice.ch\\\/fr\\\/themes\\\/la-numerisation\\\/\"},{\"@type\":\"ListItem\",\"position\":4,\"name\":\"Transformation num\u00e9rique\"}]},{\"@type\":\"WebSite\",\"@id\":\"https:\\\/\\\/alice.ch\\\/fr\\\/#website\",\"url\":\"https:\\\/\\\/alice.ch\\\/fr\\\/\",\"name\":\"alice.ch (Adult Learning Information Center) ist das Portal der Weiterbildung in der Schweiz.\",\"description\":\"Schweizerischer Verband f\u00fcr Weiterbildung\",\"publisher\":{\"@id\":\"https:\\\/\\\/alice.ch\\\/fr\\\/#organization\"},\"potentialAction\":[{\"@type\":\"SearchAction\",\"target\":{\"@type\":\"EntryPoint\",\"urlTemplate\":\"https:\\\/\\\/alice.ch\\\/fr\\\/?s={search_term_string}\"},\"query-input\":{\"@type\":\"PropertyValueSpecification\",\"valueRequired\":true,\"valueName\":\"search_term_string\"}}],\"inLanguage\":\"fr-FR\"},{\"@type\":\"Organization\",\"@id\":\"https:\\\/\\\/alice.ch\\\/fr\\\/#organization\",\"name\":\"FSEA F\u00e9d\u00e9ration suisse pour la formation continue\",\"url\":\"https:\\\/\\\/alice.ch\\\/fr\\\/\",\"logo\":{\"@type\":\"ImageObject\",\"inLanguage\":\"fr-FR\",\"@id\":\"https:\\\/\\\/alice.ch\\\/fr\\\/#\\\/schema\\\/logo\\\/image\\\/\",\"url\":\"https:\\\/\\\/alice.ch\\\/app\\\/uploads\\\/2022\\\/07\\\/logo-sveb.png\",\"contentUrl\":\"https:\\\/\\\/alice.ch\\\/app\\\/uploads\\\/2022\\\/07\\\/logo-sveb.png\",\"width\":145,\"height\":64,\"caption\":\"FSEA F\u00e9d\u00e9ration suisse pour la formation continue\"},\"image\":{\"@id\":\"https:\\\/\\\/alice.ch\\\/fr\\\/#\\\/schema\\\/logo\\\/image\\\/\"},\"sameAs\":[\"https:\\\/\\\/www.linkedin.com\\\/company\\\/schweizerischer-verband-fr-weiterbildung-sveb\\\/\"]}]}<\/script>\n<!-- \/ Yoast SEO plugin. -->","yoast_head_json":{"title":"Transformation num\u00e9rique - FSEA","description":"La FSEA soutient les petits et moyens prestataires de formation continue dans leur transformation num\u00e9rique gr\u00e2ce \u00e0 un outil d'analyse.","robots":{"index":"index","follow":"follow","max-snippet":"max-snippet:-1","max-image-preview":"max-image-preview:large","max-video-preview":"max-video-preview:-1"},"canonical":"https:\/\/alice.ch\/fr\/themes\/la-numerisation\/transformation-numerique\/","og_locale":"fr_FR","og_type":"article","og_title":"Transformation num\u00e9rique - FSEA","og_description":"La FSEA soutient les petits et moyens prestataires de formation continue dans leur transformation num\u00e9rique gr\u00e2ce \u00e0 un outil d'analyse.","og_url":"https:\/\/alice.ch\/fr\/themes\/la-numerisation\/transformation-numerique\/","og_site_name":"SVEB","article_modified_time":"2024-04-30T11:41:45+00:00","twitter_card":"summary_large_image","twitter_misc":{"Dur\u00e9e de lecture estim\u00e9e":"3 minutes"},"schema":{"@context":"https:\/\/schema.org","@graph":[{"@type":"WebPage","@id":"https:\/\/alice.ch\/fr\/themes\/la-numerisation\/transformation-numerique\/","url":"https:\/\/alice.ch\/fr\/themes\/la-numerisation\/transformation-numerique\/","name":"Transformation num\u00e9rique - FSEA","isPartOf":{"@id":"https:\/\/alice.ch\/fr\/#website"},"primaryImageOfPage":{"@id":"https:\/\/alice.ch\/fr\/themes\/la-numerisation\/transformation-numerique\/#primaryimage"},"image":{"@id":"https:\/\/alice.ch\/fr\/themes\/la-numerisation\/transformation-numerique\/#primaryimage"},"thumbnailUrl":"https:\/\/alice.ch\/app\/uploads\/2022\/11\/default.jpg","datePublished":"2022-08-16T14:21:32+00:00","dateModified":"2024-04-30T11:41:45+00:00","description":"La FSEA soutient les petits et moyens prestataires de formation continue dans leur transformation num\u00e9rique gr\u00e2ce \u00e0 un outil d'analyse.","breadcrumb":{"@id":"https:\/\/alice.ch\/fr\/themes\/la-numerisation\/transformation-numerique\/#breadcrumb"},"inLanguage":"fr-FR","potentialAction":[{"@type":"ReadAction","target":["https:\/\/alice.ch\/fr\/themes\/la-numerisation\/transformation-numerique\/"]}]},{"@type":"ImageObject","inLanguage":"fr-FR","@id":"https:\/\/alice.ch\/fr\/themes\/la-numerisation\/transformation-numerique\/#primaryimage","url":"https:\/\/alice.ch\/app\/uploads\/2022\/11\/default.jpg","contentUrl":"https:\/\/alice.ch\/app\/uploads\/2022\/11\/default.jpg","width":1600,"height":900},{"@type":"BreadcrumbList","@id":"https:\/\/alice.ch\/fr\/themes\/la-numerisation\/transformation-numerique\/#breadcrumb","itemListElement":[{"@type":"ListItem","position":1,"name":"Page d'accueil","item":"https:\/\/alice.ch\/fr\/"},{"@type":"ListItem","position":2,"name":"Th\u00e8mes","item":"https:\/\/alice.ch\/fr\/themes\/"},{"@type":"ListItem","position":3,"name":"La num\u00e9risation et la formation continue","item":"https:\/\/alice.ch\/fr\/themes\/la-numerisation\/"},{"@type":"ListItem","position":4,"name":"Transformation num\u00e9rique"}]},{"@type":"WebSite","@id":"https:\/\/alice.ch\/fr\/#website","url":"https:\/\/alice.ch\/fr\/","name":"alice.ch (Adult Learning Information Center) ist das Portal der Weiterbildung in der Schweiz.","description":"Schweizerischer Verband f\u00fcr Weiterbildung","publisher":{"@id":"https:\/\/alice.ch\/fr\/#organization"},"potentialAction":[{"@type":"SearchAction","target":{"@type":"EntryPoint","urlTemplate":"https:\/\/alice.ch\/fr\/?s={search_term_string}"},"query-input":{"@type":"PropertyValueSpecification","valueRequired":true,"valueName":"search_term_string"}}],"inLanguage":"fr-FR"},{"@type":"Organization","@id":"https:\/\/alice.ch\/fr\/#organization","name":"FSEA F\u00e9d\u00e9ration suisse pour la formation continue","url":"https:\/\/alice.ch\/fr\/","logo":{"@type":"ImageObject","inLanguage":"fr-FR","@id":"https:\/\/alice.ch\/fr\/#\/schema\/logo\/image\/","url":"https:\/\/alice.ch\/app\/uploads\/2022\/07\/logo-sveb.png","contentUrl":"https:\/\/alice.ch\/app\/uploads\/2022\/07\/logo-sveb.png","width":145,"height":64,"caption":"FSEA F\u00e9d\u00e9ration suisse pour la formation continue"},"image":{"@id":"https:\/\/alice.ch\/fr\/#\/schema\/logo\/image\/"},"sameAs":["https:\/\/www.linkedin.com\/company\/schweizerischer-verband-fr-weiterbildung-sveb\/"]}]}},"_links":{"self":[{"href":"https:\/\/alice.ch\/fr\/wp-json\/wp\/v2\/pages\/11174","targetHints":{"allow":["GET"]}}],"collection":[{"href":"https:\/\/alice.ch\/fr\/wp-json\/wp\/v2\/pages"}],"about":[{"href":"https:\/\/alice.ch\/fr\/wp-json\/wp\/v2\/types\/page"}],"author":[{"embeddable":true,"href":"https:\/\/alice.ch\/fr\/wp-json\/wp\/v2\/users\/2"}],"replies":[{"embeddable":true,"href":"https:\/\/alice.ch\/fr\/wp-json\/wp\/v2\/comments?post=11174"}],"version-history":[{"count":21,"href":"https:\/\/alice.ch\/fr\/wp-json\/wp\/v2\/pages\/11174\/revisions"}],"predecessor-version":[{"id":59735,"href":"https:\/\/alice.ch\/fr\/wp-json\/wp\/v2\/pages\/11174\/revisions\/59735"}],"up":[{"embeddable":true,"href":"https:\/\/alice.ch\/fr\/wp-json\/wp\/v2\/pages\/11168"}],"wp:featuredmedia":[{"embeddable":true,"href":"https:\/\/alice.ch\/fr\/wp-json\/wp\/v2\/media\/20799"}],"wp:attachment":[{"href":"https:\/\/alice.ch\/fr\/wp-json\/wp\/v2\/media?parent=11174"}],"curies":[{"name":"wp","href":"https:\/\/api.w.org\/{rel}","templated":true}]}}