{"id":11176,"date":"2022-08-16T16:22:11","date_gmt":"2022-08-16T14:22:11","guid":{"rendered":"https:\/\/projects.atxeit.ch\/sveb\/digitalisierung\/digitales-lernen\/"},"modified":"2023-12-01T15:51:14","modified_gmt":"2023-12-01T14:51:14","slug":"apprentissage-numerique","status":"publish","type":"page","link":"https:\/\/alice.ch\/fr\/themes\/la-numerisation\/apprentissage-numerique\/","title":{"rendered":"Apprentissage num\u00e9rique"},"content":{"rendered":"\n<div class=\"wp-block-group alignwide is-style-reduced-width is-layout-flow wp-block-group-is-layout-flow\">\n<h1 class=\"wp-block-heading\">Apprentissage num\u00e9rique<\/h1>\n\n\n\n<div class=\"wp-block-group alignwide is-layout-flow wp-block-group-is-layout-flow\">\n<p class=\"is-style-lead\">La crise du Coronavirus a acc\u00e9l\u00e9r\u00e9 la num\u00e9risation de la formation continue. Cependant, l&rsquo;apprentissage num\u00e9rique pose divers d\u00e9fis aux format\/eurs-rices et aux participant-e-s. La FSEA recueille des informations \u00e0 ce stade. On y trouve \u00e9galement des r\u00e9f\u00e9rences \u00e0 des webinaires et des tutoriels.<\/p>\n\n\n\n<div class=\"wp-block-media-text alignwide is-stacked-on-mobile is-style-icon-text\"><figure class=\"wp-block-media-text__media\"><a href=\"https:\/\/alice.ch\/fr\/themes\/la-numerisation\/apprentissage-numerique\/entree-dans-lapprentissage-numerique\/\"><img decoding=\"async\" width=\"647\" height=\"435\" src=\"https:\/\/alice.ch\/app\/uploads\/2022\/10\/icon-einstieg.png\" alt=\"\" class=\"wp-image-5868 size-full\" srcset=\"https:\/\/alice.ch\/app\/uploads\/2022\/10\/icon-einstieg.png 647w, https:\/\/alice.ch\/app\/uploads\/2022\/10\/icon-einstieg-300x202.png 300w\" sizes=\"(max-width: 647px) 100vw, 647px\" \/><\/a><\/figure><div class=\"wp-block-media-text__content\">\n<h2 class=\"wp-block-heading\"><a href=\"https:\/\/alice.ch\/fr\/themes\/la-numerisation\/apprentissage-numerique\/entree-dans-lapprentissage-numerique\/\">Entr\u00e9e dans l&rsquo;apprentissage num\u00e9rique<\/a><\/h2>\n\n\n\n<p>Des liens et des des conseils pratiques, des consid\u00e9rations didactiques pour l&rsquo;enseignement en ligne et d&rsquo;autres sources.<\/p>\n<\/div><\/div>\n\n\n\n<hr class=\"wp-block-separator has-alpha-channel-opacity is-style-wide\" \/>\n\n\n\n<div class=\"wp-block-media-text alignwide is-stacked-on-mobile is-style-icon-text\"><figure class=\"wp-block-media-text__media\"><a href=\"https:\/\/alice.ch\/fr\/themes\/la-numerisation\/apprentissage-numerique\/outils-numeriques\/\"><img decoding=\"async\" width=\"731\" height=\"502\" src=\"https:\/\/alice.ch\/app\/uploads\/2022\/10\/icon-tools.png\" alt=\"\" class=\"wp-image-5912 size-full\" srcset=\"https:\/\/alice.ch\/app\/uploads\/2022\/10\/icon-tools.png 731w, https:\/\/alice.ch\/app\/uploads\/2022\/10\/icon-tools-300x206.png 300w\" sizes=\"(max-width: 731px) 100vw, 731px\" \/><\/a><\/figure><div class=\"wp-block-media-text__content\">\n<h2 class=\"wp-block-heading\"><a href=\"https:\/\/alice.ch\/fr\/themes\/la-numerisation\/apprentissage-numerique\/outils-numeriques\/\">Outils num\u00e9riques<\/a><\/h2>\n\n\n\n<p>Des informations de base et un aper\u00e7u des applications fr\u00e9quemment utilis\u00e9es pour l&rsquo;apprentissage num\u00e9rique.<\/p>\n<\/div><\/div>\n\n\n\n<hr class=\"wp-block-separator has-alpha-channel-opacity is-style-wide\" \/>\n\n\n\n<div class=\"wp-block-media-text alignwide is-stacked-on-mobile is-style-icon-text\"><figure class=\"wp-block-media-text__media\"><a href=\"https:\/\/alice.ch\/fr\/themes\/la-numerisation\/apprentissage-numerique\/securite-des-donnees\/\"><img decoding=\"async\" width=\"740\" height=\"487\" src=\"https:\/\/alice.ch\/app\/uploads\/2022\/10\/icon-sicherheit.png\" alt=\"\" class=\"wp-image-5928 size-full\" srcset=\"https:\/\/alice.ch\/app\/uploads\/2022\/10\/icon-sicherheit.png 740w, https:\/\/alice.ch\/app\/uploads\/2022\/10\/icon-sicherheit-300x197.png 300w\" sizes=\"(max-width: 740px) 100vw, 740px\" \/><\/a><\/figure><div class=\"wp-block-media-text__content\">\n<h2 class=\"wp-block-heading\"><a href=\"https:\/\/alice.ch\/fr\/themes\/la-numerisation\/apprentissage-numerique\/securite-des-donnees\/\">S\u00e9curit\u00e9 des donn\u00e9es<\/a><\/h2>\n\n\n\n<p>Avec la d\u00e9localisation des \u00e9v\u00e9nements vers l&rsquo;Internet, on g\u00e9n\u00e8re des donn\u00e9es dont la s\u00e9curit\u00e9 est une priorit\u00e9 absolue, notamment dans le domaine de la formation.<\/p>\n<\/div><\/div>\n\n\n\n<h2 class=\"wp-block-heading\">Contact<\/h2>\n<\/div>\n\n\n\n<div class=\"wp-block-columns is-layout-flex wp-container-core-columns-is-layout-28f84493 wp-block-columns-is-layout-flex\">\n<div class=\"wp-block-column is-layout-flow wp-block-column-is-layout-flow\" style=\"flex-basis:50%\"><div class=\"contact-persons\">\n\n\t\t\t\t\t<div class=\"contact-person\">\n\t\t\t\t\tIrena Sgier<br \/>\t\t\t\t\tDirectrice adjointe, Directrice de la recherche, du d\u00e9veloppement et de l\u2019innovation<br \/>\t\t\t\t\t<br \/>\n\t\t\t\t\t\t\t\t\t\t<a href=\"tel:+41 (0)44 319 71 59\">+41 (0)44 319 71 59<\/a><br \/>\t\t\t\t\t<a href=\"mailto:irena.sgier@alice.ch\">irena.sgier@alice.ch<\/a><br \/>\t\t\t\t\t<\/div>\n\t\t\t\t\t<\/div>\n<\/div>\n\n\n\n<div class=\"wp-block-column is-layout-flow wp-block-column-is-layout-flow\" style=\"flex-basis:50%\"><\/div>\n<\/div>\n<\/div>\n","protected":false},"excerpt":{"rendered":"<p>Apprentissage num\u00e9rique La crise du Coronavirus a acc\u00e9l\u00e9r\u00e9 la num\u00e9risation de la formation continue. Cependant, l&rsquo;apprentissage num\u00e9rique pose divers d\u00e9fis [&hellip;]<\/p>\n","protected":false},"author":2,"featured_media":20799,"parent":11168,"menu_order":146,"comment_status":"closed","ping_status":"closed","template":"","meta":{"_acf_changed":false,"inline_featured_image":false,"footnotes":""},"class_list":["post-11176","page","type-page","status-publish","has-post-thumbnail","hentry"],"acf":[],"yoast_head":"<!-- This site is optimized with the Yoast SEO plugin v27.3 - https:\/\/yoast.com\/product\/yoast-seo-wordpress\/ -->\n<title>Apprentissage num\u00e9rique - FSEA<\/title>\n<meta name=\"description\" content=\"Informations sur les d\u00e9fis de l&#039;apprentissage num\u00e9rique : entr\u00e9e dans l&#039;apprentissage num\u00e9rique, outils num\u00e9riques et s\u00e9curit\u00e9 des donn\u00e9es\" \/>\n<meta name=\"robots\" content=\"index, follow, max-snippet:-1, max-image-preview:large, max-video-preview:-1\" \/>\n<link rel=\"canonical\" href=\"https:\/\/alice.ch\/fr\/themes\/la-numerisation\/apprentissage-numerique\/\" \/>\n<meta property=\"og:locale\" content=\"fr_FR\" \/>\n<meta property=\"og:type\" content=\"article\" \/>\n<meta property=\"og:title\" content=\"Apprentissage num\u00e9rique - FSEA\" \/>\n<meta property=\"og:description\" content=\"Informations sur les d\u00e9fis de l&#039;apprentissage num\u00e9rique : entr\u00e9e dans l&#039;apprentissage num\u00e9rique, outils num\u00e9riques et s\u00e9curit\u00e9 des donn\u00e9es\" \/>\n<meta property=\"og:url\" content=\"https:\/\/alice.ch\/fr\/themes\/la-numerisation\/apprentissage-numerique\/\" \/>\n<meta property=\"og:site_name\" content=\"SVEB\" \/>\n<meta property=\"article:modified_time\" content=\"2023-12-01T14:51:14+00:00\" \/>\n<meta property=\"og:image\" content=\"https:\/\/alice.ch\/app\/uploads\/2022\/10\/icon-einstieg.png\" \/>\n<meta name=\"twitter:card\" content=\"summary_large_image\" \/>\n<meta name=\"twitter:label1\" content=\"Dur\u00e9e de lecture estim\u00e9e\" \/>\n\t<meta name=\"twitter:data1\" content=\"2 minutes\" \/>\n<script type=\"application\/ld+json\" class=\"yoast-schema-graph\">{\"@context\":\"https:\\\/\\\/schema.org\",\"@graph\":[{\"@type\":\"WebPage\",\"@id\":\"https:\\\/\\\/alice.ch\\\/fr\\\/themes\\\/la-numerisation\\\/apprentissage-numerique\\\/\",\"url\":\"https:\\\/\\\/alice.ch\\\/fr\\\/themes\\\/la-numerisation\\\/apprentissage-numerique\\\/\",\"name\":\"Apprentissage num\u00e9rique - FSEA\",\"isPartOf\":{\"@id\":\"https:\\\/\\\/alice.ch\\\/fr\\\/#website\"},\"primaryImageOfPage\":{\"@id\":\"https:\\\/\\\/alice.ch\\\/fr\\\/themes\\\/la-numerisation\\\/apprentissage-numerique\\\/#primaryimage\"},\"image\":{\"@id\":\"https:\\\/\\\/alice.ch\\\/fr\\\/themes\\\/la-numerisation\\\/apprentissage-numerique\\\/#primaryimage\"},\"thumbnailUrl\":\"https:\\\/\\\/alice.ch\\\/app\\\/uploads\\\/2022\\\/11\\\/default.jpg\",\"datePublished\":\"2022-08-16T14:22:11+00:00\",\"dateModified\":\"2023-12-01T14:51:14+00:00\",\"description\":\"Informations sur les d\u00e9fis de l'apprentissage num\u00e9rique : entr\u00e9e dans l'apprentissage num\u00e9rique, outils num\u00e9riques et s\u00e9curit\u00e9 des donn\u00e9es\",\"breadcrumb\":{\"@id\":\"https:\\\/\\\/alice.ch\\\/fr\\\/themes\\\/la-numerisation\\\/apprentissage-numerique\\\/#breadcrumb\"},\"inLanguage\":\"fr-FR\",\"potentialAction\":[{\"@type\":\"ReadAction\",\"target\":[\"https:\\\/\\\/alice.ch\\\/fr\\\/themes\\\/la-numerisation\\\/apprentissage-numerique\\\/\"]}]},{\"@type\":\"ImageObject\",\"inLanguage\":\"fr-FR\",\"@id\":\"https:\\\/\\\/alice.ch\\\/fr\\\/themes\\\/la-numerisation\\\/apprentissage-numerique\\\/#primaryimage\",\"url\":\"https:\\\/\\\/alice.ch\\\/app\\\/uploads\\\/2022\\\/11\\\/default.jpg\",\"contentUrl\":\"https:\\\/\\\/alice.ch\\\/app\\\/uploads\\\/2022\\\/11\\\/default.jpg\",\"width\":1600,\"height\":900},{\"@type\":\"BreadcrumbList\",\"@id\":\"https:\\\/\\\/alice.ch\\\/fr\\\/themes\\\/la-numerisation\\\/apprentissage-numerique\\\/#breadcrumb\",\"itemListElement\":[{\"@type\":\"ListItem\",\"position\":1,\"name\":\"Page d'accueil\",\"item\":\"https:\\\/\\\/alice.ch\\\/fr\\\/\"},{\"@type\":\"ListItem\",\"position\":2,\"name\":\"Th\u00e8mes\",\"item\":\"https:\\\/\\\/alice.ch\\\/fr\\\/themes\\\/\"},{\"@type\":\"ListItem\",\"position\":3,\"name\":\"La num\u00e9risation et la formation continue\",\"item\":\"https:\\\/\\\/alice.ch\\\/fr\\\/themes\\\/la-numerisation\\\/\"},{\"@type\":\"ListItem\",\"position\":4,\"name\":\"Apprentissage num\u00e9rique\"}]},{\"@type\":\"WebSite\",\"@id\":\"https:\\\/\\\/alice.ch\\\/fr\\\/#website\",\"url\":\"https:\\\/\\\/alice.ch\\\/fr\\\/\",\"name\":\"alice.ch (Adult Learning Information Center) ist das Portal der Weiterbildung in der Schweiz.\",\"description\":\"Schweizerischer Verband f\u00fcr Weiterbildung\",\"publisher\":{\"@id\":\"https:\\\/\\\/alice.ch\\\/fr\\\/#organization\"},\"potentialAction\":[{\"@type\":\"SearchAction\",\"target\":{\"@type\":\"EntryPoint\",\"urlTemplate\":\"https:\\\/\\\/alice.ch\\\/fr\\\/?s={search_term_string}\"},\"query-input\":{\"@type\":\"PropertyValueSpecification\",\"valueRequired\":true,\"valueName\":\"search_term_string\"}}],\"inLanguage\":\"fr-FR\"},{\"@type\":\"Organization\",\"@id\":\"https:\\\/\\\/alice.ch\\\/fr\\\/#organization\",\"name\":\"FSEA F\u00e9d\u00e9ration suisse pour la formation continue\",\"url\":\"https:\\\/\\\/alice.ch\\\/fr\\\/\",\"logo\":{\"@type\":\"ImageObject\",\"inLanguage\":\"fr-FR\",\"@id\":\"https:\\\/\\\/alice.ch\\\/fr\\\/#\\\/schema\\\/logo\\\/image\\\/\",\"url\":\"https:\\\/\\\/alice.ch\\\/app\\\/uploads\\\/2022\\\/07\\\/logo-sveb.png\",\"contentUrl\":\"https:\\\/\\\/alice.ch\\\/app\\\/uploads\\\/2022\\\/07\\\/logo-sveb.png\",\"width\":145,\"height\":64,\"caption\":\"FSEA F\u00e9d\u00e9ration suisse pour la formation continue\"},\"image\":{\"@id\":\"https:\\\/\\\/alice.ch\\\/fr\\\/#\\\/schema\\\/logo\\\/image\\\/\"},\"sameAs\":[\"https:\\\/\\\/www.linkedin.com\\\/company\\\/schweizerischer-verband-fr-weiterbildung-sveb\\\/\"]}]}<\/script>\n<!-- \/ Yoast SEO plugin. -->","yoast_head_json":{"title":"Apprentissage num\u00e9rique - FSEA","description":"Informations sur les d\u00e9fis de l'apprentissage num\u00e9rique : entr\u00e9e dans l'apprentissage num\u00e9rique, outils num\u00e9riques et s\u00e9curit\u00e9 des donn\u00e9es","robots":{"index":"index","follow":"follow","max-snippet":"max-snippet:-1","max-image-preview":"max-image-preview:large","max-video-preview":"max-video-preview:-1"},"canonical":"https:\/\/alice.ch\/fr\/themes\/la-numerisation\/apprentissage-numerique\/","og_locale":"fr_FR","og_type":"article","og_title":"Apprentissage num\u00e9rique - FSEA","og_description":"Informations sur les d\u00e9fis de l'apprentissage num\u00e9rique : entr\u00e9e dans l'apprentissage num\u00e9rique, outils num\u00e9riques et s\u00e9curit\u00e9 des donn\u00e9es","og_url":"https:\/\/alice.ch\/fr\/themes\/la-numerisation\/apprentissage-numerique\/","og_site_name":"SVEB","article_modified_time":"2023-12-01T14:51:14+00:00","og_image":[{"url":"https:\/\/alice.ch\/app\/uploads\/2022\/10\/icon-einstieg.png","type":"","width":"","height":""}],"twitter_card":"summary_large_image","twitter_misc":{"Dur\u00e9e de lecture estim\u00e9e":"2 minutes"},"schema":{"@context":"https:\/\/schema.org","@graph":[{"@type":"WebPage","@id":"https:\/\/alice.ch\/fr\/themes\/la-numerisation\/apprentissage-numerique\/","url":"https:\/\/alice.ch\/fr\/themes\/la-numerisation\/apprentissage-numerique\/","name":"Apprentissage num\u00e9rique - FSEA","isPartOf":{"@id":"https:\/\/alice.ch\/fr\/#website"},"primaryImageOfPage":{"@id":"https:\/\/alice.ch\/fr\/themes\/la-numerisation\/apprentissage-numerique\/#primaryimage"},"image":{"@id":"https:\/\/alice.ch\/fr\/themes\/la-numerisation\/apprentissage-numerique\/#primaryimage"},"thumbnailUrl":"https:\/\/alice.ch\/app\/uploads\/2022\/11\/default.jpg","datePublished":"2022-08-16T14:22:11+00:00","dateModified":"2023-12-01T14:51:14+00:00","description":"Informations sur les d\u00e9fis de l'apprentissage num\u00e9rique : entr\u00e9e dans l'apprentissage num\u00e9rique, outils num\u00e9riques et s\u00e9curit\u00e9 des donn\u00e9es","breadcrumb":{"@id":"https:\/\/alice.ch\/fr\/themes\/la-numerisation\/apprentissage-numerique\/#breadcrumb"},"inLanguage":"fr-FR","potentialAction":[{"@type":"ReadAction","target":["https:\/\/alice.ch\/fr\/themes\/la-numerisation\/apprentissage-numerique\/"]}]},{"@type":"ImageObject","inLanguage":"fr-FR","@id":"https:\/\/alice.ch\/fr\/themes\/la-numerisation\/apprentissage-numerique\/#primaryimage","url":"https:\/\/alice.ch\/app\/uploads\/2022\/11\/default.jpg","contentUrl":"https:\/\/alice.ch\/app\/uploads\/2022\/11\/default.jpg","width":1600,"height":900},{"@type":"BreadcrumbList","@id":"https:\/\/alice.ch\/fr\/themes\/la-numerisation\/apprentissage-numerique\/#breadcrumb","itemListElement":[{"@type":"ListItem","position":1,"name":"Page d'accueil","item":"https:\/\/alice.ch\/fr\/"},{"@type":"ListItem","position":2,"name":"Th\u00e8mes","item":"https:\/\/alice.ch\/fr\/themes\/"},{"@type":"ListItem","position":3,"name":"La num\u00e9risation et la formation continue","item":"https:\/\/alice.ch\/fr\/themes\/la-numerisation\/"},{"@type":"ListItem","position":4,"name":"Apprentissage num\u00e9rique"}]},{"@type":"WebSite","@id":"https:\/\/alice.ch\/fr\/#website","url":"https:\/\/alice.ch\/fr\/","name":"alice.ch (Adult Learning Information Center) ist das Portal der Weiterbildung in der Schweiz.","description":"Schweizerischer Verband f\u00fcr Weiterbildung","publisher":{"@id":"https:\/\/alice.ch\/fr\/#organization"},"potentialAction":[{"@type":"SearchAction","target":{"@type":"EntryPoint","urlTemplate":"https:\/\/alice.ch\/fr\/?s={search_term_string}"},"query-input":{"@type":"PropertyValueSpecification","valueRequired":true,"valueName":"search_term_string"}}],"inLanguage":"fr-FR"},{"@type":"Organization","@id":"https:\/\/alice.ch\/fr\/#organization","name":"FSEA F\u00e9d\u00e9ration suisse pour la formation continue","url":"https:\/\/alice.ch\/fr\/","logo":{"@type":"ImageObject","inLanguage":"fr-FR","@id":"https:\/\/alice.ch\/fr\/#\/schema\/logo\/image\/","url":"https:\/\/alice.ch\/app\/uploads\/2022\/07\/logo-sveb.png","contentUrl":"https:\/\/alice.ch\/app\/uploads\/2022\/07\/logo-sveb.png","width":145,"height":64,"caption":"FSEA F\u00e9d\u00e9ration suisse pour la formation continue"},"image":{"@id":"https:\/\/alice.ch\/fr\/#\/schema\/logo\/image\/"},"sameAs":["https:\/\/www.linkedin.com\/company\/schweizerischer-verband-fr-weiterbildung-sveb\/"]}]}},"_links":{"self":[{"href":"https:\/\/alice.ch\/fr\/wp-json\/wp\/v2\/pages\/11176","targetHints":{"allow":["GET"]}}],"collection":[{"href":"https:\/\/alice.ch\/fr\/wp-json\/wp\/v2\/pages"}],"about":[{"href":"https:\/\/alice.ch\/fr\/wp-json\/wp\/v2\/types\/page"}],"author":[{"embeddable":true,"href":"https:\/\/alice.ch\/fr\/wp-json\/wp\/v2\/users\/2"}],"replies":[{"embeddable":true,"href":"https:\/\/alice.ch\/fr\/wp-json\/wp\/v2\/comments?post=11176"}],"version-history":[{"count":15,"href":"https:\/\/alice.ch\/fr\/wp-json\/wp\/v2\/pages\/11176\/revisions"}],"predecessor-version":[{"id":56309,"href":"https:\/\/alice.ch\/fr\/wp-json\/wp\/v2\/pages\/11176\/revisions\/56309"}],"up":[{"embeddable":true,"href":"https:\/\/alice.ch\/fr\/wp-json\/wp\/v2\/pages\/11168"}],"wp:featuredmedia":[{"embeddable":true,"href":"https:\/\/alice.ch\/fr\/wp-json\/wp\/v2\/media\/20799"}],"wp:attachment":[{"href":"https:\/\/alice.ch\/fr\/wp-json\/wp\/v2\/media?parent=11176"}],"curies":[{"name":"wp","href":"https:\/\/api.w.org\/{rel}","templated":true}]}}