{"id":11182,"date":"2022-08-16T16:24:28","date_gmt":"2022-08-16T14:24:28","guid":{"rendered":"https:\/\/projects.atxeit.ch\/sveb\/digitalisierung\/digitales-lernen\/digitale-werkzeuge\/"},"modified":"2023-05-07T17:02:07","modified_gmt":"2023-05-07T15:02:07","slug":"outils-numeriques","status":"publish","type":"page","link":"https:\/\/alice.ch\/fr\/themes\/la-numerisation\/apprentissage-numerique\/outils-numeriques\/","title":{"rendered":"Outils num\u00e9riques"},"content":{"rendered":"\n<div class=\"wp-block-group is-style-reduced-width is-layout-flow wp-block-group-is-layout-flow\">\n<h1 class=\"wp-block-heading\">Outils num\u00e9riques<\/h1>\n\n\n\n<p class=\"is-style-lead\">Vous pouvez utiliser diverses applications num\u00e9riques pour rester en contact avec les apprenant-e-s sous forme \u00e9crite et audio-visuelle, organiser des r\u00e9unions ou des pr\u00e9sentations, cr\u00e9er des contributions, organiser des travaux de groupe et bien plus encore.<\/p>\n\n\n\n<p>Les points suivants doivent \u00eatre consid\u00e9r\u00e9s de mani\u00e8re g\u00e9n\u00e9rale :<\/p>\n\n\n\n<ol class=\"wp-block-list\">\n<li>Pour chaque application, il est important d&rsquo;examiner les normes qu&rsquo;elle garantit en termes de s\u00e9curit\u00e9 des donn\u00e9es.<\/li>\n\n\n\n<li>Les vid\u00e9oconf\u00e9rences, en particulier, n\u00e9cessitent une infrastructure suffisante (notamment une bonne connexion Internet). Il est \u00e9galement important de consid\u00e9rer quelles applications peuvent \u00eatre facilement utilis\u00e9es par les participants.<\/li>\n\n\n\n<li>De nombreuses sources sur ce sujet se concentrent sur les jeunes. Les adultes utilisent souvent d&rsquo;autres applications : Par exemple, la communication par courrier \u00e9lectronique peut encore \u00eatre une m\u00e9thode \u00e9prouv\u00e9e dans le cadre de la formation continue.<\/li>\n<\/ol>\n\n\n\n<h2 class=\"wp-block-heading\">Applications fr\u00e9quemment utilis\u00e9es et liens utiles<\/h2>\n\n\n\n<h3 class=\"wp-block-heading\">Jitsi Meet<\/h3>\n\n\n\n<p>Une solution gratuite de vid\u00e9oconf\u00e9rence consid\u00e9r\u00e9e comme s\u00fbre. Il est facile \u00e0 utiliser en ligne et ne n\u00e9cessite aucune installation, mais ne fonctionne pas de mani\u00e8re optimale dans tous les navigateurs.<\/p>\n\n\n\n<div class=\"wp-block-buttons is-layout-flex wp-block-buttons-is-layout-flex\">\n<div class=\"wp-block-button has-custom-width wp-block-button__width-50 is-style-outline is-style-outline--1\"><a class=\"wp-block-button__link wp-element-button\" href=\"https:\/\/meet.jit.si\/\" target=\"_blank\" rel=\"noreferrer noopener\">Jitsi Meet pour les vid\u00e9oconf\u00e9rences<\/a><\/div>\n<\/div>\n\n\n\n<h3 class=\"wp-block-heading\">Zoom<\/h3>\n\n\n\n<p>Le logiciel Zoom peut \u00eatre utilis\u00e9 dans le navigateur ou en installant l&rsquo;application. Il dispose de fonctionnalit\u00e9s utiles telles que des tableaux blancs interactifs et la possibilit\u00e9 de cr\u00e9er des groupes. Cependant, la s\u00e9curit\u00e9 des donn\u00e9es de Zoom est \u00e9valu\u00e9e de mani\u00e8re tr\u00e8s diff\u00e9rente.<\/p>\n\n\n\n<div class=\"wp-block-columns is-layout-flex wp-container-core-columns-is-layout-28f84493 wp-block-columns-is-layout-flex\">\n<div class=\"wp-block-column is-layout-flow wp-block-column-is-layout-flow\" style=\"flex-basis:50%\">\n<div class=\"wp-block-file\"><a id=\"wp-block-file--media-c14ff5dd-15cd-416f-b975-9ef840b81ad8\" href=\"https:\/\/alice.ch\/app\/uploads\/2022\/11\/FSEA.zoom_.support.2020.04.pdf\" target=\"_blank\" rel=\"noreferrer noopener\">FSEA : ZOOM, prise en main<br \/>PDF &#8211; 22 Mo<\/a><a href=\"https:\/\/alice.ch\/app\/uploads\/2022\/11\/FSEA.zoom_.support.2020.04.pdf\" class=\"wp-block-file__button wp-element-button\" download aria-describedby=\"wp-block-file--media-c14ff5dd-15cd-416f-b975-9ef840b81ad8\">Herunterladen<br \/>PDF &#8211; 22 Mo<\/a><\/div>\n<\/div>\n\n\n\n<div class=\"wp-block-column is-layout-flow wp-block-column-is-layout-flow\" style=\"flex-basis:50%\"><\/div>\n<\/div>\n\n\n\n<div class=\"wp-block-buttons is-layout-flex wp-block-buttons-is-layout-flex\">\n<div class=\"wp-block-button has-custom-width wp-block-button__width-50 is-style-outline is-style-outline--2\"><a class=\"wp-block-button__link wp-element-button\" href=\"https:\/\/zoom.us\/\" target=\"_blank\" rel=\"noreferrer noopener\">Zoom pour les vid\u00e9oconf\u00e9rences<\/a><\/div>\n<\/div>\n\n\n\n<h3 class=\"wp-block-heading\">Padlet<\/h3>\n\n\n\n<p>Le tableau d&rsquo;affichage num\u00e9rique permet de recueillir rapidement et de mani\u00e8re structur\u00e9e les id\u00e9es et les contributions de plusieurs participants. Il est gratuit et peut \u00eatre utilis\u00e9 directement dans le navigateur.<\/p>\n\n\n\n<div class=\"wp-block-buttons is-layout-flex wp-block-buttons-is-layout-flex\">\n<div class=\"wp-block-button has-custom-width wp-block-button__width-50 is-style-outline is-style-outline--3\"><a class=\"wp-block-button__link wp-element-button\" href=\"https:\/\/padlet.com\/\" target=\"_blank\" rel=\"noreferrer noopener\">Padlet<\/a><\/div>\n\n\n\n<div class=\"wp-block-button has-custom-width wp-block-button__width-50 is-style-outline is-style-outline--4\"><a class=\"wp-block-button__link wp-element-button\" href=\"https:\/\/wb-web.de\/material\/medien\/Virtuelle-Tafeln-wie-Padlets-und-Stormboard.html\" target=\"_blank\" rel=\"noreferrer noopener\">Module d&rsquo;apprentissage sur les tableaux d&rsquo;affichage virtuels (DIE)<\/a><\/div>\n<\/div>\n\n\n\n<h3 class=\"wp-block-heading\">Plates-formes d&rsquo;apprentissage<\/h3>\n\n\n\n<p>Les plateformes d&rsquo;apprentissage sont adapt\u00e9es au classement des documents et \u00e0 la cr\u00e9ation d&rsquo;une \u00ab\u00a0salle de cours\u00a0\u00bb num\u00e9rique. Les offres dans ce domaine comprennent des syst\u00e8mes complets de gestion de l&rsquo;apprentissage tels que ILIAS ou Moodle. Pour le classement de documents, cependant, des services tels que Dropbox ou Google Drive peuvent aussi \u00eatre utilis\u00e9s assez facilement.<\/p>\n\n\n\n<p>Vous trouverez un bon aper\u00e7u des offres de comparaison et d&rsquo;approfondissement sur :<\/p>\n\n\n\n<div class=\"wp-block-buttons is-layout-flex wp-block-buttons-is-layout-flex\">\n<div class=\"wp-block-button has-custom-width wp-block-button__width-50 is-style-outline is-style-outline--5\"><a class=\"wp-block-button__link wp-element-button\" href=\"https:\/\/www.unige.ch\/enseignement-a-distance\/\" target=\"_blank\" rel=\"noreferrer noopener\">Portail pour l&rsquo;enseignement \u00e0 distance et hybride<\/a><\/div>\n<\/div>\n\n\n\n<div class=\"wp-block-buttons is-layout-flex wp-block-buttons-is-layout-flex\">\n<div class=\"wp-block-button has-custom-width wp-block-button__width-50 is-style-outline is-style-outline--6\"><a class=\"wp-block-button__link wp-element-button\" href=\"https:\/\/edutechwiki.unige.ch\/fr\/Enseigner_%C3%A0_distance_dans_l%27urgence\" target=\"_blank\" rel=\"noreferrer noopener\">Enseigner \u00e0 distance dans l&rsquo;urgence<\/a><\/div>\n<\/div>\n\n\n\n<h3 class=\"wp-block-heading\">Vid\u00e9os explicatives avec Loom<\/h3>\n\n\n\n<p>Avec le logiciel gratuit Loom, vous pouvez enregistrer et \u00e9diter des vid\u00e9os directement sur votre \u00e9cran. Par exemple, vous pouvez cr\u00e9er des contributions que les participants peuvent regarder \u00e0 l&rsquo;avance, ou enregistrer des commentaires pour les participants lorsque cela ne peut \u00eatre fait en direct.<\/p>\n\n\n\n<div class=\"wp-block-buttons is-layout-flex wp-block-buttons-is-layout-flex\">\n<div class=\"wp-block-button has-custom-width wp-block-button__width-50 is-style-outline is-style-outline--7\"><a class=\"wp-block-button__link wp-element-button\" href=\"https:\/\/www.loom.com\/\" target=\"_blank\" rel=\"noreferrer noopener\">Loom<\/a><\/div>\n<\/div>\n\n\n\n<h2 class=\"wp-block-heading\">Contact<\/h2>\n\n\n\n<div class=\"wp-block-columns is-layout-flex wp-container-core-columns-is-layout-28f84493 wp-block-columns-is-layout-flex\">\n<div class=\"wp-block-column is-layout-flow wp-block-column-is-layout-flow\" style=\"flex-basis:50%\"><div class=\"contact-persons\">\n\n\t\t\t\t\t<div class=\"contact-person\">\n\t\t\t\t\tIrena Sgier<br \/>\t\t\t\t\tDirectrice adjointe, Directrice de la recherche, du d\u00e9veloppement et de l\u2019innovation<br \/>\t\t\t\t\t<br \/>\n\t\t\t\t\t\t\t\t\t\t<a href=\"tel:+41 (0)44 319 71 59\">+41 (0)44 319 71 59<\/a><br \/>\t\t\t\t\t<a href=\"mailto:irena.sgier@alice.ch\">irena.sgier@alice.ch<\/a><br \/>\t\t\t\t\t<\/div>\n\t\t\t\t\t<\/div>\n<\/div>\n\n\n\n<div class=\"wp-block-column is-layout-flow wp-block-column-is-layout-flow\" style=\"flex-basis:50%\"><\/div>\n<\/div>\n<\/div>\n","protected":false},"excerpt":{"rendered":"<p>Outils num\u00e9riques Vous pouvez utiliser diverses applications num\u00e9riques pour rester en contact avec les apprenant-e-s sous forme \u00e9crite et audio-visuelle, [&hellip;]<\/p>\n","protected":false},"author":2,"featured_media":20799,"parent":11176,"menu_order":112,"comment_status":"closed","ping_status":"closed","template":"","meta":{"_acf_changed":false,"inline_featured_image":false,"footnotes":""},"class_list":["post-11182","page","type-page","status-publish","has-post-thumbnail","hentry"],"acf":[],"yoast_head":"<!-- This site is optimized with the Yoast SEO plugin v27.3 - https:\/\/yoast.com\/product\/yoast-seo-wordpress\/ -->\n<title>Outils num\u00e9riques - FSEA<\/title>\n<meta name=\"robots\" content=\"index, follow, max-snippet:-1, max-image-preview:large, max-video-preview:-1\" \/>\n<link rel=\"canonical\" href=\"https:\/\/alice.ch\/fr\/themes\/la-numerisation\/apprentissage-numerique\/outils-numeriques\/\" \/>\n<meta property=\"og:locale\" content=\"fr_FR\" \/>\n<meta property=\"og:type\" content=\"article\" \/>\n<meta property=\"og:title\" content=\"Outils num\u00e9riques - FSEA\" \/>\n<meta property=\"og:description\" content=\"Outils num\u00e9riques Vous pouvez utiliser diverses applications num\u00e9riques pour rester en contact avec les apprenant-e-s sous forme \u00e9crite et audio-visuelle, [&hellip;]\" \/>\n<meta property=\"og:url\" content=\"https:\/\/alice.ch\/fr\/themes\/la-numerisation\/apprentissage-numerique\/outils-numeriques\/\" \/>\n<meta property=\"og:site_name\" content=\"SVEB\" \/>\n<meta property=\"article:modified_time\" content=\"2023-05-07T15:02:07+00:00\" \/>\n<meta name=\"twitter:card\" content=\"summary_large_image\" \/>\n<meta name=\"twitter:label1\" content=\"Dur\u00e9e de lecture estim\u00e9e\" \/>\n\t<meta name=\"twitter:data1\" content=\"3 minutes\" \/>\n<script type=\"application\/ld+json\" class=\"yoast-schema-graph\">{\"@context\":\"https:\\\/\\\/schema.org\",\"@graph\":[{\"@type\":\"WebPage\",\"@id\":\"https:\\\/\\\/alice.ch\\\/fr\\\/themes\\\/la-numerisation\\\/apprentissage-numerique\\\/outils-numeriques\\\/\",\"url\":\"https:\\\/\\\/alice.ch\\\/fr\\\/themes\\\/la-numerisation\\\/apprentissage-numerique\\\/outils-numeriques\\\/\",\"name\":\"Outils num\u00e9riques - FSEA\",\"isPartOf\":{\"@id\":\"https:\\\/\\\/alice.ch\\\/fr\\\/#website\"},\"primaryImageOfPage\":{\"@id\":\"https:\\\/\\\/alice.ch\\\/fr\\\/themes\\\/la-numerisation\\\/apprentissage-numerique\\\/outils-numeriques\\\/#primaryimage\"},\"image\":{\"@id\":\"https:\\\/\\\/alice.ch\\\/fr\\\/themes\\\/la-numerisation\\\/apprentissage-numerique\\\/outils-numeriques\\\/#primaryimage\"},\"thumbnailUrl\":\"https:\\\/\\\/alice.ch\\\/app\\\/uploads\\\/2022\\\/11\\\/default.jpg\",\"datePublished\":\"2022-08-16T14:24:28+00:00\",\"dateModified\":\"2023-05-07T15:02:07+00:00\",\"breadcrumb\":{\"@id\":\"https:\\\/\\\/alice.ch\\\/fr\\\/themes\\\/la-numerisation\\\/apprentissage-numerique\\\/outils-numeriques\\\/#breadcrumb\"},\"inLanguage\":\"fr-FR\",\"potentialAction\":[{\"@type\":\"ReadAction\",\"target\":[\"https:\\\/\\\/alice.ch\\\/fr\\\/themes\\\/la-numerisation\\\/apprentissage-numerique\\\/outils-numeriques\\\/\"]}]},{\"@type\":\"ImageObject\",\"inLanguage\":\"fr-FR\",\"@id\":\"https:\\\/\\\/alice.ch\\\/fr\\\/themes\\\/la-numerisation\\\/apprentissage-numerique\\\/outils-numeriques\\\/#primaryimage\",\"url\":\"https:\\\/\\\/alice.ch\\\/app\\\/uploads\\\/2022\\\/11\\\/default.jpg\",\"contentUrl\":\"https:\\\/\\\/alice.ch\\\/app\\\/uploads\\\/2022\\\/11\\\/default.jpg\",\"width\":1600,\"height\":900},{\"@type\":\"BreadcrumbList\",\"@id\":\"https:\\\/\\\/alice.ch\\\/fr\\\/themes\\\/la-numerisation\\\/apprentissage-numerique\\\/outils-numeriques\\\/#breadcrumb\",\"itemListElement\":[{\"@type\":\"ListItem\",\"position\":1,\"name\":\"Page d'accueil\",\"item\":\"https:\\\/\\\/alice.ch\\\/fr\\\/\"},{\"@type\":\"ListItem\",\"position\":2,\"name\":\"Th\u00e8mes\",\"item\":\"https:\\\/\\\/alice.ch\\\/fr\\\/themes\\\/\"},{\"@type\":\"ListItem\",\"position\":3,\"name\":\"La num\u00e9risation et la formation continue\",\"item\":\"https:\\\/\\\/alice.ch\\\/fr\\\/themes\\\/la-numerisation\\\/\"},{\"@type\":\"ListItem\",\"position\":4,\"name\":\"Apprentissage num\u00e9rique\",\"item\":\"https:\\\/\\\/alice.ch\\\/fr\\\/themes\\\/la-numerisation\\\/apprentissage-numerique\\\/\"},{\"@type\":\"ListItem\",\"position\":5,\"name\":\"Outils num\u00e9riques\"}]},{\"@type\":\"WebSite\",\"@id\":\"https:\\\/\\\/alice.ch\\\/fr\\\/#website\",\"url\":\"https:\\\/\\\/alice.ch\\\/fr\\\/\",\"name\":\"alice.ch (Adult Learning Information Center) ist das Portal der Weiterbildung in der Schweiz.\",\"description\":\"Schweizerischer Verband f\u00fcr Weiterbildung\",\"publisher\":{\"@id\":\"https:\\\/\\\/alice.ch\\\/fr\\\/#organization\"},\"potentialAction\":[{\"@type\":\"SearchAction\",\"target\":{\"@type\":\"EntryPoint\",\"urlTemplate\":\"https:\\\/\\\/alice.ch\\\/fr\\\/?s={search_term_string}\"},\"query-input\":{\"@type\":\"PropertyValueSpecification\",\"valueRequired\":true,\"valueName\":\"search_term_string\"}}],\"inLanguage\":\"fr-FR\"},{\"@type\":\"Organization\",\"@id\":\"https:\\\/\\\/alice.ch\\\/fr\\\/#organization\",\"name\":\"FSEA F\u00e9d\u00e9ration suisse pour la formation continue\",\"url\":\"https:\\\/\\\/alice.ch\\\/fr\\\/\",\"logo\":{\"@type\":\"ImageObject\",\"inLanguage\":\"fr-FR\",\"@id\":\"https:\\\/\\\/alice.ch\\\/fr\\\/#\\\/schema\\\/logo\\\/image\\\/\",\"url\":\"https:\\\/\\\/alice.ch\\\/app\\\/uploads\\\/2022\\\/07\\\/logo-sveb.png\",\"contentUrl\":\"https:\\\/\\\/alice.ch\\\/app\\\/uploads\\\/2022\\\/07\\\/logo-sveb.png\",\"width\":145,\"height\":64,\"caption\":\"FSEA F\u00e9d\u00e9ration suisse pour la formation continue\"},\"image\":{\"@id\":\"https:\\\/\\\/alice.ch\\\/fr\\\/#\\\/schema\\\/logo\\\/image\\\/\"},\"sameAs\":[\"https:\\\/\\\/www.linkedin.com\\\/company\\\/schweizerischer-verband-fr-weiterbildung-sveb\\\/\"]}]}<\/script>\n<!-- \/ Yoast SEO plugin. -->","yoast_head_json":{"title":"Outils num\u00e9riques - FSEA","robots":{"index":"index","follow":"follow","max-snippet":"max-snippet:-1","max-image-preview":"max-image-preview:large","max-video-preview":"max-video-preview:-1"},"canonical":"https:\/\/alice.ch\/fr\/themes\/la-numerisation\/apprentissage-numerique\/outils-numeriques\/","og_locale":"fr_FR","og_type":"article","og_title":"Outils num\u00e9riques - FSEA","og_description":"Outils num\u00e9riques Vous pouvez utiliser diverses applications num\u00e9riques pour rester en contact avec les apprenant-e-s sous forme \u00e9crite et audio-visuelle, [&hellip;]","og_url":"https:\/\/alice.ch\/fr\/themes\/la-numerisation\/apprentissage-numerique\/outils-numeriques\/","og_site_name":"SVEB","article_modified_time":"2023-05-07T15:02:07+00:00","twitter_card":"summary_large_image","twitter_misc":{"Dur\u00e9e de lecture estim\u00e9e":"3 minutes"},"schema":{"@context":"https:\/\/schema.org","@graph":[{"@type":"WebPage","@id":"https:\/\/alice.ch\/fr\/themes\/la-numerisation\/apprentissage-numerique\/outils-numeriques\/","url":"https:\/\/alice.ch\/fr\/themes\/la-numerisation\/apprentissage-numerique\/outils-numeriques\/","name":"Outils num\u00e9riques - FSEA","isPartOf":{"@id":"https:\/\/alice.ch\/fr\/#website"},"primaryImageOfPage":{"@id":"https:\/\/alice.ch\/fr\/themes\/la-numerisation\/apprentissage-numerique\/outils-numeriques\/#primaryimage"},"image":{"@id":"https:\/\/alice.ch\/fr\/themes\/la-numerisation\/apprentissage-numerique\/outils-numeriques\/#primaryimage"},"thumbnailUrl":"https:\/\/alice.ch\/app\/uploads\/2022\/11\/default.jpg","datePublished":"2022-08-16T14:24:28+00:00","dateModified":"2023-05-07T15:02:07+00:00","breadcrumb":{"@id":"https:\/\/alice.ch\/fr\/themes\/la-numerisation\/apprentissage-numerique\/outils-numeriques\/#breadcrumb"},"inLanguage":"fr-FR","potentialAction":[{"@type":"ReadAction","target":["https:\/\/alice.ch\/fr\/themes\/la-numerisation\/apprentissage-numerique\/outils-numeriques\/"]}]},{"@type":"ImageObject","inLanguage":"fr-FR","@id":"https:\/\/alice.ch\/fr\/themes\/la-numerisation\/apprentissage-numerique\/outils-numeriques\/#primaryimage","url":"https:\/\/alice.ch\/app\/uploads\/2022\/11\/default.jpg","contentUrl":"https:\/\/alice.ch\/app\/uploads\/2022\/11\/default.jpg","width":1600,"height":900},{"@type":"BreadcrumbList","@id":"https:\/\/alice.ch\/fr\/themes\/la-numerisation\/apprentissage-numerique\/outils-numeriques\/#breadcrumb","itemListElement":[{"@type":"ListItem","position":1,"name":"Page d'accueil","item":"https:\/\/alice.ch\/fr\/"},{"@type":"ListItem","position":2,"name":"Th\u00e8mes","item":"https:\/\/alice.ch\/fr\/themes\/"},{"@type":"ListItem","position":3,"name":"La num\u00e9risation et la formation continue","item":"https:\/\/alice.ch\/fr\/themes\/la-numerisation\/"},{"@type":"ListItem","position":4,"name":"Apprentissage num\u00e9rique","item":"https:\/\/alice.ch\/fr\/themes\/la-numerisation\/apprentissage-numerique\/"},{"@type":"ListItem","position":5,"name":"Outils num\u00e9riques"}]},{"@type":"WebSite","@id":"https:\/\/alice.ch\/fr\/#website","url":"https:\/\/alice.ch\/fr\/","name":"alice.ch (Adult Learning Information Center) ist das Portal der Weiterbildung in der Schweiz.","description":"Schweizerischer Verband f\u00fcr Weiterbildung","publisher":{"@id":"https:\/\/alice.ch\/fr\/#organization"},"potentialAction":[{"@type":"SearchAction","target":{"@type":"EntryPoint","urlTemplate":"https:\/\/alice.ch\/fr\/?s={search_term_string}"},"query-input":{"@type":"PropertyValueSpecification","valueRequired":true,"valueName":"search_term_string"}}],"inLanguage":"fr-FR"},{"@type":"Organization","@id":"https:\/\/alice.ch\/fr\/#organization","name":"FSEA F\u00e9d\u00e9ration suisse pour la formation continue","url":"https:\/\/alice.ch\/fr\/","logo":{"@type":"ImageObject","inLanguage":"fr-FR","@id":"https:\/\/alice.ch\/fr\/#\/schema\/logo\/image\/","url":"https:\/\/alice.ch\/app\/uploads\/2022\/07\/logo-sveb.png","contentUrl":"https:\/\/alice.ch\/app\/uploads\/2022\/07\/logo-sveb.png","width":145,"height":64,"caption":"FSEA F\u00e9d\u00e9ration suisse pour la formation continue"},"image":{"@id":"https:\/\/alice.ch\/fr\/#\/schema\/logo\/image\/"},"sameAs":["https:\/\/www.linkedin.com\/company\/schweizerischer-verband-fr-weiterbildung-sveb\/"]}]}},"_links":{"self":[{"href":"https:\/\/alice.ch\/fr\/wp-json\/wp\/v2\/pages\/11182","targetHints":{"allow":["GET"]}}],"collection":[{"href":"https:\/\/alice.ch\/fr\/wp-json\/wp\/v2\/pages"}],"about":[{"href":"https:\/\/alice.ch\/fr\/wp-json\/wp\/v2\/types\/page"}],"author":[{"embeddable":true,"href":"https:\/\/alice.ch\/fr\/wp-json\/wp\/v2\/users\/2"}],"replies":[{"embeddable":true,"href":"https:\/\/alice.ch\/fr\/wp-json\/wp\/v2\/comments?post=11182"}],"version-history":[{"count":7,"href":"https:\/\/alice.ch\/fr\/wp-json\/wp\/v2\/pages\/11182\/revisions"}],"predecessor-version":[{"id":50010,"href":"https:\/\/alice.ch\/fr\/wp-json\/wp\/v2\/pages\/11182\/revisions\/50010"}],"up":[{"embeddable":true,"href":"https:\/\/alice.ch\/fr\/wp-json\/wp\/v2\/pages\/11176"}],"wp:featuredmedia":[{"embeddable":true,"href":"https:\/\/alice.ch\/fr\/wp-json\/wp\/v2\/media\/20799"}],"wp:attachment":[{"href":"https:\/\/alice.ch\/fr\/wp-json\/wp\/v2\/media?parent=11182"}],"curies":[{"name":"wp","href":"https:\/\/api.w.org\/{rel}","templated":true}]}}