{"id":11185,"date":"2022-08-16T16:25:27","date_gmt":"2022-08-16T14:25:27","guid":{"rendered":"https:\/\/projects.atxeit.ch\/sveb\/digitalisierung\/digitales-lernen\/datensicherheit\/"},"modified":"2023-05-16T14:27:16","modified_gmt":"2023-05-16T12:27:16","slug":"securite-des-donnees","status":"publish","type":"page","link":"https:\/\/alice.ch\/fr\/themes\/la-numerisation\/apprentissage-numerique\/securite-des-donnees\/","title":{"rendered":"S\u00e9curit\u00e9 des donn\u00e9es"},"content":{"rendered":"\n<div class=\"wp-block-group is-style-reduced-width is-layout-flow wp-block-group-is-layout-flow\">\n<h1 class=\"wp-block-heading\">S\u00e9curit\u00e9 des donn\u00e9es<\/h1>\n\n\n\n<p class=\"is-style-lead\">La d\u00e9localisation de la formation continue vers Internet a divers effets qui doivent \u00eatre pris en compte en termes de s\u00e9curit\u00e9 et de droits des donn\u00e9es.<\/p>\n\n\n\n<p>D&rsquo;une part, il est particuli\u00e8rement important de prot\u00e9ger de mani\u00e8re ad\u00e9quate les donn\u00e9es des participants qui sont cr\u00e9\u00e9es dans le cadre de ces offres. D&rsquo;autre part, les prestataires doivent conna\u00eetre exactement les droits d&rsquo;utilisation des mat\u00e9riaux qu&rsquo;ils utilisent \u00e0 cette fin.<\/p>\n\n\n\n<h2 class=\"wp-block-heading\">Droits d&rsquo;utilisation<\/h2>\n\n\n\n<p>Internet offre non seulement des plates-formes et des applications qui rendent les cours num\u00e9riques possibles, mais il y a aussi beaucoup de mat\u00e9riel d&rsquo;apprentissage disponible en ligne. Le terme \u00ab\u00a0ressources \u00e9ducatives ouvertes\u00a0\u00bb (REL) couvre les mat\u00e9riels qui sont disponibles gratuitement et accessibles \u00e0 tous. Pour les autres mat\u00e9riels, tels que les images, que vous utilisez dans vos cours, les droits d&rsquo;utilisation doivent toujours \u00eatre v\u00e9rifi\u00e9s et respect\u00e9s au pr\u00e9alable.<\/p>\n\n\n\n<h2 class=\"wp-block-heading\">Contact<\/h2>\n\n\n\n<div class=\"wp-block-columns is-layout-flex wp-container-core-columns-is-layout-28f84493 wp-block-columns-is-layout-flex\">\n<div class=\"wp-block-column is-layout-flow wp-block-column-is-layout-flow\" style=\"flex-basis:50%\"><div class=\"contact-persons\">\n\n\t\t\t\t\t<div class=\"contact-person\">\n\t\t\t\t\tIrena Sgier<br \/>\t\t\t\t\tDirectrice adjointe, Directrice de la recherche, du d\u00e9veloppement et de l\u2019innovation<br \/>\t\t\t\t\t<br \/>\n\t\t\t\t\t\t\t\t\t\t<a href=\"tel:+41 (0)44 319 71 59\">+41 (0)44 319 71 59<\/a><br \/>\t\t\t\t\t<a href=\"mailto:irena.sgier@alice.ch\">irena.sgier@alice.ch<\/a><br \/>\t\t\t\t\t<\/div>\n\t\t\t\t\t<\/div>\n<\/div>\n\n\n\n<div class=\"wp-block-column is-layout-flow wp-block-column-is-layout-flow\" style=\"flex-basis:50%\"><\/div>\n<\/div>\n<\/div>\n","protected":false},"excerpt":{"rendered":"<p>S\u00e9curit\u00e9 des donn\u00e9es La d\u00e9localisation de la formation continue vers Internet a divers effets qui doivent \u00eatre pris en compte [&hellip;]<\/p>\n","protected":false},"author":2,"featured_media":20799,"parent":11176,"menu_order":108,"comment_status":"closed","ping_status":"closed","template":"","meta":{"_acf_changed":false,"inline_featured_image":false,"footnotes":""},"class_list":["post-11185","page","type-page","status-publish","has-post-thumbnail","hentry"],"acf":[],"yoast_head":"<!-- This site is optimized with the Yoast SEO plugin v27.3 - https:\/\/yoast.com\/product\/yoast-seo-wordpress\/ -->\n<title>S\u00e9curit\u00e9 des donn\u00e9es - FSEA<\/title>\n<meta name=\"robots\" content=\"index, follow, max-snippet:-1, max-image-preview:large, max-video-preview:-1\" \/>\n<link rel=\"canonical\" href=\"https:\/\/alice.ch\/fr\/themes\/la-numerisation\/apprentissage-numerique\/securite-des-donnees\/\" \/>\n<meta property=\"og:locale\" content=\"fr_FR\" \/>\n<meta property=\"og:type\" content=\"article\" \/>\n<meta property=\"og:title\" content=\"S\u00e9curit\u00e9 des donn\u00e9es - FSEA\" \/>\n<meta property=\"og:description\" content=\"S\u00e9curit\u00e9 des donn\u00e9es La d\u00e9localisation de la formation continue vers Internet a divers effets qui doivent \u00eatre pris en compte [&hellip;]\" \/>\n<meta property=\"og:url\" content=\"https:\/\/alice.ch\/fr\/themes\/la-numerisation\/apprentissage-numerique\/securite-des-donnees\/\" \/>\n<meta property=\"og:site_name\" content=\"SVEB\" \/>\n<meta property=\"article:modified_time\" content=\"2023-05-16T12:27:16+00:00\" \/>\n<meta name=\"twitter:card\" content=\"summary_large_image\" \/>\n<meta name=\"twitter:label1\" content=\"Dur\u00e9e de lecture estim\u00e9e\" \/>\n\t<meta name=\"twitter:data1\" content=\"1 minute\" \/>\n<script type=\"application\/ld+json\" class=\"yoast-schema-graph\">{\"@context\":\"https:\\\/\\\/schema.org\",\"@graph\":[{\"@type\":\"WebPage\",\"@id\":\"https:\\\/\\\/alice.ch\\\/fr\\\/themes\\\/la-numerisation\\\/apprentissage-numerique\\\/securite-des-donnees\\\/\",\"url\":\"https:\\\/\\\/alice.ch\\\/fr\\\/themes\\\/la-numerisation\\\/apprentissage-numerique\\\/securite-des-donnees\\\/\",\"name\":\"S\u00e9curit\u00e9 des donn\u00e9es - FSEA\",\"isPartOf\":{\"@id\":\"https:\\\/\\\/alice.ch\\\/fr\\\/#website\"},\"primaryImageOfPage\":{\"@id\":\"https:\\\/\\\/alice.ch\\\/fr\\\/themes\\\/la-numerisation\\\/apprentissage-numerique\\\/securite-des-donnees\\\/#primaryimage\"},\"image\":{\"@id\":\"https:\\\/\\\/alice.ch\\\/fr\\\/themes\\\/la-numerisation\\\/apprentissage-numerique\\\/securite-des-donnees\\\/#primaryimage\"},\"thumbnailUrl\":\"https:\\\/\\\/alice.ch\\\/app\\\/uploads\\\/2022\\\/11\\\/default.jpg\",\"datePublished\":\"2022-08-16T14:25:27+00:00\",\"dateModified\":\"2023-05-16T12:27:16+00:00\",\"breadcrumb\":{\"@id\":\"https:\\\/\\\/alice.ch\\\/fr\\\/themes\\\/la-numerisation\\\/apprentissage-numerique\\\/securite-des-donnees\\\/#breadcrumb\"},\"inLanguage\":\"fr-FR\",\"potentialAction\":[{\"@type\":\"ReadAction\",\"target\":[\"https:\\\/\\\/alice.ch\\\/fr\\\/themes\\\/la-numerisation\\\/apprentissage-numerique\\\/securite-des-donnees\\\/\"]}]},{\"@type\":\"ImageObject\",\"inLanguage\":\"fr-FR\",\"@id\":\"https:\\\/\\\/alice.ch\\\/fr\\\/themes\\\/la-numerisation\\\/apprentissage-numerique\\\/securite-des-donnees\\\/#primaryimage\",\"url\":\"https:\\\/\\\/alice.ch\\\/app\\\/uploads\\\/2022\\\/11\\\/default.jpg\",\"contentUrl\":\"https:\\\/\\\/alice.ch\\\/app\\\/uploads\\\/2022\\\/11\\\/default.jpg\",\"width\":1600,\"height\":900},{\"@type\":\"BreadcrumbList\",\"@id\":\"https:\\\/\\\/alice.ch\\\/fr\\\/themes\\\/la-numerisation\\\/apprentissage-numerique\\\/securite-des-donnees\\\/#breadcrumb\",\"itemListElement\":[{\"@type\":\"ListItem\",\"position\":1,\"name\":\"Page d'accueil\",\"item\":\"https:\\\/\\\/alice.ch\\\/fr\\\/\"},{\"@type\":\"ListItem\",\"position\":2,\"name\":\"Th\u00e8mes\",\"item\":\"https:\\\/\\\/alice.ch\\\/fr\\\/themes\\\/\"},{\"@type\":\"ListItem\",\"position\":3,\"name\":\"La num\u00e9risation et la formation continue\",\"item\":\"https:\\\/\\\/alice.ch\\\/fr\\\/themes\\\/la-numerisation\\\/\"},{\"@type\":\"ListItem\",\"position\":4,\"name\":\"Apprentissage num\u00e9rique\",\"item\":\"https:\\\/\\\/alice.ch\\\/fr\\\/themes\\\/la-numerisation\\\/apprentissage-numerique\\\/\"},{\"@type\":\"ListItem\",\"position\":5,\"name\":\"S\u00e9curit\u00e9 des donn\u00e9es\"}]},{\"@type\":\"WebSite\",\"@id\":\"https:\\\/\\\/alice.ch\\\/fr\\\/#website\",\"url\":\"https:\\\/\\\/alice.ch\\\/fr\\\/\",\"name\":\"alice.ch (Adult Learning Information Center) ist das Portal der Weiterbildung in der Schweiz.\",\"description\":\"Schweizerischer Verband f\u00fcr Weiterbildung\",\"publisher\":{\"@id\":\"https:\\\/\\\/alice.ch\\\/fr\\\/#organization\"},\"potentialAction\":[{\"@type\":\"SearchAction\",\"target\":{\"@type\":\"EntryPoint\",\"urlTemplate\":\"https:\\\/\\\/alice.ch\\\/fr\\\/?s={search_term_string}\"},\"query-input\":{\"@type\":\"PropertyValueSpecification\",\"valueRequired\":true,\"valueName\":\"search_term_string\"}}],\"inLanguage\":\"fr-FR\"},{\"@type\":\"Organization\",\"@id\":\"https:\\\/\\\/alice.ch\\\/fr\\\/#organization\",\"name\":\"FSEA F\u00e9d\u00e9ration suisse pour la formation continue\",\"url\":\"https:\\\/\\\/alice.ch\\\/fr\\\/\",\"logo\":{\"@type\":\"ImageObject\",\"inLanguage\":\"fr-FR\",\"@id\":\"https:\\\/\\\/alice.ch\\\/fr\\\/#\\\/schema\\\/logo\\\/image\\\/\",\"url\":\"https:\\\/\\\/alice.ch\\\/app\\\/uploads\\\/2022\\\/07\\\/logo-sveb.png\",\"contentUrl\":\"https:\\\/\\\/alice.ch\\\/app\\\/uploads\\\/2022\\\/07\\\/logo-sveb.png\",\"width\":145,\"height\":64,\"caption\":\"FSEA F\u00e9d\u00e9ration suisse pour la formation continue\"},\"image\":{\"@id\":\"https:\\\/\\\/alice.ch\\\/fr\\\/#\\\/schema\\\/logo\\\/image\\\/\"},\"sameAs\":[\"https:\\\/\\\/www.linkedin.com\\\/company\\\/schweizerischer-verband-fr-weiterbildung-sveb\\\/\"]}]}<\/script>\n<!-- \/ Yoast SEO plugin. -->","yoast_head_json":{"title":"S\u00e9curit\u00e9 des donn\u00e9es - FSEA","robots":{"index":"index","follow":"follow","max-snippet":"max-snippet:-1","max-image-preview":"max-image-preview:large","max-video-preview":"max-video-preview:-1"},"canonical":"https:\/\/alice.ch\/fr\/themes\/la-numerisation\/apprentissage-numerique\/securite-des-donnees\/","og_locale":"fr_FR","og_type":"article","og_title":"S\u00e9curit\u00e9 des donn\u00e9es - FSEA","og_description":"S\u00e9curit\u00e9 des donn\u00e9es La d\u00e9localisation de la formation continue vers Internet a divers effets qui doivent \u00eatre pris en compte [&hellip;]","og_url":"https:\/\/alice.ch\/fr\/themes\/la-numerisation\/apprentissage-numerique\/securite-des-donnees\/","og_site_name":"SVEB","article_modified_time":"2023-05-16T12:27:16+00:00","twitter_card":"summary_large_image","twitter_misc":{"Dur\u00e9e de lecture estim\u00e9e":"1 minute"},"schema":{"@context":"https:\/\/schema.org","@graph":[{"@type":"WebPage","@id":"https:\/\/alice.ch\/fr\/themes\/la-numerisation\/apprentissage-numerique\/securite-des-donnees\/","url":"https:\/\/alice.ch\/fr\/themes\/la-numerisation\/apprentissage-numerique\/securite-des-donnees\/","name":"S\u00e9curit\u00e9 des donn\u00e9es - FSEA","isPartOf":{"@id":"https:\/\/alice.ch\/fr\/#website"},"primaryImageOfPage":{"@id":"https:\/\/alice.ch\/fr\/themes\/la-numerisation\/apprentissage-numerique\/securite-des-donnees\/#primaryimage"},"image":{"@id":"https:\/\/alice.ch\/fr\/themes\/la-numerisation\/apprentissage-numerique\/securite-des-donnees\/#primaryimage"},"thumbnailUrl":"https:\/\/alice.ch\/app\/uploads\/2022\/11\/default.jpg","datePublished":"2022-08-16T14:25:27+00:00","dateModified":"2023-05-16T12:27:16+00:00","breadcrumb":{"@id":"https:\/\/alice.ch\/fr\/themes\/la-numerisation\/apprentissage-numerique\/securite-des-donnees\/#breadcrumb"},"inLanguage":"fr-FR","potentialAction":[{"@type":"ReadAction","target":["https:\/\/alice.ch\/fr\/themes\/la-numerisation\/apprentissage-numerique\/securite-des-donnees\/"]}]},{"@type":"ImageObject","inLanguage":"fr-FR","@id":"https:\/\/alice.ch\/fr\/themes\/la-numerisation\/apprentissage-numerique\/securite-des-donnees\/#primaryimage","url":"https:\/\/alice.ch\/app\/uploads\/2022\/11\/default.jpg","contentUrl":"https:\/\/alice.ch\/app\/uploads\/2022\/11\/default.jpg","width":1600,"height":900},{"@type":"BreadcrumbList","@id":"https:\/\/alice.ch\/fr\/themes\/la-numerisation\/apprentissage-numerique\/securite-des-donnees\/#breadcrumb","itemListElement":[{"@type":"ListItem","position":1,"name":"Page d'accueil","item":"https:\/\/alice.ch\/fr\/"},{"@type":"ListItem","position":2,"name":"Th\u00e8mes","item":"https:\/\/alice.ch\/fr\/themes\/"},{"@type":"ListItem","position":3,"name":"La num\u00e9risation et la formation continue","item":"https:\/\/alice.ch\/fr\/themes\/la-numerisation\/"},{"@type":"ListItem","position":4,"name":"Apprentissage num\u00e9rique","item":"https:\/\/alice.ch\/fr\/themes\/la-numerisation\/apprentissage-numerique\/"},{"@type":"ListItem","position":5,"name":"S\u00e9curit\u00e9 des donn\u00e9es"}]},{"@type":"WebSite","@id":"https:\/\/alice.ch\/fr\/#website","url":"https:\/\/alice.ch\/fr\/","name":"alice.ch (Adult Learning Information Center) ist das Portal der Weiterbildung in der Schweiz.","description":"Schweizerischer Verband f\u00fcr Weiterbildung","publisher":{"@id":"https:\/\/alice.ch\/fr\/#organization"},"potentialAction":[{"@type":"SearchAction","target":{"@type":"EntryPoint","urlTemplate":"https:\/\/alice.ch\/fr\/?s={search_term_string}"},"query-input":{"@type":"PropertyValueSpecification","valueRequired":true,"valueName":"search_term_string"}}],"inLanguage":"fr-FR"},{"@type":"Organization","@id":"https:\/\/alice.ch\/fr\/#organization","name":"FSEA F\u00e9d\u00e9ration suisse pour la formation continue","url":"https:\/\/alice.ch\/fr\/","logo":{"@type":"ImageObject","inLanguage":"fr-FR","@id":"https:\/\/alice.ch\/fr\/#\/schema\/logo\/image\/","url":"https:\/\/alice.ch\/app\/uploads\/2022\/07\/logo-sveb.png","contentUrl":"https:\/\/alice.ch\/app\/uploads\/2022\/07\/logo-sveb.png","width":145,"height":64,"caption":"FSEA F\u00e9d\u00e9ration suisse pour la formation continue"},"image":{"@id":"https:\/\/alice.ch\/fr\/#\/schema\/logo\/image\/"},"sameAs":["https:\/\/www.linkedin.com\/company\/schweizerischer-verband-fr-weiterbildung-sveb\/"]}]}},"_links":{"self":[{"href":"https:\/\/alice.ch\/fr\/wp-json\/wp\/v2\/pages\/11185","targetHints":{"allow":["GET"]}}],"collection":[{"href":"https:\/\/alice.ch\/fr\/wp-json\/wp\/v2\/pages"}],"about":[{"href":"https:\/\/alice.ch\/fr\/wp-json\/wp\/v2\/types\/page"}],"author":[{"embeddable":true,"href":"https:\/\/alice.ch\/fr\/wp-json\/wp\/v2\/users\/2"}],"replies":[{"embeddable":true,"href":"https:\/\/alice.ch\/fr\/wp-json\/wp\/v2\/comments?post=11185"}],"version-history":[{"count":8,"href":"https:\/\/alice.ch\/fr\/wp-json\/wp\/v2\/pages\/11185\/revisions"}],"predecessor-version":[{"id":51116,"href":"https:\/\/alice.ch\/fr\/wp-json\/wp\/v2\/pages\/11185\/revisions\/51116"}],"up":[{"embeddable":true,"href":"https:\/\/alice.ch\/fr\/wp-json\/wp\/v2\/pages\/11176"}],"wp:featuredmedia":[{"embeddable":true,"href":"https:\/\/alice.ch\/fr\/wp-json\/wp\/v2\/media\/20799"}],"wp:attachment":[{"href":"https:\/\/alice.ch\/fr\/wp-json\/wp\/v2\/media?parent=11185"}],"curies":[{"name":"wp","href":"https:\/\/api.w.org\/{rel}","templated":true}]}}