{"id":11189,"date":"2022-08-16T15:35:55","date_gmt":"2022-08-16T13:35:55","guid":{"rendered":"https:\/\/projects.atxeit.ch\/sveb\/weiterbildung-und-kmu\/"},"modified":"2024-04-23T15:50:22","modified_gmt":"2024-04-23T13:50:22","slug":"la-formation-continue-dans-les-pme","status":"publish","type":"page","link":"https:\/\/alice.ch\/fr\/themes\/la-formation-continue-dans-les-pme\/","title":{"rendered":"La formation continue dans les PME"},"content":{"rendered":"\n<div class=\"wp-block-group is-style-reduced-width is-layout-flow wp-block-group-is-layout-flow\">\n<h1 class=\"wp-block-heading\">La formation continue dans les PME<\/h1>\n\n\n\n<p class=\"is-style-lead\">Le type et l&rsquo;intensit\u00e9 de la formation professionnelle continue en entreprise d\u00e9pendent, entre autres, de la taille de l&rsquo;entreprise. Alors que les grandes entreprises disposent souvent de leurs propres services de formation continue pour leurs employ\u00e9s, les PME sont confront\u00e9es \u00e0 des d\u00e9fis tr\u00e8s diff\u00e9rents.<\/p>\n\n\n\n<p>Les chiffres de l&rsquo;Office f\u00e9d\u00e9ral de la statistique (OFS), qui figurent dans la page \u00ab<a href=\"https:\/\/www.bfs.admin.ch\/bfs\/fr\/home\/statistiques\/education-science\/formation-continue\/entreprise.html\" target=\"_blank\" rel=\"noreferrer noopener\">Formation continue en entreprise<\/a>\u00bb, montrent que les plus petites entreprises soutiennent en moyenne moins d&rsquo;activit\u00e9s de formation continue que les grandes entreprises.<\/p>\n\n\n\n<p>L&rsquo;objectif de la FSEA est de rendre ce sujet de la formation continue accessible aux PME et de promouvoir une formation continue de qualit\u00e9 dans ce domaine. A cette fin, elle d\u00e9veloppe des principes de base, des approches et des strat\u00e9gies pour adapter la formation continue aux PME. Elle met \u00e9galement en r\u00e9seau les prestataires de formation continue avec l&rsquo;industrie.<\/p>\n\n\n\n<h2 class=\"wp-block-heading\">\u00c9tudes de la FSEA sur le th\u00e8me<\/h2>\n\n\n\n<p>Au cours des derni\u00e8res ann\u00e9es, la FSEA a d\u00e9j\u00e0 r\u00e9alis\u00e9 plusieurs \u00e9tudes sur le th\u00e8me de la formation continue dans les PME.<\/p>\n\n\n\n\t\n\t<div class=\"publication-item\">\n\t\t<div class=\"image\">\n\t\t\t<img decoding=\"async\" width=\"595\" height=\"841\" src=\"https:\/\/alice.ch\/app\/uploads\/2024\/04\/etude-pme-2024-cover.jpg\" class=\"attachment-post-thumbnail size-post-thumbnail wp-post-image\" alt=\"\" srcset=\"https:\/\/alice.ch\/app\/uploads\/2024\/04\/etude-pme-2024-cover.jpg 595w, https:\/\/alice.ch\/app\/uploads\/2024\/04\/etude-pme-2024-cover-212x300.jpg 212w\" sizes=\"(max-width: 595px) 100vw, 595px\" \/>\t\t<\/div>\n\n\t\t<div class=\"content\">\n\t\t\t<h3>Importance et mise en oeuvre de la formation continue dans les PME<\/h3>\n\t\t\t<div class=\"description\"><p>Le r\u00e9sum\u00e9 des r\u00e9sultats s\u2019appuie sur l\u2019\u00e9tude \u00abImportance et mise en oeuvre de la formation continue\u00bb, qui a \u00e9t\u00e9 publi\u00e9e en allemand. L&rsquo;\u00e9tude se concentre sur les micro et petites entreprises comptant jusqu&rsquo;\u00e0 50 collaborateurs. Elle se base sur une enqu\u00eate quantitative aupr\u00e8s de 386 entreprises ainsi que sur 10 entretiens qualitatifs avec des responsables de PME. Elle montre l&rsquo;importance que les PME accordent \u00e0 la formation continue et la mani\u00e8re dont elles la mettent en \u0153uvre.<\/p>\n<\/div>\n\n\t\t\t<div class=\"meta\">\n\t\t\t\t<ul>\n\t\t\t\t\t\t\t\t\t\t\t<li><strong>Prix:<\/strong> gratuit<\/li>\n\t\t\t\t\t\n\t\t\t\t\t\t\t\t\t\t\t<li><strong>\u00c9diteur:<\/strong> FSEA<\/li>\n\t\t\t\t\t\n\t\t\t\t\t\t\t\t\t\t\t<li><strong>Auteur:<\/strong> Marianne M\u00fcller, Sofie Gollob, Franziska Hedinger <\/li>\n\t\t\t\t\t\n\t\t\t\t\t\t\t\t\t\t\t<li><strong>Distributeur:<\/strong> FSEA, 11 pages<\/li>\n\t\t\t\t\t\n\t\t\t\t\t\n\t\t\t\t\t\n\t\t\t\t\t\t\t\t\t<\/ul>\n\n\t\t\t\t<ul class=\"actions\">\n\t\t\t\t\t\t\t\t\t\t\t<li><a class=\"button\" href=\"https:\/\/alice.ch\/fr\/download-fr\/?pub-id=59640\">T\u00e9l\u00e9charger<\/a><\/li>\n\t\t\t\t\t\n\t\t\t\t\t\t\t\t\t<\/ul>\n\t\t\t<\/div>\n\t\t<\/div>\n\n\n\t<\/div>\n\n\n\t\n\t\n\t<div class=\"publication-item\">\n\t\t<div class=\"image\">\n\t\t\t<img decoding=\"async\" width=\"1000\" height=\"1414\" src=\"https:\/\/alice.ch\/app\/uploads\/2022\/11\/210507_KMU-Studie_Cover_F.png\" class=\"attachment-post-thumbnail size-post-thumbnail wp-post-image\" alt=\"\" srcset=\"https:\/\/alice.ch\/app\/uploads\/2022\/11\/210507_KMU-Studie_Cover_F.png 1000w, https:\/\/alice.ch\/app\/uploads\/2022\/11\/210507_KMU-Studie_Cover_F-212x300.png 212w, https:\/\/alice.ch\/app\/uploads\/2022\/11\/210507_KMU-Studie_Cover_F-724x1024.png 724w, https:\/\/alice.ch\/app\/uploads\/2022\/11\/210507_KMU-Studie_Cover_F-768x1086.png 768w\" sizes=\"(max-width: 1000px) 100vw, 1000px\" \/>\t\t<\/div>\n\n\t\t<div class=\"content\">\n\t\t\t<h3>Impact de la pand\u00e9mie du Coronavirus sur la formation continue dans les PME<\/h3>\n\t\t\t<div class=\"description\"><p>L\u2019\u00e9tude se fonde sur une enqu\u00eate en ligne men\u00e9e par la FSEA aupr\u00e8s de 123 PME entre d\u00e9cembre 2020 et janvier 2021. L\u2019impact de la pand\u00e9mie du Coronavirus sur la formation continue dans les petites et moyennes entreprises a \u00e9t\u00e9 \u00e9tudi\u00e9. Une grande partie des PME interrog\u00e9es ont accord\u00e9 une grande importance \u00e0 la formation continue pendant la pand\u00e9mie. La crise du Coronavirus impose des exigences \u00e9lev\u00e9es aux comp\u00e9tences des employ\u00e9s. Le besoin de formation continue a augment\u00e9, mais n\u2019est que partiellement satisfait.<\/p>\n<\/div>\n\n\t\t\t<div class=\"meta\">\n\t\t\t\t<ul>\n\t\t\t\t\t\t\t\t\t\t\t<li><strong>Prix:<\/strong> gratuit<\/li>\n\t\t\t\t\t\n\t\t\t\t\t\t\t\t\t\t\t<li><strong>\u00c9diteur:<\/strong> FSEA<\/li>\n\t\t\t\t\t\n\t\t\t\t\t\t\t\t\t\t\t<li><strong>Auteur:<\/strong> Sofie Gollob<\/li>\n\t\t\t\t\t\n\t\t\t\t\t\t\t\t\t\t\t<li><strong>Distributeur:<\/strong> FSEA, 20 pages<\/li>\n\t\t\t\t\t\n\t\t\t\t\t\t\t\t\t\t\t<li><strong>Partenaire de coop\u00e9ration:<\/strong> Union suisse des Arts et M\u00e9tiers USAM, digitalswitzerland, KMU Next<\/li>\n\t\t\t\t\t\n\t\t\t\t\t\n\t\t\t\t\t\t\t\t\t<\/ul>\n\n\t\t\t\t<ul class=\"actions\">\n\t\t\t\t\t\t\t\t\t\t\t<li><a class=\"button\" href=\"https:\/\/alice.ch\/fr\/download-fr\/?pub-id=36400\">T\u00e9l\u00e9charger<\/a><\/li>\n\t\t\t\t\t\n\t\t\t\t\t\t\t\t\t<\/ul>\n\t\t\t<\/div>\n\t\t<\/div>\n\n\n\t<\/div>\n\n\n\t\n\t\n\t<div class=\"publication-item\">\n\t\t<div class=\"image\">\n\t\t\t<img decoding=\"async\" width=\"1190\" height=\"1683\" src=\"https:\/\/alice.ch\/app\/uploads\/2022\/12\/cover-wb-kmu.png\" class=\"attachment-post-thumbnail size-post-thumbnail wp-post-image\" alt=\"\" srcset=\"https:\/\/alice.ch\/app\/uploads\/2022\/12\/cover-wb-kmu.png 1190w, https:\/\/alice.ch\/app\/uploads\/2022\/12\/cover-wb-kmu-212x300.png 212w, https:\/\/alice.ch\/app\/uploads\/2022\/12\/cover-wb-kmu-724x1024.png 724w, https:\/\/alice.ch\/app\/uploads\/2022\/12\/cover-wb-kmu-768x1086.png 768w, https:\/\/alice.ch\/app\/uploads\/2022\/12\/cover-wb-kmu-1086x1536.png 1086w\" sizes=\"(max-width: 1190px) 100vw, 1190px\" \/>\t\t<\/div>\n\n\t\t<div class=\"content\">\n\t\t\t<h3>Formation continue dans les micro-entreprises (2019)<\/h3>\n\t\t\t<div class=\"description\"><p>Il n&rsquo;existe pas de chiffres repr\u00e9sentatifs pour d\u00e9crire l&rsquo;activit\u00e9 de la formation continue des micro-entreprises (1 \u00e0 9 employ\u00e9s) en Suisse. Les\u00a0chiffres officiels\u00a0de l&rsquo;office f\u00e9d\u00e9ral de la statistique (OFS) ne prennent pas en compte ces petites entreprises. Une nouvelle \u00e9tude exploratoire qui a eu lieu dans le cadre du projet europ\u00e9en\u00a0\u00ab<a href=\"https:\/\/alice.ch\/fr\/project\/me2me\/\">ME2ME \u2013 Micro-enterprise Learning Partnerships<\/a>\u00bb, \u00e0 laquelle 14 micro-entreprises et 4 prestataires de formation ont particip\u00e9, offre \u00e0 pr\u00e9sent un meilleur aper\u00e7u de cette th\u00e9matique.<\/p>\n<p>\u00c9tude en allemand, mais r\u00e9sum\u00e9 en fran\u00e7ais incl.<\/p>\n<\/div>\n\n\t\t\t<div class=\"meta\">\n\t\t\t\t<ul>\n\t\t\t\t\t\t\t\t\t\t\t<li><strong>Prix:<\/strong> gratuit<\/li>\n\t\t\t\t\t\n\t\t\t\t\t\t\t\t\t\t\t<li><strong>\u00c9diteur:<\/strong> FSEA<\/li>\n\t\t\t\t\t\n\t\t\t\t\t\t\t\t\t\t\t<li><strong>Auteur:<\/strong> Stefanie Dernbach, Philipp Sch\u00fcepp<\/li>\n\t\t\t\t\t\n\t\t\t\t\t\t\t\t\t\t\t<li><strong>Distributeur:<\/strong> FSEA, 33 pages<\/li>\n\t\t\t\t\t\n\t\t\t\t\t\n\t\t\t\t\t\n\t\t\t\t\t\t\t\t\t<\/ul>\n\n\t\t\t\t<ul class=\"actions\">\n\t\t\t\t\t\t\t\t\t\t\t<li><a class=\"button\" href=\"https:\/\/alice.ch\/fr\/download-fr\/?pub-id=36407\">T\u00e9l\u00e9charger<\/a><\/li>\n\t\t\t\t\t\n\t\t\t\t\t\t\t\t\t<\/ul>\n\t\t\t<\/div>\n\t\t<\/div>\n\n\n\t<\/div>\n\n\n\t\n\t\n\t<div class=\"publication-item\">\n\t\t<div class=\"image\">\n\t\t\t<img decoding=\"async\" width=\"360\" height=\"534\" src=\"https:\/\/alice.ch\/app\/uploads\/2022\/12\/Weiterbildung-in-KMU_SVEB.jpg\" class=\"attachment-post-thumbnail size-post-thumbnail wp-post-image\" alt=\"\" srcset=\"https:\/\/alice.ch\/app\/uploads\/2022\/12\/Weiterbildung-in-KMU_SVEB.jpg 360w, https:\/\/alice.ch\/app\/uploads\/2022\/12\/Weiterbildung-in-KMU_SVEB-202x300.jpg 202w\" sizes=\"(max-width: 360px) 100vw, 360px\" \/>\t\t<\/div>\n\n\t\t<div class=\"content\">\n\t\t\t<h3>Weiterbildung in Schweizer KMU (2017)<\/h3>\n\t\t\t<div class=\"description\"><p>F\u00fcr diese Studie wurden 11 Betriebe, darunter neun KMU und zwei Grossbetriebe, befragt. Die Interviews sollten konkrete Einblicke in die Weiterbildungspraxis der KMU erm\u00f6glichen und die Unterschiede zu Grossbetrieben erkennen lassen. Die Befragung war explorativ angelegt. Entsprechend erheben die Resultate keinen Anspruch auf Repr\u00e4sentativit\u00e4t.<\/p>\n<\/div>\n\n\t\t\t<div class=\"meta\">\n\t\t\t\t<ul>\n\t\t\t\t\t\t\t\t\t\t\t<li><strong>Prix:<\/strong> kostenlos<\/li>\n\t\t\t\t\t\n\t\t\t\t\t\t\t\t\t\t\t<li><strong>\u00c9diteur:<\/strong> SVEB, PH Z\u00fcrich<\/li>\n\t\t\t\t\t\n\t\t\t\t\t\t\t\t\t\t\t<li><strong>Auteur:<\/strong> Philipp Sch\u00fcepp<\/li>\n\t\t\t\t\t\n\t\t\t\t\t\t\t\t\t\t\t<li><strong>Distributeur:<\/strong> SVEB, 20 Seiten<\/li>\n\t\t\t\t\t\n\t\t\t\t\t\n\t\t\t\t\t\n\t\t\t\t\t\t\t\t\t<\/ul>\n\n\t\t\t\t<ul class=\"actions\">\n\t\t\t\t\t\t\t\t\t\t\t<li><a class=\"button\" href=\"https:\/\/alice.ch\/fr\/download-fr\/?pub-id=36412\">T\u00e9l\u00e9charger<\/a><\/li>\n\t\t\t\t\t\n\t\t\t\t\t\t\t\t\t<\/ul>\n\t\t\t<\/div>\n\t\t<\/div>\n\n\n\t<\/div>\n\n\n\t\n\n\n<div class=\"wp-block-group is-layout-flow wp-block-group-is-layout-flow\">\n<div class=\"wp-block-columns is-layout-flex wp-container-core-columns-is-layout-28f84493 wp-block-columns-is-layout-flex\">\n<div class=\"wp-block-column is-layout-flow wp-block-column-is-layout-flow\" style=\"flex-basis:50%\">\n<div class=\"wp-block-file\"><a id=\"wp-block-file--media-eec9df04-5b29-4ed0-89c9-db8c1ad39e07\" href=\"https:\/\/alice.ch\/app\/uploads\/2022\/10\/EWR_2006_1_Seilner_Rezension_Gonon_et_al_KMU_und_die_Rolle.pdf\" target=\"_blank\" rel=\"noreferrer noopener\">Les PME et le r\u00f4le de la formation continue \u2013 Une \u00e9tude empirique sur les coop\u00e9rations et les strat\u00e9gies en Suisse (en allemand)<br \/>PDF &#8211; 208 kb<\/a><\/div>\n<\/div>\n\n\n\n<div class=\"wp-block-column is-layout-flow wp-block-column-is-layout-flow\" style=\"flex-basis:50%\"><\/div>\n<\/div>\n\n\n\n<h2 class=\"wp-block-heading\">Autres activit\u00e9s de la FSEA<\/h2>\n<\/div>\n\n\n\n<p>La FSEA souhaite am\u00e9liorer la mise en r\u00e9seau de la sc\u00e8ne de la formation continue et des PME. Pour ce faire, elle a cr\u00e9\u00e9, avec l&rsquo;<a href=\"https:\/\/www.sgv-usam.ch\/fr\" target=\"_blank\" rel=\"noreferrer noopener\">Union suisse des arts et m\u00e9tiers<\/a> (USAM) comme partenaire, un groupe de travail ouvert aux personnes int\u00e9ress\u00e9es, qui \u00e9change r\u00e9guli\u00e8rement et qui lance et traite des projets dans le domaine \u00ab\u00a0Formation continue et PME\u00a0\u00bb.<\/p>\n\n\n\n<p>En outre, la F\u00e9d\u00e9ration g\u00e8re le site <a href=\"https:\/\/weiterbildung-in-kmu.ch\/fr\/\" target=\"_blank\" rel=\"noreferrer noopener\">La formation continue dans les PME<\/a>, qui fournit des bases, des conseils ainsi qu&rsquo;un outil de bilan de la formation continue pour les PME.<\/p>\n\n\n\n<div class=\"wp-block-buttons is-layout-flex wp-block-buttons-is-layout-flex\">\n<div class=\"wp-block-button has-custom-width wp-block-button__width-50 is-style-outline is-style-outline--1\"><a class=\"wp-block-button__link wp-element-button\" href=\"https:\/\/weiterbildung-in-kmu.ch\/fr\/\" target=\"_blank\" rel=\"noreferrer noopener\">formationcontinue-pme.ch<\/a><\/div>\n<\/div>\n\n\n\n<h2 class=\"wp-block-heading\">Contact<\/h2>\n\n\n\n<div class=\"wp-block-columns is-layout-flex wp-container-core-columns-is-layout-28f84493 wp-block-columns-is-layout-flex\">\n<div class=\"wp-block-column is-layout-flow wp-block-column-is-layout-flow\" style=\"flex-basis:50%\"><div class=\"contact-persons\">\n\n\t\t\t\t\t<div class=\"contact-person\">\n\t\t\t\t\tBernhard Gr\u00e4miger<br \/>\t\t\t\t\tDirecteur<br \/>\t\t\t\t\t<br \/>\n\t\t\t\t\t\t\t\t\t\t<a href=\"tel:+41 (0)44 319 71 61\">+41 (0)44 319 71 61<\/a><br \/>\t\t\t\t\t<a href=\"mailto:bernhard.graemiger@alice.ch\">bernhard.graemiger@alice.ch<\/a><br \/>\t\t\t\t\t<\/div>\n\t\t\t\t\t<\/div>\n<\/div>\n\n\n\n<div class=\"wp-block-column is-layout-flow wp-block-column-is-layout-flow\" style=\"flex-basis:50%\"><\/div>\n<\/div>\n<\/div>\n","protected":false},"excerpt":{"rendered":"<p>La formation continue dans les PME Le type et l&rsquo;intensit\u00e9 de la formation professionnelle continue en entreprise d\u00e9pendent, entre autres, [&hellip;]<\/p>\n","protected":false},"author":2,"featured_media":20799,"parent":14802,"menu_order":161,"comment_status":"closed","ping_status":"closed","template":"","meta":{"_acf_changed":false,"inline_featured_image":false,"footnotes":""},"class_list":["post-11189","page","type-page","status-publish","has-post-thumbnail","hentry"],"acf":[],"yoast_head":"<!-- This site is optimized with the Yoast SEO plugin v27.3 - https:\/\/yoast.com\/product\/yoast-seo-wordpress\/ -->\n<title>La formation continue dans les PME - FSEA<\/title>\n<meta name=\"description\" content=\"Les grandes entreprises disposent souvent de leurs propres d\u00e9partements de formation continue, mais les d\u00e9fis sont diff\u00e9rents pour les PME.\" \/>\n<meta name=\"robots\" content=\"index, follow, max-snippet:-1, max-image-preview:large, max-video-preview:-1\" \/>\n<link rel=\"canonical\" href=\"https:\/\/alice.ch\/fr\/themes\/la-formation-continue-dans-les-pme\/\" \/>\n<meta property=\"og:locale\" content=\"fr_FR\" \/>\n<meta property=\"og:type\" content=\"article\" \/>\n<meta property=\"og:title\" content=\"La formation continue dans les PME - FSEA\" \/>\n<meta property=\"og:description\" content=\"Les grandes entreprises disposent souvent de leurs propres d\u00e9partements de formation continue, mais les d\u00e9fis sont diff\u00e9rents pour les PME.\" \/>\n<meta property=\"og:url\" content=\"https:\/\/alice.ch\/fr\/themes\/la-formation-continue-dans-les-pme\/\" \/>\n<meta property=\"og:site_name\" content=\"SVEB\" \/>\n<meta property=\"article:modified_time\" content=\"2024-04-23T13:50:22+00:00\" \/>\n<meta name=\"twitter:card\" content=\"summary_large_image\" \/>\n<meta name=\"twitter:label1\" content=\"Dur\u00e9e de lecture estim\u00e9e\" \/>\n\t<meta name=\"twitter:data1\" content=\"2 minutes\" \/>\n<script type=\"application\/ld+json\" class=\"yoast-schema-graph\">{\"@context\":\"https:\\\/\\\/schema.org\",\"@graph\":[{\"@type\":\"WebPage\",\"@id\":\"https:\\\/\\\/alice.ch\\\/fr\\\/themes\\\/la-formation-continue-dans-les-pme\\\/\",\"url\":\"https:\\\/\\\/alice.ch\\\/fr\\\/themes\\\/la-formation-continue-dans-les-pme\\\/\",\"name\":\"La formation continue dans les PME - FSEA\",\"isPartOf\":{\"@id\":\"https:\\\/\\\/alice.ch\\\/fr\\\/#website\"},\"primaryImageOfPage\":{\"@id\":\"https:\\\/\\\/alice.ch\\\/fr\\\/themes\\\/la-formation-continue-dans-les-pme\\\/#primaryimage\"},\"image\":{\"@id\":\"https:\\\/\\\/alice.ch\\\/fr\\\/themes\\\/la-formation-continue-dans-les-pme\\\/#primaryimage\"},\"thumbnailUrl\":\"https:\\\/\\\/alice.ch\\\/app\\\/uploads\\\/2022\\\/11\\\/default.jpg\",\"datePublished\":\"2022-08-16T13:35:55+00:00\",\"dateModified\":\"2024-04-23T13:50:22+00:00\",\"description\":\"Les grandes entreprises disposent souvent de leurs propres d\u00e9partements de formation continue, mais les d\u00e9fis sont diff\u00e9rents pour les PME.\",\"breadcrumb\":{\"@id\":\"https:\\\/\\\/alice.ch\\\/fr\\\/themes\\\/la-formation-continue-dans-les-pme\\\/#breadcrumb\"},\"inLanguage\":\"fr-FR\",\"potentialAction\":[{\"@type\":\"ReadAction\",\"target\":[\"https:\\\/\\\/alice.ch\\\/fr\\\/themes\\\/la-formation-continue-dans-les-pme\\\/\"]}]},{\"@type\":\"ImageObject\",\"inLanguage\":\"fr-FR\",\"@id\":\"https:\\\/\\\/alice.ch\\\/fr\\\/themes\\\/la-formation-continue-dans-les-pme\\\/#primaryimage\",\"url\":\"https:\\\/\\\/alice.ch\\\/app\\\/uploads\\\/2022\\\/11\\\/default.jpg\",\"contentUrl\":\"https:\\\/\\\/alice.ch\\\/app\\\/uploads\\\/2022\\\/11\\\/default.jpg\",\"width\":1600,\"height\":900},{\"@type\":\"BreadcrumbList\",\"@id\":\"https:\\\/\\\/alice.ch\\\/fr\\\/themes\\\/la-formation-continue-dans-les-pme\\\/#breadcrumb\",\"itemListElement\":[{\"@type\":\"ListItem\",\"position\":1,\"name\":\"Page d'accueil\",\"item\":\"https:\\\/\\\/alice.ch\\\/fr\\\/\"},{\"@type\":\"ListItem\",\"position\":2,\"name\":\"Th\u00e8mes\",\"item\":\"https:\\\/\\\/alice.ch\\\/fr\\\/themes\\\/\"},{\"@type\":\"ListItem\",\"position\":3,\"name\":\"La formation continue dans les PME\"}]},{\"@type\":\"WebSite\",\"@id\":\"https:\\\/\\\/alice.ch\\\/fr\\\/#website\",\"url\":\"https:\\\/\\\/alice.ch\\\/fr\\\/\",\"name\":\"alice.ch (Adult Learning Information Center) ist das Portal der Weiterbildung in der Schweiz.\",\"description\":\"Schweizerischer Verband f\u00fcr Weiterbildung\",\"publisher\":{\"@id\":\"https:\\\/\\\/alice.ch\\\/fr\\\/#organization\"},\"potentialAction\":[{\"@type\":\"SearchAction\",\"target\":{\"@type\":\"EntryPoint\",\"urlTemplate\":\"https:\\\/\\\/alice.ch\\\/fr\\\/?s={search_term_string}\"},\"query-input\":{\"@type\":\"PropertyValueSpecification\",\"valueRequired\":true,\"valueName\":\"search_term_string\"}}],\"inLanguage\":\"fr-FR\"},{\"@type\":\"Organization\",\"@id\":\"https:\\\/\\\/alice.ch\\\/fr\\\/#organization\",\"name\":\"FSEA F\u00e9d\u00e9ration suisse pour la formation continue\",\"url\":\"https:\\\/\\\/alice.ch\\\/fr\\\/\",\"logo\":{\"@type\":\"ImageObject\",\"inLanguage\":\"fr-FR\",\"@id\":\"https:\\\/\\\/alice.ch\\\/fr\\\/#\\\/schema\\\/logo\\\/image\\\/\",\"url\":\"https:\\\/\\\/alice.ch\\\/app\\\/uploads\\\/2022\\\/07\\\/logo-sveb.png\",\"contentUrl\":\"https:\\\/\\\/alice.ch\\\/app\\\/uploads\\\/2022\\\/07\\\/logo-sveb.png\",\"width\":145,\"height\":64,\"caption\":\"FSEA F\u00e9d\u00e9ration suisse pour la formation continue\"},\"image\":{\"@id\":\"https:\\\/\\\/alice.ch\\\/fr\\\/#\\\/schema\\\/logo\\\/image\\\/\"},\"sameAs\":[\"https:\\\/\\\/www.linkedin.com\\\/company\\\/schweizerischer-verband-fr-weiterbildung-sveb\\\/\"]}]}<\/script>\n<!-- \/ Yoast SEO plugin. -->","yoast_head_json":{"title":"La formation continue dans les PME - FSEA","description":"Les grandes entreprises disposent souvent de leurs propres d\u00e9partements de formation continue, mais les d\u00e9fis sont diff\u00e9rents pour les PME.","robots":{"index":"index","follow":"follow","max-snippet":"max-snippet:-1","max-image-preview":"max-image-preview:large","max-video-preview":"max-video-preview:-1"},"canonical":"https:\/\/alice.ch\/fr\/themes\/la-formation-continue-dans-les-pme\/","og_locale":"fr_FR","og_type":"article","og_title":"La formation continue dans les PME - FSEA","og_description":"Les grandes entreprises disposent souvent de leurs propres d\u00e9partements de formation continue, mais les d\u00e9fis sont diff\u00e9rents pour les PME.","og_url":"https:\/\/alice.ch\/fr\/themes\/la-formation-continue-dans-les-pme\/","og_site_name":"SVEB","article_modified_time":"2024-04-23T13:50:22+00:00","twitter_card":"summary_large_image","twitter_misc":{"Dur\u00e9e de lecture estim\u00e9e":"2 minutes"},"schema":{"@context":"https:\/\/schema.org","@graph":[{"@type":"WebPage","@id":"https:\/\/alice.ch\/fr\/themes\/la-formation-continue-dans-les-pme\/","url":"https:\/\/alice.ch\/fr\/themes\/la-formation-continue-dans-les-pme\/","name":"La formation continue dans les PME - FSEA","isPartOf":{"@id":"https:\/\/alice.ch\/fr\/#website"},"primaryImageOfPage":{"@id":"https:\/\/alice.ch\/fr\/themes\/la-formation-continue-dans-les-pme\/#primaryimage"},"image":{"@id":"https:\/\/alice.ch\/fr\/themes\/la-formation-continue-dans-les-pme\/#primaryimage"},"thumbnailUrl":"https:\/\/alice.ch\/app\/uploads\/2022\/11\/default.jpg","datePublished":"2022-08-16T13:35:55+00:00","dateModified":"2024-04-23T13:50:22+00:00","description":"Les grandes entreprises disposent souvent de leurs propres d\u00e9partements de formation continue, mais les d\u00e9fis sont diff\u00e9rents pour les PME.","breadcrumb":{"@id":"https:\/\/alice.ch\/fr\/themes\/la-formation-continue-dans-les-pme\/#breadcrumb"},"inLanguage":"fr-FR","potentialAction":[{"@type":"ReadAction","target":["https:\/\/alice.ch\/fr\/themes\/la-formation-continue-dans-les-pme\/"]}]},{"@type":"ImageObject","inLanguage":"fr-FR","@id":"https:\/\/alice.ch\/fr\/themes\/la-formation-continue-dans-les-pme\/#primaryimage","url":"https:\/\/alice.ch\/app\/uploads\/2022\/11\/default.jpg","contentUrl":"https:\/\/alice.ch\/app\/uploads\/2022\/11\/default.jpg","width":1600,"height":900},{"@type":"BreadcrumbList","@id":"https:\/\/alice.ch\/fr\/themes\/la-formation-continue-dans-les-pme\/#breadcrumb","itemListElement":[{"@type":"ListItem","position":1,"name":"Page d'accueil","item":"https:\/\/alice.ch\/fr\/"},{"@type":"ListItem","position":2,"name":"Th\u00e8mes","item":"https:\/\/alice.ch\/fr\/themes\/"},{"@type":"ListItem","position":3,"name":"La formation continue dans les PME"}]},{"@type":"WebSite","@id":"https:\/\/alice.ch\/fr\/#website","url":"https:\/\/alice.ch\/fr\/","name":"alice.ch (Adult Learning Information Center) ist das Portal der Weiterbildung in der Schweiz.","description":"Schweizerischer Verband f\u00fcr Weiterbildung","publisher":{"@id":"https:\/\/alice.ch\/fr\/#organization"},"potentialAction":[{"@type":"SearchAction","target":{"@type":"EntryPoint","urlTemplate":"https:\/\/alice.ch\/fr\/?s={search_term_string}"},"query-input":{"@type":"PropertyValueSpecification","valueRequired":true,"valueName":"search_term_string"}}],"inLanguage":"fr-FR"},{"@type":"Organization","@id":"https:\/\/alice.ch\/fr\/#organization","name":"FSEA F\u00e9d\u00e9ration suisse pour la formation continue","url":"https:\/\/alice.ch\/fr\/","logo":{"@type":"ImageObject","inLanguage":"fr-FR","@id":"https:\/\/alice.ch\/fr\/#\/schema\/logo\/image\/","url":"https:\/\/alice.ch\/app\/uploads\/2022\/07\/logo-sveb.png","contentUrl":"https:\/\/alice.ch\/app\/uploads\/2022\/07\/logo-sveb.png","width":145,"height":64,"caption":"FSEA F\u00e9d\u00e9ration suisse pour la formation continue"},"image":{"@id":"https:\/\/alice.ch\/fr\/#\/schema\/logo\/image\/"},"sameAs":["https:\/\/www.linkedin.com\/company\/schweizerischer-verband-fr-weiterbildung-sveb\/"]}]}},"_links":{"self":[{"href":"https:\/\/alice.ch\/fr\/wp-json\/wp\/v2\/pages\/11189","targetHints":{"allow":["GET"]}}],"collection":[{"href":"https:\/\/alice.ch\/fr\/wp-json\/wp\/v2\/pages"}],"about":[{"href":"https:\/\/alice.ch\/fr\/wp-json\/wp\/v2\/types\/page"}],"author":[{"embeddable":true,"href":"https:\/\/alice.ch\/fr\/wp-json\/wp\/v2\/users\/2"}],"replies":[{"embeddable":true,"href":"https:\/\/alice.ch\/fr\/wp-json\/wp\/v2\/comments?post=11189"}],"version-history":[{"count":23,"href":"https:\/\/alice.ch\/fr\/wp-json\/wp\/v2\/pages\/11189\/revisions"}],"predecessor-version":[{"id":59662,"href":"https:\/\/alice.ch\/fr\/wp-json\/wp\/v2\/pages\/11189\/revisions\/59662"}],"up":[{"embeddable":true,"href":"https:\/\/alice.ch\/fr\/wp-json\/wp\/v2\/pages\/14802"}],"wp:featuredmedia":[{"embeddable":true,"href":"https:\/\/alice.ch\/fr\/wp-json\/wp\/v2\/media\/20799"}],"wp:attachment":[{"href":"https:\/\/alice.ch\/fr\/wp-json\/wp\/v2\/media?parent=11189"}],"curies":[{"name":"wp","href":"https:\/\/api.w.org\/{rel}","templated":true}]}}