{"id":11195,"date":"2022-10-12T16:22:51","date_gmt":"2022-10-12T14:22:51","guid":{"rendered":"https:\/\/projects.atxeit.ch\/sveb\/weiterbildung-international\/strategien\/confintea-vii\/"},"modified":"2023-04-23T11:00:31","modified_gmt":"2023-04-23T09:00:31","slug":"confintea-vii","status":"publish","type":"page","link":"https:\/\/alice.ch\/fr\/themes\/la-formation-continue-dans-un-contexte-international\/strategies\/confintea-vii\/","title":{"rendered":"Confintea VII"},"content":{"rendered":"\n<div class=\"wp-block-group is-style-reduced-width is-layout-constrained wp-block-group-is-layout-constrained\">\n<h1 class=\"wp-block-heading\">CONFINTEA VII (2022)<\/h1>\n\n\n\n<p>La CONFINTEA VII a eu lieu du 15 au 17 juin 2022 au Maroc. La Commission suisse pour l&rsquo;UNESCO, rattach\u00e9e au D\u00e9partement f\u00e9d\u00e9ral des affaires \u00e9trang\u00e8res (DFAE), a coordonn\u00e9 la participation de la Suisse au processus de la CONFINTEA. En tant que membre de cette d\u00e9l\u00e9gation, la FSEA a pr\u00e9sent\u00e9 et repr\u00e9sent\u00e9 les pr\u00e9occupations de la soci\u00e9t\u00e9 civile.<\/p>\n\n\n\n<p>Lors de la CONFINTEA VII, les participants se sont pench\u00e9s sur les strat\u00e9gies de formation continue efficaces et les politiques \u00e9ducatives dans la perspective de l&rsquo;apprentissage tout au long de la vie et dans le cadre des objectifs de d\u00e9veloppement durable (ODD) des Nations Unies. Compte tenu des progr\u00e8s en cours dans le domaine de l&rsquo;intelligence artificielle, une attention particuli\u00e8re a \u00e9t\u00e9 accord\u00e9e \u00e0 l&rsquo;utilisation des technologies de l&rsquo;information et de la communication pour favoriser l&rsquo;acc\u00e8s \u00e0 l&rsquo;\u00e9ducation des adultes.<\/p>\n\n\n\n<h2 class=\"wp-block-heading\">S\u00e9rie d&rsquo;ateliers sur la CONFINTEA<\/h2>\n\n\n\n<p>En pr\u00e9paration de la CONFINTEA VII, la FSEA a organis\u00e9 en 2021 et en 2022, en collaboration avec la F\u00e9d\u00e9ration mondiale de l&rsquo;\u00e9ducation permanente (<a href=\"http:\/\/icae.global\/\" target=\"_blank\" rel=\"noreferrer noopener\">FMEP<\/a>), une s\u00e9rie d&rsquo;ateliers sur des th\u00e8mes cl\u00e9s de la conf\u00e9rence. Les ateliers ont permis d&rsquo;int\u00e9grer des th\u00e8mes discut\u00e9s au niveau international et de les mettre en perspective dans le contexte de la Suisse.<\/p>\n\n\n\n<p>Cette s\u00e9rie d&rsquo;ateliers s&rsquo;adressait aux acteurs suisses de la formation continue et a favoris\u00e9 la visibilit\u00e9 du processus CONFINTEA en Suisse. La FSEA a ainsi incit\u00e9 les prestataires de formation continue suisses \u00e0 \u00e9changer sur ces th\u00e8mes cl\u00e9s et a pris en compte leurs pr\u00e9occupations.<strong> <\/strong><\/p>\n\n\n\n<h3 class=\"wp-block-heading\">Atelier III : R\u00f4le de la formation continue dans la protection du climat<\/h3>\n\n\n\n<p>L&rsquo;atelier du 21.4.22 s&rsquo;est pench\u00e9 sur la mani\u00e8re dont la formation continue peut contribuer, gr\u00e2ce \u00e0 des offres de formation adapt\u00e9es, \u00e0 ce que les adultes acqui\u00e8rent et d\u00e9veloppent des comp\u00e9tences leur permettant d&rsquo;adopter un comportement respectueux du climat. La formation des adultes assume ainsi un r\u00f4le important dans la protection de l&rsquo;environnement. Vous trouverez le programme dans les&nbsp;<a href=\"https:\/\/alice.ch\/de\/events\/veranstaltungen\/detail\/die-rolle-der-weiterbildung-im-klimaschutz\/\" target=\"_blank\" rel=\"noreferrer noopener\">archives des manifestations<\/a>&nbsp;de la FSEA.<\/p>\n\n\n\n<h3 class=\"wp-block-heading\">Atelier II : Professionnalisation<\/h3>\n\n\n\n<p>L&rsquo;atelier du 8.12.21 a trait\u00e9 de la professionnalisation de la formation continue. L&rsquo;accent a \u00e9t\u00e9 mis sur les tendances internationales en mati\u00e8re de professionnalisation, mais aussi sur la possibilit\u00e9 de transf\u00e9rer le syst\u00e8me modulaire FFA suisse. Vous trouverez le programme, les pr\u00e9sentations ainsi que l&rsquo;enregistrement dans les&nbsp;<a href=\"https:\/\/alice.ch\/de\/events\/veranstaltungen\/detail\/workshop-professionalisierung-vorbereitung-auf-die-weltkonferenz-fuer-weiterbildung-confintea-vii\/\" target=\"_blank\" rel=\"noreferrer noopener\">archives des manifestations<\/a>&nbsp;de la FSEA.<\/p>\n\n\n\n<h3 class=\"wp-block-heading\">Atelier I : Financement<\/h3>\n\n\n\n<p>Le 30.6.21, le premier atelier s&rsquo;est pench\u00e9 sur le financement dans la formation continue.\u202fLes d\u00e9fis au niveau national ont \u00e9t\u00e9 discut\u00e9s et compar\u00e9s avec les d\u00e9veloppements internationaux. Katarina Popovic (secr\u00e9taire g\u00e9n\u00e9rale de l&rsquo;ICAE) a pr\u00e9sent\u00e9 diff\u00e9rents mod\u00e8les de financement de la formation continue. Elle a mis en \u00e9vidence diff\u00e9rentes tendances internationales en mati\u00e8re de formation continue. Dieter Dohmen (directeur du&nbsp;<a href=\"https:\/\/www.fibs.eu\/\" target=\"_blank\" rel=\"noreferrer noopener\">FiBS<\/a>) a ensuite pr\u00e9sent\u00e9 les \u00e9volutions du financement de la formation continue \u00e0 des fins professionnelles en Allemagne. Les deux pr\u00e9sentations peuvent \u00eatre visionn\u00e9es&nbsp;<a href=\"https:\/\/www.youtube.com\/watch?v=6C7wwCO_bDQ&amp;t=7s\" target=\"_blank\" rel=\"noreferrer noopener\">sous forme de vid\u00e9o<\/a>.<\/p>\n\n\n\n<h2 class=\"wp-block-heading\">Contact<\/h2>\n\n\n\n<div class=\"wp-block-columns is-layout-flex wp-container-core-columns-is-layout-28f84493 wp-block-columns-is-layout-flex\">\n<div class=\"wp-block-column is-layout-flow wp-block-column-is-layout-flow\" style=\"flex-basis:50%\"><div class=\"contact-persons\">\n\n\t\t\t\t\t<div class=\"contact-person\">\n\t\t\t\t\tBernhard Gr\u00e4miger<br \/>\t\t\t\t\tDirecteur<br \/>\t\t\t\t\t<br \/>\n\t\t\t\t\t\t\t\t\t\t<a href=\"tel:+41 (0)44 319 71 61\">+41 (0)44 319 71 61<\/a><br \/>\t\t\t\t\t<a href=\"mailto:bernhard.graemiger@alice.ch\">bernhard.graemiger@alice.ch<\/a><br \/>\t\t\t\t\t<\/div>\n\t\t\t\t\t<\/div>\n<\/div>\n\n\n\n<div class=\"wp-block-column is-layout-flow wp-block-column-is-layout-flow\" style=\"flex-basis:50%\"><\/div>\n<\/div>\n<\/div>\n","protected":false},"excerpt":{"rendered":"<p>CONFINTEA VII (2022) La CONFINTEA VII a eu lieu du 15 au 17 juin 2022 au Maroc. La Commission suisse [&hellip;]<\/p>\n","protected":false},"author":4,"featured_media":20799,"parent":11193,"menu_order":134,"comment_status":"closed","ping_status":"closed","template":"","meta":{"_acf_changed":false,"inline_featured_image":false,"footnotes":""},"class_list":["post-11195","page","type-page","status-publish","has-post-thumbnail","hentry"],"acf":[],"yoast_head":"<!-- This site is optimized with the Yoast SEO plugin v27.3 - https:\/\/yoast.com\/product\/yoast-seo-wordpress\/ -->\n<title>Confintea VII - FSEA<\/title>\n<meta name=\"robots\" content=\"index, follow, max-snippet:-1, max-image-preview:large, max-video-preview:-1\" \/>\n<link rel=\"canonical\" href=\"https:\/\/alice.ch\/fr\/themes\/la-formation-continue-dans-un-contexte-international\/strategies\/confintea-vii\/\" \/>\n<meta property=\"og:locale\" content=\"fr_FR\" \/>\n<meta property=\"og:type\" content=\"article\" \/>\n<meta property=\"og:title\" content=\"Confintea VII - FSEA\" \/>\n<meta property=\"og:description\" content=\"CONFINTEA VII (2022) La CONFINTEA VII a eu lieu du 15 au 17 juin 2022 au Maroc. La Commission suisse [&hellip;]\" \/>\n<meta property=\"og:url\" content=\"https:\/\/alice.ch\/fr\/themes\/la-formation-continue-dans-un-contexte-international\/strategies\/confintea-vii\/\" \/>\n<meta property=\"og:site_name\" content=\"SVEB\" \/>\n<meta property=\"article:modified_time\" content=\"2023-04-23T09:00:31+00:00\" \/>\n<meta name=\"twitter:card\" content=\"summary_large_image\" \/>\n<meta name=\"twitter:label1\" content=\"Dur\u00e9e de lecture estim\u00e9e\" \/>\n\t<meta name=\"twitter:data1\" content=\"3 minutes\" \/>\n<script type=\"application\/ld+json\" class=\"yoast-schema-graph\">{\"@context\":\"https:\\\/\\\/schema.org\",\"@graph\":[{\"@type\":\"WebPage\",\"@id\":\"https:\\\/\\\/alice.ch\\\/fr\\\/themes\\\/la-formation-continue-dans-un-contexte-international\\\/strategies\\\/confintea-vii\\\/\",\"url\":\"https:\\\/\\\/alice.ch\\\/fr\\\/themes\\\/la-formation-continue-dans-un-contexte-international\\\/strategies\\\/confintea-vii\\\/\",\"name\":\"Confintea VII - FSEA\",\"isPartOf\":{\"@id\":\"https:\\\/\\\/alice.ch\\\/fr\\\/#website\"},\"primaryImageOfPage\":{\"@id\":\"https:\\\/\\\/alice.ch\\\/fr\\\/themes\\\/la-formation-continue-dans-un-contexte-international\\\/strategies\\\/confintea-vii\\\/#primaryimage\"},\"image\":{\"@id\":\"https:\\\/\\\/alice.ch\\\/fr\\\/themes\\\/la-formation-continue-dans-un-contexte-international\\\/strategies\\\/confintea-vii\\\/#primaryimage\"},\"thumbnailUrl\":\"https:\\\/\\\/alice.ch\\\/app\\\/uploads\\\/2022\\\/11\\\/default.jpg\",\"datePublished\":\"2022-10-12T14:22:51+00:00\",\"dateModified\":\"2023-04-23T09:00:31+00:00\",\"breadcrumb\":{\"@id\":\"https:\\\/\\\/alice.ch\\\/fr\\\/themes\\\/la-formation-continue-dans-un-contexte-international\\\/strategies\\\/confintea-vii\\\/#breadcrumb\"},\"inLanguage\":\"fr-FR\",\"potentialAction\":[{\"@type\":\"ReadAction\",\"target\":[\"https:\\\/\\\/alice.ch\\\/fr\\\/themes\\\/la-formation-continue-dans-un-contexte-international\\\/strategies\\\/confintea-vii\\\/\"]}]},{\"@type\":\"ImageObject\",\"inLanguage\":\"fr-FR\",\"@id\":\"https:\\\/\\\/alice.ch\\\/fr\\\/themes\\\/la-formation-continue-dans-un-contexte-international\\\/strategies\\\/confintea-vii\\\/#primaryimage\",\"url\":\"https:\\\/\\\/alice.ch\\\/app\\\/uploads\\\/2022\\\/11\\\/default.jpg\",\"contentUrl\":\"https:\\\/\\\/alice.ch\\\/app\\\/uploads\\\/2022\\\/11\\\/default.jpg\",\"width\":1600,\"height\":900},{\"@type\":\"BreadcrumbList\",\"@id\":\"https:\\\/\\\/alice.ch\\\/fr\\\/themes\\\/la-formation-continue-dans-un-contexte-international\\\/strategies\\\/confintea-vii\\\/#breadcrumb\",\"itemListElement\":[{\"@type\":\"ListItem\",\"position\":1,\"name\":\"Page d'accueil\",\"item\":\"https:\\\/\\\/alice.ch\\\/fr\\\/\"},{\"@type\":\"ListItem\",\"position\":2,\"name\":\"Th\u00e8mes\",\"item\":\"https:\\\/\\\/alice.ch\\\/fr\\\/themes\\\/\"},{\"@type\":\"ListItem\",\"position\":3,\"name\":\"La formation continue dans un contexte international\",\"item\":\"https:\\\/\\\/alice.ch\\\/fr\\\/themes\\\/la-formation-continue-dans-un-contexte-international\\\/\"},{\"@type\":\"ListItem\",\"position\":4,\"name\":\"Strat\u00e9gies\",\"item\":\"https:\\\/\\\/alice.ch\\\/fr\\\/themes\\\/la-formation-continue-dans-un-contexte-international\\\/strategies\\\/\"},{\"@type\":\"ListItem\",\"position\":5,\"name\":\"Confintea VII\"}]},{\"@type\":\"WebSite\",\"@id\":\"https:\\\/\\\/alice.ch\\\/fr\\\/#website\",\"url\":\"https:\\\/\\\/alice.ch\\\/fr\\\/\",\"name\":\"alice.ch (Adult Learning Information Center) ist das Portal der Weiterbildung in der Schweiz.\",\"description\":\"Schweizerischer Verband f\u00fcr Weiterbildung\",\"publisher\":{\"@id\":\"https:\\\/\\\/alice.ch\\\/fr\\\/#organization\"},\"potentialAction\":[{\"@type\":\"SearchAction\",\"target\":{\"@type\":\"EntryPoint\",\"urlTemplate\":\"https:\\\/\\\/alice.ch\\\/fr\\\/?s={search_term_string}\"},\"query-input\":{\"@type\":\"PropertyValueSpecification\",\"valueRequired\":true,\"valueName\":\"search_term_string\"}}],\"inLanguage\":\"fr-FR\"},{\"@type\":\"Organization\",\"@id\":\"https:\\\/\\\/alice.ch\\\/fr\\\/#organization\",\"name\":\"FSEA F\u00e9d\u00e9ration suisse pour la formation continue\",\"url\":\"https:\\\/\\\/alice.ch\\\/fr\\\/\",\"logo\":{\"@type\":\"ImageObject\",\"inLanguage\":\"fr-FR\",\"@id\":\"https:\\\/\\\/alice.ch\\\/fr\\\/#\\\/schema\\\/logo\\\/image\\\/\",\"url\":\"https:\\\/\\\/alice.ch\\\/app\\\/uploads\\\/2022\\\/07\\\/logo-sveb.png\",\"contentUrl\":\"https:\\\/\\\/alice.ch\\\/app\\\/uploads\\\/2022\\\/07\\\/logo-sveb.png\",\"width\":145,\"height\":64,\"caption\":\"FSEA F\u00e9d\u00e9ration suisse pour la formation continue\"},\"image\":{\"@id\":\"https:\\\/\\\/alice.ch\\\/fr\\\/#\\\/schema\\\/logo\\\/image\\\/\"},\"sameAs\":[\"https:\\\/\\\/www.linkedin.com\\\/company\\\/schweizerischer-verband-fr-weiterbildung-sveb\\\/\"]}]}<\/script>\n<!-- \/ Yoast SEO plugin. -->","yoast_head_json":{"title":"Confintea VII - FSEA","robots":{"index":"index","follow":"follow","max-snippet":"max-snippet:-1","max-image-preview":"max-image-preview:large","max-video-preview":"max-video-preview:-1"},"canonical":"https:\/\/alice.ch\/fr\/themes\/la-formation-continue-dans-un-contexte-international\/strategies\/confintea-vii\/","og_locale":"fr_FR","og_type":"article","og_title":"Confintea VII - FSEA","og_description":"CONFINTEA VII (2022) La CONFINTEA VII a eu lieu du 15 au 17 juin 2022 au Maroc. La Commission suisse [&hellip;]","og_url":"https:\/\/alice.ch\/fr\/themes\/la-formation-continue-dans-un-contexte-international\/strategies\/confintea-vii\/","og_site_name":"SVEB","article_modified_time":"2023-04-23T09:00:31+00:00","twitter_card":"summary_large_image","twitter_misc":{"Dur\u00e9e de lecture estim\u00e9e":"3 minutes"},"schema":{"@context":"https:\/\/schema.org","@graph":[{"@type":"WebPage","@id":"https:\/\/alice.ch\/fr\/themes\/la-formation-continue-dans-un-contexte-international\/strategies\/confintea-vii\/","url":"https:\/\/alice.ch\/fr\/themes\/la-formation-continue-dans-un-contexte-international\/strategies\/confintea-vii\/","name":"Confintea VII - FSEA","isPartOf":{"@id":"https:\/\/alice.ch\/fr\/#website"},"primaryImageOfPage":{"@id":"https:\/\/alice.ch\/fr\/themes\/la-formation-continue-dans-un-contexte-international\/strategies\/confintea-vii\/#primaryimage"},"image":{"@id":"https:\/\/alice.ch\/fr\/themes\/la-formation-continue-dans-un-contexte-international\/strategies\/confintea-vii\/#primaryimage"},"thumbnailUrl":"https:\/\/alice.ch\/app\/uploads\/2022\/11\/default.jpg","datePublished":"2022-10-12T14:22:51+00:00","dateModified":"2023-04-23T09:00:31+00:00","breadcrumb":{"@id":"https:\/\/alice.ch\/fr\/themes\/la-formation-continue-dans-un-contexte-international\/strategies\/confintea-vii\/#breadcrumb"},"inLanguage":"fr-FR","potentialAction":[{"@type":"ReadAction","target":["https:\/\/alice.ch\/fr\/themes\/la-formation-continue-dans-un-contexte-international\/strategies\/confintea-vii\/"]}]},{"@type":"ImageObject","inLanguage":"fr-FR","@id":"https:\/\/alice.ch\/fr\/themes\/la-formation-continue-dans-un-contexte-international\/strategies\/confintea-vii\/#primaryimage","url":"https:\/\/alice.ch\/app\/uploads\/2022\/11\/default.jpg","contentUrl":"https:\/\/alice.ch\/app\/uploads\/2022\/11\/default.jpg","width":1600,"height":900},{"@type":"BreadcrumbList","@id":"https:\/\/alice.ch\/fr\/themes\/la-formation-continue-dans-un-contexte-international\/strategies\/confintea-vii\/#breadcrumb","itemListElement":[{"@type":"ListItem","position":1,"name":"Page d'accueil","item":"https:\/\/alice.ch\/fr\/"},{"@type":"ListItem","position":2,"name":"Th\u00e8mes","item":"https:\/\/alice.ch\/fr\/themes\/"},{"@type":"ListItem","position":3,"name":"La formation continue dans un contexte international","item":"https:\/\/alice.ch\/fr\/themes\/la-formation-continue-dans-un-contexte-international\/"},{"@type":"ListItem","position":4,"name":"Strat\u00e9gies","item":"https:\/\/alice.ch\/fr\/themes\/la-formation-continue-dans-un-contexte-international\/strategies\/"},{"@type":"ListItem","position":5,"name":"Confintea VII"}]},{"@type":"WebSite","@id":"https:\/\/alice.ch\/fr\/#website","url":"https:\/\/alice.ch\/fr\/","name":"alice.ch (Adult Learning Information Center) ist das Portal der Weiterbildung in der Schweiz.","description":"Schweizerischer Verband f\u00fcr Weiterbildung","publisher":{"@id":"https:\/\/alice.ch\/fr\/#organization"},"potentialAction":[{"@type":"SearchAction","target":{"@type":"EntryPoint","urlTemplate":"https:\/\/alice.ch\/fr\/?s={search_term_string}"},"query-input":{"@type":"PropertyValueSpecification","valueRequired":true,"valueName":"search_term_string"}}],"inLanguage":"fr-FR"},{"@type":"Organization","@id":"https:\/\/alice.ch\/fr\/#organization","name":"FSEA F\u00e9d\u00e9ration suisse pour la formation continue","url":"https:\/\/alice.ch\/fr\/","logo":{"@type":"ImageObject","inLanguage":"fr-FR","@id":"https:\/\/alice.ch\/fr\/#\/schema\/logo\/image\/","url":"https:\/\/alice.ch\/app\/uploads\/2022\/07\/logo-sveb.png","contentUrl":"https:\/\/alice.ch\/app\/uploads\/2022\/07\/logo-sveb.png","width":145,"height":64,"caption":"FSEA F\u00e9d\u00e9ration suisse pour la formation continue"},"image":{"@id":"https:\/\/alice.ch\/fr\/#\/schema\/logo\/image\/"},"sameAs":["https:\/\/www.linkedin.com\/company\/schweizerischer-verband-fr-weiterbildung-sveb\/"]}]}},"_links":{"self":[{"href":"https:\/\/alice.ch\/fr\/wp-json\/wp\/v2\/pages\/11195","targetHints":{"allow":["GET"]}}],"collection":[{"href":"https:\/\/alice.ch\/fr\/wp-json\/wp\/v2\/pages"}],"about":[{"href":"https:\/\/alice.ch\/fr\/wp-json\/wp\/v2\/types\/page"}],"author":[{"embeddable":true,"href":"https:\/\/alice.ch\/fr\/wp-json\/wp\/v2\/users\/4"}],"replies":[{"embeddable":true,"href":"https:\/\/alice.ch\/fr\/wp-json\/wp\/v2\/comments?post=11195"}],"version-history":[{"count":8,"href":"https:\/\/alice.ch\/fr\/wp-json\/wp\/v2\/pages\/11195\/revisions"}],"predecessor-version":[{"id":48719,"href":"https:\/\/alice.ch\/fr\/wp-json\/wp\/v2\/pages\/11195\/revisions\/48719"}],"up":[{"embeddable":true,"href":"https:\/\/alice.ch\/fr\/wp-json\/wp\/v2\/pages\/11193"}],"wp:featuredmedia":[{"embeddable":true,"href":"https:\/\/alice.ch\/fr\/wp-json\/wp\/v2\/media\/20799"}],"wp:attachment":[{"href":"https:\/\/alice.ch\/fr\/wp-json\/wp\/v2\/media?parent=11195"}],"curies":[{"name":"wp","href":"https:\/\/api.w.org\/{rel}","templated":true}]}}