{"id":11197,"date":"2022-10-12T16:32:50","date_gmt":"2022-10-12T14:32:50","guid":{"rendered":"https:\/\/projects.atxeit.ch\/sveb\/weiterbildung-international\/strategien\/confintea-vi\/"},"modified":"2023-01-07T12:26:15","modified_gmt":"2023-01-07T11:26:15","slug":"confintea-vi","status":"publish","type":"page","link":"https:\/\/alice.ch\/fr\/themes\/la-formation-continue-dans-un-contexte-international\/strategies\/confintea-vi\/","title":{"rendered":"Confintea VI"},"content":{"rendered":"\n<div class=\"wp-block-group is-style-reduced-width is-layout-flow wp-block-group-is-layout-flow\">\n<h1 class=\"wp-block-heading\">Confintea VI<\/h1>\n\n\n\n<p>En 2009, 144 \u00c9tats ont adopt\u00e9 un document politique final dans CONFINTEA VI, le&nbsp;<a href=\"https:\/\/uil.unesco.org\/fr\/education-adultes\/conference-internationale-confintea\/cadre-daction-belem\" target=\"_blank\" rel=\"noreferrer noopener\">Cadre<\/a>&nbsp;d&rsquo;action de Bel\u00e9m. Ce document met l&rsquo;accent sur l&rsquo;\u00e9ducation au d\u00e9veloppement durable et d\u00e9finit des principes et des objectifs \u00e0 cette fin. La Suisse a sign\u00e9 ce Cadre d&rsquo;action de Bel\u00e9m et s&rsquo;engage ainsi \u00e0 mettre en \u0153uvre les objectifs d\u00e9finis (voir le&nbsp;<a href=\"https:\/\/alice.ch\/app\/uploads\/2022\/11\/Umsetzung_CONFINTEA_Bericht_SVEB-1.pdf\" target=\"_blank\" rel=\"noreferrer noopener\">rapport FSEA<\/a>&nbsp;sur la mise en \u0153uvre en Suisse). Cette t\u00e2che incombe \u00e0 la Commission suisse pour l&rsquo;UNESCO, dont le si\u00e8ge se trouve au D\u00e9partement f\u00e9d\u00e9ral des affaires \u00e9trang\u00e8res (DFAE).<\/p>\n\n\n\n<h2 class=\"wp-block-heading\">Rapports GRALE<\/h2>\n\n\n\n<p>Les Etats signataires s&rsquo;engagent \u00e0 suivre la mise en \u0153uvre des objectifs de Bel\u00e9m dans leur pays. Ce suivi est r\u00e9guli\u00e8rement publi\u00e9 dans les&nbsp;<a href=\"http:\/\/preprod.uil.unesco.org\/fr\/education-des-adultes\/rapport-mondial\" target=\"_blank\" rel=\"noreferrer noopener\">rapports GRALE<\/a>&nbsp;(Global Report on Adult Learning and Education).<\/p>\n\n\n\n<p>Outre ce Cadre d&rsquo;action de Bel\u00e9m, CONFINTEA VI a \u00e9galement adopt\u00e9 les&nbsp;<a href=\"http:\/\/preprod.uil.unesco.org\/fr\/education-adultes\/recommandation-unesco\" target=\"_blank\" rel=\"noreferrer noopener\">recommandations de l&rsquo;UNESCO<\/a>&nbsp;pour la formation continue. Celles-ci contiennent des principes non contraignants pour le d\u00e9veloppement des bases juridiques nationales des membres de l&rsquo;UNESCO. Dans le cadre des rapports GRALE, l&rsquo;Institut de l&rsquo;UNESCO pour l&rsquo;apprentissage tout au long de la vie (<a href=\"http:\/\/preprod.uil.unesco.org\/fr\" target=\"_blank\" rel=\"noreferrer noopener\">UIL<\/a>) observe r\u00e9guli\u00e8rement leur mise en \u0153uvre.<\/p>\n\n\n\n<h2 class=\"wp-block-heading\">Contact<\/h2>\n\n\n\n<div class=\"wp-block-columns is-layout-flex wp-container-core-columns-is-layout-28f84493 wp-block-columns-is-layout-flex\">\n<div class=\"wp-block-column is-layout-flow wp-block-column-is-layout-flow\" style=\"flex-basis:50%\"><div class=\"contact-persons\">\n\n\t\t\t\t\t<div class=\"contact-person\">\n\t\t\t\t\tBernhard Gr\u00e4miger<br \/>\t\t\t\t\tDirecteur<br \/>\t\t\t\t\t<br \/>\n\t\t\t\t\t\t\t\t\t\t<a href=\"tel:+41 (0)44 319 71 61\">+41 (0)44 319 71 61<\/a><br \/>\t\t\t\t\t<a href=\"mailto:bernhard.graemiger@alice.ch\">bernhard.graemiger@alice.ch<\/a><br \/>\t\t\t\t\t<\/div>\n\t\t\t\t\t<\/div>\n<\/div>\n\n\n\n<div class=\"wp-block-column is-layout-flow wp-block-column-is-layout-flow\" style=\"flex-basis:50%\"><\/div>\n<\/div>\n<\/div>\n","protected":false},"excerpt":{"rendered":"<p>Confintea VI En 2009, 144 \u00c9tats ont adopt\u00e9 un document politique final dans CONFINTEA VI, le&nbsp;Cadre&nbsp;d&rsquo;action de Bel\u00e9m. Ce document [&hellip;]<\/p>\n","protected":false},"author":4,"featured_media":20799,"parent":11193,"menu_order":141,"comment_status":"closed","ping_status":"closed","template":"","meta":{"_acf_changed":false,"inline_featured_image":false,"footnotes":""},"class_list":["post-11197","page","type-page","status-publish","has-post-thumbnail","hentry"],"acf":[],"yoast_head":"<!-- This site is optimized with the Yoast SEO plugin v27.3 - https:\/\/yoast.com\/product\/yoast-seo-wordpress\/ -->\n<title>Confintea VI - FSEA<\/title>\n<meta name=\"robots\" content=\"index, follow, max-snippet:-1, max-image-preview:large, max-video-preview:-1\" \/>\n<link rel=\"canonical\" href=\"https:\/\/alice.ch\/fr\/themes\/la-formation-continue-dans-un-contexte-international\/strategies\/confintea-vi\/\" \/>\n<meta property=\"og:locale\" content=\"fr_FR\" \/>\n<meta property=\"og:type\" content=\"article\" \/>\n<meta property=\"og:title\" content=\"Confintea VI - FSEA\" \/>\n<meta property=\"og:description\" content=\"Confintea VI En 2009, 144 \u00c9tats ont adopt\u00e9 un document politique final dans CONFINTEA VI, le&nbsp;Cadre&nbsp;d&rsquo;action de Bel\u00e9m. Ce document [&hellip;]\" \/>\n<meta property=\"og:url\" content=\"https:\/\/alice.ch\/fr\/themes\/la-formation-continue-dans-un-contexte-international\/strategies\/confintea-vi\/\" \/>\n<meta property=\"og:site_name\" content=\"SVEB\" \/>\n<meta property=\"article:modified_time\" content=\"2023-01-07T11:26:15+00:00\" \/>\n<meta property=\"og:image\" content=\"https:\/\/alice.ch\/app\/uploads\/2022\/11\/default.jpg\" \/>\n\t<meta property=\"og:image:width\" content=\"1600\" \/>\n\t<meta property=\"og:image:height\" content=\"900\" \/>\n\t<meta property=\"og:image:type\" content=\"image\/jpeg\" \/>\n<meta name=\"twitter:card\" content=\"summary_large_image\" \/>\n<meta name=\"twitter:label1\" content=\"Dur\u00e9e de lecture estim\u00e9e\" \/>\n\t<meta name=\"twitter:data1\" content=\"1 minute\" \/>\n<script type=\"application\/ld+json\" class=\"yoast-schema-graph\">{\"@context\":\"https:\\\/\\\/schema.org\",\"@graph\":[{\"@type\":\"WebPage\",\"@id\":\"https:\\\/\\\/alice.ch\\\/fr\\\/themes\\\/la-formation-continue-dans-un-contexte-international\\\/strategies\\\/confintea-vi\\\/\",\"url\":\"https:\\\/\\\/alice.ch\\\/fr\\\/themes\\\/la-formation-continue-dans-un-contexte-international\\\/strategies\\\/confintea-vi\\\/\",\"name\":\"Confintea VI - FSEA\",\"isPartOf\":{\"@id\":\"https:\\\/\\\/alice.ch\\\/fr\\\/#website\"},\"primaryImageOfPage\":{\"@id\":\"https:\\\/\\\/alice.ch\\\/fr\\\/themes\\\/la-formation-continue-dans-un-contexte-international\\\/strategies\\\/confintea-vi\\\/#primaryimage\"},\"image\":{\"@id\":\"https:\\\/\\\/alice.ch\\\/fr\\\/themes\\\/la-formation-continue-dans-un-contexte-international\\\/strategies\\\/confintea-vi\\\/#primaryimage\"},\"thumbnailUrl\":\"https:\\\/\\\/alice.ch\\\/app\\\/uploads\\\/2022\\\/11\\\/default.jpg\",\"datePublished\":\"2022-10-12T14:32:50+00:00\",\"dateModified\":\"2023-01-07T11:26:15+00:00\",\"breadcrumb\":{\"@id\":\"https:\\\/\\\/alice.ch\\\/fr\\\/themes\\\/la-formation-continue-dans-un-contexte-international\\\/strategies\\\/confintea-vi\\\/#breadcrumb\"},\"inLanguage\":\"fr-FR\",\"potentialAction\":[{\"@type\":\"ReadAction\",\"target\":[\"https:\\\/\\\/alice.ch\\\/fr\\\/themes\\\/la-formation-continue-dans-un-contexte-international\\\/strategies\\\/confintea-vi\\\/\"]}]},{\"@type\":\"ImageObject\",\"inLanguage\":\"fr-FR\",\"@id\":\"https:\\\/\\\/alice.ch\\\/fr\\\/themes\\\/la-formation-continue-dans-un-contexte-international\\\/strategies\\\/confintea-vi\\\/#primaryimage\",\"url\":\"https:\\\/\\\/alice.ch\\\/app\\\/uploads\\\/2022\\\/11\\\/default.jpg\",\"contentUrl\":\"https:\\\/\\\/alice.ch\\\/app\\\/uploads\\\/2022\\\/11\\\/default.jpg\",\"width\":1600,\"height\":900},{\"@type\":\"BreadcrumbList\",\"@id\":\"https:\\\/\\\/alice.ch\\\/fr\\\/themes\\\/la-formation-continue-dans-un-contexte-international\\\/strategies\\\/confintea-vi\\\/#breadcrumb\",\"itemListElement\":[{\"@type\":\"ListItem\",\"position\":1,\"name\":\"Page d'accueil\",\"item\":\"https:\\\/\\\/alice.ch\\\/fr\\\/\"},{\"@type\":\"ListItem\",\"position\":2,\"name\":\"Th\u00e8mes\",\"item\":\"https:\\\/\\\/alice.ch\\\/fr\\\/themes\\\/\"},{\"@type\":\"ListItem\",\"position\":3,\"name\":\"La formation continue dans un contexte international\",\"item\":\"https:\\\/\\\/alice.ch\\\/fr\\\/themes\\\/la-formation-continue-dans-un-contexte-international\\\/\"},{\"@type\":\"ListItem\",\"position\":4,\"name\":\"Strat\u00e9gies\",\"item\":\"https:\\\/\\\/alice.ch\\\/fr\\\/themes\\\/la-formation-continue-dans-un-contexte-international\\\/strategies\\\/\"},{\"@type\":\"ListItem\",\"position\":5,\"name\":\"Confintea VI\"}]},{\"@type\":\"WebSite\",\"@id\":\"https:\\\/\\\/alice.ch\\\/fr\\\/#website\",\"url\":\"https:\\\/\\\/alice.ch\\\/fr\\\/\",\"name\":\"alice.ch (Adult Learning Information Center) ist das Portal der Weiterbildung in der Schweiz.\",\"description\":\"Schweizerischer Verband f\u00fcr Weiterbildung\",\"publisher\":{\"@id\":\"https:\\\/\\\/alice.ch\\\/fr\\\/#organization\"},\"potentialAction\":[{\"@type\":\"SearchAction\",\"target\":{\"@type\":\"EntryPoint\",\"urlTemplate\":\"https:\\\/\\\/alice.ch\\\/fr\\\/?s={search_term_string}\"},\"query-input\":{\"@type\":\"PropertyValueSpecification\",\"valueRequired\":true,\"valueName\":\"search_term_string\"}}],\"inLanguage\":\"fr-FR\"},{\"@type\":\"Organization\",\"@id\":\"https:\\\/\\\/alice.ch\\\/fr\\\/#organization\",\"name\":\"FSEA F\u00e9d\u00e9ration suisse pour la formation continue\",\"url\":\"https:\\\/\\\/alice.ch\\\/fr\\\/\",\"logo\":{\"@type\":\"ImageObject\",\"inLanguage\":\"fr-FR\",\"@id\":\"https:\\\/\\\/alice.ch\\\/fr\\\/#\\\/schema\\\/logo\\\/image\\\/\",\"url\":\"https:\\\/\\\/alice.ch\\\/app\\\/uploads\\\/2022\\\/07\\\/logo-sveb.png\",\"contentUrl\":\"https:\\\/\\\/alice.ch\\\/app\\\/uploads\\\/2022\\\/07\\\/logo-sveb.png\",\"width\":145,\"height\":64,\"caption\":\"FSEA F\u00e9d\u00e9ration suisse pour la formation continue\"},\"image\":{\"@id\":\"https:\\\/\\\/alice.ch\\\/fr\\\/#\\\/schema\\\/logo\\\/image\\\/\"},\"sameAs\":[\"https:\\\/\\\/www.linkedin.com\\\/company\\\/schweizerischer-verband-fr-weiterbildung-sveb\\\/\"]}]}<\/script>\n<!-- \/ Yoast SEO plugin. -->","yoast_head_json":{"title":"Confintea VI - FSEA","robots":{"index":"index","follow":"follow","max-snippet":"max-snippet:-1","max-image-preview":"max-image-preview:large","max-video-preview":"max-video-preview:-1"},"canonical":"https:\/\/alice.ch\/fr\/themes\/la-formation-continue-dans-un-contexte-international\/strategies\/confintea-vi\/","og_locale":"fr_FR","og_type":"article","og_title":"Confintea VI - FSEA","og_description":"Confintea VI En 2009, 144 \u00c9tats ont adopt\u00e9 un document politique final dans CONFINTEA VI, le&nbsp;Cadre&nbsp;d&rsquo;action de Bel\u00e9m. Ce document [&hellip;]","og_url":"https:\/\/alice.ch\/fr\/themes\/la-formation-continue-dans-un-contexte-international\/strategies\/confintea-vi\/","og_site_name":"SVEB","article_modified_time":"2023-01-07T11:26:15+00:00","og_image":[{"width":1600,"height":900,"url":"https:\/\/alice.ch\/app\/uploads\/2022\/11\/default.jpg","type":"image\/jpeg"}],"twitter_card":"summary_large_image","twitter_misc":{"Dur\u00e9e de lecture estim\u00e9e":"1 minute"},"schema":{"@context":"https:\/\/schema.org","@graph":[{"@type":"WebPage","@id":"https:\/\/alice.ch\/fr\/themes\/la-formation-continue-dans-un-contexte-international\/strategies\/confintea-vi\/","url":"https:\/\/alice.ch\/fr\/themes\/la-formation-continue-dans-un-contexte-international\/strategies\/confintea-vi\/","name":"Confintea VI - FSEA","isPartOf":{"@id":"https:\/\/alice.ch\/fr\/#website"},"primaryImageOfPage":{"@id":"https:\/\/alice.ch\/fr\/themes\/la-formation-continue-dans-un-contexte-international\/strategies\/confintea-vi\/#primaryimage"},"image":{"@id":"https:\/\/alice.ch\/fr\/themes\/la-formation-continue-dans-un-contexte-international\/strategies\/confintea-vi\/#primaryimage"},"thumbnailUrl":"https:\/\/alice.ch\/app\/uploads\/2022\/11\/default.jpg","datePublished":"2022-10-12T14:32:50+00:00","dateModified":"2023-01-07T11:26:15+00:00","breadcrumb":{"@id":"https:\/\/alice.ch\/fr\/themes\/la-formation-continue-dans-un-contexte-international\/strategies\/confintea-vi\/#breadcrumb"},"inLanguage":"fr-FR","potentialAction":[{"@type":"ReadAction","target":["https:\/\/alice.ch\/fr\/themes\/la-formation-continue-dans-un-contexte-international\/strategies\/confintea-vi\/"]}]},{"@type":"ImageObject","inLanguage":"fr-FR","@id":"https:\/\/alice.ch\/fr\/themes\/la-formation-continue-dans-un-contexte-international\/strategies\/confintea-vi\/#primaryimage","url":"https:\/\/alice.ch\/app\/uploads\/2022\/11\/default.jpg","contentUrl":"https:\/\/alice.ch\/app\/uploads\/2022\/11\/default.jpg","width":1600,"height":900},{"@type":"BreadcrumbList","@id":"https:\/\/alice.ch\/fr\/themes\/la-formation-continue-dans-un-contexte-international\/strategies\/confintea-vi\/#breadcrumb","itemListElement":[{"@type":"ListItem","position":1,"name":"Page d'accueil","item":"https:\/\/alice.ch\/fr\/"},{"@type":"ListItem","position":2,"name":"Th\u00e8mes","item":"https:\/\/alice.ch\/fr\/themes\/"},{"@type":"ListItem","position":3,"name":"La formation continue dans un contexte international","item":"https:\/\/alice.ch\/fr\/themes\/la-formation-continue-dans-un-contexte-international\/"},{"@type":"ListItem","position":4,"name":"Strat\u00e9gies","item":"https:\/\/alice.ch\/fr\/themes\/la-formation-continue-dans-un-contexte-international\/strategies\/"},{"@type":"ListItem","position":5,"name":"Confintea VI"}]},{"@type":"WebSite","@id":"https:\/\/alice.ch\/fr\/#website","url":"https:\/\/alice.ch\/fr\/","name":"alice.ch (Adult Learning Information Center) ist das Portal der Weiterbildung in der Schweiz.","description":"Schweizerischer Verband f\u00fcr Weiterbildung","publisher":{"@id":"https:\/\/alice.ch\/fr\/#organization"},"potentialAction":[{"@type":"SearchAction","target":{"@type":"EntryPoint","urlTemplate":"https:\/\/alice.ch\/fr\/?s={search_term_string}"},"query-input":{"@type":"PropertyValueSpecification","valueRequired":true,"valueName":"search_term_string"}}],"inLanguage":"fr-FR"},{"@type":"Organization","@id":"https:\/\/alice.ch\/fr\/#organization","name":"FSEA F\u00e9d\u00e9ration suisse pour la formation continue","url":"https:\/\/alice.ch\/fr\/","logo":{"@type":"ImageObject","inLanguage":"fr-FR","@id":"https:\/\/alice.ch\/fr\/#\/schema\/logo\/image\/","url":"https:\/\/alice.ch\/app\/uploads\/2022\/07\/logo-sveb.png","contentUrl":"https:\/\/alice.ch\/app\/uploads\/2022\/07\/logo-sveb.png","width":145,"height":64,"caption":"FSEA F\u00e9d\u00e9ration suisse pour la formation continue"},"image":{"@id":"https:\/\/alice.ch\/fr\/#\/schema\/logo\/image\/"},"sameAs":["https:\/\/www.linkedin.com\/company\/schweizerischer-verband-fr-weiterbildung-sveb\/"]}]}},"_links":{"self":[{"href":"https:\/\/alice.ch\/fr\/wp-json\/wp\/v2\/pages\/11197","targetHints":{"allow":["GET"]}}],"collection":[{"href":"https:\/\/alice.ch\/fr\/wp-json\/wp\/v2\/pages"}],"about":[{"href":"https:\/\/alice.ch\/fr\/wp-json\/wp\/v2\/types\/page"}],"author":[{"embeddable":true,"href":"https:\/\/alice.ch\/fr\/wp-json\/wp\/v2\/users\/4"}],"replies":[{"embeddable":true,"href":"https:\/\/alice.ch\/fr\/wp-json\/wp\/v2\/comments?post=11197"}],"version-history":[{"count":10,"href":"https:\/\/alice.ch\/fr\/wp-json\/wp\/v2\/pages\/11197\/revisions"}],"predecessor-version":[{"id":41278,"href":"https:\/\/alice.ch\/fr\/wp-json\/wp\/v2\/pages\/11197\/revisions\/41278"}],"up":[{"embeddable":true,"href":"https:\/\/alice.ch\/fr\/wp-json\/wp\/v2\/pages\/11193"}],"wp:featuredmedia":[{"embeddable":true,"href":"https:\/\/alice.ch\/fr\/wp-json\/wp\/v2\/media\/20799"}],"wp:attachment":[{"href":"https:\/\/alice.ch\/fr\/wp-json\/wp\/v2\/media?parent=11197"}],"curies":[{"name":"wp","href":"https:\/\/api.w.org\/{rel}","templated":true}]}}