{"id":11199,"date":"2022-08-16T16:26:18","date_gmt":"2022-08-16T14:26:18","guid":{"rendered":"https:\/\/projects.atxeit.ch\/sveb\/weiterbildung-international\/netzwerke\/"},"modified":"2024-07-18T11:30:02","modified_gmt":"2024-07-18T09:30:02","slug":"reseaux","status":"publish","type":"page","link":"https:\/\/alice.ch\/fr\/themes\/la-formation-continue-dans-un-contexte-international\/reseaux\/","title":{"rendered":"R\u00e9seaux"},"content":{"rendered":"\n<div class=\"wp-block-group is-style-reduced-width is-layout-flow wp-block-group-is-layout-flow\">\n<h1 class=\"wp-block-heading\">R\u00e9seau mondial<\/h1>\n\n\n\n<p class=\"is-style-lead\">Les d\u00e9fis et les tendances de la formation continue ne sont pas propres au contexte suisse. Les acteurs de la formation en Europe et dans le reste du monde font face \u00e0 des d\u00e9fis et des questions similaires. C&rsquo;est pourquoi la FSEA participe activement \u00e0 divers r\u00e9seaux et associations internationaux.<\/p>\n\n\n\n<h2 class=\"wp-block-heading\">Association europ\u00e9enne pour l&rsquo;\u00e9ducation des adultes (EAEA)<\/h2>\n\n\n\n<p>L&rsquo;<a href=\"https:\/\/eaea.org\/project\/implementing-outreach-empowerment-and-diversity-imploed\/?pid=7469\" target=\"_blank\" rel=\"noreferrer noopener\">EAEA<\/a>&nbsp;donne une voix \u00e0 l&rsquo;\u00e9ducation non formelle des adultes en Europe. Fond\u00e9e en 1953 par des repr\u00e9sentants de plusieurs pays europ\u00e9ens, l&rsquo;ONG europ\u00e9enne compte aujourd&rsquo;hui plus de 135 organisations membres dans plus de 44 pays et repr\u00e9sente plus de 60 millions d&rsquo;apprenants adultes. Le but de l&rsquo;association est de connecter les organisations europ\u00e9ennes dans le domaine de l&rsquo;\u00e9ducation des adultes et de les repr\u00e9senter. Elle promeut l&rsquo;apprentissage des adultes et l&rsquo;acc\u00e8s ainsi que la participation universels \u00e0 l&rsquo;\u00e9ducation non formelle des adultes en particulier.<\/p>\n\n\n\n<div class=\"wp-block-group is-style-run-to-edge has-primary-background-color has-background is-layout-flow wp-block-group-is-layout-flow\">\n<p class=\"is-style-lead has-background-color has-text-color has-large-font-size\"><strong>Le r\u00f4le de la FSEA:<\/strong>\u00a0fondateur et ancien membre du conseil d&rsquo;administration. La FSEA travaille en \u00e9troite collaboration avec l&rsquo;EAEA et apporte les pr\u00e9occupations de la formation continue suisse. L&rsquo;engagement au sein de l&rsquo;EAEA permet \u00e0 la FSEA et \u00e0 ses membres d&rsquo;anticiper les tendances et de transf\u00e9rer leur savoir-faire en Suisse.<\/p>\n<\/div>\n\n\n\n<h2 class=\"wp-block-heading\">Le conseil international d&rsquo;\u00e9ducation des adultes (CIEA)<\/h2>\n\n\n\n<p>Le&nbsp;<a href=\"http:\/\/icae.global\/\" target=\"_blank\" rel=\"noreferrer noopener\">CIEA<\/a>&nbsp;est engag\u00e9 dans le monde entier dans le discours politique sur l&rsquo;apprentissage tout au long de la vie. Sa vision est de donner \u00e0 tous l&rsquo;acc\u00e8s \u00e0 l&rsquo;\u00e9ducation permanente en tant que droit humain universel. Elle d\u00e9finit la formation comme la base d&rsquo;une participation \u00e9clair\u00e9e \u00e0 la soci\u00e9t\u00e9 civile et au d\u00e9veloppement durable. Le Conseil a \u00e9t\u00e9 fond\u00e9 en 1973 et est divis\u00e9 en 7 sections r\u00e9gionales. Ses membres sont plus de 800 ONG &#8211; r\u00e9seaux r\u00e9gionaux, nationaux et professionnels &#8211; dans plus de 75 pays. Le CIEA est associ\u00e9 \u00e0 l&rsquo;UNESCO et a un statut consultatif aupr\u00e8s du Conseil \u00e9conomique et social des Nations Unies (ECOSOC).<\/p>\n\n\n\n<div class=\"wp-block-group is-style-run-to-edge has-primary-background-color has-background is-layout-flow wp-block-group-is-layout-flow\">\n<p class=\"is-style-lead has-background-color has-text-color has-large-font-size\"><strong>Le r\u00f4le de la FSEA:<\/strong>\u00a0membre fondateur et membre du conseil d&rsquo;administration. La FSEA participe au conseil d&rsquo;administration, entretient des contacts professionnels r\u00e9guliers avec le secr\u00e9tariat g\u00e9n\u00e9ral et participe activement aux conf\u00e9rences du CIEA. La mise en r\u00e9seau et l&rsquo;\u00e9change de savoir-faire avec les parties prenantes de la formation continue du monde entier ont aid\u00e9 la FSEA \u00e0 contribuer \u00e0 un syst\u00e8me de formation continue tourn\u00e9 vers l&rsquo;avenir en Suisse.<\/p>\n<\/div>\n\n\n\n<h2 class=\"wp-block-heading\">R\u00e9seau europ\u00e9en des comp\u00e9tences de base (EBSN)<\/h2>\n\n\n\n<p>L&rsquo;<a href=\"http:\/\/www.basicskills.eu\/\" target=\"_blank\" rel=\"noreferrer noopener\">EBSN<\/a>&nbsp;est l&rsquo;organisation fa\u00eeti\u00e8re europ\u00e9enne pour la promotion des comp\u00e9tences de base des adultes avec plus de 75 membres. Le r\u00e9seau a \u00e9t\u00e9 lanc\u00e9 en 2009 et n&rsquo;a cess\u00e9 de cro\u00eetre depuis lors. Les objectifs du r\u00e9seau sont de promouvoir les \u00e9changes professionnels et la coop\u00e9ration entre les organisations et les experts dans le domaine des comp\u00e9tences de base et d&rsquo;accro\u00eetre la sensibilisation au sujet des comp\u00e9tences de base au niveau politique.<\/p>\n\n\n\n<div class=\"wp-block-group is-style-run-to-edge has-primary-background-color has-background is-layout-flow wp-block-group-is-layout-flow\">\n<p class=\"is-style-lead has-background-color has-text-color has-large-font-size\"><strong>Le r\u00f4le de la FSEA<\/strong>: membre fondateur et membre du conseil d&rsquo;administration et si\u00e8ge statutaire de l&rsquo;EBSN, qui est l\u00e9galement une association suisse. La coop\u00e9ration internationale intensive de la FSEA avec l&rsquo;EBSN dans le domaine des comp\u00e9tences de base a permis d&rsquo;anticiper tr\u00e8s t\u00f4t les tendances dans ce domaine et d&rsquo;organiser un transfert de connaissances vers les acteurs en Suisse.<\/p>\n<\/div>\n\n\n\n<h2 class=\"wp-block-heading\">Hall of fame Europe of continuing Education (HOFE)<\/h2>\n\n\n\n<p><a href=\"http:\/\/www.hofe.andragogy.net\/\" target=\"_blank\" rel=\"noreferrer noopener\">HOFE<\/a>&nbsp;est la branche europ\u00e9enne de l&rsquo;International Adult and Continuing Education Hall of Fame (IACEHOF) est un r\u00e9seau d&rsquo;experts internationalement reconnus dans le domaine de la formation continue qui ont fa\u00e7onn\u00e9 le d\u00e9veloppement de la formation continue. La structure est con\u00e7ue de telle sorte que les membres peuvent \u00e9changer des informations rapidement et sans obstacles bureaucratiques et, si n\u00e9cessaire, former des groupes d&rsquo;experts ad hoc. Cela devrait \u00e9galement stimuler de nouvelles formes de coop\u00e9ration non conventionnelles qui contribuent au d\u00e9veloppement de la formation continue.<\/p>\n\n\n\n<div class=\"wp-block-group is-style-run-to-edge has-primary-background-color has-background is-layout-flow wp-block-group-is-layout-flow\">\n<p class=\"is-style-lead has-background-color has-text-color has-large-font-size\"><strong>Le r\u00f4le de la FSEA:<\/strong> L&rsquo;objectif de l&rsquo;engagement de la FSEA est d&rsquo;\u00e9tendre le Hall of Fame, jusqu&rsquo;\u00e0 pr\u00e9sent domin\u00e9 par les Etats-Unis, en un r\u00e9seau mondial d&rsquo;experts et d&rsquo;\u00e9tendre le r\u00e9seau europ\u00e9en jusqu&rsquo;alors tr\u00e8s restreint. Actuellement, l&rsquo;accent est mis sur l&rsquo;inclusion des pays latins.<\/p>\n<\/div>\n\n\n\n<h2 class=\"wp-block-heading\">Contact<\/h2>\n\n\n\n<div class=\"wp-block-columns is-layout-flex wp-container-core-columns-is-layout-28f84493 wp-block-columns-is-layout-flex\">\n<div class=\"wp-block-column is-layout-flow wp-block-column-is-layout-flow\" style=\"flex-basis:50%\"><div class=\"contact-persons\">\n\n\t\t\t\t\t<div class=\"contact-person\">\n\t\t\t\t\tBernhard Gr\u00e4miger<br \/>\t\t\t\t\tDirecteur<br \/>\t\t\t\t\t<br \/>\n\t\t\t\t\t\t\t\t\t\t<a href=\"tel:+41 (0)44 319 71 61\">+41 (0)44 319 71 61<\/a><br \/>\t\t\t\t\t<a href=\"mailto:bernhard.graemiger@alice.ch\">bernhard.graemiger@alice.ch<\/a><br \/>\t\t\t\t\t<\/div>\n\t\t\t\t\t<\/div>\n<\/div>\n\n\n\n<div class=\"wp-block-column is-layout-flow wp-block-column-is-layout-flow\" style=\"flex-basis:50%\"><\/div>\n<\/div>\n<\/div>\n","protected":false},"excerpt":{"rendered":"<p>R\u00e9seau mondial Les d\u00e9fis et les tendances de la formation continue ne sont pas propres au contexte suisse. Les acteurs [&hellip;]<\/p>\n","protected":false},"author":2,"featured_media":20799,"parent":11191,"menu_order":119,"comment_status":"closed","ping_status":"closed","template":"","meta":{"_acf_changed":false,"inline_featured_image":false,"footnotes":""},"class_list":["post-11199","page","type-page","status-publish","has-post-thumbnail","hentry"],"acf":[],"yoast_head":"<!-- This site is optimized with the Yoast SEO plugin v27.3 - https:\/\/yoast.com\/product\/yoast-seo-wordpress\/ -->\n<title>R\u00e9seaux - FSEA<\/title>\n<meta name=\"description\" content=\"Tous les acteurs de la formation continue se penchent sur des probl\u00e9matiques similaires. La FSEA est active dans des r\u00e9seaux internationaux.\" \/>\n<meta name=\"robots\" content=\"index, follow, max-snippet:-1, max-image-preview:large, max-video-preview:-1\" \/>\n<link rel=\"canonical\" href=\"https:\/\/alice.ch\/fr\/themes\/la-formation-continue-dans-un-contexte-international\/reseaux\/\" \/>\n<meta property=\"og:locale\" content=\"fr_FR\" \/>\n<meta property=\"og:type\" content=\"article\" \/>\n<meta property=\"og:title\" content=\"R\u00e9seaux - FSEA\" \/>\n<meta property=\"og:description\" content=\"Tous les acteurs de la formation continue se penchent sur des probl\u00e9matiques similaires. La FSEA est active dans des r\u00e9seaux internationaux.\" \/>\n<meta property=\"og:url\" content=\"https:\/\/alice.ch\/fr\/themes\/la-formation-continue-dans-un-contexte-international\/reseaux\/\" \/>\n<meta property=\"og:site_name\" content=\"SVEB\" \/>\n<meta property=\"article:modified_time\" content=\"2024-07-18T09:30:02+00:00\" \/>\n<meta name=\"twitter:card\" content=\"summary_large_image\" \/>\n<meta name=\"twitter:label1\" content=\"Dur\u00e9e de lecture estim\u00e9e\" \/>\n\t<meta name=\"twitter:data1\" content=\"4 minutes\" \/>\n<script type=\"application\/ld+json\" class=\"yoast-schema-graph\">{\"@context\":\"https:\\\/\\\/schema.org\",\"@graph\":[{\"@type\":\"WebPage\",\"@id\":\"https:\\\/\\\/alice.ch\\\/fr\\\/themes\\\/la-formation-continue-dans-un-contexte-international\\\/reseaux\\\/\",\"url\":\"https:\\\/\\\/alice.ch\\\/fr\\\/themes\\\/la-formation-continue-dans-un-contexte-international\\\/reseaux\\\/\",\"name\":\"R\u00e9seaux - FSEA\",\"isPartOf\":{\"@id\":\"https:\\\/\\\/alice.ch\\\/fr\\\/#website\"},\"primaryImageOfPage\":{\"@id\":\"https:\\\/\\\/alice.ch\\\/fr\\\/themes\\\/la-formation-continue-dans-un-contexte-international\\\/reseaux\\\/#primaryimage\"},\"image\":{\"@id\":\"https:\\\/\\\/alice.ch\\\/fr\\\/themes\\\/la-formation-continue-dans-un-contexte-international\\\/reseaux\\\/#primaryimage\"},\"thumbnailUrl\":\"https:\\\/\\\/alice.ch\\\/app\\\/uploads\\\/2022\\\/11\\\/default.jpg\",\"datePublished\":\"2022-08-16T14:26:18+00:00\",\"dateModified\":\"2024-07-18T09:30:02+00:00\",\"description\":\"Tous les acteurs de la formation continue se penchent sur des probl\u00e9matiques similaires. La FSEA est active dans des r\u00e9seaux internationaux.\",\"breadcrumb\":{\"@id\":\"https:\\\/\\\/alice.ch\\\/fr\\\/themes\\\/la-formation-continue-dans-un-contexte-international\\\/reseaux\\\/#breadcrumb\"},\"inLanguage\":\"fr-FR\",\"potentialAction\":[{\"@type\":\"ReadAction\",\"target\":[\"https:\\\/\\\/alice.ch\\\/fr\\\/themes\\\/la-formation-continue-dans-un-contexte-international\\\/reseaux\\\/\"]}]},{\"@type\":\"ImageObject\",\"inLanguage\":\"fr-FR\",\"@id\":\"https:\\\/\\\/alice.ch\\\/fr\\\/themes\\\/la-formation-continue-dans-un-contexte-international\\\/reseaux\\\/#primaryimage\",\"url\":\"https:\\\/\\\/alice.ch\\\/app\\\/uploads\\\/2022\\\/11\\\/default.jpg\",\"contentUrl\":\"https:\\\/\\\/alice.ch\\\/app\\\/uploads\\\/2022\\\/11\\\/default.jpg\",\"width\":1600,\"height\":900},{\"@type\":\"BreadcrumbList\",\"@id\":\"https:\\\/\\\/alice.ch\\\/fr\\\/themes\\\/la-formation-continue-dans-un-contexte-international\\\/reseaux\\\/#breadcrumb\",\"itemListElement\":[{\"@type\":\"ListItem\",\"position\":1,\"name\":\"Page d'accueil\",\"item\":\"https:\\\/\\\/alice.ch\\\/fr\\\/\"},{\"@type\":\"ListItem\",\"position\":2,\"name\":\"Th\u00e8mes\",\"item\":\"https:\\\/\\\/alice.ch\\\/fr\\\/themes\\\/\"},{\"@type\":\"ListItem\",\"position\":3,\"name\":\"La formation continue dans un contexte international\",\"item\":\"https:\\\/\\\/alice.ch\\\/fr\\\/themes\\\/la-formation-continue-dans-un-contexte-international\\\/\"},{\"@type\":\"ListItem\",\"position\":4,\"name\":\"R\u00e9seaux\"}]},{\"@type\":\"WebSite\",\"@id\":\"https:\\\/\\\/alice.ch\\\/fr\\\/#website\",\"url\":\"https:\\\/\\\/alice.ch\\\/fr\\\/\",\"name\":\"alice.ch (Adult Learning Information Center) ist das Portal der Weiterbildung in der Schweiz.\",\"description\":\"Schweizerischer Verband f\u00fcr Weiterbildung\",\"publisher\":{\"@id\":\"https:\\\/\\\/alice.ch\\\/fr\\\/#organization\"},\"potentialAction\":[{\"@type\":\"SearchAction\",\"target\":{\"@type\":\"EntryPoint\",\"urlTemplate\":\"https:\\\/\\\/alice.ch\\\/fr\\\/?s={search_term_string}\"},\"query-input\":{\"@type\":\"PropertyValueSpecification\",\"valueRequired\":true,\"valueName\":\"search_term_string\"}}],\"inLanguage\":\"fr-FR\"},{\"@type\":\"Organization\",\"@id\":\"https:\\\/\\\/alice.ch\\\/fr\\\/#organization\",\"name\":\"FSEA F\u00e9d\u00e9ration suisse pour la formation continue\",\"url\":\"https:\\\/\\\/alice.ch\\\/fr\\\/\",\"logo\":{\"@type\":\"ImageObject\",\"inLanguage\":\"fr-FR\",\"@id\":\"https:\\\/\\\/alice.ch\\\/fr\\\/#\\\/schema\\\/logo\\\/image\\\/\",\"url\":\"https:\\\/\\\/alice.ch\\\/app\\\/uploads\\\/2022\\\/07\\\/logo-sveb.png\",\"contentUrl\":\"https:\\\/\\\/alice.ch\\\/app\\\/uploads\\\/2022\\\/07\\\/logo-sveb.png\",\"width\":145,\"height\":64,\"caption\":\"FSEA F\u00e9d\u00e9ration suisse pour la formation continue\"},\"image\":{\"@id\":\"https:\\\/\\\/alice.ch\\\/fr\\\/#\\\/schema\\\/logo\\\/image\\\/\"},\"sameAs\":[\"https:\\\/\\\/www.linkedin.com\\\/company\\\/schweizerischer-verband-fr-weiterbildung-sveb\\\/\"]}]}<\/script>\n<!-- \/ Yoast SEO plugin. -->","yoast_head_json":{"title":"R\u00e9seaux - FSEA","description":"Tous les acteurs de la formation continue se penchent sur des probl\u00e9matiques similaires. La FSEA est active dans des r\u00e9seaux internationaux.","robots":{"index":"index","follow":"follow","max-snippet":"max-snippet:-1","max-image-preview":"max-image-preview:large","max-video-preview":"max-video-preview:-1"},"canonical":"https:\/\/alice.ch\/fr\/themes\/la-formation-continue-dans-un-contexte-international\/reseaux\/","og_locale":"fr_FR","og_type":"article","og_title":"R\u00e9seaux - FSEA","og_description":"Tous les acteurs de la formation continue se penchent sur des probl\u00e9matiques similaires. La FSEA est active dans des r\u00e9seaux internationaux.","og_url":"https:\/\/alice.ch\/fr\/themes\/la-formation-continue-dans-un-contexte-international\/reseaux\/","og_site_name":"SVEB","article_modified_time":"2024-07-18T09:30:02+00:00","twitter_card":"summary_large_image","twitter_misc":{"Dur\u00e9e de lecture estim\u00e9e":"4 minutes"},"schema":{"@context":"https:\/\/schema.org","@graph":[{"@type":"WebPage","@id":"https:\/\/alice.ch\/fr\/themes\/la-formation-continue-dans-un-contexte-international\/reseaux\/","url":"https:\/\/alice.ch\/fr\/themes\/la-formation-continue-dans-un-contexte-international\/reseaux\/","name":"R\u00e9seaux - FSEA","isPartOf":{"@id":"https:\/\/alice.ch\/fr\/#website"},"primaryImageOfPage":{"@id":"https:\/\/alice.ch\/fr\/themes\/la-formation-continue-dans-un-contexte-international\/reseaux\/#primaryimage"},"image":{"@id":"https:\/\/alice.ch\/fr\/themes\/la-formation-continue-dans-un-contexte-international\/reseaux\/#primaryimage"},"thumbnailUrl":"https:\/\/alice.ch\/app\/uploads\/2022\/11\/default.jpg","datePublished":"2022-08-16T14:26:18+00:00","dateModified":"2024-07-18T09:30:02+00:00","description":"Tous les acteurs de la formation continue se penchent sur des probl\u00e9matiques similaires. La FSEA est active dans des r\u00e9seaux internationaux.","breadcrumb":{"@id":"https:\/\/alice.ch\/fr\/themes\/la-formation-continue-dans-un-contexte-international\/reseaux\/#breadcrumb"},"inLanguage":"fr-FR","potentialAction":[{"@type":"ReadAction","target":["https:\/\/alice.ch\/fr\/themes\/la-formation-continue-dans-un-contexte-international\/reseaux\/"]}]},{"@type":"ImageObject","inLanguage":"fr-FR","@id":"https:\/\/alice.ch\/fr\/themes\/la-formation-continue-dans-un-contexte-international\/reseaux\/#primaryimage","url":"https:\/\/alice.ch\/app\/uploads\/2022\/11\/default.jpg","contentUrl":"https:\/\/alice.ch\/app\/uploads\/2022\/11\/default.jpg","width":1600,"height":900},{"@type":"BreadcrumbList","@id":"https:\/\/alice.ch\/fr\/themes\/la-formation-continue-dans-un-contexte-international\/reseaux\/#breadcrumb","itemListElement":[{"@type":"ListItem","position":1,"name":"Page d'accueil","item":"https:\/\/alice.ch\/fr\/"},{"@type":"ListItem","position":2,"name":"Th\u00e8mes","item":"https:\/\/alice.ch\/fr\/themes\/"},{"@type":"ListItem","position":3,"name":"La formation continue dans un contexte international","item":"https:\/\/alice.ch\/fr\/themes\/la-formation-continue-dans-un-contexte-international\/"},{"@type":"ListItem","position":4,"name":"R\u00e9seaux"}]},{"@type":"WebSite","@id":"https:\/\/alice.ch\/fr\/#website","url":"https:\/\/alice.ch\/fr\/","name":"alice.ch (Adult Learning Information Center) ist das Portal der Weiterbildung in der Schweiz.","description":"Schweizerischer Verband f\u00fcr Weiterbildung","publisher":{"@id":"https:\/\/alice.ch\/fr\/#organization"},"potentialAction":[{"@type":"SearchAction","target":{"@type":"EntryPoint","urlTemplate":"https:\/\/alice.ch\/fr\/?s={search_term_string}"},"query-input":{"@type":"PropertyValueSpecification","valueRequired":true,"valueName":"search_term_string"}}],"inLanguage":"fr-FR"},{"@type":"Organization","@id":"https:\/\/alice.ch\/fr\/#organization","name":"FSEA F\u00e9d\u00e9ration suisse pour la formation continue","url":"https:\/\/alice.ch\/fr\/","logo":{"@type":"ImageObject","inLanguage":"fr-FR","@id":"https:\/\/alice.ch\/fr\/#\/schema\/logo\/image\/","url":"https:\/\/alice.ch\/app\/uploads\/2022\/07\/logo-sveb.png","contentUrl":"https:\/\/alice.ch\/app\/uploads\/2022\/07\/logo-sveb.png","width":145,"height":64,"caption":"FSEA F\u00e9d\u00e9ration suisse pour la formation continue"},"image":{"@id":"https:\/\/alice.ch\/fr\/#\/schema\/logo\/image\/"},"sameAs":["https:\/\/www.linkedin.com\/company\/schweizerischer-verband-fr-weiterbildung-sveb\/"]}]}},"_links":{"self":[{"href":"https:\/\/alice.ch\/fr\/wp-json\/wp\/v2\/pages\/11199","targetHints":{"allow":["GET"]}}],"collection":[{"href":"https:\/\/alice.ch\/fr\/wp-json\/wp\/v2\/pages"}],"about":[{"href":"https:\/\/alice.ch\/fr\/wp-json\/wp\/v2\/types\/page"}],"author":[{"embeddable":true,"href":"https:\/\/alice.ch\/fr\/wp-json\/wp\/v2\/users\/2"}],"replies":[{"embeddable":true,"href":"https:\/\/alice.ch\/fr\/wp-json\/wp\/v2\/comments?post=11199"}],"version-history":[{"count":16,"href":"https:\/\/alice.ch\/fr\/wp-json\/wp\/v2\/pages\/11199\/revisions"}],"predecessor-version":[{"id":61161,"href":"https:\/\/alice.ch\/fr\/wp-json\/wp\/v2\/pages\/11199\/revisions\/61161"}],"up":[{"embeddable":true,"href":"https:\/\/alice.ch\/fr\/wp-json\/wp\/v2\/pages\/11191"}],"wp:featuredmedia":[{"embeddable":true,"href":"https:\/\/alice.ch\/fr\/wp-json\/wp\/v2\/media\/20799"}],"wp:attachment":[{"href":"https:\/\/alice.ch\/fr\/wp-json\/wp\/v2\/media?parent=11199"}],"curies":[{"name":"wp","href":"https:\/\/api.w.org\/{rel}","templated":true}]}}