{"id":11227,"date":"2022-07-11T12:19:39","date_gmt":"2022-07-11T10:19:39","guid":{"rendered":"https:\/\/projects.atxeit.ch\/sveb\/qualitaetslabel-eduqua\/"},"modified":"2025-07-22T09:20:07","modified_gmt":"2025-07-22T07:20:07","slug":"eduqua","status":"publish","type":"page","link":"https:\/\/alice.ch\/fr\/qualite\/eduqua\/","title":{"rendered":"Le label qualit\u00e9 eduQua"},"content":{"rendered":"\n<div class=\"wp-block-group is-style-reduced-width is-layout-flow wp-block-group-is-layout-flow\">\n<h1 class=\"wp-block-heading\">eduQua \u2013 le label qualit\u00e9 de la formation continue suisse<\/h1>\n\n\n\n<p class=\"is-style-lead\">eduQua est le label de qualit\u00e9 suisse pour les prestataires de la formation continue. Il favorise la transparence, la comparabilit\u00e9 et la qualit\u00e9 des offres de formation continue. Plus de 1000 \u00e9coles, instituts et acad\u00e9mies sont certifi\u00e9s eduQua dans toute la Suisse.<\/p>\n\n\n\n<p class=\"is-style-default\">La certification am\u00e9liore non seulement la cr\u00e9dibilit\u00e9 vis-\u00e0-vis des clientes et des clients, mais constitue \u00e9galement un avantage vis-\u00e0-vis des autorit\u00e9s. Dans de nombreux cantons, le certificat eduQua est une condition pr\u00e9alable \u00e0 l&rsquo;obtention de fonds publics.<\/p>\n\n\n\n<p>Fin 2021, la F\u00e9d\u00e9ration suisse pour la formation continue FSEA, en tant qu&rsquo;organe responsable, a mis en vigueur la norme r\u00e9vis\u00e9e eduQua:2021. Le label eduQua int\u00e8gre les d\u00e9veloppements actuels de la formation continue et les tendances du futur proche. En outre, la perm\u00e9abilit\u00e9 entre eduQua et d&rsquo;autres labels importants est clairement r\u00e9gl\u00e9e. Nous vous pr\u00e9sentons l&rsquo;orientation et les avantages de la norme eduQua:2021 ainsi que la proc\u00e9dure de certification dans les pages suivantes.<\/p>\n\n\n\n<div class=\"wp-block-group is-layout-flow wp-block-group-is-layout-flow\"><\/div>\n\n\n\n<p><\/p>\n\n\n\n<div class=\"wp-block-media-text alignwide is-stacked-on-mobile is-style-icon-text\"><figure class=\"wp-block-media-text__media\"><a href=\"https:\/\/alice.ch\/fr\/qualite\/eduqua\/eduqua2021\/\"><img decoding=\"async\" width=\"140\" height=\"155\" src=\"https:\/\/alice.ch\/app\/uploads\/2022\/10\/icon_eduqua-Q-mblau.png\" alt=\"\" class=\"wp-image-2426 size-full\"\/><\/a><\/figure><div class=\"wp-block-media-text__content\">\n<h2 class=\"wp-block-heading\"><a href=\"https:\/\/alice.ch\/fr\/qualite\/eduqua\/eduqua2021\/\" target=\"_blank\" rel=\"noreferrer noopener\">eduQua:2021 &#8211; Norme de qualit\u00e9 et documents \u00e0 t\u00e9l\u00e9charger<\/a><\/h2>\n\n\n\n<p>Vous trouverez ici toutes les informations importantes sur la norme actuelle eduQua:2021 ainsi que des documents \u00e0 t\u00e9l\u00e9charger.<\/p>\n<\/div><\/div>\n\n\n\n<hr class=\"wp-block-separator has-alpha-channel-opacity is-style-wide\"\/>\n\n\n\n<div class=\"wp-block-media-text alignwide is-stacked-on-mobile is-style-icon-text\"><figure class=\"wp-block-media-text__media\"><a href=\"https:\/\/alice.ch\/fr\/qualite\/eduqua\/certification\/\"><img decoding=\"async\" width=\"304\" height=\"382\" src=\"https:\/\/alice.ch\/app\/uploads\/2022\/10\/icon_eduqua-revision-m-blau.png\" alt=\"\" class=\"wp-image-2434 size-full\" srcset=\"https:\/\/alice.ch\/app\/uploads\/2022\/10\/icon_eduqua-revision-m-blau.png 304w, https:\/\/alice.ch\/app\/uploads\/2022\/10\/icon_eduqua-revision-m-blau-239x300.png 239w\" sizes=\"(max-width: 304px) 100vw, 304px\" \/><\/a><\/figure><div class=\"wp-block-media-text__content\">\n<h2 class=\"wp-block-heading\"><a href=\"https:\/\/alice.ch\/fr\/qualite\/eduqua\/certification\/\">Le chemin vers le label eduQua<\/a><\/h2>\n\n\n\n<p>Qui peut se faire certifier et comment se d\u00e9roule la proc\u00e9dure ? Caract\u00e9ristiques, mise en \u0153uvre et co\u00fbts de la proc\u00e9dure de certification.<\/p>\n<\/div><\/div>\n\n\n\n<hr class=\"wp-block-separator has-alpha-channel-opacity is-style-wide\"\/>\n\n\n\n<div class=\"wp-block-media-text alignwide is-stacked-on-mobile is-style-icon-text\"><figure class=\"wp-block-media-text__media\"><a href=\"https:\/\/alice.ch\/fr\/qualite\/eduqua\/instances-de-certification\/\"><img decoding=\"async\" width=\"237\" height=\"275\" src=\"https:\/\/alice.ch\/app\/uploads\/2022\/10\/icon_eduqua-zertifizierungsstellen-m-blau.png\" alt=\"\" class=\"wp-image-2449 size-full\"\/><\/a><\/figure><div class=\"wp-block-media-text__content\">\n<h2 class=\"wp-block-heading\"><a href=\"https:\/\/alice.ch\/fr\/qualite\/eduqua\/instances-de-certification\/\">Les instances de certification \u2013 autonomes et accr\u00e9dit\u00e9es<\/a><\/h2>\n\n\n\n<p>Informations et contacts avec les instances de certification accr\u00e9dit\u00e9es et comp\u00e9tentes pour la certification eduQua.<\/p>\n<\/div><\/div>\n\n\n\n<hr class=\"wp-block-separator has-alpha-channel-opacity is-style-wide\"\/>\n\n\n\n<div class=\"wp-block-media-text alignwide is-stacked-on-mobile is-style-icon-text\"><figure class=\"wp-block-media-text__media\"><a href=\"https:\/\/alice.ch\/fr\/qualite\/eduqua\/institutions-certifiees\/\"><img decoding=\"async\" width=\"235\" height=\"275\" src=\"https:\/\/alice.ch\/app\/uploads\/2022\/10\/icon_eduqua-zertifizierte-institutionen-mblau.png\" alt=\"\" class=\"wp-image-2438 size-full\"\/><\/a><\/figure><div class=\"wp-block-media-text__content\">\n<h2 class=\"wp-block-heading\"><a href=\"https:\/\/alice.ch\/fr\/qualite\/eduqua\/institutions-certifiees\/\">Les institutions certifi\u00e9es eduQua<\/a><\/h2>\n\n\n\n<p>Registre de plus de 1000 \u00e9coles, instituts et acad\u00e9mies certifi\u00e9s eduQua.<\/p>\n<\/div><\/div>\n\n\n\n<hr class=\"wp-block-separator has-alpha-channel-opacity is-style-wide\"\/>\n\n\n\n<div class=\"wp-block-media-text alignwide is-stacked-on-mobile is-style-icon-text\"><figure class=\"wp-block-media-text__media\"><a href=\"https:\/\/alice.ch\/fr\/qualite\/eduqua\/responsabilite-organisation\/\"><img decoding=\"async\" width=\"156\" height=\"269\" src=\"https:\/\/alice.ch\/app\/uploads\/2022\/10\/icon_eduqua-ausrichtung-traegerschaft-m-blau-2.png\" alt=\"\" class=\"wp-image-3482 size-full\"\/><\/a><\/figure><div class=\"wp-block-media-text__content\">\n<h2 class=\"wp-block-heading\"><a href=\"https:\/\/alice.ch\/fr\/qualite\/eduqua\/responsabilite-organisation\/\">Responsabilit\u00e9&nbsp;et&nbsp;d\u00e9veloppement&nbsp;du label eduQua<\/a><\/h2>\n\n\n\n<p>Comment est organis\u00e9 eduQua et comment le label s&rsquo;est d\u00e9velopp\u00e9.<\/p>\n<\/div><\/div>\n\n\n\n<hr class=\"wp-block-separator has-alpha-channel-opacity is-style-wide\"\/>\n\n\n\n<div class=\"wp-block-media-text alignwide is-stacked-on-mobile is-style-icon-text\" style=\"grid-template-columns:15% auto\"><figure class=\"wp-block-media-text__media\"><a href=\"https:\/\/alice.ch\/fr\/qualite\/eduqua\/transition\/\"><img decoding=\"async\" width=\"126\" height=\"150\" src=\"https:\/\/alice.ch\/app\/uploads\/2022\/11\/icon-informieren-edu.jpeg\" alt=\"\" class=\"wp-image-30866 size-full\"\/><\/a><\/figure><div class=\"wp-block-media-text__content\">\n<h2 class=\"wp-block-heading\"><a href=\"https:\/\/alice.ch\/fr\/qualite\/eduqua\/faq\/\">FAQ : vos questions &#8211; nos r\u00e9ponses<\/a><\/h2>\n\n\n\n<p>Les questions les plus fr\u00e9quentes et nos r\u00e9ponses class\u00e9es par th\u00e8mes.<\/p>\n<\/div><\/div>\n\n\n\n<div class=\"wp-block-group is-layout-constrained wp-block-group-is-layout-constrained\">\n<div class=\"wp-block-columns is-layout-flex wp-container-core-columns-is-layout-28f84493 wp-block-columns-is-layout-flex\">\n<div class=\"wp-block-column is-layout-flow wp-block-column-is-layout-flow\" style=\"flex-basis:50%\"><\/div>\n<\/div>\n<\/div>\n\n\n\n<h2 class=\"wp-block-heading\">Contact<\/h2>\n\n\n\n<div class=\"wp-block-columns is-layout-flex wp-container-core-columns-is-layout-28f84493 wp-block-columns-is-layout-flex\">\n<div class=\"wp-block-column is-layout-flow wp-block-column-is-layout-flow\" style=\"flex-basis:50%\"><div class=\"contact-persons\">\n\n\t\t\t\t\t<div class=\"contact-person\">\n\t\t\t\t\tSecr\u00e9tariat r\u00e9gional eduQua<br \/>\t\t\t\t\tFSEA F\u00e9d\u00e9ration suisse pour la formation continue<br \/>\t\t\t\t\t<br \/>\n\t\t\t\t\tRue de Gen\u00e8ve 88b<br \/>\r\n1004 Lausanne<br \/>\t\t\t\t\t<a href=\"tel:+41 (0)22 994 20 10\">+41 (0)22 994 20 10<\/a><br \/>\t\t\t\t\t<a href=\"mailto:fsea@alice.ch\">fsea@alice.ch<\/a><br \/>\t\t\t\t\t<\/div>\n\t\t\t\t\t<\/div>\n<\/div>\n\n\n\n<div class=\"wp-block-column is-layout-flow wp-block-column-is-layout-flow\" style=\"flex-basis:50%\"><\/div>\n<\/div>\n<\/div>\n","protected":false},"excerpt":{"rendered":"<p>eduQua \u2013 le label qualit\u00e9 de la formation continue suisse eduQua est le label de qualit\u00e9 suisse pour les prestataires [&hellip;]<\/p>\n","protected":false},"author":4,"featured_media":20799,"parent":17406,"menu_order":526,"comment_status":"closed","ping_status":"closed","template":"","meta":{"_acf_changed":false,"inline_featured_image":false,"footnotes":""},"class_list":["post-11227","page","type-page","status-publish","has-post-thumbnail","hentry"],"acf":[],"yoast_head":"<!-- This site is optimized with the Yoast SEO plugin v27.3 - https:\/\/yoast.com\/product\/yoast-seo-wordpress\/ -->\n<title>Le label qualit\u00e9 eduQua - FSEA<\/title>\n<meta name=\"description\" content=\"eduQua, le label de qualit\u00e9 suisse dans le domaine de la formation continue. Vous trouverez ici toutes les informations.\" \/>\n<meta name=\"robots\" content=\"index, follow, max-snippet:-1, max-image-preview:large, max-video-preview:-1\" \/>\n<link rel=\"canonical\" href=\"https:\/\/alice.ch\/fr\/qualite\/eduqua\/\" \/>\n<meta property=\"og:locale\" content=\"fr_FR\" \/>\n<meta property=\"og:type\" content=\"article\" \/>\n<meta property=\"og:title\" content=\"Le label qualit\u00e9 eduQua - FSEA\" \/>\n<meta property=\"og:description\" content=\"eduQua, le label de qualit\u00e9 suisse dans le domaine de la formation continue. Vous trouverez ici toutes les informations.\" \/>\n<meta property=\"og:url\" content=\"https:\/\/alice.ch\/fr\/qualite\/eduqua\/\" \/>\n<meta property=\"og:site_name\" content=\"SVEB\" \/>\n<meta property=\"article:modified_time\" content=\"2025-07-22T07:20:07+00:00\" \/>\n<meta property=\"og:image\" content=\"https:\/\/alice.ch\/app\/uploads\/2022\/10\/icon_eduqua-Q-mblau.png\" \/>\n\t<meta property=\"og:image:width\" content=\"140\" \/>\n\t<meta property=\"og:image:height\" content=\"155\" \/>\n\t<meta property=\"og:image:type\" content=\"image\/png\" \/>\n<meta name=\"twitter:card\" content=\"summary_large_image\" \/>\n<meta name=\"twitter:label1\" content=\"Dur\u00e9e de lecture estim\u00e9e\" \/>\n\t<meta name=\"twitter:data1\" content=\"4 minutes\" \/>\n<script type=\"application\/ld+json\" class=\"yoast-schema-graph\">{\"@context\":\"https:\\\/\\\/schema.org\",\"@graph\":[{\"@type\":\"WebPage\",\"@id\":\"https:\\\/\\\/alice.ch\\\/fr\\\/qualite\\\/eduqua\\\/\",\"url\":\"https:\\\/\\\/alice.ch\\\/fr\\\/qualite\\\/eduqua\\\/\",\"name\":\"Le label qualit\u00e9 eduQua - FSEA\",\"isPartOf\":{\"@id\":\"https:\\\/\\\/alice.ch\\\/fr\\\/#website\"},\"primaryImageOfPage\":{\"@id\":\"https:\\\/\\\/alice.ch\\\/fr\\\/qualite\\\/eduqua\\\/#primaryimage\"},\"image\":{\"@id\":\"https:\\\/\\\/alice.ch\\\/fr\\\/qualite\\\/eduqua\\\/#primaryimage\"},\"thumbnailUrl\":\"https:\\\/\\\/alice.ch\\\/app\\\/uploads\\\/2022\\\/11\\\/default.jpg\",\"datePublished\":\"2022-07-11T10:19:39+00:00\",\"dateModified\":\"2025-07-22T07:20:07+00:00\",\"description\":\"eduQua, le label de qualit\u00e9 suisse dans le domaine de la formation continue. Vous trouverez ici toutes les informations.\",\"breadcrumb\":{\"@id\":\"https:\\\/\\\/alice.ch\\\/fr\\\/qualite\\\/eduqua\\\/#breadcrumb\"},\"inLanguage\":\"fr-FR\",\"potentialAction\":[{\"@type\":\"ReadAction\",\"target\":[\"https:\\\/\\\/alice.ch\\\/fr\\\/qualite\\\/eduqua\\\/\"]}]},{\"@type\":\"ImageObject\",\"inLanguage\":\"fr-FR\",\"@id\":\"https:\\\/\\\/alice.ch\\\/fr\\\/qualite\\\/eduqua\\\/#primaryimage\",\"url\":\"https:\\\/\\\/alice.ch\\\/app\\\/uploads\\\/2022\\\/11\\\/default.jpg\",\"contentUrl\":\"https:\\\/\\\/alice.ch\\\/app\\\/uploads\\\/2022\\\/11\\\/default.jpg\",\"width\":370,\"height\":185},{\"@type\":\"BreadcrumbList\",\"@id\":\"https:\\\/\\\/alice.ch\\\/fr\\\/qualite\\\/eduqua\\\/#breadcrumb\",\"itemListElement\":[{\"@type\":\"ListItem\",\"position\":1,\"name\":\"Page d'accueil\",\"item\":\"https:\\\/\\\/alice.ch\\\/fr\\\/\"},{\"@type\":\"ListItem\",\"position\":2,\"name\":\"Qualit\u00e9\",\"item\":\"https:\\\/\\\/alice.ch\\\/fr\\\/qualite\\\/\"},{\"@type\":\"ListItem\",\"position\":3,\"name\":\"Le label qualit\u00e9 eduQua\"}]},{\"@type\":\"WebSite\",\"@id\":\"https:\\\/\\\/alice.ch\\\/fr\\\/#website\",\"url\":\"https:\\\/\\\/alice.ch\\\/fr\\\/\",\"name\":\"alice.ch (Adult Learning Information Center) ist das Portal der Weiterbildung in der Schweiz.\",\"description\":\"Schweizerischer Verband f\u00fcr Weiterbildung\",\"publisher\":{\"@id\":\"https:\\\/\\\/alice.ch\\\/fr\\\/#organization\"},\"potentialAction\":[{\"@type\":\"SearchAction\",\"target\":{\"@type\":\"EntryPoint\",\"urlTemplate\":\"https:\\\/\\\/alice.ch\\\/fr\\\/?s={search_term_string}\"},\"query-input\":{\"@type\":\"PropertyValueSpecification\",\"valueRequired\":true,\"valueName\":\"search_term_string\"}}],\"inLanguage\":\"fr-FR\"},{\"@type\":\"Organization\",\"@id\":\"https:\\\/\\\/alice.ch\\\/fr\\\/#organization\",\"name\":\"FSEA F\u00e9d\u00e9ration suisse pour la formation continue\",\"url\":\"https:\\\/\\\/alice.ch\\\/fr\\\/\",\"logo\":{\"@type\":\"ImageObject\",\"inLanguage\":\"fr-FR\",\"@id\":\"https:\\\/\\\/alice.ch\\\/fr\\\/#\\\/schema\\\/logo\\\/image\\\/\",\"url\":\"https:\\\/\\\/alice.ch\\\/app\\\/uploads\\\/2022\\\/07\\\/logo-sveb.png\",\"contentUrl\":\"https:\\\/\\\/alice.ch\\\/app\\\/uploads\\\/2022\\\/07\\\/logo-sveb.png\",\"width\":145,\"height\":64,\"caption\":\"FSEA F\u00e9d\u00e9ration suisse pour la formation continue\"},\"image\":{\"@id\":\"https:\\\/\\\/alice.ch\\\/fr\\\/#\\\/schema\\\/logo\\\/image\\\/\"},\"sameAs\":[\"https:\\\/\\\/www.linkedin.com\\\/company\\\/schweizerischer-verband-fr-weiterbildung-sveb\\\/\"]}]}<\/script>\n<!-- \/ Yoast SEO plugin. -->","yoast_head_json":{"title":"Le label qualit\u00e9 eduQua - FSEA","description":"eduQua, le label de qualit\u00e9 suisse dans le domaine de la formation continue. Vous trouverez ici toutes les informations.","robots":{"index":"index","follow":"follow","max-snippet":"max-snippet:-1","max-image-preview":"max-image-preview:large","max-video-preview":"max-video-preview:-1"},"canonical":"https:\/\/alice.ch\/fr\/qualite\/eduqua\/","og_locale":"fr_FR","og_type":"article","og_title":"Le label qualit\u00e9 eduQua - FSEA","og_description":"eduQua, le label de qualit\u00e9 suisse dans le domaine de la formation continue. Vous trouverez ici toutes les informations.","og_url":"https:\/\/alice.ch\/fr\/qualite\/eduqua\/","og_site_name":"SVEB","article_modified_time":"2025-07-22T07:20:07+00:00","og_image":[{"width":140,"height":155,"url":"https:\/\/alice.ch\/app\/uploads\/2022\/10\/icon_eduqua-Q-mblau.png","type":"image\/png"}],"twitter_card":"summary_large_image","twitter_misc":{"Dur\u00e9e de lecture estim\u00e9e":"4 minutes"},"schema":{"@context":"https:\/\/schema.org","@graph":[{"@type":"WebPage","@id":"https:\/\/alice.ch\/fr\/qualite\/eduqua\/","url":"https:\/\/alice.ch\/fr\/qualite\/eduqua\/","name":"Le label qualit\u00e9 eduQua - FSEA","isPartOf":{"@id":"https:\/\/alice.ch\/fr\/#website"},"primaryImageOfPage":{"@id":"https:\/\/alice.ch\/fr\/qualite\/eduqua\/#primaryimage"},"image":{"@id":"https:\/\/alice.ch\/fr\/qualite\/eduqua\/#primaryimage"},"thumbnailUrl":"https:\/\/alice.ch\/app\/uploads\/2022\/11\/default.jpg","datePublished":"2022-07-11T10:19:39+00:00","dateModified":"2025-07-22T07:20:07+00:00","description":"eduQua, le label de qualit\u00e9 suisse dans le domaine de la formation continue. Vous trouverez ici toutes les informations.","breadcrumb":{"@id":"https:\/\/alice.ch\/fr\/qualite\/eduqua\/#breadcrumb"},"inLanguage":"fr-FR","potentialAction":[{"@type":"ReadAction","target":["https:\/\/alice.ch\/fr\/qualite\/eduqua\/"]}]},{"@type":"ImageObject","inLanguage":"fr-FR","@id":"https:\/\/alice.ch\/fr\/qualite\/eduqua\/#primaryimage","url":"https:\/\/alice.ch\/app\/uploads\/2022\/11\/default.jpg","contentUrl":"https:\/\/alice.ch\/app\/uploads\/2022\/11\/default.jpg","width":370,"height":185},{"@type":"BreadcrumbList","@id":"https:\/\/alice.ch\/fr\/qualite\/eduqua\/#breadcrumb","itemListElement":[{"@type":"ListItem","position":1,"name":"Page d'accueil","item":"https:\/\/alice.ch\/fr\/"},{"@type":"ListItem","position":2,"name":"Qualit\u00e9","item":"https:\/\/alice.ch\/fr\/qualite\/"},{"@type":"ListItem","position":3,"name":"Le label qualit\u00e9 eduQua"}]},{"@type":"WebSite","@id":"https:\/\/alice.ch\/fr\/#website","url":"https:\/\/alice.ch\/fr\/","name":"alice.ch (Adult Learning Information Center) ist das Portal der Weiterbildung in der Schweiz.","description":"Schweizerischer Verband f\u00fcr Weiterbildung","publisher":{"@id":"https:\/\/alice.ch\/fr\/#organization"},"potentialAction":[{"@type":"SearchAction","target":{"@type":"EntryPoint","urlTemplate":"https:\/\/alice.ch\/fr\/?s={search_term_string}"},"query-input":{"@type":"PropertyValueSpecification","valueRequired":true,"valueName":"search_term_string"}}],"inLanguage":"fr-FR"},{"@type":"Organization","@id":"https:\/\/alice.ch\/fr\/#organization","name":"FSEA F\u00e9d\u00e9ration suisse pour la formation continue","url":"https:\/\/alice.ch\/fr\/","logo":{"@type":"ImageObject","inLanguage":"fr-FR","@id":"https:\/\/alice.ch\/fr\/#\/schema\/logo\/image\/","url":"https:\/\/alice.ch\/app\/uploads\/2022\/07\/logo-sveb.png","contentUrl":"https:\/\/alice.ch\/app\/uploads\/2022\/07\/logo-sveb.png","width":145,"height":64,"caption":"FSEA F\u00e9d\u00e9ration suisse pour la formation continue"},"image":{"@id":"https:\/\/alice.ch\/fr\/#\/schema\/logo\/image\/"},"sameAs":["https:\/\/www.linkedin.com\/company\/schweizerischer-verband-fr-weiterbildung-sveb\/"]}]}},"_links":{"self":[{"href":"https:\/\/alice.ch\/fr\/wp-json\/wp\/v2\/pages\/11227","targetHints":{"allow":["GET"]}}],"collection":[{"href":"https:\/\/alice.ch\/fr\/wp-json\/wp\/v2\/pages"}],"about":[{"href":"https:\/\/alice.ch\/fr\/wp-json\/wp\/v2\/types\/page"}],"author":[{"embeddable":true,"href":"https:\/\/alice.ch\/fr\/wp-json\/wp\/v2\/users\/4"}],"replies":[{"embeddable":true,"href":"https:\/\/alice.ch\/fr\/wp-json\/wp\/v2\/comments?post=11227"}],"version-history":[{"count":53,"href":"https:\/\/alice.ch\/fr\/wp-json\/wp\/v2\/pages\/11227\/revisions"}],"predecessor-version":[{"id":69573,"href":"https:\/\/alice.ch\/fr\/wp-json\/wp\/v2\/pages\/11227\/revisions\/69573"}],"up":[{"embeddable":true,"href":"https:\/\/alice.ch\/fr\/wp-json\/wp\/v2\/pages\/17406"}],"wp:featuredmedia":[{"embeddable":true,"href":"https:\/\/alice.ch\/fr\/wp-json\/wp\/v2\/media\/20799"}],"wp:attachment":[{"href":"https:\/\/alice.ch\/fr\/wp-json\/wp\/v2\/media?parent=11227"}],"curies":[{"name":"wp","href":"https:\/\/api.w.org\/{rel}","templated":true}]}}