{"id":11229,"date":"2022-08-16T17:45:13","date_gmt":"2022-08-16T15:45:13","guid":{"rendered":"https:\/\/projects.atxeit.ch\/sveb\/qualitaetslabel-eduqua\/eduqua2021-die-vorteile-auf-einen-blick\/"},"modified":"2026-03-30T09:12:55","modified_gmt":"2026-03-30T07:12:55","slug":"eduqua2021","status":"publish","type":"page","link":"https:\/\/alice.ch\/fr\/qualite\/eduqua\/eduqua2021\/","title":{"rendered":"eduQua:2021"},"content":{"rendered":"\n<div class=\"wp-block-group is-style-default is-layout-flow wp-block-group-is-layout-flow\">\n<div class=\"wp-block-group is-style-reduced-width is-layout-constrained wp-block-group-is-layout-constrained\">\n<h1 class=\"wp-block-heading\">eduQua:2021 \u2013 Norme de qualit\u00e9 et documents \u00e0 t\u00e9l\u00e9charger<\/h1>\n\n\n\n<p>La norme r\u00e9vis\u00e9e eduQua:2021 soutient une gestion de la qualit\u00e9 pratique et efficace des institutions de formation continue. Elle tient compte de la diversit\u00e9 croissante des offres, des cadres d&rsquo;apprentissage et des structures organisationnelles.<\/p>\n\n\n\n<p>La norme de qualit\u00e9 et la proc\u00e9dure de certification eduQua:2021 ont \u00e9t\u00e9 contr\u00f4l\u00e9es par le Service d&rsquo;accr\u00e9ditation suisse SAS quant \u00e0 leur conformit\u00e9 avec les r\u00e8gles internationales sup\u00e9rieures pour les syst\u00e8mes de management. L&rsquo;approbation a eu lieu en novembre 2021.<\/p>\n\n\n\n<h2 class=\"wp-block-heading\">Orientation vers un avenir proche<\/h2>\n\n\n\n<p>eduQua:2021 est ax\u00e9 sur les d\u00e9veloppements actuels et les tendances en mati\u00e8re de direction et de formation continue.<\/p>\n\n\n\n<h3 class=\"wp-block-heading\">Direction et management de la qualit\u00e9<\/h3>\n\n\n\n<p>Les parties A) Direction et B) Management de la qualit\u00e9 ont \u00e9t\u00e9 \u00e9largies et s&rsquo;appuient sur la structure du syst\u00e8me de management pour les normes ISO pertinentes. Trois nouveaux crit\u00e8res relatifs au contexte du prestataire, \u00e0 la gestion des risques et des opportunit\u00e9s ainsi qu&rsquo;\u00e0 la s\u00e9curit\u00e9 et \u00e0 la protection des donn\u00e9es favorisent l&rsquo;orientation durable de l&rsquo;institution de formation continue. La norme int\u00e8gre la diff\u00e9renciation croissante des formes d&rsquo;organisation en termes de structures orient\u00e9es processus, agiles et hybrides.<\/p>\n\n\n\n<h3 class=\"wp-block-heading\">Num\u00e9risation et flexibilisation dans la formation continue<\/h3>\n\n\n\n<p>Les crit\u00e8res relatifs aux offres de formation et aux processus d&rsquo;apprentissage tiennent compte de la diversit\u00e9 des formes d&rsquo;offre et d&rsquo;apprentissage et contiennent des exigences de qualit\u00e9 sp\u00e9cifiques concernant l&rsquo;utilisation de m\u00e9dias et de m\u00e9thodes d&rsquo;apprentissage num\u00e9riques. La terminologie a \u00e9t\u00e9 \u00e9largie en cons\u00e9quence et les exigences didactiques concernent les cadres d&rsquo;apprentissage analogiques, num\u00e9riques et mixtes.<\/p>\n\n\n\n<h2 class=\"wp-block-heading\">Une norme claire et orient\u00e9e sur la pratique<\/h2>\n\n\n\n<p>La norme eduQua:2021 pr\u00e9sente une structure claire et a \u00e9t\u00e9 con\u00e7ue pour r\u00e9pondre \u00e0 diff\u00e9rentes situations pratiques.<\/p>\n\n\n\n<h3 class=\"wp-block-heading\">Une structure compr\u00e9hensible<\/h3>\n\n\n\n<ul class=\"wp-block-list\">\n<li>Le syst\u00e8me qualit\u00e9 commence par l&rsquo;institution de formation continue dans son contexte et se poursuit jusqu&rsquo;aux situations d&rsquo;apprentissage concr\u00e8tes. Les parties centrales sont :<br>1) la direction et le management de la qualit\u00e9,<br>2) les offres de formation continue et les processus d&rsquo;apprentissage<\/li>\n\n\n\n<li>La partie \u00ab\u00a0\u00c9valuation et d\u00e9veloppement\u00a0\u00bb compl\u00e8te ces exigences<\/li>\n\n\n\n<li>La norme se base d\u00e9sormais sur 8 principes (au lieu de 6 crit\u00e8res)<\/li>\n\n\n\n<li>Les 19 crit\u00e8res au total sont attribu\u00e9s aux principes (au lieu des 22 standards actuels) ; les aspects apparent\u00e9s sont chacun inclus dans un crit\u00e8re commun. Les termes sont actuels et utilis\u00e9s de mani\u00e8re coh\u00e9rente.<\/li>\n\n\n\n<li>Pour chaque crit\u00e8re sont mentionn\u00e9s les preuves n\u00e9cessaires ainsi que d&rsquo;autres documents possibles pour la pr\u00e9sentation des mesures de qualit\u00e9<\/li>\n\n\n\n<li>Les diff\u00e9rentes situations pratiques des petits, moyens et grands prestataires de formation continue sont prises en compte. Les exigences et les preuves sont d\u00e9finies de mani\u00e8re aussi r\u00e9aliste que possible.<\/li>\n<\/ul>\n\n\n\n<h3 class=\"wp-block-heading\">Les trois documents eduQua:2021<\/h3>\n\n\n\n<ol class=\"wp-block-list\">\n<li><strong>La norme de qualit\u00e9 :<\/strong><br>Ce document pr\u00e9sente tout d&rsquo;abord les bases et les principes de la norme actuelle. Ensuite, les principales exigences de qualit\u00e9 et les preuves requises sont d\u00e9crites pour chacun des 19 crit\u00e8res eduQua.<\/li>\n\n\n\n<li><strong>Le r\u00e8glement sur la proc\u00e9dure de certification :<\/strong><br>Ce document pr\u00e9sente en d\u00e9tail le processus de certification et la proc\u00e9dure. En outre, les diff\u00e9rents acteurs, les \u00e9tapes de certification ainsi que l&rsquo;utilisation du label sont expliqu\u00e9s.<\/li>\n\n\n\n<li><strong>La Directive :<\/strong><br>Ce document contient des indications concr\u00e8tes sur la compr\u00e9hension des crit\u00e8res et fournit une aide pratique pour le pilotage et la mise en \u0153uvre du management de la qualit\u00e9.<\/li>\n<\/ol>\n\n\n\n<h2 class=\"wp-block-heading\">Perm\u00e9abilit\u00e9 aux labels de qualit\u00e9 pertinents clarifi\u00e9e<\/h2>\n\n\n\n<p>Le rapport entre eduQua:2021, le label de qualit\u00e9 pour les prestataires dans tous les domaines de la formation continue, et les normes d&rsquo;offre importantes ainsi que les normes de management ISO a \u00e9t\u00e9 clarifi\u00e9. Les examens \u00e0 double sont \u00e9vit\u00e9s et des effets de synergie sont possibles en cas de proc\u00e9dures de certification combin\u00e9es.&nbsp;<\/p>\n\n\n\n<ul class=\"wp-block-list\">\n<li><strong>eduQua:2021 vers IN-Qualis:2018<\/strong><br>Reconnaissance mutuelle (substitution bilat\u00e9rale) des parties direction\/management.<br>Substitution unilat\u00e9rale du module C4 Formation chez IN-Qualis par eduQua.<\/li>\n\n\n\n<li><strong>eduQua:2021 vers le Label fide<\/strong><br>Relation d\u00e9finie comme compl\u00e9mentaire, interfaces clarifi\u00e9es.<br>Proc\u00e9dure s\u00e9par\u00e9e, preuves importantes utilisables dans les deux proc\u00e9dures.<\/li>\n\n\n\n<li><strong>eduQua:2021 \u00e0 ISO 9001 et ISO 21001<\/strong><br>La partie management et la norme de qualit\u00e9 chez eduQua se r\u00e9f\u00e8re \u00e0 la structure des syst\u00e8mes de gestion ISO.<br>Nombreux effets de synergie dans les proc\u00e9dures de certification combin\u00e9es.<\/li>\n<\/ul>\n\n\n\n<h2 class=\"wp-block-heading\">Une proc\u00e9dure de certification claire<\/h2>\n\n\n\n<p>L&rsquo;examen d&rsquo;une offre de formation continue s\u00e9lectionn\u00e9e lors de chaque audit n&rsquo;est plus impos\u00e9. Le syst\u00e8me de qualit\u00e9 en place est mis en \u00e9vidence et v\u00e9rifi\u00e9 \u00e0 l&rsquo;aide des diff\u00e9rentes offres.<\/p>\n\n\n\n<p>Les prescriptions du Service d&rsquo;accr\u00e9ditation suisse SAS et des normes internationales relatives \u00e0 la proc\u00e9dure d&rsquo;audit ont \u00e9t\u00e9 transpos\u00e9es dans le r\u00e8glement eduQua. Des dispositions importantes ont \u00e9t\u00e9 pr\u00e9cis\u00e9es et actualis\u00e9es, par ex :<\/p>\n\n\n\n<ul class=\"wp-block-list\">\n<li>les conditions de la certification,<\/li>\n\n\n\n<li>la charge de travail pour les audits,<\/li>\n\n\n\n<li>la complexit\u00e9 accrue des institutions de formation continue.&nbsp;<\/li>\n<\/ul>\n\n\n\n<div class=\"wp-block-group is-layout-constrained wp-block-group-is-layout-constrained\">\n<h2 class=\"wp-block-heading\">Les documents eduQua:2021<\/h2>\n\n\n\n<div class=\"wp-block-group is-layout-constrained wp-block-group-is-layout-constrained\">\n<div class=\"wp-block-columns is-layout-flex wp-container-core-columns-is-layout-28f84493 wp-block-columns-is-layout-flex\">\n<div class=\"wp-block-column is-layout-flow wp-block-column-is-layout-flow\" style=\"flex-basis:50%\">\n<div class=\"wp-block-file\"><a id=\"wp-block-file--media-c3525443-0bd7-4eec-970a-74ab3069439c\" href=\"https:\/\/alice.ch\/app\/uploads\/2025\/05\/eduQua-2021-norme-de-qualite-1.pdf\" target=\"_blank\" rel=\"noreferrer noopener\">La norme de Qualit\u00e9<br \/>PDF &#8211; 425 kb<\/a><\/div>\n\n\n\n<div class=\"wp-block-file\"><a id=\"wp-block-file--media-eec9df04-5b29-4ed0-89c9-db8c1ad39e07\" href=\"https:\/\/alice.ch\/app\/uploads\/2022\/11\/eduQua-2021-reglement-procedure-de-certification.pdf\" target=\"_blank\" rel=\"noreferrer noopener\">Le r\u00e8glement sur la proc\u00e9dure de certification<br \/>PDF &#8211; 232 kb<\/a><\/div>\n\n\n\n<div class=\"wp-block-file\"><a id=\"wp-block-file--media-d3d07eb0-bf78-41bf-8a16-1bfbb79ef164\" href=\"https:\/\/alice.ch\/app\/uploads\/2025\/05\/eduQua-2021-directive.pdf\" target=\"_blank\" rel=\"noreferrer noopener\">La directive<br \/>PDF &#8211; 489 kb<\/a><\/div>\n<\/div>\n\n\n\n<div class=\"wp-block-column is-layout-flow wp-block-column-is-layout-flow\" style=\"flex-basis:50%\"><\/div>\n<\/div>\n<\/div>\n<\/div>\n\n\n\n<h2 class=\"wp-block-heading\">Documents suppl\u00e9mentaires<\/h2>\n\n\n\n<div class=\"wp-block-columns is-layout-flex wp-container-core-columns-is-layout-28f84493 wp-block-columns-is-layout-flex\">\n<div class=\"wp-block-column is-layout-flow wp-block-column-is-layout-flow\" style=\"flex-basis:50%\">\n<div class=\"wp-block-file\"><a id=\"wp-block-file--media-0feea353-6b7b-4fe4-8fc3-5252a6bfde28\" href=\"https:\/\/alice.ch\/app\/uploads\/2025\/03\/eduQua-2021-demande-de-certification.docx\" target=\"_blank\" rel=\"noreferrer noopener\">eduQua-2021-demande-de-certification<br \/>DOCX &#8211; 61 kb<\/a><\/div>\n\n\n\n<div class=\"wp-block-file\"><a id=\"wp-block-file--media-d160fb83-51cd-4993-a950-2c76fb61cc9f\" href=\"https:\/\/alice.ch\/app\/uploads\/2025\/02\/eduQua-2021-auto-evaluation-1.docx\" target=\"_blank\" rel=\"noreferrer noopener\">eduQua-2021-auto-evaluation<br \/>DOCX &#8211; 133 kb<\/a><\/div>\n\n\n\n<div class=\"wp-block-file\"><a id=\"wp-block-file--media-eec9df04-5b29-4ed0-89c9-db8c1ad39e07\" href=\"https:\/\/alice.ch\/app\/uploads\/2022\/11\/eduQua-2021-conditions-dutilisation-du-logo.pdf\" target=\"_blank\" rel=\"noreferrer noopener\">Conditions d&rsquo;utilisation du logo eduQua<br \/>PDF &#8211; <\/a><\/div>\n\n\n\n<div class=\"wp-block-file\"><a id=\"wp-block-file--media-666fcd0c-fda8-46a8-a1e9-1045c9b72f28\" href=\"https:\/\/alice.ch\/app\/uploads\/2026\/03\/eduQua-2021-preuve-qualification-analogue-au-certificat-FSEA-2.docx\" target=\"_blank\" rel=\"noreferrer noopener\">Attestation d&rsquo;une qualification analogue au certificat FSEA de formatrice\/formateur<br \/>DOCX &#8211; 138 kb<\/a><\/div>\n<\/div>\n\n\n\n<div class=\"wp-block-column is-layout-flow wp-block-column-is-layout-flow\" style=\"flex-basis:50%\"><\/div>\n<\/div>\n\n\n\n<h2 class=\"wp-block-heading\">Relation avec d&rsquo;autres labels<\/h2>\n\n\n\n<div class=\"wp-block-columns is-layout-flex wp-container-core-columns-is-layout-28f84493 wp-block-columns-is-layout-flex\">\n<div class=\"wp-block-column is-layout-flow wp-block-column-is-layout-flow\" style=\"flex-basis:50%\">\n<div class=\"wp-block-file\"><a id=\"wp-block-file--media-eec9df04-5b29-4ed0-89c9-db8c1ad39e07\" href=\"https:\/\/alice.ch\/app\/uploads\/2022\/11\/eduqua-2021-iso-normen-f.pdf\" target=\"_blank\" rel=\"noreferrer noopener\">Rapport entre eduQua:2021 et les normes ISO 9001 et ISO 21001<br \/>PDF &#8211; 213 kb<\/a><\/div>\n\n\n\n<div class=\"wp-block-file\"><a id=\"wp-block-file--media-eec9df04-5b29-4ed0-89c9-db8c1ad39e07\" href=\"https:\/\/alice.ch\/app\/uploads\/2022\/11\/eduQua_2021-et-les-autres-labels-de-qualite.pdf\" target=\"_blank\" rel=\"noreferrer noopener\">eduQua:2021 et les autres labels de qualit\u00e9<br \/>PDF &#8211; 122 kb<\/a><\/div>\n<\/div>\n\n\n\n<div class=\"wp-block-column is-layout-flow wp-block-column-is-layout-flow\" style=\"flex-basis:50%\"><\/div>\n<\/div>\n\n\n\n<h2 class=\"wp-block-heading\">Contact<\/h2>\n\n\n\n<div class=\"wp-block-columns is-layout-flex wp-container-core-columns-is-layout-28f84493 wp-block-columns-is-layout-flex\">\n<div class=\"wp-block-column is-layout-flow wp-block-column-is-layout-flow\" style=\"flex-basis:50%\"><div class=\"contact-persons\">\n\n\t\t\t\t\t<div class=\"contact-person\">\n\t\t\t\t\tSecr\u00e9tariat r\u00e9gional eduQua<br \/>\t\t\t\t\tFSEA F\u00e9d\u00e9ration suisse pour la formation continue<br \/>\t\t\t\t\t<br \/>\n\t\t\t\t\tRue de Gen\u00e8ve 88b<br \/>\r\n1004 Lausanne<br \/>\t\t\t\t\t<a href=\"tel:+41 (0)22 994 20 10\">+41 (0)22 994 20 10<\/a><br \/>\t\t\t\t\t<a href=\"mailto:fsea@alice.ch\">fsea@alice.ch<\/a><br \/>\t\t\t\t\t<\/div>\n\t\t\t\t\t<\/div>\n<\/div>\n\n\n\n<div class=\"wp-block-column is-layout-flow wp-block-column-is-layout-flow\" style=\"flex-basis:50%\"><\/div>\n<\/div>\n<\/div>\n<\/div>\n","protected":false},"excerpt":{"rendered":"<p>eduQua:2021 \u2013 Norme de qualit\u00e9 et documents \u00e0 t\u00e9l\u00e9charger La norme r\u00e9vis\u00e9e eduQua:2021 soutient une gestion de la qualit\u00e9 pratique [&hellip;]<\/p>\n","protected":false},"author":8,"featured_media":20799,"parent":11227,"menu_order":553,"comment_status":"closed","ping_status":"closed","template":"","meta":{"_acf_changed":false,"inline_featured_image":false,"footnotes":""},"class_list":["post-11229","page","type-page","status-publish","has-post-thumbnail","hentry"],"acf":[],"yoast_head":"<!-- This site is optimized with the Yoast SEO plugin v27.3 - https:\/\/yoast.com\/product\/yoast-seo-wordpress\/ -->\n<title>eduQua:2021 - FSEA<\/title>\n<meta name=\"description\" content=\"Les avantages d&#039;eduQua:21 : Orientation vers l&#039;avenir, norme ax\u00e9e sur la pratique, perm\u00e9abilit\u00e9 aux labels de qualit\u00e9, proc\u00e9dure claire.\" \/>\n<meta name=\"robots\" content=\"index, follow, max-snippet:-1, max-image-preview:large, max-video-preview:-1\" \/>\n<link rel=\"canonical\" href=\"https:\/\/alice.ch\/fr\/qualite\/eduqua\/eduqua2021\/\" \/>\n<meta property=\"og:locale\" content=\"fr_FR\" \/>\n<meta property=\"og:type\" content=\"article\" \/>\n<meta property=\"og:title\" content=\"eduQua:2021 - FSEA\" \/>\n<meta property=\"og:description\" content=\"Les avantages d&#039;eduQua:21 : Orientation vers l&#039;avenir, norme ax\u00e9e sur la pratique, perm\u00e9abilit\u00e9 aux labels de qualit\u00e9, proc\u00e9dure claire.\" \/>\n<meta property=\"og:url\" content=\"https:\/\/alice.ch\/fr\/qualite\/eduqua\/eduqua2021\/\" \/>\n<meta property=\"og:site_name\" content=\"SVEB\" \/>\n<meta property=\"article:modified_time\" content=\"2026-03-30T07:12:55+00:00\" \/>\n<meta name=\"twitter:card\" content=\"summary_large_image\" \/>\n<meta name=\"twitter:label1\" content=\"Dur\u00e9e de lecture estim\u00e9e\" \/>\n\t<meta name=\"twitter:data1\" content=\"5 minutes\" \/>\n<script type=\"application\/ld+json\" class=\"yoast-schema-graph\">{\"@context\":\"https:\\\/\\\/schema.org\",\"@graph\":[{\"@type\":\"WebPage\",\"@id\":\"https:\\\/\\\/alice.ch\\\/fr\\\/qualite\\\/eduqua\\\/eduqua2021\\\/\",\"url\":\"https:\\\/\\\/alice.ch\\\/fr\\\/qualite\\\/eduqua\\\/eduqua2021\\\/\",\"name\":\"eduQua:2021 - FSEA\",\"isPartOf\":{\"@id\":\"https:\\\/\\\/alice.ch\\\/fr\\\/#website\"},\"primaryImageOfPage\":{\"@id\":\"https:\\\/\\\/alice.ch\\\/fr\\\/qualite\\\/eduqua\\\/eduqua2021\\\/#primaryimage\"},\"image\":{\"@id\":\"https:\\\/\\\/alice.ch\\\/fr\\\/qualite\\\/eduqua\\\/eduqua2021\\\/#primaryimage\"},\"thumbnailUrl\":\"https:\\\/\\\/alice.ch\\\/app\\\/uploads\\\/2022\\\/11\\\/default.jpg\",\"datePublished\":\"2022-08-16T15:45:13+00:00\",\"dateModified\":\"2026-03-30T07:12:55+00:00\",\"description\":\"Les avantages d'eduQua:21 : Orientation vers l'avenir, norme ax\u00e9e sur la pratique, perm\u00e9abilit\u00e9 aux labels de qualit\u00e9, proc\u00e9dure claire.\",\"breadcrumb\":{\"@id\":\"https:\\\/\\\/alice.ch\\\/fr\\\/qualite\\\/eduqua\\\/eduqua2021\\\/#breadcrumb\"},\"inLanguage\":\"fr-FR\",\"potentialAction\":[{\"@type\":\"ReadAction\",\"target\":[\"https:\\\/\\\/alice.ch\\\/fr\\\/qualite\\\/eduqua\\\/eduqua2021\\\/\"]}]},{\"@type\":\"ImageObject\",\"inLanguage\":\"fr-FR\",\"@id\":\"https:\\\/\\\/alice.ch\\\/fr\\\/qualite\\\/eduqua\\\/eduqua2021\\\/#primaryimage\",\"url\":\"https:\\\/\\\/alice.ch\\\/app\\\/uploads\\\/2022\\\/11\\\/default.jpg\",\"contentUrl\":\"https:\\\/\\\/alice.ch\\\/app\\\/uploads\\\/2022\\\/11\\\/default.jpg\",\"width\":1600,\"height\":900},{\"@type\":\"BreadcrumbList\",\"@id\":\"https:\\\/\\\/alice.ch\\\/fr\\\/qualite\\\/eduqua\\\/eduqua2021\\\/#breadcrumb\",\"itemListElement\":[{\"@type\":\"ListItem\",\"position\":1,\"name\":\"Page d'accueil\",\"item\":\"https:\\\/\\\/alice.ch\\\/fr\\\/\"},{\"@type\":\"ListItem\",\"position\":2,\"name\":\"Qualit\u00e9\",\"item\":\"https:\\\/\\\/alice.ch\\\/fr\\\/qualite\\\/\"},{\"@type\":\"ListItem\",\"position\":3,\"name\":\"Le label qualit\u00e9 eduQua\",\"item\":\"https:\\\/\\\/alice.ch\\\/fr\\\/qualite\\\/eduqua\\\/\"},{\"@type\":\"ListItem\",\"position\":4,\"name\":\"eduQua:2021\"}]},{\"@type\":\"WebSite\",\"@id\":\"https:\\\/\\\/alice.ch\\\/fr\\\/#website\",\"url\":\"https:\\\/\\\/alice.ch\\\/fr\\\/\",\"name\":\"alice.ch (Adult Learning Information Center) ist das Portal der Weiterbildung in der Schweiz.\",\"description\":\"Schweizerischer Verband f\u00fcr Weiterbildung\",\"publisher\":{\"@id\":\"https:\\\/\\\/alice.ch\\\/fr\\\/#organization\"},\"potentialAction\":[{\"@type\":\"SearchAction\",\"target\":{\"@type\":\"EntryPoint\",\"urlTemplate\":\"https:\\\/\\\/alice.ch\\\/fr\\\/?s={search_term_string}\"},\"query-input\":{\"@type\":\"PropertyValueSpecification\",\"valueRequired\":true,\"valueName\":\"search_term_string\"}}],\"inLanguage\":\"fr-FR\"},{\"@type\":\"Organization\",\"@id\":\"https:\\\/\\\/alice.ch\\\/fr\\\/#organization\",\"name\":\"FSEA F\u00e9d\u00e9ration suisse pour la formation continue\",\"url\":\"https:\\\/\\\/alice.ch\\\/fr\\\/\",\"logo\":{\"@type\":\"ImageObject\",\"inLanguage\":\"fr-FR\",\"@id\":\"https:\\\/\\\/alice.ch\\\/fr\\\/#\\\/schema\\\/logo\\\/image\\\/\",\"url\":\"https:\\\/\\\/alice.ch\\\/app\\\/uploads\\\/2022\\\/07\\\/logo-sveb.png\",\"contentUrl\":\"https:\\\/\\\/alice.ch\\\/app\\\/uploads\\\/2022\\\/07\\\/logo-sveb.png\",\"width\":145,\"height\":64,\"caption\":\"FSEA F\u00e9d\u00e9ration suisse pour la formation continue\"},\"image\":{\"@id\":\"https:\\\/\\\/alice.ch\\\/fr\\\/#\\\/schema\\\/logo\\\/image\\\/\"},\"sameAs\":[\"https:\\\/\\\/www.linkedin.com\\\/company\\\/schweizerischer-verband-fr-weiterbildung-sveb\\\/\"]}]}<\/script>\n<!-- \/ Yoast SEO plugin. -->","yoast_head_json":{"title":"eduQua:2021 - FSEA","description":"Les avantages d'eduQua:21 : Orientation vers l'avenir, norme ax\u00e9e sur la pratique, perm\u00e9abilit\u00e9 aux labels de qualit\u00e9, proc\u00e9dure claire.","robots":{"index":"index","follow":"follow","max-snippet":"max-snippet:-1","max-image-preview":"max-image-preview:large","max-video-preview":"max-video-preview:-1"},"canonical":"https:\/\/alice.ch\/fr\/qualite\/eduqua\/eduqua2021\/","og_locale":"fr_FR","og_type":"article","og_title":"eduQua:2021 - FSEA","og_description":"Les avantages d'eduQua:21 : Orientation vers l'avenir, norme ax\u00e9e sur la pratique, perm\u00e9abilit\u00e9 aux labels de qualit\u00e9, proc\u00e9dure claire.","og_url":"https:\/\/alice.ch\/fr\/qualite\/eduqua\/eduqua2021\/","og_site_name":"SVEB","article_modified_time":"2026-03-30T07:12:55+00:00","twitter_card":"summary_large_image","twitter_misc":{"Dur\u00e9e de lecture estim\u00e9e":"5 minutes"},"schema":{"@context":"https:\/\/schema.org","@graph":[{"@type":"WebPage","@id":"https:\/\/alice.ch\/fr\/qualite\/eduqua\/eduqua2021\/","url":"https:\/\/alice.ch\/fr\/qualite\/eduqua\/eduqua2021\/","name":"eduQua:2021 - FSEA","isPartOf":{"@id":"https:\/\/alice.ch\/fr\/#website"},"primaryImageOfPage":{"@id":"https:\/\/alice.ch\/fr\/qualite\/eduqua\/eduqua2021\/#primaryimage"},"image":{"@id":"https:\/\/alice.ch\/fr\/qualite\/eduqua\/eduqua2021\/#primaryimage"},"thumbnailUrl":"https:\/\/alice.ch\/app\/uploads\/2022\/11\/default.jpg","datePublished":"2022-08-16T15:45:13+00:00","dateModified":"2026-03-30T07:12:55+00:00","description":"Les avantages d'eduQua:21 : Orientation vers l'avenir, norme ax\u00e9e sur la pratique, perm\u00e9abilit\u00e9 aux labels de qualit\u00e9, proc\u00e9dure claire.","breadcrumb":{"@id":"https:\/\/alice.ch\/fr\/qualite\/eduqua\/eduqua2021\/#breadcrumb"},"inLanguage":"fr-FR","potentialAction":[{"@type":"ReadAction","target":["https:\/\/alice.ch\/fr\/qualite\/eduqua\/eduqua2021\/"]}]},{"@type":"ImageObject","inLanguage":"fr-FR","@id":"https:\/\/alice.ch\/fr\/qualite\/eduqua\/eduqua2021\/#primaryimage","url":"https:\/\/alice.ch\/app\/uploads\/2022\/11\/default.jpg","contentUrl":"https:\/\/alice.ch\/app\/uploads\/2022\/11\/default.jpg","width":1600,"height":900},{"@type":"BreadcrumbList","@id":"https:\/\/alice.ch\/fr\/qualite\/eduqua\/eduqua2021\/#breadcrumb","itemListElement":[{"@type":"ListItem","position":1,"name":"Page d'accueil","item":"https:\/\/alice.ch\/fr\/"},{"@type":"ListItem","position":2,"name":"Qualit\u00e9","item":"https:\/\/alice.ch\/fr\/qualite\/"},{"@type":"ListItem","position":3,"name":"Le label qualit\u00e9 eduQua","item":"https:\/\/alice.ch\/fr\/qualite\/eduqua\/"},{"@type":"ListItem","position":4,"name":"eduQua:2021"}]},{"@type":"WebSite","@id":"https:\/\/alice.ch\/fr\/#website","url":"https:\/\/alice.ch\/fr\/","name":"alice.ch (Adult Learning Information Center) ist das Portal der Weiterbildung in der Schweiz.","description":"Schweizerischer Verband f\u00fcr Weiterbildung","publisher":{"@id":"https:\/\/alice.ch\/fr\/#organization"},"potentialAction":[{"@type":"SearchAction","target":{"@type":"EntryPoint","urlTemplate":"https:\/\/alice.ch\/fr\/?s={search_term_string}"},"query-input":{"@type":"PropertyValueSpecification","valueRequired":true,"valueName":"search_term_string"}}],"inLanguage":"fr-FR"},{"@type":"Organization","@id":"https:\/\/alice.ch\/fr\/#organization","name":"FSEA F\u00e9d\u00e9ration suisse pour la formation continue","url":"https:\/\/alice.ch\/fr\/","logo":{"@type":"ImageObject","inLanguage":"fr-FR","@id":"https:\/\/alice.ch\/fr\/#\/schema\/logo\/image\/","url":"https:\/\/alice.ch\/app\/uploads\/2022\/07\/logo-sveb.png","contentUrl":"https:\/\/alice.ch\/app\/uploads\/2022\/07\/logo-sveb.png","width":145,"height":64,"caption":"FSEA F\u00e9d\u00e9ration suisse pour la formation continue"},"image":{"@id":"https:\/\/alice.ch\/fr\/#\/schema\/logo\/image\/"},"sameAs":["https:\/\/www.linkedin.com\/company\/schweizerischer-verband-fr-weiterbildung-sveb\/"]}]}},"_links":{"self":[{"href":"https:\/\/alice.ch\/fr\/wp-json\/wp\/v2\/pages\/11229","targetHints":{"allow":["GET"]}}],"collection":[{"href":"https:\/\/alice.ch\/fr\/wp-json\/wp\/v2\/pages"}],"about":[{"href":"https:\/\/alice.ch\/fr\/wp-json\/wp\/v2\/types\/page"}],"author":[{"embeddable":true,"href":"https:\/\/alice.ch\/fr\/wp-json\/wp\/v2\/users\/8"}],"replies":[{"embeddable":true,"href":"https:\/\/alice.ch\/fr\/wp-json\/wp\/v2\/comments?post=11229"}],"version-history":[{"count":37,"href":"https:\/\/alice.ch\/fr\/wp-json\/wp\/v2\/pages\/11229\/revisions"}],"predecessor-version":[{"id":74650,"href":"https:\/\/alice.ch\/fr\/wp-json\/wp\/v2\/pages\/11229\/revisions\/74650"}],"up":[{"embeddable":true,"href":"https:\/\/alice.ch\/fr\/wp-json\/wp\/v2\/pages\/11227"}],"wp:featuredmedia":[{"embeddable":true,"href":"https:\/\/alice.ch\/fr\/wp-json\/wp\/v2\/media\/20799"}],"wp:attachment":[{"href":"https:\/\/alice.ch\/fr\/wp-json\/wp\/v2\/media?parent=11229"}],"curies":[{"name":"wp","href":"https:\/\/api.w.org\/{rel}","templated":true}]}}