{"id":11231,"date":"2022-08-16T17:45:51","date_gmt":"2022-08-16T15:45:51","guid":{"rendered":"https:\/\/projects.atxeit.ch\/sveb\/qualitaetslabel-eduqua\/der-weg-zum-eduqua-label\/"},"modified":"2024-04-11T14:16:36","modified_gmt":"2024-04-11T12:16:36","slug":"certification","status":"publish","type":"page","link":"https:\/\/alice.ch\/fr\/qualite\/eduqua\/certification\/","title":{"rendered":"Certification"},"content":{"rendered":"\n<div class=\"wp-block-group is-style-default is-layout-flow wp-block-group-is-layout-flow\">\n<div class=\"wp-block-group is-style-reduced-width is-layout-constrained wp-block-group-is-layout-constrained\">\n<div class=\"wp-block-group is-layout-flow wp-block-group-is-layout-flow\">\n<h1 class=\"wp-block-heading\">Le chemin vers le label eduQua<\/h1>\n\n\n\n<p>Outre les institutions de formation continue soutenues par l&rsquo;Etat (prestataires de droit public et priv\u00e9), les prestataires de la formation continue \u00e0 orientation professionnelle et de tous les autres domaines peuvent \u00e9galement se faire certifier.<\/p>\n\n\n\n<div class=\"wp-block-group is-style-run-to-edge has-primary-background-color has-background is-layout-flow wp-block-group-is-layout-flow\">\n<p class=\"is-style-lead has-background-color has-text-color has-medium-font-size\">En principe, eduQua est un certificat pour les institutions de formation continue et non pour les offres de formation ou les personnes individuelles. L&rsquo;institution de formation continue ou un d\u00e9partement de formation continue dans une entreprise sont consid\u00e9r\u00e9s comme une unit\u00e9 de certification.<\/p>\n<\/div>\n\n\n\n<p><br>Dans la proc\u00e9dure de certification, les prestataires montrent qu&rsquo;ils remplissent les exigences de qualit\u00e9 prescrites et qu&rsquo;ils ont mis en place un syst\u00e8me de qualit\u00e9 efficace.<\/p>\n\n\n\n<p>La proc\u00e9dure est men\u00e9e par des&nbsp;<a href=\"https:\/\/alice.ch\/fr\/qualite\/eduqua\/instances-de-certification\/\">instances de certification<\/a>&nbsp;accr\u00e9dit\u00e9es eduQua.<\/p>\n\n\n\n<h2 class=\"wp-block-heading\">Exigences de qualit\u00e9 et certification<\/h2>\n\n\n\n<p>Les crit\u00e8res et exigences d&rsquo;eduQua donnent des indications claires et de nombreuses suggestions sur la mani\u00e8re dont les prestataires de formation continue peuvent mettre en place leur propre syst\u00e8me de qualit\u00e9. Dans le cadre d&rsquo;une auto-\u00e9valuation, ils se penchent sur l&rsquo;\u00e9tat de leur syst\u00e8me de management et sur la qualit\u00e9 de leur offre de formation continue. Ce faisant, ils identifient les opportunit\u00e9s et les possibilit\u00e9s de d\u00e9veloppement interne. Pour qu&rsquo;une institution puisse obtenir la certification eduQua, elle doit remplir les exigences minimales des crit\u00e8res. Ceux-ci sont pr\u00e9sent\u00e9s en d\u00e9tail dans le document Norme de qualit\u00e9 eduQua:2021.<\/p>\n\n\n\n<p>Dans le cadre de la proc\u00e9dure de certification, les institutions re\u00e7oivent un feed-back sur l&rsquo;\u00e9tat de leur propre management de la qualit\u00e9 et des indications pour leur d\u00e9veloppement. Lors de la certification, elles \u00e9tablissent un dossier sur l&rsquo;assurance et le d\u00e9veloppement de la qualit\u00e9 dans leur propre institution, selon les 19 crit\u00e8res eduQua. La mise en \u0153uvre et l&rsquo;efficacit\u00e9 du syst\u00e8me de qualit\u00e9 sont v\u00e9rifi\u00e9es lors d&rsquo;un audit sur place.<\/p>\n\n\n\n<p>La certification est renouvel\u00e9e tous les trois ans. Des audits interm\u00e9diaires annuels permettent de v\u00e9rifier les changements les plus importants dans l&rsquo;organisation et l&rsquo;offre.<a href=\"https:\/\/alice.ch\/index.php?eID=tx_cms_showpic&amp;file=4632&amp;md5=0deff54d9e96fd9e0f1b51ad4407413e9b9d2893&amp;parameters%5B0%5D=eyJ3aWR0aCI6IjgwMG0iLCJoZWlnaHQiOiI2MDBtIiwiYm9keVRhZyI6Ijxib2R5&amp;parameters%5B1%5D=IHN0eWxlPVwibWFyZ2luOjA7IGJhY2tncm91bmQ6I2ZmZjtcIj4iLCJ3cmFwIjoi&amp;parameters%5B2%5D=PGEgaHJlZj1cImphdmFzY3JpcHQ6Y2xvc2UoKTtcIj4gfCA8XC9hPiJ9\"><\/a><\/p>\n\n\n\n<figure class=\"wp-block-image size-large\"><img decoding=\"async\" width=\"1024\" height=\"230\" src=\"https:\/\/alice.ch\/app\/uploads\/2022\/11\/Phasen_Zertifizierung_FR-1024x230.png\" alt=\"\" class=\"wp-image-17675\" srcset=\"https:\/\/alice.ch\/app\/uploads\/2022\/11\/Phasen_Zertifizierung_FR-1024x230.png 1024w, https:\/\/alice.ch\/app\/uploads\/2022\/11\/Phasen_Zertifizierung_FR-300x67.png 300w, https:\/\/alice.ch\/app\/uploads\/2022\/11\/Phasen_Zertifizierung_FR-768x173.png 768w, https:\/\/alice.ch\/app\/uploads\/2022\/11\/Phasen_Zertifizierung_FR.png 1503w\" sizes=\"(max-width: 1024px) 100vw, 1024px\" \/><\/figure>\n\n\n\n<h3 class=\"wp-block-heading\">Proc\u00e9dure et co\u00fbts<\/h3>\n\n\n\n<p>Les co\u00fbts ainsi que la proc\u00e9dure de certification varient en fonction de la taille de l\u2019institution de formation continue, d\u00e9termin\u00e9e par le nombre de p\u00e9riodes participants. Comme l\u2019indique le tableau ci-apr\u00e8s, la proc\u00e9dure de certification est subdivis\u00e9e en trois cat\u00e9gories.<\/p>\n\n\n\n<figure class=\"wp-block-table is-style-stripes\"><table><thead><tr><th class=\"has-text-align-left\" data-align=\"left\"><strong>Volume de prestations de FC de l\u2019institution<\/strong><\/th><th class=\"has-text-align-left\" data-align=\"left\"><strong><strong>Proc\u00e9dures<\/strong><\/strong><\/th><th class=\"has-text-align-left\" data-align=\"left\"><strong><strong>Co\u00fbts<\/strong><\/strong><\/th><\/tr><\/thead><tbody><tr><td class=\"has-text-align-left\" data-align=\"left\">Moins de 25&rsquo;000 p\u00e9riodes-participants<\/td><td class=\"has-text-align-left\" data-align=\"left\">Proc\u00e9dure&nbsp;A<\/td><td class=\"has-text-align-left\" data-align=\"left\">Montant plafond de CHF 4&rsquo;950.\u2013 hors TVA et frais<\/td><\/tr><tr><td class=\"has-text-align-left\" data-align=\"left\">De 25&rsquo;000 \u00e0 100&rsquo;000 p\u00e9riodes-participants<\/td><td class=\"has-text-align-left\" data-align=\"left\">Proc\u00e9dure&nbsp;B<\/td><td class=\"has-text-align-left\" data-align=\"left\">Co\u00fbts selon l&rsquo;offre de l&rsquo;instance de certification<\/td><\/tr><tr><td class=\"has-text-align-left\" data-align=\"left\">Plus de 100&rsquo;000 p\u00e9riodes-participants<\/td><td class=\"has-text-align-left\" data-align=\"left\">Proc\u00e9dure&nbsp;C<\/td><td class=\"has-text-align-left\" data-align=\"left\">Co\u00fbts selon l&rsquo;offre de l&rsquo;instance de certification<\/td><\/tr><\/tbody><\/table><figcaption class=\"wp-element-caption\"><br>Vous trouverez un exemple de calcul du nombre moyen de le\u00e7ons ou d&rsquo;heures d&rsquo;apprentissage des participantes et participants au cours des trois derni\u00e8res ann\u00e9es dans le document Directive.&nbsp;<br>Les prix comprennent un montant de 500 CHF par certification au profit du Secr\u00e9tariat eduQua (400 CHF pour eduQua:2012). Ce montant sert \u00e0 maintenir et \u00e0 <a href=\"https:\/\/alice.ch\/fr\/qualite\/eduqua\/responsabilite-organisation\/\">d\u00e9velopper le label de qualit\u00e9<\/a>.<br>Les d\u00e9penses extraordinaires, par exemple le contr\u00f4le suppl\u00e9mentaire sur place suite \u00e0 des \u00e9carts importants, peuvent \u00eatre factur\u00e9es par les&nbsp;<a href=\"https:\/\/alice.ch\/fr\/qualite\/eduqua\/instances-de-certification\/\">instances de certification<\/a>.<br>Vous obtiendrez toutes les informations compl\u00e9mentaires sur la proc\u00e9dure directement aupr\u00e8s des&nbsp;<a href=\"https:\/\/alice.ch\/fr\/qualite\/eduqua\/instances-de-certification\/\">instances de certification<\/a>.<\/figcaption><\/figure>\n<\/div>\n\n\n\n<p><\/p>\n\n\n\n<p>Vous trouverez un mod\u00e8le d&rsquo;auto-\u00e9valuation, la demande de certification ainsi que d&rsquo;autres documents \u00e0 t\u00e9l\u00e9charger sur la page <a href=\"https:\/\/alice.ch\/fr\/qualite\/eduqua\/eduqua2021\/\" target=\"_blank\" rel=\"noreferrer noopener\">eduQua:2021 \u2013 Informations et avantages<\/a><\/p>\n\n\n\n<div class=\"wp-block-buttons is-layout-flex wp-block-buttons-is-layout-flex\">\n<div class=\"wp-block-button has-custom-width wp-block-button__width-50 is-style-outline is-style-outline--1\"><a class=\"wp-block-button__link wp-element-button\" href=\"https:\/\/www.arfor.ch\/transfert\/le-label-de-qualite-eduqua-pour-la-formation-continue\/\" target=\"_blank\" rel=\"noreferrer noopener\">Article de l&rsquo;ARFOR<\/a><\/div>\n<\/div>\n\n\n\n<h2 class=\"wp-block-heading\">Contact<\/h2>\n\n\n\n<div class=\"wp-block-columns is-layout-flex wp-container-core-columns-is-layout-28f84493 wp-block-columns-is-layout-flex\">\n<div class=\"wp-block-column is-layout-flow wp-block-column-is-layout-flow\" style=\"flex-basis:50%\"><div class=\"contact-persons\">\n\n\t\t\t\t\t<div class=\"contact-person\">\n\t\t\t\t\tSecr\u00e9tariat r\u00e9gional eduQua<br \/>\t\t\t\t\tFSEA F\u00e9d\u00e9ration suisse pour la formation continue<br \/>\t\t\t\t\t<br \/>\n\t\t\t\t\tRue de Gen\u00e8ve 88b<br \/>\r\n1004 Lausanne<br \/>\t\t\t\t\t<a href=\"tel:+41 (0)22 994 20 10\">+41 (0)22 994 20 10<\/a><br \/>\t\t\t\t\t<a href=\"mailto:fsea@alice.ch\">fsea@alice.ch<\/a><br \/>\t\t\t\t\t<\/div>\n\t\t\t\t\t<\/div>\n<\/div>\n\n\n\n<div class=\"wp-block-column is-layout-flow wp-block-column-is-layout-flow\" style=\"flex-basis:50%\"><\/div>\n<\/div>\n<\/div>\n<\/div>\n","protected":false},"excerpt":{"rendered":"<p>Le chemin vers le label eduQua Outre les institutions de formation continue soutenues par l&rsquo;Etat (prestataires de droit public et [&hellip;]<\/p>\n","protected":false},"author":8,"featured_media":20799,"parent":11227,"menu_order":563,"comment_status":"closed","ping_status":"closed","template":"","meta":{"_acf_changed":false,"inline_featured_image":false,"footnotes":""},"class_list":["post-11231","page","type-page","status-publish","has-post-thumbnail","hentry"],"acf":[],"yoast_head":"<!-- This site is optimized with the Yoast SEO plugin v27.3 - https:\/\/yoast.com\/product\/yoast-seo-wordpress\/ -->\n<title>Certification - FSEA<\/title>\n<meta name=\"description\" content=\"Informations pour les institutions sur les exigences de qualit\u00e9, la certification, les proc\u00e9dures, les co\u00fbts, les documents eduQua:21\" \/>\n<meta name=\"robots\" content=\"index, follow, max-snippet:-1, max-image-preview:large, max-video-preview:-1\" \/>\n<link rel=\"canonical\" href=\"https:\/\/alice.ch\/fr\/qualite\/eduqua\/certification\/\" \/>\n<meta property=\"og:locale\" content=\"fr_FR\" \/>\n<meta property=\"og:type\" content=\"article\" \/>\n<meta property=\"og:title\" content=\"Certification - FSEA\" \/>\n<meta property=\"og:description\" content=\"Informations pour les institutions sur les exigences de qualit\u00e9, la certification, les proc\u00e9dures, les co\u00fbts, les documents eduQua:21\" \/>\n<meta property=\"og:url\" content=\"https:\/\/alice.ch\/fr\/qualite\/eduqua\/certification\/\" \/>\n<meta property=\"og:site_name\" content=\"SVEB\" \/>\n<meta property=\"article:modified_time\" content=\"2024-04-11T12:16:36+00:00\" \/>\n<meta property=\"og:image\" content=\"https:\/\/alice.ch\/app\/uploads\/2022\/11\/Phasen_Zertifizierung_FR-1024x230.png\" \/>\n<meta name=\"twitter:card\" content=\"summary_large_image\" \/>\n<meta name=\"twitter:label1\" content=\"Dur\u00e9e de lecture estim\u00e9e\" \/>\n\t<meta name=\"twitter:data1\" content=\"4 minutes\" \/>\n<script type=\"application\/ld+json\" class=\"yoast-schema-graph\">{\"@context\":\"https:\\\/\\\/schema.org\",\"@graph\":[{\"@type\":\"WebPage\",\"@id\":\"https:\\\/\\\/alice.ch\\\/fr\\\/qualite\\\/eduqua\\\/certification\\\/\",\"url\":\"https:\\\/\\\/alice.ch\\\/fr\\\/qualite\\\/eduqua\\\/certification\\\/\",\"name\":\"Certification - FSEA\",\"isPartOf\":{\"@id\":\"https:\\\/\\\/alice.ch\\\/fr\\\/#website\"},\"primaryImageOfPage\":{\"@id\":\"https:\\\/\\\/alice.ch\\\/fr\\\/qualite\\\/eduqua\\\/certification\\\/#primaryimage\"},\"image\":{\"@id\":\"https:\\\/\\\/alice.ch\\\/fr\\\/qualite\\\/eduqua\\\/certification\\\/#primaryimage\"},\"thumbnailUrl\":\"https:\\\/\\\/alice.ch\\\/app\\\/uploads\\\/2022\\\/11\\\/default.jpg\",\"datePublished\":\"2022-08-16T15:45:51+00:00\",\"dateModified\":\"2024-04-11T12:16:36+00:00\",\"description\":\"Informations pour les institutions sur les exigences de qualit\u00e9, la certification, les proc\u00e9dures, les co\u00fbts, les documents eduQua:21\",\"breadcrumb\":{\"@id\":\"https:\\\/\\\/alice.ch\\\/fr\\\/qualite\\\/eduqua\\\/certification\\\/#breadcrumb\"},\"inLanguage\":\"fr-FR\",\"potentialAction\":[{\"@type\":\"ReadAction\",\"target\":[\"https:\\\/\\\/alice.ch\\\/fr\\\/qualite\\\/eduqua\\\/certification\\\/\"]}]},{\"@type\":\"ImageObject\",\"inLanguage\":\"fr-FR\",\"@id\":\"https:\\\/\\\/alice.ch\\\/fr\\\/qualite\\\/eduqua\\\/certification\\\/#primaryimage\",\"url\":\"https:\\\/\\\/alice.ch\\\/app\\\/uploads\\\/2022\\\/11\\\/default.jpg\",\"contentUrl\":\"https:\\\/\\\/alice.ch\\\/app\\\/uploads\\\/2022\\\/11\\\/default.jpg\",\"width\":1600,\"height\":900},{\"@type\":\"BreadcrumbList\",\"@id\":\"https:\\\/\\\/alice.ch\\\/fr\\\/qualite\\\/eduqua\\\/certification\\\/#breadcrumb\",\"itemListElement\":[{\"@type\":\"ListItem\",\"position\":1,\"name\":\"Page d'accueil\",\"item\":\"https:\\\/\\\/alice.ch\\\/fr\\\/\"},{\"@type\":\"ListItem\",\"position\":2,\"name\":\"Qualit\u00e9\",\"item\":\"https:\\\/\\\/alice.ch\\\/fr\\\/qualite\\\/\"},{\"@type\":\"ListItem\",\"position\":3,\"name\":\"Le label qualit\u00e9 eduQua\",\"item\":\"https:\\\/\\\/alice.ch\\\/fr\\\/qualite\\\/eduqua\\\/\"},{\"@type\":\"ListItem\",\"position\":4,\"name\":\"Certification\"}]},{\"@type\":\"WebSite\",\"@id\":\"https:\\\/\\\/alice.ch\\\/fr\\\/#website\",\"url\":\"https:\\\/\\\/alice.ch\\\/fr\\\/\",\"name\":\"alice.ch (Adult Learning Information Center) ist das Portal der Weiterbildung in der Schweiz.\",\"description\":\"Schweizerischer Verband f\u00fcr Weiterbildung\",\"publisher\":{\"@id\":\"https:\\\/\\\/alice.ch\\\/fr\\\/#organization\"},\"potentialAction\":[{\"@type\":\"SearchAction\",\"target\":{\"@type\":\"EntryPoint\",\"urlTemplate\":\"https:\\\/\\\/alice.ch\\\/fr\\\/?s={search_term_string}\"},\"query-input\":{\"@type\":\"PropertyValueSpecification\",\"valueRequired\":true,\"valueName\":\"search_term_string\"}}],\"inLanguage\":\"fr-FR\"},{\"@type\":\"Organization\",\"@id\":\"https:\\\/\\\/alice.ch\\\/fr\\\/#organization\",\"name\":\"FSEA F\u00e9d\u00e9ration suisse pour la formation continue\",\"url\":\"https:\\\/\\\/alice.ch\\\/fr\\\/\",\"logo\":{\"@type\":\"ImageObject\",\"inLanguage\":\"fr-FR\",\"@id\":\"https:\\\/\\\/alice.ch\\\/fr\\\/#\\\/schema\\\/logo\\\/image\\\/\",\"url\":\"https:\\\/\\\/alice.ch\\\/app\\\/uploads\\\/2022\\\/07\\\/logo-sveb.png\",\"contentUrl\":\"https:\\\/\\\/alice.ch\\\/app\\\/uploads\\\/2022\\\/07\\\/logo-sveb.png\",\"width\":145,\"height\":64,\"caption\":\"FSEA F\u00e9d\u00e9ration suisse pour la formation continue\"},\"image\":{\"@id\":\"https:\\\/\\\/alice.ch\\\/fr\\\/#\\\/schema\\\/logo\\\/image\\\/\"},\"sameAs\":[\"https:\\\/\\\/www.linkedin.com\\\/company\\\/schweizerischer-verband-fr-weiterbildung-sveb\\\/\"]}]}<\/script>\n<!-- \/ Yoast SEO plugin. -->","yoast_head_json":{"title":"Certification - FSEA","description":"Informations pour les institutions sur les exigences de qualit\u00e9, la certification, les proc\u00e9dures, les co\u00fbts, les documents eduQua:21","robots":{"index":"index","follow":"follow","max-snippet":"max-snippet:-1","max-image-preview":"max-image-preview:large","max-video-preview":"max-video-preview:-1"},"canonical":"https:\/\/alice.ch\/fr\/qualite\/eduqua\/certification\/","og_locale":"fr_FR","og_type":"article","og_title":"Certification - FSEA","og_description":"Informations pour les institutions sur les exigences de qualit\u00e9, la certification, les proc\u00e9dures, les co\u00fbts, les documents eduQua:21","og_url":"https:\/\/alice.ch\/fr\/qualite\/eduqua\/certification\/","og_site_name":"SVEB","article_modified_time":"2024-04-11T12:16:36+00:00","og_image":[{"url":"https:\/\/alice.ch\/app\/uploads\/2022\/11\/Phasen_Zertifizierung_FR-1024x230.png","type":"","width":"","height":""}],"twitter_card":"summary_large_image","twitter_misc":{"Dur\u00e9e de lecture estim\u00e9e":"4 minutes"},"schema":{"@context":"https:\/\/schema.org","@graph":[{"@type":"WebPage","@id":"https:\/\/alice.ch\/fr\/qualite\/eduqua\/certification\/","url":"https:\/\/alice.ch\/fr\/qualite\/eduqua\/certification\/","name":"Certification - FSEA","isPartOf":{"@id":"https:\/\/alice.ch\/fr\/#website"},"primaryImageOfPage":{"@id":"https:\/\/alice.ch\/fr\/qualite\/eduqua\/certification\/#primaryimage"},"image":{"@id":"https:\/\/alice.ch\/fr\/qualite\/eduqua\/certification\/#primaryimage"},"thumbnailUrl":"https:\/\/alice.ch\/app\/uploads\/2022\/11\/default.jpg","datePublished":"2022-08-16T15:45:51+00:00","dateModified":"2024-04-11T12:16:36+00:00","description":"Informations pour les institutions sur les exigences de qualit\u00e9, la certification, les proc\u00e9dures, les co\u00fbts, les documents eduQua:21","breadcrumb":{"@id":"https:\/\/alice.ch\/fr\/qualite\/eduqua\/certification\/#breadcrumb"},"inLanguage":"fr-FR","potentialAction":[{"@type":"ReadAction","target":["https:\/\/alice.ch\/fr\/qualite\/eduqua\/certification\/"]}]},{"@type":"ImageObject","inLanguage":"fr-FR","@id":"https:\/\/alice.ch\/fr\/qualite\/eduqua\/certification\/#primaryimage","url":"https:\/\/alice.ch\/app\/uploads\/2022\/11\/default.jpg","contentUrl":"https:\/\/alice.ch\/app\/uploads\/2022\/11\/default.jpg","width":1600,"height":900},{"@type":"BreadcrumbList","@id":"https:\/\/alice.ch\/fr\/qualite\/eduqua\/certification\/#breadcrumb","itemListElement":[{"@type":"ListItem","position":1,"name":"Page d'accueil","item":"https:\/\/alice.ch\/fr\/"},{"@type":"ListItem","position":2,"name":"Qualit\u00e9","item":"https:\/\/alice.ch\/fr\/qualite\/"},{"@type":"ListItem","position":3,"name":"Le label qualit\u00e9 eduQua","item":"https:\/\/alice.ch\/fr\/qualite\/eduqua\/"},{"@type":"ListItem","position":4,"name":"Certification"}]},{"@type":"WebSite","@id":"https:\/\/alice.ch\/fr\/#website","url":"https:\/\/alice.ch\/fr\/","name":"alice.ch (Adult Learning Information Center) ist das Portal der Weiterbildung in der Schweiz.","description":"Schweizerischer Verband f\u00fcr Weiterbildung","publisher":{"@id":"https:\/\/alice.ch\/fr\/#organization"},"potentialAction":[{"@type":"SearchAction","target":{"@type":"EntryPoint","urlTemplate":"https:\/\/alice.ch\/fr\/?s={search_term_string}"},"query-input":{"@type":"PropertyValueSpecification","valueRequired":true,"valueName":"search_term_string"}}],"inLanguage":"fr-FR"},{"@type":"Organization","@id":"https:\/\/alice.ch\/fr\/#organization","name":"FSEA F\u00e9d\u00e9ration suisse pour la formation continue","url":"https:\/\/alice.ch\/fr\/","logo":{"@type":"ImageObject","inLanguage":"fr-FR","@id":"https:\/\/alice.ch\/fr\/#\/schema\/logo\/image\/","url":"https:\/\/alice.ch\/app\/uploads\/2022\/07\/logo-sveb.png","contentUrl":"https:\/\/alice.ch\/app\/uploads\/2022\/07\/logo-sveb.png","width":145,"height":64,"caption":"FSEA F\u00e9d\u00e9ration suisse pour la formation continue"},"image":{"@id":"https:\/\/alice.ch\/fr\/#\/schema\/logo\/image\/"},"sameAs":["https:\/\/www.linkedin.com\/company\/schweizerischer-verband-fr-weiterbildung-sveb\/"]}]}},"_links":{"self":[{"href":"https:\/\/alice.ch\/fr\/wp-json\/wp\/v2\/pages\/11231","targetHints":{"allow":["GET"]}}],"collection":[{"href":"https:\/\/alice.ch\/fr\/wp-json\/wp\/v2\/pages"}],"about":[{"href":"https:\/\/alice.ch\/fr\/wp-json\/wp\/v2\/types\/page"}],"author":[{"embeddable":true,"href":"https:\/\/alice.ch\/fr\/wp-json\/wp\/v2\/users\/8"}],"replies":[{"embeddable":true,"href":"https:\/\/alice.ch\/fr\/wp-json\/wp\/v2\/comments?post=11231"}],"version-history":[{"count":20,"href":"https:\/\/alice.ch\/fr\/wp-json\/wp\/v2\/pages\/11231\/revisions"}],"predecessor-version":[{"id":59218,"href":"https:\/\/alice.ch\/fr\/wp-json\/wp\/v2\/pages\/11231\/revisions\/59218"}],"up":[{"embeddable":true,"href":"https:\/\/alice.ch\/fr\/wp-json\/wp\/v2\/pages\/11227"}],"wp:featuredmedia":[{"embeddable":true,"href":"https:\/\/alice.ch\/fr\/wp-json\/wp\/v2\/media\/20799"}],"wp:attachment":[{"href":"https:\/\/alice.ch\/fr\/wp-json\/wp\/v2\/media?parent=11231"}],"curies":[{"name":"wp","href":"https:\/\/api.w.org\/{rel}","templated":true}]}}