{"id":11233,"date":"2022-08-16T17:46:32","date_gmt":"2022-08-16T15:46:32","guid":{"rendered":"https:\/\/projects.atxeit.ch\/sveb\/qualitaetslabel-eduqua\/zertifizierungsstellen-selbststaendig-und-akkreditiert\/"},"modified":"2026-04-13T15:08:23","modified_gmt":"2026-04-13T13:08:23","slug":"instances-de-certification","status":"publish","type":"page","link":"https:\/\/alice.ch\/fr\/qualite\/eduqua\/instances-de-certification\/","title":{"rendered":"Instances de certification"},"content":{"rendered":"\n<div class=\"wp-block-group is-style-reduced-width is-layout-flow wp-block-group-is-layout-flow\">\n<h1 class=\"wp-block-heading\">Instances de certification \u2013 autonomes et accr\u00e9dit\u00e9es<\/h1>\n\n\n\n<p class=\"is-style-lead\">La certification eduQua ne rel\u00e8ve pas de la comp\u00e9tence du secr\u00e9tariat eduQua. L&rsquo;examen et la certification sont effectu\u00e9s par des instances de certification autonomes et accr\u00e9dit\u00e9es, sur mandat d&rsquo;eduQua dans toutes les r\u00e9gions de Suisse.<\/p>\n\n\n\n<p>Elles m\u00e8nent la proc\u00e9dure de certification avec l&rsquo;institution, v\u00e9rifient la documentation, proc\u00e8dent \u00e0 un audit sur place et \u00e9tablissent un rapport de certification. Pendant la dur\u00e9e de validit\u00e9 du certificat, les instances de certification proc\u00e8dent \u00e0 des audits interm\u00e9diaires annuels. Et tous les trois ans, ils proc\u00e8dent \u00e0 la recertification pour le renouvellement du certificat.<\/p>\n\n\n\n<h2 class=\"wp-block-heading\">Instances de certification<\/h2>\n\n\n\n<p>Les six instances de certification suivantes sont autoris\u00e9es \u00e0 certifier eduQua:<\/p>\n\n\n\n<figure class=\"wp-block-table is-style-stripes\"><table><tbody><tr><td><strong>IOL<\/strong><\/td><td><a href=\"https:\/\/www.ost.ch\/de\/forschung-und-dienstleistungen\/wirtschaft\/iqb-institut-fuer-qualitaetsmanagement-und-angewandte-betriebswirtschaft\/zertifizierungsstelle-eduqua-iso-29990\/zertifizierung-nach-eduqua\" target=\"_blank\" rel=\"noreferrer noopener\">OST \u2013 Ostschweizer Fachhochschule<br>Institut f\u00fcr Organisation und Leadership<\/a><br>Rosenbergstrasse 59, Postfach, 9001 St. Gallen<br>T\u00e9l. 071 226 17 62<br>Contact :&nbsp;<a href=\"mailto:antonella.minosi@ost.ch\" target=\"_blank\" rel=\"noreferrer noopener\">Antonella Minosi<\/a>, responsable de projets<br>Responsable de l&rsquo;instance de certification:&nbsp;<a href=\"mailto:lukas.scherer@ost.ch\" target=\"_blank\" rel=\"noreferrer noopener\">Prof. Dr. Lukas Scherer<\/a><\/td><\/tr><tr><td><strong>ProCert<\/strong><\/td><td><a href=\"https:\/\/procert.ch\/fr\/accueil-14.html\" target=\"_blank\" rel=\"noreferrer noopener\">ProCert SA<\/a><br>Marktgasse 65, 3011 Bern<br>T\u00e9l. 024 425 01 20<br>Mobile : 078 711 20 02<br>Contact :&nbsp;<a href=\"mailto:d.fernandez@procert.ch\" target=\"_blank\" rel=\"noreferrer noopener\">Domingo Fernandez<\/a><\/td><\/tr><tr><td><strong><strong>Servizio Certificazione SUPSI<\/strong><\/strong><\/td><td><a href=\"https:\/\/www.supsi.ch\/it\/servizio-di-certificazione\" target=\"_blank\" rel=\"noreferrer noopener\">Servizio qualit\u00e0&nbsp;<br>Scuola Universitaria Professionale Svizzera italiana (SUPSI)<\/a><br>Via Pobiette 11, 6928 Manno<br>T\u00e9l. 058 666 60 22<br>Contact:&nbsp;<a href=\"mailto:thomas.tommasini@supsi.ch\" target=\"_blank\" rel=\"noreferrer noopener\">Thomas Tommasini<\/a><\/td><\/tr><tr><td><strong><strong><strong>SGS<\/strong><\/strong><\/strong><\/td><td><a href=\"https:\/\/www.sgs.com\/fr-ch\/notre-entreprise\/a-propos-de-sgs\/sgs-en-suisse\">SGS Soci\u00e9t\u00e9 G\u00e9n\u00e9rale de Surveillance SA<\/a>, Geneva branch<br>Rue Sigismond-Thalberg 2, 1201 Gen\u00e8ve<br>T\u00e9l. 022 739 97 55<br>Contact:&nbsp;<a href=\"mailto:chcertification@sgs.com\">Sonia Dubrulle<\/a><\/td><\/tr><tr><td><strong><strong><strong>S<\/strong><\/strong><\/strong>QS<\/td><td><a href=\"https:\/\/www.sqs.ch\/fr\" target=\"_blank\" rel=\"noreferrer noopener\">Association Suisse pour Syst\u00e8mes de Qualit\u00e9 et de Management (SQS)<\/a><br>Bernstrasse 103, Case postale 686, 3052 Zollikofen<br>T\u00e9l. 058 710 35 35<br>Contact : <a href=\"mailto:severin.cucco@sqs.ch\" target=\"_blank\" rel=\"noreferrer noopener\">Severin Cucco<\/a><\/td><\/tr><tr><td><strong><strong><strong><strong>Swiss Safety Center<\/strong><\/strong><\/strong><\/strong><\/td><td><a href=\"https:\/\/www.safetycenter.ch\/fr\" target=\"_blank\" rel=\"noreferrer noopener\">Swiss Safety Center AG<\/a><br>Richtistrasse 15, 8304 Wallisellen<br>T\u00e9l. 044 877 62 30<br>Contact:\u00a0<a href=\"mailto:andrea.mueller@safetycenter.ch\" target=\"_blank\" rel=\"noreferrer noopener\">Andrea M\u00fcller<\/a><\/td><\/tr><\/tbody><\/table><\/figure>\n\n\n\n<div class=\"wp-block-group is-style-run-to-edge has-primary-background-color has-background is-layout-flow wp-block-group-is-layout-flow\">\n<p class=\"is-style-lead\"><strong>Attention:<\/strong>&nbsp;uniquement ces instances de certification mentionn\u00e9es sont accr\u00e9dit\u00e9es pour la certification eduQua par le SAS (Service d&rsquo;Accr\u00e9ditation Suisse).<\/p>\n<\/div>\n\n\n\n<h2 class=\"wp-block-heading\">Contact<\/h2>\n\n\n\n<div class=\"wp-block-columns is-layout-flex wp-container-core-columns-is-layout-28f84493 wp-block-columns-is-layout-flex\">\n<div class=\"wp-block-column is-layout-flow wp-block-column-is-layout-flow\" style=\"flex-basis:50%\"><div class=\"contact-persons\">\n\n\t\t\t\t\t<div class=\"contact-person\">\n\t\t\t\t\tSecr\u00e9tariat r\u00e9gional eduQua<br \/>\t\t\t\t\tFSEA F\u00e9d\u00e9ration suisse pour la formation continue<br \/>\t\t\t\t\t<br \/>\n\t\t\t\t\tRue de Gen\u00e8ve 88b<br \/>\r\n1004 Lausanne<br \/>\t\t\t\t\t<a href=\"tel:+41 (0)22 994 20 10\">+41 (0)22 994 20 10<\/a><br \/>\t\t\t\t\t<a href=\"mailto:fsea@alice.ch\">fsea@alice.ch<\/a><br \/>\t\t\t\t\t<\/div>\n\t\t\t\t\t<\/div>\n<\/div>\n\n\n\n<div class=\"wp-block-column is-layout-flow wp-block-column-is-layout-flow\" style=\"flex-basis:50%\"><\/div>\n<\/div>\n<\/div>\n","protected":false},"excerpt":{"rendered":"<p>Instances de certification \u2013 autonomes et accr\u00e9dit\u00e9es La certification eduQua ne rel\u00e8ve pas de la comp\u00e9tence du secr\u00e9tariat eduQua. L&rsquo;examen [&hellip;]<\/p>\n","protected":false},"author":4,"featured_media":20799,"parent":11227,"menu_order":572,"comment_status":"closed","ping_status":"closed","template":"","meta":{"_acf_changed":false,"inline_featured_image":false,"footnotes":""},"class_list":["post-11233","page","type-page","status-publish","has-post-thumbnail","hentry"],"acf":[],"yoast_head":"<!-- This site is optimized with the Yoast SEO plugin v27.3 - https:\/\/yoast.com\/product\/yoast-seo-wordpress\/ -->\n<title>Instances de certification - FSEA<\/title>\n<meta name=\"description\" content=\"Ces six instances de certification sont autoris\u00e9s \u00e0 proc\u00e9der \u00e0 des certifications pour eduQua, le label suisse de qualit\u00e9.\" \/>\n<meta name=\"robots\" content=\"index, follow, max-snippet:-1, max-image-preview:large, max-video-preview:-1\" \/>\n<link rel=\"canonical\" href=\"https:\/\/alice.ch\/fr\/qualite\/eduqua\/instances-de-certification\/\" \/>\n<meta property=\"og:locale\" content=\"fr_FR\" \/>\n<meta property=\"og:type\" content=\"article\" \/>\n<meta property=\"og:title\" content=\"Instances de certification - FSEA\" \/>\n<meta property=\"og:description\" content=\"Ces six instances de certification sont autoris\u00e9s \u00e0 proc\u00e9der \u00e0 des certifications pour eduQua, le label suisse de qualit\u00e9.\" \/>\n<meta property=\"og:url\" content=\"https:\/\/alice.ch\/fr\/qualite\/eduqua\/instances-de-certification\/\" \/>\n<meta property=\"og:site_name\" content=\"SVEB\" \/>\n<meta property=\"article:modified_time\" content=\"2026-04-13T13:08:23+00:00\" \/>\n<meta name=\"twitter:card\" content=\"summary_large_image\" \/>\n<meta name=\"twitter:label1\" content=\"Dur\u00e9e de lecture estim\u00e9e\" \/>\n\t<meta name=\"twitter:data1\" content=\"2 minutes\" \/>\n<script type=\"application\/ld+json\" class=\"yoast-schema-graph\">{\"@context\":\"https:\\\/\\\/schema.org\",\"@graph\":[{\"@type\":\"WebPage\",\"@id\":\"https:\\\/\\\/alice.ch\\\/fr\\\/qualite\\\/eduqua\\\/instances-de-certification\\\/\",\"url\":\"https:\\\/\\\/alice.ch\\\/fr\\\/qualite\\\/eduqua\\\/instances-de-certification\\\/\",\"name\":\"Instances de certification - FSEA\",\"isPartOf\":{\"@id\":\"https:\\\/\\\/alice.ch\\\/fr\\\/#website\"},\"primaryImageOfPage\":{\"@id\":\"https:\\\/\\\/alice.ch\\\/fr\\\/qualite\\\/eduqua\\\/instances-de-certification\\\/#primaryimage\"},\"image\":{\"@id\":\"https:\\\/\\\/alice.ch\\\/fr\\\/qualite\\\/eduqua\\\/instances-de-certification\\\/#primaryimage\"},\"thumbnailUrl\":\"https:\\\/\\\/alice.ch\\\/app\\\/uploads\\\/2022\\\/11\\\/default.jpg\",\"datePublished\":\"2022-08-16T15:46:32+00:00\",\"dateModified\":\"2026-04-13T13:08:23+00:00\",\"description\":\"Ces six instances de certification sont autoris\u00e9s \u00e0 proc\u00e9der \u00e0 des certifications pour eduQua, le label suisse de qualit\u00e9.\",\"breadcrumb\":{\"@id\":\"https:\\\/\\\/alice.ch\\\/fr\\\/qualite\\\/eduqua\\\/instances-de-certification\\\/#breadcrumb\"},\"inLanguage\":\"fr-FR\",\"potentialAction\":[{\"@type\":\"ReadAction\",\"target\":[\"https:\\\/\\\/alice.ch\\\/fr\\\/qualite\\\/eduqua\\\/instances-de-certification\\\/\"]}]},{\"@type\":\"ImageObject\",\"inLanguage\":\"fr-FR\",\"@id\":\"https:\\\/\\\/alice.ch\\\/fr\\\/qualite\\\/eduqua\\\/instances-de-certification\\\/#primaryimage\",\"url\":\"https:\\\/\\\/alice.ch\\\/app\\\/uploads\\\/2022\\\/11\\\/default.jpg\",\"contentUrl\":\"https:\\\/\\\/alice.ch\\\/app\\\/uploads\\\/2022\\\/11\\\/default.jpg\",\"width\":1600,\"height\":900},{\"@type\":\"BreadcrumbList\",\"@id\":\"https:\\\/\\\/alice.ch\\\/fr\\\/qualite\\\/eduqua\\\/instances-de-certification\\\/#breadcrumb\",\"itemListElement\":[{\"@type\":\"ListItem\",\"position\":1,\"name\":\"Page d'accueil\",\"item\":\"https:\\\/\\\/alice.ch\\\/fr\\\/\"},{\"@type\":\"ListItem\",\"position\":2,\"name\":\"Qualit\u00e9\",\"item\":\"https:\\\/\\\/alice.ch\\\/fr\\\/qualite\\\/\"},{\"@type\":\"ListItem\",\"position\":3,\"name\":\"Le label qualit\u00e9 eduQua\",\"item\":\"https:\\\/\\\/alice.ch\\\/fr\\\/qualite\\\/eduqua\\\/\"},{\"@type\":\"ListItem\",\"position\":4,\"name\":\"Instances de certification\"}]},{\"@type\":\"WebSite\",\"@id\":\"https:\\\/\\\/alice.ch\\\/fr\\\/#website\",\"url\":\"https:\\\/\\\/alice.ch\\\/fr\\\/\",\"name\":\"alice.ch (Adult Learning Information Center) ist das Portal der Weiterbildung in der Schweiz.\",\"description\":\"Schweizerischer Verband f\u00fcr Weiterbildung\",\"publisher\":{\"@id\":\"https:\\\/\\\/alice.ch\\\/fr\\\/#organization\"},\"potentialAction\":[{\"@type\":\"SearchAction\",\"target\":{\"@type\":\"EntryPoint\",\"urlTemplate\":\"https:\\\/\\\/alice.ch\\\/fr\\\/?s={search_term_string}\"},\"query-input\":{\"@type\":\"PropertyValueSpecification\",\"valueRequired\":true,\"valueName\":\"search_term_string\"}}],\"inLanguage\":\"fr-FR\"},{\"@type\":\"Organization\",\"@id\":\"https:\\\/\\\/alice.ch\\\/fr\\\/#organization\",\"name\":\"FSEA F\u00e9d\u00e9ration suisse pour la formation continue\",\"url\":\"https:\\\/\\\/alice.ch\\\/fr\\\/\",\"logo\":{\"@type\":\"ImageObject\",\"inLanguage\":\"fr-FR\",\"@id\":\"https:\\\/\\\/alice.ch\\\/fr\\\/#\\\/schema\\\/logo\\\/image\\\/\",\"url\":\"https:\\\/\\\/alice.ch\\\/app\\\/uploads\\\/2022\\\/07\\\/logo-sveb.png\",\"contentUrl\":\"https:\\\/\\\/alice.ch\\\/app\\\/uploads\\\/2022\\\/07\\\/logo-sveb.png\",\"width\":145,\"height\":64,\"caption\":\"FSEA F\u00e9d\u00e9ration suisse pour la formation continue\"},\"image\":{\"@id\":\"https:\\\/\\\/alice.ch\\\/fr\\\/#\\\/schema\\\/logo\\\/image\\\/\"},\"sameAs\":[\"https:\\\/\\\/www.linkedin.com\\\/company\\\/schweizerischer-verband-fr-weiterbildung-sveb\\\/\"]}]}<\/script>\n<!-- \/ Yoast SEO plugin. -->","yoast_head_json":{"title":"Instances de certification - FSEA","description":"Ces six instances de certification sont autoris\u00e9s \u00e0 proc\u00e9der \u00e0 des certifications pour eduQua, le label suisse de qualit\u00e9.","robots":{"index":"index","follow":"follow","max-snippet":"max-snippet:-1","max-image-preview":"max-image-preview:large","max-video-preview":"max-video-preview:-1"},"canonical":"https:\/\/alice.ch\/fr\/qualite\/eduqua\/instances-de-certification\/","og_locale":"fr_FR","og_type":"article","og_title":"Instances de certification - FSEA","og_description":"Ces six instances de certification sont autoris\u00e9s \u00e0 proc\u00e9der \u00e0 des certifications pour eduQua, le label suisse de qualit\u00e9.","og_url":"https:\/\/alice.ch\/fr\/qualite\/eduqua\/instances-de-certification\/","og_site_name":"SVEB","article_modified_time":"2026-04-13T13:08:23+00:00","twitter_card":"summary_large_image","twitter_misc":{"Dur\u00e9e de lecture estim\u00e9e":"2 minutes"},"schema":{"@context":"https:\/\/schema.org","@graph":[{"@type":"WebPage","@id":"https:\/\/alice.ch\/fr\/qualite\/eduqua\/instances-de-certification\/","url":"https:\/\/alice.ch\/fr\/qualite\/eduqua\/instances-de-certification\/","name":"Instances de certification - FSEA","isPartOf":{"@id":"https:\/\/alice.ch\/fr\/#website"},"primaryImageOfPage":{"@id":"https:\/\/alice.ch\/fr\/qualite\/eduqua\/instances-de-certification\/#primaryimage"},"image":{"@id":"https:\/\/alice.ch\/fr\/qualite\/eduqua\/instances-de-certification\/#primaryimage"},"thumbnailUrl":"https:\/\/alice.ch\/app\/uploads\/2022\/11\/default.jpg","datePublished":"2022-08-16T15:46:32+00:00","dateModified":"2026-04-13T13:08:23+00:00","description":"Ces six instances de certification sont autoris\u00e9s \u00e0 proc\u00e9der \u00e0 des certifications pour eduQua, le label suisse de qualit\u00e9.","breadcrumb":{"@id":"https:\/\/alice.ch\/fr\/qualite\/eduqua\/instances-de-certification\/#breadcrumb"},"inLanguage":"fr-FR","potentialAction":[{"@type":"ReadAction","target":["https:\/\/alice.ch\/fr\/qualite\/eduqua\/instances-de-certification\/"]}]},{"@type":"ImageObject","inLanguage":"fr-FR","@id":"https:\/\/alice.ch\/fr\/qualite\/eduqua\/instances-de-certification\/#primaryimage","url":"https:\/\/alice.ch\/app\/uploads\/2022\/11\/default.jpg","contentUrl":"https:\/\/alice.ch\/app\/uploads\/2022\/11\/default.jpg","width":1600,"height":900},{"@type":"BreadcrumbList","@id":"https:\/\/alice.ch\/fr\/qualite\/eduqua\/instances-de-certification\/#breadcrumb","itemListElement":[{"@type":"ListItem","position":1,"name":"Page d'accueil","item":"https:\/\/alice.ch\/fr\/"},{"@type":"ListItem","position":2,"name":"Qualit\u00e9","item":"https:\/\/alice.ch\/fr\/qualite\/"},{"@type":"ListItem","position":3,"name":"Le label qualit\u00e9 eduQua","item":"https:\/\/alice.ch\/fr\/qualite\/eduqua\/"},{"@type":"ListItem","position":4,"name":"Instances de certification"}]},{"@type":"WebSite","@id":"https:\/\/alice.ch\/fr\/#website","url":"https:\/\/alice.ch\/fr\/","name":"alice.ch (Adult Learning Information Center) ist das Portal der Weiterbildung in der Schweiz.","description":"Schweizerischer Verband f\u00fcr Weiterbildung","publisher":{"@id":"https:\/\/alice.ch\/fr\/#organization"},"potentialAction":[{"@type":"SearchAction","target":{"@type":"EntryPoint","urlTemplate":"https:\/\/alice.ch\/fr\/?s={search_term_string}"},"query-input":{"@type":"PropertyValueSpecification","valueRequired":true,"valueName":"search_term_string"}}],"inLanguage":"fr-FR"},{"@type":"Organization","@id":"https:\/\/alice.ch\/fr\/#organization","name":"FSEA F\u00e9d\u00e9ration suisse pour la formation continue","url":"https:\/\/alice.ch\/fr\/","logo":{"@type":"ImageObject","inLanguage":"fr-FR","@id":"https:\/\/alice.ch\/fr\/#\/schema\/logo\/image\/","url":"https:\/\/alice.ch\/app\/uploads\/2022\/07\/logo-sveb.png","contentUrl":"https:\/\/alice.ch\/app\/uploads\/2022\/07\/logo-sveb.png","width":145,"height":64,"caption":"FSEA F\u00e9d\u00e9ration suisse pour la formation continue"},"image":{"@id":"https:\/\/alice.ch\/fr\/#\/schema\/logo\/image\/"},"sameAs":["https:\/\/www.linkedin.com\/company\/schweizerischer-verband-fr-weiterbildung-sveb\/"]}]}},"_links":{"self":[{"href":"https:\/\/alice.ch\/fr\/wp-json\/wp\/v2\/pages\/11233","targetHints":{"allow":["GET"]}}],"collection":[{"href":"https:\/\/alice.ch\/fr\/wp-json\/wp\/v2\/pages"}],"about":[{"href":"https:\/\/alice.ch\/fr\/wp-json\/wp\/v2\/types\/page"}],"author":[{"embeddable":true,"href":"https:\/\/alice.ch\/fr\/wp-json\/wp\/v2\/users\/4"}],"replies":[{"embeddable":true,"href":"https:\/\/alice.ch\/fr\/wp-json\/wp\/v2\/comments?post=11233"}],"version-history":[{"count":40,"href":"https:\/\/alice.ch\/fr\/wp-json\/wp\/v2\/pages\/11233\/revisions"}],"predecessor-version":[{"id":74934,"href":"https:\/\/alice.ch\/fr\/wp-json\/wp\/v2\/pages\/11233\/revisions\/74934"}],"up":[{"embeddable":true,"href":"https:\/\/alice.ch\/fr\/wp-json\/wp\/v2\/pages\/11227"}],"wp:featuredmedia":[{"embeddable":true,"href":"https:\/\/alice.ch\/fr\/wp-json\/wp\/v2\/media\/20799"}],"wp:attachment":[{"href":"https:\/\/alice.ch\/fr\/wp-json\/wp\/v2\/media?parent=11233"}],"curies":[{"name":"wp","href":"https:\/\/api.w.org\/{rel}","templated":true}]}}