{"id":11250,"date":"2022-08-16T17:50:29","date_gmt":"2022-08-16T15:50:29","guid":{"rendered":"https:\/\/projects.atxeit.ch\/sveb\/qualitaet-in-der-weiterbildung\/"},"modified":"2025-06-19T15:24:33","modified_gmt":"2025-06-19T13:24:33","slug":"qualite-dans-la-formation-continue","status":"publish","type":"page","link":"https:\/\/alice.ch\/fr\/qualite\/qualite-dans-la-formation-continue\/","title":{"rendered":"Qualit\u00e9 dans la formation continue"},"content":{"rendered":"\n<div class=\"wp-block-group is-style-reduced-width is-layout-flow wp-block-group-is-layout-flow\">\n<h1 class=\"wp-block-heading\">La qualit\u00e9 dans la formation continue, un th\u00e8me important pour l\u2019ensemble des participants et participantes&nbsp;<\/h1>\n\n\n\n<p class=\"is-style-lead\">La formation continue joue un r\u00f4le majeur dans l\u2019\u00e9conomie et la soci\u00e9t\u00e9 ainsi que dans le syst\u00e8me de formation. La loi sur la formation continue (LFCo) de 2017 a pour but de promouvoir en Suisse l\u2019acc\u00e8s \u00e0 tous les adultes aux offres de formation continue.<\/p>\n\n\n\n<p>La LFCo d\u00e9finit en outre des principes importants pour assurer et d\u00e9velopper la qualit\u00e9. La responsabilit\u00e9 en incombe essentiellement aux prestataires de la formation continue. La Conf\u00e9d\u00e9ration et les cantons peuvent \u00e9galement soutenir des proc\u00e9dures d\u2019assurance et de d\u00e9veloppement de la qualit\u00e9 afin de garantir la transparence et la comparabilit\u00e9 des fili\u00e8res et des dipl\u00f4mes de la formation continue.&nbsp;<\/p>\n\n\n\n<p>La promotion de la qualit\u00e9 dans la formation continue constitue un axe majeur pour la FSEA. Les th\u00e8mes et activit\u00e9s pour les prestataires, la client\u00e8le, les structures publiques de promotion et les sp\u00e9cialistes de la qualit\u00e9 sont document\u00e9s dans les pages suivantes.&nbsp;<\/p>\n\n\n\n<p>Le d\u00e9partement Qualit\u00e9 dans la formation continue collabore avec des organisations partenaires. Les prestations de la FSEA b\u00e9n\u00e9ficient du soutien du Secr\u00e9tariat d\u2019\u00c9tat \u00e0 la formation, \u00e0 la recherche et \u00e0 l\u2019innovation (SEFRI) dans le cadre de la convention de prestations.<\/p>\n\n\n\n<div class=\"wp-block-media-text alignwide is-stacked-on-mobile is-style-icon-text\"><figure class=\"wp-block-media-text__media\"><a href=\"https:\/\/alice.ch\/fr\/qualite\/qualite-dans-la-formation-continue\/focus-qualite\/\"><img decoding=\"async\" width=\"300\" height=\"249\" src=\"https:\/\/alice.ch\/app\/uploads\/2022\/10\/icon-q-management-300x249.png\" alt=\"\" class=\"wp-image-4516 size-medium\" srcset=\"https:\/\/alice.ch\/app\/uploads\/2022\/10\/icon-q-management-300x249.png 300w, https:\/\/alice.ch\/app\/uploads\/2022\/10\/icon-q-management.png 466w\" sizes=\"(max-width: 300px) 100vw, 300px\" \/><\/a><\/figure><div class=\"wp-block-media-text__content\">\n<h2 class=\"wp-block-heading\"><a href=\"https:\/\/alice.ch\/fr\/qualite\/qualite-dans-la-formation-continue\/focus-qualite\/\">Gros plan sur la qualit\u00e9 dans la formation continue<\/a><\/h2>\n\n\n\n<p>Th\u00e8mes et \u00e9v\u00e9nements actuels ainsi que r\u00e9sultats des journ\u00e9es et ateliers nationaux sur la qualit\u00e9<\/p>\n<\/div><\/div>\n\n\n\n<hr class=\"wp-block-separator has-alpha-channel-opacity is-style-wide\"\/>\n\n\n\n<div class=\"wp-block-media-text alignwide is-stacked-on-mobile is-style-icon-text\"><figure class=\"wp-block-media-text__media\"><a href=\"https:\/\/alice.ch\/fr\/qualite\/qualite-dans-la-formation-continue\/gestion-de-la-qualite-dans-linstitution-de-formation-continue\/\"><img decoding=\"async\" src=\"https:\/\/alice.ch\/app\/uploads\/2022\/10\/icon-qualita\u0308tsmanagementsystem.png\" alt=\"\" class=\"wp-image-2622 size-medium\"\/><\/a><\/figure><div class=\"wp-block-media-text__content\">\n<h2 class=\"wp-block-heading\"><a href=\"https:\/\/alice.ch\/fr\/qualite\/qualite-dans-la-formation-continue\/gestion-de-la-qualite-dans-linstitution-de-formation-continue\/\">Gestion de la qualit\u00e9 dans l\u2019institution de formation continue<\/a>&nbsp;<\/h2>\n\n\n\n<p>Bases et mod\u00e8les pratiques pour assurer et d\u00e9velopper au quotidien la qualit\u00e9 de l\u2019institution de formation.<\/p>\n<\/div><\/div>\n\n\n\n<hr class=\"wp-block-separator has-alpha-channel-opacity is-style-wide\"\/>\n\n\n\n<div class=\"wp-block-media-text alignwide is-stacked-on-mobile is-style-icon-text\"><figure class=\"wp-block-media-text__media\"><a href=\"https:\/\/alice.ch\/fr\/qualite\/qualite-dans-la-formation-continue\/les-labels-qualite-dans-la-formation-continue\/\"><img decoding=\"async\" width=\"300\" height=\"216\" src=\"https:\/\/alice.ch\/app\/uploads\/2022\/10\/icon-q-uebersicht-300x216.png\" alt=\"\" class=\"wp-image-4520 size-medium\" srcset=\"https:\/\/alice.ch\/app\/uploads\/2022\/10\/icon-q-uebersicht-300x216.png 300w, https:\/\/alice.ch\/app\/uploads\/2022\/10\/icon-q-uebersicht.png 608w\" sizes=\"(max-width: 300px) 100vw, 300px\" \/><\/a><\/figure><div class=\"wp-block-media-text__content\">\n<h2 class=\"wp-block-heading\"><a href=\"https:\/\/alice.ch\/de\/qualitaet\/qualitaet-in-der-weiterbildung\/qualitaetslabels\/\"><\/a><a href=\"https:\/\/alice.ch\/fr\/qualite\/qualite-dans-la-formation-continue\/les-labels-qualite-dans-la-formation-continue\/\">Aper\u00e7u des labels de qualit\u00e9 dans la formation continue<strong>&nbsp;<\/strong><\/a><\/h2>\n\n\n\n<p>Les principaux labels, mod\u00e8les et certificats pour la formation continue suisse<\/p>\n<\/div><\/div>\n\n\n\n<hr class=\"wp-block-separator has-alpha-channel-opacity is-style-wide\"\/>\n\n\n\n<div class=\"wp-block-media-text alignwide is-stacked-on-mobile is-style-icon-text\"><figure class=\"wp-block-media-text__media\"><a href=\"https:\/\/alice.ch\/fr\/qualite\/qualite-dans-la-formation-continue\/normes-de-qualite-pour-les-offres-en-ligne\/\"><img decoding=\"async\" width=\"500\" height=\"500\" src=\"https:\/\/alice.ch\/app\/uploads\/2022\/10\/e-Learning-1.png\" alt=\"\" class=\"wp-image-5854 size-medium\" srcset=\"https:\/\/alice.ch\/app\/uploads\/2022\/10\/e-Learning-1.png 500w, https:\/\/alice.ch\/app\/uploads\/2022\/10\/e-Learning-1-300x300.png 300w, https:\/\/alice.ch\/app\/uploads\/2022\/10\/e-Learning-1-150x150.png 150w\" sizes=\"(max-width: 500px) 100vw, 500px\" \/><\/a><\/figure><div class=\"wp-block-media-text__content\">\n<h2 class=\"wp-block-heading\"><a href=\"https:\/\/alice.ch\/fr\/qualite\/qualite-dans-la-formation-continue\/normes-de-qualite-pour-les-offres-en-ligne\/\">Normes de qualit\u00e9 pour les offres e-learning<\/a><\/h2>\n\n\n\n<p>Des directives ou des labels sp\u00e9cifiques peuvent contribuer \u00e0 aborder de mani\u00e8re strat\u00e9gique l&rsquo;assurance et le d\u00e9veloppement de la qualit\u00e9 des offres d&rsquo;e-learning.<\/p>\n<\/div><\/div>\n\n\n\n<hr class=\"wp-block-separator has-alpha-channel-opacity is-style-wide\"\/>\n\n\n\n<div class=\"wp-block-media-text alignwide is-stacked-on-mobile is-style-icon-text\"><figure class=\"wp-block-media-text__media\"><a href=\"https:\/\/alice.ch\/fr\/qualite\/qualite-dans-la-formation-continue\/annonces-de-cours-transparentes\/\"><img decoding=\"async\" width=\"441\" height=\"482\" src=\"https:\/\/alice.ch\/app\/uploads\/2022\/11\/icon-transparente-kursausschreibung.jpeg\" alt=\"\" class=\"wp-image-6705 size-full\" srcset=\"https:\/\/alice.ch\/app\/uploads\/2022\/11\/icon-transparente-kursausschreibung.jpeg 441w, https:\/\/alice.ch\/app\/uploads\/2022\/11\/icon-transparente-kursausschreibung-274x300.jpeg 274w\" sizes=\"(max-width: 441px) 100vw, 441px\" \/><\/a><\/figure><div class=\"wp-block-media-text__content\">\n<h2 class=\"wp-block-heading\"><a href=\"https:\/\/alice.ch\/fr\/qualite\/qualite-dans-la-formation-continue\/annonces-de-cours-transparentes\/\">Pr\u00e9sentation transparente des cours<\/a><\/h2>\n\n\n\n<p>Comment les prestataires de formation continue peuvent-ils pr\u00e9senter les informations sur les offres de formation afin de permettre aux personnes int\u00e9ress\u00e9es de bien choisir leur cours ?<\/p>\n<\/div><\/div>\n\n\n\n<hr class=\"wp-block-separator has-alpha-channel-opacity is-style-wide\"\/>\n\n\n\n<div class=\"wp-block-media-text alignwide is-stacked-on-mobile is-style-icon-text\"><figure class=\"wp-block-media-text__media\"><a href=\"https:\/\/alice.ch\/fr\/qualite\/qualite-dans-la-formation-continue\/check-list-pour-les-participants\/\"><img decoding=\"async\" width=\"417\" height=\"500\" src=\"https:\/\/alice.ch\/app\/uploads\/2024\/08\/icon-checkliste.png\" alt=\"\" class=\"wp-image-61726 size-full\" srcset=\"https:\/\/alice.ch\/app\/uploads\/2024\/08\/icon-checkliste.png 417w, https:\/\/alice.ch\/app\/uploads\/2024\/08\/icon-checkliste-250x300.png 250w\" sizes=\"(max-width: 417px) 100vw, 417px\" \/><\/a><\/figure><div class=\"wp-block-media-text__content\">\n<h2 class=\"wp-block-heading\"><a href=\"https:\/\/alice.ch\/fr\/qualite\/qualite-dans-la-formation-continue\/check-list-pour-les-participants\/\">Check-list pour les participants aux cours<\/a><\/h2>\n\n\n\n<p>La check-list a pour but d\u2019aider les participants potentiels aux cours \u00e0 trouver une offre de formation continue adapt\u00e9e, qui r\u00e9ponde aux besoins et aux attentes individuelles.<\/p>\n<\/div><\/div>\n\n\n\n<hr class=\"wp-block-separator has-alpha-channel-opacity is-style-wide\"\/>\n\n\n\n<div class=\"wp-block-media-text alignwide is-stacked-on-mobile is-style-icon-text\"><figure class=\"wp-block-media-text__media\"><a href=\"https:\/\/alice.ch\/fr\/qualite\/qualite-dans-la-formation-continue\/faq-sur-la-qualite\/\"><img decoding=\"async\" width=\"242\" height=\"257\" src=\"https:\/\/alice.ch\/app\/uploads\/2022\/10\/datenquellen.png\" alt=\"\" class=\"wp-image-5817 size-full\"\/><\/a><\/figure><div class=\"wp-block-media-text__content\">\n<h2 class=\"wp-block-heading\"><a href=\"https:\/\/alice.ch\/fr\/qualite\/qualite-dans-la-formation-continue\/faq-sur-la-qualite\/\">FAQ sur la qualit\u00e9<\/a><\/h2>\n\n\n\n<p>Une affiliation \u00e0 la FSEA est-elle un gage de qualit\u00e9? Que signifie le label eduQua et que signifie-t-il pour les cours labellis\u00e9s? Vous trouverez ici des r\u00e9ponses aux questions les plus fr\u00e9quemment pos\u00e9es sur la qualit\u00e9 dans la formation continue.<\/p>\n<\/div><\/div>\n\n\n\n<h2 class=\"wp-block-heading\">Contact<\/h2>\n\n\n\n<div class=\"wp-block-columns is-layout-flex wp-container-core-columns-is-layout-28f84493 wp-block-columns-is-layout-flex\">\n<div class=\"wp-block-column is-layout-flow wp-block-column-is-layout-flow\" style=\"flex-basis:50%\"><div class=\"contact-persons\">\n\n\t\t\t\t\t<div class=\"contact-person\">\n\t\t\t\t\tFSEA F\u00e9d\u00e9ration suisse pour la formation continue<br \/>\t\t\t\t\t\t\t\t\t\t<br \/>\n\t\t\t\t\tSecr\u00e9tariat romand<br \/>\r\nRue de Gen\u00e8ve 88b<br \/>\r\n1004 Lausanne<br \/>\t\t\t\t\t<a href=\"tel:+41 (0)22 994 20 10\">+41 (0)22 994 20 10<\/a><br \/>\t\t\t\t\t<a href=\"mailto:fsea@alice.ch\">fsea@alice.ch<\/a><br \/>\t\t\t\t\t<\/div>\n\t\t\t\t\t<\/div>\n<\/div>\n\n\n\n<div class=\"wp-block-column is-layout-flow wp-block-column-is-layout-flow\" style=\"flex-basis:50%\"><\/div>\n<\/div>\n<\/div>\n","protected":false},"excerpt":{"rendered":"<p>La qualit\u00e9 dans la formation continue, un th\u00e8me important pour l\u2019ensemble des participants et participantes&nbsp; La formation continue joue un [&hellip;]<\/p>\n","protected":false},"author":4,"featured_media":20799,"parent":17406,"menu_order":254,"comment_status":"closed","ping_status":"closed","template":"","meta":{"_acf_changed":false,"inline_featured_image":false,"footnotes":""},"class_list":["post-11250","page","type-page","status-publish","has-post-thumbnail","hentry"],"acf":[],"yoast_head":"<!-- This site is optimized with the Yoast SEO plugin v27.3 - https:\/\/yoast.com\/product\/yoast-seo-wordpress\/ -->\n<title>Qualit\u00e9 dans la formation continue - FSEA<\/title>\n<meta name=\"description\" content=\"La FSEA soutient les efforts de qualit\u00e9 des prestataires et encourage le d\u00e9bat public sur la qualit\u00e9 dans la formation continue.\" \/>\n<meta name=\"robots\" content=\"index, follow, max-snippet:-1, max-image-preview:large, max-video-preview:-1\" \/>\n<link rel=\"canonical\" href=\"https:\/\/alice.ch\/fr\/qualite\/qualite-dans-la-formation-continue\/\" \/>\n<meta property=\"og:locale\" content=\"fr_FR\" \/>\n<meta property=\"og:type\" content=\"article\" \/>\n<meta property=\"og:title\" content=\"Qualit\u00e9 dans la formation continue - FSEA\" \/>\n<meta property=\"og:description\" content=\"La FSEA soutient les efforts de qualit\u00e9 des prestataires et encourage le d\u00e9bat public sur la qualit\u00e9 dans la formation continue.\" \/>\n<meta property=\"og:url\" content=\"https:\/\/alice.ch\/fr\/qualite\/qualite-dans-la-formation-continue\/\" \/>\n<meta property=\"og:site_name\" content=\"SVEB\" \/>\n<meta property=\"article:modified_time\" content=\"2025-06-19T13:24:33+00:00\" \/>\n<meta property=\"og:image\" content=\"https:\/\/alice.ch\/app\/uploads\/2022\/10\/icon-q-management.png\" \/>\n\t<meta property=\"og:image:width\" content=\"466\" \/>\n\t<meta property=\"og:image:height\" content=\"387\" \/>\n\t<meta property=\"og:image:type\" content=\"image\/png\" \/>\n<meta name=\"twitter:card\" content=\"summary_large_image\" \/>\n<meta name=\"twitter:label1\" content=\"Dur\u00e9e de lecture estim\u00e9e\" \/>\n\t<meta name=\"twitter:data1\" content=\"3 minutes\" \/>\n<script type=\"application\/ld+json\" class=\"yoast-schema-graph\">{\"@context\":\"https:\\\/\\\/schema.org\",\"@graph\":[{\"@type\":\"WebPage\",\"@id\":\"https:\\\/\\\/alice.ch\\\/fr\\\/qualite\\\/qualite-dans-la-formation-continue\\\/\",\"url\":\"https:\\\/\\\/alice.ch\\\/fr\\\/qualite\\\/qualite-dans-la-formation-continue\\\/\",\"name\":\"Qualit\u00e9 dans la formation continue - FSEA\",\"isPartOf\":{\"@id\":\"https:\\\/\\\/alice.ch\\\/fr\\\/#website\"},\"primaryImageOfPage\":{\"@id\":\"https:\\\/\\\/alice.ch\\\/fr\\\/qualite\\\/qualite-dans-la-formation-continue\\\/#primaryimage\"},\"image\":{\"@id\":\"https:\\\/\\\/alice.ch\\\/fr\\\/qualite\\\/qualite-dans-la-formation-continue\\\/#primaryimage\"},\"thumbnailUrl\":\"https:\\\/\\\/alice.ch\\\/app\\\/uploads\\\/2022\\\/11\\\/default.jpg\",\"datePublished\":\"2022-08-16T15:50:29+00:00\",\"dateModified\":\"2025-06-19T13:24:33+00:00\",\"description\":\"La FSEA soutient les efforts de qualit\u00e9 des prestataires et encourage le d\u00e9bat public sur la qualit\u00e9 dans la formation continue.\",\"breadcrumb\":{\"@id\":\"https:\\\/\\\/alice.ch\\\/fr\\\/qualite\\\/qualite-dans-la-formation-continue\\\/#breadcrumb\"},\"inLanguage\":\"fr-FR\",\"potentialAction\":[{\"@type\":\"ReadAction\",\"target\":[\"https:\\\/\\\/alice.ch\\\/fr\\\/qualite\\\/qualite-dans-la-formation-continue\\\/\"]}]},{\"@type\":\"ImageObject\",\"inLanguage\":\"fr-FR\",\"@id\":\"https:\\\/\\\/alice.ch\\\/fr\\\/qualite\\\/qualite-dans-la-formation-continue\\\/#primaryimage\",\"url\":\"https:\\\/\\\/alice.ch\\\/app\\\/uploads\\\/2022\\\/11\\\/default.jpg\",\"contentUrl\":\"https:\\\/\\\/alice.ch\\\/app\\\/uploads\\\/2022\\\/11\\\/default.jpg\",\"width\":1600,\"height\":900},{\"@type\":\"BreadcrumbList\",\"@id\":\"https:\\\/\\\/alice.ch\\\/fr\\\/qualite\\\/qualite-dans-la-formation-continue\\\/#breadcrumb\",\"itemListElement\":[{\"@type\":\"ListItem\",\"position\":1,\"name\":\"Page d'accueil\",\"item\":\"https:\\\/\\\/alice.ch\\\/fr\\\/\"},{\"@type\":\"ListItem\",\"position\":2,\"name\":\"Qualit\u00e9\",\"item\":\"https:\\\/\\\/alice.ch\\\/fr\\\/qualite\\\/\"},{\"@type\":\"ListItem\",\"position\":3,\"name\":\"Qualit\u00e9 dans la formation continue\"}]},{\"@type\":\"WebSite\",\"@id\":\"https:\\\/\\\/alice.ch\\\/fr\\\/#website\",\"url\":\"https:\\\/\\\/alice.ch\\\/fr\\\/\",\"name\":\"alice.ch (Adult Learning Information Center) ist das Portal der Weiterbildung in der Schweiz.\",\"description\":\"Schweizerischer Verband f\u00fcr Weiterbildung\",\"publisher\":{\"@id\":\"https:\\\/\\\/alice.ch\\\/fr\\\/#organization\"},\"potentialAction\":[{\"@type\":\"SearchAction\",\"target\":{\"@type\":\"EntryPoint\",\"urlTemplate\":\"https:\\\/\\\/alice.ch\\\/fr\\\/?s={search_term_string}\"},\"query-input\":{\"@type\":\"PropertyValueSpecification\",\"valueRequired\":true,\"valueName\":\"search_term_string\"}}],\"inLanguage\":\"fr-FR\"},{\"@type\":\"Organization\",\"@id\":\"https:\\\/\\\/alice.ch\\\/fr\\\/#organization\",\"name\":\"FSEA F\u00e9d\u00e9ration suisse pour la formation continue\",\"url\":\"https:\\\/\\\/alice.ch\\\/fr\\\/\",\"logo\":{\"@type\":\"ImageObject\",\"inLanguage\":\"fr-FR\",\"@id\":\"https:\\\/\\\/alice.ch\\\/fr\\\/#\\\/schema\\\/logo\\\/image\\\/\",\"url\":\"https:\\\/\\\/alice.ch\\\/app\\\/uploads\\\/2022\\\/07\\\/logo-sveb.png\",\"contentUrl\":\"https:\\\/\\\/alice.ch\\\/app\\\/uploads\\\/2022\\\/07\\\/logo-sveb.png\",\"width\":145,\"height\":64,\"caption\":\"FSEA F\u00e9d\u00e9ration suisse pour la formation continue\"},\"image\":{\"@id\":\"https:\\\/\\\/alice.ch\\\/fr\\\/#\\\/schema\\\/logo\\\/image\\\/\"},\"sameAs\":[\"https:\\\/\\\/www.linkedin.com\\\/company\\\/schweizerischer-verband-fr-weiterbildung-sveb\\\/\"]}]}<\/script>\n<!-- \/ Yoast SEO plugin. -->","yoast_head_json":{"title":"Qualit\u00e9 dans la formation continue - FSEA","description":"La FSEA soutient les efforts de qualit\u00e9 des prestataires et encourage le d\u00e9bat public sur la qualit\u00e9 dans la formation continue.","robots":{"index":"index","follow":"follow","max-snippet":"max-snippet:-1","max-image-preview":"max-image-preview:large","max-video-preview":"max-video-preview:-1"},"canonical":"https:\/\/alice.ch\/fr\/qualite\/qualite-dans-la-formation-continue\/","og_locale":"fr_FR","og_type":"article","og_title":"Qualit\u00e9 dans la formation continue - FSEA","og_description":"La FSEA soutient les efforts de qualit\u00e9 des prestataires et encourage le d\u00e9bat public sur la qualit\u00e9 dans la formation continue.","og_url":"https:\/\/alice.ch\/fr\/qualite\/qualite-dans-la-formation-continue\/","og_site_name":"SVEB","article_modified_time":"2025-06-19T13:24:33+00:00","og_image":[{"width":466,"height":387,"url":"https:\/\/alice.ch\/app\/uploads\/2022\/10\/icon-q-management.png","type":"image\/png"}],"twitter_card":"summary_large_image","twitter_misc":{"Dur\u00e9e de lecture estim\u00e9e":"3 minutes"},"schema":{"@context":"https:\/\/schema.org","@graph":[{"@type":"WebPage","@id":"https:\/\/alice.ch\/fr\/qualite\/qualite-dans-la-formation-continue\/","url":"https:\/\/alice.ch\/fr\/qualite\/qualite-dans-la-formation-continue\/","name":"Qualit\u00e9 dans la formation continue - FSEA","isPartOf":{"@id":"https:\/\/alice.ch\/fr\/#website"},"primaryImageOfPage":{"@id":"https:\/\/alice.ch\/fr\/qualite\/qualite-dans-la-formation-continue\/#primaryimage"},"image":{"@id":"https:\/\/alice.ch\/fr\/qualite\/qualite-dans-la-formation-continue\/#primaryimage"},"thumbnailUrl":"https:\/\/alice.ch\/app\/uploads\/2022\/11\/default.jpg","datePublished":"2022-08-16T15:50:29+00:00","dateModified":"2025-06-19T13:24:33+00:00","description":"La FSEA soutient les efforts de qualit\u00e9 des prestataires et encourage le d\u00e9bat public sur la qualit\u00e9 dans la formation continue.","breadcrumb":{"@id":"https:\/\/alice.ch\/fr\/qualite\/qualite-dans-la-formation-continue\/#breadcrumb"},"inLanguage":"fr-FR","potentialAction":[{"@type":"ReadAction","target":["https:\/\/alice.ch\/fr\/qualite\/qualite-dans-la-formation-continue\/"]}]},{"@type":"ImageObject","inLanguage":"fr-FR","@id":"https:\/\/alice.ch\/fr\/qualite\/qualite-dans-la-formation-continue\/#primaryimage","url":"https:\/\/alice.ch\/app\/uploads\/2022\/11\/default.jpg","contentUrl":"https:\/\/alice.ch\/app\/uploads\/2022\/11\/default.jpg","width":1600,"height":900},{"@type":"BreadcrumbList","@id":"https:\/\/alice.ch\/fr\/qualite\/qualite-dans-la-formation-continue\/#breadcrumb","itemListElement":[{"@type":"ListItem","position":1,"name":"Page d'accueil","item":"https:\/\/alice.ch\/fr\/"},{"@type":"ListItem","position":2,"name":"Qualit\u00e9","item":"https:\/\/alice.ch\/fr\/qualite\/"},{"@type":"ListItem","position":3,"name":"Qualit\u00e9 dans la formation continue"}]},{"@type":"WebSite","@id":"https:\/\/alice.ch\/fr\/#website","url":"https:\/\/alice.ch\/fr\/","name":"alice.ch (Adult Learning Information Center) ist das Portal der Weiterbildung in der Schweiz.","description":"Schweizerischer Verband f\u00fcr Weiterbildung","publisher":{"@id":"https:\/\/alice.ch\/fr\/#organization"},"potentialAction":[{"@type":"SearchAction","target":{"@type":"EntryPoint","urlTemplate":"https:\/\/alice.ch\/fr\/?s={search_term_string}"},"query-input":{"@type":"PropertyValueSpecification","valueRequired":true,"valueName":"search_term_string"}}],"inLanguage":"fr-FR"},{"@type":"Organization","@id":"https:\/\/alice.ch\/fr\/#organization","name":"FSEA F\u00e9d\u00e9ration suisse pour la formation continue","url":"https:\/\/alice.ch\/fr\/","logo":{"@type":"ImageObject","inLanguage":"fr-FR","@id":"https:\/\/alice.ch\/fr\/#\/schema\/logo\/image\/","url":"https:\/\/alice.ch\/app\/uploads\/2022\/07\/logo-sveb.png","contentUrl":"https:\/\/alice.ch\/app\/uploads\/2022\/07\/logo-sveb.png","width":145,"height":64,"caption":"FSEA F\u00e9d\u00e9ration suisse pour la formation continue"},"image":{"@id":"https:\/\/alice.ch\/fr\/#\/schema\/logo\/image\/"},"sameAs":["https:\/\/www.linkedin.com\/company\/schweizerischer-verband-fr-weiterbildung-sveb\/"]}]}},"_links":{"self":[{"href":"https:\/\/alice.ch\/fr\/wp-json\/wp\/v2\/pages\/11250","targetHints":{"allow":["GET"]}}],"collection":[{"href":"https:\/\/alice.ch\/fr\/wp-json\/wp\/v2\/pages"}],"about":[{"href":"https:\/\/alice.ch\/fr\/wp-json\/wp\/v2\/types\/page"}],"author":[{"embeddable":true,"href":"https:\/\/alice.ch\/fr\/wp-json\/wp\/v2\/users\/4"}],"replies":[{"embeddable":true,"href":"https:\/\/alice.ch\/fr\/wp-json\/wp\/v2\/comments?post=11250"}],"version-history":[{"count":26,"href":"https:\/\/alice.ch\/fr\/wp-json\/wp\/v2\/pages\/11250\/revisions"}],"predecessor-version":[{"id":69127,"href":"https:\/\/alice.ch\/fr\/wp-json\/wp\/v2\/pages\/11250\/revisions\/69127"}],"up":[{"embeddable":true,"href":"https:\/\/alice.ch\/fr\/wp-json\/wp\/v2\/pages\/17406"}],"wp:featuredmedia":[{"embeddable":true,"href":"https:\/\/alice.ch\/fr\/wp-json\/wp\/v2\/media\/20799"}],"wp:attachment":[{"href":"https:\/\/alice.ch\/fr\/wp-json\/wp\/v2\/media?parent=11250"}],"curies":[{"name":"wp","href":"https:\/\/api.w.org\/{rel}","templated":true}]}}