{"id":11256,"date":"2022-10-03T10:12:41","date_gmt":"2022-10-03T08:12:41","guid":{"rendered":"https:\/\/projects.atxeit.ch\/sveb\/qualitaet-in-der-weiterbildung\/qualitaetslabels\/akkreditierung-von-business-und-management-schulen\/"},"modified":"2022-11-21T10:54:35","modified_gmt":"2022-11-21T09:54:35","slug":"accreditation-et-certification-internationales-des-ecoles-de-commerce-et-de-management","status":"publish","type":"page","link":"https:\/\/alice.ch\/fr\/qualite\/qualite-dans-la-formation-continue\/les-labels-qualite-dans-la-formation-continue\/accreditation-et-certification-internationales-des-ecoles-de-commerce-et-de-management\/","title":{"rendered":"Accr\u00e9ditation et certification internationales des \u00e9coles de commerce et de management"},"content":{"rendered":"\n<div class=\"wp-block-group is-style-reduced-width is-layout-flow wp-block-group-is-layout-flow\">\n<h1 class=\"wp-block-heading\">Accr\u00e9ditation et certification internationales des \u00e9coles de commerce et de management<\/h1>\n\n\n\n<p class=\"is-style-lead\">Au niveau international, il existe divers syst\u00e8mes d&rsquo;accr\u00e9ditation ou de certification des \u00e9coles de commerce et de management ou de leurs cursus. Quelques certificats importants sont pr\u00e9sent\u00e9s ici (sans \u00eatre exhaustifs).<\/p>\n\n\n\n<h2 class=\"wp-block-heading\"><a href=\"https:\/\/www.associationofmbas.com\/\" target=\"_blank\" rel=\"noreferrer noopener\"><a href=\"https:\/\/www.associationofmbas.com\/\" target=\"_blank\" rel=\"noreferrer noopener\">AMBA (Association of MBA&rsquo;s)<\/a><\/a><\/h2>\n\n\n\n<p>Label de qualit\u00e9 britannique pour l&rsquo;accr\u00e9ditation des \u00e9coles de commerce sur la base de normes de qualit\u00e9. L&rsquo;AMBA se concentre sur la formation en \u00e9conomie, sp\u00e9cifiquement sur les cursus MBA et leurs groupes cibles.<\/p>\n\n\n\n<p>En Suisse, plusieurs hautes \u00e9coles et institutions de formation internationales disposent d&rsquo;une accr\u00e9ditation AMBA.&nbsp;<\/p>\n\n\n\n<h2 class=\"wp-block-heading\"><a href=\"https:\/\/www.aacsb.edu\/\" target=\"_blank\" rel=\"noreferrer noopener\"><a href=\"https:\/\/www.aacsb.edu\/\" target=\"_blank\" rel=\"noreferrer noopener\">AACSB (Association to Advance Collegiate Schools of Business)<\/a><\/a><\/h2>\n\n\n\n<p>Label de qualit\u00e9 am\u00e9ricain pour l&rsquo;accr\u00e9ditation des \u00e9coles de commerce sur la base de normes de qualit\u00e9. L&rsquo;AACSB est ax\u00e9e sur l&rsquo;assurance et le d\u00e9veloppement de la qualit\u00e9 des formations commerciales (d&rsquo;entreprise).<\/p>\n\n\n\n<p>Certaines hautes \u00e9coles ainsi que des institutions de formation internationales sont accr\u00e9dit\u00e9es en Suisse par AACSB.<\/p>\n\n\n\n<h2 class=\"wp-block-heading\"><a href=\"https:\/\/www.efmdglobal.org\/accreditations\/business-schools\/equis\/\" target=\"_blank\" rel=\"noreferrer noopener\">EQUIS (European Quality Improvement System)<\/a><\/h2>\n\n\n\n<p>Label de qualit\u00e9 europ\u00e9en pour les business schools, qui mise sur l&rsquo;am\u00e9lioration de la qualit\u00e9 et l&rsquo;information des parties prenantes comme les classements. En Suisse, une quinzaine de business schools sont membres d&rsquo;EQUIS.<\/p>\n\n\n\n<h2 class=\"wp-block-heading\"><a href=\"https:\/\/www.fibaa.org\/en\/\" target=\"_blank\" rel=\"noreferrer noopener\">FIBAA (Foundation for International Business Administration Accreditation)<\/a><\/h2>\n\n\n\n<p>La FIBAA est un label de qualit\u00e9 allemand pour les \u00e9tablissements d&rsquo;enseignement sup\u00e9rieur, les programmes d&rsquo;\u00e9tudes et les cours de formation continue.La FIBAA a pour principal champ d&rsquo;activit\u00e9 l&rsquo;\u00e9valuation des cursus orient\u00e9s vers les sciences \u00e9conomiques, le droit et les sciences sociales.<\/p>\n\n\n\n<p>Plusieurs cursus et programmes \u00e0 orientation \u00e9conomique sont accr\u00e9dit\u00e9s par la FIBAA en Suisse.<\/p>\n\n\n\n<p>Les associations&nbsp;<a href=\"https:\/\/acbsp.org\/\" target=\"_blank\" rel=\"noreferrer noopener\"><strong>ACBSP<\/strong><\/a>&nbsp;(Accreditation Council for Business Schools and Programs) et&nbsp;<a href=\"https:\/\/iacbe.org\/\" target=\"_blank\" rel=\"noreferrer noopener\"><strong>IACBE<\/strong><\/a>&nbsp;(International Accreditation Council for Business Education), sp\u00e9cialis\u00e9es dans l&rsquo;accr\u00e9ditation des \u00e9coles de commerce et des programmes, sont d&rsquo;autres labels de qualit\u00e9.<\/p>\n\n\n\n<p>Sources : Sites web des institutions internationales d&rsquo;accr\u00e9ditation.<\/p>\n\n\n\n<h2 class=\"wp-block-heading\">Contact<\/h2>\n\n\n\n<div class=\"wp-block-columns is-layout-flex wp-container-core-columns-is-layout-28f84493 wp-block-columns-is-layout-flex\">\n<div class=\"wp-block-column is-layout-flow wp-block-column-is-layout-flow\" style=\"flex-basis:50%\"><div class=\"contact-persons\">\n\n\t\t\t\t\t<div class=\"contact-person\">\n\t\t\t\t\tSecr\u00e9tariat r\u00e9gional eduQua<br \/>\t\t\t\t\tFSEA F\u00e9d\u00e9ration suisse pour la formation continue<br \/>\t\t\t\t\t<br \/>\n\t\t\t\t\tRue de Gen\u00e8ve 88b<br \/>\r\n1004 Lausanne<br \/>\t\t\t\t\t<a href=\"tel:+41 (0)22 994 20 10\">+41 (0)22 994 20 10<\/a><br \/>\t\t\t\t\t<a href=\"mailto:fsea@alice.ch\">fsea@alice.ch<\/a><br \/>\t\t\t\t\t<\/div>\n\t\t\t\t\t<\/div>\n<\/div>\n\n\n\n<div class=\"wp-block-column is-layout-flow wp-block-column-is-layout-flow\" style=\"flex-basis:50%\"><\/div>\n<\/div>\n<\/div>\n","protected":false},"excerpt":{"rendered":"<p>Accr\u00e9ditation et certification internationales des \u00e9coles de commerce et de management Au niveau international, il existe divers syst\u00e8mes d&rsquo;accr\u00e9ditation ou [&hellip;]<\/p>\n","protected":false},"author":4,"featured_media":20799,"parent":11254,"menu_order":308,"comment_status":"closed","ping_status":"closed","template":"","meta":{"_acf_changed":false,"inline_featured_image":false,"footnotes":""},"class_list":["post-11256","page","type-page","status-publish","has-post-thumbnail","hentry"],"acf":[],"yoast_head":"<!-- This site is optimized with the Yoast SEO plugin v27.3 - https:\/\/yoast.com\/product\/yoast-seo-wordpress\/ -->\n<title>Accr\u00e9ditation et certification internationales des \u00e9coles de commerce et de management - FSEA<\/title>\n<meta name=\"robots\" content=\"index, follow, max-snippet:-1, max-image-preview:large, max-video-preview:-1\" \/>\n<link rel=\"canonical\" href=\"https:\/\/alice.ch\/fr\/qualite\/qualite-dans-la-formation-continue\/les-labels-qualite-dans-la-formation-continue\/accreditation-et-certification-internationales-des-ecoles-de-commerce-et-de-management\/\" \/>\n<meta property=\"og:locale\" content=\"fr_FR\" \/>\n<meta property=\"og:type\" content=\"article\" \/>\n<meta property=\"og:title\" content=\"Accr\u00e9ditation et certification internationales des \u00e9coles de commerce et de management - FSEA\" \/>\n<meta property=\"og:description\" content=\"Accr\u00e9ditation et certification internationales des \u00e9coles de commerce et de management Au niveau international, il existe divers syst\u00e8mes d&rsquo;accr\u00e9ditation ou [&hellip;]\" \/>\n<meta property=\"og:url\" content=\"https:\/\/alice.ch\/fr\/qualite\/qualite-dans-la-formation-continue\/les-labels-qualite-dans-la-formation-continue\/accreditation-et-certification-internationales-des-ecoles-de-commerce-et-de-management\/\" \/>\n<meta property=\"og:site_name\" content=\"SVEB\" \/>\n<meta property=\"article:modified_time\" content=\"2022-11-21T09:54:35+00:00\" \/>\n<meta property=\"og:image\" content=\"https:\/\/alice.ch\/app\/uploads\/2022\/11\/default.jpg\" \/>\n\t<meta property=\"og:image:width\" content=\"1600\" \/>\n\t<meta property=\"og:image:height\" content=\"900\" \/>\n\t<meta property=\"og:image:type\" content=\"image\/jpeg\" \/>\n<meta name=\"twitter:card\" content=\"summary_large_image\" \/>\n<meta name=\"twitter:label1\" content=\"Dur\u00e9e de lecture estim\u00e9e\" \/>\n\t<meta name=\"twitter:data1\" content=\"2 minutes\" \/>\n<script type=\"application\/ld+json\" class=\"yoast-schema-graph\">{\"@context\":\"https:\\\/\\\/schema.org\",\"@graph\":[{\"@type\":\"WebPage\",\"@id\":\"https:\\\/\\\/alice.ch\\\/fr\\\/qualite\\\/qualite-dans-la-formation-continue\\\/les-labels-qualite-dans-la-formation-continue\\\/accreditation-et-certification-internationales-des-ecoles-de-commerce-et-de-management\\\/\",\"url\":\"https:\\\/\\\/alice.ch\\\/fr\\\/qualite\\\/qualite-dans-la-formation-continue\\\/les-labels-qualite-dans-la-formation-continue\\\/accreditation-et-certification-internationales-des-ecoles-de-commerce-et-de-management\\\/\",\"name\":\"Accr\u00e9ditation et certification internationales des \u00e9coles de commerce et de management - FSEA\",\"isPartOf\":{\"@id\":\"https:\\\/\\\/alice.ch\\\/fr\\\/#website\"},\"primaryImageOfPage\":{\"@id\":\"https:\\\/\\\/alice.ch\\\/fr\\\/qualite\\\/qualite-dans-la-formation-continue\\\/les-labels-qualite-dans-la-formation-continue\\\/accreditation-et-certification-internationales-des-ecoles-de-commerce-et-de-management\\\/#primaryimage\"},\"image\":{\"@id\":\"https:\\\/\\\/alice.ch\\\/fr\\\/qualite\\\/qualite-dans-la-formation-continue\\\/les-labels-qualite-dans-la-formation-continue\\\/accreditation-et-certification-internationales-des-ecoles-de-commerce-et-de-management\\\/#primaryimage\"},\"thumbnailUrl\":\"https:\\\/\\\/alice.ch\\\/app\\\/uploads\\\/2022\\\/11\\\/default.jpg\",\"datePublished\":\"2022-10-03T08:12:41+00:00\",\"dateModified\":\"2022-11-21T09:54:35+00:00\",\"breadcrumb\":{\"@id\":\"https:\\\/\\\/alice.ch\\\/fr\\\/qualite\\\/qualite-dans-la-formation-continue\\\/les-labels-qualite-dans-la-formation-continue\\\/accreditation-et-certification-internationales-des-ecoles-de-commerce-et-de-management\\\/#breadcrumb\"},\"inLanguage\":\"fr-FR\",\"potentialAction\":[{\"@type\":\"ReadAction\",\"target\":[\"https:\\\/\\\/alice.ch\\\/fr\\\/qualite\\\/qualite-dans-la-formation-continue\\\/les-labels-qualite-dans-la-formation-continue\\\/accreditation-et-certification-internationales-des-ecoles-de-commerce-et-de-management\\\/\"]}]},{\"@type\":\"ImageObject\",\"inLanguage\":\"fr-FR\",\"@id\":\"https:\\\/\\\/alice.ch\\\/fr\\\/qualite\\\/qualite-dans-la-formation-continue\\\/les-labels-qualite-dans-la-formation-continue\\\/accreditation-et-certification-internationales-des-ecoles-de-commerce-et-de-management\\\/#primaryimage\",\"url\":\"https:\\\/\\\/alice.ch\\\/app\\\/uploads\\\/2022\\\/11\\\/default.jpg\",\"contentUrl\":\"https:\\\/\\\/alice.ch\\\/app\\\/uploads\\\/2022\\\/11\\\/default.jpg\",\"width\":1600,\"height\":900},{\"@type\":\"BreadcrumbList\",\"@id\":\"https:\\\/\\\/alice.ch\\\/fr\\\/qualite\\\/qualite-dans-la-formation-continue\\\/les-labels-qualite-dans-la-formation-continue\\\/accreditation-et-certification-internationales-des-ecoles-de-commerce-et-de-management\\\/#breadcrumb\",\"itemListElement\":[{\"@type\":\"ListItem\",\"position\":1,\"name\":\"Page d'accueil\",\"item\":\"https:\\\/\\\/alice.ch\\\/fr\\\/\"},{\"@type\":\"ListItem\",\"position\":2,\"name\":\"Qualit\u00e9\",\"item\":\"https:\\\/\\\/alice.ch\\\/fr\\\/qualite\\\/\"},{\"@type\":\"ListItem\",\"position\":3,\"name\":\"Qualit\u00e9 dans la formation continue\",\"item\":\"https:\\\/\\\/alice.ch\\\/fr\\\/qualite\\\/qualite-dans-la-formation-continue\\\/\"},{\"@type\":\"ListItem\",\"position\":4,\"name\":\"Les labels qualit\u00e9 dans la formation continue\",\"item\":\"https:\\\/\\\/alice.ch\\\/fr\\\/qualite\\\/qualite-dans-la-formation-continue\\\/les-labels-qualite-dans-la-formation-continue\\\/\"},{\"@type\":\"ListItem\",\"position\":5,\"name\":\"Accr\u00e9ditation et certification internationales des \u00e9coles de commerce et de management\"}]},{\"@type\":\"WebSite\",\"@id\":\"https:\\\/\\\/alice.ch\\\/fr\\\/#website\",\"url\":\"https:\\\/\\\/alice.ch\\\/fr\\\/\",\"name\":\"alice.ch (Adult Learning Information Center) ist das Portal der Weiterbildung in der Schweiz.\",\"description\":\"Schweizerischer Verband f\u00fcr Weiterbildung\",\"publisher\":{\"@id\":\"https:\\\/\\\/alice.ch\\\/fr\\\/#organization\"},\"potentialAction\":[{\"@type\":\"SearchAction\",\"target\":{\"@type\":\"EntryPoint\",\"urlTemplate\":\"https:\\\/\\\/alice.ch\\\/fr\\\/?s={search_term_string}\"},\"query-input\":{\"@type\":\"PropertyValueSpecification\",\"valueRequired\":true,\"valueName\":\"search_term_string\"}}],\"inLanguage\":\"fr-FR\"},{\"@type\":\"Organization\",\"@id\":\"https:\\\/\\\/alice.ch\\\/fr\\\/#organization\",\"name\":\"FSEA F\u00e9d\u00e9ration suisse pour la formation continue\",\"url\":\"https:\\\/\\\/alice.ch\\\/fr\\\/\",\"logo\":{\"@type\":\"ImageObject\",\"inLanguage\":\"fr-FR\",\"@id\":\"https:\\\/\\\/alice.ch\\\/fr\\\/#\\\/schema\\\/logo\\\/image\\\/\",\"url\":\"https:\\\/\\\/alice.ch\\\/app\\\/uploads\\\/2022\\\/07\\\/logo-sveb.png\",\"contentUrl\":\"https:\\\/\\\/alice.ch\\\/app\\\/uploads\\\/2022\\\/07\\\/logo-sveb.png\",\"width\":145,\"height\":64,\"caption\":\"FSEA F\u00e9d\u00e9ration suisse pour la formation continue\"},\"image\":{\"@id\":\"https:\\\/\\\/alice.ch\\\/fr\\\/#\\\/schema\\\/logo\\\/image\\\/\"},\"sameAs\":[\"https:\\\/\\\/www.linkedin.com\\\/company\\\/schweizerischer-verband-fr-weiterbildung-sveb\\\/\"]}]}<\/script>\n<!-- \/ Yoast SEO plugin. -->","yoast_head_json":{"title":"Accr\u00e9ditation et certification internationales des \u00e9coles de commerce et de management - FSEA","robots":{"index":"index","follow":"follow","max-snippet":"max-snippet:-1","max-image-preview":"max-image-preview:large","max-video-preview":"max-video-preview:-1"},"canonical":"https:\/\/alice.ch\/fr\/qualite\/qualite-dans-la-formation-continue\/les-labels-qualite-dans-la-formation-continue\/accreditation-et-certification-internationales-des-ecoles-de-commerce-et-de-management\/","og_locale":"fr_FR","og_type":"article","og_title":"Accr\u00e9ditation et certification internationales des \u00e9coles de commerce et de management - FSEA","og_description":"Accr\u00e9ditation et certification internationales des \u00e9coles de commerce et de management Au niveau international, il existe divers syst\u00e8mes d&rsquo;accr\u00e9ditation ou [&hellip;]","og_url":"https:\/\/alice.ch\/fr\/qualite\/qualite-dans-la-formation-continue\/les-labels-qualite-dans-la-formation-continue\/accreditation-et-certification-internationales-des-ecoles-de-commerce-et-de-management\/","og_site_name":"SVEB","article_modified_time":"2022-11-21T09:54:35+00:00","og_image":[{"width":1600,"height":900,"url":"https:\/\/alice.ch\/app\/uploads\/2022\/11\/default.jpg","type":"image\/jpeg"}],"twitter_card":"summary_large_image","twitter_misc":{"Dur\u00e9e de lecture estim\u00e9e":"2 minutes"},"schema":{"@context":"https:\/\/schema.org","@graph":[{"@type":"WebPage","@id":"https:\/\/alice.ch\/fr\/qualite\/qualite-dans-la-formation-continue\/les-labels-qualite-dans-la-formation-continue\/accreditation-et-certification-internationales-des-ecoles-de-commerce-et-de-management\/","url":"https:\/\/alice.ch\/fr\/qualite\/qualite-dans-la-formation-continue\/les-labels-qualite-dans-la-formation-continue\/accreditation-et-certification-internationales-des-ecoles-de-commerce-et-de-management\/","name":"Accr\u00e9ditation et certification internationales des \u00e9coles de commerce et de management - FSEA","isPartOf":{"@id":"https:\/\/alice.ch\/fr\/#website"},"primaryImageOfPage":{"@id":"https:\/\/alice.ch\/fr\/qualite\/qualite-dans-la-formation-continue\/les-labels-qualite-dans-la-formation-continue\/accreditation-et-certification-internationales-des-ecoles-de-commerce-et-de-management\/#primaryimage"},"image":{"@id":"https:\/\/alice.ch\/fr\/qualite\/qualite-dans-la-formation-continue\/les-labels-qualite-dans-la-formation-continue\/accreditation-et-certification-internationales-des-ecoles-de-commerce-et-de-management\/#primaryimage"},"thumbnailUrl":"https:\/\/alice.ch\/app\/uploads\/2022\/11\/default.jpg","datePublished":"2022-10-03T08:12:41+00:00","dateModified":"2022-11-21T09:54:35+00:00","breadcrumb":{"@id":"https:\/\/alice.ch\/fr\/qualite\/qualite-dans-la-formation-continue\/les-labels-qualite-dans-la-formation-continue\/accreditation-et-certification-internationales-des-ecoles-de-commerce-et-de-management\/#breadcrumb"},"inLanguage":"fr-FR","potentialAction":[{"@type":"ReadAction","target":["https:\/\/alice.ch\/fr\/qualite\/qualite-dans-la-formation-continue\/les-labels-qualite-dans-la-formation-continue\/accreditation-et-certification-internationales-des-ecoles-de-commerce-et-de-management\/"]}]},{"@type":"ImageObject","inLanguage":"fr-FR","@id":"https:\/\/alice.ch\/fr\/qualite\/qualite-dans-la-formation-continue\/les-labels-qualite-dans-la-formation-continue\/accreditation-et-certification-internationales-des-ecoles-de-commerce-et-de-management\/#primaryimage","url":"https:\/\/alice.ch\/app\/uploads\/2022\/11\/default.jpg","contentUrl":"https:\/\/alice.ch\/app\/uploads\/2022\/11\/default.jpg","width":1600,"height":900},{"@type":"BreadcrumbList","@id":"https:\/\/alice.ch\/fr\/qualite\/qualite-dans-la-formation-continue\/les-labels-qualite-dans-la-formation-continue\/accreditation-et-certification-internationales-des-ecoles-de-commerce-et-de-management\/#breadcrumb","itemListElement":[{"@type":"ListItem","position":1,"name":"Page d'accueil","item":"https:\/\/alice.ch\/fr\/"},{"@type":"ListItem","position":2,"name":"Qualit\u00e9","item":"https:\/\/alice.ch\/fr\/qualite\/"},{"@type":"ListItem","position":3,"name":"Qualit\u00e9 dans la formation continue","item":"https:\/\/alice.ch\/fr\/qualite\/qualite-dans-la-formation-continue\/"},{"@type":"ListItem","position":4,"name":"Les labels qualit\u00e9 dans la formation continue","item":"https:\/\/alice.ch\/fr\/qualite\/qualite-dans-la-formation-continue\/les-labels-qualite-dans-la-formation-continue\/"},{"@type":"ListItem","position":5,"name":"Accr\u00e9ditation et certification internationales des \u00e9coles de commerce et de management"}]},{"@type":"WebSite","@id":"https:\/\/alice.ch\/fr\/#website","url":"https:\/\/alice.ch\/fr\/","name":"alice.ch (Adult Learning Information Center) ist das Portal der Weiterbildung in der Schweiz.","description":"Schweizerischer Verband f\u00fcr Weiterbildung","publisher":{"@id":"https:\/\/alice.ch\/fr\/#organization"},"potentialAction":[{"@type":"SearchAction","target":{"@type":"EntryPoint","urlTemplate":"https:\/\/alice.ch\/fr\/?s={search_term_string}"},"query-input":{"@type":"PropertyValueSpecification","valueRequired":true,"valueName":"search_term_string"}}],"inLanguage":"fr-FR"},{"@type":"Organization","@id":"https:\/\/alice.ch\/fr\/#organization","name":"FSEA F\u00e9d\u00e9ration suisse pour la formation continue","url":"https:\/\/alice.ch\/fr\/","logo":{"@type":"ImageObject","inLanguage":"fr-FR","@id":"https:\/\/alice.ch\/fr\/#\/schema\/logo\/image\/","url":"https:\/\/alice.ch\/app\/uploads\/2022\/07\/logo-sveb.png","contentUrl":"https:\/\/alice.ch\/app\/uploads\/2022\/07\/logo-sveb.png","width":145,"height":64,"caption":"FSEA F\u00e9d\u00e9ration suisse pour la formation continue"},"image":{"@id":"https:\/\/alice.ch\/fr\/#\/schema\/logo\/image\/"},"sameAs":["https:\/\/www.linkedin.com\/company\/schweizerischer-verband-fr-weiterbildung-sveb\/"]}]}},"_links":{"self":[{"href":"https:\/\/alice.ch\/fr\/wp-json\/wp\/v2\/pages\/11256","targetHints":{"allow":["GET"]}}],"collection":[{"href":"https:\/\/alice.ch\/fr\/wp-json\/wp\/v2\/pages"}],"about":[{"href":"https:\/\/alice.ch\/fr\/wp-json\/wp\/v2\/types\/page"}],"author":[{"embeddable":true,"href":"https:\/\/alice.ch\/fr\/wp-json\/wp\/v2\/users\/4"}],"replies":[{"embeddable":true,"href":"https:\/\/alice.ch\/fr\/wp-json\/wp\/v2\/comments?post=11256"}],"version-history":[{"count":2,"href":"https:\/\/alice.ch\/fr\/wp-json\/wp\/v2\/pages\/11256\/revisions"}],"predecessor-version":[{"id":15403,"href":"https:\/\/alice.ch\/fr\/wp-json\/wp\/v2\/pages\/11256\/revisions\/15403"}],"up":[{"embeddable":true,"href":"https:\/\/alice.ch\/fr\/wp-json\/wp\/v2\/pages\/11254"}],"wp:featuredmedia":[{"embeddable":true,"href":"https:\/\/alice.ch\/fr\/wp-json\/wp\/v2\/media\/20799"}],"wp:attachment":[{"href":"https:\/\/alice.ch\/fr\/wp-json\/wp\/v2\/media?parent=11256"}],"curies":[{"name":"wp","href":"https:\/\/api.w.org\/{rel}","templated":true}]}}