{"id":11258,"date":"2022-10-03T10:16:36","date_gmt":"2022-10-03T08:16:36","guid":{"rendered":"https:\/\/projects.atxeit.ch\/sveb\/qualitaet-in-der-weiterbildung\/qualitaetslabels\/internationale-qualitaetslabels-fuer-sprachschulen\/"},"modified":"2022-12-08T09:46:16","modified_gmt":"2022-12-08T08:46:16","slug":"labels-de-qualite-internationaux-pour-les-ecoles-de-langues","status":"publish","type":"page","link":"https:\/\/alice.ch\/fr\/qualite\/qualite-dans-la-formation-continue\/les-labels-qualite-dans-la-formation-continue\/labels-de-qualite-internationaux-pour-les-ecoles-de-langues\/","title":{"rendered":"Labels de qualit\u00e9 internationaux pour les \u00e9coles de langues"},"content":{"rendered":"\n<div class=\"wp-block-group is-style-reduced-width is-layout-flow wp-block-group-is-layout-flow\">\n<h1 class=\"wp-block-heading\">Labels de qualit\u00e9 internationaux pour les \u00e9coles de langues<\/h1>\n\n\n\n<p class=\"is-style-lead\">Pour les \u00e9coles de langues, il existe toute une s\u00e9rie de certificats de qualit\u00e9 internationaux et de r\u00e9gions linguistiques ainsi que des associations sectorielles avec des normes de qualit\u00e9 communes. La s\u00e9lection suivante n&rsquo;est pas exhaustive.<\/p>\n\n\n\n<p><a href=\"https:\/\/ihworld.com\/about\/quality-and-inspections\/\" target=\"_blank\" rel=\"noreferrer noopener\"><strong>IH International House World Organisation<\/strong><\/a>&nbsp;est une organisation internationale qui relie environ 160 \u00e9coles de langues ind\u00e9pendantes dans plus de 50 pays. Les normes de qualit\u00e9 des \u00e9coles en mati\u00e8re d&rsquo;enseignement, de formation initiale et continue des employ\u00e9s, de locaux et de gestion interne de la qualit\u00e9 sont r\u00e9guli\u00e8rement contr\u00f4l\u00e9es par des inspecteurs externes.<\/p>\n\n\n\n<p><a href=\"https:\/\/www.eaquals.org\/\" target=\"_blank\" rel=\"noreferrer noopener\"><strong>EAQUALS Excellence in Language Education<\/strong><\/a> est l&rsquo;organisation europ\u00e9enne qui contr\u00f4le les \u00e9coles de langues et promeut la qualit\u00e9 en ce qui concerne les \u00e9tudiants, les employ\u00e9s et les parties prenantes. Les \u00e9coles de langues peuvent \u00eatre accr\u00e9dit\u00e9es dans le cadre d&rsquo;une proc\u00e9dure en plusieurs \u00e9tapes. Equals collabore avec le Conseil de l&rsquo;Europe et le conseille afin d&rsquo;am\u00e9liorer l&rsquo;offre linguistique pour les migrants adultes.<\/p>\n\n\n\n<p><a href=\"https:\/\/www.ialc.org\/about-us\/ialc-quality-standards\/\" target=\"_blank\" rel=\"noreferrer noopener\"><strong>IALC International Association of Language Centres<\/strong><\/a>&nbsp;est une association d&rsquo;environ 140 \u00e9coles de langues ind\u00e9pendantes qui se concentrent sur l&rsquo;enseignement de la ou des langues nationales. Pour \u00eatre accr\u00e9dit\u00e9es, les \u00e9coles doivent r\u00e9pondre \u00e0 des normes de qualit\u00e9 d\u00e9finies par l&rsquo;association en termes de taille, d&rsquo;enseignement et d&rsquo;h\u00e9bergement.<\/p>\n\n\n\n<p><a href=\"https:\/\/icc-languages.eu\/about-us\/\" target=\"_blank\" rel=\"noreferrer noopener\"><strong>ICC The International Certificate Conference \u2013 The International Language Association e.V.<\/strong><\/a>\u00a0promeut la qualit\u00e9 de l&rsquo;enseignement des langues \u00e9trang\u00e8res en garantissant la qualit\u00e9 des cours et en proposant des directives et des crit\u00e8res pour l&rsquo;\u00e9valuation des \u00e9coles et des cours.<\/p>\n\n\n\n<p>En tant qu&rsquo;institution caritative, le <a href=\"https:\/\/www.britishcouncil.org\/school-resources\/accreditation\" target=\"_blank\" rel=\"noreferrer noopener\"><strong>British Council<\/strong><\/a>\u00a0encourage la compr\u00e9hension entre les personnes en Grande-Bretagne et dans d&rsquo;autres pays \u00e0 travers l&rsquo;art et la culture, l&rsquo;\u00e9ducation et la langue. Le British Council reconna\u00eet les \u00e9coles ou les r\u00e9compense pour des prestations particuli\u00e8res.<\/p>\n\n\n\n<p>Le label de qualit\u00e9\u00a0<a href=\"https:\/\/www.fle.fr\/Le-label-qualite-FLE\" target=\"_blank\" rel=\"noreferrer noopener\"><strong>FLE Fran\u00e7ais Langue \u00c9trang\u00e8re<\/strong><\/a> est d\u00e9cern\u00e9 par trois minist\u00e8res fran\u00e7ais \u00e0 des \u00e9coles de langues. L&rsquo;accueil, les locaux, la direction, les enseignants et les programmes de cours sont contr\u00f4l\u00e9s.<\/p>\n\n\n\n<p><a href=\"https:\/\/www.asils.it\/en\/italian-language-schools-association\/\" target=\"_blank\" rel=\"noreferrer noopener\"><strong>A. S. I. L. S. Association of Schools of Italian as a Second Language<\/strong><\/a> regroupe un grand nombre d&rsquo;\u00e9coles de langue italienne en Italie et dans d&rsquo;autres pays, qui sont r\u00e9guli\u00e8rement contr\u00f4l\u00e9es par des organismes de certification ind\u00e9pendants.\u00a0<\/p>\n\n\n\n<p>(Sources : Sites web des certificats et organisations internationaux de qualit\u00e9).<\/p>\n\n\n\n<h2 class=\"wp-block-heading\">Contact<\/h2>\n\n\n\n<div class=\"wp-block-columns is-layout-flex wp-container-core-columns-is-layout-28f84493 wp-block-columns-is-layout-flex\">\n<div class=\"wp-block-column is-layout-flow wp-block-column-is-layout-flow\" style=\"flex-basis:50%\"><div class=\"contact-persons\">\n\n\t\t\t\t\t<div class=\"contact-person\">\n\t\t\t\t\tSecr\u00e9tariat r\u00e9gional eduQua<br \/>\t\t\t\t\tFSEA F\u00e9d\u00e9ration suisse pour la formation continue<br \/>\t\t\t\t\t<br \/>\n\t\t\t\t\tRue de Gen\u00e8ve 88b<br \/>\r\n1004 Lausanne<br \/>\t\t\t\t\t<a href=\"tel:+41 (0)22 994 20 10\">+41 (0)22 994 20 10<\/a><br \/>\t\t\t\t\t<a href=\"mailto:fsea@alice.ch\">fsea@alice.ch<\/a><br \/>\t\t\t\t\t<\/div>\n\t\t\t\t\t<\/div>\n<\/div>\n\n\n\n<div class=\"wp-block-column is-layout-flow wp-block-column-is-layout-flow\" style=\"flex-basis:50%\"><\/div>\n<\/div>\n<\/div>\n","protected":false},"excerpt":{"rendered":"<p>Labels de qualit\u00e9 internationaux pour les \u00e9coles de langues Pour les \u00e9coles de langues, il existe toute une s\u00e9rie de [&hellip;]<\/p>\n","protected":false},"author":4,"featured_media":20799,"parent":11254,"menu_order":313,"comment_status":"closed","ping_status":"closed","template":"","meta":{"_acf_changed":false,"inline_featured_image":false,"footnotes":""},"class_list":["post-11258","page","type-page","status-publish","has-post-thumbnail","hentry"],"acf":[],"yoast_head":"<!-- This site is optimized with the Yoast SEO plugin v27.3 - https:\/\/yoast.com\/product\/yoast-seo-wordpress\/ -->\n<title>Labels de qualit\u00e9 internationaux pour les \u00e9coles de langues - FSEA<\/title>\n<meta name=\"robots\" content=\"index, follow, max-snippet:-1, max-image-preview:large, max-video-preview:-1\" \/>\n<link rel=\"canonical\" href=\"https:\/\/alice.ch\/fr\/qualite\/qualite-dans-la-formation-continue\/les-labels-qualite-dans-la-formation-continue\/labels-de-qualite-internationaux-pour-les-ecoles-de-langues\/\" \/>\n<meta property=\"og:locale\" content=\"fr_FR\" \/>\n<meta property=\"og:type\" content=\"article\" \/>\n<meta property=\"og:title\" content=\"Labels de qualit\u00e9 internationaux pour les \u00e9coles de langues - FSEA\" \/>\n<meta property=\"og:description\" content=\"Labels de qualit\u00e9 internationaux pour les \u00e9coles de langues Pour les \u00e9coles de langues, il existe toute une s\u00e9rie de [&hellip;]\" \/>\n<meta property=\"og:url\" content=\"https:\/\/alice.ch\/fr\/qualite\/qualite-dans-la-formation-continue\/les-labels-qualite-dans-la-formation-continue\/labels-de-qualite-internationaux-pour-les-ecoles-de-langues\/\" \/>\n<meta property=\"og:site_name\" content=\"SVEB\" \/>\n<meta property=\"article:modified_time\" content=\"2022-12-08T08:46:16+00:00\" \/>\n<meta property=\"og:image\" content=\"https:\/\/alice.ch\/app\/uploads\/2022\/11\/default.jpg\" \/>\n\t<meta property=\"og:image:width\" content=\"1600\" \/>\n\t<meta property=\"og:image:height\" content=\"900\" \/>\n\t<meta property=\"og:image:type\" content=\"image\/jpeg\" \/>\n<meta name=\"twitter:card\" content=\"summary_large_image\" \/>\n<meta name=\"twitter:label1\" content=\"Dur\u00e9e de lecture estim\u00e9e\" \/>\n\t<meta name=\"twitter:data1\" content=\"2 minutes\" \/>\n<script type=\"application\/ld+json\" class=\"yoast-schema-graph\">{\"@context\":\"https:\\\/\\\/schema.org\",\"@graph\":[{\"@type\":\"WebPage\",\"@id\":\"https:\\\/\\\/alice.ch\\\/fr\\\/qualite\\\/qualite-dans-la-formation-continue\\\/les-labels-qualite-dans-la-formation-continue\\\/labels-de-qualite-internationaux-pour-les-ecoles-de-langues\\\/\",\"url\":\"https:\\\/\\\/alice.ch\\\/fr\\\/qualite\\\/qualite-dans-la-formation-continue\\\/les-labels-qualite-dans-la-formation-continue\\\/labels-de-qualite-internationaux-pour-les-ecoles-de-langues\\\/\",\"name\":\"Labels de qualit\u00e9 internationaux pour les \u00e9coles de langues - FSEA\",\"isPartOf\":{\"@id\":\"https:\\\/\\\/alice.ch\\\/fr\\\/#website\"},\"primaryImageOfPage\":{\"@id\":\"https:\\\/\\\/alice.ch\\\/fr\\\/qualite\\\/qualite-dans-la-formation-continue\\\/les-labels-qualite-dans-la-formation-continue\\\/labels-de-qualite-internationaux-pour-les-ecoles-de-langues\\\/#primaryimage\"},\"image\":{\"@id\":\"https:\\\/\\\/alice.ch\\\/fr\\\/qualite\\\/qualite-dans-la-formation-continue\\\/les-labels-qualite-dans-la-formation-continue\\\/labels-de-qualite-internationaux-pour-les-ecoles-de-langues\\\/#primaryimage\"},\"thumbnailUrl\":\"https:\\\/\\\/alice.ch\\\/app\\\/uploads\\\/2022\\\/11\\\/default.jpg\",\"datePublished\":\"2022-10-03T08:16:36+00:00\",\"dateModified\":\"2022-12-08T08:46:16+00:00\",\"breadcrumb\":{\"@id\":\"https:\\\/\\\/alice.ch\\\/fr\\\/qualite\\\/qualite-dans-la-formation-continue\\\/les-labels-qualite-dans-la-formation-continue\\\/labels-de-qualite-internationaux-pour-les-ecoles-de-langues\\\/#breadcrumb\"},\"inLanguage\":\"fr-FR\",\"potentialAction\":[{\"@type\":\"ReadAction\",\"target\":[\"https:\\\/\\\/alice.ch\\\/fr\\\/qualite\\\/qualite-dans-la-formation-continue\\\/les-labels-qualite-dans-la-formation-continue\\\/labels-de-qualite-internationaux-pour-les-ecoles-de-langues\\\/\"]}]},{\"@type\":\"ImageObject\",\"inLanguage\":\"fr-FR\",\"@id\":\"https:\\\/\\\/alice.ch\\\/fr\\\/qualite\\\/qualite-dans-la-formation-continue\\\/les-labels-qualite-dans-la-formation-continue\\\/labels-de-qualite-internationaux-pour-les-ecoles-de-langues\\\/#primaryimage\",\"url\":\"https:\\\/\\\/alice.ch\\\/app\\\/uploads\\\/2022\\\/11\\\/default.jpg\",\"contentUrl\":\"https:\\\/\\\/alice.ch\\\/app\\\/uploads\\\/2022\\\/11\\\/default.jpg\",\"width\":1600,\"height\":900},{\"@type\":\"BreadcrumbList\",\"@id\":\"https:\\\/\\\/alice.ch\\\/fr\\\/qualite\\\/qualite-dans-la-formation-continue\\\/les-labels-qualite-dans-la-formation-continue\\\/labels-de-qualite-internationaux-pour-les-ecoles-de-langues\\\/#breadcrumb\",\"itemListElement\":[{\"@type\":\"ListItem\",\"position\":1,\"name\":\"Page d'accueil\",\"item\":\"https:\\\/\\\/alice.ch\\\/fr\\\/\"},{\"@type\":\"ListItem\",\"position\":2,\"name\":\"Qualit\u00e9\",\"item\":\"https:\\\/\\\/alice.ch\\\/fr\\\/qualite\\\/\"},{\"@type\":\"ListItem\",\"position\":3,\"name\":\"Qualit\u00e9 dans la formation continue\",\"item\":\"https:\\\/\\\/alice.ch\\\/fr\\\/qualite\\\/qualite-dans-la-formation-continue\\\/\"},{\"@type\":\"ListItem\",\"position\":4,\"name\":\"Les labels qualit\u00e9 dans la formation continue\",\"item\":\"https:\\\/\\\/alice.ch\\\/fr\\\/qualite\\\/qualite-dans-la-formation-continue\\\/les-labels-qualite-dans-la-formation-continue\\\/\"},{\"@type\":\"ListItem\",\"position\":5,\"name\":\"Labels de qualit\u00e9 internationaux pour les \u00e9coles de langues\"}]},{\"@type\":\"WebSite\",\"@id\":\"https:\\\/\\\/alice.ch\\\/fr\\\/#website\",\"url\":\"https:\\\/\\\/alice.ch\\\/fr\\\/\",\"name\":\"alice.ch (Adult Learning Information Center) ist das Portal der Weiterbildung in der Schweiz.\",\"description\":\"Schweizerischer Verband f\u00fcr Weiterbildung\",\"publisher\":{\"@id\":\"https:\\\/\\\/alice.ch\\\/fr\\\/#organization\"},\"potentialAction\":[{\"@type\":\"SearchAction\",\"target\":{\"@type\":\"EntryPoint\",\"urlTemplate\":\"https:\\\/\\\/alice.ch\\\/fr\\\/?s={search_term_string}\"},\"query-input\":{\"@type\":\"PropertyValueSpecification\",\"valueRequired\":true,\"valueName\":\"search_term_string\"}}],\"inLanguage\":\"fr-FR\"},{\"@type\":\"Organization\",\"@id\":\"https:\\\/\\\/alice.ch\\\/fr\\\/#organization\",\"name\":\"FSEA F\u00e9d\u00e9ration suisse pour la formation continue\",\"url\":\"https:\\\/\\\/alice.ch\\\/fr\\\/\",\"logo\":{\"@type\":\"ImageObject\",\"inLanguage\":\"fr-FR\",\"@id\":\"https:\\\/\\\/alice.ch\\\/fr\\\/#\\\/schema\\\/logo\\\/image\\\/\",\"url\":\"https:\\\/\\\/alice.ch\\\/app\\\/uploads\\\/2022\\\/07\\\/logo-sveb.png\",\"contentUrl\":\"https:\\\/\\\/alice.ch\\\/app\\\/uploads\\\/2022\\\/07\\\/logo-sveb.png\",\"width\":145,\"height\":64,\"caption\":\"FSEA F\u00e9d\u00e9ration suisse pour la formation continue\"},\"image\":{\"@id\":\"https:\\\/\\\/alice.ch\\\/fr\\\/#\\\/schema\\\/logo\\\/image\\\/\"},\"sameAs\":[\"https:\\\/\\\/www.linkedin.com\\\/company\\\/schweizerischer-verband-fr-weiterbildung-sveb\\\/\"]}]}<\/script>\n<!-- \/ Yoast SEO plugin. -->","yoast_head_json":{"title":"Labels de qualit\u00e9 internationaux pour les \u00e9coles de langues - FSEA","robots":{"index":"index","follow":"follow","max-snippet":"max-snippet:-1","max-image-preview":"max-image-preview:large","max-video-preview":"max-video-preview:-1"},"canonical":"https:\/\/alice.ch\/fr\/qualite\/qualite-dans-la-formation-continue\/les-labels-qualite-dans-la-formation-continue\/labels-de-qualite-internationaux-pour-les-ecoles-de-langues\/","og_locale":"fr_FR","og_type":"article","og_title":"Labels de qualit\u00e9 internationaux pour les \u00e9coles de langues - FSEA","og_description":"Labels de qualit\u00e9 internationaux pour les \u00e9coles de langues Pour les \u00e9coles de langues, il existe toute une s\u00e9rie de [&hellip;]","og_url":"https:\/\/alice.ch\/fr\/qualite\/qualite-dans-la-formation-continue\/les-labels-qualite-dans-la-formation-continue\/labels-de-qualite-internationaux-pour-les-ecoles-de-langues\/","og_site_name":"SVEB","article_modified_time":"2022-12-08T08:46:16+00:00","og_image":[{"width":1600,"height":900,"url":"https:\/\/alice.ch\/app\/uploads\/2022\/11\/default.jpg","type":"image\/jpeg"}],"twitter_card":"summary_large_image","twitter_misc":{"Dur\u00e9e de lecture estim\u00e9e":"2 minutes"},"schema":{"@context":"https:\/\/schema.org","@graph":[{"@type":"WebPage","@id":"https:\/\/alice.ch\/fr\/qualite\/qualite-dans-la-formation-continue\/les-labels-qualite-dans-la-formation-continue\/labels-de-qualite-internationaux-pour-les-ecoles-de-langues\/","url":"https:\/\/alice.ch\/fr\/qualite\/qualite-dans-la-formation-continue\/les-labels-qualite-dans-la-formation-continue\/labels-de-qualite-internationaux-pour-les-ecoles-de-langues\/","name":"Labels de qualit\u00e9 internationaux pour les \u00e9coles de langues - FSEA","isPartOf":{"@id":"https:\/\/alice.ch\/fr\/#website"},"primaryImageOfPage":{"@id":"https:\/\/alice.ch\/fr\/qualite\/qualite-dans-la-formation-continue\/les-labels-qualite-dans-la-formation-continue\/labels-de-qualite-internationaux-pour-les-ecoles-de-langues\/#primaryimage"},"image":{"@id":"https:\/\/alice.ch\/fr\/qualite\/qualite-dans-la-formation-continue\/les-labels-qualite-dans-la-formation-continue\/labels-de-qualite-internationaux-pour-les-ecoles-de-langues\/#primaryimage"},"thumbnailUrl":"https:\/\/alice.ch\/app\/uploads\/2022\/11\/default.jpg","datePublished":"2022-10-03T08:16:36+00:00","dateModified":"2022-12-08T08:46:16+00:00","breadcrumb":{"@id":"https:\/\/alice.ch\/fr\/qualite\/qualite-dans-la-formation-continue\/les-labels-qualite-dans-la-formation-continue\/labels-de-qualite-internationaux-pour-les-ecoles-de-langues\/#breadcrumb"},"inLanguage":"fr-FR","potentialAction":[{"@type":"ReadAction","target":["https:\/\/alice.ch\/fr\/qualite\/qualite-dans-la-formation-continue\/les-labels-qualite-dans-la-formation-continue\/labels-de-qualite-internationaux-pour-les-ecoles-de-langues\/"]}]},{"@type":"ImageObject","inLanguage":"fr-FR","@id":"https:\/\/alice.ch\/fr\/qualite\/qualite-dans-la-formation-continue\/les-labels-qualite-dans-la-formation-continue\/labels-de-qualite-internationaux-pour-les-ecoles-de-langues\/#primaryimage","url":"https:\/\/alice.ch\/app\/uploads\/2022\/11\/default.jpg","contentUrl":"https:\/\/alice.ch\/app\/uploads\/2022\/11\/default.jpg","width":1600,"height":900},{"@type":"BreadcrumbList","@id":"https:\/\/alice.ch\/fr\/qualite\/qualite-dans-la-formation-continue\/les-labels-qualite-dans-la-formation-continue\/labels-de-qualite-internationaux-pour-les-ecoles-de-langues\/#breadcrumb","itemListElement":[{"@type":"ListItem","position":1,"name":"Page d'accueil","item":"https:\/\/alice.ch\/fr\/"},{"@type":"ListItem","position":2,"name":"Qualit\u00e9","item":"https:\/\/alice.ch\/fr\/qualite\/"},{"@type":"ListItem","position":3,"name":"Qualit\u00e9 dans la formation continue","item":"https:\/\/alice.ch\/fr\/qualite\/qualite-dans-la-formation-continue\/"},{"@type":"ListItem","position":4,"name":"Les labels qualit\u00e9 dans la formation continue","item":"https:\/\/alice.ch\/fr\/qualite\/qualite-dans-la-formation-continue\/les-labels-qualite-dans-la-formation-continue\/"},{"@type":"ListItem","position":5,"name":"Labels de qualit\u00e9 internationaux pour les \u00e9coles de langues"}]},{"@type":"WebSite","@id":"https:\/\/alice.ch\/fr\/#website","url":"https:\/\/alice.ch\/fr\/","name":"alice.ch (Adult Learning Information Center) ist das Portal der Weiterbildung in der Schweiz.","description":"Schweizerischer Verband f\u00fcr Weiterbildung","publisher":{"@id":"https:\/\/alice.ch\/fr\/#organization"},"potentialAction":[{"@type":"SearchAction","target":{"@type":"EntryPoint","urlTemplate":"https:\/\/alice.ch\/fr\/?s={search_term_string}"},"query-input":{"@type":"PropertyValueSpecification","valueRequired":true,"valueName":"search_term_string"}}],"inLanguage":"fr-FR"},{"@type":"Organization","@id":"https:\/\/alice.ch\/fr\/#organization","name":"FSEA F\u00e9d\u00e9ration suisse pour la formation continue","url":"https:\/\/alice.ch\/fr\/","logo":{"@type":"ImageObject","inLanguage":"fr-FR","@id":"https:\/\/alice.ch\/fr\/#\/schema\/logo\/image\/","url":"https:\/\/alice.ch\/app\/uploads\/2022\/07\/logo-sveb.png","contentUrl":"https:\/\/alice.ch\/app\/uploads\/2022\/07\/logo-sveb.png","width":145,"height":64,"caption":"FSEA F\u00e9d\u00e9ration suisse pour la formation continue"},"image":{"@id":"https:\/\/alice.ch\/fr\/#\/schema\/logo\/image\/"},"sameAs":["https:\/\/www.linkedin.com\/company\/schweizerischer-verband-fr-weiterbildung-sveb\/"]}]}},"_links":{"self":[{"href":"https:\/\/alice.ch\/fr\/wp-json\/wp\/v2\/pages\/11258","targetHints":{"allow":["GET"]}}],"collection":[{"href":"https:\/\/alice.ch\/fr\/wp-json\/wp\/v2\/pages"}],"about":[{"href":"https:\/\/alice.ch\/fr\/wp-json\/wp\/v2\/types\/page"}],"author":[{"embeddable":true,"href":"https:\/\/alice.ch\/fr\/wp-json\/wp\/v2\/users\/4"}],"replies":[{"embeddable":true,"href":"https:\/\/alice.ch\/fr\/wp-json\/wp\/v2\/comments?post=11258"}],"version-history":[{"count":5,"href":"https:\/\/alice.ch\/fr\/wp-json\/wp\/v2\/pages\/11258\/revisions"}],"predecessor-version":[{"id":34681,"href":"https:\/\/alice.ch\/fr\/wp-json\/wp\/v2\/pages\/11258\/revisions\/34681"}],"up":[{"embeddable":true,"href":"https:\/\/alice.ch\/fr\/wp-json\/wp\/v2\/pages\/11254"}],"wp:featuredmedia":[{"embeddable":true,"href":"https:\/\/alice.ch\/fr\/wp-json\/wp\/v2\/media\/20799"}],"wp:attachment":[{"href":"https:\/\/alice.ch\/fr\/wp-json\/wp\/v2\/media?parent=11258"}],"curies":[{"name":"wp","href":"https:\/\/api.w.org\/{rel}","templated":true}]}}