{"id":11262,"date":"2022-10-03T10:43:17","date_gmt":"2022-10-03T08:43:17","guid":{"rendered":"https:\/\/projects.atxeit.ch\/sveb\/qualitaet-in-der-weiterbildung\/transparente-kursausschreibungen\/"},"modified":"2024-08-13T13:24:47","modified_gmt":"2024-08-13T11:24:47","slug":"annonces-de-cours-transparentes","status":"publish","type":"page","link":"https:\/\/alice.ch\/fr\/qualite\/qualite-dans-la-formation-continue\/annonces-de-cours-transparentes\/","title":{"rendered":"Annonces de cours transparentes"},"content":{"rendered":"\n<div class=\"wp-block-group alignwide is-style-reduced-width is-layout-flow wp-block-group-is-layout-flow\">\n<h1 class=\"wp-block-heading\">Annonces de cours transparentes sur Internet<\/h1>\n\n\n\n<p class=\"is-style-lead\">La recherche d&rsquo;une formation continue appropri\u00e9e n&rsquo;est pas devenue plus simple pour les personnes int\u00e9ress\u00e9es, malgr\u00e9 les moteurs de recherche et les plateformes en ligne. Non seulement il est difficile de comparer les offres, mais les informations pertinentes pour la prise de d\u00e9cision sont aussi parfois difficiles \u00e0 d\u00e9terminer.<\/p>\n\n\n\n<p>Les co\u00fbts, par exemple, n&rsquo;indiquent pas toujours de mani\u00e8re transparente s&rsquo;il s&rsquo;agit de co\u00fbts totaux ou s&rsquo;il faut s&rsquo;attendre \u00e0 des co\u00fbts suppl\u00e9mentaires pour le mat\u00e9riel p\u00e9dagogique, les examens, les certificats, etc. Souvent, la description du groupe cible laisse le niveau d&rsquo;entr\u00e9e ouvert ou les contenus ne sont d\u00e9crits que de mani\u00e8re tr\u00e8s rudimentaire.<\/p>\n\n\n\n<div class=\"wp-block-columns is-layout-flex wp-container-core-columns-is-layout-28f84493 wp-block-columns-is-layout-flex\">\n<div class=\"wp-block-column is-layout-flow wp-block-column-is-layout-flow\" style=\"flex-basis:20%\">\n<figure class=\"wp-block-image size-full is-style-no-border\"><a href=\"https:\/\/alice.ch\/fr\/qualite\/qualite-dans-la-formation-continue\/annonces-de-cours-transparentes\/charte-pour-des-annonces-de-cours-transparentes\/\"><img decoding=\"async\" width=\"441\" height=\"482\" src=\"https:\/\/alice.ch\/app\/uploads\/2022\/11\/icon-transparente-kursausschreibung.jpeg\" alt=\"\" class=\"wp-image-6705\" srcset=\"https:\/\/alice.ch\/app\/uploads\/2022\/11\/icon-transparente-kursausschreibung.jpeg 441w, https:\/\/alice.ch\/app\/uploads\/2022\/11\/icon-transparente-kursausschreibung-274x300.jpeg 274w\" sizes=\"(max-width: 441px) 100vw, 441px\" \/><\/a><\/figure>\n<\/div>\n\n\n\n<div class=\"wp-block-column is-layout-flow wp-block-column-is-layout-flow\" style=\"flex-basis:80%\">\n<h2 class=\"wp-block-heading\">Charte pour des annonces de cours transparentes<\/h2>\n\n\n\n<p>Avec l&rsquo;aide de la charte, nous voulons motiver tous les prestataires de formation \u00e0 donner l&rsquo;exemple pour plus de transparence dans la formation continue.<\/p>\n<\/div>\n<\/div>\n\n\n\n<div class=\"wp-block-columns is-layout-flex wp-container-core-columns-is-layout-28f84493 wp-block-columns-is-layout-flex\">\n<div class=\"wp-block-column is-layout-flow wp-block-column-is-layout-flow\">\n<div class=\"wp-block-buttons is-layout-flex wp-block-buttons-is-layout-flex\">\n<div class=\"wp-block-button is-style-outline is-style-outline--1\"><a class=\"wp-block-button__link wp-element-button\" href=\"https:\/\/alice.ch\/fr\/qualite\/qualite-dans-la-formation-continue\/annonces-de-cours-transparentes\/charte-pour-des-annonces-de-cours-transparentes\/\">Charte pour des annonces de cours transparentes<\/a><\/div>\n<\/div>\n<\/div>\n\n\n\n<div class=\"wp-block-column is-layout-flow wp-block-column-is-layout-flow\"><\/div>\n<\/div>\n\n\n\n<h2 class=\"wp-block-heading\">Lignes directrices pour une meilleure qualit\u00e9 de l&rsquo;information<\/h2>\n\n\n\n<p>La FSEA, en collaboration avec des experts de la formation continue, a d\u00e9fini des crit\u00e8res pour une qualit\u00e9 d&rsquo;information ad\u00e9quate dans les annonces de cours pour les offres de formation (cours, modules, domaine). Des crit\u00e8res minimaux s&rsquo;appliquent pour les cours non ax\u00e9s sur l&rsquo;obtention d&rsquo;un dipl\u00f4me. Des informations compl\u00e9mentaires sont n\u00e9cessaires pour les cours ax\u00e9s sur des qualifications. Une distinction est donc faite dans la d\u00e9finition des crit\u00e8res \u00e0 appliquer en fonction des objectifs du cours. Les crit\u00e8res de transparence devraient servir de lignes directrices g\u00e9n\u00e9rales pour les annonces de cours sur Internet.<\/p>\n\n\n\n<div class=\"wp-block-columns is-layout-flex wp-container-core-columns-is-layout-28f84493 wp-block-columns-is-layout-flex\">\n<div class=\"wp-block-column is-layout-flow wp-block-column-is-layout-flow\" style=\"flex-basis:50%\">\n<div class=\"wp-block-file is-style-minimal\"><a id=\"wp-block-file--media-cf18d065-6795-4e8a-9c70-4096fc9b80fe\" href=\"https:\/\/alice.ch\/app\/uploads\/2022\/11\/Annonce_de_cours_transparente_Transparente_Kursausschreibung_FR_01.pdf\" target=\"_blank\" rel=\"noreferrer noopener\">Catalogue de crit\u00e8res<br>pour des annonces<br>de cours transparentes<br \/>PDF &#8211; 64 kb<\/a><a href=\"https:\/\/alice.ch\/app\/uploads\/2022\/11\/Annonce_de_cours_transparente_Transparente_Kursausschreibung_FR_01.pdf\" class=\"wp-block-file__button wp-element-button\" download aria-describedby=\"wp-block-file--media-cf18d065-6795-4e8a-9c70-4096fc9b80fe\">Herunterladen<br \/>PDF &#8211; 64 kb<\/a><\/div>\n<\/div>\n\n\n\n<div class=\"wp-block-column is-layout-flow wp-block-column-is-layout-flow\" style=\"flex-basis:50%\"><\/div>\n<\/div>\n\n\n\n<h2 class=\"wp-block-heading\">Aide \u00e0 l&rsquo;orientation pour les personnes \u00e0 la recherche d&rsquo;un cours<\/h2>\n\n\n\n<p>La check-list suivante a pour but d&rsquo;aider les participants potentiels aux cours \u00e0 trouver une offre de formation continue adapt\u00e9e, qui r\u00e9ponde aux besoins et aux attentes individuelles et qui satisfasse aux normes de qualit\u00e9 fondamentales en mati\u00e8re de formation continue.<\/p>\n\n\n\n<div class=\"wp-block-columns is-layout-flex wp-container-core-columns-is-layout-28f84493 wp-block-columns-is-layout-flex\">\n<div class=\"wp-block-column is-layout-flow wp-block-column-is-layout-flow\">\n<div class=\"wp-block-buttons is-layout-flex wp-block-buttons-is-layout-flex\">\n<div class=\"wp-block-button is-style-outline is-style-outline--2\"><a class=\"wp-block-button__link wp-element-button\" href=\"https:\/\/alice.ch\/fr\/qualite\/qualite-dans-la-formation-continue\/check-list-pour-les-participants\/\">Check-list pour les participants<\/a><\/div>\n<\/div>\n<\/div>\n\n\n\n<div class=\"wp-block-column is-layout-flow wp-block-column-is-layout-flow\"><\/div>\n<\/div>\n\n\n\n<h2 class=\"wp-block-heading\">Contact<\/h2>\n\n\n\n<div class=\"wp-block-columns is-layout-flex wp-container-core-columns-is-layout-28f84493 wp-block-columns-is-layout-flex\">\n<div class=\"wp-block-column is-layout-flow wp-block-column-is-layout-flow\" style=\"flex-basis:50%\"><div class=\"contact-persons\">\n\n\t\t\t\t\t<div class=\"contact-person\">\n\t\t\t\t\tMichelle Mathys<br \/>\t\t\t\t\tResponsable du domaine marketing<br \/>\t\t\t\t\t<br \/>\n\t\t\t\t\t\t\t\t\t\t<a href=\"tel:+41 (0)44 319 71 55\">+41 (0)44 319 71 55<\/a><br \/>\t\t\t\t\t<a href=\"mailto:michelle.mathys@alice.ch\">michelle.mathys@alice.ch<\/a><br \/>\t\t\t\t\t<\/div>\n\t\t\t\t\t<\/div>\n<\/div>\n\n\n\n<div class=\"wp-block-column is-layout-flow wp-block-column-is-layout-flow\" style=\"flex-basis:50%\"><\/div>\n<\/div>\n<\/div>\n","protected":false},"excerpt":{"rendered":"<p>Annonces de cours transparentes sur Internet La recherche d&rsquo;une formation continue appropri\u00e9e n&rsquo;est pas devenue plus simple pour les personnes [&hellip;]<\/p>\n","protected":false},"author":4,"featured_media":20799,"parent":11250,"menu_order":270,"comment_status":"closed","ping_status":"closed","template":"","meta":{"_acf_changed":false,"inline_featured_image":false,"footnotes":""},"class_list":["post-11262","page","type-page","status-publish","has-post-thumbnail","hentry"],"acf":[],"yoast_head":"<!-- This site is optimized with the Yoast SEO plugin v27.3 - https:\/\/yoast.com\/product\/yoast-seo-wordpress\/ -->\n<title>Annonces de cours transparentes - FSEA<\/title>\n<meta name=\"description\" content=\"Avec sa charte pour des annonces de cours transparentes, la FSEA incite les prestataires de cours \u00e0 plus de transparence.\" \/>\n<meta name=\"robots\" content=\"index, follow, max-snippet:-1, max-image-preview:large, max-video-preview:-1\" \/>\n<link rel=\"canonical\" href=\"https:\/\/alice.ch\/fr\/qualite\/qualite-dans-la-formation-continue\/annonces-de-cours-transparentes\/\" \/>\n<meta property=\"og:locale\" content=\"fr_FR\" \/>\n<meta property=\"og:type\" content=\"article\" \/>\n<meta property=\"og:title\" content=\"Annonces de cours transparentes - FSEA\" \/>\n<meta property=\"og:description\" content=\"Avec sa charte pour des annonces de cours transparentes, la FSEA incite les prestataires de cours \u00e0 plus de transparence.\" \/>\n<meta property=\"og:url\" content=\"https:\/\/alice.ch\/fr\/qualite\/qualite-dans-la-formation-continue\/annonces-de-cours-transparentes\/\" \/>\n<meta property=\"og:site_name\" content=\"SVEB\" \/>\n<meta property=\"article:modified_time\" content=\"2024-08-13T11:24:47+00:00\" \/>\n<meta property=\"og:image\" content=\"https:\/\/alice.ch\/app\/uploads\/2022\/11\/icon-transparente-kursausschreibung.jpeg\" \/>\n<meta name=\"twitter:card\" content=\"summary_large_image\" \/>\n<meta name=\"twitter:label1\" content=\"Dur\u00e9e de lecture estim\u00e9e\" \/>\n\t<meta name=\"twitter:data1\" content=\"2 minutes\" \/>\n<script type=\"application\/ld+json\" class=\"yoast-schema-graph\">{\"@context\":\"https:\\\/\\\/schema.org\",\"@graph\":[{\"@type\":\"WebPage\",\"@id\":\"https:\\\/\\\/alice.ch\\\/fr\\\/qualite\\\/qualite-dans-la-formation-continue\\\/annonces-de-cours-transparentes\\\/\",\"url\":\"https:\\\/\\\/alice.ch\\\/fr\\\/qualite\\\/qualite-dans-la-formation-continue\\\/annonces-de-cours-transparentes\\\/\",\"name\":\"Annonces de cours transparentes - FSEA\",\"isPartOf\":{\"@id\":\"https:\\\/\\\/alice.ch\\\/fr\\\/#website\"},\"primaryImageOfPage\":{\"@id\":\"https:\\\/\\\/alice.ch\\\/fr\\\/qualite\\\/qualite-dans-la-formation-continue\\\/annonces-de-cours-transparentes\\\/#primaryimage\"},\"image\":{\"@id\":\"https:\\\/\\\/alice.ch\\\/fr\\\/qualite\\\/qualite-dans-la-formation-continue\\\/annonces-de-cours-transparentes\\\/#primaryimage\"},\"thumbnailUrl\":\"https:\\\/\\\/alice.ch\\\/app\\\/uploads\\\/2022\\\/11\\\/default.jpg\",\"datePublished\":\"2022-10-03T08:43:17+00:00\",\"dateModified\":\"2024-08-13T11:24:47+00:00\",\"description\":\"Avec sa charte pour des annonces de cours transparentes, la FSEA incite les prestataires de cours \u00e0 plus de transparence.\",\"breadcrumb\":{\"@id\":\"https:\\\/\\\/alice.ch\\\/fr\\\/qualite\\\/qualite-dans-la-formation-continue\\\/annonces-de-cours-transparentes\\\/#breadcrumb\"},\"inLanguage\":\"fr-FR\",\"potentialAction\":[{\"@type\":\"ReadAction\",\"target\":[\"https:\\\/\\\/alice.ch\\\/fr\\\/qualite\\\/qualite-dans-la-formation-continue\\\/annonces-de-cours-transparentes\\\/\"]}]},{\"@type\":\"ImageObject\",\"inLanguage\":\"fr-FR\",\"@id\":\"https:\\\/\\\/alice.ch\\\/fr\\\/qualite\\\/qualite-dans-la-formation-continue\\\/annonces-de-cours-transparentes\\\/#primaryimage\",\"url\":\"https:\\\/\\\/alice.ch\\\/app\\\/uploads\\\/2022\\\/11\\\/default.jpg\",\"contentUrl\":\"https:\\\/\\\/alice.ch\\\/app\\\/uploads\\\/2022\\\/11\\\/default.jpg\",\"width\":1600,\"height\":900},{\"@type\":\"BreadcrumbList\",\"@id\":\"https:\\\/\\\/alice.ch\\\/fr\\\/qualite\\\/qualite-dans-la-formation-continue\\\/annonces-de-cours-transparentes\\\/#breadcrumb\",\"itemListElement\":[{\"@type\":\"ListItem\",\"position\":1,\"name\":\"Page d'accueil\",\"item\":\"https:\\\/\\\/alice.ch\\\/fr\\\/\"},{\"@type\":\"ListItem\",\"position\":2,\"name\":\"Qualit\u00e9\",\"item\":\"https:\\\/\\\/alice.ch\\\/fr\\\/qualite\\\/\"},{\"@type\":\"ListItem\",\"position\":3,\"name\":\"Qualit\u00e9 dans la formation continue\",\"item\":\"https:\\\/\\\/alice.ch\\\/fr\\\/qualite\\\/qualite-dans-la-formation-continue\\\/\"},{\"@type\":\"ListItem\",\"position\":4,\"name\":\"Annonces de cours transparentes\"}]},{\"@type\":\"WebSite\",\"@id\":\"https:\\\/\\\/alice.ch\\\/fr\\\/#website\",\"url\":\"https:\\\/\\\/alice.ch\\\/fr\\\/\",\"name\":\"alice.ch (Adult Learning Information Center) ist das Portal der Weiterbildung in der Schweiz.\",\"description\":\"Schweizerischer Verband f\u00fcr Weiterbildung\",\"publisher\":{\"@id\":\"https:\\\/\\\/alice.ch\\\/fr\\\/#organization\"},\"potentialAction\":[{\"@type\":\"SearchAction\",\"target\":{\"@type\":\"EntryPoint\",\"urlTemplate\":\"https:\\\/\\\/alice.ch\\\/fr\\\/?s={search_term_string}\"},\"query-input\":{\"@type\":\"PropertyValueSpecification\",\"valueRequired\":true,\"valueName\":\"search_term_string\"}}],\"inLanguage\":\"fr-FR\"},{\"@type\":\"Organization\",\"@id\":\"https:\\\/\\\/alice.ch\\\/fr\\\/#organization\",\"name\":\"FSEA F\u00e9d\u00e9ration suisse pour la formation continue\",\"url\":\"https:\\\/\\\/alice.ch\\\/fr\\\/\",\"logo\":{\"@type\":\"ImageObject\",\"inLanguage\":\"fr-FR\",\"@id\":\"https:\\\/\\\/alice.ch\\\/fr\\\/#\\\/schema\\\/logo\\\/image\\\/\",\"url\":\"https:\\\/\\\/alice.ch\\\/app\\\/uploads\\\/2022\\\/07\\\/logo-sveb.png\",\"contentUrl\":\"https:\\\/\\\/alice.ch\\\/app\\\/uploads\\\/2022\\\/07\\\/logo-sveb.png\",\"width\":145,\"height\":64,\"caption\":\"FSEA F\u00e9d\u00e9ration suisse pour la formation continue\"},\"image\":{\"@id\":\"https:\\\/\\\/alice.ch\\\/fr\\\/#\\\/schema\\\/logo\\\/image\\\/\"},\"sameAs\":[\"https:\\\/\\\/www.linkedin.com\\\/company\\\/schweizerischer-verband-fr-weiterbildung-sveb\\\/\"]}]}<\/script>\n<!-- \/ Yoast SEO plugin. -->","yoast_head_json":{"title":"Annonces de cours transparentes - FSEA","description":"Avec sa charte pour des annonces de cours transparentes, la FSEA incite les prestataires de cours \u00e0 plus de transparence.","robots":{"index":"index","follow":"follow","max-snippet":"max-snippet:-1","max-image-preview":"max-image-preview:large","max-video-preview":"max-video-preview:-1"},"canonical":"https:\/\/alice.ch\/fr\/qualite\/qualite-dans-la-formation-continue\/annonces-de-cours-transparentes\/","og_locale":"fr_FR","og_type":"article","og_title":"Annonces de cours transparentes - FSEA","og_description":"Avec sa charte pour des annonces de cours transparentes, la FSEA incite les prestataires de cours \u00e0 plus de transparence.","og_url":"https:\/\/alice.ch\/fr\/qualite\/qualite-dans-la-formation-continue\/annonces-de-cours-transparentes\/","og_site_name":"SVEB","article_modified_time":"2024-08-13T11:24:47+00:00","og_image":[{"url":"https:\/\/alice.ch\/app\/uploads\/2022\/11\/icon-transparente-kursausschreibung.jpeg","type":"","width":"","height":""}],"twitter_card":"summary_large_image","twitter_misc":{"Dur\u00e9e de lecture estim\u00e9e":"2 minutes"},"schema":{"@context":"https:\/\/schema.org","@graph":[{"@type":"WebPage","@id":"https:\/\/alice.ch\/fr\/qualite\/qualite-dans-la-formation-continue\/annonces-de-cours-transparentes\/","url":"https:\/\/alice.ch\/fr\/qualite\/qualite-dans-la-formation-continue\/annonces-de-cours-transparentes\/","name":"Annonces de cours transparentes - FSEA","isPartOf":{"@id":"https:\/\/alice.ch\/fr\/#website"},"primaryImageOfPage":{"@id":"https:\/\/alice.ch\/fr\/qualite\/qualite-dans-la-formation-continue\/annonces-de-cours-transparentes\/#primaryimage"},"image":{"@id":"https:\/\/alice.ch\/fr\/qualite\/qualite-dans-la-formation-continue\/annonces-de-cours-transparentes\/#primaryimage"},"thumbnailUrl":"https:\/\/alice.ch\/app\/uploads\/2022\/11\/default.jpg","datePublished":"2022-10-03T08:43:17+00:00","dateModified":"2024-08-13T11:24:47+00:00","description":"Avec sa charte pour des annonces de cours transparentes, la FSEA incite les prestataires de cours \u00e0 plus de transparence.","breadcrumb":{"@id":"https:\/\/alice.ch\/fr\/qualite\/qualite-dans-la-formation-continue\/annonces-de-cours-transparentes\/#breadcrumb"},"inLanguage":"fr-FR","potentialAction":[{"@type":"ReadAction","target":["https:\/\/alice.ch\/fr\/qualite\/qualite-dans-la-formation-continue\/annonces-de-cours-transparentes\/"]}]},{"@type":"ImageObject","inLanguage":"fr-FR","@id":"https:\/\/alice.ch\/fr\/qualite\/qualite-dans-la-formation-continue\/annonces-de-cours-transparentes\/#primaryimage","url":"https:\/\/alice.ch\/app\/uploads\/2022\/11\/default.jpg","contentUrl":"https:\/\/alice.ch\/app\/uploads\/2022\/11\/default.jpg","width":1600,"height":900},{"@type":"BreadcrumbList","@id":"https:\/\/alice.ch\/fr\/qualite\/qualite-dans-la-formation-continue\/annonces-de-cours-transparentes\/#breadcrumb","itemListElement":[{"@type":"ListItem","position":1,"name":"Page d'accueil","item":"https:\/\/alice.ch\/fr\/"},{"@type":"ListItem","position":2,"name":"Qualit\u00e9","item":"https:\/\/alice.ch\/fr\/qualite\/"},{"@type":"ListItem","position":3,"name":"Qualit\u00e9 dans la formation continue","item":"https:\/\/alice.ch\/fr\/qualite\/qualite-dans-la-formation-continue\/"},{"@type":"ListItem","position":4,"name":"Annonces de cours transparentes"}]},{"@type":"WebSite","@id":"https:\/\/alice.ch\/fr\/#website","url":"https:\/\/alice.ch\/fr\/","name":"alice.ch (Adult Learning Information Center) ist das Portal der Weiterbildung in der Schweiz.","description":"Schweizerischer Verband f\u00fcr Weiterbildung","publisher":{"@id":"https:\/\/alice.ch\/fr\/#organization"},"potentialAction":[{"@type":"SearchAction","target":{"@type":"EntryPoint","urlTemplate":"https:\/\/alice.ch\/fr\/?s={search_term_string}"},"query-input":{"@type":"PropertyValueSpecification","valueRequired":true,"valueName":"search_term_string"}}],"inLanguage":"fr-FR"},{"@type":"Organization","@id":"https:\/\/alice.ch\/fr\/#organization","name":"FSEA F\u00e9d\u00e9ration suisse pour la formation continue","url":"https:\/\/alice.ch\/fr\/","logo":{"@type":"ImageObject","inLanguage":"fr-FR","@id":"https:\/\/alice.ch\/fr\/#\/schema\/logo\/image\/","url":"https:\/\/alice.ch\/app\/uploads\/2022\/07\/logo-sveb.png","contentUrl":"https:\/\/alice.ch\/app\/uploads\/2022\/07\/logo-sveb.png","width":145,"height":64,"caption":"FSEA F\u00e9d\u00e9ration suisse pour la formation continue"},"image":{"@id":"https:\/\/alice.ch\/fr\/#\/schema\/logo\/image\/"},"sameAs":["https:\/\/www.linkedin.com\/company\/schweizerischer-verband-fr-weiterbildung-sveb\/"]}]}},"_links":{"self":[{"href":"https:\/\/alice.ch\/fr\/wp-json\/wp\/v2\/pages\/11262","targetHints":{"allow":["GET"]}}],"collection":[{"href":"https:\/\/alice.ch\/fr\/wp-json\/wp\/v2\/pages"}],"about":[{"href":"https:\/\/alice.ch\/fr\/wp-json\/wp\/v2\/types\/page"}],"author":[{"embeddable":true,"href":"https:\/\/alice.ch\/fr\/wp-json\/wp\/v2\/users\/4"}],"replies":[{"embeddable":true,"href":"https:\/\/alice.ch\/fr\/wp-json\/wp\/v2\/comments?post=11262"}],"version-history":[{"count":18,"href":"https:\/\/alice.ch\/fr\/wp-json\/wp\/v2\/pages\/11262\/revisions"}],"predecessor-version":[{"id":61447,"href":"https:\/\/alice.ch\/fr\/wp-json\/wp\/v2\/pages\/11262\/revisions\/61447"}],"up":[{"embeddable":true,"href":"https:\/\/alice.ch\/fr\/wp-json\/wp\/v2\/pages\/11250"}],"wp:featuredmedia":[{"embeddable":true,"href":"https:\/\/alice.ch\/fr\/wp-json\/wp\/v2\/media\/20799"}],"wp:attachment":[{"href":"https:\/\/alice.ch\/fr\/wp-json\/wp\/v2\/media?parent=11262"}],"curies":[{"name":"wp","href":"https:\/\/api.w.org\/{rel}","templated":true}]}}