{"id":11271,"date":"2022-07-11T12:19:53","date_gmt":"2022-07-11T10:19:53","guid":{"rendered":"https:\/\/projects.atxeit.ch\/sveb\/?page_id=11271"},"modified":"2022-11-22T09:38:56","modified_gmt":"2022-11-22T08:38:56","slug":"conference-nationale","status":"publish","type":"page","link":"https:\/\/alice.ch\/fr\/qualite\/qualite-dans-la-formation-continue\/conference-nationale\/","title":{"rendered":"Conf\u00e9rence nationale"},"content":{"rendered":"\n<div class=\"wp-block-group is-style-reduced-width is-layout-flow wp-block-group-is-layout-flow\">\n<h1 class=\"wp-block-heading\">Qualit\u00e9 dans la formation continue : conf\u00e9rence nationale, ateliers et webinaires<\/h1>\n\n\n\n<p class=\"is-style-lead\">Dans le cadre d&rsquo;un mandat de prestations de l&rsquo;ASRE, la FSEA assume des t\u00e2ches importantes sur le th\u00e8me de la qualit\u00e9 de la formation continue. Il favorise les \u00e9changes entre les d\u00e9tenteurs de labels de qualit\u00e9 et les autres parties prenantes et donne des impulsions aux d\u00e9veloppements dans le domaine de l&rsquo;assurance qualit\u00e9 et du d\u00e9veloppement.<\/p>\n\n\n\n<p>En collaboration avec le groupe de travail \u201cQualit\u00e9 en Formation Continue\u201d (Suisse al\u00e9manique) et le R\u00e9seau romand pour la Qualit\u00e9 en Formation des Adultes RQFA (Suisse romande), des th\u00e8mes d&rsquo;actualit\u00e9 sont d\u00e9finis et des manifestations sont planifi\u00e9es. La FSEA coordonne les activit\u00e9s et organise des ateliers, des webinaires et une conf\u00e9rence nationale sur la qualit\u00e9 par an. Ces \u00e9v\u00e9nements s&rsquo;adressent aux prestataires de formation continue, aux responsables de la qualit\u00e9, aux autorit\u00e9s cantonales et \u00e0 toutes les parties int\u00e9ress\u00e9es.&nbsp;&nbsp;<\/p>\n\n\n\n<h2 class=\"wp-block-heading\">Journ\u00e9e nationale sur la qualit\u00e9<\/h2>\n\n\n\n<p>Chaque ann\u00e9e, en automne, une journ\u00e9e nationale sur la qualit\u00e9 est organis\u00e9e sur un th\u00e8me sp\u00e9cifique. La conf\u00e9rence propose des interventions d&rsquo;experts issus de la pratique de la formation continue et du monde universitaire et permet un \u00e9change approfondi sur des sujets d&rsquo;actualit\u00e9.<\/p>\n\n\n\n<p>Prochaine Journ\u00e9e nationale sur la qualit\u00e9 aura lieu le 31.10.2022:&nbsp;<a href=\"https:\/\/alice.ch\/fr\/manifestations\/evenements\/detail\/journee-nationale-sur-la-qualite-2022\/\" target=\"_blank\" rel=\"noreferrer noopener\">La qualit\u00e9 en tant qu&rsquo;avantage concurrentiel sur le march\u00e9 de la formation continue \u2013 D\u00e9veloppement et d\u00e9monstration des facteurs de qualit\u00e9<\/a><\/p>\n\n\n\n<h2 class=\"wp-block-heading\">Pr\u00e9c\u00e9dentes journ\u00e9es nationales et ateliers<\/h2>\n\n\n\n<figure class=\"wp-block-table is-style-stripes\"><table><thead><tr><th class=\"has-text-align-left\" data-align=\"left\" scope=\"col\"><strong>Ann\u00e9e<\/strong><\/th><th class=\"has-text-align-left\" data-align=\"left\" scope=\"col\">Th\u00e8me<\/th><th class=\"has-text-align-left\" data-align=\"left\" scope=\"col\">Experts intervenus<\/th><\/tr><\/thead><tbody><tr><td class=\"has-text-align-left\" data-align=\"left\"><a href=\"https:\/\/alice.ch\/de\/events\/veranstaltungen\/detail\/nationale-qualitaetstagung-2022\/\">2022<\/a><\/td><td class=\"has-text-align-left\" data-align=\"left\">Qualit\u00e4t als Wettbewerbsvorteil im Weiterbildungsmarkt \u2013 Qualit\u00e4tsfaktoren entwickeln und zeigen<\/td><td class=\"has-text-align-left\" data-align=\"left\">C. Meier, F. Sauli, S. Franzen<\/td><\/tr><tr><td class=\"has-text-align-left\" data-align=\"left\"><a href=\"https:\/\/alice.ch\/de\/events\/veranstaltungen\/detail\/nationale-qualitaetstagung-2021-1\/\">2021<\/a><\/td><td class=\"has-text-align-left\" data-align=\"left\">Nouvelles habitudes d&rsquo;apprentissage et besoins des participant-e-s &#8211; d\u00e9fis et opportunit\u00e9s pour la qualit\u00e9 des processus d&rsquo;apprentissage<\/td><td class=\"has-text-align-left\" data-align=\"left\">S. Poopalapillai, A. Riebli, Q. Rime, J. Spirgi, C. Zahn<\/td><\/tr><tr><td class=\"has-text-align-left\" data-align=\"left\"><a href=\"https:\/\/alice.ch\/de\/events\/veranstaltungen\/detail\/vertiefungsworkshop-wie-viel-duerfen-online-lernangebote-kosten-qualitaet-und-preis-von-digitalen-le\/\">2021<\/a><\/td><td class=\"has-text-align-left\" data-align=\"left\">Combien peuvent co\u00fbter les offres de formation continue en ligne&nbsp;? Qualit\u00e9 et prix des formats d\u2019apprentissage num\u00e9rique<\/td><td class=\"has-text-align-left\" data-align=\"left\">St. Seiz, E. Basler<\/td><\/tr><tr><td class=\"has-text-align-left\" data-align=\"left\"><a href=\"https:\/\/alice.ch\/de\/events\/veranstaltungen\/detail\/nationale-qualitaetstagung-2020-qualitaetssicherung-in-online-lernangeboten\/\">2020<\/a><\/td><td class=\"has-text-align-left\" data-align=\"left\">L&rsquo;assurance qualit\u00e9 dans les offres de formation en ligne<\/td><td class=\"has-text-align-left\" data-align=\"left\">C. Bremer, M. Dormann, S. Schmidt, C. Grolimund, O. Marro<\/td><\/tr><tr><td class=\"has-text-align-left\" data-align=\"left\"><a href=\"https:\/\/alice.ch\/de\/events\/veranstaltungen\/detail\/qualitaetstagung-wie-agil-muessen-weiterbildungsorganisationen-heute-sein\/\">2019<\/a><\/td><td class=\"has-text-align-left\" data-align=\"left\">\u00c0 quel point les institutions de formation continue doivent-elles \u00eatre agiles&nbsp;?<\/td><td class=\"has-text-align-left\" data-align=\"left\">C. Schiersmann, M. Achermann<\/td><\/tr><tr><td class=\"has-text-align-left\" data-align=\"left\"><a href=\"https:\/\/alice.ch\/de\/events\/veranstaltungen\/detail\/qualitaetslabel-in-der-weiterbildung-nutzen-maximieren-mehrwert-verkaufen\/\">2018<\/a><\/td><td class=\"has-text-align-left\" data-align=\"left\">Label qualit\u00e9 en formation continue : comment maximiser ses avantages et sa valeur ajout\u00e9e<\/td><td class=\"has-text-align-left\" data-align=\"left\">G. Frera, K. Rubeli, S. Dunand, M. M\u00fcller, G. Neyer, C. Eggenberger<\/td><\/tr><tr><td class=\"has-text-align-left\" data-align=\"left\"><\/td><td class=\"has-text-align-left\" data-align=\"left\"><\/td><td class=\"has-text-align-left\" data-align=\"left\"><\/td><\/tr><\/tbody><\/table><\/figure>\n\n\n\n<h2 class=\"wp-block-heading\">Contact<\/h2>\n\n\n\n<div class=\"wp-block-columns is-layout-flex wp-container-core-columns-is-layout-28f84493 wp-block-columns-is-layout-flex\">\n<div class=\"wp-block-column is-layout-flow wp-block-column-is-layout-flow\" style=\"flex-basis:50%\"><div class=\"contact-persons\">\n\n\t\t\t\t\t<div class=\"contact-person\">\n\t\t\t\t\tMarie Gandola<br \/>\t\t\t\t\tAssistante de Direction   Coordinatrice FFA Romandie<br \/>\t\t\t\t\t<br \/>\n\t\t\t\t\t\t\t\t\t\t<a href=\"tel:+41 (0)22 994 20 10\">+41 (0)22 994 20 10<\/a><br \/>\t\t\t\t\t<a href=\"mailto:marie.gandola@alice.ch\">marie.gandola@alice.ch<\/a><br \/>\t\t\t\t\t<\/div>\n\t\t\t\t\t<\/div>\n<\/div>\n\n\n\n<div class=\"wp-block-column is-layout-flow wp-block-column-is-layout-flow\" style=\"flex-basis:50%\"><\/div>\n<\/div>\n<\/div>\n","protected":false},"excerpt":{"rendered":"<p>Qualit\u00e9 dans la formation continue : conf\u00e9rence nationale, ateliers et webinaires Dans le cadre d&rsquo;un mandat de prestations de l&rsquo;ASRE, [&hellip;]<\/p>\n","protected":false},"author":4,"featured_media":20799,"parent":11250,"menu_order":318,"comment_status":"closed","ping_status":"closed","template":"","meta":{"_acf_changed":false,"inline_featured_image":false,"footnotes":""},"class_list":["post-11271","page","type-page","status-publish","has-post-thumbnail","hentry"],"acf":[],"yoast_head":"<!-- This site is optimized with the Yoast SEO plugin v27.3 - https:\/\/yoast.com\/product\/yoast-seo-wordpress\/ -->\n<title>Conf\u00e9rence nationale - FSEA<\/title>\n<meta name=\"robots\" content=\"index, follow, max-snippet:-1, max-image-preview:large, max-video-preview:-1\" \/>\n<link rel=\"canonical\" href=\"https:\/\/alice.ch\/fr\/qualite\/qualite-dans-la-formation-continue\/conference-nationale\/\" \/>\n<meta property=\"og:locale\" content=\"fr_FR\" \/>\n<meta property=\"og:type\" content=\"article\" \/>\n<meta property=\"og:title\" content=\"Conf\u00e9rence nationale - FSEA\" \/>\n<meta property=\"og:description\" content=\"Qualit\u00e9 dans la formation continue : conf\u00e9rence nationale, ateliers et webinaires Dans le cadre d&rsquo;un mandat de prestations de l&rsquo;ASRE, [&hellip;]\" \/>\n<meta property=\"og:url\" content=\"https:\/\/alice.ch\/fr\/qualite\/qualite-dans-la-formation-continue\/conference-nationale\/\" \/>\n<meta property=\"og:site_name\" content=\"SVEB\" \/>\n<meta property=\"article:modified_time\" content=\"2022-11-22T08:38:56+00:00\" \/>\n<meta property=\"og:image\" content=\"https:\/\/alice.ch\/app\/uploads\/2022\/11\/default.jpg\" \/>\n\t<meta property=\"og:image:width\" content=\"1600\" \/>\n\t<meta property=\"og:image:height\" content=\"900\" \/>\n\t<meta property=\"og:image:type\" content=\"image\/jpeg\" \/>\n<meta name=\"twitter:card\" content=\"summary_large_image\" \/>\n<meta name=\"twitter:label1\" content=\"Dur\u00e9e de lecture estim\u00e9e\" \/>\n\t<meta name=\"twitter:data1\" content=\"3 minutes\" \/>\n<script type=\"application\/ld+json\" class=\"yoast-schema-graph\">{\"@context\":\"https:\\\/\\\/schema.org\",\"@graph\":[{\"@type\":\"WebPage\",\"@id\":\"https:\\\/\\\/alice.ch\\\/fr\\\/qualite\\\/qualite-dans-la-formation-continue\\\/conference-nationale\\\/\",\"url\":\"https:\\\/\\\/alice.ch\\\/fr\\\/qualite\\\/qualite-dans-la-formation-continue\\\/conference-nationale\\\/\",\"name\":\"Conf\u00e9rence nationale - FSEA\",\"isPartOf\":{\"@id\":\"https:\\\/\\\/alice.ch\\\/fr\\\/#website\"},\"primaryImageOfPage\":{\"@id\":\"https:\\\/\\\/alice.ch\\\/fr\\\/qualite\\\/qualite-dans-la-formation-continue\\\/conference-nationale\\\/#primaryimage\"},\"image\":{\"@id\":\"https:\\\/\\\/alice.ch\\\/fr\\\/qualite\\\/qualite-dans-la-formation-continue\\\/conference-nationale\\\/#primaryimage\"},\"thumbnailUrl\":\"https:\\\/\\\/alice.ch\\\/app\\\/uploads\\\/2022\\\/11\\\/default.jpg\",\"datePublished\":\"2022-07-11T10:19:53+00:00\",\"dateModified\":\"2022-11-22T08:38:56+00:00\",\"breadcrumb\":{\"@id\":\"https:\\\/\\\/alice.ch\\\/fr\\\/qualite\\\/qualite-dans-la-formation-continue\\\/conference-nationale\\\/#breadcrumb\"},\"inLanguage\":\"fr-FR\",\"potentialAction\":[{\"@type\":\"ReadAction\",\"target\":[\"https:\\\/\\\/alice.ch\\\/fr\\\/qualite\\\/qualite-dans-la-formation-continue\\\/conference-nationale\\\/\"]}]},{\"@type\":\"ImageObject\",\"inLanguage\":\"fr-FR\",\"@id\":\"https:\\\/\\\/alice.ch\\\/fr\\\/qualite\\\/qualite-dans-la-formation-continue\\\/conference-nationale\\\/#primaryimage\",\"url\":\"https:\\\/\\\/alice.ch\\\/app\\\/uploads\\\/2022\\\/11\\\/default.jpg\",\"contentUrl\":\"https:\\\/\\\/alice.ch\\\/app\\\/uploads\\\/2022\\\/11\\\/default.jpg\",\"width\":1600,\"height\":900},{\"@type\":\"BreadcrumbList\",\"@id\":\"https:\\\/\\\/alice.ch\\\/fr\\\/qualite\\\/qualite-dans-la-formation-continue\\\/conference-nationale\\\/#breadcrumb\",\"itemListElement\":[{\"@type\":\"ListItem\",\"position\":1,\"name\":\"Page d'accueil\",\"item\":\"https:\\\/\\\/alice.ch\\\/fr\\\/\"},{\"@type\":\"ListItem\",\"position\":2,\"name\":\"Qualit\u00e9\",\"item\":\"https:\\\/\\\/alice.ch\\\/fr\\\/qualite\\\/\"},{\"@type\":\"ListItem\",\"position\":3,\"name\":\"Qualit\u00e9 dans la formation continue\",\"item\":\"https:\\\/\\\/alice.ch\\\/fr\\\/qualite\\\/qualite-dans-la-formation-continue\\\/\"},{\"@type\":\"ListItem\",\"position\":4,\"name\":\"Conf\u00e9rence nationale\"}]},{\"@type\":\"WebSite\",\"@id\":\"https:\\\/\\\/alice.ch\\\/fr\\\/#website\",\"url\":\"https:\\\/\\\/alice.ch\\\/fr\\\/\",\"name\":\"alice.ch (Adult Learning Information Center) ist das Portal der Weiterbildung in der Schweiz.\",\"description\":\"Schweizerischer Verband f\u00fcr Weiterbildung\",\"publisher\":{\"@id\":\"https:\\\/\\\/alice.ch\\\/fr\\\/#organization\"},\"potentialAction\":[{\"@type\":\"SearchAction\",\"target\":{\"@type\":\"EntryPoint\",\"urlTemplate\":\"https:\\\/\\\/alice.ch\\\/fr\\\/?s={search_term_string}\"},\"query-input\":{\"@type\":\"PropertyValueSpecification\",\"valueRequired\":true,\"valueName\":\"search_term_string\"}}],\"inLanguage\":\"fr-FR\"},{\"@type\":\"Organization\",\"@id\":\"https:\\\/\\\/alice.ch\\\/fr\\\/#organization\",\"name\":\"FSEA F\u00e9d\u00e9ration suisse pour la formation continue\",\"url\":\"https:\\\/\\\/alice.ch\\\/fr\\\/\",\"logo\":{\"@type\":\"ImageObject\",\"inLanguage\":\"fr-FR\",\"@id\":\"https:\\\/\\\/alice.ch\\\/fr\\\/#\\\/schema\\\/logo\\\/image\\\/\",\"url\":\"https:\\\/\\\/alice.ch\\\/app\\\/uploads\\\/2022\\\/07\\\/logo-sveb.png\",\"contentUrl\":\"https:\\\/\\\/alice.ch\\\/app\\\/uploads\\\/2022\\\/07\\\/logo-sveb.png\",\"width\":145,\"height\":64,\"caption\":\"FSEA F\u00e9d\u00e9ration suisse pour la formation continue\"},\"image\":{\"@id\":\"https:\\\/\\\/alice.ch\\\/fr\\\/#\\\/schema\\\/logo\\\/image\\\/\"},\"sameAs\":[\"https:\\\/\\\/www.linkedin.com\\\/company\\\/schweizerischer-verband-fr-weiterbildung-sveb\\\/\"]}]}<\/script>\n<!-- \/ Yoast SEO plugin. -->","yoast_head_json":{"title":"Conf\u00e9rence nationale - FSEA","robots":{"index":"index","follow":"follow","max-snippet":"max-snippet:-1","max-image-preview":"max-image-preview:large","max-video-preview":"max-video-preview:-1"},"canonical":"https:\/\/alice.ch\/fr\/qualite\/qualite-dans-la-formation-continue\/conference-nationale\/","og_locale":"fr_FR","og_type":"article","og_title":"Conf\u00e9rence nationale - FSEA","og_description":"Qualit\u00e9 dans la formation continue : conf\u00e9rence nationale, ateliers et webinaires Dans le cadre d&rsquo;un mandat de prestations de l&rsquo;ASRE, [&hellip;]","og_url":"https:\/\/alice.ch\/fr\/qualite\/qualite-dans-la-formation-continue\/conference-nationale\/","og_site_name":"SVEB","article_modified_time":"2022-11-22T08:38:56+00:00","og_image":[{"width":1600,"height":900,"url":"https:\/\/alice.ch\/app\/uploads\/2022\/11\/default.jpg","type":"image\/jpeg"}],"twitter_card":"summary_large_image","twitter_misc":{"Dur\u00e9e de lecture estim\u00e9e":"3 minutes"},"schema":{"@context":"https:\/\/schema.org","@graph":[{"@type":"WebPage","@id":"https:\/\/alice.ch\/fr\/qualite\/qualite-dans-la-formation-continue\/conference-nationale\/","url":"https:\/\/alice.ch\/fr\/qualite\/qualite-dans-la-formation-continue\/conference-nationale\/","name":"Conf\u00e9rence nationale - FSEA","isPartOf":{"@id":"https:\/\/alice.ch\/fr\/#website"},"primaryImageOfPage":{"@id":"https:\/\/alice.ch\/fr\/qualite\/qualite-dans-la-formation-continue\/conference-nationale\/#primaryimage"},"image":{"@id":"https:\/\/alice.ch\/fr\/qualite\/qualite-dans-la-formation-continue\/conference-nationale\/#primaryimage"},"thumbnailUrl":"https:\/\/alice.ch\/app\/uploads\/2022\/11\/default.jpg","datePublished":"2022-07-11T10:19:53+00:00","dateModified":"2022-11-22T08:38:56+00:00","breadcrumb":{"@id":"https:\/\/alice.ch\/fr\/qualite\/qualite-dans-la-formation-continue\/conference-nationale\/#breadcrumb"},"inLanguage":"fr-FR","potentialAction":[{"@type":"ReadAction","target":["https:\/\/alice.ch\/fr\/qualite\/qualite-dans-la-formation-continue\/conference-nationale\/"]}]},{"@type":"ImageObject","inLanguage":"fr-FR","@id":"https:\/\/alice.ch\/fr\/qualite\/qualite-dans-la-formation-continue\/conference-nationale\/#primaryimage","url":"https:\/\/alice.ch\/app\/uploads\/2022\/11\/default.jpg","contentUrl":"https:\/\/alice.ch\/app\/uploads\/2022\/11\/default.jpg","width":1600,"height":900},{"@type":"BreadcrumbList","@id":"https:\/\/alice.ch\/fr\/qualite\/qualite-dans-la-formation-continue\/conference-nationale\/#breadcrumb","itemListElement":[{"@type":"ListItem","position":1,"name":"Page d'accueil","item":"https:\/\/alice.ch\/fr\/"},{"@type":"ListItem","position":2,"name":"Qualit\u00e9","item":"https:\/\/alice.ch\/fr\/qualite\/"},{"@type":"ListItem","position":3,"name":"Qualit\u00e9 dans la formation continue","item":"https:\/\/alice.ch\/fr\/qualite\/qualite-dans-la-formation-continue\/"},{"@type":"ListItem","position":4,"name":"Conf\u00e9rence nationale"}]},{"@type":"WebSite","@id":"https:\/\/alice.ch\/fr\/#website","url":"https:\/\/alice.ch\/fr\/","name":"alice.ch (Adult Learning Information Center) ist das Portal der Weiterbildung in der Schweiz.","description":"Schweizerischer Verband f\u00fcr Weiterbildung","publisher":{"@id":"https:\/\/alice.ch\/fr\/#organization"},"potentialAction":[{"@type":"SearchAction","target":{"@type":"EntryPoint","urlTemplate":"https:\/\/alice.ch\/fr\/?s={search_term_string}"},"query-input":{"@type":"PropertyValueSpecification","valueRequired":true,"valueName":"search_term_string"}}],"inLanguage":"fr-FR"},{"@type":"Organization","@id":"https:\/\/alice.ch\/fr\/#organization","name":"FSEA F\u00e9d\u00e9ration suisse pour la formation continue","url":"https:\/\/alice.ch\/fr\/","logo":{"@type":"ImageObject","inLanguage":"fr-FR","@id":"https:\/\/alice.ch\/fr\/#\/schema\/logo\/image\/","url":"https:\/\/alice.ch\/app\/uploads\/2022\/07\/logo-sveb.png","contentUrl":"https:\/\/alice.ch\/app\/uploads\/2022\/07\/logo-sveb.png","width":145,"height":64,"caption":"FSEA F\u00e9d\u00e9ration suisse pour la formation continue"},"image":{"@id":"https:\/\/alice.ch\/fr\/#\/schema\/logo\/image\/"},"sameAs":["https:\/\/www.linkedin.com\/company\/schweizerischer-verband-fr-weiterbildung-sveb\/"]}]}},"_links":{"self":[{"href":"https:\/\/alice.ch\/fr\/wp-json\/wp\/v2\/pages\/11271","targetHints":{"allow":["GET"]}}],"collection":[{"href":"https:\/\/alice.ch\/fr\/wp-json\/wp\/v2\/pages"}],"about":[{"href":"https:\/\/alice.ch\/fr\/wp-json\/wp\/v2\/types\/page"}],"author":[{"embeddable":true,"href":"https:\/\/alice.ch\/fr\/wp-json\/wp\/v2\/users\/4"}],"replies":[{"embeddable":true,"href":"https:\/\/alice.ch\/fr\/wp-json\/wp\/v2\/comments?post=11271"}],"version-history":[{"count":7,"href":"https:\/\/alice.ch\/fr\/wp-json\/wp\/v2\/pages\/11271\/revisions"}],"predecessor-version":[{"id":53446,"href":"https:\/\/alice.ch\/fr\/wp-json\/wp\/v2\/pages\/11271\/revisions\/53446"}],"up":[{"embeddable":true,"href":"https:\/\/alice.ch\/fr\/wp-json\/wp\/v2\/pages\/11250"}],"wp:featuredmedia":[{"embeddable":true,"href":"https:\/\/alice.ch\/fr\/wp-json\/wp\/v2\/media\/20799"}],"wp:attachment":[{"href":"https:\/\/alice.ch\/fr\/wp-json\/wp\/v2\/media?parent=11271"}],"curies":[{"name":"wp","href":"https:\/\/api.w.org\/{rel}","templated":true}]}}