{"id":11279,"date":"2022-08-16T16:30:00","date_gmt":"2022-08-16T14:30:00","guid":{"rendered":"https:\/\/projects.atxeit.ch\/sveb\/sveb-branchenmonitor\/"},"modified":"2025-12-10T14:15:04","modified_gmt":"2025-12-10T13:15:04","slug":"observatoire-de-la-formation-continue-fsea","status":"publish","type":"page","link":"https:\/\/alice.ch\/fr\/recherche\/activites-de-recherche\/observatoire-de-la-formation-continue-fsea\/","title":{"rendered":"Observatoire de la formation continue FSEA"},"content":{"rendered":"\n<div class=\"wp-block-group is-style-reduced-width is-layout-flow wp-block-group-is-layout-flow\">\n<h1 class=\"wp-block-heading\">Observatoire de la formation continue FSEA<\/h1>\n\n\n\n<article class=\"wp-block-group is-layout-flow wp-block-group-is-layout-flow\">\n<p>L\u2019observatoire de la formation continue FSEA recense les d\u00e9veloppements actuels et les tendances du march\u00e9 de la formation continue. Sur la base d&rsquo;enqu\u00eates p\u00e9riodiques aupr\u00e8s des prestataires de formation, les d\u00e9veloppements dans les institutions de formation continue sont saisis \u00e0 l&rsquo;aide de 4 indicateurs :<\/p>\n\n\n\n<ul class=\"wp-block-list\">\n<li>La situation \u00e9conomique<\/li>\n\n\n\n<li>L&rsquo;offre<\/li>\n\n\n\n<li>La demande<\/li>\n\n\n\n<li>La situation du personnel<\/li>\n<\/ul>\n\n\n\n<p>Parall\u00e8lement, la FSEA \u00e9tudie les tendances de la formation continue dans des domaines tels que la professionnalisation et la num\u00e9risation. Avec cet observatoire, nous \u00e9tudions ces tendances et d&rsquo;autres, et envisageons des pronostics possibles pour l&rsquo;\u00e9volution future de la branche.<\/p>\n\n\n\n\t\n\t<div class=\"publication-item\">\n\t\t<div class=\"image\">\n\t\t\t<img decoding=\"async\" width=\"493\" height=\"696\" src=\"https:\/\/alice.ch\/app\/uploads\/2025\/11\/observatoire-fsea-2025-cover.png\" class=\"attachment-post-thumbnail size-post-thumbnail wp-post-image\" alt=\"\" srcset=\"https:\/\/alice.ch\/app\/uploads\/2025\/11\/observatoire-fsea-2025-cover.png 493w, https:\/\/alice.ch\/app\/uploads\/2025\/11\/observatoire-fsea-2025-cover-213x300.png 213w\" sizes=\"(max-width: 493px) 100vw, 493px\" \/>\t\t<\/div>\n\n\t\t<div class=\"content\">\n\t\t\t<h3>Observatoire de la formation continue FSEA 2025<\/h3>\n\t\t\t<div class=\"description\"><p>Selon l&rsquo;Observatoire de la formation continue FSEA, les prestataires tablent sur une \u00e9volution l\u00e9g\u00e8rement positive de l&rsquo;offre et de la demande. Mais ils d\u00e9plorent une forte pression concurrentielle.<\/p>\n<\/div>\n\n\t\t\t<div class=\"meta\">\n\t\t\t\t<ul>\n\t\t\t\t\t\t\t\t\t\t\t<li><strong>Prix:<\/strong> gratuit<\/li>\n\t\t\t\t\t\n\t\t\t\t\t\t\t\t\t\t\t<li><strong>\u00c9diteur:<\/strong> FSEA<\/li>\n\t\t\t\t\t\n\t\t\t\t\t\t\t\t\t\t\t<li><strong>Auteur:<\/strong> Aranya Sritharan<\/li>\n\t\t\t\t\t\n\t\t\t\t\t\t\t\t\t\t\t<li><strong>Distributeur:<\/strong> FSEA, 30 pages<\/li>\n\t\t\t\t\t\n\t\t\t\t\t\n\t\t\t\t\t\n\t\t\t\t\t\t\t\t\t<\/ul>\n\n\t\t\t\t<ul class=\"actions\">\n\t\t\t\t\t\t\t\t\t\t\t<li><a class=\"button\" href=\"https:\/\/alice.ch\/fr\/download-fr\/?pub-id=72292\">T\u00e9l\u00e9charger<\/a><\/li>\n\t\t\t\t\t\n\t\t\t\t\t\t\t\t\t<\/ul>\n\t\t\t<\/div>\n\t\t<\/div>\n\n\n\t<\/div>\n\n\n\t\n\n\n<h2 class=\"wp-block-heading\">Situation actuelle<\/h2>\n\n\n\n<p>L&rsquo;enqu\u00eate de l&rsquo;ann\u00e9e 2025 s&rsquo;est d\u00e9roul\u00e9e d&rsquo;avril \u00e0 mai. Les r\u00e9sultats de l&rsquo;Overservatoire 2025 s&rsquo;appuient sur les donn\u00e9es fournies par 355 prestataires de formation continue.<\/p>\n\n\n\n<p>L\u2019Observatoire de la formation continue 2025 montre une \u00e9volution l\u00e9g\u00e8rement positive pour l&rsquo;ann\u00e9e pr\u00e9c\u00e9dente ainsi que pour l&rsquo;ann\u00e9e en cours. Cette ann\u00e9e encore, les prestataires font \u00e9tat d&rsquo;une forte pression concurrentielle et d&rsquo;une p\u00e9nurie croissante de main-d&rsquo;\u0153uvre qualifi\u00e9e.<br>&nbsp;<\/p>\n<\/article>\n\n\n\n<article class=\"wp-block-group is-layout-flow wp-block-group-is-layout-flow\">\n<h2 class=\"wp-block-heading\">Monitoring selon la LFCo<\/h2>\n\n\n\n<p>Conform\u00e9ment \u00e0 l&rsquo;art. 19 de&nbsp;la <a href=\"https:\/\/alice.ch\/fr\/fsea-fr\/politique-de-la-formation\/loi-sur-la-formation-continue\/\">loi sur la formation continue<\/a>&nbsp;(LFCo), la Conf\u00e9d\u00e9ration a pour mission d&rsquo;assurer un monitorage du march\u00e9 de la formation continue. L\u2019observatoire de la FSEA est une contribution \u00e0 la mise en place de ce monitorage.<\/p>\n\n\n\n<p>La mise en \u0153uvre annuelle du monitoring est soutenue financi\u00e8rement par le<a href=\"https:\/\/www.sbfi.admin.ch\/sbfi\/fr\/home.html\" target=\"_blank\" rel=\"noreferrer noopener\"> Secr\u00e9tariat d&rsquo;Etat \u00e0 la formation, \u00e0 la recherche et \u00e0 l&rsquo;innovation (SEFRI).<\/a><\/p>\n\n\n\n<h2 class=\"wp-block-heading\">Proc\u00e9dure<\/h2>\n\n\n\n<p>La conception d&rsquo;un observatoire a \u00e9t\u00e9 d\u00e9velopp\u00e9e dans le cadre d&rsquo;un projet mandat\u00e9 par le SEFRI. L\u2019observatoire de la formation continue FSEA se base sur une enqu\u00eate annuelle en ligne aupr\u00e8s des prestataires de formation continue.<\/p>\n<\/article>\n\n\n\n<h2 class=\"wp-block-heading\">Contact<\/h2>\n\n\n\n<div class=\"wp-block-columns is-layout-flex wp-container-core-columns-is-layout-28f84493 wp-block-columns-is-layout-flex\">\n<div class=\"wp-block-column is-layout-flow wp-block-column-is-layout-flow\" style=\"flex-basis:50%\"><div class=\"contact-persons\">\n\n\t\t\t\t\t<div class=\"contact-person\">\n\t\t\t\t\tIrena Sgier<br \/>\t\t\t\t\tDirectrice adjointe, Directrice de la recherche, du d\u00e9veloppement et de l\u2019innovation<br \/>\t\t\t\t\t<br \/>\n\t\t\t\t\t\t\t\t\t\t<a href=\"tel:+41 (0)44 319 71 59\">+41 (0)44 319 71 59<\/a><br \/>\t\t\t\t\t<a href=\"mailto:irena.sgier@alice.ch\">irena.sgier@alice.ch<\/a><br \/>\t\t\t\t\t<\/div>\n\t\t\t\t\t<\/div>\n<\/div>\n\n\n\n<div class=\"wp-block-column is-layout-flow wp-block-column-is-layout-flow\" style=\"flex-basis:50%\"><\/div>\n<\/div>\n<\/div>\n","protected":false},"excerpt":{"rendered":"<p>Observatoire de la formation continue FSEA L\u2019observatoire de la formation continue FSEA recense les d\u00e9veloppements actuels et les tendances du [&hellip;]<\/p>\n","protected":false},"author":2,"featured_media":20799,"parent":18341,"menu_order":373,"comment_status":"closed","ping_status":"closed","template":"","meta":{"_acf_changed":false,"inline_featured_image":false,"footnotes":""},"class_list":["post-11279","page","type-page","status-publish","has-post-thumbnail","hentry"],"acf":[],"yoast_head":"<!-- This site is optimized with the Yoast SEO plugin v27.3 - https:\/\/yoast.com\/product\/yoast-seo-wordpress\/ -->\n<title>Observatoire de la formation continue FSEA - FSEA<\/title>\n<meta name=\"description\" content=\"Vous trouverez ici le dernier moniteur sectoriel, des informations sur la proc\u00e9dure, l&#039;\u00e9tat actuel et le monitorage selon la LFCo.\" \/>\n<meta name=\"robots\" content=\"index, follow, max-snippet:-1, max-image-preview:large, max-video-preview:-1\" \/>\n<link rel=\"canonical\" href=\"https:\/\/alice.ch\/fr\/recherche\/activites-de-recherche\/observatoire-de-la-formation-continue-fsea\/\" \/>\n<meta property=\"og:locale\" content=\"fr_FR\" \/>\n<meta property=\"og:type\" content=\"article\" \/>\n<meta property=\"og:title\" content=\"Observatoire de la formation continue FSEA - FSEA\" \/>\n<meta property=\"og:description\" content=\"Vous trouverez ici le dernier moniteur sectoriel, des informations sur la proc\u00e9dure, l&#039;\u00e9tat actuel et le monitorage selon la LFCo.\" \/>\n<meta property=\"og:url\" content=\"https:\/\/alice.ch\/fr\/recherche\/activites-de-recherche\/observatoire-de-la-formation-continue-fsea\/\" \/>\n<meta property=\"og:site_name\" content=\"SVEB\" \/>\n<meta property=\"article:modified_time\" content=\"2025-12-10T13:15:04+00:00\" \/>\n<meta name=\"twitter:card\" content=\"summary_large_image\" \/>\n<meta name=\"twitter:label1\" content=\"Dur\u00e9e de lecture estim\u00e9e\" \/>\n\t<meta name=\"twitter:data1\" content=\"2 minutes\" \/>\n<script type=\"application\/ld+json\" class=\"yoast-schema-graph\">{\"@context\":\"https:\\\/\\\/schema.org\",\"@graph\":[{\"@type\":\"WebPage\",\"@id\":\"https:\\\/\\\/alice.ch\\\/fr\\\/recherche\\\/activites-de-recherche\\\/observatoire-de-la-formation-continue-fsea\\\/\",\"url\":\"https:\\\/\\\/alice.ch\\\/fr\\\/recherche\\\/activites-de-recherche\\\/observatoire-de-la-formation-continue-fsea\\\/\",\"name\":\"Observatoire de la formation continue FSEA - FSEA\",\"isPartOf\":{\"@id\":\"https:\\\/\\\/alice.ch\\\/fr\\\/#website\"},\"primaryImageOfPage\":{\"@id\":\"https:\\\/\\\/alice.ch\\\/fr\\\/recherche\\\/activites-de-recherche\\\/observatoire-de-la-formation-continue-fsea\\\/#primaryimage\"},\"image\":{\"@id\":\"https:\\\/\\\/alice.ch\\\/fr\\\/recherche\\\/activites-de-recherche\\\/observatoire-de-la-formation-continue-fsea\\\/#primaryimage\"},\"thumbnailUrl\":\"https:\\\/\\\/alice.ch\\\/app\\\/uploads\\\/2022\\\/11\\\/default.jpg\",\"datePublished\":\"2022-08-16T14:30:00+00:00\",\"dateModified\":\"2025-12-10T13:15:04+00:00\",\"description\":\"Vous trouverez ici le dernier moniteur sectoriel, des informations sur la proc\u00e9dure, l'\u00e9tat actuel et le monitorage selon la LFCo.\",\"breadcrumb\":{\"@id\":\"https:\\\/\\\/alice.ch\\\/fr\\\/recherche\\\/activites-de-recherche\\\/observatoire-de-la-formation-continue-fsea\\\/#breadcrumb\"},\"inLanguage\":\"fr-FR\",\"potentialAction\":[{\"@type\":\"ReadAction\",\"target\":[\"https:\\\/\\\/alice.ch\\\/fr\\\/recherche\\\/activites-de-recherche\\\/observatoire-de-la-formation-continue-fsea\\\/\"]}]},{\"@type\":\"ImageObject\",\"inLanguage\":\"fr-FR\",\"@id\":\"https:\\\/\\\/alice.ch\\\/fr\\\/recherche\\\/activites-de-recherche\\\/observatoire-de-la-formation-continue-fsea\\\/#primaryimage\",\"url\":\"https:\\\/\\\/alice.ch\\\/app\\\/uploads\\\/2022\\\/11\\\/default.jpg\",\"contentUrl\":\"https:\\\/\\\/alice.ch\\\/app\\\/uploads\\\/2022\\\/11\\\/default.jpg\",\"width\":1600,\"height\":900},{\"@type\":\"BreadcrumbList\",\"@id\":\"https:\\\/\\\/alice.ch\\\/fr\\\/recherche\\\/activites-de-recherche\\\/observatoire-de-la-formation-continue-fsea\\\/#breadcrumb\",\"itemListElement\":[{\"@type\":\"ListItem\",\"position\":1,\"name\":\"Page d'accueil\",\"item\":\"https:\\\/\\\/alice.ch\\\/fr\\\/\"},{\"@type\":\"ListItem\",\"position\":2,\"name\":\"Recherche\",\"item\":\"https:\\\/\\\/alice.ch\\\/fr\\\/recherche\\\/\"},{\"@type\":\"ListItem\",\"position\":3,\"name\":\"Activit\u00e9s de recherche\",\"item\":\"https:\\\/\\\/alice.ch\\\/fr\\\/recherche\\\/activites-de-recherche\\\/\"},{\"@type\":\"ListItem\",\"position\":4,\"name\":\"Observatoire de la formation continue FSEA\"}]},{\"@type\":\"WebSite\",\"@id\":\"https:\\\/\\\/alice.ch\\\/fr\\\/#website\",\"url\":\"https:\\\/\\\/alice.ch\\\/fr\\\/\",\"name\":\"alice.ch (Adult Learning Information Center) ist das Portal der Weiterbildung in der Schweiz.\",\"description\":\"Schweizerischer Verband f\u00fcr Weiterbildung\",\"publisher\":{\"@id\":\"https:\\\/\\\/alice.ch\\\/fr\\\/#organization\"},\"potentialAction\":[{\"@type\":\"SearchAction\",\"target\":{\"@type\":\"EntryPoint\",\"urlTemplate\":\"https:\\\/\\\/alice.ch\\\/fr\\\/?s={search_term_string}\"},\"query-input\":{\"@type\":\"PropertyValueSpecification\",\"valueRequired\":true,\"valueName\":\"search_term_string\"}}],\"inLanguage\":\"fr-FR\"},{\"@type\":\"Organization\",\"@id\":\"https:\\\/\\\/alice.ch\\\/fr\\\/#organization\",\"name\":\"FSEA F\u00e9d\u00e9ration suisse pour la formation continue\",\"url\":\"https:\\\/\\\/alice.ch\\\/fr\\\/\",\"logo\":{\"@type\":\"ImageObject\",\"inLanguage\":\"fr-FR\",\"@id\":\"https:\\\/\\\/alice.ch\\\/fr\\\/#\\\/schema\\\/logo\\\/image\\\/\",\"url\":\"https:\\\/\\\/alice.ch\\\/app\\\/uploads\\\/2022\\\/07\\\/logo-sveb.png\",\"contentUrl\":\"https:\\\/\\\/alice.ch\\\/app\\\/uploads\\\/2022\\\/07\\\/logo-sveb.png\",\"width\":145,\"height\":64,\"caption\":\"FSEA F\u00e9d\u00e9ration suisse pour la formation continue\"},\"image\":{\"@id\":\"https:\\\/\\\/alice.ch\\\/fr\\\/#\\\/schema\\\/logo\\\/image\\\/\"},\"sameAs\":[\"https:\\\/\\\/www.linkedin.com\\\/company\\\/schweizerischer-verband-fr-weiterbildung-sveb\\\/\"]}]}<\/script>\n<!-- \/ Yoast SEO plugin. -->","yoast_head_json":{"title":"Observatoire de la formation continue FSEA - FSEA","description":"Vous trouverez ici le dernier moniteur sectoriel, des informations sur la proc\u00e9dure, l'\u00e9tat actuel et le monitorage selon la LFCo.","robots":{"index":"index","follow":"follow","max-snippet":"max-snippet:-1","max-image-preview":"max-image-preview:large","max-video-preview":"max-video-preview:-1"},"canonical":"https:\/\/alice.ch\/fr\/recherche\/activites-de-recherche\/observatoire-de-la-formation-continue-fsea\/","og_locale":"fr_FR","og_type":"article","og_title":"Observatoire de la formation continue FSEA - FSEA","og_description":"Vous trouverez ici le dernier moniteur sectoriel, des informations sur la proc\u00e9dure, l'\u00e9tat actuel et le monitorage selon la LFCo.","og_url":"https:\/\/alice.ch\/fr\/recherche\/activites-de-recherche\/observatoire-de-la-formation-continue-fsea\/","og_site_name":"SVEB","article_modified_time":"2025-12-10T13:15:04+00:00","twitter_card":"summary_large_image","twitter_misc":{"Dur\u00e9e de lecture estim\u00e9e":"2 minutes"},"schema":{"@context":"https:\/\/schema.org","@graph":[{"@type":"WebPage","@id":"https:\/\/alice.ch\/fr\/recherche\/activites-de-recherche\/observatoire-de-la-formation-continue-fsea\/","url":"https:\/\/alice.ch\/fr\/recherche\/activites-de-recherche\/observatoire-de-la-formation-continue-fsea\/","name":"Observatoire de la formation continue FSEA - FSEA","isPartOf":{"@id":"https:\/\/alice.ch\/fr\/#website"},"primaryImageOfPage":{"@id":"https:\/\/alice.ch\/fr\/recherche\/activites-de-recherche\/observatoire-de-la-formation-continue-fsea\/#primaryimage"},"image":{"@id":"https:\/\/alice.ch\/fr\/recherche\/activites-de-recherche\/observatoire-de-la-formation-continue-fsea\/#primaryimage"},"thumbnailUrl":"https:\/\/alice.ch\/app\/uploads\/2022\/11\/default.jpg","datePublished":"2022-08-16T14:30:00+00:00","dateModified":"2025-12-10T13:15:04+00:00","description":"Vous trouverez ici le dernier moniteur sectoriel, des informations sur la proc\u00e9dure, l'\u00e9tat actuel et le monitorage selon la LFCo.","breadcrumb":{"@id":"https:\/\/alice.ch\/fr\/recherche\/activites-de-recherche\/observatoire-de-la-formation-continue-fsea\/#breadcrumb"},"inLanguage":"fr-FR","potentialAction":[{"@type":"ReadAction","target":["https:\/\/alice.ch\/fr\/recherche\/activites-de-recherche\/observatoire-de-la-formation-continue-fsea\/"]}]},{"@type":"ImageObject","inLanguage":"fr-FR","@id":"https:\/\/alice.ch\/fr\/recherche\/activites-de-recherche\/observatoire-de-la-formation-continue-fsea\/#primaryimage","url":"https:\/\/alice.ch\/app\/uploads\/2022\/11\/default.jpg","contentUrl":"https:\/\/alice.ch\/app\/uploads\/2022\/11\/default.jpg","width":1600,"height":900},{"@type":"BreadcrumbList","@id":"https:\/\/alice.ch\/fr\/recherche\/activites-de-recherche\/observatoire-de-la-formation-continue-fsea\/#breadcrumb","itemListElement":[{"@type":"ListItem","position":1,"name":"Page d'accueil","item":"https:\/\/alice.ch\/fr\/"},{"@type":"ListItem","position":2,"name":"Recherche","item":"https:\/\/alice.ch\/fr\/recherche\/"},{"@type":"ListItem","position":3,"name":"Activit\u00e9s de recherche","item":"https:\/\/alice.ch\/fr\/recherche\/activites-de-recherche\/"},{"@type":"ListItem","position":4,"name":"Observatoire de la formation continue FSEA"}]},{"@type":"WebSite","@id":"https:\/\/alice.ch\/fr\/#website","url":"https:\/\/alice.ch\/fr\/","name":"alice.ch (Adult Learning Information Center) ist das Portal der Weiterbildung in der Schweiz.","description":"Schweizerischer Verband f\u00fcr Weiterbildung","publisher":{"@id":"https:\/\/alice.ch\/fr\/#organization"},"potentialAction":[{"@type":"SearchAction","target":{"@type":"EntryPoint","urlTemplate":"https:\/\/alice.ch\/fr\/?s={search_term_string}"},"query-input":{"@type":"PropertyValueSpecification","valueRequired":true,"valueName":"search_term_string"}}],"inLanguage":"fr-FR"},{"@type":"Organization","@id":"https:\/\/alice.ch\/fr\/#organization","name":"FSEA F\u00e9d\u00e9ration suisse pour la formation continue","url":"https:\/\/alice.ch\/fr\/","logo":{"@type":"ImageObject","inLanguage":"fr-FR","@id":"https:\/\/alice.ch\/fr\/#\/schema\/logo\/image\/","url":"https:\/\/alice.ch\/app\/uploads\/2022\/07\/logo-sveb.png","contentUrl":"https:\/\/alice.ch\/app\/uploads\/2022\/07\/logo-sveb.png","width":145,"height":64,"caption":"FSEA F\u00e9d\u00e9ration suisse pour la formation continue"},"image":{"@id":"https:\/\/alice.ch\/fr\/#\/schema\/logo\/image\/"},"sameAs":["https:\/\/www.linkedin.com\/company\/schweizerischer-verband-fr-weiterbildung-sveb\/"]}]}},"_links":{"self":[{"href":"https:\/\/alice.ch\/fr\/wp-json\/wp\/v2\/pages\/11279","targetHints":{"allow":["GET"]}}],"collection":[{"href":"https:\/\/alice.ch\/fr\/wp-json\/wp\/v2\/pages"}],"about":[{"href":"https:\/\/alice.ch\/fr\/wp-json\/wp\/v2\/types\/page"}],"author":[{"embeddable":true,"href":"https:\/\/alice.ch\/fr\/wp-json\/wp\/v2\/users\/2"}],"replies":[{"embeddable":true,"href":"https:\/\/alice.ch\/fr\/wp-json\/wp\/v2\/comments?post=11279"}],"version-history":[{"count":29,"href":"https:\/\/alice.ch\/fr\/wp-json\/wp\/v2\/pages\/11279\/revisions"}],"predecessor-version":[{"id":72529,"href":"https:\/\/alice.ch\/fr\/wp-json\/wp\/v2\/pages\/11279\/revisions\/72529"}],"up":[{"embeddable":true,"href":"https:\/\/alice.ch\/fr\/wp-json\/wp\/v2\/pages\/18341"}],"wp:featuredmedia":[{"embeddable":true,"href":"https:\/\/alice.ch\/fr\/wp-json\/wp\/v2\/media\/20799"}],"wp:attachment":[{"href":"https:\/\/alice.ch\/fr\/wp-json\/wp\/v2\/media?parent=11279"}],"curies":[{"name":"wp","href":"https:\/\/api.w.org\/{rel}","templated":true}]}}