{"id":11285,"date":"2022-08-16T16:37:53","date_gmt":"2022-08-16T14:37:53","guid":{"rendered":"https:\/\/projects.atxeit.ch\/sveb\/aktuelle-entwicklungsprojekte\/"},"modified":"2025-12-18T10:56:00","modified_gmt":"2025-12-18T09:56:00","slug":"nouveaux-projets-de-la-fsea-orientes-vers-la-pratique","status":"publish","type":"page","link":"https:\/\/alice.ch\/fr\/recherche\/developpements-pour-la-pratique\/nouveaux-projets-de-la-fsea-orientes-vers-la-pratique\/","title":{"rendered":"Nouveaux projets de la FSEA orient\u00e9s vers la pratique"},"content":{"rendered":"\n<div class=\"wp-block-group is-style-reduced-width is-layout-constrained wp-block-group-is-layout-constrained\">\n<h1 class=\"wp-block-heading\">Nouveaux projets de la FSEA orient\u00e9s vers la pratique<\/h1>\n\n\n\n<p class=\"is-style-lead\">Avec des projets de d\u00e9veloppement orient\u00e9s vers la pratique, la FSEA veut contribuer au d\u00e9veloppement et \u00e0 l&rsquo;innovation dans la formation continue. Actuellement, trois projets de ce type sont en cours de r\u00e9alisation. Ils concernent les th\u00e8mes de la transformation num\u00e9rique, des bons de formation et un passeport num\u00e9rique de formation.<\/p>\n\n\n\n<p>L&rsquo;objectif de ces projets orient\u00e9s vers la pratique est de mettre \u00e0 disposition des actrices et des acteurs de la formation continue des bases de d\u00e9cision et des offres de soutien concr\u00e8tes.<\/p>\n\n\n\n<h2 class=\"wp-block-heading\">Projet sur la non-participation \u00e0 la formation continue<\/h2>\n\n\n\n<p>Le projet \u00abMilieux de vie\u00bb, ax\u00e9 sur la pratique, entend int\u00e9grer le profil et les conditions d\u2019existence des personnes ne suivant pas ou quasiment pas de formation continue au <a href=\"https:\/\/alice.ch\/fr\/themes\/competences-de-base\/\">domaine des comp\u00e9tences de base<\/a>. En nous appuyant sur une s\u00e9rie d\u2019entretiens et des m\u00e9thodes de recherche qualitatives, nous souhaitons montrer comment ces personnes vivent les attentes soci\u00e9tales li\u00e9es \u00e0 la formation continue et de quels acc\u00e8s \u00e0 la formation elles disposent. L\u2019objectif de ce projet est d\u2019aider les fournisseurs \u00e0 mieux comprendre les personnes ne suivant pas ou quasiment pas de formation continue afin de s\u2019adresser \u00e0 elles et de d\u00e9velopper leur offre.<\/p>\n\n\n\n<div class=\"wp-block-buttons is-layout-flex wp-block-buttons-is-layout-flex\">\n<div class=\"wp-block-button is-style-minimal\"><a class=\"wp-block-button__link wp-element-button\" href=\"https:\/\/alice.ch\/fr\/project\/milieux-de-vie\/\">Projet \u00abMilieux de vie\u00bb<\/a><\/div>\n<\/div>\n\n\n\n<h2 class=\"wp-block-heading\">Passeport num\u00e9rique de formation&nbsp;<\/h2>\n\n\n\n<p>La FSEA examine dans ce projet en collaboration avec des prestataires de formation (continue), l\u2019introduction d\u2019un passeport num\u00e9rique de formation afin de rendre visibles les acquis de la formation non formelle et de renforcer leur valeur. Une analyse des besoins et des exigences doit montrer si l\u2019id\u00e9e doit \u00eatre poursuivie.&nbsp;<\/p>\n\n\n\n<div class=\"wp-block-buttons is-layout-flex wp-block-buttons-is-layout-flex\">\n<div class=\"wp-block-button is-style-minimal\"><a class=\"wp-block-button__link wp-element-button\" href=\"https:\/\/alice.ch\/fr\/project\/passeport-numerique-de-formation\/\">Passeport num\u00e9rique de formation&nbsp;<\/a><\/div>\n<\/div>\n\n\n\n<h2 class=\"wp-block-heading\">Climate Check<\/h2>\n\n\n\n<p>Le Climate Check est un outil d\u2019analyse qui vise \u00e0 motiver les d\u00e9cideurs \u00e0 se pencher de mani\u00e8re cibl\u00e9e sur le bilan climatique de leur organisation et \u00e0 leur permettre de proc\u00e9der \u00e0 une auto-\u00e9valuation afin de lancer des activit\u00e9s pertinentes pour le climat.\u00a0<\/p>\n\n\n\n<div class=\"wp-block-buttons is-layout-flex wp-block-buttons-is-layout-flex\">\n<div class=\"wp-block-button is-style-minimal\"><a class=\"wp-block-button__link wp-element-button\" href=\"https:\/\/alice.ch\/fr\/project\/klima-check\/\">Climate Check<\/a><\/div>\n<\/div>\n\n\n\n<h2 class=\"wp-block-heading\">Bo\u00eete \u00e0 outils pour l\u2019utilisation des bons de formation<\/h2>\n\n\n\n<p>Le troisi\u00e8me projet de d\u00e9veloppement actuellement men\u00e9 par la FSEA concerne la mise \u00e0 disposition d\u2019une bo\u00eete \u00e0 outils pour l\u2019utilisation des&nbsp;<a href=\"https:\/\/alice.ch\/fr\/services\/projets-de-bons-de-la-fsea\/retrospective-des-projets-de-bons-suisses\/\">bons de formation comme instrument de financement<\/a>. Les bons de formation sont d\u00e9j\u00e0 utilis\u00e9s par plusieurs actrices et acteurs, parmi lesquels des cantons, des fondations et un fonds de formation continue. Ces bons permettent de soutenir les personnes faiblement qualifi\u00e9es et les personnes dont les comp\u00e9tences de base doivent \u00eatre renforc\u00e9es. D\u2019autres instances qui encouragent la formation s\u2019int\u00e9ressent \u00e0 cette approche. Dans le cadre de ce projet de d\u00e9veloppement, la FSEA \u00e9labore des bases de d\u00e9cision et des aides \u00e0 la mise en \u0153uvre qui permettent d\u2019adapter avec pr\u00e9cision les projets de bons de formation aux groupes cibles et aux objectifs, et de r\u00e9aliser avec succ\u00e8s de tels projets.<\/p>\n\n\n\n<div class=\"wp-block-buttons is-layout-flex wp-block-buttons-is-layout-flex\">\n<div class=\"wp-block-button is-style-minimal\"><a class=\"wp-block-button__link wp-element-button\" href=\"https:\/\/alice.ch\/fr\/project\/bons-de-formation\/\">Bo\u00eete \u00e0 outils pour la r\u00e9alisation de projets de ch\u00e8ques formation<\/a><\/div>\n<\/div>\n\n\n\n<h2 class=\"wp-block-heading\">Plus d&rsquo;informations<\/h2>\n\n\n\n<p>L&rsquo;<a href=\"mailto:forschung@alice.ch\" target=\"_blank\" rel=\"noreferrer noopener\">\u00e9quipe \u00abD\u00e9veloppement &amp; Innovation\u00bb<\/a> se tient \u00e0 votre disposition pour toute information compl\u00e9mentaire.<\/p>\n\n\n\n<h2 class=\"wp-block-heading\">Contact<\/h2>\n\n\n\n<div class=\"wp-block-columns is-layout-flex wp-container-core-columns-is-layout-28f84493 wp-block-columns-is-layout-flex\">\n<div class=\"wp-block-column is-layout-flow wp-block-column-is-layout-flow\" style=\"flex-basis:50%\"><div class=\"contact-persons\">\n\n\t\t\t\t\t<div class=\"contact-person\">\n\t\t\t\t\tIrena Sgier<br \/>\t\t\t\t\tDirectrice adjointe, Directrice de la recherche, du d\u00e9veloppement et de l\u2019innovation<br \/>\t\t\t\t\t<br \/>\n\t\t\t\t\t\t\t\t\t\t<a href=\"tel:+41 (0)44 319 71 59\">+41 (0)44 319 71 59<\/a><br \/>\t\t\t\t\t<a href=\"mailto:irena.sgier@alice.ch\">irena.sgier@alice.ch<\/a><br \/>\t\t\t\t\t<\/div>\n\t\t\t\t\t<\/div>\n<\/div>\n\n\n\n<div class=\"wp-block-column is-layout-flow wp-block-column-is-layout-flow\" style=\"flex-basis:50%\"><\/div>\n<\/div>\n<\/div>\n","protected":false},"excerpt":{"rendered":"<p>Nouveaux projets de la FSEA orient\u00e9s vers la pratique Avec des projets de d\u00e9veloppement orient\u00e9s vers la pratique, la FSEA [&hellip;]<\/p>\n","protected":false},"author":2,"featured_media":20799,"parent":19765,"menu_order":395,"comment_status":"closed","ping_status":"closed","template":"","meta":{"_acf_changed":false,"inline_featured_image":false,"footnotes":""},"class_list":["post-11285","page","type-page","status-publish","has-post-thumbnail","hentry"],"acf":[],"yoast_head":"<!-- This site is optimized with the Yoast SEO plugin v27.3 - https:\/\/yoast.com\/product\/yoast-seo-wordpress\/ -->\n<title>Nouveaux projets de la FSEA orient\u00e9s vers la pratique - FSEA<\/title>\n<meta name=\"description\" content=\"Avec des projets de d\u00e9veloppement orient\u00e9s vers la pratique, la FSEA contribue au d\u00e9veloppement et \u00e0 l&#039;innovation dans la formation continue.\" \/>\n<meta name=\"robots\" content=\"index, follow, max-snippet:-1, max-image-preview:large, max-video-preview:-1\" \/>\n<link rel=\"canonical\" href=\"https:\/\/alice.ch\/fr\/recherche\/developpements-pour-la-pratique\/nouveaux-projets-de-la-fsea-orientes-vers-la-pratique\/\" \/>\n<meta property=\"og:locale\" content=\"fr_FR\" \/>\n<meta property=\"og:type\" content=\"article\" \/>\n<meta property=\"og:title\" content=\"Nouveaux projets de la FSEA orient\u00e9s vers la pratique - FSEA\" \/>\n<meta property=\"og:description\" content=\"Avec des projets de d\u00e9veloppement orient\u00e9s vers la pratique, la FSEA contribue au d\u00e9veloppement et \u00e0 l&#039;innovation dans la formation continue.\" \/>\n<meta property=\"og:url\" content=\"https:\/\/alice.ch\/fr\/recherche\/developpements-pour-la-pratique\/nouveaux-projets-de-la-fsea-orientes-vers-la-pratique\/\" \/>\n<meta property=\"og:site_name\" content=\"SVEB\" \/>\n<meta property=\"article:modified_time\" content=\"2025-12-18T09:56:00+00:00\" \/>\n<meta name=\"twitter:card\" content=\"summary_large_image\" \/>\n<meta name=\"twitter:label1\" content=\"Dur\u00e9e de lecture estim\u00e9e\" \/>\n\t<meta name=\"twitter:data1\" content=\"3 minutes\" \/>\n<script type=\"application\/ld+json\" class=\"yoast-schema-graph\">{\"@context\":\"https:\\\/\\\/schema.org\",\"@graph\":[{\"@type\":\"WebPage\",\"@id\":\"https:\\\/\\\/alice.ch\\\/fr\\\/recherche\\\/developpements-pour-la-pratique\\\/nouveaux-projets-de-la-fsea-orientes-vers-la-pratique\\\/\",\"url\":\"https:\\\/\\\/alice.ch\\\/fr\\\/recherche\\\/developpements-pour-la-pratique\\\/nouveaux-projets-de-la-fsea-orientes-vers-la-pratique\\\/\",\"name\":\"Nouveaux projets de la FSEA orient\u00e9s vers la pratique - FSEA\",\"isPartOf\":{\"@id\":\"https:\\\/\\\/alice.ch\\\/fr\\\/#website\"},\"primaryImageOfPage\":{\"@id\":\"https:\\\/\\\/alice.ch\\\/fr\\\/recherche\\\/developpements-pour-la-pratique\\\/nouveaux-projets-de-la-fsea-orientes-vers-la-pratique\\\/#primaryimage\"},\"image\":{\"@id\":\"https:\\\/\\\/alice.ch\\\/fr\\\/recherche\\\/developpements-pour-la-pratique\\\/nouveaux-projets-de-la-fsea-orientes-vers-la-pratique\\\/#primaryimage\"},\"thumbnailUrl\":\"https:\\\/\\\/alice.ch\\\/app\\\/uploads\\\/2022\\\/11\\\/default.jpg\",\"datePublished\":\"2022-08-16T14:37:53+00:00\",\"dateModified\":\"2025-12-18T09:56:00+00:00\",\"description\":\"Avec des projets de d\u00e9veloppement orient\u00e9s vers la pratique, la FSEA contribue au d\u00e9veloppement et \u00e0 l'innovation dans la formation continue.\",\"breadcrumb\":{\"@id\":\"https:\\\/\\\/alice.ch\\\/fr\\\/recherche\\\/developpements-pour-la-pratique\\\/nouveaux-projets-de-la-fsea-orientes-vers-la-pratique\\\/#breadcrumb\"},\"inLanguage\":\"fr-FR\",\"potentialAction\":[{\"@type\":\"ReadAction\",\"target\":[\"https:\\\/\\\/alice.ch\\\/fr\\\/recherche\\\/developpements-pour-la-pratique\\\/nouveaux-projets-de-la-fsea-orientes-vers-la-pratique\\\/\"]}]},{\"@type\":\"ImageObject\",\"inLanguage\":\"fr-FR\",\"@id\":\"https:\\\/\\\/alice.ch\\\/fr\\\/recherche\\\/developpements-pour-la-pratique\\\/nouveaux-projets-de-la-fsea-orientes-vers-la-pratique\\\/#primaryimage\",\"url\":\"https:\\\/\\\/alice.ch\\\/app\\\/uploads\\\/2022\\\/11\\\/default.jpg\",\"contentUrl\":\"https:\\\/\\\/alice.ch\\\/app\\\/uploads\\\/2022\\\/11\\\/default.jpg\",\"width\":1600,\"height\":900},{\"@type\":\"BreadcrumbList\",\"@id\":\"https:\\\/\\\/alice.ch\\\/fr\\\/recherche\\\/developpements-pour-la-pratique\\\/nouveaux-projets-de-la-fsea-orientes-vers-la-pratique\\\/#breadcrumb\",\"itemListElement\":[{\"@type\":\"ListItem\",\"position\":1,\"name\":\"Page d'accueil\",\"item\":\"https:\\\/\\\/alice.ch\\\/fr\\\/\"},{\"@type\":\"ListItem\",\"position\":2,\"name\":\"Recherche\",\"item\":\"https:\\\/\\\/alice.ch\\\/fr\\\/recherche\\\/\"},{\"@type\":\"ListItem\",\"position\":3,\"name\":\"D\u00e9veloppements pour la pratique\",\"item\":\"https:\\\/\\\/alice.ch\\\/fr\\\/recherche\\\/developpements-pour-la-pratique\\\/\"},{\"@type\":\"ListItem\",\"position\":4,\"name\":\"Nouveaux projets de la FSEA orient\u00e9s vers la pratique\"}]},{\"@type\":\"WebSite\",\"@id\":\"https:\\\/\\\/alice.ch\\\/fr\\\/#website\",\"url\":\"https:\\\/\\\/alice.ch\\\/fr\\\/\",\"name\":\"alice.ch (Adult Learning Information Center) ist das Portal der Weiterbildung in der Schweiz.\",\"description\":\"Schweizerischer Verband f\u00fcr Weiterbildung\",\"publisher\":{\"@id\":\"https:\\\/\\\/alice.ch\\\/fr\\\/#organization\"},\"potentialAction\":[{\"@type\":\"SearchAction\",\"target\":{\"@type\":\"EntryPoint\",\"urlTemplate\":\"https:\\\/\\\/alice.ch\\\/fr\\\/?s={search_term_string}\"},\"query-input\":{\"@type\":\"PropertyValueSpecification\",\"valueRequired\":true,\"valueName\":\"search_term_string\"}}],\"inLanguage\":\"fr-FR\"},{\"@type\":\"Organization\",\"@id\":\"https:\\\/\\\/alice.ch\\\/fr\\\/#organization\",\"name\":\"FSEA F\u00e9d\u00e9ration suisse pour la formation continue\",\"url\":\"https:\\\/\\\/alice.ch\\\/fr\\\/\",\"logo\":{\"@type\":\"ImageObject\",\"inLanguage\":\"fr-FR\",\"@id\":\"https:\\\/\\\/alice.ch\\\/fr\\\/#\\\/schema\\\/logo\\\/image\\\/\",\"url\":\"https:\\\/\\\/alice.ch\\\/app\\\/uploads\\\/2022\\\/07\\\/logo-sveb.png\",\"contentUrl\":\"https:\\\/\\\/alice.ch\\\/app\\\/uploads\\\/2022\\\/07\\\/logo-sveb.png\",\"width\":145,\"height\":64,\"caption\":\"FSEA F\u00e9d\u00e9ration suisse pour la formation continue\"},\"image\":{\"@id\":\"https:\\\/\\\/alice.ch\\\/fr\\\/#\\\/schema\\\/logo\\\/image\\\/\"},\"sameAs\":[\"https:\\\/\\\/www.linkedin.com\\\/company\\\/schweizerischer-verband-fr-weiterbildung-sveb\\\/\"]}]}<\/script>\n<!-- \/ Yoast SEO plugin. -->","yoast_head_json":{"title":"Nouveaux projets de la FSEA orient\u00e9s vers la pratique - FSEA","description":"Avec des projets de d\u00e9veloppement orient\u00e9s vers la pratique, la FSEA contribue au d\u00e9veloppement et \u00e0 l'innovation dans la formation continue.","robots":{"index":"index","follow":"follow","max-snippet":"max-snippet:-1","max-image-preview":"max-image-preview:large","max-video-preview":"max-video-preview:-1"},"canonical":"https:\/\/alice.ch\/fr\/recherche\/developpements-pour-la-pratique\/nouveaux-projets-de-la-fsea-orientes-vers-la-pratique\/","og_locale":"fr_FR","og_type":"article","og_title":"Nouveaux projets de la FSEA orient\u00e9s vers la pratique - FSEA","og_description":"Avec des projets de d\u00e9veloppement orient\u00e9s vers la pratique, la FSEA contribue au d\u00e9veloppement et \u00e0 l'innovation dans la formation continue.","og_url":"https:\/\/alice.ch\/fr\/recherche\/developpements-pour-la-pratique\/nouveaux-projets-de-la-fsea-orientes-vers-la-pratique\/","og_site_name":"SVEB","article_modified_time":"2025-12-18T09:56:00+00:00","twitter_card":"summary_large_image","twitter_misc":{"Dur\u00e9e de lecture estim\u00e9e":"3 minutes"},"schema":{"@context":"https:\/\/schema.org","@graph":[{"@type":"WebPage","@id":"https:\/\/alice.ch\/fr\/recherche\/developpements-pour-la-pratique\/nouveaux-projets-de-la-fsea-orientes-vers-la-pratique\/","url":"https:\/\/alice.ch\/fr\/recherche\/developpements-pour-la-pratique\/nouveaux-projets-de-la-fsea-orientes-vers-la-pratique\/","name":"Nouveaux projets de la FSEA orient\u00e9s vers la pratique - FSEA","isPartOf":{"@id":"https:\/\/alice.ch\/fr\/#website"},"primaryImageOfPage":{"@id":"https:\/\/alice.ch\/fr\/recherche\/developpements-pour-la-pratique\/nouveaux-projets-de-la-fsea-orientes-vers-la-pratique\/#primaryimage"},"image":{"@id":"https:\/\/alice.ch\/fr\/recherche\/developpements-pour-la-pratique\/nouveaux-projets-de-la-fsea-orientes-vers-la-pratique\/#primaryimage"},"thumbnailUrl":"https:\/\/alice.ch\/app\/uploads\/2022\/11\/default.jpg","datePublished":"2022-08-16T14:37:53+00:00","dateModified":"2025-12-18T09:56:00+00:00","description":"Avec des projets de d\u00e9veloppement orient\u00e9s vers la pratique, la FSEA contribue au d\u00e9veloppement et \u00e0 l'innovation dans la formation continue.","breadcrumb":{"@id":"https:\/\/alice.ch\/fr\/recherche\/developpements-pour-la-pratique\/nouveaux-projets-de-la-fsea-orientes-vers-la-pratique\/#breadcrumb"},"inLanguage":"fr-FR","potentialAction":[{"@type":"ReadAction","target":["https:\/\/alice.ch\/fr\/recherche\/developpements-pour-la-pratique\/nouveaux-projets-de-la-fsea-orientes-vers-la-pratique\/"]}]},{"@type":"ImageObject","inLanguage":"fr-FR","@id":"https:\/\/alice.ch\/fr\/recherche\/developpements-pour-la-pratique\/nouveaux-projets-de-la-fsea-orientes-vers-la-pratique\/#primaryimage","url":"https:\/\/alice.ch\/app\/uploads\/2022\/11\/default.jpg","contentUrl":"https:\/\/alice.ch\/app\/uploads\/2022\/11\/default.jpg","width":1600,"height":900},{"@type":"BreadcrumbList","@id":"https:\/\/alice.ch\/fr\/recherche\/developpements-pour-la-pratique\/nouveaux-projets-de-la-fsea-orientes-vers-la-pratique\/#breadcrumb","itemListElement":[{"@type":"ListItem","position":1,"name":"Page d'accueil","item":"https:\/\/alice.ch\/fr\/"},{"@type":"ListItem","position":2,"name":"Recherche","item":"https:\/\/alice.ch\/fr\/recherche\/"},{"@type":"ListItem","position":3,"name":"D\u00e9veloppements pour la pratique","item":"https:\/\/alice.ch\/fr\/recherche\/developpements-pour-la-pratique\/"},{"@type":"ListItem","position":4,"name":"Nouveaux projets de la FSEA orient\u00e9s vers la pratique"}]},{"@type":"WebSite","@id":"https:\/\/alice.ch\/fr\/#website","url":"https:\/\/alice.ch\/fr\/","name":"alice.ch (Adult Learning Information Center) ist das Portal der Weiterbildung in der Schweiz.","description":"Schweizerischer Verband f\u00fcr Weiterbildung","publisher":{"@id":"https:\/\/alice.ch\/fr\/#organization"},"potentialAction":[{"@type":"SearchAction","target":{"@type":"EntryPoint","urlTemplate":"https:\/\/alice.ch\/fr\/?s={search_term_string}"},"query-input":{"@type":"PropertyValueSpecification","valueRequired":true,"valueName":"search_term_string"}}],"inLanguage":"fr-FR"},{"@type":"Organization","@id":"https:\/\/alice.ch\/fr\/#organization","name":"FSEA F\u00e9d\u00e9ration suisse pour la formation continue","url":"https:\/\/alice.ch\/fr\/","logo":{"@type":"ImageObject","inLanguage":"fr-FR","@id":"https:\/\/alice.ch\/fr\/#\/schema\/logo\/image\/","url":"https:\/\/alice.ch\/app\/uploads\/2022\/07\/logo-sveb.png","contentUrl":"https:\/\/alice.ch\/app\/uploads\/2022\/07\/logo-sveb.png","width":145,"height":64,"caption":"FSEA F\u00e9d\u00e9ration suisse pour la formation continue"},"image":{"@id":"https:\/\/alice.ch\/fr\/#\/schema\/logo\/image\/"},"sameAs":["https:\/\/www.linkedin.com\/company\/schweizerischer-verband-fr-weiterbildung-sveb\/"]}]}},"_links":{"self":[{"href":"https:\/\/alice.ch\/fr\/wp-json\/wp\/v2\/pages\/11285","targetHints":{"allow":["GET"]}}],"collection":[{"href":"https:\/\/alice.ch\/fr\/wp-json\/wp\/v2\/pages"}],"about":[{"href":"https:\/\/alice.ch\/fr\/wp-json\/wp\/v2\/types\/page"}],"author":[{"embeddable":true,"href":"https:\/\/alice.ch\/fr\/wp-json\/wp\/v2\/users\/2"}],"replies":[{"embeddable":true,"href":"https:\/\/alice.ch\/fr\/wp-json\/wp\/v2\/comments?post=11285"}],"version-history":[{"count":32,"href":"https:\/\/alice.ch\/fr\/wp-json\/wp\/v2\/pages\/11285\/revisions"}],"predecessor-version":[{"id":72655,"href":"https:\/\/alice.ch\/fr\/wp-json\/wp\/v2\/pages\/11285\/revisions\/72655"}],"up":[{"embeddable":true,"href":"https:\/\/alice.ch\/fr\/wp-json\/wp\/v2\/pages\/19765"}],"wp:featuredmedia":[{"embeddable":true,"href":"https:\/\/alice.ch\/fr\/wp-json\/wp\/v2\/media\/20799"}],"wp:attachment":[{"href":"https:\/\/alice.ch\/fr\/wp-json\/wp\/v2\/media?parent=11285"}],"curies":[{"name":"wp","href":"https:\/\/api.w.org\/{rel}","templated":true}]}}