{"id":11291,"date":"2022-08-16T17:17:28","date_gmt":"2022-08-16T15:17:28","guid":{"rendered":"https:\/\/projects.atxeit.ch\/sveb\/think-tank-transit\/"},"modified":"2025-10-01T11:48:03","modified_gmt":"2025-10-01T09:48:03","slug":"think-tank-transit","status":"publish","type":"page","link":"https:\/\/alice.ch\/fr\/recherche\/think-tank-transit\/","title":{"rendered":"Think Tank TRANSIT"},"content":{"rendered":"\n<div class=\"wp-block-group is-style-reduced-width is-layout-constrained wp-block-group-is-layout-constrained\">\n<h1 class=\"wp-block-heading\"><a id=\"_msocom_1\"><\/a>TRANSIT: Think tank pour l\u2019avenir de la formation continue<\/h1>\n\n\n\n<p class=\"is-style-lead\">Le think tank TRANSIT est une plateforme interdisciplinaire pour la formation continue et l&rsquo;apprentissage du futur. Il d\u00e9veloppe des th\u00e8ses, des analyses et des sc\u00e9narios sur le r\u00f4le de la formation continue dans la soci\u00e9t\u00e9.<\/p>\n\n\n\n<p>Sur le plan th\u00e9matique, il s\u2019articule autour de d\u00e9veloppements sociaux \u00e0 long terme qui ont ou pourraient avoir un impact sur l\u2019apprentissage tout au long de la vie. Les r\u00e9sultats \u00e9labor\u00e9s par le laboratoire d&rsquo;id\u00e9es sont destin\u00e9s \u00e0 fournir aux organisations et aux professionnels travaillant dans le domaine de la formation continue des suggestions et des impulsions pour leur propre d\u00e9veloppement.&nbsp;<\/p>\n\n\n\n<p>Le think tank b\u00e9n\u00e9ficie d\u2019un soutien financier du Secr\u00e9tariat d\u2019\u00c9tat \u00e0 la formation, \u00e0 la recherche et \u00e0 l\u2019innovation <a href=\"https:\/\/www.sbfi.admin.ch\/sbfi\/fr\/home.html\" target=\"_blank\" rel=\"noreferrer noopener\">SEFRI<\/a>.&nbsp;<\/p>\n\n\n\n<h2 class=\"wp-block-heading\">Th\u00e8me central&nbsp;<\/h2>\n\n\n\n<p>Tous les ans environ, le think tank TRANSIT se penche sur un nouveau th\u00e8me central. Le th\u00e8me est repris dans des manifestations, dans le rapport de tendance et dans les dialogues interdisciplinaires sur l&rsquo;avenir. Actuellement, TRANSIT approfonde le th\u00e8me polarisation et coh\u00e9sion sociale. Avant cela, les future skills et la flexibilisation \u00e9taient au centre des pr\u00e9occupations.<\/p>\n\n\n\n<h2 class=\"wp-block-heading\">Analyse des tendances actuelles<\/h2>\n\n\n\n<p>Le think Tank publie un rapport de tendance portant sur un th\u00e8me actuel. Quatre <a href=\"https:\/\/thinktank-transit.ch\/fr\/publications\/rapports-de-tendance\/\" target=\"_blank\" rel=\"noreferrer noopener\">rapports de tendances<\/a> ont \u00e9t\u00e9 publi\u00e9s \u00e0 ce jour.\u00a0Le quatri\u00e8me rapport de tendance traite les future skills et a \u00e9t\u00e9 publi\u00e9 en juillet 2025.<\/p>\n\n\n\n<p>Les rapports de tendances s\u2019appuient sur les constats des \u00e9v\u00e9nements TRANSIT pass\u00e9s, les entretiens avec des expertes et experts et une recherche et analyse suppl\u00e9mentaire. <\/p>\n\n\n\n<h2 class=\"wp-block-heading\">\u00c9v\u00e9nements<\/h2>\n\n\n\n<p>Dans le cadre du think tank, des \u00e9v\u00e9nements sont organis\u00e9s dans des formats plus ou moins importants. Ceux-ci peuvent \u00eatre:&nbsp;<\/p>\n\n\n\n<ul class=\"wp-block-list\">\n<li>des ateliers d&rsquo;expertes et d&rsquo;experts interdisciplinaires&nbsp;<\/li>\n\n\n\n<li>des ateliers publics pour les professionnelles et professionnels de la formation continue&nbsp;<\/li>\n\n\n\n<li>des petits formats d&rsquo;\u00e9changes comme les petits-d\u00e9jeuners, les brown bag lunch ou les discussions en fin de journ\u00e9e.&nbsp;<\/li>\n<\/ul>\n\n\n\n<p>Plusieurs \u00e9v\u00e9nements publics et plusieurs ateliers d\u2019expertes et d\u2019experts ont d\u00e9j\u00e0 eu lieu. Nos ateliers se concentrent sur les questions suivantes: comment le savoir est cr\u00e9\u00e9 aujourd&rsquo;hui et qu&rsquo;est-ce que cela pourrait signifier pour l&rsquo;avenir de la formation.&nbsp;<\/p>\n\n\n\n<h2 class=\"wp-block-heading\">Dialogues avec des expertes et experts<\/h2>\n\n\n\n<p>TRANSIT s\u2019<a href=\"https:\/\/thinktank-transit.ch\/fr\/themes\/dialogues\/\" target=\"_blank\" rel=\"noreferrer noopener\">entretient avec des sp\u00e9cialistes<\/a> issus de diff\u00e9rentes disciplines. L\u2019objectif de ces entretiens interdisciplinaires consiste \u00e0 traiter de sujets et de d\u00e9veloppements qui sont importants, ou pourraient le devenir, pour l\u2019avenir de la formation continue. Dix\u202fentretiens ont \u00e9t\u00e9 publi\u00e9s aussi sous <a href=\"https:\/\/www.thinktank-transit.ch\/new-book-ten-dialogs-about-adult-learning-today-and-tomorrow\/\" target=\"_blank\" rel=\"noreferrer noopener\">forme de livre<\/a> (uniquement en langue allemande). Tous les entretiens sont disponibles dans leur langue d\u2019origine (fran\u00e7ais ou allemand) et en anglais.<\/p>\n\n\n\n<h2 class=\"wp-block-heading\">Questions d\u2019avenir&nbsp;<\/h2>\n\n\n\n<p>Le set de cartes \u00e9labor\u00e9 par le think tank TRANSIT contient des questions sur l\u2019avenir. Il peut \u00eatre utilis\u00e9 seul ou en groupe, par exemple dans le cadre d\u2019un atelier ou au sein d\u2019un groupe informel, pour briser la glace et inviter \u00e0 se confronter \u00e0 des sujets d\u2019avenir.&nbsp;<\/p>\n\n\n\n<h2 class=\"wp-block-heading\">Le site Internet de TRANSIT<\/h2>\n\n\n\n<p>Toutes les bases de discussion et tous les r\u00e9sultats sont disponibles sur le site Internet du think tank TRANSIT: <a href=\"https:\/\/www.thinktank-transit.ch\/\" target=\"_blank\" rel=\"noreferrer noopener\">www.thinktank-transit.ch<\/a>. L\u2019anglais est la langue principale de ce site parce que TRANSIT se situe dans un r\u00e9seau international. Cependant, la plupart des contenus du site sont \u00e9galement disponibles en fran\u00e7ais.<\/p>\n\n\n\n<h2 class=\"wp-block-heading\">Informations suppl\u00e9mentaires<br><\/h2>\n\n\n\n<div class=\"wp-block-buttons is-layout-flex wp-block-buttons-is-layout-flex\">\n<div class=\"wp-block-button has-custom-width wp-block-button__width-50 is-style-outline is-style-outline--1\"><a class=\"wp-block-button__link wp-element-button\" href=\"https:\/\/www.thinktank-transit.ch\/\" target=\"_blank\" rel=\"noreferrer noopener\">Think tank TRANSIT<\/a><\/div>\n<\/div>\n\n\n\n<div class=\"wp-block-buttons is-layout-flex wp-block-buttons-is-layout-flex\">\n<div class=\"wp-block-button has-custom-width wp-block-button__width-50 is-style-outline is-style-outline--2\"><a class=\"wp-block-button__link wp-element-button\" href=\"https:\/\/www.thinktank-transit.ch\/publications\/\" target=\"_blank\" rel=\"noreferrer noopener\">Rapports de tendances<\/a><\/div>\n<\/div>\n\n\n\n<div class=\"wp-block-buttons is-layout-flex wp-block-buttons-is-layout-flex\">\n<div class=\"wp-block-button has-custom-width wp-block-button__width-50 is-style-outline is-style-outline--3\"><a class=\"wp-block-button__link wp-element-button\" href=\"https:\/\/alice.ch\/fr\/news\/set-de-cartes-transit-sur-des-questions-davenir\/\">Set de cartes TRANSIT \u00ab Questions sur l\u2019avenir \u00bb<\/a><\/div>\n<\/div>\n\n\n\n<div class=\"wp-block-buttons is-layout-flex wp-block-buttons-is-layout-flex\">\n<div class=\"wp-block-button has-custom-width wp-block-button__width-50 is-style-outline is-style-outline--4\"><a class=\"wp-block-button__link wp-element-button\" href=\"https:\/\/www.thinktank-transit.ch\/new-book-ten-dialogs-about-adult-learning-today-and-tomorrow\/\" target=\"_blank\" rel=\"noreferrer noopener\">Entretiens<\/a><\/div>\n<\/div>\n\n\n\n<div class=\"wp-block-buttons is-layout-flex wp-block-buttons-is-layout-flex\">\n<div class=\"wp-block-button has-custom-width wp-block-button__width-50 is-style-outline is-style-outline--5\"><a class=\"wp-block-button__link wp-element-button\" href=\"https:\/\/thinktank-transit.ch\/fr\/newsletter\/\" target=\"_blank\" rel=\"noreferrer noopener\">S\u2019abonner \u00e0 la newsletter de TRANSIT&nbsp;<\/a><\/div>\n<\/div>\n\n\n\n<h2 class=\"wp-block-heading\">Contact<\/h2>\n\n\n\n<div class=\"wp-block-columns is-layout-flex wp-container-core-columns-is-layout-28f84493 wp-block-columns-is-layout-flex\">\n<div class=\"wp-block-column is-layout-flow wp-block-column-is-layout-flow\" style=\"flex-basis:50%\"><div class=\"contact-persons\">\n\n\t\t\t\t\t<div class=\"contact-person\">\n\t\t\t\t\tHelen Buchs<br \/>\t\t\t\t\tResponsable des projets Recherche et d\u00e9veloppement, responsable du think tank TRANSIT<br \/>\t\t\t\t\t<br \/>\n\t\t\t\t\t\t\t\t\t\t<a href=\"tel:+41 (0)44 319 71 56\">+41 (0)44 319 71 56<\/a><br \/>\t\t\t\t\t<a href=\"mailto:helen.buchs@alice.ch\">helen.buchs@alice.ch<\/a><br \/>\t\t\t\t\t<\/div>\n\t\t\t\t\t<\/div>\n<\/div>\n\n\n\n<div class=\"wp-block-column is-layout-flow wp-block-column-is-layout-flow\" style=\"flex-basis:50%\"><div class=\"contact-persons\">\n\n\t\t\t\t\t<div class=\"contact-person\">\n\t\t\t\t\tAlexandre Lecoultre<br \/>\t\t\t\t\tCharg\u00e9 de projet<br \/>\t\t\t\t\t<br \/>\n\t\t\t\t\t\t\t\t\t\t<a href=\"tel:+41 (0)22 994 20 13\">+41 (0)22 994 20 13<\/a><br \/>\t\t\t\t\t<a href=\"mailto:alexandre.lecoultre@alice.ch\">alexandre.lecoultre@alice.ch<\/a><br \/>\t\t\t\t\t<\/div>\n\t\t\t\t\t<\/div>\n<\/div>\n<\/div>\n<\/div>\n","protected":false},"excerpt":{"rendered":"<p>TRANSIT: Think tank pour l\u2019avenir de la formation continue Le think tank TRANSIT est une plateforme interdisciplinaire pour la formation [&hellip;]<\/p>\n","protected":false},"author":2,"featured_media":20799,"parent":17401,"menu_order":450,"comment_status":"closed","ping_status":"closed","template":"","meta":{"_acf_changed":false,"inline_featured_image":false,"footnotes":""},"class_list":["post-11291","page","type-page","status-publish","has-post-thumbnail","hentry"],"acf":[],"yoast_head":"<!-- This site is optimized with the Yoast SEO plugin v27.3 - https:\/\/yoast.com\/product\/yoast-seo-wordpress\/ -->\n<title>Think Tank TRANSIT - FSEA<\/title>\n<meta name=\"description\" content=\"Le think tank TRANSIT d\u00e9veloppe des th\u00e8ses, des analyses et des sc\u00e9narios sur le r\u00f4le de la formation continue dans la soci\u00e9t\u00e9.\" \/>\n<meta name=\"robots\" content=\"index, follow, max-snippet:-1, max-image-preview:large, max-video-preview:-1\" \/>\n<link rel=\"canonical\" href=\"https:\/\/alice.ch\/fr\/recherche\/think-tank-transit\/\" \/>\n<meta property=\"og:locale\" content=\"fr_FR\" \/>\n<meta property=\"og:type\" content=\"article\" \/>\n<meta property=\"og:title\" content=\"Think Tank TRANSIT - FSEA\" \/>\n<meta property=\"og:description\" content=\"Le think tank TRANSIT d\u00e9veloppe des th\u00e8ses, des analyses et des sc\u00e9narios sur le r\u00f4le de la formation continue dans la soci\u00e9t\u00e9.\" \/>\n<meta property=\"og:url\" content=\"https:\/\/alice.ch\/fr\/recherche\/think-tank-transit\/\" \/>\n<meta property=\"og:site_name\" content=\"SVEB\" \/>\n<meta property=\"article:modified_time\" content=\"2025-10-01T09:48:03+00:00\" \/>\n<meta name=\"twitter:card\" content=\"summary_large_image\" \/>\n<meta name=\"twitter:label1\" content=\"Dur\u00e9e de lecture estim\u00e9e\" \/>\n\t<meta name=\"twitter:data1\" content=\"3 minutes\" \/>\n<script type=\"application\/ld+json\" class=\"yoast-schema-graph\">{\"@context\":\"https:\\\/\\\/schema.org\",\"@graph\":[{\"@type\":\"WebPage\",\"@id\":\"https:\\\/\\\/alice.ch\\\/fr\\\/recherche\\\/think-tank-transit\\\/\",\"url\":\"https:\\\/\\\/alice.ch\\\/fr\\\/recherche\\\/think-tank-transit\\\/\",\"name\":\"Think Tank TRANSIT - FSEA\",\"isPartOf\":{\"@id\":\"https:\\\/\\\/alice.ch\\\/fr\\\/#website\"},\"primaryImageOfPage\":{\"@id\":\"https:\\\/\\\/alice.ch\\\/fr\\\/recherche\\\/think-tank-transit\\\/#primaryimage\"},\"image\":{\"@id\":\"https:\\\/\\\/alice.ch\\\/fr\\\/recherche\\\/think-tank-transit\\\/#primaryimage\"},\"thumbnailUrl\":\"https:\\\/\\\/alice.ch\\\/app\\\/uploads\\\/2022\\\/11\\\/default.jpg\",\"datePublished\":\"2022-08-16T15:17:28+00:00\",\"dateModified\":\"2025-10-01T09:48:03+00:00\",\"description\":\"Le think tank TRANSIT d\u00e9veloppe des th\u00e8ses, des analyses et des sc\u00e9narios sur le r\u00f4le de la formation continue dans la soci\u00e9t\u00e9.\",\"breadcrumb\":{\"@id\":\"https:\\\/\\\/alice.ch\\\/fr\\\/recherche\\\/think-tank-transit\\\/#breadcrumb\"},\"inLanguage\":\"fr-FR\",\"potentialAction\":[{\"@type\":\"ReadAction\",\"target\":[\"https:\\\/\\\/alice.ch\\\/fr\\\/recherche\\\/think-tank-transit\\\/\"]}]},{\"@type\":\"ImageObject\",\"inLanguage\":\"fr-FR\",\"@id\":\"https:\\\/\\\/alice.ch\\\/fr\\\/recherche\\\/think-tank-transit\\\/#primaryimage\",\"url\":\"https:\\\/\\\/alice.ch\\\/app\\\/uploads\\\/2022\\\/11\\\/default.jpg\",\"contentUrl\":\"https:\\\/\\\/alice.ch\\\/app\\\/uploads\\\/2022\\\/11\\\/default.jpg\",\"width\":1600,\"height\":900},{\"@type\":\"BreadcrumbList\",\"@id\":\"https:\\\/\\\/alice.ch\\\/fr\\\/recherche\\\/think-tank-transit\\\/#breadcrumb\",\"itemListElement\":[{\"@type\":\"ListItem\",\"position\":1,\"name\":\"Page d'accueil\",\"item\":\"https:\\\/\\\/alice.ch\\\/fr\\\/\"},{\"@type\":\"ListItem\",\"position\":2,\"name\":\"Recherche\",\"item\":\"https:\\\/\\\/alice.ch\\\/fr\\\/recherche\\\/\"},{\"@type\":\"ListItem\",\"position\":3,\"name\":\"Think Tank TRANSIT\"}]},{\"@type\":\"WebSite\",\"@id\":\"https:\\\/\\\/alice.ch\\\/fr\\\/#website\",\"url\":\"https:\\\/\\\/alice.ch\\\/fr\\\/\",\"name\":\"alice.ch (Adult Learning Information Center) ist das Portal der Weiterbildung in der Schweiz.\",\"description\":\"Schweizerischer Verband f\u00fcr Weiterbildung\",\"publisher\":{\"@id\":\"https:\\\/\\\/alice.ch\\\/fr\\\/#organization\"},\"potentialAction\":[{\"@type\":\"SearchAction\",\"target\":{\"@type\":\"EntryPoint\",\"urlTemplate\":\"https:\\\/\\\/alice.ch\\\/fr\\\/?s={search_term_string}\"},\"query-input\":{\"@type\":\"PropertyValueSpecification\",\"valueRequired\":true,\"valueName\":\"search_term_string\"}}],\"inLanguage\":\"fr-FR\"},{\"@type\":\"Organization\",\"@id\":\"https:\\\/\\\/alice.ch\\\/fr\\\/#organization\",\"name\":\"FSEA F\u00e9d\u00e9ration suisse pour la formation continue\",\"url\":\"https:\\\/\\\/alice.ch\\\/fr\\\/\",\"logo\":{\"@type\":\"ImageObject\",\"inLanguage\":\"fr-FR\",\"@id\":\"https:\\\/\\\/alice.ch\\\/fr\\\/#\\\/schema\\\/logo\\\/image\\\/\",\"url\":\"https:\\\/\\\/alice.ch\\\/app\\\/uploads\\\/2022\\\/07\\\/logo-sveb.png\",\"contentUrl\":\"https:\\\/\\\/alice.ch\\\/app\\\/uploads\\\/2022\\\/07\\\/logo-sveb.png\",\"width\":145,\"height\":64,\"caption\":\"FSEA F\u00e9d\u00e9ration suisse pour la formation continue\"},\"image\":{\"@id\":\"https:\\\/\\\/alice.ch\\\/fr\\\/#\\\/schema\\\/logo\\\/image\\\/\"},\"sameAs\":[\"https:\\\/\\\/www.linkedin.com\\\/company\\\/schweizerischer-verband-fr-weiterbildung-sveb\\\/\"]}]}<\/script>\n<!-- \/ Yoast SEO plugin. -->","yoast_head_json":{"title":"Think Tank TRANSIT - FSEA","description":"Le think tank TRANSIT d\u00e9veloppe des th\u00e8ses, des analyses et des sc\u00e9narios sur le r\u00f4le de la formation continue dans la soci\u00e9t\u00e9.","robots":{"index":"index","follow":"follow","max-snippet":"max-snippet:-1","max-image-preview":"max-image-preview:large","max-video-preview":"max-video-preview:-1"},"canonical":"https:\/\/alice.ch\/fr\/recherche\/think-tank-transit\/","og_locale":"fr_FR","og_type":"article","og_title":"Think Tank TRANSIT - FSEA","og_description":"Le think tank TRANSIT d\u00e9veloppe des th\u00e8ses, des analyses et des sc\u00e9narios sur le r\u00f4le de la formation continue dans la soci\u00e9t\u00e9.","og_url":"https:\/\/alice.ch\/fr\/recherche\/think-tank-transit\/","og_site_name":"SVEB","article_modified_time":"2025-10-01T09:48:03+00:00","twitter_card":"summary_large_image","twitter_misc":{"Dur\u00e9e de lecture estim\u00e9e":"3 minutes"},"schema":{"@context":"https:\/\/schema.org","@graph":[{"@type":"WebPage","@id":"https:\/\/alice.ch\/fr\/recherche\/think-tank-transit\/","url":"https:\/\/alice.ch\/fr\/recherche\/think-tank-transit\/","name":"Think Tank TRANSIT - FSEA","isPartOf":{"@id":"https:\/\/alice.ch\/fr\/#website"},"primaryImageOfPage":{"@id":"https:\/\/alice.ch\/fr\/recherche\/think-tank-transit\/#primaryimage"},"image":{"@id":"https:\/\/alice.ch\/fr\/recherche\/think-tank-transit\/#primaryimage"},"thumbnailUrl":"https:\/\/alice.ch\/app\/uploads\/2022\/11\/default.jpg","datePublished":"2022-08-16T15:17:28+00:00","dateModified":"2025-10-01T09:48:03+00:00","description":"Le think tank TRANSIT d\u00e9veloppe des th\u00e8ses, des analyses et des sc\u00e9narios sur le r\u00f4le de la formation continue dans la soci\u00e9t\u00e9.","breadcrumb":{"@id":"https:\/\/alice.ch\/fr\/recherche\/think-tank-transit\/#breadcrumb"},"inLanguage":"fr-FR","potentialAction":[{"@type":"ReadAction","target":["https:\/\/alice.ch\/fr\/recherche\/think-tank-transit\/"]}]},{"@type":"ImageObject","inLanguage":"fr-FR","@id":"https:\/\/alice.ch\/fr\/recherche\/think-tank-transit\/#primaryimage","url":"https:\/\/alice.ch\/app\/uploads\/2022\/11\/default.jpg","contentUrl":"https:\/\/alice.ch\/app\/uploads\/2022\/11\/default.jpg","width":1600,"height":900},{"@type":"BreadcrumbList","@id":"https:\/\/alice.ch\/fr\/recherche\/think-tank-transit\/#breadcrumb","itemListElement":[{"@type":"ListItem","position":1,"name":"Page d'accueil","item":"https:\/\/alice.ch\/fr\/"},{"@type":"ListItem","position":2,"name":"Recherche","item":"https:\/\/alice.ch\/fr\/recherche\/"},{"@type":"ListItem","position":3,"name":"Think Tank TRANSIT"}]},{"@type":"WebSite","@id":"https:\/\/alice.ch\/fr\/#website","url":"https:\/\/alice.ch\/fr\/","name":"alice.ch (Adult Learning Information Center) ist das Portal der Weiterbildung in der Schweiz.","description":"Schweizerischer Verband f\u00fcr Weiterbildung","publisher":{"@id":"https:\/\/alice.ch\/fr\/#organization"},"potentialAction":[{"@type":"SearchAction","target":{"@type":"EntryPoint","urlTemplate":"https:\/\/alice.ch\/fr\/?s={search_term_string}"},"query-input":{"@type":"PropertyValueSpecification","valueRequired":true,"valueName":"search_term_string"}}],"inLanguage":"fr-FR"},{"@type":"Organization","@id":"https:\/\/alice.ch\/fr\/#organization","name":"FSEA F\u00e9d\u00e9ration suisse pour la formation continue","url":"https:\/\/alice.ch\/fr\/","logo":{"@type":"ImageObject","inLanguage":"fr-FR","@id":"https:\/\/alice.ch\/fr\/#\/schema\/logo\/image\/","url":"https:\/\/alice.ch\/app\/uploads\/2022\/07\/logo-sveb.png","contentUrl":"https:\/\/alice.ch\/app\/uploads\/2022\/07\/logo-sveb.png","width":145,"height":64,"caption":"FSEA F\u00e9d\u00e9ration suisse pour la formation continue"},"image":{"@id":"https:\/\/alice.ch\/fr\/#\/schema\/logo\/image\/"},"sameAs":["https:\/\/www.linkedin.com\/company\/schweizerischer-verband-fr-weiterbildung-sveb\/"]}]}},"_links":{"self":[{"href":"https:\/\/alice.ch\/fr\/wp-json\/wp\/v2\/pages\/11291","targetHints":{"allow":["GET"]}}],"collection":[{"href":"https:\/\/alice.ch\/fr\/wp-json\/wp\/v2\/pages"}],"about":[{"href":"https:\/\/alice.ch\/fr\/wp-json\/wp\/v2\/types\/page"}],"author":[{"embeddable":true,"href":"https:\/\/alice.ch\/fr\/wp-json\/wp\/v2\/users\/2"}],"replies":[{"embeddable":true,"href":"https:\/\/alice.ch\/fr\/wp-json\/wp\/v2\/comments?post=11291"}],"version-history":[{"count":34,"href":"https:\/\/alice.ch\/fr\/wp-json\/wp\/v2\/pages\/11291\/revisions"}],"predecessor-version":[{"id":71038,"href":"https:\/\/alice.ch\/fr\/wp-json\/wp\/v2\/pages\/11291\/revisions\/71038"}],"up":[{"embeddable":true,"href":"https:\/\/alice.ch\/fr\/wp-json\/wp\/v2\/pages\/17401"}],"wp:featuredmedia":[{"embeddable":true,"href":"https:\/\/alice.ch\/fr\/wp-json\/wp\/v2\/media\/20799"}],"wp:attachment":[{"href":"https:\/\/alice.ch\/fr\/wp-json\/wp\/v2\/media?parent=11291"}],"curies":[{"name":"wp","href":"https:\/\/api.w.org\/{rel}","templated":true}]}}