{"id":11293,"date":"2022-08-16T16:56:56","date_gmt":"2022-08-16T14:56:56","guid":{"rendered":"https:\/\/projects.atxeit.ch\/sveb\/zeitschrift-education-permante\/"},"modified":"2025-12-04T13:36:35","modified_gmt":"2025-12-04T12:36:35","slug":"revue-specialisee-ep","status":"publish","type":"page","link":"https:\/\/alice.ch\/fr\/actualite\/revue-specialisee-ep\/","title":{"rendered":"Revue sp\u00e9cialis\u00e9e EP"},"content":{"rendered":"\n<div class=\"wp-block-group is-style-reduced-width is-layout-flow wp-block-group-is-layout-flow\">\n<h1 class=\"wp-block-heading\">Education Permanente<\/h1>\n\n\n\n<p class=\"is-style-lead\">La revue \u00abEducation Permanente\u00bb est la seule revue sp\u00e9cialis\u00e9e suisse consacr\u00e9e \u00e0 la formation continue. Chaque num\u00e9ro se concentre sur un th\u00e8me de la formation continue, qui est expliqu\u00e9 dans diff\u00e9rents articles bas\u00e9s sur la science et sur la pratique. Le but de la revue est de promouvoir le dialogue entre la science et la pratique.<\/p>\n\n\n\n<div class=\"wp-block-columns is-layout-flex wp-container-core-columns-is-layout-28f84493 wp-block-columns-is-layout-flex\">\n<div class=\"wp-block-column is-layout-flow wp-block-column-is-layout-flow\" style=\"flex-basis:40%\">\n<figure class=\"wp-block-image size-large is-resized is-style-no-border\"><img decoding=\"async\" width=\"1024\" height=\"535\" src=\"https:\/\/alice.ch\/app\/uploads\/2023\/11\/ep-reihe-fr-1024x535.jpg\" alt=\"\" class=\"wp-image-56237\" style=\"aspect-ratio:3\/2;object-fit:cover;width:487px;height:auto\" srcset=\"https:\/\/alice.ch\/app\/uploads\/2023\/11\/ep-reihe-fr-1024x535.jpg 1024w, https:\/\/alice.ch\/app\/uploads\/2023\/11\/ep-reihe-fr-300x157.jpg 300w, https:\/\/alice.ch\/app\/uploads\/2023\/11\/ep-reihe-fr-768x401.jpg 768w, https:\/\/alice.ch\/app\/uploads\/2023\/11\/ep-reihe-fr-1536x802.jpg 1536w, https:\/\/alice.ch\/app\/uploads\/2023\/11\/ep-reihe-fr-2048x1070.jpg 2048w\" sizes=\"(max-width: 1024px) 100vw, 1024px\" \/><\/figure>\n<\/div>\n\n\n\n<div class=\"wp-block-column is-layout-flow wp-block-column-is-layout-flow\" style=\"flex-basis:40%\">\n<p>EP comprend un dossier scientifiquement fond\u00e9 portant sur un sujet principal, ainsi qu\u2019une rubrique qui se concentrera sur une r\u00e9flexion orient\u00e9e vers la pratique \u00e0 propos de d\u00e9veloppements r\u00e9cents dans la formation continue. La revue est enfin compl\u00e9t\u00e9e par des conseils bibliographiques et des informations succinctes provenant du domaine de la formation continue et de la FSEA. Les articles soumis font l\u2019objet d\u2019un contr\u00f4le qualitatif par la r\u00e9daction.<\/p>\n<\/div>\n<\/div>\n\n\n\n<p><\/p>\n\n\n\n<h2 class=\"wp-block-heading\">Mode de parution et tirage<\/h2>\n\n\n\n<p>EP para\u00eet deux fois par an (en mai et novembre) comme revue imprim\u00e9e ainsi que comme revue gratuite en ligne en allemand et en fran\u00e7ais. Certains articles sont en outre publi\u00e9s en ligne en italien.<\/p>\n\n\n\n<div class=\"wp-block-buttons is-layout-flex wp-block-buttons-is-layout-flex\">\n<div class=\"wp-block-button is-style-outline is-style-outline--1\"><a class=\"wp-block-button__link wp-element-button\" href=\"https:\/\/www.ep-web.ch\/fr\/apercu\" target=\"_blank\" rel=\"noreferrer noopener\">Aper\u00e7u du prochain num\u00e9ro<\/a><\/div>\n<\/div>\n\n\n\n<h3 class=\"wp-block-heading\">Version imprim\u00e9e<\/h3>\n\n\n\n<p>La version imprim\u00e9e para\u00eet en format A5 et comprend environ 120 pages. Le tirage est de 1200 exemplaires en allemand, et de 550 exemplaires en fran\u00e7ais. La revue est gratuite pour les membres de la FSEA et payante pour les autres abonn\u00e9s.<\/p>\n\n\n\n<p><strong>Prix abonnement par an (2 \u00e9ditions)<\/strong><br>Suisse: normale: 45 CHF; \u00e9tudiant: 35 CHF<br>\u00c9tranger: 50 CHF<\/p>\n\n\n\n<div class=\"wp-block-buttons is-layout-flex wp-block-buttons-is-layout-flex\">\n<div class=\"wp-block-button is-style-outline is-style-outline--2\"><a class=\"wp-block-button__link wp-element-button\" href=\"https:\/\/alice.ch\/fr\/actualite\/revue-specialisee-ep\/abonner-ep\/\">Commander l&rsquo;abonnement<\/a><\/div>\n<\/div>\n\n\n\n<h3 class=\"wp-block-heading\"><br>Version en ligne<\/h3>\n\n\n\n<p>La version num\u00e9rique d\u2019EP est publi\u00e9e sur le site de la FSEA avec son propre domaine et est disponible gratuitement en libre acc\u00e8s. Les diff\u00e9rents articles peuvent \u00eatre consult\u00e9s en ligne et t\u00e9l\u00e9charg\u00e9s en format PDF.<\/p>\n\n\n\n<div class=\"wp-block-buttons is-layout-flex wp-block-buttons-is-layout-flex\">\n<div class=\"wp-block-button has-custom-width wp-block-button__width-50 is-style-outline is-style-outline--3\"><a class=\"wp-block-button__link wp-element-button\" href=\"https:\/\/www.ep-web.ch\/fr\/archive\" target=\"_blank\" rel=\"noreferrer noopener\">Lire l&rsquo;EP en ligne<\/a><\/div>\n<\/div>\n\n\n\n<h2 class=\"wp-block-heading\">\u00c9ditions \u00abEducation Permanente\u00bb<\/h2>\n\n\n\n<p>Toutes les \u00e9ditions th\u00e9matiques d&rsquo;EP d\u00e9j\u00e0 publi\u00e9es en ligne et en PDF peuvent \u00eatre lues gratuitement.<\/p>\n\n\n\n<div class=\"wp-block-buttons is-layout-flex wp-block-buttons-is-layout-flex\">\n<div class=\"wp-block-button has-custom-width wp-block-button__width-50 is-style-outline is-style-outline--4\"><a class=\"wp-block-button__link wp-element-button\" href=\"https:\/\/alice.ch\/fr\/publikationen-und-produkte\/archive-education-permanente\/\">\u00c9ditions EP<\/a><\/div>\n<\/div>\n\n\n\n<h2 class=\"wp-block-heading\">R\u00e9daction<\/h2>\n\n\n\n<div class=\"wp-block-columns is-layout-flex wp-container-core-columns-is-layout-28f84493 wp-block-columns-is-layout-flex\">\n<div class=\"wp-block-column is-layout-flow wp-block-column-is-layout-flow\" style=\"flex-basis:100%\">\n<p>Irena Sgier (FSEA, direction de la r\u00e9daction)<br>Lynette Weber (FSEA,\u00a0r\u00e9dactrice)<br>Prof. Erik Haberzeth (Universit\u00e9 Chemnitz)<br>Alexandre Lecoultre (FSEA)<\/p>\n\n\n\n<p>L&rsquo;\u00e9quipe \u00e9ditoriale re\u00e7oit volontiers vos commentaires et suggestions pour le EP: <a href=\"mailto:ep@alice.ch\" target=\"_blank\" rel=\"noreferrer noopener\">ep@alice.ch<\/a>.<\/p>\n\n\n\n<h2 class=\"wp-block-heading\">Informations sur les produits<\/h2>\n\n\n\n<div class=\"wp-block-buttons is-layout-flex wp-block-buttons-is-layout-flex\"><\/div>\n\n\n\n<div class=\"wp-block-buttons is-layout-flex wp-block-buttons-is-layout-flex\">\n<div class=\"wp-block-button has-custom-width wp-block-button__width-50 is-style-outline is-style-outline--5\"><a class=\"wp-block-button__link wp-element-button\" href=\"https:\/\/alice.ch\/fr\/services\/publications-et-produits\/publications\/\">Commander un num\u00e9ro<\/a><\/div>\n<\/div>\n\n\n\n<div class=\"wp-block-buttons is-layout-flex wp-block-buttons-is-layout-flex\">\n<div class=\"wp-block-button has-custom-width wp-block-button__width-50 is-style-outline is-style-outline--6\"><a class=\"wp-block-button__link wp-element-button\" href=\"https:\/\/alice.ch\/fr\/services\/placer-une-publicite\/reservation-ep\/\">Placer une publicit\u00e9<\/a><\/div>\n<\/div>\n\n\n\n<h2 class=\"wp-block-heading\">Contact annonces publicitaires<\/h2>\n\n\n\n<div class=\"wp-block-columns is-layout-flex wp-container-core-columns-is-layout-28f84493 wp-block-columns-is-layout-flex\">\n<div class=\"wp-block-column is-layout-flow wp-block-column-is-layout-flow\" style=\"flex-basis:50%\"><div class=\"contact-persons\">\n\n\t\t\t\t\t<div class=\"contact-person\">\n\t\t\t\t\tMarie Gandola<br \/>\t\t\t\t\tAssistante de Direction   Coordinatrice FFA Romandie<br \/>\t\t\t\t\t<br \/>\n\t\t\t\t\t\t\t\t\t\t<a href=\"tel:+41 (0)22 994 20 10\">+41 (0)22 994 20 10<\/a><br \/>\t\t\t\t\t<a href=\"mailto:marie.gandola@alice.ch\">marie.gandola@alice.ch<\/a><br \/>\t\t\t\t\t<\/div>\n\t\t\t\t\t<\/div>\n<\/div>\n\n\n\n<div class=\"wp-block-column is-layout-flow wp-block-column-is-layout-flow\" style=\"flex-basis:50%\"><\/div>\n<\/div>\n<\/div>\n<\/div>\n<\/div>\n","protected":false},"excerpt":{"rendered":"<p>Education Permanente La revue \u00abEducation Permanente\u00bb est la seule revue sp\u00e9cialis\u00e9e suisse consacr\u00e9e \u00e0 la formation continue. Chaque num\u00e9ro se [&hellip;]<\/p>\n","protected":false},"author":4,"featured_media":54255,"parent":17419,"menu_order":498,"comment_status":"closed","ping_status":"closed","template":"","meta":{"_acf_changed":false,"inline_featured_image":false,"footnotes":""},"class_list":["post-11293","page","type-page","status-publish","has-post-thumbnail","hentry"],"acf":[],"yoast_head":"<!-- This site is optimized with the Yoast SEO plugin v27.3 - https:\/\/yoast.com\/product\/yoast-seo-wordpress\/ -->\n<title>Revue sp\u00e9cialis\u00e9e EP - FSEA<\/title>\n<meta name=\"description\" content=\"La revue sp\u00e9cialis\u00e9e &quot;Education Permanente&quot; est la seule revue suisse sp\u00e9cialis\u00e9e dans la formation des adultes et la formation continue.\" \/>\n<meta name=\"robots\" content=\"index, follow, max-snippet:-1, max-image-preview:large, max-video-preview:-1\" \/>\n<link rel=\"canonical\" href=\"https:\/\/alice.ch\/fr\/actualite\/revue-specialisee-ep\/\" \/>\n<meta property=\"og:locale\" content=\"fr_FR\" \/>\n<meta property=\"og:type\" content=\"article\" \/>\n<meta property=\"og:title\" content=\"Revue sp\u00e9cialis\u00e9e EP - FSEA\" \/>\n<meta property=\"og:description\" content=\"La revue sp\u00e9cialis\u00e9e &quot;Education Permanente&quot; est la seule revue suisse sp\u00e9cialis\u00e9e dans la formation des adultes et la formation continue.\" \/>\n<meta property=\"og:url\" content=\"https:\/\/alice.ch\/fr\/actualite\/revue-specialisee-ep\/\" \/>\n<meta property=\"og:site_name\" content=\"SVEB\" \/>\n<meta property=\"article:modified_time\" content=\"2025-12-04T12:36:35+00:00\" \/>\n<meta property=\"og:image\" content=\"https:\/\/alice.ch\/app\/uploads\/2023\/09\/ep-reihe.jpg\" \/>\n\t<meta property=\"og:image:width\" content=\"1200\" \/>\n\t<meta property=\"og:image:height\" content=\"627\" \/>\n\t<meta property=\"og:image:type\" content=\"image\/jpeg\" \/>\n<meta name=\"twitter:card\" content=\"summary_large_image\" \/>\n<meta name=\"twitter:label1\" content=\"Dur\u00e9e de lecture estim\u00e9e\" \/>\n\t<meta name=\"twitter:data1\" content=\"2 minutes\" \/>\n<script type=\"application\/ld+json\" class=\"yoast-schema-graph\">{\"@context\":\"https:\\\/\\\/schema.org\",\"@graph\":[{\"@type\":\"WebPage\",\"@id\":\"https:\\\/\\\/alice.ch\\\/fr\\\/actualite\\\/revue-specialisee-ep\\\/\",\"url\":\"https:\\\/\\\/alice.ch\\\/fr\\\/actualite\\\/revue-specialisee-ep\\\/\",\"name\":\"Revue sp\u00e9cialis\u00e9e EP - FSEA\",\"isPartOf\":{\"@id\":\"https:\\\/\\\/alice.ch\\\/fr\\\/#website\"},\"primaryImageOfPage\":{\"@id\":\"https:\\\/\\\/alice.ch\\\/fr\\\/actualite\\\/revue-specialisee-ep\\\/#primaryimage\"},\"image\":{\"@id\":\"https:\\\/\\\/alice.ch\\\/fr\\\/actualite\\\/revue-specialisee-ep\\\/#primaryimage\"},\"thumbnailUrl\":\"https:\\\/\\\/alice.ch\\\/app\\\/uploads\\\/2023\\\/09\\\/ep-reihe.jpg\",\"datePublished\":\"2022-08-16T14:56:56+00:00\",\"dateModified\":\"2025-12-04T12:36:35+00:00\",\"description\":\"La revue sp\u00e9cialis\u00e9e \\\"Education Permanente\\\" est la seule revue suisse sp\u00e9cialis\u00e9e dans la formation des adultes et la formation continue.\",\"breadcrumb\":{\"@id\":\"https:\\\/\\\/alice.ch\\\/fr\\\/actualite\\\/revue-specialisee-ep\\\/#breadcrumb\"},\"inLanguage\":\"fr-FR\",\"potentialAction\":[{\"@type\":\"ReadAction\",\"target\":[\"https:\\\/\\\/alice.ch\\\/fr\\\/actualite\\\/revue-specialisee-ep\\\/\"]}]},{\"@type\":\"ImageObject\",\"inLanguage\":\"fr-FR\",\"@id\":\"https:\\\/\\\/alice.ch\\\/fr\\\/actualite\\\/revue-specialisee-ep\\\/#primaryimage\",\"url\":\"https:\\\/\\\/alice.ch\\\/app\\\/uploads\\\/2023\\\/09\\\/ep-reihe.jpg\",\"contentUrl\":\"https:\\\/\\\/alice.ch\\\/app\\\/uploads\\\/2023\\\/09\\\/ep-reihe.jpg\",\"width\":1200,\"height\":627},{\"@type\":\"BreadcrumbList\",\"@id\":\"https:\\\/\\\/alice.ch\\\/fr\\\/actualite\\\/revue-specialisee-ep\\\/#breadcrumb\",\"itemListElement\":[{\"@type\":\"ListItem\",\"position\":1,\"name\":\"Page d'accueil\",\"item\":\"https:\\\/\\\/alice.ch\\\/fr\\\/\"},{\"@type\":\"ListItem\",\"position\":2,\"name\":\"Actualit\u00e9\",\"item\":\"https:\\\/\\\/alice.ch\\\/fr\\\/actualite\\\/\"},{\"@type\":\"ListItem\",\"position\":3,\"name\":\"Revue sp\u00e9cialis\u00e9e EP\"}]},{\"@type\":\"WebSite\",\"@id\":\"https:\\\/\\\/alice.ch\\\/fr\\\/#website\",\"url\":\"https:\\\/\\\/alice.ch\\\/fr\\\/\",\"name\":\"alice.ch (Adult Learning Information Center) ist das Portal der Weiterbildung in der Schweiz.\",\"description\":\"Schweizerischer Verband f\u00fcr Weiterbildung\",\"publisher\":{\"@id\":\"https:\\\/\\\/alice.ch\\\/fr\\\/#organization\"},\"potentialAction\":[{\"@type\":\"SearchAction\",\"target\":{\"@type\":\"EntryPoint\",\"urlTemplate\":\"https:\\\/\\\/alice.ch\\\/fr\\\/?s={search_term_string}\"},\"query-input\":{\"@type\":\"PropertyValueSpecification\",\"valueRequired\":true,\"valueName\":\"search_term_string\"}}],\"inLanguage\":\"fr-FR\"},{\"@type\":\"Organization\",\"@id\":\"https:\\\/\\\/alice.ch\\\/fr\\\/#organization\",\"name\":\"FSEA F\u00e9d\u00e9ration suisse pour la formation continue\",\"url\":\"https:\\\/\\\/alice.ch\\\/fr\\\/\",\"logo\":{\"@type\":\"ImageObject\",\"inLanguage\":\"fr-FR\",\"@id\":\"https:\\\/\\\/alice.ch\\\/fr\\\/#\\\/schema\\\/logo\\\/image\\\/\",\"url\":\"https:\\\/\\\/alice.ch\\\/app\\\/uploads\\\/2022\\\/07\\\/logo-sveb.png\",\"contentUrl\":\"https:\\\/\\\/alice.ch\\\/app\\\/uploads\\\/2022\\\/07\\\/logo-sveb.png\",\"width\":145,\"height\":64,\"caption\":\"FSEA F\u00e9d\u00e9ration suisse pour la formation continue\"},\"image\":{\"@id\":\"https:\\\/\\\/alice.ch\\\/fr\\\/#\\\/schema\\\/logo\\\/image\\\/\"},\"sameAs\":[\"https:\\\/\\\/www.linkedin.com\\\/company\\\/schweizerischer-verband-fr-weiterbildung-sveb\\\/\"]}]}<\/script>\n<!-- \/ Yoast SEO plugin. -->","yoast_head_json":{"title":"Revue sp\u00e9cialis\u00e9e EP - FSEA","description":"La revue sp\u00e9cialis\u00e9e \"Education Permanente\" est la seule revue suisse sp\u00e9cialis\u00e9e dans la formation des adultes et la formation continue.","robots":{"index":"index","follow":"follow","max-snippet":"max-snippet:-1","max-image-preview":"max-image-preview:large","max-video-preview":"max-video-preview:-1"},"canonical":"https:\/\/alice.ch\/fr\/actualite\/revue-specialisee-ep\/","og_locale":"fr_FR","og_type":"article","og_title":"Revue sp\u00e9cialis\u00e9e EP - FSEA","og_description":"La revue sp\u00e9cialis\u00e9e \"Education Permanente\" est la seule revue suisse sp\u00e9cialis\u00e9e dans la formation des adultes et la formation continue.","og_url":"https:\/\/alice.ch\/fr\/actualite\/revue-specialisee-ep\/","og_site_name":"SVEB","article_modified_time":"2025-12-04T12:36:35+00:00","og_image":[{"width":1200,"height":627,"url":"https:\/\/alice.ch\/app\/uploads\/2023\/09\/ep-reihe.jpg","type":"image\/jpeg"}],"twitter_card":"summary_large_image","twitter_misc":{"Dur\u00e9e de lecture estim\u00e9e":"2 minutes"},"schema":{"@context":"https:\/\/schema.org","@graph":[{"@type":"WebPage","@id":"https:\/\/alice.ch\/fr\/actualite\/revue-specialisee-ep\/","url":"https:\/\/alice.ch\/fr\/actualite\/revue-specialisee-ep\/","name":"Revue sp\u00e9cialis\u00e9e EP - FSEA","isPartOf":{"@id":"https:\/\/alice.ch\/fr\/#website"},"primaryImageOfPage":{"@id":"https:\/\/alice.ch\/fr\/actualite\/revue-specialisee-ep\/#primaryimage"},"image":{"@id":"https:\/\/alice.ch\/fr\/actualite\/revue-specialisee-ep\/#primaryimage"},"thumbnailUrl":"https:\/\/alice.ch\/app\/uploads\/2023\/09\/ep-reihe.jpg","datePublished":"2022-08-16T14:56:56+00:00","dateModified":"2025-12-04T12:36:35+00:00","description":"La revue sp\u00e9cialis\u00e9e \"Education Permanente\" est la seule revue suisse sp\u00e9cialis\u00e9e dans la formation des adultes et la formation continue.","breadcrumb":{"@id":"https:\/\/alice.ch\/fr\/actualite\/revue-specialisee-ep\/#breadcrumb"},"inLanguage":"fr-FR","potentialAction":[{"@type":"ReadAction","target":["https:\/\/alice.ch\/fr\/actualite\/revue-specialisee-ep\/"]}]},{"@type":"ImageObject","inLanguage":"fr-FR","@id":"https:\/\/alice.ch\/fr\/actualite\/revue-specialisee-ep\/#primaryimage","url":"https:\/\/alice.ch\/app\/uploads\/2023\/09\/ep-reihe.jpg","contentUrl":"https:\/\/alice.ch\/app\/uploads\/2023\/09\/ep-reihe.jpg","width":1200,"height":627},{"@type":"BreadcrumbList","@id":"https:\/\/alice.ch\/fr\/actualite\/revue-specialisee-ep\/#breadcrumb","itemListElement":[{"@type":"ListItem","position":1,"name":"Page d'accueil","item":"https:\/\/alice.ch\/fr\/"},{"@type":"ListItem","position":2,"name":"Actualit\u00e9","item":"https:\/\/alice.ch\/fr\/actualite\/"},{"@type":"ListItem","position":3,"name":"Revue sp\u00e9cialis\u00e9e EP"}]},{"@type":"WebSite","@id":"https:\/\/alice.ch\/fr\/#website","url":"https:\/\/alice.ch\/fr\/","name":"alice.ch (Adult Learning Information Center) ist das Portal der Weiterbildung in der Schweiz.","description":"Schweizerischer Verband f\u00fcr Weiterbildung","publisher":{"@id":"https:\/\/alice.ch\/fr\/#organization"},"potentialAction":[{"@type":"SearchAction","target":{"@type":"EntryPoint","urlTemplate":"https:\/\/alice.ch\/fr\/?s={search_term_string}"},"query-input":{"@type":"PropertyValueSpecification","valueRequired":true,"valueName":"search_term_string"}}],"inLanguage":"fr-FR"},{"@type":"Organization","@id":"https:\/\/alice.ch\/fr\/#organization","name":"FSEA F\u00e9d\u00e9ration suisse pour la formation continue","url":"https:\/\/alice.ch\/fr\/","logo":{"@type":"ImageObject","inLanguage":"fr-FR","@id":"https:\/\/alice.ch\/fr\/#\/schema\/logo\/image\/","url":"https:\/\/alice.ch\/app\/uploads\/2022\/07\/logo-sveb.png","contentUrl":"https:\/\/alice.ch\/app\/uploads\/2022\/07\/logo-sveb.png","width":145,"height":64,"caption":"FSEA F\u00e9d\u00e9ration suisse pour la formation continue"},"image":{"@id":"https:\/\/alice.ch\/fr\/#\/schema\/logo\/image\/"},"sameAs":["https:\/\/www.linkedin.com\/company\/schweizerischer-verband-fr-weiterbildung-sveb\/"]}]}},"_links":{"self":[{"href":"https:\/\/alice.ch\/fr\/wp-json\/wp\/v2\/pages\/11293","targetHints":{"allow":["GET"]}}],"collection":[{"href":"https:\/\/alice.ch\/fr\/wp-json\/wp\/v2\/pages"}],"about":[{"href":"https:\/\/alice.ch\/fr\/wp-json\/wp\/v2\/types\/page"}],"author":[{"embeddable":true,"href":"https:\/\/alice.ch\/fr\/wp-json\/wp\/v2\/users\/4"}],"replies":[{"embeddable":true,"href":"https:\/\/alice.ch\/fr\/wp-json\/wp\/v2\/comments?post=11293"}],"version-history":[{"count":44,"href":"https:\/\/alice.ch\/fr\/wp-json\/wp\/v2\/pages\/11293\/revisions"}],"predecessor-version":[{"id":72449,"href":"https:\/\/alice.ch\/fr\/wp-json\/wp\/v2\/pages\/11293\/revisions\/72449"}],"up":[{"embeddable":true,"href":"https:\/\/alice.ch\/fr\/wp-json\/wp\/v2\/pages\/17419"}],"wp:featuredmedia":[{"embeddable":true,"href":"https:\/\/alice.ch\/fr\/wp-json\/wp\/v2\/media\/54255"}],"wp:attachment":[{"href":"https:\/\/alice.ch\/fr\/wp-json\/wp\/v2\/media?parent=11293"}],"curies":[{"name":"wp","href":"https:\/\/api.w.org\/{rel}","templated":true}]}}