{"id":11295,"date":"2022-08-16T16:59:24","date_gmt":"2022-08-16T14:59:24","guid":{"rendered":"https:\/\/projects.atxeit.ch\/sveb\/newsletter\/"},"modified":"2024-08-29T11:51:17","modified_gmt":"2024-08-29T09:51:17","slug":"newsletter","status":"publish","type":"page","link":"https:\/\/alice.ch\/fr\/actualite\/newsletter\/","title":{"rendered":"Newsletter"},"content":{"rendered":"\n<div class=\"wp-block-group is-style-reduced-width is-layout-flow wp-block-group-is-layout-flow\">\n<h1 class=\"wp-block-heading\">Newsletter de la FSEA<\/h1>\n\n\n\n<p class=\"is-style-lead\">Informations sur la formation continue, onze fois par an:<\/p>\n\n\n\n<p>Dans notre newsletter, nous vous pr\u00e9sentons \u00e0 la fin de chaque mois un r\u00e9sum\u00e9 de ce qui s&rsquo;est pass\u00e9 en mati\u00e8re de formation continue en Suisse au cours des derniers jours.<\/p>\n\n\n\n<p>Recevez directement dans votre bo\u00eete mails des informations sur la branche de la formation continue, la politique de la formation continue, les tendances, la recherche, les \u00e9v\u00e9nements, les projets, la FSEA en g\u00e9n\u00e9ral, la revue sp\u00e9cialis\u00e9e  <a href=\"https:\/\/www.ep-web.ch\/fr\/\">EP \u00ab\u00a0Education Permanente\u00a0\u00bb,<\/a> le <a href=\"https:\/\/thinktank-transit.ch\/fr\/\">think-tank TRANSIT<\/a>, la <a href=\"https:\/\/weiterbildung-in-kmu.ch\/fr\/\">formation continue dans les PME<\/a>, une dose d&rsquo;innovation et bien plus.<\/p>\n\n\n\n<p>Faites partie de la communaut\u00e9 FSEA et de la formation continue suisse.<\/p>\n\n\n\n<div id=\"mc_embed_shell\">\n      <link href=\"\/\/cdn-images.mailchimp.com\/embedcode\/classic-061523.css\" rel=\"stylesheet\" type=\"text\/css\">\n  <style type=\"text\/css\">\n        #mc_embed_signup{background:#fff; false;clear:left; font:14px Helvetica,Arial,sans-serif; width: 600px;}\n        \/* Add your own Mailchimp form style overrides in your site stylesheet or in this style block.\n           We recommend moving this block and the preceding CSS link to the HEAD of your HTML file. *\/\n<\/style><style type=\"text\/css\">\n        #mc-embedded-subscribe-form input[type=checkbox]{display: inline; width: auto;margin-right: 10px;}\n#mergeRow-gdpr {margin-top: 20px;}\n#mergeRow-gdpr fieldset label {font-weight: normal;}\n#mc-embedded-subscribe-form .mc_fieldset{border:none;min-height: 0px;padding-bottom:0px;}\n<\/style>\n<div id=\"mc_embed_signup\">\n    <form action=\"https:\/\/alice.us13.list-manage.com\/subscribe\/post?u=819194c12a777453fe8624b52&amp;id=0edcf1a4ec&amp;v_id=183&amp;f_id=00c4f8e1f0\" method=\"post\" id=\"mc-embedded-subscribe-form\" name=\"mc-embedded-subscribe-form\" class=\"validate\" target=\"_blank\">\n        <div id=\"mc_embed_signup_scroll\"><h2>S\u2019abonner \u00e0 la newsletter<\/h2>\n            <div class=\"indicates-required\"><span class=\"asterisk\">*<\/span> indique un champ obligatoire<\/div>\n            <div class=\"mc-field-group\"><label for=\"mce-EMAIL\">Email <span class=\"asterisk\">*<\/span><\/label><input type=\"email\" name=\"EMAIL\" class=\"required email\" id=\"mce-EMAIL\" required=\"\" value=\"\"><\/div><div class=\"mc-field-group input-group\"><strong>Formule d\u2019appel <\/strong><ul><li><input type=\"radio\" name=\"MMERGE3\" id=\"mce-MMERGE30\" value=\"Madame\"><label for=\"mce-MMERGE30\">Madame<\/label><\/li><li><input type=\"radio\" name=\"MMERGE3\" id=\"mce-MMERGE31\" value=\"Monsieur\"><label for=\"mce-MMERGE31\">Monsieur<\/label><\/li><\/ul><\/div><div class=\"mc-field-group\"><label for=\"mce-FNAME\">Pr\u00e9nom <\/label><input type=\"text\" name=\"FNAME\" class=\" text\" id=\"mce-FNAME\" value=\"\"><\/div><div class=\"mc-field-group\"><label for=\"mce-LNAME\">Nom <\/label><input type=\"text\" name=\"LNAME\" class=\" text\" id=\"mce-LNAME\" value=\"\"><\/div><div class=\"mc-field-group input-group\"><strong>Informations que vous souhaitez recevoir <\/strong><ul><li><input type=\"checkbox\" name=\"group[16424][1]\" id=\"mce-group[16424]-16424-0\" value=\"\"><label for=\"mce-group[16424]-16424-0\">Newsletter FSEA (envoi une fois par mois contenant des informations curat\u00e9es de la formation continu<\/label><\/li><li><input type=\"checkbox\" name=\"group[16424][512]\" id=\"mce-group[16424]-16424-1\" value=\"\"><label for=\"mce-group[16424]-16424-1\">Newsletter de la revue sp\u00e9cialis\u00e9e Education Permanente (deux fois par an)<\/label><\/li><li><input type=\"checkbox\" name=\"group[16424][2]\" id=\"mce-group[16424]-16424-2\" value=\"\"><label for=\"mce-group[16424]-16424-2\">Politique de l\u2019\u00e9ducation<\/label><\/li><li><input type=\"checkbox\" name=\"group[16424][4]\" id=\"mce-group[16424]-16424-3\" value=\"\"><label for=\"mce-group[16424]-16424-3\">Professionnalisation<\/label><\/li><li><input type=\"checkbox\" name=\"group[16424][8]\" id=\"mce-group[16424]-16424-4\" value=\"\"><label for=\"mce-group[16424]-16424-4\">Recherche<\/label><\/li><li><input type=\"checkbox\" name=\"group[16424][16]\" id=\"mce-group[16424]-16424-5\" value=\"\"><label for=\"mce-group[16424]-16424-5\">Qualit\u00e9 dans la formation continue<\/label><\/li><li><input type=\"checkbox\" name=\"group[16424][32]\" id=\"mce-group[16424]-16424-6\" value=\"\"><label for=\"mce-group[16424]-16424-6\">Comp\u00e9tences de base<\/label><\/li><li><input type=\"checkbox\" name=\"group[16424][64]\" id=\"mce-group[16424]-16424-7\" value=\"\"><label for=\"mce-group[16424]-16424-7\">Num\u00e9risation<\/label><\/li><li><input type=\"checkbox\" name=\"group[16424][128]\" id=\"mce-group[16424]-16424-8\" value=\"\"><label for=\"mce-group[16424]-16424-8\">Formation continue dans les PME<\/label><\/li><li><input type=\"checkbox\" name=\"group[16424][256]\" id=\"mce-group[16424]-16424-9\" value=\"\"><label for=\"mce-group[16424]-16424-9\">Formation continue pour un d\u00e9veloppement durable<\/label><\/li><\/ul><\/div><div id=\"mergeRow-gdpr\" class=\"mergeRow gdpr-mergeRow content__gdprBlock mc-field-group\"><div class=\"content__gdpr\"><label>Comment nous utilisons vos donn\u00e9es<\/label><p>La F\u00e9d\u00e9ration suisse pour la formation continue FSEA souhaite utiliser les informations que vous fournissez dans ce formulaire afin de rester en contact avec vous et de vous transmettre des mises \u00e0 jour sur nos activit\u00e9s. Si vous acceptez de recevoir des informations de notre part, veuillez le confirmer.<\/p><fieldset class=\"mc_fieldset gdprRequired mc-field-group\" name=\"interestgroup_field\"><label class=\"checkbox subfield\" for=\"gdpr477\"><input type=\"checkbox\" id=\"gdpr_477\" name=\"gdpr[477]\" class=\"gdpr\" value=\"Y\"><span>Accepter<\/span><\/label><\/fieldset><p>Vous pouvez changer d&rsquo;avis \u00e0 tout moment en cliquant sur le lien de d\u00e9sabonnement qui se trouve en bas de chaque e-mail que vous recevez de notre part ou en nous contactant \u00e0 l&rsquo;adresse newsletter@alice.ch. Nous traiterons vos informations avec soin et respect. Vous trouverez de plus amples informations sur nos pratiques en mati\u00e8re de protection des donn\u00e9es sur notre site web.<\/p><\/div><div class=\"content__gdprLegal\"><p> Nous utilisons Mailchimp comme notre plateforme de marketing. En cliquant ci-dessous pour vous inscrire, vous acceptez que vos donn\u00e9es soient transmises \u00e0 Mailchimp pour traitement. <a href=\"https:\/\/mailchimp.com\/legal\/terms\"> En savoir plus<\/a> sur les pratiques de Mailchimp en mati\u00e8re de protection des donn\u00e9es.<\/p><\/div><\/div>\n        <div id=\"mce-responses\" class=\"clear\">\n            <div class=\"response\" id=\"mce-error-response\" style=\"display: none;\"><\/div>\n            <div class=\"response\" id=\"mce-success-response\" style=\"display: none;\"><\/div>\n        <\/div><div style=\"position: absolute; left: -5000px;\" aria-hidden=\"true\"><input type=\"text\" name=\"b_819194c12a777453fe8624b52_0edcf1a4ec\" tabindex=\"-1\" value=\"\"><\/div><div class=\"clear\"><input type=\"submit\" name=\"subscribe\" id=\"mc-embedded-subscribe\" class=\"button\" value=\"S'abonner\"><\/div>\n    <\/div>\n<\/form>\n<\/div>\n<script type=\"text\/javascript\" src=\"\/\/s3.amazonaws.com\/downloads.mailchimp.com\/js\/mc-validate.js\"><\/script><script type=\"text\/javascript\">(function($) {window.fnames = new Array(); window.ftypes = new Array();fnames[0]='EMAIL';ftypes[0]='email';fnames[3]='MMERGE3';ftypes[3]='radio';fnames[1]='FNAME';ftypes[1]='text';fnames[2]='LNAME';ftypes[2]='text';\/*\n * Translated default messages for the $ validation plugin.\n * Locale: FR\n *\/\n$.extend($.validator.messages, {\n        required: \"Ce champ est requis.\",\n        remote: \"Veuillez remplir ce champ pour continuer.\",\n        email: \"Veuillez entrer une adresse email valide.\",\n        url: \"Veuillez entrer une URL valide.\",\n        date: \"Veuillez entrer une date valide.\",\n        dateISO: \"Veuillez entrer une date valide (ISO).\",\n        number: \"Veuillez entrer un nombre valide.\",\n        digits: \"Veuillez entrer (seulement) une valeur num\u00e9rique.\",\n        creditcard: \"Veuillez entrer un num\u00e9ro de carte de cr\u00e9dit valide.\",\n        equalTo: \"Veuillez entrer une nouvelle fois la m\u00eame valeur.\",\n        accept: \"Veuillez entrer une valeur avec une extension valide.\",\n        maxlength: $.validator.format(\"Veuillez ne pas entrer plus de {0} caract\u00e8res.\"),\n        minlength: $.validator.format(\"Veuillez entrer au moins {0} caract\u00e8res.\"),\n        rangelength: $.validator.format(\"Veuillez entrer entre {0} et {1} caract\u00e8res.\"),\n        range: $.validator.format(\"Veuillez entrer une valeur entre {0} et {1}.\"),\n        max: $.validator.format(\"Veuillez entrer une valeur inf\u00e9rieure ou \u00e9gale \u00e0 {0}.\"),\n        min: $.validator.format(\"Veuillez entrer une valeur sup\u00e9rieure ou \u00e9gale \u00e0 {0}.\")\n});}(jQuery));var $mcj = jQuery.noConflict(true);<\/script><\/div>\n\n\n\n<h2 class=\"wp-block-heading\">Dates de parution et annonces<\/h2>\n\n\n\n<div class=\"wp-block-buttons is-layout-flex wp-block-buttons-is-layout-flex\">\n<div class=\"wp-block-button has-custom-width wp-block-button__width-50 is-style-outline is-style-outline--1\"><a class=\"wp-block-button__link wp-element-button\" href=\"https:\/\/alice.ch\/fr\/services\/placer-une-publicite\/annonce-dans-la-newsletter\/\">Votre publicit\u00e9 dans la newsletter de la FSEA<\/a><\/div>\n<\/div>\n\n\n\n<h2 class=\"wp-block-heading\">Newsletter pass\u00e9es<\/h2>\n\n\n\n<style type=\"text\/css\">\n        <!--\n        .display_archive {font-family: arial,verdana; font-size: 16px;}\n        .campaign {line-height: 125%; margin: 5px;}\n        \/\/-->\n        <\/style>\n        <script language=\"javascript\" src=\"\/\/alice.us13.list-manage.com\/generate-js\/?u=819194c12a777453fe8624b52&amp;fid=3973&amp;show=100\" type=\"text\/javascript\"><\/script>\n\n\n\n<h2 class=\"wp-block-heading\">Contact<\/h2>\n\n\n\n<div class=\"wp-block-columns is-layout-flex wp-container-core-columns-is-layout-28f84493 wp-block-columns-is-layout-flex\">\n<div class=\"wp-block-column is-layout-flow wp-block-column-is-layout-flow\" style=\"flex-basis:50%\"><div class=\"contact-persons\">\n\n\t\t\t\t\t<div class=\"contact-person\">\n\t\t\t\t\tReto Hunziker<br \/>\t\t\t\t\tResponsable Communication<br \/>\t\t\t\t\t<br \/>\n\t\t\t\t\t\t\t\t\t\t<a href=\"tel:+41 44 319 71 79\">+41 44 319 71 79<\/a><br \/>\t\t\t\t\t<a href=\"mailto:reto.hunziker@alice.ch\">reto.hunziker@alice.ch<\/a><br \/>\t\t\t\t\t<\/div>\n\t\t\t\t\t<\/div>\n<\/div>\n\n\n\n<div class=\"wp-block-column is-layout-flow wp-block-column-is-layout-flow\" style=\"flex-basis:50%\"><\/div>\n<\/div>\n<\/div>\n","protected":false},"excerpt":{"rendered":"<p>Newsletter de la FSEA Informations sur la formation continue, onze fois par an: Dans notre newsletter, nous vous pr\u00e9sentons \u00e0 [&hellip;]<\/p>\n","protected":false},"author":2,"featured_media":56452,"parent":17419,"menu_order":652,"comment_status":"closed","ping_status":"closed","template":"","meta":{"_acf_changed":false,"inline_featured_image":false,"footnotes":""},"class_list":["post-11295","page","type-page","status-publish","has-post-thumbnail","hentry"],"acf":[],"yoast_head":"<!-- This site is optimized with the Yoast SEO plugin v27.3 - https:\/\/yoast.com\/product\/yoast-seo-wordpress\/ -->\n<title>Newsletter - FSEA<\/title>\n<meta name=\"description\" content=\"La newsletter FSEA para\u00eet 11 fois par an. Elle informe sur la branche, les nouveaut\u00e9s de la FSEA, les offres et les \u00e9v\u00e9nements.\" \/>\n<meta name=\"robots\" content=\"index, follow, max-snippet:-1, max-image-preview:large, max-video-preview:-1\" \/>\n<link rel=\"canonical\" href=\"https:\/\/alice.ch\/fr\/actualite\/newsletter\/\" \/>\n<meta property=\"og:locale\" content=\"fr_FR\" \/>\n<meta property=\"og:type\" content=\"article\" \/>\n<meta property=\"og:title\" content=\"Newsletter - FSEA\" \/>\n<meta property=\"og:description\" content=\"La newsletter FSEA para\u00eet 11 fois par an. Elle informe sur la branche, les nouveaut\u00e9s de la FSEA, les offres et les \u00e9v\u00e9nements.\" \/>\n<meta property=\"og:url\" content=\"https:\/\/alice.ch\/fr\/actualite\/newsletter\/\" \/>\n<meta property=\"og:site_name\" content=\"SVEB\" \/>\n<meta property=\"article:modified_time\" content=\"2024-08-29T09:51:17+00:00\" \/>\n<meta property=\"og:image\" content=\"https:\/\/alice.ch\/app\/uploads\/2023\/12\/Newsletter-FSEA-1024x726.png\" \/>\n\t<meta property=\"og:image:width\" content=\"1024\" \/>\n\t<meta property=\"og:image:height\" content=\"726\" \/>\n\t<meta property=\"og:image:type\" content=\"image\/png\" \/>\n<meta name=\"twitter:card\" content=\"summary_large_image\" \/>\n<meta name=\"twitter:label1\" content=\"Dur\u00e9e de lecture estim\u00e9e\" \/>\n\t<meta name=\"twitter:data1\" content=\"1 minute\" \/>\n<script type=\"application\/ld+json\" class=\"yoast-schema-graph\">{\"@context\":\"https:\\\/\\\/schema.org\",\"@graph\":[{\"@type\":\"WebPage\",\"@id\":\"https:\\\/\\\/alice.ch\\\/fr\\\/actualite\\\/newsletter\\\/\",\"url\":\"https:\\\/\\\/alice.ch\\\/fr\\\/actualite\\\/newsletter\\\/\",\"name\":\"Newsletter - FSEA\",\"isPartOf\":{\"@id\":\"https:\\\/\\\/alice.ch\\\/fr\\\/#website\"},\"primaryImageOfPage\":{\"@id\":\"https:\\\/\\\/alice.ch\\\/fr\\\/actualite\\\/newsletter\\\/#primaryimage\"},\"image\":{\"@id\":\"https:\\\/\\\/alice.ch\\\/fr\\\/actualite\\\/newsletter\\\/#primaryimage\"},\"thumbnailUrl\":\"https:\\\/\\\/alice.ch\\\/app\\\/uploads\\\/2023\\\/12\\\/Newsletter-FSEA.png\",\"datePublished\":\"2022-08-16T14:59:24+00:00\",\"dateModified\":\"2024-08-29T09:51:17+00:00\",\"description\":\"La newsletter FSEA para\u00eet 11 fois par an. Elle informe sur la branche, les nouveaut\u00e9s de la FSEA, les offres et les \u00e9v\u00e9nements.\",\"breadcrumb\":{\"@id\":\"https:\\\/\\\/alice.ch\\\/fr\\\/actualite\\\/newsletter\\\/#breadcrumb\"},\"inLanguage\":\"fr-FR\",\"potentialAction\":[{\"@type\":\"ReadAction\",\"target\":[\"https:\\\/\\\/alice.ch\\\/fr\\\/actualite\\\/newsletter\\\/\"]}]},{\"@type\":\"ImageObject\",\"inLanguage\":\"fr-FR\",\"@id\":\"https:\\\/\\\/alice.ch\\\/fr\\\/actualite\\\/newsletter\\\/#primaryimage\",\"url\":\"https:\\\/\\\/alice.ch\\\/app\\\/uploads\\\/2023\\\/12\\\/Newsletter-FSEA.png\",\"contentUrl\":\"https:\\\/\\\/alice.ch\\\/app\\\/uploads\\\/2023\\\/12\\\/Newsletter-FSEA.png\",\"width\":1748,\"height\":1240,\"caption\":\"S'abonner \u00e0 la newsletter FSEA\"},{\"@type\":\"BreadcrumbList\",\"@id\":\"https:\\\/\\\/alice.ch\\\/fr\\\/actualite\\\/newsletter\\\/#breadcrumb\",\"itemListElement\":[{\"@type\":\"ListItem\",\"position\":1,\"name\":\"Page d'accueil\",\"item\":\"https:\\\/\\\/alice.ch\\\/fr\\\/\"},{\"@type\":\"ListItem\",\"position\":2,\"name\":\"Actualit\u00e9\",\"item\":\"https:\\\/\\\/alice.ch\\\/fr\\\/actualite\\\/\"},{\"@type\":\"ListItem\",\"position\":3,\"name\":\"Newsletter\"}]},{\"@type\":\"WebSite\",\"@id\":\"https:\\\/\\\/alice.ch\\\/fr\\\/#website\",\"url\":\"https:\\\/\\\/alice.ch\\\/fr\\\/\",\"name\":\"alice.ch (Adult Learning Information Center) ist das Portal der Weiterbildung in der Schweiz.\",\"description\":\"Schweizerischer Verband f\u00fcr Weiterbildung\",\"publisher\":{\"@id\":\"https:\\\/\\\/alice.ch\\\/fr\\\/#organization\"},\"potentialAction\":[{\"@type\":\"SearchAction\",\"target\":{\"@type\":\"EntryPoint\",\"urlTemplate\":\"https:\\\/\\\/alice.ch\\\/fr\\\/?s={search_term_string}\"},\"query-input\":{\"@type\":\"PropertyValueSpecification\",\"valueRequired\":true,\"valueName\":\"search_term_string\"}}],\"inLanguage\":\"fr-FR\"},{\"@type\":\"Organization\",\"@id\":\"https:\\\/\\\/alice.ch\\\/fr\\\/#organization\",\"name\":\"FSEA F\u00e9d\u00e9ration suisse pour la formation continue\",\"url\":\"https:\\\/\\\/alice.ch\\\/fr\\\/\",\"logo\":{\"@type\":\"ImageObject\",\"inLanguage\":\"fr-FR\",\"@id\":\"https:\\\/\\\/alice.ch\\\/fr\\\/#\\\/schema\\\/logo\\\/image\\\/\",\"url\":\"https:\\\/\\\/alice.ch\\\/app\\\/uploads\\\/2022\\\/07\\\/logo-sveb.png\",\"contentUrl\":\"https:\\\/\\\/alice.ch\\\/app\\\/uploads\\\/2022\\\/07\\\/logo-sveb.png\",\"width\":145,\"height\":64,\"caption\":\"FSEA F\u00e9d\u00e9ration suisse pour la formation continue\"},\"image\":{\"@id\":\"https:\\\/\\\/alice.ch\\\/fr\\\/#\\\/schema\\\/logo\\\/image\\\/\"},\"sameAs\":[\"https:\\\/\\\/www.linkedin.com\\\/company\\\/schweizerischer-verband-fr-weiterbildung-sveb\\\/\"]}]}<\/script>\n<!-- \/ Yoast SEO plugin. -->","yoast_head_json":{"title":"Newsletter - FSEA","description":"La newsletter FSEA para\u00eet 11 fois par an. Elle informe sur la branche, les nouveaut\u00e9s de la FSEA, les offres et les \u00e9v\u00e9nements.","robots":{"index":"index","follow":"follow","max-snippet":"max-snippet:-1","max-image-preview":"max-image-preview:large","max-video-preview":"max-video-preview:-1"},"canonical":"https:\/\/alice.ch\/fr\/actualite\/newsletter\/","og_locale":"fr_FR","og_type":"article","og_title":"Newsletter - FSEA","og_description":"La newsletter FSEA para\u00eet 11 fois par an. Elle informe sur la branche, les nouveaut\u00e9s de la FSEA, les offres et les \u00e9v\u00e9nements.","og_url":"https:\/\/alice.ch\/fr\/actualite\/newsletter\/","og_site_name":"SVEB","article_modified_time":"2024-08-29T09:51:17+00:00","og_image":[{"width":1024,"height":726,"url":"https:\/\/alice.ch\/app\/uploads\/2023\/12\/Newsletter-FSEA-1024x726.png","type":"image\/png"}],"twitter_card":"summary_large_image","twitter_misc":{"Dur\u00e9e de lecture estim\u00e9e":"1 minute"},"schema":{"@context":"https:\/\/schema.org","@graph":[{"@type":"WebPage","@id":"https:\/\/alice.ch\/fr\/actualite\/newsletter\/","url":"https:\/\/alice.ch\/fr\/actualite\/newsletter\/","name":"Newsletter - FSEA","isPartOf":{"@id":"https:\/\/alice.ch\/fr\/#website"},"primaryImageOfPage":{"@id":"https:\/\/alice.ch\/fr\/actualite\/newsletter\/#primaryimage"},"image":{"@id":"https:\/\/alice.ch\/fr\/actualite\/newsletter\/#primaryimage"},"thumbnailUrl":"https:\/\/alice.ch\/app\/uploads\/2023\/12\/Newsletter-FSEA.png","datePublished":"2022-08-16T14:59:24+00:00","dateModified":"2024-08-29T09:51:17+00:00","description":"La newsletter FSEA para\u00eet 11 fois par an. Elle informe sur la branche, les nouveaut\u00e9s de la FSEA, les offres et les \u00e9v\u00e9nements.","breadcrumb":{"@id":"https:\/\/alice.ch\/fr\/actualite\/newsletter\/#breadcrumb"},"inLanguage":"fr-FR","potentialAction":[{"@type":"ReadAction","target":["https:\/\/alice.ch\/fr\/actualite\/newsletter\/"]}]},{"@type":"ImageObject","inLanguage":"fr-FR","@id":"https:\/\/alice.ch\/fr\/actualite\/newsletter\/#primaryimage","url":"https:\/\/alice.ch\/app\/uploads\/2023\/12\/Newsletter-FSEA.png","contentUrl":"https:\/\/alice.ch\/app\/uploads\/2023\/12\/Newsletter-FSEA.png","width":1748,"height":1240,"caption":"S'abonner \u00e0 la newsletter FSEA"},{"@type":"BreadcrumbList","@id":"https:\/\/alice.ch\/fr\/actualite\/newsletter\/#breadcrumb","itemListElement":[{"@type":"ListItem","position":1,"name":"Page d'accueil","item":"https:\/\/alice.ch\/fr\/"},{"@type":"ListItem","position":2,"name":"Actualit\u00e9","item":"https:\/\/alice.ch\/fr\/actualite\/"},{"@type":"ListItem","position":3,"name":"Newsletter"}]},{"@type":"WebSite","@id":"https:\/\/alice.ch\/fr\/#website","url":"https:\/\/alice.ch\/fr\/","name":"alice.ch (Adult Learning Information Center) ist das Portal der Weiterbildung in der Schweiz.","description":"Schweizerischer Verband f\u00fcr Weiterbildung","publisher":{"@id":"https:\/\/alice.ch\/fr\/#organization"},"potentialAction":[{"@type":"SearchAction","target":{"@type":"EntryPoint","urlTemplate":"https:\/\/alice.ch\/fr\/?s={search_term_string}"},"query-input":{"@type":"PropertyValueSpecification","valueRequired":true,"valueName":"search_term_string"}}],"inLanguage":"fr-FR"},{"@type":"Organization","@id":"https:\/\/alice.ch\/fr\/#organization","name":"FSEA F\u00e9d\u00e9ration suisse pour la formation continue","url":"https:\/\/alice.ch\/fr\/","logo":{"@type":"ImageObject","inLanguage":"fr-FR","@id":"https:\/\/alice.ch\/fr\/#\/schema\/logo\/image\/","url":"https:\/\/alice.ch\/app\/uploads\/2022\/07\/logo-sveb.png","contentUrl":"https:\/\/alice.ch\/app\/uploads\/2022\/07\/logo-sveb.png","width":145,"height":64,"caption":"FSEA F\u00e9d\u00e9ration suisse pour la formation continue"},"image":{"@id":"https:\/\/alice.ch\/fr\/#\/schema\/logo\/image\/"},"sameAs":["https:\/\/www.linkedin.com\/company\/schweizerischer-verband-fr-weiterbildung-sveb\/"]}]}},"_links":{"self":[{"href":"https:\/\/alice.ch\/fr\/wp-json\/wp\/v2\/pages\/11295","targetHints":{"allow":["GET"]}}],"collection":[{"href":"https:\/\/alice.ch\/fr\/wp-json\/wp\/v2\/pages"}],"about":[{"href":"https:\/\/alice.ch\/fr\/wp-json\/wp\/v2\/types\/page"}],"author":[{"embeddable":true,"href":"https:\/\/alice.ch\/fr\/wp-json\/wp\/v2\/users\/2"}],"replies":[{"embeddable":true,"href":"https:\/\/alice.ch\/fr\/wp-json\/wp\/v2\/comments?post=11295"}],"version-history":[{"count":22,"href":"https:\/\/alice.ch\/fr\/wp-json\/wp\/v2\/pages\/11295\/revisions"}],"predecessor-version":[{"id":61886,"href":"https:\/\/alice.ch\/fr\/wp-json\/wp\/v2\/pages\/11295\/revisions\/61886"}],"up":[{"embeddable":true,"href":"https:\/\/alice.ch\/fr\/wp-json\/wp\/v2\/pages\/17419"}],"wp:featuredmedia":[{"embeddable":true,"href":"https:\/\/alice.ch\/fr\/wp-json\/wp\/v2\/media\/56452"}],"wp:attachment":[{"href":"https:\/\/alice.ch\/fr\/wp-json\/wp\/v2\/media?parent=11295"}],"curies":[{"name":"wp","href":"https:\/\/api.w.org\/{rel}","templated":true}]}}