{"id":11299,"date":"2022-08-16T16:31:32","date_gmt":"2022-08-16T14:31:32","guid":{"rendered":"https:\/\/projects.atxeit.ch\/sveb\/publikationen-und-produkte\/"},"modified":"2023-12-04T14:05:06","modified_gmt":"2023-12-04T13:05:06","slug":"publications-et-produits","status":"publish","type":"page","link":"https:\/\/alice.ch\/fr\/services\/publications-et-produits\/","title":{"rendered":"Publications et produits"},"content":{"rendered":"\n<div class=\"wp-block-group is-style-reduced-width is-layout-flow wp-block-group-is-layout-flow\">\n<h1 class=\"wp-block-heading\">Publications et produits<\/h1>\n\n\n\n<p class=\"is-style-lead\">Nos publications et produits soutiennent le secteur de la formation continue en Suisse. Ils peuvent \u00eatre command\u00e9s chez nous, les membres b\u00e9n\u00e9ficient de r\u00e9ductions de prix. Vous pouvez \u00e9galement t\u00e9l\u00e9charger gratuitement nos \u00e9tudes au format PDF.<\/p>\n\n\n\n<div class=\"wp-block-media-text alignwide is-stacked-on-mobile is-style-icon-text\"><figure class=\"wp-block-media-text__media\"><a href=\"https:\/\/alice.ch\/fr\/services\/publications-et-produits\/publications\/\"><img decoding=\"async\" width=\"242\" height=\"257\" src=\"https:\/\/alice.ch\/app\/uploads\/2022\/10\/datenquellen.png\" alt=\"\" class=\"wp-image-5817 size-full\" \/><\/a><\/figure><div class=\"wp-block-media-text__content\">\n<h2 class=\"wp-block-heading\"><a href=\"https:\/\/alice.ch\/fr\/services\/publications-et-produits\/publications\/\">Publications<\/a><\/h2>\n\n\n\n<p>Nos publications offrent des connaissances sp\u00e9cialis\u00e9es actuelles sur la formation continue en Suisse.<\/p>\n<\/div><\/div>\n\n\n\n<hr class=\"wp-block-separator has-alpha-channel-opacity is-style-wide\" \/>\n\n\n\n<div class=\"wp-block-media-text alignwide is-stacked-on-mobile is-style-icon-text\"><figure class=\"wp-block-media-text__media\"><a href=\"https:\/\/alice.ch\/fr\/services\/publications-et-produits\/etudes\/\"><img decoding=\"async\" width=\"230\" height=\"202\" src=\"https:\/\/alice.ch\/app\/uploads\/2022\/10\/icon-forschung.png\" alt=\"\" class=\"wp-image-4496 size-full\" \/><\/a><\/figure><div class=\"wp-block-media-text__content\">\n<h2 class=\"wp-block-heading\"><a href=\"https:\/\/alice.ch\/fr\/services\/publications-et-produits\/etudes\/\">\u00c9tudes<\/a><\/h2>\n\n\n\n<p>La FSEA publie chaque ann\u00e9e une \u00e9tude sur la formation continue et d&rsquo;autres \u00e9tudes sur les principaux th\u00e8mes de la formation continue.<\/p>\n<\/div><\/div>\n\n\n\n<hr class=\"wp-block-separator has-alpha-channel-opacity is-style-wide\" \/>\n\n\n\n<div class=\"wp-block-media-text alignwide is-stacked-on-mobile is-style-icon-text\"><figure class=\"wp-block-media-text__media\"><a href=\"https:\/\/alice.ch\/fr\/services\/publications-et-produits\/outils\/\"><img decoding=\"async\" width=\"980\" height=\"634\" src=\"https:\/\/alice.ch\/app\/uploads\/2022\/10\/icon-tools.png\" alt=\"\" class=\"wp-image-5914 size-full\" srcset=\"https:\/\/alice.ch\/app\/uploads\/2022\/10\/icon-tools.png 980w, https:\/\/alice.ch\/app\/uploads\/2022\/10\/icon-tools-300x194.png 300w, https:\/\/alice.ch\/app\/uploads\/2022\/10\/icon-tools-768x497.png 768w\" sizes=\"(max-width: 980px) 100vw, 980px\" \/><\/a><\/figure><div class=\"wp-block-media-text__content\">\n<h2 class=\"wp-block-heading\"><a href=\"https:\/\/alice.ch\/fr\/services\/publications-et-produits\/outils\/\">Outils<\/a><\/h2>\n\n\n\n<p>La FSEA d\u00e9veloppe des outils pratiques pour les professionnels de la formation continue, que vous pouvez commander.<\/p>\n<\/div><\/div>\n\n\n\n<hr class=\"wp-block-separator has-alpha-channel-opacity is-style-wide\" \/>\n\n\n\n<div class=\"wp-block-media-text alignwide is-stacked-on-mobile is-style-icon-text\"><figure class=\"wp-block-media-text__media\"><a href=\"https:\/\/alice.ch\/fr\/services\/publications-et-produits\/archive-education-permanente\/\"><img decoding=\"async\" src=\"https:\/\/alice.ch\/app\/uploads\/2022\/11\/logo-ep.png\" alt=\"\" class=\"wp-image-10085 size-full\" \/><\/a><\/figure><div class=\"wp-block-media-text__content\">\n<h2 class=\"wp-block-heading\"><a href=\"https:\/\/alice.ch\/fr\/services\/publications-et-produits\/archive-education-permanente\/\">\u00c9ditions \u00ab\u00a0Education Permanente\u00a0\u00bb<\/a><\/h2>\n\n\n\n<p>La EP est la seule revue sp\u00e9cialis\u00e9e suisse consacr\u00e9e \u00e0 l\u2019\u00e9ducation des adultes et \u00e0 la formation continue est publi\u00e9e depuis 1967 par la FSEA.<\/p>\n<\/div><\/div>\n\n\n\n<hr class=\"wp-block-separator has-alpha-channel-opacity is-style-wide\" \/>\n\n\n\n<div class=\"wp-block-media-text alignwide is-stacked-on-mobile is-style-icon-text\"><figure class=\"wp-block-media-text__media\"><a href=\"https:\/\/alice.ch\/fr\/services\/publications-et-produits\/livret-de-formation\/\"><img decoding=\"async\" width=\"477\" height=\"395\" src=\"https:\/\/alice.ch\/app\/uploads\/2022\/10\/icon-unternehmen.png\" alt=\"\" class=\"wp-image-5825 size-full\" srcset=\"https:\/\/alice.ch\/app\/uploads\/2022\/10\/icon-unternehmen.png 477w, https:\/\/alice.ch\/app\/uploads\/2022\/10\/icon-unternehmen-300x248.png 300w\" sizes=\"(max-width: 477px) 100vw, 477px\" \/><\/a><\/figure><div class=\"wp-block-media-text__content\">\n<h2 class=\"wp-block-heading\"><a href=\"https:\/\/alice.ch\/fr\/services\/publications-et-produits\/livret-de-formation\/\">Livret de formation<\/a><\/h2>\n\n\n\n<p>Le livret de formation donne un aper\u00e7u d\u2019ensemble des comp\u00e9tences et qualifications acquises.<\/p>\n<\/div><\/div>\n\n\n\n<h2 class=\"wp-block-heading\">Contact annonces publicitaires<\/h2>\n\n\n\n<div class=\"wp-block-columns is-layout-flex wp-container-core-columns-is-layout-28f84493 wp-block-columns-is-layout-flex\">\n<div class=\"wp-block-column is-layout-flow wp-block-column-is-layout-flow\" style=\"flex-basis:50%\"><div class=\"contact-persons\">\n\n\t\t\t\t\t<div class=\"contact-person\">\n\t\t\t\t\tMarie Gandola<br \/>\t\t\t\t\tAssistante de Direction   Coordinatrice FFA Romandie<br \/>\t\t\t\t\t<br \/>\n\t\t\t\t\t\t\t\t\t\t<a href=\"tel:+41 (0)22 994 20 10\">+41 (0)22 994 20 10<\/a><br \/>\t\t\t\t\t<a href=\"mailto:marie.gandola@alice.ch\">marie.gandola@alice.ch<\/a><br \/>\t\t\t\t\t<\/div>\n\t\t\t\t\t<\/div>\n<\/div>\n\n\n\n<div class=\"wp-block-column is-layout-flow wp-block-column-is-layout-flow\" style=\"flex-basis:50%\"><\/div>\n<\/div>\n<\/div>\n","protected":false},"excerpt":{"rendered":"<p>Publications et produits Nos publications et produits soutiennent le secteur de la formation continue en Suisse. Ils peuvent \u00eatre command\u00e9s [&hellip;]<\/p>\n","protected":false},"author":2,"featured_media":20799,"parent":17422,"menu_order":186,"comment_status":"closed","ping_status":"closed","template":"","meta":{"_acf_changed":false,"inline_featured_image":false,"footnotes":""},"class_list":["post-11299","page","type-page","status-publish","has-post-thumbnail","hentry"],"acf":[],"yoast_head":"<!-- This site is optimized with the Yoast SEO plugin v27.3 - https:\/\/yoast.com\/product\/yoast-seo-wordpress\/ -->\n<title>Publications et produits - FSEA<\/title>\n<meta name=\"description\" content=\"La FSEA soutient le secteur de la formation continue en Suisse avec des publications et des produits. Les \u00e9tudes peuvent \u00eatre t\u00e9l\u00e9charg\u00e9es.\" \/>\n<meta name=\"robots\" content=\"index, follow, max-snippet:-1, max-image-preview:large, max-video-preview:-1\" \/>\n<link rel=\"canonical\" href=\"https:\/\/alice.ch\/fr\/services\/publications-et-produits\/\" \/>\n<meta property=\"og:locale\" content=\"fr_FR\" \/>\n<meta property=\"og:type\" content=\"article\" \/>\n<meta property=\"og:title\" content=\"Publications et produits - FSEA\" \/>\n<meta property=\"og:description\" content=\"La FSEA soutient le secteur de la formation continue en Suisse avec des publications et des produits. Les \u00e9tudes peuvent \u00eatre t\u00e9l\u00e9charg\u00e9es.\" \/>\n<meta property=\"og:url\" content=\"https:\/\/alice.ch\/fr\/services\/publications-et-produits\/\" \/>\n<meta property=\"og:site_name\" content=\"SVEB\" \/>\n<meta property=\"article:modified_time\" content=\"2023-12-04T13:05:06+00:00\" \/>\n<meta property=\"og:image\" content=\"https:\/\/alice.ch\/app\/uploads\/2022\/10\/datenquellen.png\" \/>\n<meta name=\"twitter:card\" content=\"summary_large_image\" \/>\n<meta name=\"twitter:label1\" content=\"Dur\u00e9e de lecture estim\u00e9e\" \/>\n\t<meta name=\"twitter:data1\" content=\"2 minutes\" \/>\n<script type=\"application\/ld+json\" class=\"yoast-schema-graph\">{\"@context\":\"https:\\\/\\\/schema.org\",\"@graph\":[{\"@type\":\"WebPage\",\"@id\":\"https:\\\/\\\/alice.ch\\\/fr\\\/services\\\/publications-et-produits\\\/\",\"url\":\"https:\\\/\\\/alice.ch\\\/fr\\\/services\\\/publications-et-produits\\\/\",\"name\":\"Publications et produits - FSEA\",\"isPartOf\":{\"@id\":\"https:\\\/\\\/alice.ch\\\/fr\\\/#website\"},\"primaryImageOfPage\":{\"@id\":\"https:\\\/\\\/alice.ch\\\/fr\\\/services\\\/publications-et-produits\\\/#primaryimage\"},\"image\":{\"@id\":\"https:\\\/\\\/alice.ch\\\/fr\\\/services\\\/publications-et-produits\\\/#primaryimage\"},\"thumbnailUrl\":\"https:\\\/\\\/alice.ch\\\/app\\\/uploads\\\/2022\\\/11\\\/default.jpg\",\"datePublished\":\"2022-08-16T14:31:32+00:00\",\"dateModified\":\"2023-12-04T13:05:06+00:00\",\"description\":\"La FSEA soutient le secteur de la formation continue en Suisse avec des publications et des produits. Les \u00e9tudes peuvent \u00eatre t\u00e9l\u00e9charg\u00e9es.\",\"breadcrumb\":{\"@id\":\"https:\\\/\\\/alice.ch\\\/fr\\\/services\\\/publications-et-produits\\\/#breadcrumb\"},\"inLanguage\":\"fr-FR\",\"potentialAction\":[{\"@type\":\"ReadAction\",\"target\":[\"https:\\\/\\\/alice.ch\\\/fr\\\/services\\\/publications-et-produits\\\/\"]}]},{\"@type\":\"ImageObject\",\"inLanguage\":\"fr-FR\",\"@id\":\"https:\\\/\\\/alice.ch\\\/fr\\\/services\\\/publications-et-produits\\\/#primaryimage\",\"url\":\"https:\\\/\\\/alice.ch\\\/app\\\/uploads\\\/2022\\\/11\\\/default.jpg\",\"contentUrl\":\"https:\\\/\\\/alice.ch\\\/app\\\/uploads\\\/2022\\\/11\\\/default.jpg\",\"width\":1600,\"height\":900},{\"@type\":\"BreadcrumbList\",\"@id\":\"https:\\\/\\\/alice.ch\\\/fr\\\/services\\\/publications-et-produits\\\/#breadcrumb\",\"itemListElement\":[{\"@type\":\"ListItem\",\"position\":1,\"name\":\"Page d'accueil\",\"item\":\"https:\\\/\\\/alice.ch\\\/fr\\\/\"},{\"@type\":\"ListItem\",\"position\":2,\"name\":\"Services\",\"item\":\"https:\\\/\\\/alice.ch\\\/fr\\\/services\\\/\"},{\"@type\":\"ListItem\",\"position\":3,\"name\":\"Publications et produits\"}]},{\"@type\":\"WebSite\",\"@id\":\"https:\\\/\\\/alice.ch\\\/fr\\\/#website\",\"url\":\"https:\\\/\\\/alice.ch\\\/fr\\\/\",\"name\":\"alice.ch (Adult Learning Information Center) ist das Portal der Weiterbildung in der Schweiz.\",\"description\":\"Schweizerischer Verband f\u00fcr Weiterbildung\",\"publisher\":{\"@id\":\"https:\\\/\\\/alice.ch\\\/fr\\\/#organization\"},\"potentialAction\":[{\"@type\":\"SearchAction\",\"target\":{\"@type\":\"EntryPoint\",\"urlTemplate\":\"https:\\\/\\\/alice.ch\\\/fr\\\/?s={search_term_string}\"},\"query-input\":{\"@type\":\"PropertyValueSpecification\",\"valueRequired\":true,\"valueName\":\"search_term_string\"}}],\"inLanguage\":\"fr-FR\"},{\"@type\":\"Organization\",\"@id\":\"https:\\\/\\\/alice.ch\\\/fr\\\/#organization\",\"name\":\"FSEA F\u00e9d\u00e9ration suisse pour la formation continue\",\"url\":\"https:\\\/\\\/alice.ch\\\/fr\\\/\",\"logo\":{\"@type\":\"ImageObject\",\"inLanguage\":\"fr-FR\",\"@id\":\"https:\\\/\\\/alice.ch\\\/fr\\\/#\\\/schema\\\/logo\\\/image\\\/\",\"url\":\"https:\\\/\\\/alice.ch\\\/app\\\/uploads\\\/2022\\\/07\\\/logo-sveb.png\",\"contentUrl\":\"https:\\\/\\\/alice.ch\\\/app\\\/uploads\\\/2022\\\/07\\\/logo-sveb.png\",\"width\":145,\"height\":64,\"caption\":\"FSEA F\u00e9d\u00e9ration suisse pour la formation continue\"},\"image\":{\"@id\":\"https:\\\/\\\/alice.ch\\\/fr\\\/#\\\/schema\\\/logo\\\/image\\\/\"},\"sameAs\":[\"https:\\\/\\\/www.linkedin.com\\\/company\\\/schweizerischer-verband-fr-weiterbildung-sveb\\\/\"]}]}<\/script>\n<!-- \/ Yoast SEO plugin. -->","yoast_head_json":{"title":"Publications et produits - FSEA","description":"La FSEA soutient le secteur de la formation continue en Suisse avec des publications et des produits. Les \u00e9tudes peuvent \u00eatre t\u00e9l\u00e9charg\u00e9es.","robots":{"index":"index","follow":"follow","max-snippet":"max-snippet:-1","max-image-preview":"max-image-preview:large","max-video-preview":"max-video-preview:-1"},"canonical":"https:\/\/alice.ch\/fr\/services\/publications-et-produits\/","og_locale":"fr_FR","og_type":"article","og_title":"Publications et produits - FSEA","og_description":"La FSEA soutient le secteur de la formation continue en Suisse avec des publications et des produits. Les \u00e9tudes peuvent \u00eatre t\u00e9l\u00e9charg\u00e9es.","og_url":"https:\/\/alice.ch\/fr\/services\/publications-et-produits\/","og_site_name":"SVEB","article_modified_time":"2023-12-04T13:05:06+00:00","og_image":[{"url":"https:\/\/alice.ch\/app\/uploads\/2022\/10\/datenquellen.png","type":"","width":"","height":""}],"twitter_card":"summary_large_image","twitter_misc":{"Dur\u00e9e de lecture estim\u00e9e":"2 minutes"},"schema":{"@context":"https:\/\/schema.org","@graph":[{"@type":"WebPage","@id":"https:\/\/alice.ch\/fr\/services\/publications-et-produits\/","url":"https:\/\/alice.ch\/fr\/services\/publications-et-produits\/","name":"Publications et produits - FSEA","isPartOf":{"@id":"https:\/\/alice.ch\/fr\/#website"},"primaryImageOfPage":{"@id":"https:\/\/alice.ch\/fr\/services\/publications-et-produits\/#primaryimage"},"image":{"@id":"https:\/\/alice.ch\/fr\/services\/publications-et-produits\/#primaryimage"},"thumbnailUrl":"https:\/\/alice.ch\/app\/uploads\/2022\/11\/default.jpg","datePublished":"2022-08-16T14:31:32+00:00","dateModified":"2023-12-04T13:05:06+00:00","description":"La FSEA soutient le secteur de la formation continue en Suisse avec des publications et des produits. Les \u00e9tudes peuvent \u00eatre t\u00e9l\u00e9charg\u00e9es.","breadcrumb":{"@id":"https:\/\/alice.ch\/fr\/services\/publications-et-produits\/#breadcrumb"},"inLanguage":"fr-FR","potentialAction":[{"@type":"ReadAction","target":["https:\/\/alice.ch\/fr\/services\/publications-et-produits\/"]}]},{"@type":"ImageObject","inLanguage":"fr-FR","@id":"https:\/\/alice.ch\/fr\/services\/publications-et-produits\/#primaryimage","url":"https:\/\/alice.ch\/app\/uploads\/2022\/11\/default.jpg","contentUrl":"https:\/\/alice.ch\/app\/uploads\/2022\/11\/default.jpg","width":1600,"height":900},{"@type":"BreadcrumbList","@id":"https:\/\/alice.ch\/fr\/services\/publications-et-produits\/#breadcrumb","itemListElement":[{"@type":"ListItem","position":1,"name":"Page d'accueil","item":"https:\/\/alice.ch\/fr\/"},{"@type":"ListItem","position":2,"name":"Services","item":"https:\/\/alice.ch\/fr\/services\/"},{"@type":"ListItem","position":3,"name":"Publications et produits"}]},{"@type":"WebSite","@id":"https:\/\/alice.ch\/fr\/#website","url":"https:\/\/alice.ch\/fr\/","name":"alice.ch (Adult Learning Information Center) ist das Portal der Weiterbildung in der Schweiz.","description":"Schweizerischer Verband f\u00fcr Weiterbildung","publisher":{"@id":"https:\/\/alice.ch\/fr\/#organization"},"potentialAction":[{"@type":"SearchAction","target":{"@type":"EntryPoint","urlTemplate":"https:\/\/alice.ch\/fr\/?s={search_term_string}"},"query-input":{"@type":"PropertyValueSpecification","valueRequired":true,"valueName":"search_term_string"}}],"inLanguage":"fr-FR"},{"@type":"Organization","@id":"https:\/\/alice.ch\/fr\/#organization","name":"FSEA F\u00e9d\u00e9ration suisse pour la formation continue","url":"https:\/\/alice.ch\/fr\/","logo":{"@type":"ImageObject","inLanguage":"fr-FR","@id":"https:\/\/alice.ch\/fr\/#\/schema\/logo\/image\/","url":"https:\/\/alice.ch\/app\/uploads\/2022\/07\/logo-sveb.png","contentUrl":"https:\/\/alice.ch\/app\/uploads\/2022\/07\/logo-sveb.png","width":145,"height":64,"caption":"FSEA F\u00e9d\u00e9ration suisse pour la formation continue"},"image":{"@id":"https:\/\/alice.ch\/fr\/#\/schema\/logo\/image\/"},"sameAs":["https:\/\/www.linkedin.com\/company\/schweizerischer-verband-fr-weiterbildung-sveb\/"]}]}},"_links":{"self":[{"href":"https:\/\/alice.ch\/fr\/wp-json\/wp\/v2\/pages\/11299","targetHints":{"allow":["GET"]}}],"collection":[{"href":"https:\/\/alice.ch\/fr\/wp-json\/wp\/v2\/pages"}],"about":[{"href":"https:\/\/alice.ch\/fr\/wp-json\/wp\/v2\/types\/page"}],"author":[{"embeddable":true,"href":"https:\/\/alice.ch\/fr\/wp-json\/wp\/v2\/users\/2"}],"replies":[{"embeddable":true,"href":"https:\/\/alice.ch\/fr\/wp-json\/wp\/v2\/comments?post=11299"}],"version-history":[{"count":32,"href":"https:\/\/alice.ch\/fr\/wp-json\/wp\/v2\/pages\/11299\/revisions"}],"predecessor-version":[{"id":56335,"href":"https:\/\/alice.ch\/fr\/wp-json\/wp\/v2\/pages\/11299\/revisions\/56335"}],"up":[{"embeddable":true,"href":"https:\/\/alice.ch\/fr\/wp-json\/wp\/v2\/pages\/17422"}],"wp:featuredmedia":[{"embeddable":true,"href":"https:\/\/alice.ch\/fr\/wp-json\/wp\/v2\/media\/20799"}],"wp:attachment":[{"href":"https:\/\/alice.ch\/fr\/wp-json\/wp\/v2\/media?parent=11299"}],"curies":[{"name":"wp","href":"https:\/\/api.w.org\/{rel}","templated":true}]}}