{"id":11308,"date":"2022-10-12T12:14:34","date_gmt":"2022-10-12T10:14:34","guid":{"rendered":"https:\/\/projects.atxeit.ch\/sveb\/publikationen-und-produkte__trashed\/bildungspass\/"},"modified":"2026-01-07T14:12:16","modified_gmt":"2026-01-07T13:12:16","slug":"livret-de-formation","status":"publish","type":"page","link":"https:\/\/alice.ch\/fr\/services\/publications-et-produits\/livret-de-formation\/","title":{"rendered":"Livret de formation"},"content":{"rendered":"\n<div class=\"wp-block-group is-style-reduced-width is-layout-flow wp-block-group-is-layout-flow\">\n<h1 class=\"wp-block-heading\">Mettez vos comp\u00e9tences en \u00e9vidence \u2013 avec le livret de formation<\/h1>\n\n\n\n<p class=\"is-style-lead\">Le livret de formation est un justificatif de votre formation continue. Il donne un aper\u00e7u d\u2019ensemble des comp\u00e9tences et qualifications acquises.<\/p>\n\n\n\n<div class=\"wp-block-columns is-layout-flex wp-container-core-columns-is-layout-28f84493 wp-block-columns-is-layout-flex\">\n<div class=\"wp-block-column is-layout-flow wp-block-column-is-layout-flow\" style=\"flex-basis:33.33%\">\n<figure class=\"wp-block-image size-full is-resized\"><img decoding=\"async\" width=\"986\" height=\"1384\" src=\"https:\/\/alice.ch\/app\/uploads\/2023\/01\/Bildungspass.png\" alt=\"\" class=\"wp-image-41123\" style=\"width:237px;height:auto\" srcset=\"https:\/\/alice.ch\/app\/uploads\/2023\/01\/Bildungspass.png 986w, https:\/\/alice.ch\/app\/uploads\/2023\/01\/Bildungspass-214x300.png 214w, https:\/\/alice.ch\/app\/uploads\/2023\/01\/Bildungspass-730x1024.png 730w, https:\/\/alice.ch\/app\/uploads\/2023\/01\/Bildungspass-768x1078.png 768w\" sizes=\"(max-width: 986px) 100vw, 986px\" \/><\/figure>\n<\/div>\n\n\n\n<div class=\"wp-block-column is-layout-flow wp-block-column-is-layout-flow\" style=\"flex-basis:66.66%\">\n<p>Vous pouvez y inscrire et faire attester par l\u2019institution responsable les activit\u00e9s suivantes :<\/p>\n\n\n\n<ul class=\"wp-block-list\">\n<li>formations, cours et modules suivis, certifications acquises<\/li>\n\n\n\n<li>stages, travail b\u00e9n\u00e9vole<\/li>\n\n\n\n<li>formations continues internes, ateliers ou cours d\u2019apprentissage autonome<\/li>\n\n\n\n<li>s\u00e9jours \u00e0 l\u2019\u00e9tranger \u00e0 des fins d\u2019apprentissage et de formation<\/li>\n<\/ul>\n\n\n\n<p>L\u2019institution r\u00e9alisant la formation inscrite certifie la participation r\u00e9guli\u00e8re avec son cachet et sa signature. Le livret de formation donne ainsi aux employ\u00e9s comme \u00e0 l\u2019entreprise un aper\u00e7u compact de l\u2019\u00e9volution des activit\u00e9s individuelles de formation continue.<\/p>\n\n\n\n<p>Le livret de formation reste en possession de son\/sa titulaire. Il peut \u00eatre utilis\u00e9 aupr\u00e8s de tous les prestataires de formation ainsi que pour des formations internes d\u2019entreprise, en Suisse comme \u00e0 l\u2019\u00e9tranger.<\/p>\n\n\n\n<p><\/p>\n<\/div>\n<\/div>\n\n\n\n<h2 class=\"wp-block-heading\">Prix<\/h2>\n\n\n\n<figure class=\"wp-block-table\"><table><tbody><tr><td><strong>Format<\/strong><\/td><td><strong>A6<\/strong><\/td><\/tr><tr><td><strong>Contenu<\/strong><\/td><td>36 pages<\/td><\/tr><tr><td><strong>Prix r\u00e9duit<\/strong><br>(8.1% TVA inclus, port et frais d&#8217;emballage exclus)<\/td><td>Prix unitaire: CHF 6.00<br><br>d\u00e8s 20 ex.: CHF 5.40<br>d\u00e8s\u00a0100 ex.: CHF 4.80<br>d\u00e8s\u00a0500 ex.: CHF 4.20<br>d\u00e8s 1000 ex.: CHF 3.60<\/td><\/tr><\/tbody><\/table><\/figure>\n\n\n\n<div class=\"wp-block-group is-style-run-to-edge has-primary-background-color has-background is-layout-flow wp-block-group-is-layout-flow\">\n<p class=\"has-large-font-size\"><strong>Livret de formation pour entreprises et prestataires<\/strong><\/p>\n\n\n\n<p class=\"is-style-lead has-background-color has-text-color has-medium-font-size\">Les employeurs et les prestataires de formation ont la possibilit\u00e9 de doter le livret de formation de leur logo.<\/p>\n<\/div>\n\n\n\n<p><br>Le livret de formation; le cadeau publicitaire id\u00e9al pour vos clients!<\/p>\n\n\n\n<h2 class=\"wp-block-heading\">Commande<\/h2>\n\n\n\n<div class=\"wp-block-contact-form-7-contact-form-selector\">\n<div class=\"wpcf7 no-js\" id=\"wpcf7-f41134-o1\" lang=\"de-DE\" dir=\"ltr\" data-wpcf7-id=\"41134\">\n<div class=\"screen-reader-response\"><p role=\"status\" aria-live=\"polite\" aria-atomic=\"true\"><\/p> <ul><\/ul><\/div>\n<form action=\"\/fr\/wp-json\/wp\/v2\/pages\/11308#wpcf7-f41134-o1\" method=\"post\" class=\"wpcf7-form init\" aria-label=\"Kontaktformular\" novalidate=\"novalidate\" data-status=\"init\">\n<fieldset class=\"hidden-fields-container\"><input type=\"hidden\" name=\"_wpcf7\" value=\"41134\" \/><input type=\"hidden\" name=\"_wpcf7_version\" value=\"6.1.5\" \/><input type=\"hidden\" name=\"_wpcf7_locale\" value=\"de_DE\" \/><input type=\"hidden\" name=\"_wpcf7_unit_tag\" value=\"wpcf7-f41134-o1\" \/><input type=\"hidden\" name=\"_wpcf7_container_post\" value=\"0\" \/><input type=\"hidden\" name=\"_wpcf7_posted_data_hash\" value=\"\" \/>\n<\/fieldset>\n<p><label>Quantit\u00e9*<br \/>\n<span class=\"wpcf7-form-control-wrap\" data-name=\"Anzahl\"><input size=\"40\" maxlength=\"400\" class=\"wpcf7-form-control wpcf7-text wpcf7-validates-as-required\" aria-required=\"true\" aria-invalid=\"false\" placeholder=\"1\" value=\"\" type=\"text\" name=\"Anzahl\" \/><\/span><br \/>\n<\/label><br \/>\n<label>Organisation<br \/>\n<span class=\"wpcf7-form-control-wrap\" data-name=\"your-organisation\"><input size=\"40\" maxlength=\"400\" class=\"wpcf7-form-control wpcf7-text\" aria-invalid=\"false\" placeholder=\"Votre organisation\" value=\"\" type=\"text\" name=\"your-organisation\" \/><\/span><\/label><br \/>\n<label>Salutation*<br \/>\n<span class=\"wpcf7-form-control-wrap\" data-name=\"salutation\"><input size=\"40\" maxlength=\"400\" class=\"wpcf7-form-control wpcf7-text wpcf7-validates-as-required\" aria-required=\"true\" aria-invalid=\"false\" placeholder=\"Madame\" value=\"\" type=\"text\" name=\"salutation\" \/><\/span><br \/>\n<\/label><br \/>\n<label>Pr\u00e9nom*<br \/>\n<span class=\"wpcf7-form-control-wrap\" data-name=\"your-forename\"><input size=\"40\" maxlength=\"400\" class=\"wpcf7-form-control wpcf7-text wpcf7-validates-as-required\" aria-required=\"true\" aria-invalid=\"false\" placeholder=\"Petra\" value=\"\" type=\"text\" name=\"your-forename\" \/><\/span><\/label><br \/>\n<label>Nom de famille*<br \/>\n<span class=\"wpcf7-form-control-wrap\" data-name=\"your-name\"><input size=\"40\" maxlength=\"400\" class=\"wpcf7-form-control wpcf7-text wpcf7-validates-as-required\" aria-required=\"true\" aria-invalid=\"false\" placeholder=\"Muster\" value=\"\" type=\"text\" name=\"your-name\" \/><\/span><\/label><br \/>\n<label>Rue et no.<br \/>\n<span class=\"wpcf7-form-control-wrap\" data-name=\"Strasse\"><input size=\"40\" maxlength=\"400\" class=\"wpcf7-form-control wpcf7-text\" aria-invalid=\"false\" placeholder=\"Rue de Gen\u00e8ve 88b\" value=\"\" type=\"text\" name=\"Strasse\" \/><\/span><\/label><br \/>\n<label>NPA et lieu<br \/>\n<span class=\"wpcf7-form-control-wrap\" data-name=\"PLZ\"><input size=\"40\" maxlength=\"400\" class=\"wpcf7-form-control wpcf7-text\" aria-invalid=\"false\" placeholder=\"1004 Lausanne\" value=\"\" type=\"text\" name=\"PLZ\" \/><\/span><\/label><br \/>\n<label>T\u00e9l\u00e9phone*<br \/>\n<span class=\"wpcf7-form-control-wrap\" data-name=\"tel-203\"><input size=\"40\" maxlength=\"400\" class=\"wpcf7-form-control wpcf7-tel wpcf7-validates-as-required wpcf7-text wpcf7-validates-as-tel\" aria-required=\"true\" aria-invalid=\"false\" placeholder=\"+41 (0)44 319 71 71\" value=\"\" type=\"tel\" name=\"tel-203\" \/><\/span><\/label><br \/>\n<label>Adresse \u00e9lectronique*<br \/>\n<span class=\"wpcf7-form-control-wrap\" data-name=\"your-email\"><input size=\"40\" maxlength=\"400\" class=\"wpcf7-form-control wpcf7-email wpcf7-validates-as-required wpcf7-text wpcf7-validates-as-email\" aria-required=\"true\" aria-invalid=\"false\" placeholder=\"petra.muster@alice.ch\" value=\"\" type=\"email\" name=\"your-email\" \/><\/span> <\/label><br \/>\n<label>Destinataire de la facture*<\/label><br \/>\n<span class=\"wpcf7-form-control-wrap\" data-name=\"radio-219\"><span class=\"wpcf7-form-control wpcf7-radio\"><span class=\"wpcf7-list-item first\"><label><input type=\"radio\" name=\"radio-219\" value=\"Facture \u00e0 l&#039;adresse ci-dessus\" checked=\"checked\" \/><span class=\"wpcf7-list-item-label\">Facture \u00e0 l&#039;adresse ci-dessus<\/span><\/label><\/span><span class=\"wpcf7-list-item last\"><label><input type=\"radio\" name=\"radio-219\" value=\"Facture \u00e0 l&#039;adresse suivante\" \/><span class=\"wpcf7-list-item-label\">Facture \u00e0 l&#039;adresse suivante<\/span><\/label><\/span><\/span><\/span>\n<\/p>\n<p><label>Adresse de facturation<br \/>\n<span class=\"wpcf7-form-control-wrap\" data-name=\"Rechnungsadresse\"><input size=\"40\" maxlength=\"400\" class=\"wpcf7-form-control wpcf7-text\" aria-invalid=\"false\" placeholder=\"\" value=\"\" type=\"text\" name=\"Rechnungsadresse\" \/><\/span><\/label><br \/>\n<label>Votre commentaire (optional)<br \/>\n<span class=\"wpcf7-form-control-wrap\" data-name=\"your-message\"><textarea cols=\"40\" rows=\"10\" maxlength=\"2000\" class=\"wpcf7-form-control wpcf7-textarea\" aria-invalid=\"false\" placeholder=\"Votre commentaire\" name=\"your-message\"><\/textarea><\/span> <\/label><br \/>\n<span class=\"wpcf7-form-control-wrap\" data-name=\"checkbox-911\"><span class=\"wpcf7-form-control wpcf7-checkbox\"><span class=\"wpcf7-list-item first last\"><label><input type=\"checkbox\" name=\"checkbox-911[]\" value=\"Je suis membre de la FSEA.\" \/><span class=\"wpcf7-list-item-label\">Je suis membre de la FSEA.<\/span><\/label><\/span><\/span><\/span>\n<\/p>\n<p><span id=\"wpcf7-69e1c9872a3b4-wrapper\" class=\"wpcf7-form-control-wrap honeypot-837-wrap\" style=\"display:none !important; visibility:hidden !important;\"><label for=\"wpcf7-69e1c9872a3b4-field\" class=\"hp-message\">Bitte lasse dieses Feld leer.<\/label><input id=\"wpcf7-69e1c9872a3b4-field\"  class=\"wpcf7-form-control wpcf7-text\" type=\"text\" name=\"honeypot-837\" value=\"\" size=\"40\" tabindex=\"-1\" autocomplete=\"new-password\" \/><\/span>\n<\/p>\n<p><input class=\"wpcf7-form-control wpcf7-submit has-spinner\" type=\"submit\" value=\"Commander\" \/><br \/>\n*Champs obligatoires\n<\/p><div class=\"cf7-cookie-message\" style=\"margin-top:1em;color:#000;\">Merci d\u2019accepter les cookies afin de pouvoir soumettre le formulaire.<\/div><div class=\"wpcf7-response-output\" aria-hidden=\"true\"><\/div>\n<\/form>\n<\/div>\n<\/div>\n\n\n\n<h2 class=\"wp-block-heading\">Tirage et langues<\/h2>\n\n\n\n<p>En 1978, la FSEA a publi\u00e9 pour la premi\u00e8re fois un \u00ab\u00a0livret d&rsquo;\u00e9ducation\u00a0\u00bb pour permettre aux participants de consigner les cours qu&rsquo;ils ont suivis sous une forme compacte. Depuis lors, environ un million de livrets de formation ont \u00e9t\u00e9 vendus dans tout le pays.<\/p>\n\n\n\n<p>Le livret rouge est connu dans toute la Suisse et tr\u00e8s bien accueilli par les prestataires de formation. Il est propos\u00e9 en version trilingue (allemand\/fran\u00e7ais\/italien) et garde ainsi toute son utilit\u00e9 m\u00eame en cas de changement de r\u00e9gion linguistique.<\/p>\n\n\n\n<h2 class=\"wp-block-heading\">Contact annonces publicitaires <\/h2>\n\n\n\n<div class=\"wp-block-columns is-layout-flex wp-container-core-columns-is-layout-28f84493 wp-block-columns-is-layout-flex\">\n<div class=\"wp-block-column is-layout-flow wp-block-column-is-layout-flow\" style=\"flex-basis:50%\"><div class=\"contact-persons\">\n\n\t\t\t\t\t<div class=\"contact-person\">\n\t\t\t\t\tMichelle Mathys<br \/>\t\t\t\t\tResponsable du domaine marketing<br \/>\t\t\t\t\t<br \/>\n\t\t\t\t\t\t\t\t\t\t<a href=\"tel:+41 (0)44 319 71 55\">+41 (0)44 319 71 55<\/a><br \/>\t\t\t\t\t<a href=\"mailto:michelle.mathys@alice.ch\">michelle.mathys@alice.ch<\/a><br \/>\t\t\t\t\t<\/div>\n\t\t\t\t\t<\/div>\n<\/div>\n\n\n\n<div class=\"wp-block-column is-layout-flow wp-block-column-is-layout-flow\" style=\"flex-basis:50%\"><\/div>\n<\/div>\n<\/div>\n","protected":false},"excerpt":{"rendered":"<p>Mettez vos comp\u00e9tences en \u00e9vidence \u2013 avec le livret de formation Le livret de formation est un justificatif de votre [&hellip;]<\/p>\n","protected":false},"author":4,"featured_media":20799,"parent":11299,"menu_order":184,"comment_status":"closed","ping_status":"closed","template":"","meta":{"_acf_changed":false,"inline_featured_image":false,"footnotes":""},"class_list":["post-11308","page","type-page","status-publish","has-post-thumbnail","hentry"],"acf":[],"yoast_head":"<!-- This site is optimized with the Yoast SEO plugin v27.3 - https:\/\/yoast.com\/product\/yoast-seo-wordpress\/ -->\n<title>Livret de formation - FSEA<\/title>\n<meta name=\"description\" content=\"Le livret de formation est une preuve de votre formation continue. Il donne un aper\u00e7u des comp\u00e9tences et des qualifications acquises.\" \/>\n<meta name=\"robots\" content=\"index, follow, max-snippet:-1, max-image-preview:large, max-video-preview:-1\" \/>\n<link rel=\"canonical\" href=\"https:\/\/alice.ch\/fr\/services\/publications-et-produits\/livret-de-formation\/\" \/>\n<meta property=\"og:locale\" content=\"fr_FR\" \/>\n<meta property=\"og:type\" content=\"article\" \/>\n<meta property=\"og:title\" content=\"Livret de formation - FSEA\" \/>\n<meta property=\"og:description\" content=\"Le livret de formation est une preuve de votre formation continue. Il donne un aper\u00e7u des comp\u00e9tences et des qualifications acquises.\" \/>\n<meta property=\"og:url\" content=\"https:\/\/alice.ch\/fr\/services\/publications-et-produits\/livret-de-formation\/\" \/>\n<meta property=\"og:site_name\" content=\"SVEB\" \/>\n<meta property=\"article:modified_time\" content=\"2026-01-07T13:12:16+00:00\" \/>\n<meta property=\"og:image\" content=\"https:\/\/alice.ch\/app\/uploads\/2023\/01\/Bildungspass.png\" \/>\n\t<meta property=\"og:image:width\" content=\"986\" \/>\n\t<meta property=\"og:image:height\" content=\"1384\" \/>\n\t<meta property=\"og:image:type\" content=\"image\/png\" \/>\n<meta name=\"twitter:card\" content=\"summary_large_image\" \/>\n<meta name=\"twitter:label1\" content=\"Dur\u00e9e de lecture estim\u00e9e\" \/>\n\t<meta name=\"twitter:data1\" content=\"2 minutes\" \/>\n<script type=\"application\/ld+json\" class=\"yoast-schema-graph\">{\"@context\":\"https:\\\/\\\/schema.org\",\"@graph\":[{\"@type\":\"WebPage\",\"@id\":\"https:\\\/\\\/alice.ch\\\/fr\\\/services\\\/publications-et-produits\\\/livret-de-formation\\\/\",\"url\":\"https:\\\/\\\/alice.ch\\\/fr\\\/services\\\/publications-et-produits\\\/livret-de-formation\\\/\",\"name\":\"Livret de formation - FSEA\",\"isPartOf\":{\"@id\":\"https:\\\/\\\/alice.ch\\\/fr\\\/#website\"},\"primaryImageOfPage\":{\"@id\":\"https:\\\/\\\/alice.ch\\\/fr\\\/services\\\/publications-et-produits\\\/livret-de-formation\\\/#primaryimage\"},\"image\":{\"@id\":\"https:\\\/\\\/alice.ch\\\/fr\\\/services\\\/publications-et-produits\\\/livret-de-formation\\\/#primaryimage\"},\"thumbnailUrl\":\"https:\\\/\\\/alice.ch\\\/app\\\/uploads\\\/2022\\\/11\\\/default.jpg\",\"datePublished\":\"2022-10-12T10:14:34+00:00\",\"dateModified\":\"2026-01-07T13:12:16+00:00\",\"description\":\"Le livret de formation est une preuve de votre formation continue. Il donne un aper\u00e7u des comp\u00e9tences et des qualifications acquises.\",\"breadcrumb\":{\"@id\":\"https:\\\/\\\/alice.ch\\\/fr\\\/services\\\/publications-et-produits\\\/livret-de-formation\\\/#breadcrumb\"},\"inLanguage\":\"fr-FR\",\"potentialAction\":[{\"@type\":\"ReadAction\",\"target\":[\"https:\\\/\\\/alice.ch\\\/fr\\\/services\\\/publications-et-produits\\\/livret-de-formation\\\/\"]}]},{\"@type\":\"ImageObject\",\"inLanguage\":\"fr-FR\",\"@id\":\"https:\\\/\\\/alice.ch\\\/fr\\\/services\\\/publications-et-produits\\\/livret-de-formation\\\/#primaryimage\",\"url\":\"https:\\\/\\\/alice.ch\\\/app\\\/uploads\\\/2022\\\/11\\\/default.jpg\",\"contentUrl\":\"https:\\\/\\\/alice.ch\\\/app\\\/uploads\\\/2022\\\/11\\\/default.jpg\",\"width\":1600,\"height\":900},{\"@type\":\"BreadcrumbList\",\"@id\":\"https:\\\/\\\/alice.ch\\\/fr\\\/services\\\/publications-et-produits\\\/livret-de-formation\\\/#breadcrumb\",\"itemListElement\":[{\"@type\":\"ListItem\",\"position\":1,\"name\":\"Page d'accueil\",\"item\":\"https:\\\/\\\/alice.ch\\\/fr\\\/\"},{\"@type\":\"ListItem\",\"position\":2,\"name\":\"Services\",\"item\":\"https:\\\/\\\/alice.ch\\\/fr\\\/services\\\/\"},{\"@type\":\"ListItem\",\"position\":3,\"name\":\"Publications et produits\",\"item\":\"https:\\\/\\\/alice.ch\\\/fr\\\/services\\\/publications-et-produits\\\/\"},{\"@type\":\"ListItem\",\"position\":4,\"name\":\"Livret de formation\"}]},{\"@type\":\"WebSite\",\"@id\":\"https:\\\/\\\/alice.ch\\\/fr\\\/#website\",\"url\":\"https:\\\/\\\/alice.ch\\\/fr\\\/\",\"name\":\"alice.ch (Adult Learning Information Center) ist das Portal der Weiterbildung in der Schweiz.\",\"description\":\"Schweizerischer Verband f\u00fcr Weiterbildung\",\"publisher\":{\"@id\":\"https:\\\/\\\/alice.ch\\\/fr\\\/#organization\"},\"potentialAction\":[{\"@type\":\"SearchAction\",\"target\":{\"@type\":\"EntryPoint\",\"urlTemplate\":\"https:\\\/\\\/alice.ch\\\/fr\\\/?s={search_term_string}\"},\"query-input\":{\"@type\":\"PropertyValueSpecification\",\"valueRequired\":true,\"valueName\":\"search_term_string\"}}],\"inLanguage\":\"fr-FR\"},{\"@type\":\"Organization\",\"@id\":\"https:\\\/\\\/alice.ch\\\/fr\\\/#organization\",\"name\":\"FSEA F\u00e9d\u00e9ration suisse pour la formation continue\",\"url\":\"https:\\\/\\\/alice.ch\\\/fr\\\/\",\"logo\":{\"@type\":\"ImageObject\",\"inLanguage\":\"fr-FR\",\"@id\":\"https:\\\/\\\/alice.ch\\\/fr\\\/#\\\/schema\\\/logo\\\/image\\\/\",\"url\":\"https:\\\/\\\/alice.ch\\\/app\\\/uploads\\\/2022\\\/07\\\/logo-sveb.png\",\"contentUrl\":\"https:\\\/\\\/alice.ch\\\/app\\\/uploads\\\/2022\\\/07\\\/logo-sveb.png\",\"width\":145,\"height\":64,\"caption\":\"FSEA F\u00e9d\u00e9ration suisse pour la formation continue\"},\"image\":{\"@id\":\"https:\\\/\\\/alice.ch\\\/fr\\\/#\\\/schema\\\/logo\\\/image\\\/\"},\"sameAs\":[\"https:\\\/\\\/www.linkedin.com\\\/company\\\/schweizerischer-verband-fr-weiterbildung-sveb\\\/\"]}]}<\/script>\n<!-- \/ Yoast SEO plugin. -->","yoast_head_json":{"title":"Livret de formation - FSEA","description":"Le livret de formation est une preuve de votre formation continue. Il donne un aper\u00e7u des comp\u00e9tences et des qualifications acquises.","robots":{"index":"index","follow":"follow","max-snippet":"max-snippet:-1","max-image-preview":"max-image-preview:large","max-video-preview":"max-video-preview:-1"},"canonical":"https:\/\/alice.ch\/fr\/services\/publications-et-produits\/livret-de-formation\/","og_locale":"fr_FR","og_type":"article","og_title":"Livret de formation - FSEA","og_description":"Le livret de formation est une preuve de votre formation continue. Il donne un aper\u00e7u des comp\u00e9tences et des qualifications acquises.","og_url":"https:\/\/alice.ch\/fr\/services\/publications-et-produits\/livret-de-formation\/","og_site_name":"SVEB","article_modified_time":"2026-01-07T13:12:16+00:00","og_image":[{"width":986,"height":1384,"url":"https:\/\/alice.ch\/app\/uploads\/2023\/01\/Bildungspass.png","type":"image\/png"}],"twitter_card":"summary_large_image","twitter_misc":{"Dur\u00e9e de lecture estim\u00e9e":"2 minutes"},"schema":{"@context":"https:\/\/schema.org","@graph":[{"@type":"WebPage","@id":"https:\/\/alice.ch\/fr\/services\/publications-et-produits\/livret-de-formation\/","url":"https:\/\/alice.ch\/fr\/services\/publications-et-produits\/livret-de-formation\/","name":"Livret de formation - FSEA","isPartOf":{"@id":"https:\/\/alice.ch\/fr\/#website"},"primaryImageOfPage":{"@id":"https:\/\/alice.ch\/fr\/services\/publications-et-produits\/livret-de-formation\/#primaryimage"},"image":{"@id":"https:\/\/alice.ch\/fr\/services\/publications-et-produits\/livret-de-formation\/#primaryimage"},"thumbnailUrl":"https:\/\/alice.ch\/app\/uploads\/2022\/11\/default.jpg","datePublished":"2022-10-12T10:14:34+00:00","dateModified":"2026-01-07T13:12:16+00:00","description":"Le livret de formation est une preuve de votre formation continue. Il donne un aper\u00e7u des comp\u00e9tences et des qualifications acquises.","breadcrumb":{"@id":"https:\/\/alice.ch\/fr\/services\/publications-et-produits\/livret-de-formation\/#breadcrumb"},"inLanguage":"fr-FR","potentialAction":[{"@type":"ReadAction","target":["https:\/\/alice.ch\/fr\/services\/publications-et-produits\/livret-de-formation\/"]}]},{"@type":"ImageObject","inLanguage":"fr-FR","@id":"https:\/\/alice.ch\/fr\/services\/publications-et-produits\/livret-de-formation\/#primaryimage","url":"https:\/\/alice.ch\/app\/uploads\/2022\/11\/default.jpg","contentUrl":"https:\/\/alice.ch\/app\/uploads\/2022\/11\/default.jpg","width":1600,"height":900},{"@type":"BreadcrumbList","@id":"https:\/\/alice.ch\/fr\/services\/publications-et-produits\/livret-de-formation\/#breadcrumb","itemListElement":[{"@type":"ListItem","position":1,"name":"Page d'accueil","item":"https:\/\/alice.ch\/fr\/"},{"@type":"ListItem","position":2,"name":"Services","item":"https:\/\/alice.ch\/fr\/services\/"},{"@type":"ListItem","position":3,"name":"Publications et produits","item":"https:\/\/alice.ch\/fr\/services\/publications-et-produits\/"},{"@type":"ListItem","position":4,"name":"Livret de formation"}]},{"@type":"WebSite","@id":"https:\/\/alice.ch\/fr\/#website","url":"https:\/\/alice.ch\/fr\/","name":"alice.ch (Adult Learning Information Center) ist das Portal der Weiterbildung in der Schweiz.","description":"Schweizerischer Verband f\u00fcr Weiterbildung","publisher":{"@id":"https:\/\/alice.ch\/fr\/#organization"},"potentialAction":[{"@type":"SearchAction","target":{"@type":"EntryPoint","urlTemplate":"https:\/\/alice.ch\/fr\/?s={search_term_string}"},"query-input":{"@type":"PropertyValueSpecification","valueRequired":true,"valueName":"search_term_string"}}],"inLanguage":"fr-FR"},{"@type":"Organization","@id":"https:\/\/alice.ch\/fr\/#organization","name":"FSEA F\u00e9d\u00e9ration suisse pour la formation continue","url":"https:\/\/alice.ch\/fr\/","logo":{"@type":"ImageObject","inLanguage":"fr-FR","@id":"https:\/\/alice.ch\/fr\/#\/schema\/logo\/image\/","url":"https:\/\/alice.ch\/app\/uploads\/2022\/07\/logo-sveb.png","contentUrl":"https:\/\/alice.ch\/app\/uploads\/2022\/07\/logo-sveb.png","width":145,"height":64,"caption":"FSEA F\u00e9d\u00e9ration suisse pour la formation continue"},"image":{"@id":"https:\/\/alice.ch\/fr\/#\/schema\/logo\/image\/"},"sameAs":["https:\/\/www.linkedin.com\/company\/schweizerischer-verband-fr-weiterbildung-sveb\/"]}]}},"_links":{"self":[{"href":"https:\/\/alice.ch\/fr\/wp-json\/wp\/v2\/pages\/11308","targetHints":{"allow":["GET"]}}],"collection":[{"href":"https:\/\/alice.ch\/fr\/wp-json\/wp\/v2\/pages"}],"about":[{"href":"https:\/\/alice.ch\/fr\/wp-json\/wp\/v2\/types\/page"}],"author":[{"embeddable":true,"href":"https:\/\/alice.ch\/fr\/wp-json\/wp\/v2\/users\/4"}],"replies":[{"embeddable":true,"href":"https:\/\/alice.ch\/fr\/wp-json\/wp\/v2\/comments?post=11308"}],"version-history":[{"count":40,"href":"https:\/\/alice.ch\/fr\/wp-json\/wp\/v2\/pages\/11308\/revisions"}],"predecessor-version":[{"id":72848,"href":"https:\/\/alice.ch\/fr\/wp-json\/wp\/v2\/pages\/11308\/revisions\/72848"}],"up":[{"embeddable":true,"href":"https:\/\/alice.ch\/fr\/wp-json\/wp\/v2\/pages\/11299"}],"wp:featuredmedia":[{"embeddable":true,"href":"https:\/\/alice.ch\/fr\/wp-json\/wp\/v2\/media\/20799"}],"wp:attachment":[{"href":"https:\/\/alice.ch\/fr\/wp-json\/wp\/v2\/media?parent=11308"}],"curies":[{"name":"wp","href":"https:\/\/api.w.org\/{rel}","templated":true}]}}