{"id":11310,"date":"2022-08-16T16:56:19","date_gmt":"2022-08-16T14:56:19","guid":{"rendered":"https:\/\/projects.atxeit.ch\/sveb\/kursportal-weiterbildung-swiss\/"},"modified":"2023-12-01T16:23:10","modified_gmt":"2023-12-01T15:23:10","slug":"portail-de-cours-formationcontinue-swiss","status":"publish","type":"page","link":"https:\/\/alice.ch\/fr\/services\/portail-de-cours-formationcontinue-swiss\/","title":{"rendered":"Portail de cours formationcontinue.swiss"},"content":{"rendered":"\n<div class=\"wp-block-group is-style-reduced-width is-layout-flow wp-block-group-is-layout-flow\">\n<h1 class=\"wp-block-heading\">Comparer les cours sur formationcontinue.swiss<\/h1>\n\n\n\n<p class=\"is-style-lead\">formationcontinue.swiss&nbsp;est la seule base de donn\u00e9es de cours de la Suisse o\u00f9 les personnes int\u00e9ress\u00e9es par la formation continue peuvent comparer les offres directement entre elles.<\/p>\n\n\n\n<p>Il est possible de comparer non seulement le prix ou la date de d\u00e9but, mais aussi des informations sur le contenu, les objectifs, le dipl\u00f4me ou le titre \u00e0 obtenir. Cette comparabilit\u00e9 permet aux personnes int\u00e9ress\u00e9es par la formation continue de d\u00e9cider plus facilement quel cours leur convient le mieux. L&rsquo;offre comprend plus de 35&rsquo;000 cours pour les loisirs ou la promotion professionnelle.&nbsp;<\/p>\n\n\n\n<div class=\"wp-block-buttons is-layout-flex wp-block-buttons-is-layout-flex\">\n<div class=\"wp-block-button has-custom-width wp-block-button__width-50 is-style-outline is-style-outline--1\"><a class=\"wp-block-button__link wp-element-button\" href=\"https:\/\/www.formationcontinue.swiss\/?content=Kurspublikation&amp;=fr\" target=\"_blank\" rel=\"noreferrer noopener\">Publier des cours<\/a><\/div>\n<\/div>\n\n\n\n<h2 class=\"wp-block-heading\">Plus d&rsquo;informations de qualit\u00e9 pour les annonces de cours<\/h2>\n\n\n\n<p>La recherche d&rsquo;une formation continue appropri\u00e9e n&rsquo;est pas devenue plus simple malgr\u00e9 les moteurs de recherche et des plate-formes en ligne. Non seulement il est difficile de comparer les offres, mais l&rsquo;information pertinente n\u00e9cessaire pour prendre une d\u00e9cision peut \u00e9galement \u00eatre difficile \u00e0 d\u00e9terminer dans le cadre d\u2019une recherche d\u2019offres de formation en ligne. C&rsquo;est pourquoi la FSEA, en collaboration avec des experts en formation, a d\u00e9fini des crit\u00e8res pour la qualit\u00e9 de l&rsquo;information dans les offres de cours. De cette fa\u00e7on, il sera plus facile pour les personnes int\u00e9ress\u00e9es par le cours de trouver les informations importantes.<\/p>\n\n\n\n<div class=\"wp-block-columns is-layout-flex wp-container-core-columns-is-layout-28f84493 wp-block-columns-is-layout-flex\">\n<div class=\"wp-block-column is-layout-flow wp-block-column-is-layout-flow\" style=\"flex-basis:50%\">\n<div class=\"wp-block-file\"><a id=\"wp-block-file--media-55047da4-5e21-4de7-b775-22e9233e6a83\" href=\"https:\/\/alice.ch\/app\/uploads\/2022\/11\/Annonce_de_cours_transparente_Transparente_Kursausschreibung_FR_01.pdf\" target=\"_blank\" rel=\"noreferrer noopener\">Crit\u00e8res pour des annonces de cours transparentes<br \/>PDF &#8211; 64 kb<\/a><a href=\"https:\/\/alice.ch\/app\/uploads\/2022\/11\/Annonce_de_cours_transparente_Transparente_Kursausschreibung_FR_01.pdf\" class=\"wp-block-file__button wp-element-button\" download aria-describedby=\"wp-block-file--media-55047da4-5e21-4de7-b775-22e9233e6a83\">Herunterladen<br \/>PDF &#8211; 64 kb<\/a><\/div>\n<\/div>\n\n\n\n<div class=\"wp-block-column is-layout-flow wp-block-column-is-layout-flow\" style=\"flex-basis:50%\"><\/div>\n<\/div>\n\n\n\n<h2 class=\"wp-block-heading\">Contact<\/h2>\n\n\n\n<div class=\"wp-block-columns is-layout-flex wp-container-core-columns-is-layout-28f84493 wp-block-columns-is-layout-flex\">\n<div class=\"wp-block-column is-layout-flow wp-block-column-is-layout-flow\" style=\"flex-basis:50%\"><div class=\"contact-persons\">\n\n\t\t\t\t\t<div class=\"contact-person\">\n\t\t\t\t\tDaniel Meister<br \/>\t\t\t\t\tCollaborateur marketing et \u00e9v\u00e9nements<br \/>\t\t\t\t\t<br \/>\n\t\t\t\t\t\t\t\t\t\t<a href=\"tel:+41 (0)44 319 71 77\">+41 (0)44 319 71 77<\/a><br \/>\t\t\t\t\t<a href=\"mailto:daniel.meister@alice.ch\">daniel.meister@alice.ch<\/a><br \/>\t\t\t\t\t<\/div>\n\t\t\t\t\t<\/div>\n<\/div>\n\n\n\n<div class=\"wp-block-column is-layout-flow wp-block-column-is-layout-flow\" style=\"flex-basis:50%\"><\/div>\n<\/div>\n<\/div>\n","protected":false},"excerpt":{"rendered":"<p>Comparer les cours sur formationcontinue.swiss formationcontinue.swiss&nbsp;est la seule base de donn\u00e9es de cours de la Suisse o\u00f9 les personnes int\u00e9ress\u00e9es [&hellip;]<\/p>\n","protected":false},"author":2,"featured_media":20799,"parent":17422,"menu_order":125,"comment_status":"closed","ping_status":"closed","template":"","meta":{"_acf_changed":false,"inline_featured_image":false,"footnotes":""},"class_list":["post-11310","page","type-page","status-publish","has-post-thumbnail","hentry"],"acf":[],"yoast_head":"<!-- This site is optimized with the Yoast SEO plugin v27.3 - https:\/\/yoast.com\/product\/yoast-seo-wordpress\/ -->\n<title>Portail de cours formationcontinue.swiss - FSEA<\/title>\n<meta name=\"description\" content=\"Publiez des offres de formation continue sur formationcontinue.swiss, la base de donn\u00e9es sur laquelle on peut comparer les offres.\" \/>\n<meta name=\"robots\" content=\"index, follow, max-snippet:-1, max-image-preview:large, max-video-preview:-1\" \/>\n<link rel=\"canonical\" href=\"https:\/\/alice.ch\/fr\/services\/portail-de-cours-formationcontinue-swiss\/\" \/>\n<meta property=\"og:locale\" content=\"fr_FR\" \/>\n<meta property=\"og:type\" content=\"article\" \/>\n<meta property=\"og:title\" content=\"Portail de cours formationcontinue.swiss - FSEA\" \/>\n<meta property=\"og:description\" content=\"Publiez des offres de formation continue sur formationcontinue.swiss, la base de donn\u00e9es sur laquelle on peut comparer les offres.\" \/>\n<meta property=\"og:url\" content=\"https:\/\/alice.ch\/fr\/services\/portail-de-cours-formationcontinue-swiss\/\" \/>\n<meta property=\"og:site_name\" content=\"SVEB\" \/>\n<meta property=\"article:modified_time\" content=\"2023-12-01T15:23:10+00:00\" \/>\n<meta name=\"twitter:card\" content=\"summary_large_image\" \/>\n<meta name=\"twitter:label1\" content=\"Dur\u00e9e de lecture estim\u00e9e\" \/>\n\t<meta name=\"twitter:data1\" content=\"2 minutes\" \/>\n<script type=\"application\/ld+json\" class=\"yoast-schema-graph\">{\"@context\":\"https:\\\/\\\/schema.org\",\"@graph\":[{\"@type\":\"WebPage\",\"@id\":\"https:\\\/\\\/alice.ch\\\/fr\\\/services\\\/portail-de-cours-formationcontinue-swiss\\\/\",\"url\":\"https:\\\/\\\/alice.ch\\\/fr\\\/services\\\/portail-de-cours-formationcontinue-swiss\\\/\",\"name\":\"Portail de cours formationcontinue.swiss - FSEA\",\"isPartOf\":{\"@id\":\"https:\\\/\\\/alice.ch\\\/fr\\\/#website\"},\"primaryImageOfPage\":{\"@id\":\"https:\\\/\\\/alice.ch\\\/fr\\\/services\\\/portail-de-cours-formationcontinue-swiss\\\/#primaryimage\"},\"image\":{\"@id\":\"https:\\\/\\\/alice.ch\\\/fr\\\/services\\\/portail-de-cours-formationcontinue-swiss\\\/#primaryimage\"},\"thumbnailUrl\":\"https:\\\/\\\/alice.ch\\\/app\\\/uploads\\\/2022\\\/11\\\/default.jpg\",\"datePublished\":\"2022-08-16T14:56:19+00:00\",\"dateModified\":\"2023-12-01T15:23:10+00:00\",\"description\":\"Publiez des offres de formation continue sur formationcontinue.swiss, la base de donn\u00e9es sur laquelle on peut comparer les offres.\",\"breadcrumb\":{\"@id\":\"https:\\\/\\\/alice.ch\\\/fr\\\/services\\\/portail-de-cours-formationcontinue-swiss\\\/#breadcrumb\"},\"inLanguage\":\"fr-FR\",\"potentialAction\":[{\"@type\":\"ReadAction\",\"target\":[\"https:\\\/\\\/alice.ch\\\/fr\\\/services\\\/portail-de-cours-formationcontinue-swiss\\\/\"]}]},{\"@type\":\"ImageObject\",\"inLanguage\":\"fr-FR\",\"@id\":\"https:\\\/\\\/alice.ch\\\/fr\\\/services\\\/portail-de-cours-formationcontinue-swiss\\\/#primaryimage\",\"url\":\"https:\\\/\\\/alice.ch\\\/app\\\/uploads\\\/2022\\\/11\\\/default.jpg\",\"contentUrl\":\"https:\\\/\\\/alice.ch\\\/app\\\/uploads\\\/2022\\\/11\\\/default.jpg\",\"width\":1600,\"height\":900},{\"@type\":\"BreadcrumbList\",\"@id\":\"https:\\\/\\\/alice.ch\\\/fr\\\/services\\\/portail-de-cours-formationcontinue-swiss\\\/#breadcrumb\",\"itemListElement\":[{\"@type\":\"ListItem\",\"position\":1,\"name\":\"Page d'accueil\",\"item\":\"https:\\\/\\\/alice.ch\\\/fr\\\/\"},{\"@type\":\"ListItem\",\"position\":2,\"name\":\"Services\",\"item\":\"https:\\\/\\\/alice.ch\\\/fr\\\/services\\\/\"},{\"@type\":\"ListItem\",\"position\":3,\"name\":\"Portail de cours formationcontinue.swiss\"}]},{\"@type\":\"WebSite\",\"@id\":\"https:\\\/\\\/alice.ch\\\/fr\\\/#website\",\"url\":\"https:\\\/\\\/alice.ch\\\/fr\\\/\",\"name\":\"alice.ch (Adult Learning Information Center) ist das Portal der Weiterbildung in der Schweiz.\",\"description\":\"Schweizerischer Verband f\u00fcr Weiterbildung\",\"publisher\":{\"@id\":\"https:\\\/\\\/alice.ch\\\/fr\\\/#organization\"},\"potentialAction\":[{\"@type\":\"SearchAction\",\"target\":{\"@type\":\"EntryPoint\",\"urlTemplate\":\"https:\\\/\\\/alice.ch\\\/fr\\\/?s={search_term_string}\"},\"query-input\":{\"@type\":\"PropertyValueSpecification\",\"valueRequired\":true,\"valueName\":\"search_term_string\"}}],\"inLanguage\":\"fr-FR\"},{\"@type\":\"Organization\",\"@id\":\"https:\\\/\\\/alice.ch\\\/fr\\\/#organization\",\"name\":\"FSEA F\u00e9d\u00e9ration suisse pour la formation continue\",\"url\":\"https:\\\/\\\/alice.ch\\\/fr\\\/\",\"logo\":{\"@type\":\"ImageObject\",\"inLanguage\":\"fr-FR\",\"@id\":\"https:\\\/\\\/alice.ch\\\/fr\\\/#\\\/schema\\\/logo\\\/image\\\/\",\"url\":\"https:\\\/\\\/alice.ch\\\/app\\\/uploads\\\/2022\\\/07\\\/logo-sveb.png\",\"contentUrl\":\"https:\\\/\\\/alice.ch\\\/app\\\/uploads\\\/2022\\\/07\\\/logo-sveb.png\",\"width\":145,\"height\":64,\"caption\":\"FSEA F\u00e9d\u00e9ration suisse pour la formation continue\"},\"image\":{\"@id\":\"https:\\\/\\\/alice.ch\\\/fr\\\/#\\\/schema\\\/logo\\\/image\\\/\"},\"sameAs\":[\"https:\\\/\\\/www.linkedin.com\\\/company\\\/schweizerischer-verband-fr-weiterbildung-sveb\\\/\"]}]}<\/script>\n<!-- \/ Yoast SEO plugin. -->","yoast_head_json":{"title":"Portail de cours formationcontinue.swiss - FSEA","description":"Publiez des offres de formation continue sur formationcontinue.swiss, la base de donn\u00e9es sur laquelle on peut comparer les offres.","robots":{"index":"index","follow":"follow","max-snippet":"max-snippet:-1","max-image-preview":"max-image-preview:large","max-video-preview":"max-video-preview:-1"},"canonical":"https:\/\/alice.ch\/fr\/services\/portail-de-cours-formationcontinue-swiss\/","og_locale":"fr_FR","og_type":"article","og_title":"Portail de cours formationcontinue.swiss - FSEA","og_description":"Publiez des offres de formation continue sur formationcontinue.swiss, la base de donn\u00e9es sur laquelle on peut comparer les offres.","og_url":"https:\/\/alice.ch\/fr\/services\/portail-de-cours-formationcontinue-swiss\/","og_site_name":"SVEB","article_modified_time":"2023-12-01T15:23:10+00:00","twitter_card":"summary_large_image","twitter_misc":{"Dur\u00e9e de lecture estim\u00e9e":"2 minutes"},"schema":{"@context":"https:\/\/schema.org","@graph":[{"@type":"WebPage","@id":"https:\/\/alice.ch\/fr\/services\/portail-de-cours-formationcontinue-swiss\/","url":"https:\/\/alice.ch\/fr\/services\/portail-de-cours-formationcontinue-swiss\/","name":"Portail de cours formationcontinue.swiss - FSEA","isPartOf":{"@id":"https:\/\/alice.ch\/fr\/#website"},"primaryImageOfPage":{"@id":"https:\/\/alice.ch\/fr\/services\/portail-de-cours-formationcontinue-swiss\/#primaryimage"},"image":{"@id":"https:\/\/alice.ch\/fr\/services\/portail-de-cours-formationcontinue-swiss\/#primaryimage"},"thumbnailUrl":"https:\/\/alice.ch\/app\/uploads\/2022\/11\/default.jpg","datePublished":"2022-08-16T14:56:19+00:00","dateModified":"2023-12-01T15:23:10+00:00","description":"Publiez des offres de formation continue sur formationcontinue.swiss, la base de donn\u00e9es sur laquelle on peut comparer les offres.","breadcrumb":{"@id":"https:\/\/alice.ch\/fr\/services\/portail-de-cours-formationcontinue-swiss\/#breadcrumb"},"inLanguage":"fr-FR","potentialAction":[{"@type":"ReadAction","target":["https:\/\/alice.ch\/fr\/services\/portail-de-cours-formationcontinue-swiss\/"]}]},{"@type":"ImageObject","inLanguage":"fr-FR","@id":"https:\/\/alice.ch\/fr\/services\/portail-de-cours-formationcontinue-swiss\/#primaryimage","url":"https:\/\/alice.ch\/app\/uploads\/2022\/11\/default.jpg","contentUrl":"https:\/\/alice.ch\/app\/uploads\/2022\/11\/default.jpg","width":1600,"height":900},{"@type":"BreadcrumbList","@id":"https:\/\/alice.ch\/fr\/services\/portail-de-cours-formationcontinue-swiss\/#breadcrumb","itemListElement":[{"@type":"ListItem","position":1,"name":"Page d'accueil","item":"https:\/\/alice.ch\/fr\/"},{"@type":"ListItem","position":2,"name":"Services","item":"https:\/\/alice.ch\/fr\/services\/"},{"@type":"ListItem","position":3,"name":"Portail de cours formationcontinue.swiss"}]},{"@type":"WebSite","@id":"https:\/\/alice.ch\/fr\/#website","url":"https:\/\/alice.ch\/fr\/","name":"alice.ch (Adult Learning Information Center) ist das Portal der Weiterbildung in der Schweiz.","description":"Schweizerischer Verband f\u00fcr Weiterbildung","publisher":{"@id":"https:\/\/alice.ch\/fr\/#organization"},"potentialAction":[{"@type":"SearchAction","target":{"@type":"EntryPoint","urlTemplate":"https:\/\/alice.ch\/fr\/?s={search_term_string}"},"query-input":{"@type":"PropertyValueSpecification","valueRequired":true,"valueName":"search_term_string"}}],"inLanguage":"fr-FR"},{"@type":"Organization","@id":"https:\/\/alice.ch\/fr\/#organization","name":"FSEA F\u00e9d\u00e9ration suisse pour la formation continue","url":"https:\/\/alice.ch\/fr\/","logo":{"@type":"ImageObject","inLanguage":"fr-FR","@id":"https:\/\/alice.ch\/fr\/#\/schema\/logo\/image\/","url":"https:\/\/alice.ch\/app\/uploads\/2022\/07\/logo-sveb.png","contentUrl":"https:\/\/alice.ch\/app\/uploads\/2022\/07\/logo-sveb.png","width":145,"height":64,"caption":"FSEA F\u00e9d\u00e9ration suisse pour la formation continue"},"image":{"@id":"https:\/\/alice.ch\/fr\/#\/schema\/logo\/image\/"},"sameAs":["https:\/\/www.linkedin.com\/company\/schweizerischer-verband-fr-weiterbildung-sveb\/"]}]}},"_links":{"self":[{"href":"https:\/\/alice.ch\/fr\/wp-json\/wp\/v2\/pages\/11310","targetHints":{"allow":["GET"]}}],"collection":[{"href":"https:\/\/alice.ch\/fr\/wp-json\/wp\/v2\/pages"}],"about":[{"href":"https:\/\/alice.ch\/fr\/wp-json\/wp\/v2\/types\/page"}],"author":[{"embeddable":true,"href":"https:\/\/alice.ch\/fr\/wp-json\/wp\/v2\/users\/2"}],"replies":[{"embeddable":true,"href":"https:\/\/alice.ch\/fr\/wp-json\/wp\/v2\/comments?post=11310"}],"version-history":[{"count":9,"href":"https:\/\/alice.ch\/fr\/wp-json\/wp\/v2\/pages\/11310\/revisions"}],"predecessor-version":[{"id":52551,"href":"https:\/\/alice.ch\/fr\/wp-json\/wp\/v2\/pages\/11310\/revisions\/52551"}],"up":[{"embeddable":true,"href":"https:\/\/alice.ch\/fr\/wp-json\/wp\/v2\/pages\/17422"}],"wp:featuredmedia":[{"embeddable":true,"href":"https:\/\/alice.ch\/fr\/wp-json\/wp\/v2\/media\/20799"}],"wp:attachment":[{"href":"https:\/\/alice.ch\/fr\/wp-json\/wp\/v2\/media?parent=11310"}],"curies":[{"name":"wp","href":"https:\/\/api.w.org\/{rel}","templated":true}]}}