{"id":11312,"date":"2022-08-16T16:56:56","date_gmt":"2022-08-16T14:56:56","guid":{"rendered":"https:\/\/projects.atxeit.ch\/sveb\/gutscheinprojekte-des-sveb\/"},"modified":"2024-05-07T15:14:54","modified_gmt":"2024-05-07T13:14:54","slug":"projets-de-cheques-de-la-fsea","status":"publish","type":"page","link":"https:\/\/alice.ch\/fr\/services\/projets-de-cheques-de-la-fsea\/","title":{"rendered":"Projets de ch\u00e8ques de la FSEA"},"content":{"rendered":"\n<div class=\"wp-block-group is-style-reduced-width is-layout-flow wp-block-group-is-layout-flow\">\n<h1 class=\"wp-block-heading\">Promouvoir la participation \u00e0 la formation continue gr\u00e2ce aux ch\u00e8ques de formation<\/h1>\n\n\n\n<p class=\"is-style-lead\">Avec les ch\u00e8ques de formation, diff\u00e9rents acteurs et actrices comme les cantons, les villes et les communes, les fondations, les entreprises et les associations peuvent apporter un soutien financier \u00e0 des personnes cibl\u00e9es pour qu\u2019elles puissent participer \u00e0 la formation continue.<\/p>\n\n\n\n<p>Ce dispositif peut \u00eatre con\u00e7u de mani\u00e8re flexible et \u00eatre adapt\u00e9 aux diff\u00e9rents objectifs et prescriptions des mandataires. Avec une communication adapt\u00e9e au groupe cible, les ch\u00e8ques de formation ont un effet sur la motivation et permettent de supprimer les obstacles \u00e0 la participation.<\/p>\n\n\n\n<p>Les ch\u00e8ques de formation sont un instrument de financement ax\u00e9 sur la demande. Cela signifie que les participantes et participants d\u00e9cident eux-m\u00eames quelles formations continues ils souhaitent suivre, dans le cadre de l\u2019offre d\u00e9finie.<\/p>\n\n\n\n<h2 class=\"wp-block-heading\">R\u00e9aliser des projets de ch\u00e8ques de formation<\/h2>\n\n\n\n<p>Vous souhaitez mettre en \u0153uvre ce type de projet? La FSEA a \u00e9labor\u00e9 du mat\u00e9riel qui vous aidera \u00e0 le planifier et \u00e0 le mettre en place.<\/p>\n\n\n\n\t\n\t<div class=\"publication-item\">\n\t\t<div class=\"image\">\n\t\t\t<img decoding=\"async\" width=\"642\" height=\"927\" src=\"https:\/\/alice.ch\/app\/uploads\/2023\/09\/apercu-projet-bons-formation-cover.png\" class=\"attachment-post-thumbnail size-post-thumbnail wp-post-image\" alt=\"\" srcset=\"https:\/\/alice.ch\/app\/uploads\/2023\/09\/apercu-projet-bons-formation-cover.png 642w, https:\/\/alice.ch\/app\/uploads\/2023\/09\/apercu-projet-bons-formation-cover-208x300.png 208w\" sizes=\"(max-width: 642px) 100vw, 642px\" \/>\t\t<\/div>\n\n\t\t<div class=\"content\">\n\t\t\t<h3>Aper\u00e7u pour la planification et la r\u00e9alisation de projets de ch\u00e8ques formation<\/h3>\n\t\t\t<div class=\"description\"><p>Cet aper\u00e7u r\u00e9sume les principales mesures n\u00e9cessaires \u00e0 la mise en \u0153uvre d&rsquo;un projet r\u00e9ussi. Elle aide \u00e0 d\u00e9cider si un projet de bon est r\u00e9alisable.<\/p>\n<\/div>\n\n\t\t\t<div class=\"meta\">\n\t\t\t\t<ul>\n\t\t\t\t\t\t\t\t\t\t\t<li><strong>Prix:<\/strong> gratuit<\/li>\n\t\t\t\t\t\n\t\t\t\t\t\t\t\t\t\t\t<li><strong>\u00c9diteur:<\/strong> FSEA<\/li>\n\t\t\t\t\t\n\t\t\t\t\t\t\t\t\t\t\t<li><strong>Auteur:<\/strong> Sofie Gollob, Birte Theiler<\/li>\n\t\t\t\t\t\n\t\t\t\t\t\t\t\t\t\t\t<li><strong>Distributeur:<\/strong> FSEA, 4 pages<\/li>\n\t\t\t\t\t\n\t\t\t\t\t\n\t\t\t\t\t\n\t\t\t\t\t\t\t\t\t<\/ul>\n\n\t\t\t\t<ul class=\"actions\">\n\t\t\t\t\t\t\t\t\t\t\t<li><a class=\"button\" href=\"https:\/\/alice.ch\/fr\/download-fr\/?pub-id=54027\">T\u00e9l\u00e9charger<\/a><\/li>\n\t\t\t\t\t\n\t\t\t\t\t\t\t\t\t<\/ul>\n\t\t\t<\/div>\n\t\t<\/div>\n\n\n\t<\/div>\n\n\n\t\n\n\n\t\n\t<div class=\"publication-item\">\n\t\t<div class=\"image\">\n\t\t\t<img decoding=\"async\" width=\"1028\" height=\"1492\" src=\"https:\/\/alice.ch\/app\/uploads\/2023\/09\/guide-cheques-formation-cover.png\" class=\"attachment-post-thumbnail size-post-thumbnail wp-post-image\" alt=\"\" srcset=\"https:\/\/alice.ch\/app\/uploads\/2023\/09\/guide-cheques-formation-cover.png 1028w, https:\/\/alice.ch\/app\/uploads\/2023\/09\/guide-cheques-formation-cover-207x300.png 207w, https:\/\/alice.ch\/app\/uploads\/2023\/09\/guide-cheques-formation-cover-706x1024.png 706w, https:\/\/alice.ch\/app\/uploads\/2023\/09\/guide-cheques-formation-cover-768x1115.png 768w\" sizes=\"(max-width: 1028px) 100vw, 1028px\" \/>\t\t<\/div>\n\n\t\t<div class=\"content\">\n\t\t\t<h3>Guide pour la planification et la r\u00e9alisation de projets de ch\u00e8ques formation<\/h3>\n\t\t\t<div class=\"description\"><p>Le guide aide \u00e0 la planification et \u00e0 la mise en \u0153uvre d&rsquo;un projet de bons. Il pr\u00e9sente six \u00e9l\u00e9ments constitutifs et met en \u00e9vidence les facteurs de r\u00e9ussite ainsi que les \u00e9cueils \u00e0 \u00e9viter.<\/p>\n<\/div>\n\n\t\t\t<div class=\"meta\">\n\t\t\t\t<ul>\n\t\t\t\t\t\t\t\t\t\t\t<li><strong>Prix:<\/strong> gratuit<\/li>\n\t\t\t\t\t\n\t\t\t\t\t\t\t\t\t\t\t<li><strong>\u00c9diteur:<\/strong> FSEA<\/li>\n\t\t\t\t\t\n\t\t\t\t\t\t\t\t\t\t\t<li><strong>Auteur:<\/strong> Sofie Gollob, Birte Theiler<\/li>\n\t\t\t\t\t\n\t\t\t\t\t\t\t\t\t\t\t<li><strong>Distributeur:<\/strong> FSEA, 16 pages<\/li>\n\t\t\t\t\t\n\t\t\t\t\t\n\t\t\t\t\t\n\t\t\t\t\t\t\t\t\t<\/ul>\n\n\t\t\t\t<ul class=\"actions\">\n\t\t\t\t\t\t\t\t\t\t\t<li><a class=\"button\" href=\"https:\/\/alice.ch\/fr\/download-fr\/?pub-id=54012\">T\u00e9l\u00e9charger<\/a><\/li>\n\t\t\t\t\t\n\t\t\t\t\t\t\t\t\t<\/ul>\n\t\t\t<\/div>\n\t\t<\/div>\n\n\n\t<\/div>\n\n\n\t\n\n\n<div style=\"height:23px\" aria-hidden=\"true\" class=\"wp-block-spacer\"><\/div>\n\n\n\n<p>Ce mat\u00e9riel a \u00e9t\u00e9 \u00e9labor\u00e9 dans le cadre du projet <a href=\"https:\/\/alice.ch\/fr\/project\/bons-de-formation\/\">\u00abCh\u00e8ques de formation\u00bb<\/a>, qui a b\u00e9n\u00e9fici\u00e9 du soutien financier du<a href=\"https:\/\/www.sbfi.admin.ch\/sbfi\/fr\/home.html\" target=\"_blank\" rel=\"noreferrer noopener\"> Secr\u00e9tariat d\u2019Etat \u00e0 la formation, \u00e0 la recherche et \u00e0 l\u2019innovation (SEFRI).<\/a><\/p>\n\n\n\n<h2 class=\"wp-block-heading\">Syst\u00e8me de ch\u00e8ques de formation de la FSEA<\/h2>\n\n\n\n<p>La FSEA soutient diff\u00e9rents partenaires dans le lancement de projets de ch\u00e8ques de formation. Pour garantir leur gestion efficace (inscription\/d\u00e9sinscription, d\u00e9compte, etc.), nous mettons \u00e0 disposition un syst\u00e8me technique qui peut \u00eatre adapt\u00e9 de mani\u00e8re flexible aux besoins de ce projet. La plate-forme&nbsp;<a href=\"https:\/\/www.weiterbildung.swiss\/\" target=\"_blank\" rel=\"noreferrer noopener\">formationcontinue.swiss<\/a>&nbsp;est int\u00e9gr\u00e9e \u00e0 ce syst\u00e8me.<\/p>\n\n\n\n<p>Vous envisagez de mettre en \u0153uvre un projet de ch\u00e8ques de formation? Contactez Birte&nbsp;Theiler par <a href=\"mailto:birte.theiler@alice.ch\" target=\"_blank\" rel=\"noreferrer noopener\">e-mail<\/a> ou par t\u00e9l\u00e9phone au +41 (0)44 319 71 57.<\/p>\n\n\n\n<h2 class=\"wp-block-heading\">Initiatives actuelles des partenaires<\/h2>\n\n\n\n<div class=\"wp-block-buttons is-layout-flex wp-block-buttons-is-layout-flex\">\n<div class=\"wp-block-button has-custom-width wp-block-button__width-50 is-style-outline is-style-outline--1\"><a class=\"wp-block-button__link wp-element-button\" href=\"https:\/\/alice.ch\/fr\/services\/projets-de-cheques-de-la-fsea\/projet-de-cheques-de-formation-dans-le-canton-dargovie\/\">Canton d\u2019Argovie<\/a><\/div>\n<\/div>\n\n\n\n<div class=\"wp-block-buttons is-layout-flex wp-block-buttons-is-layout-flex\">\n<div class=\"wp-block-button has-custom-width wp-block-button__width-50 is-style-outline is-style-outline--2\"><a class=\"wp-block-button__link wp-element-button\" href=\"https:\/\/alice.ch\/fr\/services\/projets-de-cheques-de-la-fsea\/canton-de-fribourg\/\">Canton de Fribourg<\/a><\/div>\n<\/div>\n\n\n\n<div class=\"wp-block-buttons is-layout-flex wp-block-buttons-is-layout-flex\">\n<div class=\"wp-block-button has-custom-width wp-block-button__width-50 is-style-outline is-style-outline--3\"><a class=\"wp-block-button__link wp-element-button\" href=\"https:\/\/alice.ch\/fr\/services\/projets-de-cheques-de-la-fsea\/canton-de-lucerne\/\">Canton de Lucerne<\/a><\/div>\n<\/div>\n\n\n\n<div class=\"wp-block-buttons is-layout-flex wp-block-buttons-is-layout-flex\">\n<div class=\"wp-block-button has-custom-width wp-block-button__width-50 is-style-outline is-style-outline--4\"><a class=\"wp-block-button__link wp-element-button\" href=\"https:\/\/alice.ch\/fr\/services\/projets-de-cheques-de-la-fsea\/canton-de-schwyz\/\">Canton de Schwyz<\/a><\/div>\n<\/div>\n\n\n\n<div class=\"wp-block-buttons is-layout-flex wp-block-buttons-is-layout-flex\">\n<div class=\"wp-block-button has-custom-width wp-block-button__width-50 is-style-outline is-style-outline--5\"><a class=\"wp-block-button__link wp-element-button\" href=\"https:\/\/alice.ch\/fr\/services\/projets-de-cheques-de-la-fsea\/canton-zoug\/\">Canton de Zoug<\/a><\/div>\n<\/div>\n\n\n\n<h2 class=\"wp-block-heading\">Initiatives pr\u00e9c\u00e9dentes de partenaires<\/h2>\n\n\n\n<div class=\"wp-block-buttons is-layout-flex wp-block-buttons-is-layout-flex\">\n<div class=\"wp-block-button has-custom-width wp-block-button__width-50 is-style-outline is-style-outline--6\"><a class=\"wp-block-button__link wp-element-button\" href=\"https:\/\/alice.ch\/fr\/projets-de-bons-de-la-fsea\/aide-suisse-a-la-montagne\/\">l&rsquo;Aide suisse<br>\u00e0 la montagne<\/a><\/div>\n<\/div>\n\n\n\n<div class=\"wp-block-buttons is-layout-flex wp-block-buttons-is-layout-flex\">\n<div class=\"wp-block-button has-custom-width wp-block-button__width-50 is-style-outline is-style-outline--7\"><a class=\"wp-block-button__link wp-element-button\" href=\"https:\/\/alice.ch\/fr\/services\/projets-de-bons-de-la-fsea\/temptraining\/\">Temptraining<\/a><\/div>\n<\/div>\n\n\n\n<h2 class=\"wp-block-heading\">Contact<\/h2>\n\n\n\n<div class=\"wp-block-columns is-layout-flex wp-container-core-columns-is-layout-28f84493 wp-block-columns-is-layout-flex\">\n<div class=\"wp-block-column is-layout-flow wp-block-column-is-layout-flow\" style=\"flex-basis:100%\">\n<div class=\"wp-block-columns is-layout-flex wp-container-core-columns-is-layout-28f84493 wp-block-columns-is-layout-flex\">\n<div class=\"wp-block-column is-layout-flow wp-block-column-is-layout-flow\" style=\"flex-basis:100%\">\n<div class=\"wp-block-columns is-layout-flex wp-container-core-columns-is-layout-28f84493 wp-block-columns-is-layout-flex\">\n<div class=\"wp-block-column is-layout-flow wp-block-column-is-layout-flow\" style=\"flex-basis:100%\">\n<div class=\"wp-block-columns is-layout-flex wp-container-core-columns-is-layout-28f84493 wp-block-columns-is-layout-flex\">\n<div class=\"wp-block-column is-layout-flow wp-block-column-is-layout-flow\" style=\"flex-basis:50%\"><div class=\"contact-persons\">\n\n\t\t\t\t\t<div class=\"contact-person\">\n\t\t\t\t\tBirte Theiler<br \/>\t\t\t\t\tResponsable du domaine ch\u00e8ques de formation<br \/>\t\t\t\t\t<br \/>\n\t\t\t\t\t\t\t\t\t\t<a href=\"tel:+41 (0)44 319 71 57\">+41 (0)44 319 71 57<\/a><br \/>\t\t\t\t\t<a href=\"mailto:birte.theiler@alice.ch\">birte.theiler@alice.ch<\/a><br \/>\t\t\t\t\t<\/div>\n\t\t\t\t\t<\/div>\n<\/div>\n\n\n\n<div class=\"wp-block-column is-layout-flow wp-block-column-is-layout-flow\" style=\"flex-basis:50%\"><\/div>\n<\/div>\n<\/div>\n<\/div>\n<\/div>\n<\/div>\n<\/div>\n<\/div>\n<\/div>\n","protected":false},"excerpt":{"rendered":"<p>Promouvoir la participation \u00e0 la formation continue gr\u00e2ce aux ch\u00e8ques de formation Avec les ch\u00e8ques de formation, diff\u00e9rents acteurs et [&hellip;]<\/p>\n","protected":false},"author":4,"featured_media":20799,"parent":17422,"menu_order":190,"comment_status":"closed","ping_status":"closed","template":"","meta":{"_acf_changed":false,"inline_featured_image":false,"footnotes":""},"class_list":["post-11312","page","type-page","status-publish","has-post-thumbnail","hentry"],"acf":[],"yoast_head":"<!-- This site is optimized with the Yoast SEO plugin v27.3 - https:\/\/yoast.com\/product\/yoast-seo-wordpress\/ -->\n<title>Projets de ch\u00e8ques de la FSEA - FSEA<\/title>\n<meta name=\"description\" content=\"La FSEA soutient les partenaires dans la mise en \u0153uvre de projets de bons de formation et met \u00e0 disposition la technique n\u00e9cessaire.\" \/>\n<meta name=\"robots\" content=\"index, follow, max-snippet:-1, max-image-preview:large, max-video-preview:-1\" \/>\n<link rel=\"canonical\" href=\"https:\/\/alice.ch\/fr\/services\/projets-de-cheques-de-la-fsea\/\" \/>\n<meta property=\"og:locale\" content=\"fr_FR\" \/>\n<meta property=\"og:type\" content=\"article\" \/>\n<meta property=\"og:title\" content=\"Projets de ch\u00e8ques de la FSEA - FSEA\" \/>\n<meta property=\"og:description\" content=\"La FSEA soutient les partenaires dans la mise en \u0153uvre de projets de bons de formation et met \u00e0 disposition la technique n\u00e9cessaire.\" \/>\n<meta property=\"og:url\" content=\"https:\/\/alice.ch\/fr\/services\/projets-de-cheques-de-la-fsea\/\" \/>\n<meta property=\"og:site_name\" content=\"SVEB\" \/>\n<meta property=\"article:modified_time\" content=\"2024-05-07T13:14:54+00:00\" \/>\n<meta name=\"twitter:card\" content=\"summary_large_image\" \/>\n<meta name=\"twitter:label1\" content=\"Dur\u00e9e de lecture estim\u00e9e\" \/>\n\t<meta name=\"twitter:data1\" content=\"2 minutes\" \/>\n<script type=\"application\/ld+json\" class=\"yoast-schema-graph\">{\"@context\":\"https:\\\/\\\/schema.org\",\"@graph\":[{\"@type\":\"WebPage\",\"@id\":\"https:\\\/\\\/alice.ch\\\/fr\\\/services\\\/projets-de-cheques-de-la-fsea\\\/\",\"url\":\"https:\\\/\\\/alice.ch\\\/fr\\\/services\\\/projets-de-cheques-de-la-fsea\\\/\",\"name\":\"Projets de ch\u00e8ques de la FSEA - FSEA\",\"isPartOf\":{\"@id\":\"https:\\\/\\\/alice.ch\\\/fr\\\/#website\"},\"primaryImageOfPage\":{\"@id\":\"https:\\\/\\\/alice.ch\\\/fr\\\/services\\\/projets-de-cheques-de-la-fsea\\\/#primaryimage\"},\"image\":{\"@id\":\"https:\\\/\\\/alice.ch\\\/fr\\\/services\\\/projets-de-cheques-de-la-fsea\\\/#primaryimage\"},\"thumbnailUrl\":\"https:\\\/\\\/alice.ch\\\/app\\\/uploads\\\/2022\\\/11\\\/default.jpg\",\"datePublished\":\"2022-08-16T14:56:56+00:00\",\"dateModified\":\"2024-05-07T13:14:54+00:00\",\"description\":\"La FSEA soutient les partenaires dans la mise en \u0153uvre de projets de bons de formation et met \u00e0 disposition la technique n\u00e9cessaire.\",\"breadcrumb\":{\"@id\":\"https:\\\/\\\/alice.ch\\\/fr\\\/services\\\/projets-de-cheques-de-la-fsea\\\/#breadcrumb\"},\"inLanguage\":\"fr-FR\",\"potentialAction\":[{\"@type\":\"ReadAction\",\"target\":[\"https:\\\/\\\/alice.ch\\\/fr\\\/services\\\/projets-de-cheques-de-la-fsea\\\/\"]}]},{\"@type\":\"ImageObject\",\"inLanguage\":\"fr-FR\",\"@id\":\"https:\\\/\\\/alice.ch\\\/fr\\\/services\\\/projets-de-cheques-de-la-fsea\\\/#primaryimage\",\"url\":\"https:\\\/\\\/alice.ch\\\/app\\\/uploads\\\/2022\\\/11\\\/default.jpg\",\"contentUrl\":\"https:\\\/\\\/alice.ch\\\/app\\\/uploads\\\/2022\\\/11\\\/default.jpg\",\"width\":1600,\"height\":900},{\"@type\":\"BreadcrumbList\",\"@id\":\"https:\\\/\\\/alice.ch\\\/fr\\\/services\\\/projets-de-cheques-de-la-fsea\\\/#breadcrumb\",\"itemListElement\":[{\"@type\":\"ListItem\",\"position\":1,\"name\":\"Page d'accueil\",\"item\":\"https:\\\/\\\/alice.ch\\\/fr\\\/\"},{\"@type\":\"ListItem\",\"position\":2,\"name\":\"Services\",\"item\":\"https:\\\/\\\/alice.ch\\\/fr\\\/services\\\/\"},{\"@type\":\"ListItem\",\"position\":3,\"name\":\"Projets de ch\u00e8ques de la FSEA\"}]},{\"@type\":\"WebSite\",\"@id\":\"https:\\\/\\\/alice.ch\\\/fr\\\/#website\",\"url\":\"https:\\\/\\\/alice.ch\\\/fr\\\/\",\"name\":\"alice.ch (Adult Learning Information Center) ist das Portal der Weiterbildung in der Schweiz.\",\"description\":\"Schweizerischer Verband f\u00fcr Weiterbildung\",\"publisher\":{\"@id\":\"https:\\\/\\\/alice.ch\\\/fr\\\/#organization\"},\"potentialAction\":[{\"@type\":\"SearchAction\",\"target\":{\"@type\":\"EntryPoint\",\"urlTemplate\":\"https:\\\/\\\/alice.ch\\\/fr\\\/?s={search_term_string}\"},\"query-input\":{\"@type\":\"PropertyValueSpecification\",\"valueRequired\":true,\"valueName\":\"search_term_string\"}}],\"inLanguage\":\"fr-FR\"},{\"@type\":\"Organization\",\"@id\":\"https:\\\/\\\/alice.ch\\\/fr\\\/#organization\",\"name\":\"FSEA F\u00e9d\u00e9ration suisse pour la formation continue\",\"url\":\"https:\\\/\\\/alice.ch\\\/fr\\\/\",\"logo\":{\"@type\":\"ImageObject\",\"inLanguage\":\"fr-FR\",\"@id\":\"https:\\\/\\\/alice.ch\\\/fr\\\/#\\\/schema\\\/logo\\\/image\\\/\",\"url\":\"https:\\\/\\\/alice.ch\\\/app\\\/uploads\\\/2022\\\/07\\\/logo-sveb.png\",\"contentUrl\":\"https:\\\/\\\/alice.ch\\\/app\\\/uploads\\\/2022\\\/07\\\/logo-sveb.png\",\"width\":145,\"height\":64,\"caption\":\"FSEA F\u00e9d\u00e9ration suisse pour la formation continue\"},\"image\":{\"@id\":\"https:\\\/\\\/alice.ch\\\/fr\\\/#\\\/schema\\\/logo\\\/image\\\/\"},\"sameAs\":[\"https:\\\/\\\/www.linkedin.com\\\/company\\\/schweizerischer-verband-fr-weiterbildung-sveb\\\/\"]}]}<\/script>\n<!-- \/ Yoast SEO plugin. -->","yoast_head_json":{"title":"Projets de ch\u00e8ques de la FSEA - FSEA","description":"La FSEA soutient les partenaires dans la mise en \u0153uvre de projets de bons de formation et met \u00e0 disposition la technique n\u00e9cessaire.","robots":{"index":"index","follow":"follow","max-snippet":"max-snippet:-1","max-image-preview":"max-image-preview:large","max-video-preview":"max-video-preview:-1"},"canonical":"https:\/\/alice.ch\/fr\/services\/projets-de-cheques-de-la-fsea\/","og_locale":"fr_FR","og_type":"article","og_title":"Projets de ch\u00e8ques de la FSEA - FSEA","og_description":"La FSEA soutient les partenaires dans la mise en \u0153uvre de projets de bons de formation et met \u00e0 disposition la technique n\u00e9cessaire.","og_url":"https:\/\/alice.ch\/fr\/services\/projets-de-cheques-de-la-fsea\/","og_site_name":"SVEB","article_modified_time":"2024-05-07T13:14:54+00:00","twitter_card":"summary_large_image","twitter_misc":{"Dur\u00e9e de lecture estim\u00e9e":"2 minutes"},"schema":{"@context":"https:\/\/schema.org","@graph":[{"@type":"WebPage","@id":"https:\/\/alice.ch\/fr\/services\/projets-de-cheques-de-la-fsea\/","url":"https:\/\/alice.ch\/fr\/services\/projets-de-cheques-de-la-fsea\/","name":"Projets de ch\u00e8ques de la FSEA - FSEA","isPartOf":{"@id":"https:\/\/alice.ch\/fr\/#website"},"primaryImageOfPage":{"@id":"https:\/\/alice.ch\/fr\/services\/projets-de-cheques-de-la-fsea\/#primaryimage"},"image":{"@id":"https:\/\/alice.ch\/fr\/services\/projets-de-cheques-de-la-fsea\/#primaryimage"},"thumbnailUrl":"https:\/\/alice.ch\/app\/uploads\/2022\/11\/default.jpg","datePublished":"2022-08-16T14:56:56+00:00","dateModified":"2024-05-07T13:14:54+00:00","description":"La FSEA soutient les partenaires dans la mise en \u0153uvre de projets de bons de formation et met \u00e0 disposition la technique n\u00e9cessaire.","breadcrumb":{"@id":"https:\/\/alice.ch\/fr\/services\/projets-de-cheques-de-la-fsea\/#breadcrumb"},"inLanguage":"fr-FR","potentialAction":[{"@type":"ReadAction","target":["https:\/\/alice.ch\/fr\/services\/projets-de-cheques-de-la-fsea\/"]}]},{"@type":"ImageObject","inLanguage":"fr-FR","@id":"https:\/\/alice.ch\/fr\/services\/projets-de-cheques-de-la-fsea\/#primaryimage","url":"https:\/\/alice.ch\/app\/uploads\/2022\/11\/default.jpg","contentUrl":"https:\/\/alice.ch\/app\/uploads\/2022\/11\/default.jpg","width":1600,"height":900},{"@type":"BreadcrumbList","@id":"https:\/\/alice.ch\/fr\/services\/projets-de-cheques-de-la-fsea\/#breadcrumb","itemListElement":[{"@type":"ListItem","position":1,"name":"Page d'accueil","item":"https:\/\/alice.ch\/fr\/"},{"@type":"ListItem","position":2,"name":"Services","item":"https:\/\/alice.ch\/fr\/services\/"},{"@type":"ListItem","position":3,"name":"Projets de ch\u00e8ques de la FSEA"}]},{"@type":"WebSite","@id":"https:\/\/alice.ch\/fr\/#website","url":"https:\/\/alice.ch\/fr\/","name":"alice.ch (Adult Learning Information Center) ist das Portal der Weiterbildung in der Schweiz.","description":"Schweizerischer Verband f\u00fcr Weiterbildung","publisher":{"@id":"https:\/\/alice.ch\/fr\/#organization"},"potentialAction":[{"@type":"SearchAction","target":{"@type":"EntryPoint","urlTemplate":"https:\/\/alice.ch\/fr\/?s={search_term_string}"},"query-input":{"@type":"PropertyValueSpecification","valueRequired":true,"valueName":"search_term_string"}}],"inLanguage":"fr-FR"},{"@type":"Organization","@id":"https:\/\/alice.ch\/fr\/#organization","name":"FSEA F\u00e9d\u00e9ration suisse pour la formation continue","url":"https:\/\/alice.ch\/fr\/","logo":{"@type":"ImageObject","inLanguage":"fr-FR","@id":"https:\/\/alice.ch\/fr\/#\/schema\/logo\/image\/","url":"https:\/\/alice.ch\/app\/uploads\/2022\/07\/logo-sveb.png","contentUrl":"https:\/\/alice.ch\/app\/uploads\/2022\/07\/logo-sveb.png","width":145,"height":64,"caption":"FSEA F\u00e9d\u00e9ration suisse pour la formation continue"},"image":{"@id":"https:\/\/alice.ch\/fr\/#\/schema\/logo\/image\/"},"sameAs":["https:\/\/www.linkedin.com\/company\/schweizerischer-verband-fr-weiterbildung-sveb\/"]}]}},"_links":{"self":[{"href":"https:\/\/alice.ch\/fr\/wp-json\/wp\/v2\/pages\/11312","targetHints":{"allow":["GET"]}}],"collection":[{"href":"https:\/\/alice.ch\/fr\/wp-json\/wp\/v2\/pages"}],"about":[{"href":"https:\/\/alice.ch\/fr\/wp-json\/wp\/v2\/types\/page"}],"author":[{"embeddable":true,"href":"https:\/\/alice.ch\/fr\/wp-json\/wp\/v2\/users\/4"}],"replies":[{"embeddable":true,"href":"https:\/\/alice.ch\/fr\/wp-json\/wp\/v2\/comments?post=11312"}],"version-history":[{"count":34,"href":"https:\/\/alice.ch\/fr\/wp-json\/wp\/v2\/pages\/11312\/revisions"}],"predecessor-version":[{"id":59808,"href":"https:\/\/alice.ch\/fr\/wp-json\/wp\/v2\/pages\/11312\/revisions\/59808"}],"up":[{"embeddable":true,"href":"https:\/\/alice.ch\/fr\/wp-json\/wp\/v2\/pages\/17422"}],"wp:featuredmedia":[{"embeddable":true,"href":"https:\/\/alice.ch\/fr\/wp-json\/wp\/v2\/media\/20799"}],"wp:attachment":[{"href":"https:\/\/alice.ch\/fr\/wp-json\/wp\/v2\/media?parent=11312"}],"curies":[{"name":"wp","href":"https:\/\/api.w.org\/{rel}","templated":true}]}}