{"id":11318,"date":"2022-08-16T16:59:10","date_gmt":"2022-08-16T14:59:10","guid":{"rendered":"https:\/\/projects.atxeit.ch\/sveb\/gutscheinprojekte-des-sveb\/schweizer-berghilfe\/"},"modified":"2023-12-15T10:45:18","modified_gmt":"2023-12-15T09:45:18","slug":"aide-suisse-a-la-montagne","status":"publish","type":"page","link":"https:\/\/alice.ch\/fr\/services\/projets-de-cheques-de-la-fsea\/aide-suisse-a-la-montagne\/","title":{"rendered":"Aide suisse \u00e0 la montagne"},"content":{"rendered":"\n<div class=\"wp-block-group is-style-reduced-width is-layout-flow wp-block-group-is-layout-flow\">\n<h1 class=\"wp-block-heading\">Programme de collaboration avec la fondation \u00ab\u00a0Aide suisse \u00e0 la montagne\u00a0\u00bb<\/h1>\n\n\n\n<h2 class=\"wp-block-heading\">Soutien \u00e0 la num\u00e9risation des PME dans les r\u00e9gions de montagne<\/h2>\n\n\n\n<p>La fondation\u00a0<a href=\"https:\/\/www.aidemontagne.ch\/fr\/\" target=\"_blank\" rel=\"noreferrer noopener\">Aide suisse \u00e0 la montagne<\/a>\u00a0subventionn\u00e9 des formations continues en liaison avec la num\u00e9risation pour les employ\u00e9es travaillant dans les r\u00e9gions de montagne. En effet, toute personne qui travaillant dans une petite entreprise ou micro-entreprise dans une r\u00e9gion montagnarde pouvait b\u00e9n\u00e9ficier d&rsquo;une r\u00e9duction de 50 % pour un cours dans le domaine de la num\u00e9risation. Un montant maximal de CHF 5&rsquo;000 \u00e9tait pris en charge par personne et par an.<\/p>\n\n\n\n<h2 class=\"wp-block-heading\">Descriptif du programme<\/h2>\n\n\n\n<p>Avec ce programme, la F\u00e9d\u00e9ration suisse pour la formation continue FSEA et l\u2019Aide suisse \u00e0 la montagne ont encourag\u00e9 ensemble, d&rsquo;octobre 2018 \u00e0 fin 2023, la formation continue et la mutation num\u00e9riques dans les r\u00e9gions de montagne. Le financement a \u00e9t\u00e9 assur\u00e9 exclusivement par les dons per\u00e7us par l\u2019Aide suisse \u00e0 la montagne via diff\u00e9rentes campagnes de collecte de fonds.<\/p>\n\n\n\n<h2 class=\"wp-block-heading\">Plateforme de cours<\/h2>\n\n\n\n<p>La couverture de 50 % des co\u00fbts \u00e9tait valable pour plus de 12&rsquo;000 formations figurant sur la plateforme d&rsquo;offre de cours&nbsp;g\u00e9r\u00e9e par la FSEA. L\u2019offre englobait des cours de prestataires dans toute la Suisse \u2013 du marketing en ligne \u00e0 l\u2019acquisition de connaissances techniques et des connaissances en gestion ou management.<\/p>\n\n\n\n<h2 class=\"wp-block-heading\">Groupe cible<\/h2>\n\n\n\n<p>\u00c9ligibles \u00e9taient les employ\u00e9s d&rsquo;entreprises de r\u00e9gions suisses de montagne en&nbsp;zone de montagne 2 ou sup\u00e9rieure et comptant moins de 50 \u00e9quivalents plein temps.<\/p>\n\n\n\n<h2 class=\"wp-block-heading\">Contexte<\/h2>\n\n\n\n<p>Les entreprises et exploitations dans les r\u00e9gions de montagne doivent \u00e9galement pouvoir tirer profit des chances offertes par la num\u00e9risation. Souvent, toutefois, les co\u00fbts de formation continue constituent pour elles un obstacle. Le programme devrait aider les petites entreprises \u00e0 se heurter \u00e0 des difficult\u00e9s financi\u00e8res dans le domaine de la formation au num\u00e9rique.<\/p>\n\n\n\n<h2 class=\"wp-block-heading\">Contact<\/h2>\n\n\n\n<div class=\"wp-block-columns is-layout-flex wp-container-core-columns-is-layout-28f84493 wp-block-columns-is-layout-flex\">\n<div class=\"wp-block-column is-layout-flow wp-block-column-is-layout-flow\" style=\"flex-basis:50%\"><div class=\"contact-persons\">\n\n\t\t\t\t\t<div class=\"contact-person\">\n\t\t\t\t\tBirte Theiler<br \/>\t\t\t\t\tResponsable du domaine ch\u00e8ques de formation<br \/>\t\t\t\t\t<br \/>\n\t\t\t\t\t\t\t\t\t\t<a href=\"tel:+41 (0)44 319 71 57\">+41 (0)44 319 71 57<\/a><br \/>\t\t\t\t\t<a href=\"mailto:birte.theiler@alice.ch\">birte.theiler@alice.ch<\/a><br \/>\t\t\t\t\t<\/div>\n\t\t\t\t\t<\/div>\n<\/div>\n\n\n\n<div class=\"wp-block-column is-layout-flow wp-block-column-is-layout-flow\" style=\"flex-basis:50%\"><\/div>\n<\/div>\n<\/div>\n","protected":false},"excerpt":{"rendered":"<p>Programme de collaboration avec la fondation \u00ab\u00a0Aide suisse \u00e0 la montagne\u00a0\u00bb Soutien \u00e0 la num\u00e9risation des PME dans les r\u00e9gions [&hellip;]<\/p>\n","protected":false},"author":4,"featured_media":20799,"parent":11312,"menu_order":284,"comment_status":"closed","ping_status":"closed","template":"","meta":{"_acf_changed":false,"inline_featured_image":false,"footnotes":""},"class_list":["post-11318","page","type-page","status-publish","has-post-thumbnail","hentry"],"acf":[],"yoast_head":"<!-- This site is optimized with the Yoast SEO plugin v27.3 - https:\/\/yoast.com\/product\/yoast-seo-wordpress\/ -->\n<title>Aide suisse \u00e0 la montagne - FSEA<\/title>\n<meta name=\"description\" content=\"Soutien \u00e0 la num\u00e9risation des PME dans les r\u00e9gions de montagne : Description du programme, plateforme de cours, groupe cible, contexte\" \/>\n<meta name=\"robots\" content=\"index, follow, max-snippet:-1, max-image-preview:large, max-video-preview:-1\" \/>\n<link rel=\"canonical\" href=\"https:\/\/alice.ch\/fr\/services\/projets-de-cheques-de-la-fsea\/aide-suisse-a-la-montagne\/\" \/>\n<meta property=\"og:locale\" content=\"fr_FR\" \/>\n<meta property=\"og:type\" content=\"article\" \/>\n<meta property=\"og:title\" content=\"Aide suisse \u00e0 la montagne - FSEA\" \/>\n<meta property=\"og:description\" content=\"Soutien \u00e0 la num\u00e9risation des PME dans les r\u00e9gions de montagne : Description du programme, plateforme de cours, groupe cible, contexte\" \/>\n<meta property=\"og:url\" content=\"https:\/\/alice.ch\/fr\/services\/projets-de-cheques-de-la-fsea\/aide-suisse-a-la-montagne\/\" \/>\n<meta property=\"og:site_name\" content=\"SVEB\" \/>\n<meta property=\"article:modified_time\" content=\"2023-12-15T09:45:18+00:00\" \/>\n<meta name=\"twitter:card\" content=\"summary_large_image\" \/>\n<meta name=\"twitter:label1\" content=\"Dur\u00e9e de lecture estim\u00e9e\" \/>\n\t<meta name=\"twitter:data1\" content=\"2 minutes\" \/>\n<script type=\"application\/ld+json\" class=\"yoast-schema-graph\">{\"@context\":\"https:\\\/\\\/schema.org\",\"@graph\":[{\"@type\":\"WebPage\",\"@id\":\"https:\\\/\\\/alice.ch\\\/fr\\\/services\\\/projets-de-cheques-de-la-fsea\\\/aide-suisse-a-la-montagne\\\/\",\"url\":\"https:\\\/\\\/alice.ch\\\/fr\\\/services\\\/projets-de-cheques-de-la-fsea\\\/aide-suisse-a-la-montagne\\\/\",\"name\":\"Aide suisse \u00e0 la montagne - FSEA\",\"isPartOf\":{\"@id\":\"https:\\\/\\\/alice.ch\\\/fr\\\/#website\"},\"primaryImageOfPage\":{\"@id\":\"https:\\\/\\\/alice.ch\\\/fr\\\/services\\\/projets-de-cheques-de-la-fsea\\\/aide-suisse-a-la-montagne\\\/#primaryimage\"},\"image\":{\"@id\":\"https:\\\/\\\/alice.ch\\\/fr\\\/services\\\/projets-de-cheques-de-la-fsea\\\/aide-suisse-a-la-montagne\\\/#primaryimage\"},\"thumbnailUrl\":\"https:\\\/\\\/alice.ch\\\/app\\\/uploads\\\/2022\\\/11\\\/default.jpg\",\"datePublished\":\"2022-08-16T14:59:10+00:00\",\"dateModified\":\"2023-12-15T09:45:18+00:00\",\"description\":\"Soutien \u00e0 la num\u00e9risation des PME dans les r\u00e9gions de montagne : Description du programme, plateforme de cours, groupe cible, contexte\",\"breadcrumb\":{\"@id\":\"https:\\\/\\\/alice.ch\\\/fr\\\/services\\\/projets-de-cheques-de-la-fsea\\\/aide-suisse-a-la-montagne\\\/#breadcrumb\"},\"inLanguage\":\"fr-FR\",\"potentialAction\":[{\"@type\":\"ReadAction\",\"target\":[\"https:\\\/\\\/alice.ch\\\/fr\\\/services\\\/projets-de-cheques-de-la-fsea\\\/aide-suisse-a-la-montagne\\\/\"]}]},{\"@type\":\"ImageObject\",\"inLanguage\":\"fr-FR\",\"@id\":\"https:\\\/\\\/alice.ch\\\/fr\\\/services\\\/projets-de-cheques-de-la-fsea\\\/aide-suisse-a-la-montagne\\\/#primaryimage\",\"url\":\"https:\\\/\\\/alice.ch\\\/app\\\/uploads\\\/2022\\\/11\\\/default.jpg\",\"contentUrl\":\"https:\\\/\\\/alice.ch\\\/app\\\/uploads\\\/2022\\\/11\\\/default.jpg\",\"width\":1600,\"height\":900},{\"@type\":\"BreadcrumbList\",\"@id\":\"https:\\\/\\\/alice.ch\\\/fr\\\/services\\\/projets-de-cheques-de-la-fsea\\\/aide-suisse-a-la-montagne\\\/#breadcrumb\",\"itemListElement\":[{\"@type\":\"ListItem\",\"position\":1,\"name\":\"Page d'accueil\",\"item\":\"https:\\\/\\\/alice.ch\\\/fr\\\/\"},{\"@type\":\"ListItem\",\"position\":2,\"name\":\"Services\",\"item\":\"https:\\\/\\\/alice.ch\\\/fr\\\/services\\\/\"},{\"@type\":\"ListItem\",\"position\":3,\"name\":\"Projets de ch\u00e8ques de la FSEA\",\"item\":\"https:\\\/\\\/alice.ch\\\/fr\\\/services\\\/projets-de-cheques-de-la-fsea\\\/\"},{\"@type\":\"ListItem\",\"position\":4,\"name\":\"Aide suisse \u00e0 la montagne\"}]},{\"@type\":\"WebSite\",\"@id\":\"https:\\\/\\\/alice.ch\\\/fr\\\/#website\",\"url\":\"https:\\\/\\\/alice.ch\\\/fr\\\/\",\"name\":\"alice.ch (Adult Learning Information Center) ist das Portal der Weiterbildung in der Schweiz.\",\"description\":\"Schweizerischer Verband f\u00fcr Weiterbildung\",\"publisher\":{\"@id\":\"https:\\\/\\\/alice.ch\\\/fr\\\/#organization\"},\"potentialAction\":[{\"@type\":\"SearchAction\",\"target\":{\"@type\":\"EntryPoint\",\"urlTemplate\":\"https:\\\/\\\/alice.ch\\\/fr\\\/?s={search_term_string}\"},\"query-input\":{\"@type\":\"PropertyValueSpecification\",\"valueRequired\":true,\"valueName\":\"search_term_string\"}}],\"inLanguage\":\"fr-FR\"},{\"@type\":\"Organization\",\"@id\":\"https:\\\/\\\/alice.ch\\\/fr\\\/#organization\",\"name\":\"FSEA F\u00e9d\u00e9ration suisse pour la formation continue\",\"url\":\"https:\\\/\\\/alice.ch\\\/fr\\\/\",\"logo\":{\"@type\":\"ImageObject\",\"inLanguage\":\"fr-FR\",\"@id\":\"https:\\\/\\\/alice.ch\\\/fr\\\/#\\\/schema\\\/logo\\\/image\\\/\",\"url\":\"https:\\\/\\\/alice.ch\\\/app\\\/uploads\\\/2022\\\/07\\\/logo-sveb.png\",\"contentUrl\":\"https:\\\/\\\/alice.ch\\\/app\\\/uploads\\\/2022\\\/07\\\/logo-sveb.png\",\"width\":145,\"height\":64,\"caption\":\"FSEA F\u00e9d\u00e9ration suisse pour la formation continue\"},\"image\":{\"@id\":\"https:\\\/\\\/alice.ch\\\/fr\\\/#\\\/schema\\\/logo\\\/image\\\/\"},\"sameAs\":[\"https:\\\/\\\/www.linkedin.com\\\/company\\\/schweizerischer-verband-fr-weiterbildung-sveb\\\/\"]}]}<\/script>\n<!-- \/ Yoast SEO plugin. -->","yoast_head_json":{"title":"Aide suisse \u00e0 la montagne - FSEA","description":"Soutien \u00e0 la num\u00e9risation des PME dans les r\u00e9gions de montagne : Description du programme, plateforme de cours, groupe cible, contexte","robots":{"index":"index","follow":"follow","max-snippet":"max-snippet:-1","max-image-preview":"max-image-preview:large","max-video-preview":"max-video-preview:-1"},"canonical":"https:\/\/alice.ch\/fr\/services\/projets-de-cheques-de-la-fsea\/aide-suisse-a-la-montagne\/","og_locale":"fr_FR","og_type":"article","og_title":"Aide suisse \u00e0 la montagne - FSEA","og_description":"Soutien \u00e0 la num\u00e9risation des PME dans les r\u00e9gions de montagne : Description du programme, plateforme de cours, groupe cible, contexte","og_url":"https:\/\/alice.ch\/fr\/services\/projets-de-cheques-de-la-fsea\/aide-suisse-a-la-montagne\/","og_site_name":"SVEB","article_modified_time":"2023-12-15T09:45:18+00:00","twitter_card":"summary_large_image","twitter_misc":{"Dur\u00e9e de lecture estim\u00e9e":"2 minutes"},"schema":{"@context":"https:\/\/schema.org","@graph":[{"@type":"WebPage","@id":"https:\/\/alice.ch\/fr\/services\/projets-de-cheques-de-la-fsea\/aide-suisse-a-la-montagne\/","url":"https:\/\/alice.ch\/fr\/services\/projets-de-cheques-de-la-fsea\/aide-suisse-a-la-montagne\/","name":"Aide suisse \u00e0 la montagne - FSEA","isPartOf":{"@id":"https:\/\/alice.ch\/fr\/#website"},"primaryImageOfPage":{"@id":"https:\/\/alice.ch\/fr\/services\/projets-de-cheques-de-la-fsea\/aide-suisse-a-la-montagne\/#primaryimage"},"image":{"@id":"https:\/\/alice.ch\/fr\/services\/projets-de-cheques-de-la-fsea\/aide-suisse-a-la-montagne\/#primaryimage"},"thumbnailUrl":"https:\/\/alice.ch\/app\/uploads\/2022\/11\/default.jpg","datePublished":"2022-08-16T14:59:10+00:00","dateModified":"2023-12-15T09:45:18+00:00","description":"Soutien \u00e0 la num\u00e9risation des PME dans les r\u00e9gions de montagne : Description du programme, plateforme de cours, groupe cible, contexte","breadcrumb":{"@id":"https:\/\/alice.ch\/fr\/services\/projets-de-cheques-de-la-fsea\/aide-suisse-a-la-montagne\/#breadcrumb"},"inLanguage":"fr-FR","potentialAction":[{"@type":"ReadAction","target":["https:\/\/alice.ch\/fr\/services\/projets-de-cheques-de-la-fsea\/aide-suisse-a-la-montagne\/"]}]},{"@type":"ImageObject","inLanguage":"fr-FR","@id":"https:\/\/alice.ch\/fr\/services\/projets-de-cheques-de-la-fsea\/aide-suisse-a-la-montagne\/#primaryimage","url":"https:\/\/alice.ch\/app\/uploads\/2022\/11\/default.jpg","contentUrl":"https:\/\/alice.ch\/app\/uploads\/2022\/11\/default.jpg","width":1600,"height":900},{"@type":"BreadcrumbList","@id":"https:\/\/alice.ch\/fr\/services\/projets-de-cheques-de-la-fsea\/aide-suisse-a-la-montagne\/#breadcrumb","itemListElement":[{"@type":"ListItem","position":1,"name":"Page d'accueil","item":"https:\/\/alice.ch\/fr\/"},{"@type":"ListItem","position":2,"name":"Services","item":"https:\/\/alice.ch\/fr\/services\/"},{"@type":"ListItem","position":3,"name":"Projets de ch\u00e8ques de la FSEA","item":"https:\/\/alice.ch\/fr\/services\/projets-de-cheques-de-la-fsea\/"},{"@type":"ListItem","position":4,"name":"Aide suisse \u00e0 la montagne"}]},{"@type":"WebSite","@id":"https:\/\/alice.ch\/fr\/#website","url":"https:\/\/alice.ch\/fr\/","name":"alice.ch (Adult Learning Information Center) ist das Portal der Weiterbildung in der Schweiz.","description":"Schweizerischer Verband f\u00fcr Weiterbildung","publisher":{"@id":"https:\/\/alice.ch\/fr\/#organization"},"potentialAction":[{"@type":"SearchAction","target":{"@type":"EntryPoint","urlTemplate":"https:\/\/alice.ch\/fr\/?s={search_term_string}"},"query-input":{"@type":"PropertyValueSpecification","valueRequired":true,"valueName":"search_term_string"}}],"inLanguage":"fr-FR"},{"@type":"Organization","@id":"https:\/\/alice.ch\/fr\/#organization","name":"FSEA F\u00e9d\u00e9ration suisse pour la formation continue","url":"https:\/\/alice.ch\/fr\/","logo":{"@type":"ImageObject","inLanguage":"fr-FR","@id":"https:\/\/alice.ch\/fr\/#\/schema\/logo\/image\/","url":"https:\/\/alice.ch\/app\/uploads\/2022\/07\/logo-sveb.png","contentUrl":"https:\/\/alice.ch\/app\/uploads\/2022\/07\/logo-sveb.png","width":145,"height":64,"caption":"FSEA F\u00e9d\u00e9ration suisse pour la formation continue"},"image":{"@id":"https:\/\/alice.ch\/fr\/#\/schema\/logo\/image\/"},"sameAs":["https:\/\/www.linkedin.com\/company\/schweizerischer-verband-fr-weiterbildung-sveb\/"]}]}},"_links":{"self":[{"href":"https:\/\/alice.ch\/fr\/wp-json\/wp\/v2\/pages\/11318","targetHints":{"allow":["GET"]}}],"collection":[{"href":"https:\/\/alice.ch\/fr\/wp-json\/wp\/v2\/pages"}],"about":[{"href":"https:\/\/alice.ch\/fr\/wp-json\/wp\/v2\/types\/page"}],"author":[{"embeddable":true,"href":"https:\/\/alice.ch\/fr\/wp-json\/wp\/v2\/users\/4"}],"replies":[{"embeddable":true,"href":"https:\/\/alice.ch\/fr\/wp-json\/wp\/v2\/comments?post=11318"}],"version-history":[{"count":12,"href":"https:\/\/alice.ch\/fr\/wp-json\/wp\/v2\/pages\/11318\/revisions"}],"predecessor-version":[{"id":56913,"href":"https:\/\/alice.ch\/fr\/wp-json\/wp\/v2\/pages\/11318\/revisions\/56913"}],"up":[{"embeddable":true,"href":"https:\/\/alice.ch\/fr\/wp-json\/wp\/v2\/pages\/11312"}],"wp:featuredmedia":[{"embeddable":true,"href":"https:\/\/alice.ch\/fr\/wp-json\/wp\/v2\/media\/20799"}],"wp:attachment":[{"href":"https:\/\/alice.ch\/fr\/wp-json\/wp\/v2\/media?parent=11318"}],"curies":[{"name":"wp","href":"https:\/\/api.w.org\/{rel}","templated":true}]}}