{"id":11320,"date":"2022-08-16T16:58:41","date_gmt":"2022-08-16T14:58:41","guid":{"rendered":"https:\/\/projects.atxeit.ch\/sveb\/gutscheinprojekte-des-sveb\/temptraining\/"},"modified":"2023-12-11T09:36:09","modified_gmt":"2023-12-11T08:36:09","slug":"temptraining","status":"publish","type":"page","link":"https:\/\/alice.ch\/fr\/services\/projets-de-cheques-de-la-fsea\/temptraining\/","title":{"rendered":"Temptraining"},"content":{"rendered":"\n<div class=\"wp-block-group is-style-reduced-width is-layout-flow wp-block-group-is-layout-flow\">\n<h1 class=\"wp-block-heading\">Projet de bons de Temptraining avec la FSEA<\/h1>\n\n\n\n<h2 class=\"wp-block-heading\">Promotion de la formation continue pour travailleurs temporaires sans certification professionnelle formelle<\/h2>\n\n\n\n<p>Dans le cadre de ce projet de bons, des travailleurs temporaires sans dipl\u00f4me professionnel reconnu ont b\u00e9n\u00e9fici\u00e9 d&rsquo;une formation continue subventionn\u00e9e. Les bons de formation continue d\u00e9livr\u00e9s par les entreprises de travail temporaire leur ont permis d&rsquo;\u00e9largir et d&rsquo;approfondir leurs comp\u00e9tences. Gr\u00e2ce aux formations continues et aux attestations correspondantes, ils ont pu justifier de leurs comp\u00e9tences lors d&rsquo;un changement d&#8217;emploi. Et ainsi am\u00e9liorer leur employabilit\u00e9.<\/p>\n\n\n\n<h3 class=\"wp-block-heading\">Description du projet<\/h3>\n\n\n\n<p><a href=\"https:\/\/www.tempservice.ch\/fr\/temptraining\/index.php\" target=\"_blank\" rel=\"noreferrer noopener\">Temptraining<\/a>, le fonds de formation continue pour les travailleurs temporaires, voulait, en coop\u00e9ration avec la FSEA, augmenter l&rsquo;activit\u00e9 de formation continue des travailleurs temporaires en Suisse : Afin de motiver les travailleurs temporaires peu qualifi\u00e9s \u00e0 participer \u00e0 une formation continue, des bons de formation continue d&rsquo;une valeur de 1000 francs chacun ont \u00e9t\u00e9 attribu\u00e9s. Les bons pouvaient \u00eatre utilis\u00e9s pour des cours publi\u00e9s sur <a href=\"https:\/\/www.formationcontinue.swiss\/\" target=\"_blank\" rel=\"noreferrer noopener\">formationcontinue.swiss<\/a>. Au total, 4000 bons de formation continue ont \u00e9t\u00e9 remis pour le projet pilote.<\/p>\n\n\n\n<h3 class=\"wp-block-heading\">Plate-forme de cours<\/h3>\n\n\n\n<p>La plate-forme de cours a \u00e9t\u00e9 exploit\u00e9e d&rsquo;avril 2021 \u00e0 fin 2022. Elle permettait de rechercher, de comparer et de r\u00e9server facilement des formations continues. Les travailleurs temporaires n&rsquo;ont donc pas eu besoin de faire de demande. L&rsquo;encaissement des bons s&rsquo;est fait via le syst\u00e8me de bons de la FSEA.<\/p>\n\n\n\n<h3 class=\"wp-block-heading\">Groupe cible<\/h3>\n\n\n\n<p>L&rsquo;offre s&rsquo;adressait aux travailleurs temporaires en Suisse sans dipl\u00f4me professionnel formel.<\/p>\n\n\n\n<h3 class=\"wp-block-heading\">Notre partenaire Temptraining<\/h3>\n\n\n\n<p>En 2012, lors de la conclusion de la convention collective de travail (CCT) \u00ab&nbsp;Location de services&nbsp;\u00bb, le fonds paritaire de formation continue Temptraining a \u00e9t\u00e9 cr\u00e9\u00e9 pour financer des formations continues \u00e0 orientation professionnelle. Il finance des formations continues \u00e0 orientation professionnelle et comble ainsi une br\u00e8che dans les possibilit\u00e9s de formation continue pour les travailleurs temporaires.<\/p>\n\n\n\n<p>Temptraining propose une formation continue subventionn\u00e9e aux travailleurs temporaires soumis \u00e0 la CCT \u00ab&nbsp;Location des services&nbsp;\u00bb pour le travail temporaire. La gestion op\u00e9rationnelle du fonds de formation continue pour les travailleurs temporaires est assur\u00e9e par <a href=\"https:\/\/www.swissstaffing.ch\/fr\/Home\/index.php?\" target=\"_blank\" rel=\"noreferrer noopener\">swissstaffing<\/a>, l\u2019association suisse des prestataires des services de l\u2019emploi.<\/p>\n\n\n\n<h3 class=\"wp-block-heading\">Contexte <\/h3>\n\n\n\n<p>Selon une \u00e9tude de swissstaffing de 2014, les travailleurs sans formation professionnelle sont surrepr\u00e9sent\u00e9s parmi les travailleurs temporaires par rapport \u00e0 l&rsquo;ensemble des personnes actives. En Suisse, les adultes sans dipl\u00f4me formel n&rsquo;ont que des chances limit\u00e9es sur le march\u00e9 du travail. La formation continue peut leur ouvrir la voie vers une activit\u00e9 professionnelle stable.<\/p>\n\n\n\n<h2 class=\"wp-block-heading\">Contact<\/h2>\n\n\n\n<div class=\"wp-block-columns is-layout-flex wp-container-core-columns-is-layout-28f84493 wp-block-columns-is-layout-flex\">\n<div class=\"wp-block-column is-layout-flow wp-block-column-is-layout-flow\" style=\"flex-basis:50%\"><div class=\"contact-persons\">\n\n\t\t\t\t\t<div class=\"contact-person\">\n\t\t\t\t\tBirte Theiler<br \/>\t\t\t\t\tResponsable du domaine ch\u00e8ques de formation<br \/>\t\t\t\t\t<br \/>\n\t\t\t\t\t\t\t\t\t\t<a href=\"tel:+41 (0)44 319 71 57\">+41 (0)44 319 71 57<\/a><br \/>\t\t\t\t\t<a href=\"mailto:birte.theiler@alice.ch\">birte.theiler@alice.ch<\/a><br \/>\t\t\t\t\t<\/div>\n\t\t\t\t\t<\/div>\n<\/div>\n\n\n\n<div class=\"wp-block-column is-layout-flow wp-block-column-is-layout-flow\" style=\"flex-basis:50%\"><\/div>\n<\/div>\n<\/div>\n","protected":false},"excerpt":{"rendered":"<p>Projet de bons de Temptraining avec la FSEA Promotion de la formation continue pour travailleurs temporaires sans certification professionnelle formelle [&hellip;]<\/p>\n","protected":false},"author":4,"featured_media":20799,"parent":11312,"menu_order":152,"comment_status":"closed","ping_status":"closed","template":"","meta":{"_acf_changed":false,"inline_featured_image":false,"footnotes":""},"class_list":["post-11320","page","type-page","status-publish","has-post-thumbnail","hentry"],"acf":[],"yoast_head":"<!-- This site is optimized with the Yoast SEO plugin v27.3 - https:\/\/yoast.com\/product\/yoast-seo-wordpress\/ -->\n<title>Temptraining - FSEA<\/title>\n<meta name=\"description\" content=\"Bons pour les personnes sans dipl\u00f4me professionnel qui travaillent dans des entreprises de travail temporaire.\" \/>\n<meta name=\"robots\" content=\"index, follow, max-snippet:-1, max-image-preview:large, max-video-preview:-1\" \/>\n<link rel=\"canonical\" href=\"https:\/\/alice.ch\/fr\/services\/projets-de-cheques-de-la-fsea\/temptraining\/\" \/>\n<meta property=\"og:locale\" content=\"fr_FR\" \/>\n<meta property=\"og:type\" content=\"article\" \/>\n<meta property=\"og:title\" content=\"Temptraining - FSEA\" \/>\n<meta property=\"og:description\" content=\"Bons pour les personnes sans dipl\u00f4me professionnel qui travaillent dans des entreprises de travail temporaire.\" \/>\n<meta property=\"og:url\" content=\"https:\/\/alice.ch\/fr\/services\/projets-de-cheques-de-la-fsea\/temptraining\/\" \/>\n<meta property=\"og:site_name\" content=\"SVEB\" \/>\n<meta property=\"article:modified_time\" content=\"2023-12-11T08:36:09+00:00\" \/>\n<meta name=\"twitter:card\" content=\"summary_large_image\" \/>\n<meta name=\"twitter:label1\" content=\"Dur\u00e9e de lecture estim\u00e9e\" \/>\n\t<meta name=\"twitter:data1\" content=\"3 minutes\" \/>\n<script type=\"application\/ld+json\" class=\"yoast-schema-graph\">{\"@context\":\"https:\\\/\\\/schema.org\",\"@graph\":[{\"@type\":\"WebPage\",\"@id\":\"https:\\\/\\\/alice.ch\\\/fr\\\/services\\\/projets-de-cheques-de-la-fsea\\\/temptraining\\\/\",\"url\":\"https:\\\/\\\/alice.ch\\\/fr\\\/services\\\/projets-de-cheques-de-la-fsea\\\/temptraining\\\/\",\"name\":\"Temptraining - FSEA\",\"isPartOf\":{\"@id\":\"https:\\\/\\\/alice.ch\\\/fr\\\/#website\"},\"primaryImageOfPage\":{\"@id\":\"https:\\\/\\\/alice.ch\\\/fr\\\/services\\\/projets-de-cheques-de-la-fsea\\\/temptraining\\\/#primaryimage\"},\"image\":{\"@id\":\"https:\\\/\\\/alice.ch\\\/fr\\\/services\\\/projets-de-cheques-de-la-fsea\\\/temptraining\\\/#primaryimage\"},\"thumbnailUrl\":\"https:\\\/\\\/alice.ch\\\/app\\\/uploads\\\/2022\\\/11\\\/default.jpg\",\"datePublished\":\"2022-08-16T14:58:41+00:00\",\"dateModified\":\"2023-12-11T08:36:09+00:00\",\"description\":\"Bons pour les personnes sans dipl\u00f4me professionnel qui travaillent dans des entreprises de travail temporaire.\",\"breadcrumb\":{\"@id\":\"https:\\\/\\\/alice.ch\\\/fr\\\/services\\\/projets-de-cheques-de-la-fsea\\\/temptraining\\\/#breadcrumb\"},\"inLanguage\":\"fr-FR\",\"potentialAction\":[{\"@type\":\"ReadAction\",\"target\":[\"https:\\\/\\\/alice.ch\\\/fr\\\/services\\\/projets-de-cheques-de-la-fsea\\\/temptraining\\\/\"]}]},{\"@type\":\"ImageObject\",\"inLanguage\":\"fr-FR\",\"@id\":\"https:\\\/\\\/alice.ch\\\/fr\\\/services\\\/projets-de-cheques-de-la-fsea\\\/temptraining\\\/#primaryimage\",\"url\":\"https:\\\/\\\/alice.ch\\\/app\\\/uploads\\\/2022\\\/11\\\/default.jpg\",\"contentUrl\":\"https:\\\/\\\/alice.ch\\\/app\\\/uploads\\\/2022\\\/11\\\/default.jpg\",\"width\":1600,\"height\":900},{\"@type\":\"BreadcrumbList\",\"@id\":\"https:\\\/\\\/alice.ch\\\/fr\\\/services\\\/projets-de-cheques-de-la-fsea\\\/temptraining\\\/#breadcrumb\",\"itemListElement\":[{\"@type\":\"ListItem\",\"position\":1,\"name\":\"Page d'accueil\",\"item\":\"https:\\\/\\\/alice.ch\\\/fr\\\/\"},{\"@type\":\"ListItem\",\"position\":2,\"name\":\"Services\",\"item\":\"https:\\\/\\\/alice.ch\\\/fr\\\/services\\\/\"},{\"@type\":\"ListItem\",\"position\":3,\"name\":\"Projets de ch\u00e8ques de la FSEA\",\"item\":\"https:\\\/\\\/alice.ch\\\/fr\\\/services\\\/projets-de-cheques-de-la-fsea\\\/\"},{\"@type\":\"ListItem\",\"position\":4,\"name\":\"Temptraining\"}]},{\"@type\":\"WebSite\",\"@id\":\"https:\\\/\\\/alice.ch\\\/fr\\\/#website\",\"url\":\"https:\\\/\\\/alice.ch\\\/fr\\\/\",\"name\":\"alice.ch (Adult Learning Information Center) ist das Portal der Weiterbildung in der Schweiz.\",\"description\":\"Schweizerischer Verband f\u00fcr Weiterbildung\",\"publisher\":{\"@id\":\"https:\\\/\\\/alice.ch\\\/fr\\\/#organization\"},\"potentialAction\":[{\"@type\":\"SearchAction\",\"target\":{\"@type\":\"EntryPoint\",\"urlTemplate\":\"https:\\\/\\\/alice.ch\\\/fr\\\/?s={search_term_string}\"},\"query-input\":{\"@type\":\"PropertyValueSpecification\",\"valueRequired\":true,\"valueName\":\"search_term_string\"}}],\"inLanguage\":\"fr-FR\"},{\"@type\":\"Organization\",\"@id\":\"https:\\\/\\\/alice.ch\\\/fr\\\/#organization\",\"name\":\"FSEA F\u00e9d\u00e9ration suisse pour la formation continue\",\"url\":\"https:\\\/\\\/alice.ch\\\/fr\\\/\",\"logo\":{\"@type\":\"ImageObject\",\"inLanguage\":\"fr-FR\",\"@id\":\"https:\\\/\\\/alice.ch\\\/fr\\\/#\\\/schema\\\/logo\\\/image\\\/\",\"url\":\"https:\\\/\\\/alice.ch\\\/app\\\/uploads\\\/2022\\\/07\\\/logo-sveb.png\",\"contentUrl\":\"https:\\\/\\\/alice.ch\\\/app\\\/uploads\\\/2022\\\/07\\\/logo-sveb.png\",\"width\":145,\"height\":64,\"caption\":\"FSEA F\u00e9d\u00e9ration suisse pour la formation continue\"},\"image\":{\"@id\":\"https:\\\/\\\/alice.ch\\\/fr\\\/#\\\/schema\\\/logo\\\/image\\\/\"},\"sameAs\":[\"https:\\\/\\\/www.linkedin.com\\\/company\\\/schweizerischer-verband-fr-weiterbildung-sveb\\\/\"]}]}<\/script>\n<!-- \/ Yoast SEO plugin. -->","yoast_head_json":{"title":"Temptraining - FSEA","description":"Bons pour les personnes sans dipl\u00f4me professionnel qui travaillent dans des entreprises de travail temporaire.","robots":{"index":"index","follow":"follow","max-snippet":"max-snippet:-1","max-image-preview":"max-image-preview:large","max-video-preview":"max-video-preview:-1"},"canonical":"https:\/\/alice.ch\/fr\/services\/projets-de-cheques-de-la-fsea\/temptraining\/","og_locale":"fr_FR","og_type":"article","og_title":"Temptraining - FSEA","og_description":"Bons pour les personnes sans dipl\u00f4me professionnel qui travaillent dans des entreprises de travail temporaire.","og_url":"https:\/\/alice.ch\/fr\/services\/projets-de-cheques-de-la-fsea\/temptraining\/","og_site_name":"SVEB","article_modified_time":"2023-12-11T08:36:09+00:00","twitter_card":"summary_large_image","twitter_misc":{"Dur\u00e9e de lecture estim\u00e9e":"3 minutes"},"schema":{"@context":"https:\/\/schema.org","@graph":[{"@type":"WebPage","@id":"https:\/\/alice.ch\/fr\/services\/projets-de-cheques-de-la-fsea\/temptraining\/","url":"https:\/\/alice.ch\/fr\/services\/projets-de-cheques-de-la-fsea\/temptraining\/","name":"Temptraining - FSEA","isPartOf":{"@id":"https:\/\/alice.ch\/fr\/#website"},"primaryImageOfPage":{"@id":"https:\/\/alice.ch\/fr\/services\/projets-de-cheques-de-la-fsea\/temptraining\/#primaryimage"},"image":{"@id":"https:\/\/alice.ch\/fr\/services\/projets-de-cheques-de-la-fsea\/temptraining\/#primaryimage"},"thumbnailUrl":"https:\/\/alice.ch\/app\/uploads\/2022\/11\/default.jpg","datePublished":"2022-08-16T14:58:41+00:00","dateModified":"2023-12-11T08:36:09+00:00","description":"Bons pour les personnes sans dipl\u00f4me professionnel qui travaillent dans des entreprises de travail temporaire.","breadcrumb":{"@id":"https:\/\/alice.ch\/fr\/services\/projets-de-cheques-de-la-fsea\/temptraining\/#breadcrumb"},"inLanguage":"fr-FR","potentialAction":[{"@type":"ReadAction","target":["https:\/\/alice.ch\/fr\/services\/projets-de-cheques-de-la-fsea\/temptraining\/"]}]},{"@type":"ImageObject","inLanguage":"fr-FR","@id":"https:\/\/alice.ch\/fr\/services\/projets-de-cheques-de-la-fsea\/temptraining\/#primaryimage","url":"https:\/\/alice.ch\/app\/uploads\/2022\/11\/default.jpg","contentUrl":"https:\/\/alice.ch\/app\/uploads\/2022\/11\/default.jpg","width":1600,"height":900},{"@type":"BreadcrumbList","@id":"https:\/\/alice.ch\/fr\/services\/projets-de-cheques-de-la-fsea\/temptraining\/#breadcrumb","itemListElement":[{"@type":"ListItem","position":1,"name":"Page d'accueil","item":"https:\/\/alice.ch\/fr\/"},{"@type":"ListItem","position":2,"name":"Services","item":"https:\/\/alice.ch\/fr\/services\/"},{"@type":"ListItem","position":3,"name":"Projets de ch\u00e8ques de la FSEA","item":"https:\/\/alice.ch\/fr\/services\/projets-de-cheques-de-la-fsea\/"},{"@type":"ListItem","position":4,"name":"Temptraining"}]},{"@type":"WebSite","@id":"https:\/\/alice.ch\/fr\/#website","url":"https:\/\/alice.ch\/fr\/","name":"alice.ch (Adult Learning Information Center) ist das Portal der Weiterbildung in der Schweiz.","description":"Schweizerischer Verband f\u00fcr Weiterbildung","publisher":{"@id":"https:\/\/alice.ch\/fr\/#organization"},"potentialAction":[{"@type":"SearchAction","target":{"@type":"EntryPoint","urlTemplate":"https:\/\/alice.ch\/fr\/?s={search_term_string}"},"query-input":{"@type":"PropertyValueSpecification","valueRequired":true,"valueName":"search_term_string"}}],"inLanguage":"fr-FR"},{"@type":"Organization","@id":"https:\/\/alice.ch\/fr\/#organization","name":"FSEA F\u00e9d\u00e9ration suisse pour la formation continue","url":"https:\/\/alice.ch\/fr\/","logo":{"@type":"ImageObject","inLanguage":"fr-FR","@id":"https:\/\/alice.ch\/fr\/#\/schema\/logo\/image\/","url":"https:\/\/alice.ch\/app\/uploads\/2022\/07\/logo-sveb.png","contentUrl":"https:\/\/alice.ch\/app\/uploads\/2022\/07\/logo-sveb.png","width":145,"height":64,"caption":"FSEA F\u00e9d\u00e9ration suisse pour la formation continue"},"image":{"@id":"https:\/\/alice.ch\/fr\/#\/schema\/logo\/image\/"},"sameAs":["https:\/\/www.linkedin.com\/company\/schweizerischer-verband-fr-weiterbildung-sveb\/"]}]}},"_links":{"self":[{"href":"https:\/\/alice.ch\/fr\/wp-json\/wp\/v2\/pages\/11320","targetHints":{"allow":["GET"]}}],"collection":[{"href":"https:\/\/alice.ch\/fr\/wp-json\/wp\/v2\/pages"}],"about":[{"href":"https:\/\/alice.ch\/fr\/wp-json\/wp\/v2\/types\/page"}],"author":[{"embeddable":true,"href":"https:\/\/alice.ch\/fr\/wp-json\/wp\/v2\/users\/4"}],"replies":[{"embeddable":true,"href":"https:\/\/alice.ch\/fr\/wp-json\/wp\/v2\/comments?post=11320"}],"version-history":[{"count":10,"href":"https:\/\/alice.ch\/fr\/wp-json\/wp\/v2\/pages\/11320\/revisions"}],"predecessor-version":[{"id":56692,"href":"https:\/\/alice.ch\/fr\/wp-json\/wp\/v2\/pages\/11320\/revisions\/56692"}],"up":[{"embeddable":true,"href":"https:\/\/alice.ch\/fr\/wp-json\/wp\/v2\/pages\/11312"}],"wp:featuredmedia":[{"embeddable":true,"href":"https:\/\/alice.ch\/fr\/wp-json\/wp\/v2\/media\/20799"}],"wp:attachment":[{"href":"https:\/\/alice.ch\/fr\/wp-json\/wp\/v2\/media?parent=11320"}],"curies":[{"name":"wp","href":"https:\/\/api.w.org\/{rel}","templated":true}]}}