{"id":11370,"date":"2022-08-16T16:57:54","date_gmt":"2022-08-16T14:57:54","guid":{"rendered":"https:\/\/projects.atxeit.ch\/sveb\/gutscheinprojekte-des-sveb\/bildungsgutscheine-als-instrument\/"},"modified":"2023-12-12T17:39:01","modified_gmt":"2023-12-12T16:39:01","slug":"retrospective-des-projets-de-bons-suisses","status":"publish","type":"page","link":"https:\/\/alice.ch\/fr\/services\/projets-de-cheques-de-la-fsea\/retrospective-des-projets-de-bons-suisses\/","title":{"rendered":"R\u00e9trospective des projets de bons suisses"},"content":{"rendered":"\n<div class=\"wp-block-group is-style-reduced-width is-layout-flow wp-block-group-is-layout-flow\">\n<h1 class=\"wp-block-heading\">Les bons de formation comme instrument de promotion<\/h1>\n\n\n\n<p class=\"is-style-lead\">Les bons de formation jouent un r\u00f4le toujours plus important dans le secteur de la formation continue depuis le d\u00e9but des ann\u00e9es&nbsp;2000. En 2007, la Conf\u00e9d\u00e9ration a command\u00e9 une exp\u00e9rience sur le terrain pour en savoir plus sur leur efficacit\u00e9.<\/p>\n\n\n\n<p>Depuis, les bons de formation sont envisag\u00e9s et test\u00e9s comme instrument de financement dans diff\u00e9rents contextes, tant par des services publics et des organismes de promotion priv\u00e9s que par des acteurs sectoriels priv\u00e9s.<\/p>\n\n\n\n<h2 class=\"wp-block-heading\">Exemples de projets de bon de formation \u00e9tablis<\/h2>\n\n\n\n<ul class=\"wp-block-list\">\n<li>Le canton de Gen\u00e8ve a lanc\u00e9 avec succ\u00e8s les bons de formation en 2001 comme dispositif pour augmenter la participation \u00e0 la formation continue parmi la population. Le \u00ab<a href=\"http:\/\/www.citedesmetiers.ch\/cdmt\/Cite-des-metiers-du-Grand-Geneve\/Finance\/Cheque-annuel-de-formation\" target=\"_blank\" rel=\"noreferrer noopener\">ch\u00e8que annuel de formation<\/a>\u00bb est \u00e0 ce jour le seul bon de formation continue \u00e0 dur\u00e9e ind\u00e9termin\u00e9e en Suisse.<\/li>\n\n\n\n<li>Un projet de bon de formation avec une conception similaire \u00e0 celui du canton de Gen\u00e8ve est aussi en cours de lancement&nbsp;<a href=\"https:\/\/www.erwachsenenbildung.li\/de\/weiterbildungsgutschein\/das-muessen-sie-wissen\/tblid\/17\" target=\"_blank\" rel=\"noreferrer noopener\">au Liechtenstein<\/a>.<\/li>\n<\/ul>\n\n\n\n<h2 class=\"wp-block-heading\">Promotion des comp\u00e9tences de base<\/h2>\n\n\n\n<p>En vertu de la&nbsp;<a href=\"https:\/\/alice.ch\/fr\/fsea-fr\/politique-de-la-formation\/loi-sur-la-formation-continue\/\">loi sur la formation continue<\/a>&nbsp;introduite en Suisse en 2017, la formation continue doit le plus possible \u00eatre ax\u00e9e sur la demande. Cela signifie que le soutien financier s\u2019adresse aux participants et participantes \u00e0 la formation continue.<\/p>\n\n\n\n<p>L\u2019un des axes prioritaires r\u00e9side dans la promotion de la participation \u00e0 la formation continue chez les personnes avec des comp\u00e9tences de base insuffisantes. \u00c0 cet \u00e9gard, les bons de formation peuvent permettre d\u2019ouvrir des portes. Des obstacles sont surmont\u00e9s gr\u00e2ce au soutien financier.<\/p>\n\n\n\n<h3 class=\"wp-block-heading\">Durabilit\u00e9 gr\u00e2ce \u00e0 l\u2019orientation sur les participants et participants<\/h3>\n\n\n\n<div class=\"wp-block-buttons is-layout-flex wp-block-buttons-is-layout-flex\">\n<div class=\"wp-block-button has-custom-width wp-block-button__width-50 is-style-outline is-style-outline--1\"><a class=\"wp-block-button__link wp-element-button\" href=\"https:\/\/alice.ch\/fr\/themes\/competences-de-base\/promotion-innovante\/\">Comp\u00e9tences de base: promotion innovante<\/a><\/div>\n<\/div>\n\n\n\n<p>Afin de garantir un effet de longue dur\u00e9e et encourager durablement les adultes peu qualifi\u00e9s \u00e0 participer \u00e0 la formation continue, des mesures autres que le simple financement sont n\u00e9cessaires, comme la clarification des besoins et les prestations de conseil orient\u00e9es sur les participants et participantes.<\/p>\n\n\n\n<h2 class=\"wp-block-heading\">Initiatives actuelles des partenaires<\/h2>\n\n\n\n<div class=\"wp-block-buttons is-layout-flex wp-block-buttons-is-layout-flex\">\n<div class=\"wp-block-button has-custom-width wp-block-button__width-50 is-style-outline is-style-outline--2\"><a class=\"wp-block-button__link wp-element-button\" href=\"https:\/\/alice.ch\/fr\/services\/projets-de-bons-de-la-fsea\/projet-de-bons-de-formation-dans-le-canton-dargovie\/\">Canton d\u2019Argovie<\/a><\/div>\n<\/div>\n\n\n\n<div class=\"wp-block-buttons is-layout-flex wp-block-buttons-is-layout-flex\">\n<div class=\"wp-block-button has-custom-width wp-block-button__width-50 is-style-outline is-style-outline--3\"><a class=\"wp-block-button__link wp-element-button\" href=\"https:\/\/alice.ch\/fr\/services\/projets-de-bons-de-la-fsea\/canton-de-fribourg\/\">Canton de Fribourg<\/a><\/div>\n<\/div>\n\n\n\n<div class=\"wp-block-buttons is-layout-flex wp-block-buttons-is-layout-flex\">\n<div class=\"wp-block-button has-custom-width wp-block-button__width-50 is-style-outline is-style-outline--4\"><a class=\"wp-block-button__link wp-element-button\" href=\"https:\/\/alice.ch\/fr\/projets-de-bons-de-la-fsea\/canton-de-lucerne\/\">Canton de Lucerne<\/a><\/div>\n<\/div>\n\n\n\n<h2 class=\"wp-block-heading\">Initiatives pr\u00e9c\u00e9dentes de partenaires<\/h2>\n\n\n\n<div class=\"wp-block-buttons is-layout-flex wp-block-buttons-is-layout-flex\">\n<div class=\"wp-block-button has-custom-width wp-block-button__width-50 is-style-outline is-style-outline--5\"><a class=\"wp-block-button__link wp-element-button\" href=\"https:\/\/alice.ch\/fr\/projets-de-bons-de-la-fsea\/aide-suisse-a-la-montagne\/\">Aide suisse \u00e0 la montagne<\/a><\/div>\n<\/div>\n\n\n\n<div class=\"wp-block-buttons is-layout-flex wp-block-buttons-is-layout-flex\">\n<div class=\"wp-block-button has-custom-width wp-block-button__width-50 is-style-outline is-style-outline--6\"><a class=\"wp-block-button__link wp-element-button\" href=\"https:\/\/alice.ch\/fr\/services\/projets-de-bons-de-la-fsea\/temptraining\/\">Temptraining<\/a><\/div>\n<\/div>\n\n\n\n<h2 class=\"wp-block-heading\">Contact<\/h2>\n\n\n\n<div class=\"wp-block-columns is-layout-flex wp-container-core-columns-is-layout-28f84493 wp-block-columns-is-layout-flex\">\n<div class=\"wp-block-column is-layout-flow wp-block-column-is-layout-flow\" style=\"flex-basis:50%\"><div class=\"contact-persons\">\n\n\t\t\t\t\t<div class=\"contact-person\">\n\t\t\t\t\tBirte Theiler<br \/>\t\t\t\t\tResponsable du domaine ch\u00e8ques de formation<br \/>\t\t\t\t\t<br \/>\n\t\t\t\t\t\t\t\t\t\t<a href=\"tel:+41 (0)44 319 71 57\">+41 (0)44 319 71 57<\/a><br \/>\t\t\t\t\t<a href=\"mailto:birte.theiler@alice.ch\">birte.theiler@alice.ch<\/a><br \/>\t\t\t\t\t<\/div>\n\t\t\t\t\t<\/div>\n<\/div>\n\n\n\n<div class=\"wp-block-column is-layout-flow wp-block-column-is-layout-flow\" style=\"flex-basis:50%\"><\/div>\n<\/div>\n<\/div>\n\n\n\n<p><\/p>\n","protected":false},"excerpt":{"rendered":"<p>Les bons de formation comme instrument de promotion Les bons de formation jouent un r\u00f4le toujours plus important dans le [&hellip;]<\/p>\n","protected":false},"author":2,"featured_media":20799,"parent":11312,"menu_order":158,"comment_status":"closed","ping_status":"closed","template":"","meta":{"_acf_changed":false,"inline_featured_image":false,"footnotes":""},"class_list":["post-11370","page","type-page","status-publish","has-post-thumbnail","hentry"],"acf":[],"yoast_head":"<!-- This site is optimized with the Yoast SEO plugin v27.3 - https:\/\/yoast.com\/product\/yoast-seo-wordpress\/ -->\n<title>R\u00e9trospective des projets de bons suisses - FSEA<\/title>\n<meta name=\"description\" content=\"Bons de formation en tant qu&#039;instrument de f\u00e9d\u00e9ration, exemples de projets \u00e9tablis, promotion des comp\u00e9tences de base, partenaires.\" \/>\n<meta name=\"robots\" content=\"index, follow, max-snippet:-1, max-image-preview:large, max-video-preview:-1\" \/>\n<link rel=\"canonical\" href=\"https:\/\/alice.ch\/fr\/services\/projets-de-cheques-de-la-fsea\/retrospective-des-projets-de-bons-suisses\/\" \/>\n<meta property=\"og:locale\" content=\"fr_FR\" \/>\n<meta property=\"og:type\" content=\"article\" \/>\n<meta property=\"og:title\" content=\"R\u00e9trospective des projets de bons suisses - FSEA\" \/>\n<meta property=\"og:description\" content=\"Bons de formation en tant qu&#039;instrument de f\u00e9d\u00e9ration, exemples de projets \u00e9tablis, promotion des comp\u00e9tences de base, partenaires.\" \/>\n<meta property=\"og:url\" content=\"https:\/\/alice.ch\/fr\/services\/projets-de-cheques-de-la-fsea\/retrospective-des-projets-de-bons-suisses\/\" \/>\n<meta property=\"og:site_name\" content=\"SVEB\" \/>\n<meta property=\"article:modified_time\" content=\"2023-12-12T16:39:01+00:00\" \/>\n<meta name=\"twitter:card\" content=\"summary_large_image\" \/>\n<meta name=\"twitter:label1\" content=\"Dur\u00e9e de lecture estim\u00e9e\" \/>\n\t<meta name=\"twitter:data1\" content=\"2 minutes\" \/>\n<script type=\"application\/ld+json\" class=\"yoast-schema-graph\">{\"@context\":\"https:\\\/\\\/schema.org\",\"@graph\":[{\"@type\":\"WebPage\",\"@id\":\"https:\\\/\\\/alice.ch\\\/fr\\\/services\\\/projets-de-cheques-de-la-fsea\\\/retrospective-des-projets-de-bons-suisses\\\/\",\"url\":\"https:\\\/\\\/alice.ch\\\/fr\\\/services\\\/projets-de-cheques-de-la-fsea\\\/retrospective-des-projets-de-bons-suisses\\\/\",\"name\":\"R\u00e9trospective des projets de bons suisses - FSEA\",\"isPartOf\":{\"@id\":\"https:\\\/\\\/alice.ch\\\/fr\\\/#website\"},\"primaryImageOfPage\":{\"@id\":\"https:\\\/\\\/alice.ch\\\/fr\\\/services\\\/projets-de-cheques-de-la-fsea\\\/retrospective-des-projets-de-bons-suisses\\\/#primaryimage\"},\"image\":{\"@id\":\"https:\\\/\\\/alice.ch\\\/fr\\\/services\\\/projets-de-cheques-de-la-fsea\\\/retrospective-des-projets-de-bons-suisses\\\/#primaryimage\"},\"thumbnailUrl\":\"https:\\\/\\\/alice.ch\\\/app\\\/uploads\\\/2022\\\/11\\\/default.jpg\",\"datePublished\":\"2022-08-16T14:57:54+00:00\",\"dateModified\":\"2023-12-12T16:39:01+00:00\",\"description\":\"Bons de formation en tant qu'instrument de f\u00e9d\u00e9ration, exemples de projets \u00e9tablis, promotion des comp\u00e9tences de base, partenaires.\",\"breadcrumb\":{\"@id\":\"https:\\\/\\\/alice.ch\\\/fr\\\/services\\\/projets-de-cheques-de-la-fsea\\\/retrospective-des-projets-de-bons-suisses\\\/#breadcrumb\"},\"inLanguage\":\"fr-FR\",\"potentialAction\":[{\"@type\":\"ReadAction\",\"target\":[\"https:\\\/\\\/alice.ch\\\/fr\\\/services\\\/projets-de-cheques-de-la-fsea\\\/retrospective-des-projets-de-bons-suisses\\\/\"]}]},{\"@type\":\"ImageObject\",\"inLanguage\":\"fr-FR\",\"@id\":\"https:\\\/\\\/alice.ch\\\/fr\\\/services\\\/projets-de-cheques-de-la-fsea\\\/retrospective-des-projets-de-bons-suisses\\\/#primaryimage\",\"url\":\"https:\\\/\\\/alice.ch\\\/app\\\/uploads\\\/2022\\\/11\\\/default.jpg\",\"contentUrl\":\"https:\\\/\\\/alice.ch\\\/app\\\/uploads\\\/2022\\\/11\\\/default.jpg\",\"width\":1600,\"height\":900},{\"@type\":\"BreadcrumbList\",\"@id\":\"https:\\\/\\\/alice.ch\\\/fr\\\/services\\\/projets-de-cheques-de-la-fsea\\\/retrospective-des-projets-de-bons-suisses\\\/#breadcrumb\",\"itemListElement\":[{\"@type\":\"ListItem\",\"position\":1,\"name\":\"Page d'accueil\",\"item\":\"https:\\\/\\\/alice.ch\\\/fr\\\/\"},{\"@type\":\"ListItem\",\"position\":2,\"name\":\"Services\",\"item\":\"https:\\\/\\\/alice.ch\\\/fr\\\/services\\\/\"},{\"@type\":\"ListItem\",\"position\":3,\"name\":\"Projets de ch\u00e8ques de la FSEA\",\"item\":\"https:\\\/\\\/alice.ch\\\/fr\\\/services\\\/projets-de-cheques-de-la-fsea\\\/\"},{\"@type\":\"ListItem\",\"position\":4,\"name\":\"R\u00e9trospective des projets de bons suisses\"}]},{\"@type\":\"WebSite\",\"@id\":\"https:\\\/\\\/alice.ch\\\/fr\\\/#website\",\"url\":\"https:\\\/\\\/alice.ch\\\/fr\\\/\",\"name\":\"alice.ch (Adult Learning Information Center) ist das Portal der Weiterbildung in der Schweiz.\",\"description\":\"Schweizerischer Verband f\u00fcr Weiterbildung\",\"publisher\":{\"@id\":\"https:\\\/\\\/alice.ch\\\/fr\\\/#organization\"},\"potentialAction\":[{\"@type\":\"SearchAction\",\"target\":{\"@type\":\"EntryPoint\",\"urlTemplate\":\"https:\\\/\\\/alice.ch\\\/fr\\\/?s={search_term_string}\"},\"query-input\":{\"@type\":\"PropertyValueSpecification\",\"valueRequired\":true,\"valueName\":\"search_term_string\"}}],\"inLanguage\":\"fr-FR\"},{\"@type\":\"Organization\",\"@id\":\"https:\\\/\\\/alice.ch\\\/fr\\\/#organization\",\"name\":\"FSEA F\u00e9d\u00e9ration suisse pour la formation continue\",\"url\":\"https:\\\/\\\/alice.ch\\\/fr\\\/\",\"logo\":{\"@type\":\"ImageObject\",\"inLanguage\":\"fr-FR\",\"@id\":\"https:\\\/\\\/alice.ch\\\/fr\\\/#\\\/schema\\\/logo\\\/image\\\/\",\"url\":\"https:\\\/\\\/alice.ch\\\/app\\\/uploads\\\/2022\\\/07\\\/logo-sveb.png\",\"contentUrl\":\"https:\\\/\\\/alice.ch\\\/app\\\/uploads\\\/2022\\\/07\\\/logo-sveb.png\",\"width\":145,\"height\":64,\"caption\":\"FSEA F\u00e9d\u00e9ration suisse pour la formation continue\"},\"image\":{\"@id\":\"https:\\\/\\\/alice.ch\\\/fr\\\/#\\\/schema\\\/logo\\\/image\\\/\"},\"sameAs\":[\"https:\\\/\\\/www.linkedin.com\\\/company\\\/schweizerischer-verband-fr-weiterbildung-sveb\\\/\"]}]}<\/script>\n<!-- \/ Yoast SEO plugin. -->","yoast_head_json":{"title":"R\u00e9trospective des projets de bons suisses - FSEA","description":"Bons de formation en tant qu'instrument de f\u00e9d\u00e9ration, exemples de projets \u00e9tablis, promotion des comp\u00e9tences de base, partenaires.","robots":{"index":"index","follow":"follow","max-snippet":"max-snippet:-1","max-image-preview":"max-image-preview:large","max-video-preview":"max-video-preview:-1"},"canonical":"https:\/\/alice.ch\/fr\/services\/projets-de-cheques-de-la-fsea\/retrospective-des-projets-de-bons-suisses\/","og_locale":"fr_FR","og_type":"article","og_title":"R\u00e9trospective des projets de bons suisses - FSEA","og_description":"Bons de formation en tant qu'instrument de f\u00e9d\u00e9ration, exemples de projets \u00e9tablis, promotion des comp\u00e9tences de base, partenaires.","og_url":"https:\/\/alice.ch\/fr\/services\/projets-de-cheques-de-la-fsea\/retrospective-des-projets-de-bons-suisses\/","og_site_name":"SVEB","article_modified_time":"2023-12-12T16:39:01+00:00","twitter_card":"summary_large_image","twitter_misc":{"Dur\u00e9e de lecture estim\u00e9e":"2 minutes"},"schema":{"@context":"https:\/\/schema.org","@graph":[{"@type":"WebPage","@id":"https:\/\/alice.ch\/fr\/services\/projets-de-cheques-de-la-fsea\/retrospective-des-projets-de-bons-suisses\/","url":"https:\/\/alice.ch\/fr\/services\/projets-de-cheques-de-la-fsea\/retrospective-des-projets-de-bons-suisses\/","name":"R\u00e9trospective des projets de bons suisses - FSEA","isPartOf":{"@id":"https:\/\/alice.ch\/fr\/#website"},"primaryImageOfPage":{"@id":"https:\/\/alice.ch\/fr\/services\/projets-de-cheques-de-la-fsea\/retrospective-des-projets-de-bons-suisses\/#primaryimage"},"image":{"@id":"https:\/\/alice.ch\/fr\/services\/projets-de-cheques-de-la-fsea\/retrospective-des-projets-de-bons-suisses\/#primaryimage"},"thumbnailUrl":"https:\/\/alice.ch\/app\/uploads\/2022\/11\/default.jpg","datePublished":"2022-08-16T14:57:54+00:00","dateModified":"2023-12-12T16:39:01+00:00","description":"Bons de formation en tant qu'instrument de f\u00e9d\u00e9ration, exemples de projets \u00e9tablis, promotion des comp\u00e9tences de base, partenaires.","breadcrumb":{"@id":"https:\/\/alice.ch\/fr\/services\/projets-de-cheques-de-la-fsea\/retrospective-des-projets-de-bons-suisses\/#breadcrumb"},"inLanguage":"fr-FR","potentialAction":[{"@type":"ReadAction","target":["https:\/\/alice.ch\/fr\/services\/projets-de-cheques-de-la-fsea\/retrospective-des-projets-de-bons-suisses\/"]}]},{"@type":"ImageObject","inLanguage":"fr-FR","@id":"https:\/\/alice.ch\/fr\/services\/projets-de-cheques-de-la-fsea\/retrospective-des-projets-de-bons-suisses\/#primaryimage","url":"https:\/\/alice.ch\/app\/uploads\/2022\/11\/default.jpg","contentUrl":"https:\/\/alice.ch\/app\/uploads\/2022\/11\/default.jpg","width":1600,"height":900},{"@type":"BreadcrumbList","@id":"https:\/\/alice.ch\/fr\/services\/projets-de-cheques-de-la-fsea\/retrospective-des-projets-de-bons-suisses\/#breadcrumb","itemListElement":[{"@type":"ListItem","position":1,"name":"Page d'accueil","item":"https:\/\/alice.ch\/fr\/"},{"@type":"ListItem","position":2,"name":"Services","item":"https:\/\/alice.ch\/fr\/services\/"},{"@type":"ListItem","position":3,"name":"Projets de ch\u00e8ques de la FSEA","item":"https:\/\/alice.ch\/fr\/services\/projets-de-cheques-de-la-fsea\/"},{"@type":"ListItem","position":4,"name":"R\u00e9trospective des projets de bons suisses"}]},{"@type":"WebSite","@id":"https:\/\/alice.ch\/fr\/#website","url":"https:\/\/alice.ch\/fr\/","name":"alice.ch (Adult Learning Information Center) ist das Portal der Weiterbildung in der Schweiz.","description":"Schweizerischer Verband f\u00fcr Weiterbildung","publisher":{"@id":"https:\/\/alice.ch\/fr\/#organization"},"potentialAction":[{"@type":"SearchAction","target":{"@type":"EntryPoint","urlTemplate":"https:\/\/alice.ch\/fr\/?s={search_term_string}"},"query-input":{"@type":"PropertyValueSpecification","valueRequired":true,"valueName":"search_term_string"}}],"inLanguage":"fr-FR"},{"@type":"Organization","@id":"https:\/\/alice.ch\/fr\/#organization","name":"FSEA F\u00e9d\u00e9ration suisse pour la formation continue","url":"https:\/\/alice.ch\/fr\/","logo":{"@type":"ImageObject","inLanguage":"fr-FR","@id":"https:\/\/alice.ch\/fr\/#\/schema\/logo\/image\/","url":"https:\/\/alice.ch\/app\/uploads\/2022\/07\/logo-sveb.png","contentUrl":"https:\/\/alice.ch\/app\/uploads\/2022\/07\/logo-sveb.png","width":145,"height":64,"caption":"FSEA F\u00e9d\u00e9ration suisse pour la formation continue"},"image":{"@id":"https:\/\/alice.ch\/fr\/#\/schema\/logo\/image\/"},"sameAs":["https:\/\/www.linkedin.com\/company\/schweizerischer-verband-fr-weiterbildung-sveb\/"]}]}},"_links":{"self":[{"href":"https:\/\/alice.ch\/fr\/wp-json\/wp\/v2\/pages\/11370","targetHints":{"allow":["GET"]}}],"collection":[{"href":"https:\/\/alice.ch\/fr\/wp-json\/wp\/v2\/pages"}],"about":[{"href":"https:\/\/alice.ch\/fr\/wp-json\/wp\/v2\/types\/page"}],"author":[{"embeddable":true,"href":"https:\/\/alice.ch\/fr\/wp-json\/wp\/v2\/users\/2"}],"replies":[{"embeddable":true,"href":"https:\/\/alice.ch\/fr\/wp-json\/wp\/v2\/comments?post=11370"}],"version-history":[{"count":18,"href":"https:\/\/alice.ch\/fr\/wp-json\/wp\/v2\/pages\/11370\/revisions"}],"predecessor-version":[{"id":56845,"href":"https:\/\/alice.ch\/fr\/wp-json\/wp\/v2\/pages\/11370\/revisions\/56845"}],"up":[{"embeddable":true,"href":"https:\/\/alice.ch\/fr\/wp-json\/wp\/v2\/pages\/11312"}],"wp:featuredmedia":[{"embeddable":true,"href":"https:\/\/alice.ch\/fr\/wp-json\/wp\/v2\/media\/20799"}],"wp:attachment":[{"href":"https:\/\/alice.ch\/fr\/wp-json\/wp\/v2\/media?parent=11370"}],"curies":[{"name":"wp","href":"https:\/\/api.w.org\/{rel}","templated":true}]}}