{"id":11374,"date":"2022-10-12T12:51:59","date_gmt":"2022-10-12T10:51:59","guid":{"rendered":"https:\/\/projects.atxeit.ch\/sveb\/stellenmarkt\/stelleninserat-ausschreiben\/"},"modified":"2025-02-12T10:20:56","modified_gmt":"2025-02-12T09:20:56","slug":"saisir-les-offres-demploi","status":"publish","type":"page","link":"https:\/\/alice.ch\/fr\/services\/jobs\/saisir-les-offres-demploi\/","title":{"rendered":"Publier une offre d\u2019emploi"},"content":{"rendered":"\n<div class=\"wp-block-group is-style-reduced-width is-layout-flow wp-block-group-is-layout-flow\">\n<h1 class=\"wp-block-heading\">\u00c0 la recherche de professionnels de l\u2019\u00e9ducation ou de la formation continue&nbsp;?<\/h1>\n\n\n\n<p>Grace \u00e0 la collaboration avec l\u2019entreprise Guidle SA, vous \u00eates d\u00e9sormais en mesure de saisir vos offres d\u2019emploi vous-m\u00eame. Guidle Publie des offres num\u00e9riques dans toute la Suisse. Une fois que votre offre est saisie, nous la v\u00e9rifions et la mettons en ligne. Nous vous proposons cette prestation au prix de 140 CHF (agences de placement : 300 CHF). Les\u00a0<a href=\"https:\/\/alice.ch\/fr\/fsea-fr\/membres\/\">membres<\/a>\u00a0b\u00e9n\u00e9ficient d\u2019une r\u00e9duction de 20%.<br><br>D\u2019autres offres d\u2019emploi dans le domaine de la formation continue sont publi\u00e9es sur notre plateforme par\u00a0<a href=\"https:\/\/www.jobs.ch\/fr\/\" target=\"_blank\" rel=\"noreferrer noopener\">jobs.ch<\/a>. Nous sommes ainsi en mesure d\u2019offrir l\u2019aper\u00e7u le plus complet des postes \u00e0 pourvoir dans le secteur de la formation continue.<\/p>\n\n\n\n<h2 class=\"wp-block-heading\">Publier une offre d&#8217;emploi<\/h2>\n\n\n\n<script src=\"\/\/ajax.googleapis.com\/ajax\/libs\/jquery\/2.1.3\/jquery.min.js\"><\/script>\n        <script type=\"text\/javascript\" src=\"https:\/\/www.guidle.com\/js\/jquery.ba-postmessage.min.js\"><\/script>\n        <script type=\"text\/javascript\" src=\"https:\/\/www.guidle.com\/js\/jquery.iframe-postmessage2.js\"><\/script>\n\n        <iframe name=\"guidle_iframe\" src=\" https:\/\/www.guidle.com\/fastTrackOffer.jsf?id=343535223&amp;template=7&amp;customWidth=650&amp;changeLocale=fr&amp;host=www.alice.ch&amp;skipBrowserChecking=true&amp;parent_url=https%3A%2F%2Falice.ch%2Fde%2Fdienstleistungen%2Fstellenmarkt%2Fstelle-ausschreiben%2F\" allowtransparency=\"yes\" frameborder=\"0\" scrolling=\"no\" style=\"width:1px;min-width:100%\" height=\"1450\" id=\"guidle_iframe\"><\/iframe>\n\n\n\n<h2 class=\"wp-block-heading\">Informations suppl\u00e9mentaires<\/h2>\n\n\n\n<div class=\"wp-block-buttons is-layout-flex wp-block-buttons-is-layout-flex\">\n<div class=\"wp-block-button has-custom-width wp-block-button__width-50 is-style-outline is-style-outline--1\"><a class=\"wp-block-button__link wp-element-button\" href=\"https:\/\/alice.ch\/fr\/services\/jobs\/\">Bourse aux emplois<\/a><\/div>\n<\/div>\n\n\n\n<h2 class=\"wp-block-heading\">Contact<\/h2>\n\n\n\n<div class=\"wp-block-columns is-layout-flex wp-container-core-columns-is-layout-28f84493 wp-block-columns-is-layout-flex\">\n<div class=\"wp-block-column is-layout-flow wp-block-column-is-layout-flow\" style=\"flex-basis:50%\"><div class=\"contact-persons\">\n\n\t\t\t\t\t<div class=\"contact-person\">\n\t\t\t\t\tDaniel Meister<br \/>\t\t\t\t\tCollaborateur marketing et \u00e9v\u00e9nements<br \/>\t\t\t\t\t<br \/>\n\t\t\t\t\t\t\t\t\t\t<a href=\"tel:+41 (0)44 319 71 77\">+41 (0)44 319 71 77<\/a><br \/>\t\t\t\t\t<a href=\"mailto:daniel.meister@alice.ch\">daniel.meister@alice.ch<\/a><br \/>\t\t\t\t\t<\/div>\n\t\t\t\t\t<\/div>\n<\/div>\n\n\n\n<div class=\"wp-block-column is-layout-flow wp-block-column-is-layout-flow\" style=\"flex-basis:50%\"><\/div>\n<\/div>\n<\/div>\n","protected":false},"excerpt":{"rendered":"<p>\u00c0 la recherche de professionnels de l\u2019\u00e9ducation ou de la formation continue&nbsp;? Grace \u00e0 la collaboration avec l\u2019entreprise Guidle SA, [&hellip;]<\/p>\n","protected":false},"author":4,"featured_media":20799,"parent":11372,"menu_order":355,"comment_status":"closed","ping_status":"closed","template":"","meta":{"_acf_changed":false,"inline_featured_image":false,"footnotes":""},"class_list":["post-11374","page","type-page","status-publish","has-post-thumbnail","hentry"],"acf":[],"yoast_head":"<!-- This site is optimized with the Yoast SEO plugin v27.3 - https:\/\/yoast.com\/product\/yoast-seo-wordpress\/ -->\n<title>Publier une offre d\u2019emploi - FSEA<\/title>\n<meta name=\"description\" content=\"Augmentez la visibilit\u00e9 de votre annonce d&#039;emploi et publiez votre offre d&#039;emploi sur le site web de la FSEA.\" \/>\n<meta name=\"robots\" content=\"index, follow, max-snippet:-1, max-image-preview:large, max-video-preview:-1\" \/>\n<link rel=\"canonical\" href=\"https:\/\/alice.ch\/fr\/services\/jobs\/saisir-les-offres-demploi\/\" \/>\n<meta property=\"og:locale\" content=\"fr_FR\" \/>\n<meta property=\"og:type\" content=\"article\" \/>\n<meta property=\"og:title\" content=\"Publier une offre d\u2019emploi - FSEA\" \/>\n<meta property=\"og:description\" content=\"Augmentez la visibilit\u00e9 de votre annonce d&#039;emploi et publiez votre offre d&#039;emploi sur le site web de la FSEA.\" \/>\n<meta property=\"og:url\" content=\"https:\/\/alice.ch\/fr\/services\/jobs\/saisir-les-offres-demploi\/\" \/>\n<meta property=\"og:site_name\" content=\"SVEB\" \/>\n<meta property=\"article:modified_time\" content=\"2025-02-12T09:20:56+00:00\" \/>\n<meta name=\"twitter:card\" content=\"summary_large_image\" \/>\n<meta name=\"twitter:label1\" content=\"Dur\u00e9e de lecture estim\u00e9e\" \/>\n\t<meta name=\"twitter:data1\" content=\"1 minute\" \/>\n<script type=\"application\/ld+json\" class=\"yoast-schema-graph\">{\"@context\":\"https:\\\/\\\/schema.org\",\"@graph\":[{\"@type\":\"WebPage\",\"@id\":\"https:\\\/\\\/alice.ch\\\/fr\\\/services\\\/jobs\\\/saisir-les-offres-demploi\\\/\",\"url\":\"https:\\\/\\\/alice.ch\\\/fr\\\/services\\\/jobs\\\/saisir-les-offres-demploi\\\/\",\"name\":\"Publier une offre d\u2019emploi - FSEA\",\"isPartOf\":{\"@id\":\"https:\\\/\\\/alice.ch\\\/fr\\\/#website\"},\"primaryImageOfPage\":{\"@id\":\"https:\\\/\\\/alice.ch\\\/fr\\\/services\\\/jobs\\\/saisir-les-offres-demploi\\\/#primaryimage\"},\"image\":{\"@id\":\"https:\\\/\\\/alice.ch\\\/fr\\\/services\\\/jobs\\\/saisir-les-offres-demploi\\\/#primaryimage\"},\"thumbnailUrl\":\"https:\\\/\\\/alice.ch\\\/app\\\/uploads\\\/2022\\\/11\\\/default.jpg\",\"datePublished\":\"2022-10-12T10:51:59+00:00\",\"dateModified\":\"2025-02-12T09:20:56+00:00\",\"description\":\"Augmentez la visibilit\u00e9 de votre annonce d'emploi et publiez votre offre d'emploi sur le site web de la FSEA.\",\"breadcrumb\":{\"@id\":\"https:\\\/\\\/alice.ch\\\/fr\\\/services\\\/jobs\\\/saisir-les-offres-demploi\\\/#breadcrumb\"},\"inLanguage\":\"fr-FR\",\"potentialAction\":[{\"@type\":\"ReadAction\",\"target\":[\"https:\\\/\\\/alice.ch\\\/fr\\\/services\\\/jobs\\\/saisir-les-offres-demploi\\\/\"]}]},{\"@type\":\"ImageObject\",\"inLanguage\":\"fr-FR\",\"@id\":\"https:\\\/\\\/alice.ch\\\/fr\\\/services\\\/jobs\\\/saisir-les-offres-demploi\\\/#primaryimage\",\"url\":\"https:\\\/\\\/alice.ch\\\/app\\\/uploads\\\/2022\\\/11\\\/default.jpg\",\"contentUrl\":\"https:\\\/\\\/alice.ch\\\/app\\\/uploads\\\/2022\\\/11\\\/default.jpg\",\"width\":1600,\"height\":900},{\"@type\":\"BreadcrumbList\",\"@id\":\"https:\\\/\\\/alice.ch\\\/fr\\\/services\\\/jobs\\\/saisir-les-offres-demploi\\\/#breadcrumb\",\"itemListElement\":[{\"@type\":\"ListItem\",\"position\":1,\"name\":\"Page d'accueil\",\"item\":\"https:\\\/\\\/alice.ch\\\/fr\\\/\"},{\"@type\":\"ListItem\",\"position\":2,\"name\":\"Services\",\"item\":\"https:\\\/\\\/alice.ch\\\/fr\\\/services\\\/\"},{\"@type\":\"ListItem\",\"position\":3,\"name\":\"Jobs\",\"item\":\"https:\\\/\\\/alice.ch\\\/fr\\\/services\\\/jobs\\\/\"},{\"@type\":\"ListItem\",\"position\":4,\"name\":\"Publier une offre d\u2019emploi\"}]},{\"@type\":\"WebSite\",\"@id\":\"https:\\\/\\\/alice.ch\\\/fr\\\/#website\",\"url\":\"https:\\\/\\\/alice.ch\\\/fr\\\/\",\"name\":\"alice.ch (Adult Learning Information Center) ist das Portal der Weiterbildung in der Schweiz.\",\"description\":\"Schweizerischer Verband f\u00fcr Weiterbildung\",\"publisher\":{\"@id\":\"https:\\\/\\\/alice.ch\\\/fr\\\/#organization\"},\"potentialAction\":[{\"@type\":\"SearchAction\",\"target\":{\"@type\":\"EntryPoint\",\"urlTemplate\":\"https:\\\/\\\/alice.ch\\\/fr\\\/?s={search_term_string}\"},\"query-input\":{\"@type\":\"PropertyValueSpecification\",\"valueRequired\":true,\"valueName\":\"search_term_string\"}}],\"inLanguage\":\"fr-FR\"},{\"@type\":\"Organization\",\"@id\":\"https:\\\/\\\/alice.ch\\\/fr\\\/#organization\",\"name\":\"FSEA F\u00e9d\u00e9ration suisse pour la formation continue\",\"url\":\"https:\\\/\\\/alice.ch\\\/fr\\\/\",\"logo\":{\"@type\":\"ImageObject\",\"inLanguage\":\"fr-FR\",\"@id\":\"https:\\\/\\\/alice.ch\\\/fr\\\/#\\\/schema\\\/logo\\\/image\\\/\",\"url\":\"https:\\\/\\\/alice.ch\\\/app\\\/uploads\\\/2022\\\/07\\\/logo-sveb.png\",\"contentUrl\":\"https:\\\/\\\/alice.ch\\\/app\\\/uploads\\\/2022\\\/07\\\/logo-sveb.png\",\"width\":145,\"height\":64,\"caption\":\"FSEA F\u00e9d\u00e9ration suisse pour la formation continue\"},\"image\":{\"@id\":\"https:\\\/\\\/alice.ch\\\/fr\\\/#\\\/schema\\\/logo\\\/image\\\/\"},\"sameAs\":[\"https:\\\/\\\/www.linkedin.com\\\/company\\\/schweizerischer-verband-fr-weiterbildung-sveb\\\/\"]}]}<\/script>\n<!-- \/ Yoast SEO plugin. -->","yoast_head_json":{"title":"Publier une offre d\u2019emploi - FSEA","description":"Augmentez la visibilit\u00e9 de votre annonce d'emploi et publiez votre offre d'emploi sur le site web de la FSEA.","robots":{"index":"index","follow":"follow","max-snippet":"max-snippet:-1","max-image-preview":"max-image-preview:large","max-video-preview":"max-video-preview:-1"},"canonical":"https:\/\/alice.ch\/fr\/services\/jobs\/saisir-les-offres-demploi\/","og_locale":"fr_FR","og_type":"article","og_title":"Publier une offre d\u2019emploi - FSEA","og_description":"Augmentez la visibilit\u00e9 de votre annonce d'emploi et publiez votre offre d'emploi sur le site web de la FSEA.","og_url":"https:\/\/alice.ch\/fr\/services\/jobs\/saisir-les-offres-demploi\/","og_site_name":"SVEB","article_modified_time":"2025-02-12T09:20:56+00:00","twitter_card":"summary_large_image","twitter_misc":{"Dur\u00e9e de lecture estim\u00e9e":"1 minute"},"schema":{"@context":"https:\/\/schema.org","@graph":[{"@type":"WebPage","@id":"https:\/\/alice.ch\/fr\/services\/jobs\/saisir-les-offres-demploi\/","url":"https:\/\/alice.ch\/fr\/services\/jobs\/saisir-les-offres-demploi\/","name":"Publier une offre d\u2019emploi - FSEA","isPartOf":{"@id":"https:\/\/alice.ch\/fr\/#website"},"primaryImageOfPage":{"@id":"https:\/\/alice.ch\/fr\/services\/jobs\/saisir-les-offres-demploi\/#primaryimage"},"image":{"@id":"https:\/\/alice.ch\/fr\/services\/jobs\/saisir-les-offres-demploi\/#primaryimage"},"thumbnailUrl":"https:\/\/alice.ch\/app\/uploads\/2022\/11\/default.jpg","datePublished":"2022-10-12T10:51:59+00:00","dateModified":"2025-02-12T09:20:56+00:00","description":"Augmentez la visibilit\u00e9 de votre annonce d'emploi et publiez votre offre d'emploi sur le site web de la FSEA.","breadcrumb":{"@id":"https:\/\/alice.ch\/fr\/services\/jobs\/saisir-les-offres-demploi\/#breadcrumb"},"inLanguage":"fr-FR","potentialAction":[{"@type":"ReadAction","target":["https:\/\/alice.ch\/fr\/services\/jobs\/saisir-les-offres-demploi\/"]}]},{"@type":"ImageObject","inLanguage":"fr-FR","@id":"https:\/\/alice.ch\/fr\/services\/jobs\/saisir-les-offres-demploi\/#primaryimage","url":"https:\/\/alice.ch\/app\/uploads\/2022\/11\/default.jpg","contentUrl":"https:\/\/alice.ch\/app\/uploads\/2022\/11\/default.jpg","width":1600,"height":900},{"@type":"BreadcrumbList","@id":"https:\/\/alice.ch\/fr\/services\/jobs\/saisir-les-offres-demploi\/#breadcrumb","itemListElement":[{"@type":"ListItem","position":1,"name":"Page d'accueil","item":"https:\/\/alice.ch\/fr\/"},{"@type":"ListItem","position":2,"name":"Services","item":"https:\/\/alice.ch\/fr\/services\/"},{"@type":"ListItem","position":3,"name":"Jobs","item":"https:\/\/alice.ch\/fr\/services\/jobs\/"},{"@type":"ListItem","position":4,"name":"Publier une offre d\u2019emploi"}]},{"@type":"WebSite","@id":"https:\/\/alice.ch\/fr\/#website","url":"https:\/\/alice.ch\/fr\/","name":"alice.ch (Adult Learning Information Center) ist das Portal der Weiterbildung in der Schweiz.","description":"Schweizerischer Verband f\u00fcr Weiterbildung","publisher":{"@id":"https:\/\/alice.ch\/fr\/#organization"},"potentialAction":[{"@type":"SearchAction","target":{"@type":"EntryPoint","urlTemplate":"https:\/\/alice.ch\/fr\/?s={search_term_string}"},"query-input":{"@type":"PropertyValueSpecification","valueRequired":true,"valueName":"search_term_string"}}],"inLanguage":"fr-FR"},{"@type":"Organization","@id":"https:\/\/alice.ch\/fr\/#organization","name":"FSEA F\u00e9d\u00e9ration suisse pour la formation continue","url":"https:\/\/alice.ch\/fr\/","logo":{"@type":"ImageObject","inLanguage":"fr-FR","@id":"https:\/\/alice.ch\/fr\/#\/schema\/logo\/image\/","url":"https:\/\/alice.ch\/app\/uploads\/2022\/07\/logo-sveb.png","contentUrl":"https:\/\/alice.ch\/app\/uploads\/2022\/07\/logo-sveb.png","width":145,"height":64,"caption":"FSEA F\u00e9d\u00e9ration suisse pour la formation continue"},"image":{"@id":"https:\/\/alice.ch\/fr\/#\/schema\/logo\/image\/"},"sameAs":["https:\/\/www.linkedin.com\/company\/schweizerischer-verband-fr-weiterbildung-sveb\/"]}]}},"_links":{"self":[{"href":"https:\/\/alice.ch\/fr\/wp-json\/wp\/v2\/pages\/11374","targetHints":{"allow":["GET"]}}],"collection":[{"href":"https:\/\/alice.ch\/fr\/wp-json\/wp\/v2\/pages"}],"about":[{"href":"https:\/\/alice.ch\/fr\/wp-json\/wp\/v2\/types\/page"}],"author":[{"embeddable":true,"href":"https:\/\/alice.ch\/fr\/wp-json\/wp\/v2\/users\/4"}],"replies":[{"embeddable":true,"href":"https:\/\/alice.ch\/fr\/wp-json\/wp\/v2\/comments?post=11374"}],"version-history":[{"count":14,"href":"https:\/\/alice.ch\/fr\/wp-json\/wp\/v2\/pages\/11374\/revisions"}],"predecessor-version":[{"id":66080,"href":"https:\/\/alice.ch\/fr\/wp-json\/wp\/v2\/pages\/11374\/revisions\/66080"}],"up":[{"embeddable":true,"href":"https:\/\/alice.ch\/fr\/wp-json\/wp\/v2\/pages\/11372"}],"wp:featuredmedia":[{"embeddable":true,"href":"https:\/\/alice.ch\/fr\/wp-json\/wp\/v2\/media\/20799"}],"wp:attachment":[{"href":"https:\/\/alice.ch\/fr\/wp-json\/wp\/v2\/media?parent=11374"}],"curies":[{"name":"wp","href":"https:\/\/api.w.org\/{rel}","templated":true}]}}